{"id":284482,"date":"2022-10-04T18:12:50","date_gmt":"2022-10-04T16:12:50","guid":{"rendered":"https:\/\/miomiorun.com\/prodotto\/ikoni-2-0-donna\/"},"modified":"2025-09-17T10:02:01","modified_gmt":"2025-09-17T08:02:01","slug":"ikoni-2-0-femme","status":"publish","type":"product","link":"https:\/\/www.miomiorun.com\/fr\/produit\/ikoni-2-0-femme\/","title":{"rendered":"Ikoni 2.0 femme"},"content":{"rendered":"<div class=\"vc-row container\"><div class=\"vc-column\"><div class=\"vc-column-text\"><\/p>\n<h4>Caract\u00e9ristiques techniques<\/h4>\n<p>Cat\u00e9gorie : amorti moyen<br \/>\nD\u00e9calage : 8 mm<br \/>\nPoids : 252 g<br \/>\nId\u00e9al pour : les coureurs \u00e0 la recherche d&#8217;une chaussure offrant un bon amorti et une transition fluide, pour les courses de moyenne distance.<br \/>\nPoids de l&#8217;athl\u00e8te : 65-75 kg<br \/>\nAllure de course : moyenne \u00e0 rapide (4,30-5,30 min\/km)<br \/>\n<a href=\"https:\/\/miomiorun.com\/fr\/guide-des-specificites\/\">Guide des sp\u00e9cifications techniques<\/a><\/p>\n<p><\/div><\/div><div class=\"vc-column\"><div class=\"vc-column-text\">La Karhu <strong>IKONI<\/strong> pour femme est une chaussure de course polyvalente avec un amorti \u00e9lev\u00e9 pour les hyperpronateurs neutres ou d\u00e9butants ou interm\u00e9diaires. Enti\u00e8rement repens\u00e9e, la IKONI est plus l\u00e9g\u00e8re, plus amortie et offre une sensation plus souple que son pr\u00e9d\u00e9cesseur. L&#8217;<strong>ADN<\/strong> bas\u00e9 sur les donn\u00e9es de la <strong>IKONI<\/strong> vous offre une foul\u00e9e \u00e9quilibr\u00e9e et l\u00e9g\u00e8re avec une transition fluide et guid\u00e9e. Chez Karhu, nous savons que chaque coureur a des pieds uniques, et c&#8217;est pr\u00e9cis\u00e9ment cette constatation qui a conduit \u00e0 la cr\u00e9ation de la nouvelle IKONI. L&#8217;IKONI est con\u00e7u \u00e0 partir d&#8217;une base de donn\u00e9es en constante \u00e9volution qui compte plus de 2 millions de scans 3D des pieds de coureurs. La Karhu IKONI est litt\u00e9ralement cr\u00e9\u00e9e par les coureurs, pour les coureurs.<\/p>\n<p><strong>Caract\u00e9ristiques :<\/strong><\/p>\n<ul>\n<li>Syst\u00e8me de la\u00e7age anatomique pour un meilleur confort<\/li>\n<li>Pivot mi-longueur + unit\u00e9 de propulsion pour un renversement rapide<\/li>\n<li>Semelle interm\u00e9diaire AeroFoam hautement amortissante &#8211; Construction en maille id\u00e9ale pour la respirabilit\u00e9 et le soutien<\/li>\n<li>Tige con\u00e7ue sans coutures<\/li>\n<\/ul>\n<p>Utilise la <strong>technologie<\/strong> <strong>Fulcrum :<\/strong><\/p>\n<p><img loading=\"lazy\" decoding=\"async\" class=\"\" src=\"https:\/\/cdn.shopify.com\/s\/files\/1\/0519\/4570\/1549\/files\/fulcrum_800x.png?v=1612961012\" width=\"122\" height=\"54\"><\/p>\n<p>La technologie KARHU Fulcrum est con\u00e7ue pour maintenir toutes les forces vers l&#8217;avant, en r\u00e9duisant les forces de freinage et en utilisant l&#8217;\u00e9nergie naturelle de votre corps pour cr\u00e9er une conduite plus fluide. C&#8217;est ce que nous appelons l&#8217;effet de roulement. La technologie Fulcrum offre : un amorti \u00e9quilibr\u00e9, un meilleur soutien, plus d&#8217;\u00e9nergie. L&#8217;Ikoni dispose d&#8217;un pivot \u00e0 mi-longueur pour un avant-pied flexible.<\/div><\/div><\/div>\n","protected":false},"excerpt":{"rendered":"","protected":false},"featured_media":238184,"template":"","meta":{"_acf_changed":false,"inline_featured_image":false},"product_brand":[],"product_cat":[24435,24434],"product_tag":[23474,23495],"class_list":{"0":"post-284482","1":"product","2":"type-product","3":"status-publish","4":"has-post-thumbnail","6":"product_cat-chaussures-pour-femmes-fr","7":"product_cat-neutre-fr-2","8":"product_tag-karhu-fr","9":"product_tag-karhu-femme","10":"pa_attivita-fitness-fr","11":"pa_attivita-marcher","12":"pa_attivita-running-fr","13":"pa_colore-ikoni-2-0-w-chinogreen-misty-blue-fr","14":"pa_marca-karhu-fr","15":"pa_sesso-femme","16":"pa_size-37-5-fr","18":"first","19":"instock","20":"sale","21":"taxable","22":"shipping-taxable","23":"purchasable","24":"product-type-variable","25":"wvs-archive-product-wrapper"},"acf":[],"yoast_head":"<!-- This site is optimized with the Yoast SEO plugin v26.8 - https:\/\/yoast.com\/product\/yoast-seo-wordpress\/ -->\n<title>Karhu Ikoni 2.0 femme - chaussures de course pour femmes - MioMioRun<\/title>\n<meta name=\"description\" content=\"La Karhu IKONI pour homme est une chaussure de course polyvalente avec un amorti \u00e9lev\u00e9 pour les hyperpronateurs neutres ou d\u00e9butants ou interm\u00e9diaires.\" \/>\n<meta name=\"robots\" content=\"index, follow, max-snippet:-1, max-image-preview:large, max-video-preview:-1\" \/>\n<link rel=\"canonical\" href=\"https:\/\/www.miomiorun.com\/fr\/produit\/ikoni-2-0-femme\/\" \/>\n<meta property=\"og:locale\" content=\"fr_FR\" \/>\n<meta property=\"og:type\" content=\"article\" \/>\n<meta property=\"og:title\" content=\"Karhu Ikoni 2.0 femme - chaussures de course pour femmes - MioMioRun\" \/>\n<meta property=\"og:description\" content=\"La Karhu IKONI pour homme est une chaussure de course polyvalente avec un amorti \u00e9lev\u00e9 pour les hyperpronateurs neutres ou d\u00e9butants ou interm\u00e9diaires.\" \/>\n<meta property=\"og:url\" content=\"https:\/\/www.miomiorun.com\/fr\/produit\/ikoni-2-0-femme\/\" \/>\n<meta property=\"og:site_name\" content=\"MioMioRun\" \/>\n<meta property=\"article:publisher\" content=\"https:\/\/www.facebook.com\/miomiorun\/\" \/>\n<meta property=\"article:modified_time\" content=\"2025-09-17T08:02:01+00:00\" \/>\n<meta property=\"og:image\" content=\"https:\/\/www.miomiorun.com\/app\/uploads\/2022\/10\/karhu-Ikoni-2.0-W-chinogreen-misty-blue-F200335.jpg\" \/>\n\t<meta property=\"og:image:width\" content=\"600\" \/>\n\t<meta property=\"og:image:height\" content=\"600\" \/>\n\t<meta property=\"og:image:type\" content=\"image\/jpeg\" \/>\n<meta name=\"twitter:card\" content=\"summary_large_image\" \/>\n<meta name=\"twitter:label1\" content=\"Est. reading time\" \/>\n\t<meta name=\"twitter:data1\" content=\"2 minutes\" \/>\n<script type=\"application\/ld+json\" class=\"yoast-schema-graph\">{\"@context\":\"https:\/\/schema.org\",\"@graph\":[{\"@type\":\"WebPage\",\"@id\":\"https:\/\/www.miomiorun.com\/fr\/produit\/ikoni-2-0-femme\/\",\"url\":\"https:\/\/www.miomiorun.com\/fr\/produit\/ikoni-2-0-femme\/\",\"name\":\"Karhu Ikoni 2.0 femme - chaussures de course pour femmes - MioMioRun\",\"isPartOf\":{\"@id\":\"https:\/\/www.miomiorun.com\/fr\/#website\"},\"primaryImageOfPage\":{\"@id\":\"https:\/\/www.miomiorun.com\/fr\/produit\/ikoni-2-0-femme\/#primaryimage\"},\"image\":{\"@id\":\"https:\/\/www.miomiorun.com\/fr\/produit\/ikoni-2-0-femme\/#primaryimage\"},\"thumbnailUrl\":\"https:\/\/www.miomiorun.com\/app\/uploads\/2022\/10\/karhu-Ikoni-2.0-W-chinogreen-misty-blue-F200335.jpg\",\"datePublished\":\"2022-10-04T16:12:50+00:00\",\"dateModified\":\"2025-09-17T08:02:01+00:00\",\"description\":\"La Karhu IKONI pour homme est une chaussure de course polyvalente avec un amorti \u00e9lev\u00e9 pour les hyperpronateurs neutres ou d\u00e9butants ou interm\u00e9diaires.\",\"breadcrumb\":{\"@id\":\"https:\/\/www.miomiorun.com\/fr\/produit\/ikoni-2-0-femme\/#breadcrumb\"},\"inLanguage\":\"fr-FR\",\"potentialAction\":[{\"@type\":\"ReadAction\",\"target\":[\"https:\/\/www.miomiorun.com\/fr\/produit\/ikoni-2-0-femme\/\"]}]},{\"@type\":\"ImageObject\",\"inLanguage\":\"fr-FR\",\"@id\":\"https:\/\/www.miomiorun.com\/fr\/produit\/ikoni-2-0-femme\/#primaryimage\",\"url\":\"https:\/\/www.miomiorun.com\/app\/uploads\/2022\/10\/karhu-Ikoni-2.0-W-chinogreen-misty-blue-F200335.jpg\",\"contentUrl\":\"https:\/\/www.miomiorun.com\/app\/uploads\/2022\/10\/karhu-Ikoni-2.0-W-chinogreen-misty-blue-F200335.jpg\",\"width\":600,\"height\":600,\"caption\":\"karhu-Ikoni-2.0-W-chinogreen-misty-blue-F200335\"},{\"@type\":\"BreadcrumbList\",\"@id\":\"https:\/\/www.miomiorun.com\/fr\/produit\/ikoni-2-0-femme\/#breadcrumb\",\"itemListElement\":[{\"@type\":\"ListItem\",\"position\":1,\"name\":\"Home\",\"item\":\"https:\/\/www.miomiorun.com\/fr\/home-page\/\"},{\"@type\":\"ListItem\",\"position\":2,\"name\":\"Shop\",\"item\":\"https:\/\/www.miomiorun.com\/shop\/\"},{\"@type\":\"ListItem\",\"position\":3,\"name\":\"Ikoni 2.0 femme\"}]},{\"@type\":\"WebSite\",\"@id\":\"https:\/\/www.miomiorun.com\/fr\/#website\",\"url\":\"https:\/\/www.miomiorun.com\/fr\/\",\"name\":\"MioMioRun\",\"description\":\"Boutique 100% running et trail\",\"publisher\":{\"@id\":\"https:\/\/www.miomiorun.com\/fr\/#organization\"},\"potentialAction\":[{\"@type\":\"SearchAction\",\"target\":{\"@type\":\"EntryPoint\",\"urlTemplate\":\"https:\/\/www.miomiorun.com\/fr\/?s={search_term_string}\"},\"query-input\":{\"@type\":\"PropertyValueSpecification\",\"valueRequired\":true,\"valueName\":\"search_term_string\"}}],\"inLanguage\":\"fr-FR\"},{\"@type\":\"Organization\",\"@id\":\"https:\/\/www.miomiorun.com\/fr\/#organization\",\"name\":\"MioMio Run\",\"url\":\"https:\/\/www.miomiorun.com\/fr\/\",\"logo\":{\"@type\":\"ImageObject\",\"inLanguage\":\"fr-FR\",\"@id\":\"https:\/\/www.miomiorun.com\/fr\/#\/schema\/logo\/image\/\",\"url\":\"https:\/\/www.miomiorun.com\/app\/uploads\/2019\/12\/logomio.png\",\"contentUrl\":\"https:\/\/www.miomiorun.com\/app\/uploads\/2019\/12\/logomio.png\",\"width\":115,\"height\":82,\"caption\":\"MioMio Run\"},\"image\":{\"@id\":\"https:\/\/www.miomiorun.com\/fr\/#\/schema\/logo\/image\/\"},\"sameAs\":[\"https:\/\/www.facebook.com\/miomiorun\/\",\"https:\/\/www.instagram.com\/miomiorun\/\"]}]}<\/script>\n<!-- \/ Yoast SEO plugin. -->","yoast_head_json":{"title":"Karhu Ikoni 2.0 femme - chaussures de course pour femmes - MioMioRun","description":"La Karhu IKONI pour homme est une chaussure de course polyvalente avec un amorti \u00e9lev\u00e9 pour les hyperpronateurs neutres ou d\u00e9butants ou interm\u00e9diaires.","robots":{"index":"index","follow":"follow","max-snippet":"max-snippet:-1","max-image-preview":"max-image-preview:large","max-video-preview":"max-video-preview:-1"},"canonical":"https:\/\/www.miomiorun.com\/fr\/produit\/ikoni-2-0-femme\/","og_locale":"fr_FR","og_type":"article","og_title":"Karhu Ikoni 2.0 femme - chaussures de course pour femmes - MioMioRun","og_description":"La Karhu IKONI pour homme est une chaussure de course polyvalente avec un amorti \u00e9lev\u00e9 pour les hyperpronateurs neutres ou d\u00e9butants ou interm\u00e9diaires.","og_url":"https:\/\/www.miomiorun.com\/fr\/produit\/ikoni-2-0-femme\/","og_site_name":"MioMioRun","article_publisher":"https:\/\/www.facebook.com\/miomiorun\/","article_modified_time":"2025-09-17T08:02:01+00:00","og_image":[{"width":600,"height":600,"url":"https:\/\/www.miomiorun.com\/app\/uploads\/2022\/10\/karhu-Ikoni-2.0-W-chinogreen-misty-blue-F200335.jpg","type":"image\/jpeg"}],"twitter_card":"summary_large_image","twitter_misc":{"Est. reading time":"2 minutes"},"schema":{"@context":"https:\/\/schema.org","@graph":[{"@type":"WebPage","@id":"https:\/\/www.miomiorun.com\/fr\/produit\/ikoni-2-0-femme\/","url":"https:\/\/www.miomiorun.com\/fr\/produit\/ikoni-2-0-femme\/","name":"Karhu Ikoni 2.0 femme - chaussures de course pour femmes - MioMioRun","isPartOf":{"@id":"https:\/\/www.miomiorun.com\/fr\/#website"},"primaryImageOfPage":{"@id":"https:\/\/www.miomiorun.com\/fr\/produit\/ikoni-2-0-femme\/#primaryimage"},"image":{"@id":"https:\/\/www.miomiorun.com\/fr\/produit\/ikoni-2-0-femme\/#primaryimage"},"thumbnailUrl":"https:\/\/www.miomiorun.com\/app\/uploads\/2022\/10\/karhu-Ikoni-2.0-W-chinogreen-misty-blue-F200335.jpg","datePublished":"2022-10-04T16:12:50+00:00","dateModified":"2025-09-17T08:02:01+00:00","description":"La Karhu IKONI pour homme est une chaussure de course polyvalente avec un amorti \u00e9lev\u00e9 pour les hyperpronateurs neutres ou d\u00e9butants ou interm\u00e9diaires.","breadcrumb":{"@id":"https:\/\/www.miomiorun.com\/fr\/produit\/ikoni-2-0-femme\/#breadcrumb"},"inLanguage":"fr-FR","potentialAction":[{"@type":"ReadAction","target":["https:\/\/www.miomiorun.com\/fr\/produit\/ikoni-2-0-femme\/"]}]},{"@type":"ImageObject","inLanguage":"fr-FR","@id":"https:\/\/www.miomiorun.com\/fr\/produit\/ikoni-2-0-femme\/#primaryimage","url":"https:\/\/www.miomiorun.com\/app\/uploads\/2022\/10\/karhu-Ikoni-2.0-W-chinogreen-misty-blue-F200335.jpg","contentUrl":"https:\/\/www.miomiorun.com\/app\/uploads\/2022\/10\/karhu-Ikoni-2.0-W-chinogreen-misty-blue-F200335.jpg","width":600,"height":600,"caption":"karhu-Ikoni-2.0-W-chinogreen-misty-blue-F200335"},{"@type":"BreadcrumbList","@id":"https:\/\/www.miomiorun.com\/fr\/produit\/ikoni-2-0-femme\/#breadcrumb","itemListElement":[{"@type":"ListItem","position":1,"name":"Home","item":"https:\/\/www.miomiorun.com\/fr\/home-page\/"},{"@type":"ListItem","position":2,"name":"Shop","item":"https:\/\/www.miomiorun.com\/shop\/"},{"@type":"ListItem","position":3,"name":"Ikoni 2.0 femme"}]},{"@type":"WebSite","@id":"https:\/\/www.miomiorun.com\/fr\/#website","url":"https:\/\/www.miomiorun.com\/fr\/","name":"MioMioRun","description":"Boutique 100% running et trail","publisher":{"@id":"https:\/\/www.miomiorun.com\/fr\/#organization"},"potentialAction":[{"@type":"SearchAction","target":{"@type":"EntryPoint","urlTemplate":"https:\/\/www.miomiorun.com\/fr\/?s={search_term_string}"},"query-input":{"@type":"PropertyValueSpecification","valueRequired":true,"valueName":"search_term_string"}}],"inLanguage":"fr-FR"},{"@type":"Organization","@id":"https:\/\/www.miomiorun.com\/fr\/#organization","name":"MioMio Run","url":"https:\/\/www.miomiorun.com\/fr\/","logo":{"@type":"ImageObject","inLanguage":"fr-FR","@id":"https:\/\/www.miomiorun.com\/fr\/#\/schema\/logo\/image\/","url":"https:\/\/www.miomiorun.com\/app\/uploads\/2019\/12\/logomio.png","contentUrl":"https:\/\/www.miomiorun.com\/app\/uploads\/2019\/12\/logomio.png","width":115,"height":82,"caption":"MioMio Run"},"image":{"@id":"https:\/\/www.miomiorun.com\/fr\/#\/schema\/logo\/image\/"},"sameAs":["https:\/\/www.facebook.com\/miomiorun\/","https:\/\/www.instagram.com\/miomiorun\/"]}]}},"_links":{"self":[{"href":"https:\/\/www.miomiorun.com\/fr\/wp-json\/wp\/v2\/product\/284482","targetHints":{"allow":["GET"]}}],"collection":[{"href":"https:\/\/www.miomiorun.com\/fr\/wp-json\/wp\/v2\/product"}],"about":[{"href":"https:\/\/www.miomiorun.com\/fr\/wp-json\/wp\/v2\/types\/product"}],"wp:featuredmedia":[{"embeddable":true,"href":"https:\/\/www.miomiorun.com\/fr\/wp-json\/wp\/v2\/media\/238184"}],"wp:attachment":[{"href":"https:\/\/www.miomiorun.com\/fr\/wp-json\/wp\/v2\/media?parent=284482"}],"wp:term":[{"taxonomy":"product_brand","embeddable":true,"href":"https:\/\/www.miomiorun.com\/fr\/wp-json\/wp\/v2\/product_brand?post=284482"},{"taxonomy":"product_cat","embeddable":true,"href":"https:\/\/www.miomiorun.com\/fr\/wp-json\/wp\/v2\/product_cat?post=284482"},{"taxonomy":"product_tag","embeddable":true,"href":"https:\/\/www.miomiorun.com\/fr\/wp-json\/wp\/v2\/product_tag?post=284482"}],"curies":[{"name":"wp","href":"https:\/\/api.w.org\/{rel}","templated":true}]}}