{"id":284448,"date":"2022-10-04T16:49:07","date_gmt":"2022-10-04T14:49:07","guid":{"rendered":"https:\/\/miomiorun.com\/prodotto\/synchron-1-5-donna\/"},"modified":"2025-09-16T19:36:10","modified_gmt":"2025-09-16T17:36:10","slug":"synchron-1-5-femme","status":"publish","type":"product","link":"https:\/\/www.miomiorun.com\/fr\/produit\/synchron-1-5-femme\/","title":{"rendered":"Synchron 1.5 femme"},"content":{"rendered":"<div class=\"vc-row container\"><div class=\"vc-column\"><div class=\"vc-column-text\"><\/p>\n<h4>Caract\u00e9ristiques techniques<\/h4>\n<p>Cat\u00e9gorie : Amorti sup\u00e9rieur<br \/>\nD\u00e9calage : 8 mm<br \/>\nPoids : 300 g<br \/>\nId\u00e9al pour : les coureurs \u00e0 la recherche d&#8217;une chaussure offrant un excellent amorti et une bonne stabilit\u00e9, avec une transition fluide, pour les courses de moyenne distance. Elles sont \u00e9galement id\u00e9ales pour les longues marches.<br \/>\nPoids de l&#8217;athl\u00e8te : 80-90 kg<br \/>\nAllure de course : lente (&gt;5,30 min\/km)<br \/>\n<a href=\"https:\/\/miomiorun.com\/fr\/guide-des-specificites\/\">Guide des sp\u00e9cifications techniques<\/a><\/p>\n<p><\/div> <\/div><div class=\"vc-column\"><div class=\"vc-column-text\">La <strong>Karhu Synchron 1.5<\/strong> pour femmes est une chaussure d&#8217;entra\u00eenement quotidienne avec un amorti de haute qualit\u00e9 pour les coureuses neutres ou ayant une pronation moyenne ou avanc\u00e9e. La Synchron vous offre une foul\u00e9e souple et stable avec une transition fluide et un bon maintien.<br \/>\nLa Karhu Synchron 1.5 utilise des mat\u00e9riaux avanc\u00e9s dans la semelle interm\u00e9diaire pour offrir l&#8217;exp\u00e9rience de course la plus souple de la collection Karhu. L&#8217;unit\u00e9 interne Fulcrum redessin\u00e9e est plus flexible qu&#8217;auparavant, accentuant l&#8217;amorti et am\u00e9liorant la transition. La tige ajust\u00e9e suit facilement les mouvements du pied et s&#8217;adapte \u00e0 un plus grand nombre de formes de pieds. Une semelle int\u00e9rieure en mousse \u00e0 cellules ouvertes a r\u00e9cemment \u00e9t\u00e9 ajout\u00e9e pour une sensation de souplesse.<\/p>\n<p><strong>Caract\u00e9ristiques :<\/strong><\/p>\n<ul>\n<li>Syst\u00e8me de la\u00e7age anatomique pour des micro-ajustements<\/li>\n<li><strong>Fulcrum<\/strong> sur toute la longueur pour un guidage stable<\/li>\n<li>Semelle interm\u00e9diaire amortissante <strong>AeroFoam Nova<\/strong><\/li>\n<li>Construction en maille id\u00e9ale pour la respirabilit\u00e9 et le maintien<\/li>\n<li><strong>Tige<\/strong> con\u00e7ue sans coutures<\/li>\n<li><strong>Semelle int\u00e9rieure<\/strong> en mousse \u00e0 cellules ouvertes pour une sensation de douceur<\/li>\n<\/ul>\n<p>&nbsp;<\/p>\n<p><img loading=\"lazy\" decoding=\"async\" class=\"\" src=\"https:\/\/cdn.shopify.com\/s\/files\/1\/0519\/4570\/1549\/files\/fulcrum_800x.png?v=1612961012\" width=\"205\" height=\"91\" \/><\/p>\n<p>La technologie KARHU Fulcrum est con\u00e7ue pour maintenir toutes les forces vers l&#8217;avant, en r\u00e9duisant les forces de freinage et en utilisant l&#8217;\u00e9nergie naturelle de votre corps pour cr\u00e9er une foul\u00e9e plus fluide. C&#8217;est ce que nous appelons l&#8217;effet de roulement. La technologie Fulcrum offre : un amorti \u00e9quilibr\u00e9, un meilleur soutien, plus d&#8217;\u00e9nergie. La Synchron est \u00e9quip\u00e9e d&#8217;un pivot sur toute la longueur.<\/p>\n<p><strong>Cette technologie offre :<\/strong><\/p>\n<ul>\n<li>un amorti \u00e9quilibr\u00e9<\/li>\n<li>un meilleur soutien<\/li>\n<li>plus d&#8217;\u00e9nergie<\/li>\n<\/ul>\n<p><\/div><\/div><\/div>\n","protected":false},"excerpt":{"rendered":"","protected":false},"featured_media":238328,"template":"","meta":{"_acf_changed":false,"inline_featured_image":false},"product_brand":[],"product_cat":[24435,24434],"product_tag":[23474,23495],"class_list":{"0":"post-284448","1":"product","2":"type-product","3":"status-publish","4":"has-post-thumbnail","6":"product_cat-chaussures-pour-femmes-fr","7":"product_cat-neutre-fr-2","8":"product_tag-karhu-fr","9":"product_tag-karhu-femme","10":"pa_attivita-marcher","11":"pa_attivita-running-fr","12":"pa_colore-synchron-1-5-w-goblin-blue-silver-fr","13":"pa_marca-karhu-fr","14":"pa_sesso-femme","15":"pa_size-38-fr","17":"first","18":"instock","19":"sale","20":"taxable","21":"shipping-taxable","22":"purchasable","23":"product-type-variable","24":"wvs-archive-product-wrapper"},"acf":[],"yoast_head":"<!-- This site is optimized with the Yoast SEO plugin v26.8 - https:\/\/yoast.com\/product\/yoast-seo-wordpress\/ -->\n<title>Karhu Synchron 1.5 femme -chaussures de course - MioMioRun<\/title>\n<meta name=\"description\" content=\"La Karhu Synchron 1.5 pour femme est une chaussure d&#039;entra\u00eenement quotidienne avec un amorti de haute qualit\u00e9 pour les coureuses ayant une foul\u00e9e neutre, mod\u00e9r\u00e9e ou pronatrice.\" \/>\n<meta name=\"robots\" content=\"index, follow, max-snippet:-1, max-image-preview:large, max-video-preview:-1\" \/>\n<link rel=\"canonical\" href=\"https:\/\/www.miomiorun.com\/fr\/produit\/synchron-1-5-femme\/\" \/>\n<meta property=\"og:locale\" content=\"fr_FR\" \/>\n<meta property=\"og:type\" content=\"article\" \/>\n<meta property=\"og:title\" content=\"Karhu Synchron 1.5 femme -chaussures de course - MioMioRun\" \/>\n<meta property=\"og:description\" content=\"La Karhu Synchron 1.5 pour femme est une chaussure d&#039;entra\u00eenement quotidienne avec un amorti de haute qualit\u00e9 pour les coureuses ayant une foul\u00e9e neutre, mod\u00e9r\u00e9e ou pronatrice.\" \/>\n<meta property=\"og:url\" content=\"https:\/\/www.miomiorun.com\/fr\/produit\/synchron-1-5-femme\/\" \/>\n<meta property=\"og:site_name\" content=\"MioMioRun\" \/>\n<meta property=\"article:publisher\" content=\"https:\/\/www.facebook.com\/miomiorun\/\" \/>\n<meta property=\"article:modified_time\" content=\"2025-09-16T17:36:10+00:00\" \/>\n<meta property=\"og:image\" content=\"https:\/\/www.miomiorun.com\/app\/uploads\/2022\/10\/karhu-Synchron-1.5-W-goblin-blue-silver-F200345.jpg\" \/>\n\t<meta property=\"og:image:width\" content=\"600\" \/>\n\t<meta property=\"og:image:height\" content=\"600\" \/>\n\t<meta property=\"og:image:type\" content=\"image\/jpeg\" \/>\n<meta name=\"twitter:card\" content=\"summary_large_image\" \/>\n<meta name=\"twitter:label1\" content=\"Est. reading time\" \/>\n\t<meta name=\"twitter:data1\" content=\"2 minutes\" \/>\n<script type=\"application\/ld+json\" class=\"yoast-schema-graph\">{\"@context\":\"https:\/\/schema.org\",\"@graph\":[{\"@type\":\"WebPage\",\"@id\":\"https:\/\/www.miomiorun.com\/fr\/produit\/synchron-1-5-femme\/\",\"url\":\"https:\/\/www.miomiorun.com\/fr\/produit\/synchron-1-5-femme\/\",\"name\":\"Karhu Synchron 1.5 femme -chaussures de course - MioMioRun\",\"isPartOf\":{\"@id\":\"https:\/\/www.miomiorun.com\/fr\/#website\"},\"primaryImageOfPage\":{\"@id\":\"https:\/\/www.miomiorun.com\/fr\/produit\/synchron-1-5-femme\/#primaryimage\"},\"image\":{\"@id\":\"https:\/\/www.miomiorun.com\/fr\/produit\/synchron-1-5-femme\/#primaryimage\"},\"thumbnailUrl\":\"https:\/\/www.miomiorun.com\/app\/uploads\/2022\/10\/karhu-Synchron-1.5-W-goblin-blue-silver-F200345.jpg\",\"datePublished\":\"2022-10-04T14:49:07+00:00\",\"dateModified\":\"2025-09-16T17:36:10+00:00\",\"description\":\"La Karhu Synchron 1.5 pour femme est une chaussure d'entra\u00eenement quotidienne avec un amorti de haute qualit\u00e9 pour les coureuses ayant une foul\u00e9e neutre, mod\u00e9r\u00e9e ou pronatrice.\",\"breadcrumb\":{\"@id\":\"https:\/\/www.miomiorun.com\/fr\/produit\/synchron-1-5-femme\/#breadcrumb\"},\"inLanguage\":\"fr-FR\",\"potentialAction\":[{\"@type\":\"ReadAction\",\"target\":[\"https:\/\/www.miomiorun.com\/fr\/produit\/synchron-1-5-femme\/\"]}]},{\"@type\":\"ImageObject\",\"inLanguage\":\"fr-FR\",\"@id\":\"https:\/\/www.miomiorun.com\/fr\/produit\/synchron-1-5-femme\/#primaryimage\",\"url\":\"https:\/\/www.miomiorun.com\/app\/uploads\/2022\/10\/karhu-Synchron-1.5-W-goblin-blue-silver-F200345.jpg\",\"contentUrl\":\"https:\/\/www.miomiorun.com\/app\/uploads\/2022\/10\/karhu-Synchron-1.5-W-goblin-blue-silver-F200345.jpg\",\"width\":600,\"height\":600,\"caption\":\"karhu-Synchron-1.5-W-goblin-blue-silver-F200345\"},{\"@type\":\"BreadcrumbList\",\"@id\":\"https:\/\/www.miomiorun.com\/fr\/produit\/synchron-1-5-femme\/#breadcrumb\",\"itemListElement\":[{\"@type\":\"ListItem\",\"position\":1,\"name\":\"Home\",\"item\":\"https:\/\/www.miomiorun.com\/fr\/home-page\/\"},{\"@type\":\"ListItem\",\"position\":2,\"name\":\"Shop\",\"item\":\"https:\/\/www.miomiorun.com\/shop\/\"},{\"@type\":\"ListItem\",\"position\":3,\"name\":\"Synchron 1.5 femme\"}]},{\"@type\":\"WebSite\",\"@id\":\"https:\/\/www.miomiorun.com\/fr\/#website\",\"url\":\"https:\/\/www.miomiorun.com\/fr\/\",\"name\":\"MioMioRun\",\"description\":\"Boutique 100% running et trail\",\"publisher\":{\"@id\":\"https:\/\/www.miomiorun.com\/fr\/#organization\"},\"potentialAction\":[{\"@type\":\"SearchAction\",\"target\":{\"@type\":\"EntryPoint\",\"urlTemplate\":\"https:\/\/www.miomiorun.com\/fr\/?s={search_term_string}\"},\"query-input\":{\"@type\":\"PropertyValueSpecification\",\"valueRequired\":true,\"valueName\":\"search_term_string\"}}],\"inLanguage\":\"fr-FR\"},{\"@type\":\"Organization\",\"@id\":\"https:\/\/www.miomiorun.com\/fr\/#organization\",\"name\":\"MioMio Run\",\"url\":\"https:\/\/www.miomiorun.com\/fr\/\",\"logo\":{\"@type\":\"ImageObject\",\"inLanguage\":\"fr-FR\",\"@id\":\"https:\/\/www.miomiorun.com\/fr\/#\/schema\/logo\/image\/\",\"url\":\"https:\/\/www.miomiorun.com\/app\/uploads\/2019\/12\/logomio.png\",\"contentUrl\":\"https:\/\/www.miomiorun.com\/app\/uploads\/2019\/12\/logomio.png\",\"width\":115,\"height\":82,\"caption\":\"MioMio Run\"},\"image\":{\"@id\":\"https:\/\/www.miomiorun.com\/fr\/#\/schema\/logo\/image\/\"},\"sameAs\":[\"https:\/\/www.facebook.com\/miomiorun\/\",\"https:\/\/www.instagram.com\/miomiorun\/\"]}]}<\/script>\n<!-- \/ Yoast SEO plugin. -->","yoast_head_json":{"title":"Karhu Synchron 1.5 femme -chaussures de course - MioMioRun","description":"La Karhu Synchron 1.5 pour femme est une chaussure d'entra\u00eenement quotidienne avec un amorti de haute qualit\u00e9 pour les coureuses ayant une foul\u00e9e neutre, mod\u00e9r\u00e9e ou pronatrice.","robots":{"index":"index","follow":"follow","max-snippet":"max-snippet:-1","max-image-preview":"max-image-preview:large","max-video-preview":"max-video-preview:-1"},"canonical":"https:\/\/www.miomiorun.com\/fr\/produit\/synchron-1-5-femme\/","og_locale":"fr_FR","og_type":"article","og_title":"Karhu Synchron 1.5 femme -chaussures de course - MioMioRun","og_description":"La Karhu Synchron 1.5 pour femme est une chaussure d'entra\u00eenement quotidienne avec un amorti de haute qualit\u00e9 pour les coureuses ayant une foul\u00e9e neutre, mod\u00e9r\u00e9e ou pronatrice.","og_url":"https:\/\/www.miomiorun.com\/fr\/produit\/synchron-1-5-femme\/","og_site_name":"MioMioRun","article_publisher":"https:\/\/www.facebook.com\/miomiorun\/","article_modified_time":"2025-09-16T17:36:10+00:00","og_image":[{"width":600,"height":600,"url":"https:\/\/www.miomiorun.com\/app\/uploads\/2022\/10\/karhu-Synchron-1.5-W-goblin-blue-silver-F200345.jpg","type":"image\/jpeg"}],"twitter_card":"summary_large_image","twitter_misc":{"Est. reading time":"2 minutes"},"schema":{"@context":"https:\/\/schema.org","@graph":[{"@type":"WebPage","@id":"https:\/\/www.miomiorun.com\/fr\/produit\/synchron-1-5-femme\/","url":"https:\/\/www.miomiorun.com\/fr\/produit\/synchron-1-5-femme\/","name":"Karhu Synchron 1.5 femme -chaussures de course - MioMioRun","isPartOf":{"@id":"https:\/\/www.miomiorun.com\/fr\/#website"},"primaryImageOfPage":{"@id":"https:\/\/www.miomiorun.com\/fr\/produit\/synchron-1-5-femme\/#primaryimage"},"image":{"@id":"https:\/\/www.miomiorun.com\/fr\/produit\/synchron-1-5-femme\/#primaryimage"},"thumbnailUrl":"https:\/\/www.miomiorun.com\/app\/uploads\/2022\/10\/karhu-Synchron-1.5-W-goblin-blue-silver-F200345.jpg","datePublished":"2022-10-04T14:49:07+00:00","dateModified":"2025-09-16T17:36:10+00:00","description":"La Karhu Synchron 1.5 pour femme est une chaussure d'entra\u00eenement quotidienne avec un amorti de haute qualit\u00e9 pour les coureuses ayant une foul\u00e9e neutre, mod\u00e9r\u00e9e ou pronatrice.","breadcrumb":{"@id":"https:\/\/www.miomiorun.com\/fr\/produit\/synchron-1-5-femme\/#breadcrumb"},"inLanguage":"fr-FR","potentialAction":[{"@type":"ReadAction","target":["https:\/\/www.miomiorun.com\/fr\/produit\/synchron-1-5-femme\/"]}]},{"@type":"ImageObject","inLanguage":"fr-FR","@id":"https:\/\/www.miomiorun.com\/fr\/produit\/synchron-1-5-femme\/#primaryimage","url":"https:\/\/www.miomiorun.com\/app\/uploads\/2022\/10\/karhu-Synchron-1.5-W-goblin-blue-silver-F200345.jpg","contentUrl":"https:\/\/www.miomiorun.com\/app\/uploads\/2022\/10\/karhu-Synchron-1.5-W-goblin-blue-silver-F200345.jpg","width":600,"height":600,"caption":"karhu-Synchron-1.5-W-goblin-blue-silver-F200345"},{"@type":"BreadcrumbList","@id":"https:\/\/www.miomiorun.com\/fr\/produit\/synchron-1-5-femme\/#breadcrumb","itemListElement":[{"@type":"ListItem","position":1,"name":"Home","item":"https:\/\/www.miomiorun.com\/fr\/home-page\/"},{"@type":"ListItem","position":2,"name":"Shop","item":"https:\/\/www.miomiorun.com\/shop\/"},{"@type":"ListItem","position":3,"name":"Synchron 1.5 femme"}]},{"@type":"WebSite","@id":"https:\/\/www.miomiorun.com\/fr\/#website","url":"https:\/\/www.miomiorun.com\/fr\/","name":"MioMioRun","description":"Boutique 100% running et trail","publisher":{"@id":"https:\/\/www.miomiorun.com\/fr\/#organization"},"potentialAction":[{"@type":"SearchAction","target":{"@type":"EntryPoint","urlTemplate":"https:\/\/www.miomiorun.com\/fr\/?s={search_term_string}"},"query-input":{"@type":"PropertyValueSpecification","valueRequired":true,"valueName":"search_term_string"}}],"inLanguage":"fr-FR"},{"@type":"Organization","@id":"https:\/\/www.miomiorun.com\/fr\/#organization","name":"MioMio Run","url":"https:\/\/www.miomiorun.com\/fr\/","logo":{"@type":"ImageObject","inLanguage":"fr-FR","@id":"https:\/\/www.miomiorun.com\/fr\/#\/schema\/logo\/image\/","url":"https:\/\/www.miomiorun.com\/app\/uploads\/2019\/12\/logomio.png","contentUrl":"https:\/\/www.miomiorun.com\/app\/uploads\/2019\/12\/logomio.png","width":115,"height":82,"caption":"MioMio Run"},"image":{"@id":"https:\/\/www.miomiorun.com\/fr\/#\/schema\/logo\/image\/"},"sameAs":["https:\/\/www.facebook.com\/miomiorun\/","https:\/\/www.instagram.com\/miomiorun\/"]}]}},"_links":{"self":[{"href":"https:\/\/www.miomiorun.com\/fr\/wp-json\/wp\/v2\/product\/284448","targetHints":{"allow":["GET"]}}],"collection":[{"href":"https:\/\/www.miomiorun.com\/fr\/wp-json\/wp\/v2\/product"}],"about":[{"href":"https:\/\/www.miomiorun.com\/fr\/wp-json\/wp\/v2\/types\/product"}],"wp:featuredmedia":[{"embeddable":true,"href":"https:\/\/www.miomiorun.com\/fr\/wp-json\/wp\/v2\/media\/238328"}],"wp:attachment":[{"href":"https:\/\/www.miomiorun.com\/fr\/wp-json\/wp\/v2\/media?parent=284448"}],"wp:term":[{"taxonomy":"product_brand","embeddable":true,"href":"https:\/\/www.miomiorun.com\/fr\/wp-json\/wp\/v2\/product_brand?post=284448"},{"taxonomy":"product_cat","embeddable":true,"href":"https:\/\/www.miomiorun.com\/fr\/wp-json\/wp\/v2\/product_cat?post=284448"},{"taxonomy":"product_tag","embeddable":true,"href":"https:\/\/www.miomiorun.com\/fr\/wp-json\/wp\/v2\/product_tag?post=284448"}],"curies":[{"name":"wp","href":"https:\/\/api.w.org\/{rel}","templated":true}]}}