{"id":284305,"date":"2022-10-18T17:19:45","date_gmt":"2022-10-18T15:19:45","guid":{"rendered":"https:\/\/miomiorun.com\/prodotto\/adv-warm-intensity-ls-uomo\/"},"modified":"2025-09-17T10:56:34","modified_gmt":"2025-09-17T08:56:34","slug":"adv-warm-intensity-ls-homme","status":"publish","type":"product","link":"https:\/\/www.miomiorun.com\/fr\/produit\/adv-warm-intensity-ls-homme\/","title":{"rendered":"ADV Warm Intensity LS homme"},"content":{"rendered":"<p><strong>ADV Warm Intensity LS<\/strong> dans sa version pour homme est un sous-v\u00eatement doux et fonctionnel con\u00e7u pour les entra\u00eenements intenses par temps froid.<\/p>\n<p>Ce sous-v\u00eatement \u00e0 manches longues est fabriqu\u00e9 dans un tissu l\u00e9ger et recycl\u00e9 qui s&#8217;adapte aux zones climatiques cartographi\u00e9es sur le corps pour offrir une excellente thermor\u00e9gulation. De plus, ce v\u00eatement est dot\u00e9 d&#8217;un minimum de coutures pour une exp\u00e9rience douce, sans frottements et tr\u00e8s confortable. Un excellent choix pour le ski alpin et les activit\u00e9s similaires.<\/p>\n<p><strong>CARACT\u00c9RISTIQUES :<\/strong><\/p>\n<p>\u2022 Fil thermique l\u00e9ger et \u00e9lastique en polyester recycl\u00e9<br \/>\n\u2022 Isolation suppl\u00e9mentaire l\u00e0 o\u00f9 vous avez besoin de plus de chaleur<br \/>\n\u2022 Coutures minimales pour un confort optimal<br \/>\n\u2022 Grande \u00e9lasticit\u00e9 pour une libert\u00e9 de mouvement<br \/>\n\u2022 Maillot 3D, coupe ergonomique<br \/>\n\u2022 Ajust\u00e9<br \/>\n\u2022 Transfert d&#8217;humidit\u00e9 : 4 sur 5<br \/>\n\u2022 Niveau d&#8217;activit\u00e9 : 4 sur 5<br \/>\n\u2022 Temp\u00e9rature : de -15 \u00baC \u00e0 -5 \u00baC<\/p>\n<p class=\"css-8rgusf\">65 % polyester recycl\u00e9, 30 % polyamide, 5 % \u00e9lasthanne<\/p>\n<p class=\"css-8rgusf\">Lavage en machine \u00e0 40 degr\u00e9s.<\/p>\n","protected":false},"excerpt":{"rendered":"<p>ADV Warm Intensity LS dans sa version pour homme est un sous-v\u00eatement doux et fonctionnel con\u00e7u pour les entra\u00eenements intenses par temps froid. Ce sous-v\u00eatement \u00e0 manches longues est fabriqu\u00e9 dans un tissu l\u00e9ger et recycl\u00e9 qui s&#8217;adapte aux zones climatiques cartographi\u00e9es sur le corps pour offrir une excellente thermor\u00e9gulation. De plus, ce v\u00eatement est &hellip; <a href=\"https:\/\/www.miomiorun.com\/fr\/produit\/adv-warm-intensity-ls-homme\/\">Continued<\/a><\/p>\n","protected":false},"featured_media":238370,"template":"","meta":{"_acf_changed":false,"inline_featured_image":false},"product_brand":[],"product_cat":[24479,24482,24484],"product_tag":[23554,23647],"class_list":{"0":"post-284305","1":"product","2":"type-product","3":"status-publish","4":"has-post-thumbnail","6":"product_cat-sous-vetements-fr-2","7":"product_cat-vetements-pour-hommes-fr","8":"product_cat-homme","9":"product_tag-craft-fr","10":"product_tag-craft-homme","11":"pa_attivita-marcher","12":"pa_attivita-outdoor-fr","13":"pa_attivita-running-fr","14":"pa_attivita-trail-fr","15":"pa_colore-adv-warm-intensity-ls-m-black-fr","16":"pa_colore-adv-warm-intensity-ls-m-slate-amber-fr","17":"pa_marca-craft-fr","18":"pa_sesso-homme","19":"pa_size-small-fr","20":"pa_size-large-fr","21":"pa_size-extra-large-fr","23":"first","24":"instock","25":"sale","26":"taxable","27":"shipping-taxable","28":"purchasable","29":"product-type-variable","30":"wvs-archive-product-wrapper"},"acf":[],"yoast_head":"<!-- This site is optimized with the Yoast SEO plugin v26.8 - https:\/\/yoast.com\/product\/yoast-seo-wordpress\/ -->\n<title>Craft ADV Warm Intensity LS homme - Sous-v\u00eatements thermiques- MioMioRun<\/title>\n<meta name=\"description\" content=\"ADV Warm Fuseknit Intensity LS est un sous-v\u00eatement technique doux et fonctionnel, con\u00e7u pour les entra\u00eenements intenses par temps froid.\" \/>\n<meta name=\"robots\" content=\"index, follow, max-snippet:-1, max-image-preview:large, max-video-preview:-1\" \/>\n<link rel=\"canonical\" href=\"https:\/\/www.miomiorun.com\/fr\/produit\/adv-warm-intensity-ls-homme\/\" \/>\n<meta property=\"og:locale\" content=\"fr_FR\" \/>\n<meta property=\"og:type\" content=\"article\" \/>\n<meta property=\"og:title\" content=\"Craft ADV Warm Intensity LS homme - Sous-v\u00eatements thermiques- MioMioRun\" \/>\n<meta property=\"og:description\" content=\"ADV Warm Fuseknit Intensity LS est un sous-v\u00eatement technique doux et fonctionnel, con\u00e7u pour les entra\u00eenements intenses par temps froid.\" \/>\n<meta property=\"og:url\" content=\"https:\/\/www.miomiorun.com\/fr\/produit\/adv-warm-intensity-ls-homme\/\" \/>\n<meta property=\"og:site_name\" content=\"MioMioRun\" \/>\n<meta property=\"article:publisher\" content=\"https:\/\/www.facebook.com\/miomiorun\/\" \/>\n<meta property=\"article:modified_time\" content=\"2025-09-17T08:56:34+00:00\" \/>\n<meta property=\"og:image\" content=\"https:\/\/www.miomiorun.com\/app\/uploads\/2022\/10\/craft-adv-warm-intensity-ls-M-slate-amber-1912518-992549.jpg\" \/>\n\t<meta property=\"og:image:width\" content=\"600\" \/>\n\t<meta property=\"og:image:height\" content=\"600\" \/>\n\t<meta property=\"og:image:type\" content=\"image\/jpeg\" \/>\n<meta name=\"twitter:card\" content=\"summary_large_image\" \/>\n<meta name=\"twitter:label1\" content=\"Est. reading time\" \/>\n\t<meta name=\"twitter:data1\" content=\"1 minute\" \/>\n<script type=\"application\/ld+json\" class=\"yoast-schema-graph\">{\"@context\":\"https:\/\/schema.org\",\"@graph\":[{\"@type\":\"WebPage\",\"@id\":\"https:\/\/www.miomiorun.com\/fr\/produit\/adv-warm-intensity-ls-homme\/\",\"url\":\"https:\/\/www.miomiorun.com\/fr\/produit\/adv-warm-intensity-ls-homme\/\",\"name\":\"Craft ADV Warm Intensity LS homme - Sous-v\u00eatements thermiques- MioMioRun\",\"isPartOf\":{\"@id\":\"https:\/\/www.miomiorun.com\/fr\/#website\"},\"primaryImageOfPage\":{\"@id\":\"https:\/\/www.miomiorun.com\/fr\/produit\/adv-warm-intensity-ls-homme\/#primaryimage\"},\"image\":{\"@id\":\"https:\/\/www.miomiorun.com\/fr\/produit\/adv-warm-intensity-ls-homme\/#primaryimage\"},\"thumbnailUrl\":\"https:\/\/www.miomiorun.com\/app\/uploads\/2022\/10\/craft-adv-warm-intensity-ls-M-slate-amber-1912518-992549.jpg\",\"datePublished\":\"2022-10-18T15:19:45+00:00\",\"dateModified\":\"2025-09-17T08:56:34+00:00\",\"description\":\"ADV Warm Fuseknit Intensity LS est un sous-v\u00eatement technique doux et fonctionnel, con\u00e7u pour les entra\u00eenements intenses par temps froid.\",\"breadcrumb\":{\"@id\":\"https:\/\/www.miomiorun.com\/fr\/produit\/adv-warm-intensity-ls-homme\/#breadcrumb\"},\"inLanguage\":\"fr-FR\",\"potentialAction\":[{\"@type\":\"ReadAction\",\"target\":[\"https:\/\/www.miomiorun.com\/fr\/produit\/adv-warm-intensity-ls-homme\/\"]}]},{\"@type\":\"ImageObject\",\"inLanguage\":\"fr-FR\",\"@id\":\"https:\/\/www.miomiorun.com\/fr\/produit\/adv-warm-intensity-ls-homme\/#primaryimage\",\"url\":\"https:\/\/www.miomiorun.com\/app\/uploads\/2022\/10\/craft-adv-warm-intensity-ls-M-slate-amber-1912518-992549.jpg\",\"contentUrl\":\"https:\/\/www.miomiorun.com\/app\/uploads\/2022\/10\/craft-adv-warm-intensity-ls-M-slate-amber-1912518-992549.jpg\",\"width\":600,\"height\":600,\"caption\":\"craft-adv-warm-intensity-ls-M-slate-amber-1912518-992549\"},{\"@type\":\"BreadcrumbList\",\"@id\":\"https:\/\/www.miomiorun.com\/fr\/produit\/adv-warm-intensity-ls-homme\/#breadcrumb\",\"itemListElement\":[{\"@type\":\"ListItem\",\"position\":1,\"name\":\"Home\",\"item\":\"https:\/\/www.miomiorun.com\/fr\/home-page\/\"},{\"@type\":\"ListItem\",\"position\":2,\"name\":\"Shop\",\"item\":\"https:\/\/www.miomiorun.com\/shop\/\"},{\"@type\":\"ListItem\",\"position\":3,\"name\":\"ADV Warm Intensity LS homme\"}]},{\"@type\":\"WebSite\",\"@id\":\"https:\/\/www.miomiorun.com\/fr\/#website\",\"url\":\"https:\/\/www.miomiorun.com\/fr\/\",\"name\":\"MioMioRun\",\"description\":\"Boutique 100% running et trail\",\"publisher\":{\"@id\":\"https:\/\/www.miomiorun.com\/fr\/#organization\"},\"potentialAction\":[{\"@type\":\"SearchAction\",\"target\":{\"@type\":\"EntryPoint\",\"urlTemplate\":\"https:\/\/www.miomiorun.com\/fr\/?s={search_term_string}\"},\"query-input\":{\"@type\":\"PropertyValueSpecification\",\"valueRequired\":true,\"valueName\":\"search_term_string\"}}],\"inLanguage\":\"fr-FR\"},{\"@type\":\"Organization\",\"@id\":\"https:\/\/www.miomiorun.com\/fr\/#organization\",\"name\":\"MioMio Run\",\"url\":\"https:\/\/www.miomiorun.com\/fr\/\",\"logo\":{\"@type\":\"ImageObject\",\"inLanguage\":\"fr-FR\",\"@id\":\"https:\/\/www.miomiorun.com\/fr\/#\/schema\/logo\/image\/\",\"url\":\"https:\/\/www.miomiorun.com\/app\/uploads\/2019\/12\/logomio.png\",\"contentUrl\":\"https:\/\/www.miomiorun.com\/app\/uploads\/2019\/12\/logomio.png\",\"width\":115,\"height\":82,\"caption\":\"MioMio Run\"},\"image\":{\"@id\":\"https:\/\/www.miomiorun.com\/fr\/#\/schema\/logo\/image\/\"},\"sameAs\":[\"https:\/\/www.facebook.com\/miomiorun\/\",\"https:\/\/www.instagram.com\/miomiorun\/\"]}]}<\/script>\n<!-- \/ Yoast SEO plugin. -->","yoast_head_json":{"title":"Craft ADV Warm Intensity LS homme - Sous-v\u00eatements thermiques- MioMioRun","description":"ADV Warm Fuseknit Intensity LS est un sous-v\u00eatement technique doux et fonctionnel, con\u00e7u pour les entra\u00eenements intenses par temps froid.","robots":{"index":"index","follow":"follow","max-snippet":"max-snippet:-1","max-image-preview":"max-image-preview:large","max-video-preview":"max-video-preview:-1"},"canonical":"https:\/\/www.miomiorun.com\/fr\/produit\/adv-warm-intensity-ls-homme\/","og_locale":"fr_FR","og_type":"article","og_title":"Craft ADV Warm Intensity LS homme - Sous-v\u00eatements thermiques- MioMioRun","og_description":"ADV Warm Fuseknit Intensity LS est un sous-v\u00eatement technique doux et fonctionnel, con\u00e7u pour les entra\u00eenements intenses par temps froid.","og_url":"https:\/\/www.miomiorun.com\/fr\/produit\/adv-warm-intensity-ls-homme\/","og_site_name":"MioMioRun","article_publisher":"https:\/\/www.facebook.com\/miomiorun\/","article_modified_time":"2025-09-17T08:56:34+00:00","og_image":[{"width":600,"height":600,"url":"https:\/\/www.miomiorun.com\/app\/uploads\/2022\/10\/craft-adv-warm-intensity-ls-M-slate-amber-1912518-992549.jpg","type":"image\/jpeg"}],"twitter_card":"summary_large_image","twitter_misc":{"Est. reading time":"1 minute"},"schema":{"@context":"https:\/\/schema.org","@graph":[{"@type":"WebPage","@id":"https:\/\/www.miomiorun.com\/fr\/produit\/adv-warm-intensity-ls-homme\/","url":"https:\/\/www.miomiorun.com\/fr\/produit\/adv-warm-intensity-ls-homme\/","name":"Craft ADV Warm Intensity LS homme - Sous-v\u00eatements thermiques- MioMioRun","isPartOf":{"@id":"https:\/\/www.miomiorun.com\/fr\/#website"},"primaryImageOfPage":{"@id":"https:\/\/www.miomiorun.com\/fr\/produit\/adv-warm-intensity-ls-homme\/#primaryimage"},"image":{"@id":"https:\/\/www.miomiorun.com\/fr\/produit\/adv-warm-intensity-ls-homme\/#primaryimage"},"thumbnailUrl":"https:\/\/www.miomiorun.com\/app\/uploads\/2022\/10\/craft-adv-warm-intensity-ls-M-slate-amber-1912518-992549.jpg","datePublished":"2022-10-18T15:19:45+00:00","dateModified":"2025-09-17T08:56:34+00:00","description":"ADV Warm Fuseknit Intensity LS est un sous-v\u00eatement technique doux et fonctionnel, con\u00e7u pour les entra\u00eenements intenses par temps froid.","breadcrumb":{"@id":"https:\/\/www.miomiorun.com\/fr\/produit\/adv-warm-intensity-ls-homme\/#breadcrumb"},"inLanguage":"fr-FR","potentialAction":[{"@type":"ReadAction","target":["https:\/\/www.miomiorun.com\/fr\/produit\/adv-warm-intensity-ls-homme\/"]}]},{"@type":"ImageObject","inLanguage":"fr-FR","@id":"https:\/\/www.miomiorun.com\/fr\/produit\/adv-warm-intensity-ls-homme\/#primaryimage","url":"https:\/\/www.miomiorun.com\/app\/uploads\/2022\/10\/craft-adv-warm-intensity-ls-M-slate-amber-1912518-992549.jpg","contentUrl":"https:\/\/www.miomiorun.com\/app\/uploads\/2022\/10\/craft-adv-warm-intensity-ls-M-slate-amber-1912518-992549.jpg","width":600,"height":600,"caption":"craft-adv-warm-intensity-ls-M-slate-amber-1912518-992549"},{"@type":"BreadcrumbList","@id":"https:\/\/www.miomiorun.com\/fr\/produit\/adv-warm-intensity-ls-homme\/#breadcrumb","itemListElement":[{"@type":"ListItem","position":1,"name":"Home","item":"https:\/\/www.miomiorun.com\/fr\/home-page\/"},{"@type":"ListItem","position":2,"name":"Shop","item":"https:\/\/www.miomiorun.com\/shop\/"},{"@type":"ListItem","position":3,"name":"ADV Warm Intensity LS homme"}]},{"@type":"WebSite","@id":"https:\/\/www.miomiorun.com\/fr\/#website","url":"https:\/\/www.miomiorun.com\/fr\/","name":"MioMioRun","description":"Boutique 100% running et trail","publisher":{"@id":"https:\/\/www.miomiorun.com\/fr\/#organization"},"potentialAction":[{"@type":"SearchAction","target":{"@type":"EntryPoint","urlTemplate":"https:\/\/www.miomiorun.com\/fr\/?s={search_term_string}"},"query-input":{"@type":"PropertyValueSpecification","valueRequired":true,"valueName":"search_term_string"}}],"inLanguage":"fr-FR"},{"@type":"Organization","@id":"https:\/\/www.miomiorun.com\/fr\/#organization","name":"MioMio Run","url":"https:\/\/www.miomiorun.com\/fr\/","logo":{"@type":"ImageObject","inLanguage":"fr-FR","@id":"https:\/\/www.miomiorun.com\/fr\/#\/schema\/logo\/image\/","url":"https:\/\/www.miomiorun.com\/app\/uploads\/2019\/12\/logomio.png","contentUrl":"https:\/\/www.miomiorun.com\/app\/uploads\/2019\/12\/logomio.png","width":115,"height":82,"caption":"MioMio Run"},"image":{"@id":"https:\/\/www.miomiorun.com\/fr\/#\/schema\/logo\/image\/"},"sameAs":["https:\/\/www.facebook.com\/miomiorun\/","https:\/\/www.instagram.com\/miomiorun\/"]}]}},"_links":{"self":[{"href":"https:\/\/www.miomiorun.com\/fr\/wp-json\/wp\/v2\/product\/284305","targetHints":{"allow":["GET"]}}],"collection":[{"href":"https:\/\/www.miomiorun.com\/fr\/wp-json\/wp\/v2\/product"}],"about":[{"href":"https:\/\/www.miomiorun.com\/fr\/wp-json\/wp\/v2\/types\/product"}],"wp:featuredmedia":[{"embeddable":true,"href":"https:\/\/www.miomiorun.com\/fr\/wp-json\/wp\/v2\/media\/238370"}],"wp:attachment":[{"href":"https:\/\/www.miomiorun.com\/fr\/wp-json\/wp\/v2\/media?parent=284305"}],"wp:term":[{"taxonomy":"product_brand","embeddable":true,"href":"https:\/\/www.miomiorun.com\/fr\/wp-json\/wp\/v2\/product_brand?post=284305"},{"taxonomy":"product_cat","embeddable":true,"href":"https:\/\/www.miomiorun.com\/fr\/wp-json\/wp\/v2\/product_cat?post=284305"},{"taxonomy":"product_tag","embeddable":true,"href":"https:\/\/www.miomiorun.com\/fr\/wp-json\/wp\/v2\/product_tag?post=284305"}],"curies":[{"name":"wp","href":"https:\/\/api.w.org\/{rel}","templated":true}]}}