{"id":284293,"date":"2022-10-18T17:38:10","date_gmt":"2022-10-18T15:38:10","guid":{"rendered":"https:\/\/miomiorun.com\/prodotto\/adv-active-extreme-x-pants-donna\/"},"modified":"2025-09-17T12:29:54","modified_gmt":"2025-09-17T10:29:54","slug":"adv-active-extreme-x-pants-femme","status":"publish","type":"product","link":"https:\/\/www.miomiorun.com\/fr\/produit\/adv-active-extreme-x-pants-femme\/","title":{"rendered":"ADV Active Extreme X Pants femme"},"content":{"rendered":"<div id=\"tw-target-text-container\" class=\"tw-ta-container F0azHf tw-nfl\">\n<p><strong>Active Extreme X Pants<\/strong> dans sa version pour femmes est un pantalon de base hautement fonctionnel con\u00e7u pour la course et les entra\u00eenements intensifs dans des conditions hivernales douces \u00e0 froides.<\/p>\n<p>Ce v\u00eatement haute performance combine du polyester SEAQUAL l\u00e9ger, la technologie Coolmax Air et du polyester recycl\u00e9 pour offrir une gestion exceptionnelle de la temp\u00e9rature corporelle pendant les activit\u00e9s intenses. De plus, il est dot\u00e9 d&#8217;un design en maille gaufr\u00e9e pour un meilleur transfert de l&#8217;humidit\u00e9 et un confort accru. Sa grande \u00e9lasticit\u00e9 et sa coupe ergonomique garantissent une libert\u00e9 de mouvement optimale, tandis que les empi\u00e8cements en mesh r\u00e9partis sur le corps offrent une ventilation suppl\u00e9mentaire l\u00e0 o\u00f9 elle est le plus n\u00e9cessaire. Un favori \u00e9prouv\u00e9 parmi les athl\u00e8tes d&#8217;\u00e9lite et les h\u00e9ros du quotidien.<\/p>\n<p><strong>Tissu \u00e9cologique SEAQUAL<\/strong><br \/>\nL&#8217;initiative SEAQUAL lutte contre la pollution plastique et contribue \u00e0 nettoyer nos oc\u00e9ans des d\u00e9chets marins, guidant ainsi la soci\u00e9t\u00e9 vers la circularit\u00e9. Fruit de notre ambition d&#8217;assumer l&#8217;enti\u00e8re responsabilit\u00e9 de la cha\u00eene de valeur, le pantalon Active Extreme X est fabriqu\u00e9 \u00e0 partir de plastique marin recycl\u00e9, un mat\u00e9riau 100 % recycl\u00e9. Le tissu recycl\u00e9 SEAQUAL est non seulement \u00e9cologique, mais il offre \u00e9galement une excellente \u00e9vacuation de l&#8217;humidit\u00e9 et une ventilation exceptionnelle.<\/p>\n<p><strong>Technologie Coolmax Air<\/strong><br \/>\nLes tissus Coolmax Air Technology sont con\u00e7us pour optimiser la gestion naturelle de la temp\u00e9rature corporelle, tant dans des conditions froides que chaudes. Caract\u00e9ris\u00e9 par des fibres de polyester avec une section transversale exclusive en forme d&#8217;h\u00e9lice, le tissu offre une excellente thermor\u00e9gulation pour des performances optimales. Des tests ont d\u00e9montr\u00e9 que les v\u00eatements fabriqu\u00e9s avec la technologie Coolmax Air offrent une gestion sup\u00e9rieure de la temp\u00e9rature corporelle, un grand confort et un excellent effet de s\u00e9chage rapide.<\/p>\n<p><strong>CARACT\u00c9RISTIQUES :<\/strong><\/p>\n<p>&#8211; Tissu fin, l\u00e9ger et \u00e9lastique<br \/>\n&#8211; Polyester SEAQUAL fabriqu\u00e9 \u00e0 partir de plastique recycl\u00e9<br \/>\n&#8211; Technologie Coolmax Air<br \/>\n&#8211; Conception en maille gaufr\u00e9e pour un transport maximal de l&#8217;humidit\u00e9 et un confort optimal<br \/>\n&#8211; Empi\u00e8cements en mesh bodymapped pour une meilleure ventilation<br \/>\n&#8211; Coutures flatlock qui suivent les mouvements du corps<br \/>\n&#8211; Coupe ajust\u00e9e<br \/>\n&#8211; Transport de l&#8217;humidit\u00e9 : 5 sur 5<br \/>\n&#8211; Niveau d&#8217;activit\u00e9 : 5 sur 5<br \/>\n&#8211; Temp\u00e9rature : de -5 \u00b0C \u00e0 +10 \u00b0C<\/p>\n<\/div>\n<div id=\"tw-target-rmn-container\" class=\"tw-target-rmn tw-ta-container F0azHf tw-nfl\">\n<pre id=\"tw-target-rmn\" class=\"tw-data-placeholder tw-text-small tw-ta\" dir=\"ltr\" data-placeholder=\"\"><\/pre>\n<\/div>\n","protected":false},"excerpt":{"rendered":"<p>&#8211; Tissu fin, l\u00e9ger et \u00e9lastique<br \/>\n&#8211; Polyester SEAQUAL fabriqu\u00e9 \u00e0 partir de plastique recycl\u00e9<br \/>\n&#8211; Technologie Coolmax<\/p>\n","protected":false},"featured_media":238378,"template":"","meta":{"_acf_changed":false,"inline_featured_image":false},"product_brand":[],"product_cat":[22603,22596],"product_tag":[23554,23648],"class_list":{"0":"post-284293","1":"product","2":"type-product","3":"status-publish","4":"has-post-thumbnail","6":"product_cat-pantalon-long","7":"product_cat-vetements-pour-femmes","8":"product_tag-craft-fr","9":"product_tag-craft-femme","10":"pa_attivita-marcher","11":"pa_attivita-running-fr","12":"pa_colore-active-extreme-x-pants-w-black-fr","13":"pa_marca-craft-fr","14":"pa_sesso-femme","15":"pa_size-extra-small-fr","16":"pa_size-small-fr","17":"pa_size-medium-fr","18":"pa_size-large-fr","20":"first","21":"instock","22":"sale","23":"taxable","24":"shipping-taxable","25":"purchasable","26":"product-type-variable","27":"wvs-archive-product-wrapper"},"acf":[],"yoast_head":"<!-- This site is optimized with the Yoast SEO plugin v26.8 - https:\/\/yoast.com\/product\/yoast-seo-wordpress\/ -->\n<title>Craft ADV Active Extreme X Pants femme - Pantalon - MioMioRun<\/title>\n<meta name=\"description\" content=\"Les pantalons Active Extreme X Pants pour femmes sont des pantalons de base hautement fonctionnels con\u00e7us pour la course et les entra\u00eenements \u00e0 haute intensit\u00e9.\" \/>\n<meta name=\"robots\" content=\"index, follow, max-snippet:-1, max-image-preview:large, max-video-preview:-1\" \/>\n<link rel=\"canonical\" href=\"https:\/\/www.miomiorun.com\/fr\/produit\/adv-active-extreme-x-pants-femme\/\" \/>\n<meta property=\"og:locale\" content=\"fr_FR\" \/>\n<meta property=\"og:type\" content=\"article\" \/>\n<meta property=\"og:title\" content=\"Craft ADV Active Extreme X Pants femme - Pantalon - MioMioRun\" \/>\n<meta property=\"og:description\" content=\"Les pantalons Active Extreme X Pants pour femmes sont des pantalons de base hautement fonctionnels con\u00e7us pour la course et les entra\u00eenements \u00e0 haute intensit\u00e9.\" \/>\n<meta property=\"og:url\" content=\"https:\/\/www.miomiorun.com\/fr\/produit\/adv-active-extreme-x-pants-femme\/\" \/>\n<meta property=\"og:site_name\" content=\"MioMioRun\" \/>\n<meta property=\"article:publisher\" content=\"https:\/\/www.facebook.com\/miomiorun\/\" \/>\n<meta property=\"article:modified_time\" content=\"2025-09-17T10:29:54+00:00\" \/>\n<meta property=\"og:image\" content=\"https:\/\/www.miomiorun.com\/app\/uploads\/2022\/10\/craft-active-extreme-x-pants-W-black-1909677-999000.jpg\" \/>\n\t<meta property=\"og:image:width\" content=\"600\" \/>\n\t<meta property=\"og:image:height\" content=\"600\" \/>\n\t<meta property=\"og:image:type\" content=\"image\/jpeg\" \/>\n<meta name=\"twitter:card\" content=\"summary_large_image\" \/>\n<meta name=\"twitter:label1\" content=\"Est. reading time\" \/>\n\t<meta name=\"twitter:data1\" content=\"2 minutes\" \/>\n<script type=\"application\/ld+json\" class=\"yoast-schema-graph\">{\"@context\":\"https:\/\/schema.org\",\"@graph\":[{\"@type\":\"WebPage\",\"@id\":\"https:\/\/www.miomiorun.com\/fr\/produit\/adv-active-extreme-x-pants-femme\/\",\"url\":\"https:\/\/www.miomiorun.com\/fr\/produit\/adv-active-extreme-x-pants-femme\/\",\"name\":\"Craft ADV Active Extreme X Pants femme - Pantalon - MioMioRun\",\"isPartOf\":{\"@id\":\"https:\/\/www.miomiorun.com\/fr\/#website\"},\"primaryImageOfPage\":{\"@id\":\"https:\/\/www.miomiorun.com\/fr\/produit\/adv-active-extreme-x-pants-femme\/#primaryimage\"},\"image\":{\"@id\":\"https:\/\/www.miomiorun.com\/fr\/produit\/adv-active-extreme-x-pants-femme\/#primaryimage\"},\"thumbnailUrl\":\"https:\/\/www.miomiorun.com\/app\/uploads\/2022\/10\/craft-active-extreme-x-pants-W-black-1909677-999000.jpg\",\"datePublished\":\"2022-10-18T15:38:10+00:00\",\"dateModified\":\"2025-09-17T10:29:54+00:00\",\"description\":\"Les pantalons Active Extreme X Pants pour femmes sont des pantalons de base hautement fonctionnels con\u00e7us pour la course et les entra\u00eenements \u00e0 haute intensit\u00e9.\",\"breadcrumb\":{\"@id\":\"https:\/\/www.miomiorun.com\/fr\/produit\/adv-active-extreme-x-pants-femme\/#breadcrumb\"},\"inLanguage\":\"fr-FR\",\"potentialAction\":[{\"@type\":\"ReadAction\",\"target\":[\"https:\/\/www.miomiorun.com\/fr\/produit\/adv-active-extreme-x-pants-femme\/\"]}]},{\"@type\":\"ImageObject\",\"inLanguage\":\"fr-FR\",\"@id\":\"https:\/\/www.miomiorun.com\/fr\/produit\/adv-active-extreme-x-pants-femme\/#primaryimage\",\"url\":\"https:\/\/www.miomiorun.com\/app\/uploads\/2022\/10\/craft-active-extreme-x-pants-W-black-1909677-999000.jpg\",\"contentUrl\":\"https:\/\/www.miomiorun.com\/app\/uploads\/2022\/10\/craft-active-extreme-x-pants-W-black-1909677-999000.jpg\",\"width\":600,\"height\":600,\"caption\":\"craft-active-extreme-x-pants-W-black-1909677-999000\"},{\"@type\":\"BreadcrumbList\",\"@id\":\"https:\/\/www.miomiorun.com\/fr\/produit\/adv-active-extreme-x-pants-femme\/#breadcrumb\",\"itemListElement\":[{\"@type\":\"ListItem\",\"position\":1,\"name\":\"Home\",\"item\":\"https:\/\/www.miomiorun.com\/fr\/home-page\/\"},{\"@type\":\"ListItem\",\"position\":2,\"name\":\"Shop\",\"item\":\"https:\/\/www.miomiorun.com\/shop\/\"},{\"@type\":\"ListItem\",\"position\":3,\"name\":\"ADV Active Extreme X Pants femme\"}]},{\"@type\":\"WebSite\",\"@id\":\"https:\/\/www.miomiorun.com\/fr\/#website\",\"url\":\"https:\/\/www.miomiorun.com\/fr\/\",\"name\":\"MioMioRun\",\"description\":\"Boutique 100% running et trail\",\"publisher\":{\"@id\":\"https:\/\/www.miomiorun.com\/fr\/#organization\"},\"potentialAction\":[{\"@type\":\"SearchAction\",\"target\":{\"@type\":\"EntryPoint\",\"urlTemplate\":\"https:\/\/www.miomiorun.com\/fr\/?s={search_term_string}\"},\"query-input\":{\"@type\":\"PropertyValueSpecification\",\"valueRequired\":true,\"valueName\":\"search_term_string\"}}],\"inLanguage\":\"fr-FR\"},{\"@type\":\"Organization\",\"@id\":\"https:\/\/www.miomiorun.com\/fr\/#organization\",\"name\":\"MioMio Run\",\"url\":\"https:\/\/www.miomiorun.com\/fr\/\",\"logo\":{\"@type\":\"ImageObject\",\"inLanguage\":\"fr-FR\",\"@id\":\"https:\/\/www.miomiorun.com\/fr\/#\/schema\/logo\/image\/\",\"url\":\"https:\/\/www.miomiorun.com\/app\/uploads\/2019\/12\/logomio.png\",\"contentUrl\":\"https:\/\/www.miomiorun.com\/app\/uploads\/2019\/12\/logomio.png\",\"width\":115,\"height\":82,\"caption\":\"MioMio Run\"},\"image\":{\"@id\":\"https:\/\/www.miomiorun.com\/fr\/#\/schema\/logo\/image\/\"},\"sameAs\":[\"https:\/\/www.facebook.com\/miomiorun\/\",\"https:\/\/www.instagram.com\/miomiorun\/\"]}]}<\/script>\n<!-- \/ Yoast SEO plugin. -->","yoast_head_json":{"title":"Craft ADV Active Extreme X Pants femme - Pantalon - MioMioRun","description":"Les pantalons Active Extreme X Pants pour femmes sont des pantalons de base hautement fonctionnels con\u00e7us pour la course et les entra\u00eenements \u00e0 haute intensit\u00e9.","robots":{"index":"index","follow":"follow","max-snippet":"max-snippet:-1","max-image-preview":"max-image-preview:large","max-video-preview":"max-video-preview:-1"},"canonical":"https:\/\/www.miomiorun.com\/fr\/produit\/adv-active-extreme-x-pants-femme\/","og_locale":"fr_FR","og_type":"article","og_title":"Craft ADV Active Extreme X Pants femme - Pantalon - MioMioRun","og_description":"Les pantalons Active Extreme X Pants pour femmes sont des pantalons de base hautement fonctionnels con\u00e7us pour la course et les entra\u00eenements \u00e0 haute intensit\u00e9.","og_url":"https:\/\/www.miomiorun.com\/fr\/produit\/adv-active-extreme-x-pants-femme\/","og_site_name":"MioMioRun","article_publisher":"https:\/\/www.facebook.com\/miomiorun\/","article_modified_time":"2025-09-17T10:29:54+00:00","og_image":[{"width":600,"height":600,"url":"https:\/\/www.miomiorun.com\/app\/uploads\/2022\/10\/craft-active-extreme-x-pants-W-black-1909677-999000.jpg","type":"image\/jpeg"}],"twitter_card":"summary_large_image","twitter_misc":{"Est. reading time":"2 minutes"},"schema":{"@context":"https:\/\/schema.org","@graph":[{"@type":"WebPage","@id":"https:\/\/www.miomiorun.com\/fr\/produit\/adv-active-extreme-x-pants-femme\/","url":"https:\/\/www.miomiorun.com\/fr\/produit\/adv-active-extreme-x-pants-femme\/","name":"Craft ADV Active Extreme X Pants femme - Pantalon - MioMioRun","isPartOf":{"@id":"https:\/\/www.miomiorun.com\/fr\/#website"},"primaryImageOfPage":{"@id":"https:\/\/www.miomiorun.com\/fr\/produit\/adv-active-extreme-x-pants-femme\/#primaryimage"},"image":{"@id":"https:\/\/www.miomiorun.com\/fr\/produit\/adv-active-extreme-x-pants-femme\/#primaryimage"},"thumbnailUrl":"https:\/\/www.miomiorun.com\/app\/uploads\/2022\/10\/craft-active-extreme-x-pants-W-black-1909677-999000.jpg","datePublished":"2022-10-18T15:38:10+00:00","dateModified":"2025-09-17T10:29:54+00:00","description":"Les pantalons Active Extreme X Pants pour femmes sont des pantalons de base hautement fonctionnels con\u00e7us pour la course et les entra\u00eenements \u00e0 haute intensit\u00e9.","breadcrumb":{"@id":"https:\/\/www.miomiorun.com\/fr\/produit\/adv-active-extreme-x-pants-femme\/#breadcrumb"},"inLanguage":"fr-FR","potentialAction":[{"@type":"ReadAction","target":["https:\/\/www.miomiorun.com\/fr\/produit\/adv-active-extreme-x-pants-femme\/"]}]},{"@type":"ImageObject","inLanguage":"fr-FR","@id":"https:\/\/www.miomiorun.com\/fr\/produit\/adv-active-extreme-x-pants-femme\/#primaryimage","url":"https:\/\/www.miomiorun.com\/app\/uploads\/2022\/10\/craft-active-extreme-x-pants-W-black-1909677-999000.jpg","contentUrl":"https:\/\/www.miomiorun.com\/app\/uploads\/2022\/10\/craft-active-extreme-x-pants-W-black-1909677-999000.jpg","width":600,"height":600,"caption":"craft-active-extreme-x-pants-W-black-1909677-999000"},{"@type":"BreadcrumbList","@id":"https:\/\/www.miomiorun.com\/fr\/produit\/adv-active-extreme-x-pants-femme\/#breadcrumb","itemListElement":[{"@type":"ListItem","position":1,"name":"Home","item":"https:\/\/www.miomiorun.com\/fr\/home-page\/"},{"@type":"ListItem","position":2,"name":"Shop","item":"https:\/\/www.miomiorun.com\/shop\/"},{"@type":"ListItem","position":3,"name":"ADV Active Extreme X Pants femme"}]},{"@type":"WebSite","@id":"https:\/\/www.miomiorun.com\/fr\/#website","url":"https:\/\/www.miomiorun.com\/fr\/","name":"MioMioRun","description":"Boutique 100% running et trail","publisher":{"@id":"https:\/\/www.miomiorun.com\/fr\/#organization"},"potentialAction":[{"@type":"SearchAction","target":{"@type":"EntryPoint","urlTemplate":"https:\/\/www.miomiorun.com\/fr\/?s={search_term_string}"},"query-input":{"@type":"PropertyValueSpecification","valueRequired":true,"valueName":"search_term_string"}}],"inLanguage":"fr-FR"},{"@type":"Organization","@id":"https:\/\/www.miomiorun.com\/fr\/#organization","name":"MioMio Run","url":"https:\/\/www.miomiorun.com\/fr\/","logo":{"@type":"ImageObject","inLanguage":"fr-FR","@id":"https:\/\/www.miomiorun.com\/fr\/#\/schema\/logo\/image\/","url":"https:\/\/www.miomiorun.com\/app\/uploads\/2019\/12\/logomio.png","contentUrl":"https:\/\/www.miomiorun.com\/app\/uploads\/2019\/12\/logomio.png","width":115,"height":82,"caption":"MioMio Run"},"image":{"@id":"https:\/\/www.miomiorun.com\/fr\/#\/schema\/logo\/image\/"},"sameAs":["https:\/\/www.facebook.com\/miomiorun\/","https:\/\/www.instagram.com\/miomiorun\/"]}]}},"_links":{"self":[{"href":"https:\/\/www.miomiorun.com\/fr\/wp-json\/wp\/v2\/product\/284293","targetHints":{"allow":["GET"]}}],"collection":[{"href":"https:\/\/www.miomiorun.com\/fr\/wp-json\/wp\/v2\/product"}],"about":[{"href":"https:\/\/www.miomiorun.com\/fr\/wp-json\/wp\/v2\/types\/product"}],"wp:featuredmedia":[{"embeddable":true,"href":"https:\/\/www.miomiorun.com\/fr\/wp-json\/wp\/v2\/media\/238378"}],"wp:attachment":[{"href":"https:\/\/www.miomiorun.com\/fr\/wp-json\/wp\/v2\/media?parent=284293"}],"wp:term":[{"taxonomy":"product_brand","embeddable":true,"href":"https:\/\/www.miomiorun.com\/fr\/wp-json\/wp\/v2\/product_brand?post=284293"},{"taxonomy":"product_cat","embeddable":true,"href":"https:\/\/www.miomiorun.com\/fr\/wp-json\/wp\/v2\/product_cat?post=284293"},{"taxonomy":"product_tag","embeddable":true,"href":"https:\/\/www.miomiorun.com\/fr\/wp-json\/wp\/v2\/product_tag?post=284293"}],"curies":[{"name":"wp","href":"https:\/\/api.w.org\/{rel}","templated":true}]}}