{"id":284125,"date":"2022-10-20T11:51:11","date_gmt":"2022-10-20T09:51:11","guid":{"rendered":"https:\/\/miomiorun.com\/prodotto\/endorphin-kids\/"},"modified":"2025-12-04T18:06:11","modified_gmt":"2025-12-04T17:06:11","slug":"endorphin-kids","status":"publish","type":"product","link":"https:\/\/www.miomiorun.com\/fr\/produit\/endorphin-kids\/","title":{"rendered":"Endorphin Kids"},"content":{"rendered":"<div class=\"vc-row container\"><div class=\"vc-column\"><div class=\"vc-column-text\"><\/p>\n<h4>Caract\u00e9ristiques techniques<\/h4>\n<p>Cat\u00e9gorie : Amorti structur\u00e9<br \/>\nD\u00e9calage : 4 mm<br \/>\nId\u00e9al pour : les jeunes qui ont besoin d&#8217;une chaussure offrant un bon amorti et une bonne structure. Id\u00e9al pour les premiers pas dans le sport ou pour les jeunes qui ont d\u00e9j\u00e0 tendance \u00e0 courir sur des distances moyennes \u00e0 longues.<br \/>\n<a href=\"https:\/\/miomiorun.com\/fr\/guide-des-specificites\/\">Guide des sp\u00e9cifications techniques<\/a><\/p>\n<p> <\/div><\/div><div class=\"vc-column\"><div class=\"vc-column-text\"><\/p>\n<div class=\"bfx-product-desc col-xs-12 col-md-6\">\n<div class=\"description\">Issu de la collection Endorphin que vous adorez, sp\u00e9cialement con\u00e7u pour les enfants.<\/p>\n<div class=\"description\">R\u00e9sistant et respirant, il permet aux enfants de faire ce qu&#8217;ils font le mieux : courir et jouer. Les <strong>Endorphin KDZ<\/strong> sont dot\u00e9es d&#8217;une pointe plus haute qui propulse les enfants vers l&#8217;avant gr\u00e2ce \u00e0 une semelle interm\u00e9diaire inspir\u00e9e de la technologie SPEEDROLL pour adultes. <\/div>\n<\/div>\n<\/div>\n<div><\/div>\n<div><strong>CARACT\u00c9RISTIQUES :<\/strong><\/div>\n<div>-La semelle interm\u00e9diaire inspir\u00e9e de la technologie SPEEDROLL pour adultes offre une pointe plus haute qui propulse les enfants vers l&#8217;avant.<br \/>\n-Une semelle interm\u00e9diaire plus \u00e9paisse avec amorti PWRRUN offre un bon rebond et une sensation souple mais r\u00e9active.<br \/>\n-Drop de 4 mm.<br \/>\n-Semelle int\u00e9rieure moul\u00e9e haute performance FORMFIT.<br \/>\n-Fermeture traditionnelle \u00e0 lacets.<br \/>\n-Tige en mesh l\u00e9ger pour une meilleure respirabilit\u00e9<br \/>\n-Embout renforc\u00e9 pour une plus grande durabilit\u00e9<br \/>\n-Doublures en PET recycl\u00e9<br \/>\n-La doublure anti-odeurs aide \u00e0 r\u00e9duire les odeurs<br \/>\n-Semelle en caoutchouc plein non marquant pour une plus grande durabilit\u00e9<\/div>\n<div><\/div>\n<p><\/div><\/div><\/div>\n","protected":false},"excerpt":{"rendered":"<p>-Pointe renforc\u00e9e pour une plus grande durabilit\u00e9<br \/>\n-Doublures en PET recycl\u00e9<br \/>\n-La doublure anti-odeurs aide \u00e0 r\u00e9duire les odeurs<\/p>\n","protected":false},"featured_media":238300,"template":"","meta":{"_acf_changed":false,"inline_featured_image":false},"product_brand":[],"product_cat":[22594,22593,22590],"product_tag":[23579,24184,24189],"class_list":{"0":"post-284125","1":"product","2":"type-product","3":"status-publish","4":"has-post-thumbnail","6":"product_cat-chaussures-pour-enfants","7":"product_cat-chaussures-pour-filles","8":"product_cat-enfant","9":"product_tag-saucony-fr","10":"product_tag-saucony-fille","11":"product_tag-saucony-garcon","12":"pa_attivita-fitness-fr","13":"pa_attivita-lifestyle-fr","14":"pa_attivita-marcher","15":"pa_attivita-running-fr","16":"pa_colore-endorphin-kdz-blu-silver-fr","17":"pa_colore-endorphin-kdz-magenta-fr","18":"pa_colore-endorphin-kdz-navy-citron-fr","19":"pa_colore-endorphin-kdz-orange-grey-fr","20":"pa_marca-saucony-fr","21":"pa_sesso-femme","22":"pa_sesso-homme","23":"pa_size-36-fr","24":"pa_size-37-fr","25":"pa_size-37-5-fr","27":"first","28":"instock","29":"sale","30":"taxable","31":"shipping-taxable","32":"purchasable","33":"product-type-variable","34":"wvs-archive-product-wrapper"},"acf":[],"yoast_head":"<!-- This site is optimized with the Yoast SEO plugin v26.8 - https:\/\/yoast.com\/product\/yoast-seo-wordpress\/ -->\n<title>Endorphin Kids - chaussures de course enfants - MioMioRun<\/title>\n<meta name=\"description\" content=\"Issu de la collection Endorphin que vous adorez, sp\u00e9cialement con\u00e7u pour les enfants. R\u00e9sistant et respirant, il permet aux enfants de courir en toute libert\u00e9.\" \/>\n<meta name=\"robots\" content=\"index, follow, max-snippet:-1, max-image-preview:large, max-video-preview:-1\" \/>\n<link rel=\"canonical\" href=\"https:\/\/www.miomiorun.com\/fr\/produit\/endorphin-kids\/\" \/>\n<meta property=\"og:locale\" content=\"fr_FR\" \/>\n<meta property=\"og:type\" content=\"article\" \/>\n<meta property=\"og:title\" content=\"Endorphin Kids - chaussures de course enfants - MioMioRun\" \/>\n<meta property=\"og:description\" content=\"Issu de la collection Endorphin que vous adorez, sp\u00e9cialement con\u00e7u pour les enfants. R\u00e9sistant et respirant, il permet aux enfants de courir en toute libert\u00e9.\" \/>\n<meta property=\"og:url\" content=\"https:\/\/www.miomiorun.com\/fr\/produit\/endorphin-kids\/\" \/>\n<meta property=\"og:site_name\" content=\"MioMioRun\" \/>\n<meta property=\"article:publisher\" content=\"https:\/\/www.facebook.com\/miomiorun\/\" \/>\n<meta property=\"article:modified_time\" content=\"2025-12-04T17:06:11+00:00\" \/>\n<meta property=\"og:image\" content=\"https:\/\/www.miomiorun.com\/app\/uploads\/2022\/10\/saucony-endorphin-kdz-vizi-gold-SK265787.jpg\" \/>\n\t<meta property=\"og:image:width\" content=\"600\" \/>\n\t<meta property=\"og:image:height\" content=\"600\" \/>\n\t<meta property=\"og:image:type\" content=\"image\/jpeg\" \/>\n<meta name=\"twitter:card\" content=\"summary_large_image\" \/>\n<meta name=\"twitter:label1\" content=\"Est. reading time\" \/>\n\t<meta name=\"twitter:data1\" content=\"1 minute\" \/>\n<script type=\"application\/ld+json\" class=\"yoast-schema-graph\">{\"@context\":\"https:\/\/schema.org\",\"@graph\":[{\"@type\":\"WebPage\",\"@id\":\"https:\/\/www.miomiorun.com\/fr\/produit\/endorphin-kids\/\",\"url\":\"https:\/\/www.miomiorun.com\/fr\/produit\/endorphin-kids\/\",\"name\":\"Endorphin Kids - chaussures de course enfants - MioMioRun\",\"isPartOf\":{\"@id\":\"https:\/\/www.miomiorun.com\/fr\/#website\"},\"primaryImageOfPage\":{\"@id\":\"https:\/\/www.miomiorun.com\/fr\/produit\/endorphin-kids\/#primaryimage\"},\"image\":{\"@id\":\"https:\/\/www.miomiorun.com\/fr\/produit\/endorphin-kids\/#primaryimage\"},\"thumbnailUrl\":\"https:\/\/www.miomiorun.com\/app\/uploads\/2022\/10\/saucony-endorphin-kdz-vizi-gold-SK265787.jpg\",\"datePublished\":\"2022-10-20T09:51:11+00:00\",\"dateModified\":\"2025-12-04T17:06:11+00:00\",\"description\":\"Issu de la collection Endorphin que vous adorez, sp\u00e9cialement con\u00e7u pour les enfants. R\u00e9sistant et respirant, il permet aux enfants de courir en toute libert\u00e9.\",\"breadcrumb\":{\"@id\":\"https:\/\/www.miomiorun.com\/fr\/produit\/endorphin-kids\/#breadcrumb\"},\"inLanguage\":\"fr-FR\",\"potentialAction\":[{\"@type\":\"ReadAction\",\"target\":[\"https:\/\/www.miomiorun.com\/fr\/produit\/endorphin-kids\/\"]}]},{\"@type\":\"ImageObject\",\"inLanguage\":\"fr-FR\",\"@id\":\"https:\/\/www.miomiorun.com\/fr\/produit\/endorphin-kids\/#primaryimage\",\"url\":\"https:\/\/www.miomiorun.com\/app\/uploads\/2022\/10\/saucony-endorphin-kdz-vizi-gold-SK265787.jpg\",\"contentUrl\":\"https:\/\/www.miomiorun.com\/app\/uploads\/2022\/10\/saucony-endorphin-kdz-vizi-gold-SK265787.jpg\",\"width\":600,\"height\":600,\"caption\":\"saucony-endorphin-kdz-vizi-gold-SK265787\"},{\"@type\":\"BreadcrumbList\",\"@id\":\"https:\/\/www.miomiorun.com\/fr\/produit\/endorphin-kids\/#breadcrumb\",\"itemListElement\":[{\"@type\":\"ListItem\",\"position\":1,\"name\":\"Home\",\"item\":\"https:\/\/www.miomiorun.com\/fr\/home-page\/\"},{\"@type\":\"ListItem\",\"position\":2,\"name\":\"Shop\",\"item\":\"https:\/\/www.miomiorun.com\/shop\/\"},{\"@type\":\"ListItem\",\"position\":3,\"name\":\"Endorphin Kids\"}]},{\"@type\":\"WebSite\",\"@id\":\"https:\/\/www.miomiorun.com\/fr\/#website\",\"url\":\"https:\/\/www.miomiorun.com\/fr\/\",\"name\":\"MioMioRun\",\"description\":\"Boutique 100% running et trail\",\"publisher\":{\"@id\":\"https:\/\/www.miomiorun.com\/fr\/#organization\"},\"potentialAction\":[{\"@type\":\"SearchAction\",\"target\":{\"@type\":\"EntryPoint\",\"urlTemplate\":\"https:\/\/www.miomiorun.com\/fr\/?s={search_term_string}\"},\"query-input\":{\"@type\":\"PropertyValueSpecification\",\"valueRequired\":true,\"valueName\":\"search_term_string\"}}],\"inLanguage\":\"fr-FR\"},{\"@type\":\"Organization\",\"@id\":\"https:\/\/www.miomiorun.com\/fr\/#organization\",\"name\":\"MioMio Run\",\"url\":\"https:\/\/www.miomiorun.com\/fr\/\",\"logo\":{\"@type\":\"ImageObject\",\"inLanguage\":\"fr-FR\",\"@id\":\"https:\/\/www.miomiorun.com\/fr\/#\/schema\/logo\/image\/\",\"url\":\"https:\/\/www.miomiorun.com\/app\/uploads\/2019\/12\/logomio.png\",\"contentUrl\":\"https:\/\/www.miomiorun.com\/app\/uploads\/2019\/12\/logomio.png\",\"width\":115,\"height\":82,\"caption\":\"MioMio Run\"},\"image\":{\"@id\":\"https:\/\/www.miomiorun.com\/fr\/#\/schema\/logo\/image\/\"},\"sameAs\":[\"https:\/\/www.facebook.com\/miomiorun\/\",\"https:\/\/www.instagram.com\/miomiorun\/\"]}]}<\/script>\n<!-- \/ Yoast SEO plugin. -->","yoast_head_json":{"title":"Endorphin Kids - chaussures de course enfants - MioMioRun","description":"Issu de la collection Endorphin que vous adorez, sp\u00e9cialement con\u00e7u pour les enfants. R\u00e9sistant et respirant, il permet aux enfants de courir en toute libert\u00e9.","robots":{"index":"index","follow":"follow","max-snippet":"max-snippet:-1","max-image-preview":"max-image-preview:large","max-video-preview":"max-video-preview:-1"},"canonical":"https:\/\/www.miomiorun.com\/fr\/produit\/endorphin-kids\/","og_locale":"fr_FR","og_type":"article","og_title":"Endorphin Kids - chaussures de course enfants - MioMioRun","og_description":"Issu de la collection Endorphin que vous adorez, sp\u00e9cialement con\u00e7u pour les enfants. R\u00e9sistant et respirant, il permet aux enfants de courir en toute libert\u00e9.","og_url":"https:\/\/www.miomiorun.com\/fr\/produit\/endorphin-kids\/","og_site_name":"MioMioRun","article_publisher":"https:\/\/www.facebook.com\/miomiorun\/","article_modified_time":"2025-12-04T17:06:11+00:00","og_image":[{"width":600,"height":600,"url":"https:\/\/www.miomiorun.com\/app\/uploads\/2022\/10\/saucony-endorphin-kdz-vizi-gold-SK265787.jpg","type":"image\/jpeg"}],"twitter_card":"summary_large_image","twitter_misc":{"Est. reading time":"1 minute"},"schema":{"@context":"https:\/\/schema.org","@graph":[{"@type":"WebPage","@id":"https:\/\/www.miomiorun.com\/fr\/produit\/endorphin-kids\/","url":"https:\/\/www.miomiorun.com\/fr\/produit\/endorphin-kids\/","name":"Endorphin Kids - chaussures de course enfants - MioMioRun","isPartOf":{"@id":"https:\/\/www.miomiorun.com\/fr\/#website"},"primaryImageOfPage":{"@id":"https:\/\/www.miomiorun.com\/fr\/produit\/endorphin-kids\/#primaryimage"},"image":{"@id":"https:\/\/www.miomiorun.com\/fr\/produit\/endorphin-kids\/#primaryimage"},"thumbnailUrl":"https:\/\/www.miomiorun.com\/app\/uploads\/2022\/10\/saucony-endorphin-kdz-vizi-gold-SK265787.jpg","datePublished":"2022-10-20T09:51:11+00:00","dateModified":"2025-12-04T17:06:11+00:00","description":"Issu de la collection Endorphin que vous adorez, sp\u00e9cialement con\u00e7u pour les enfants. R\u00e9sistant et respirant, il permet aux enfants de courir en toute libert\u00e9.","breadcrumb":{"@id":"https:\/\/www.miomiorun.com\/fr\/produit\/endorphin-kids\/#breadcrumb"},"inLanguage":"fr-FR","potentialAction":[{"@type":"ReadAction","target":["https:\/\/www.miomiorun.com\/fr\/produit\/endorphin-kids\/"]}]},{"@type":"ImageObject","inLanguage":"fr-FR","@id":"https:\/\/www.miomiorun.com\/fr\/produit\/endorphin-kids\/#primaryimage","url":"https:\/\/www.miomiorun.com\/app\/uploads\/2022\/10\/saucony-endorphin-kdz-vizi-gold-SK265787.jpg","contentUrl":"https:\/\/www.miomiorun.com\/app\/uploads\/2022\/10\/saucony-endorphin-kdz-vizi-gold-SK265787.jpg","width":600,"height":600,"caption":"saucony-endorphin-kdz-vizi-gold-SK265787"},{"@type":"BreadcrumbList","@id":"https:\/\/www.miomiorun.com\/fr\/produit\/endorphin-kids\/#breadcrumb","itemListElement":[{"@type":"ListItem","position":1,"name":"Home","item":"https:\/\/www.miomiorun.com\/fr\/home-page\/"},{"@type":"ListItem","position":2,"name":"Shop","item":"https:\/\/www.miomiorun.com\/shop\/"},{"@type":"ListItem","position":3,"name":"Endorphin Kids"}]},{"@type":"WebSite","@id":"https:\/\/www.miomiorun.com\/fr\/#website","url":"https:\/\/www.miomiorun.com\/fr\/","name":"MioMioRun","description":"Boutique 100% running et trail","publisher":{"@id":"https:\/\/www.miomiorun.com\/fr\/#organization"},"potentialAction":[{"@type":"SearchAction","target":{"@type":"EntryPoint","urlTemplate":"https:\/\/www.miomiorun.com\/fr\/?s={search_term_string}"},"query-input":{"@type":"PropertyValueSpecification","valueRequired":true,"valueName":"search_term_string"}}],"inLanguage":"fr-FR"},{"@type":"Organization","@id":"https:\/\/www.miomiorun.com\/fr\/#organization","name":"MioMio Run","url":"https:\/\/www.miomiorun.com\/fr\/","logo":{"@type":"ImageObject","inLanguage":"fr-FR","@id":"https:\/\/www.miomiorun.com\/fr\/#\/schema\/logo\/image\/","url":"https:\/\/www.miomiorun.com\/app\/uploads\/2019\/12\/logomio.png","contentUrl":"https:\/\/www.miomiorun.com\/app\/uploads\/2019\/12\/logomio.png","width":115,"height":82,"caption":"MioMio Run"},"image":{"@id":"https:\/\/www.miomiorun.com\/fr\/#\/schema\/logo\/image\/"},"sameAs":["https:\/\/www.facebook.com\/miomiorun\/","https:\/\/www.instagram.com\/miomiorun\/"]}]}},"_links":{"self":[{"href":"https:\/\/www.miomiorun.com\/fr\/wp-json\/wp\/v2\/product\/284125","targetHints":{"allow":["GET"]}}],"collection":[{"href":"https:\/\/www.miomiorun.com\/fr\/wp-json\/wp\/v2\/product"}],"about":[{"href":"https:\/\/www.miomiorun.com\/fr\/wp-json\/wp\/v2\/types\/product"}],"wp:featuredmedia":[{"embeddable":true,"href":"https:\/\/www.miomiorun.com\/fr\/wp-json\/wp\/v2\/media\/238300"}],"wp:attachment":[{"href":"https:\/\/www.miomiorun.com\/fr\/wp-json\/wp\/v2\/media?parent=284125"}],"wp:term":[{"taxonomy":"product_brand","embeddable":true,"href":"https:\/\/www.miomiorun.com\/fr\/wp-json\/wp\/v2\/product_brand?post=284125"},{"taxonomy":"product_cat","embeddable":true,"href":"https:\/\/www.miomiorun.com\/fr\/wp-json\/wp\/v2\/product_cat?post=284125"},{"taxonomy":"product_tag","embeddable":true,"href":"https:\/\/www.miomiorun.com\/fr\/wp-json\/wp\/v2\/product_tag?post=284125"}],"curies":[{"name":"wp","href":"https:\/\/api.w.org\/{rel}","templated":true}]}}