{"id":284095,"date":"2022-10-22T10:34:34","date_gmt":"2022-10-22T08:34:34","guid":{"rendered":"https:\/\/miomiorun.com\/prodotto\/stabilizing-cool-uomo\/"},"modified":"2025-09-17T12:30:35","modified_gmt":"2025-09-17T10:30:35","slug":"stabilizing-cool-homme","status":"publish","type":"product","link":"https:\/\/www.miomiorun.com\/fr\/produit\/stabilizing-cool-homme\/","title":{"rendered":"Stabilizing Cool homme"},"content":{"rendered":"<p><div class=\"vc-row container\"><div class=\"vc-column\"><div class=\"vc-column-text\">La chaussette <strong>Stabilizing Cool<\/strong> est un accessoire indispensable pour tous les coureurs, car elle pr\u00e9vient les risques d&#8217;entorse.<\/p>\n<p>La zone de compression stimule les r\u00e9cepteurs pour une r\u00e9action plus rapide en cas de mauvais positionnement et procure une agr\u00e9able sensation de fra\u00eecheur gr\u00e2ce \u00e0 la combinaison de fibres avec du <strong>Lyocell<\/strong>. Gr\u00e2ce \u00e0 son rembourrage moyen et \u00e0 son ajustement parfait, la chaussette Stabilizing Cool garantit une sensation de stabilit\u00e9 pendant la course.<\/p>\n<p><strong>CARACT\u00c9RISTIQUES :<\/strong><\/p>\n<ul class=\"product-features__list\">\n<li class=\"product-features__item\">R\u00e9duit le risque d&#8217;entorse<\/li>\n<li class=\"product-features__item\">La zone de compression stimule les r\u00e9cepteurs pour une r\u00e9ponse plus rapide au mauvais positionnement<\/li>\n<li class=\"product-features__item\">La combinaison de fibres avec du Lyocell procure une agr\u00e9able sensation de fra\u00eecheur<\/li>\n<li class=\"product-features__item\">Sensation de stabilit\u00e9 pendant la course<\/li>\n<li class=\"product-features__item\">Transport de l&#8217;humidit\u00e9 et s\u00e9chage plus rapide gr\u00e2ce \u00e0 la structure \u00e0 trois couches<\/li>\n<li class=\"product-features__item\">Ajustement parfait gr\u00e2ce au rembourrage des deux c\u00f4t\u00e9s et \u00e0 la forme des doigts<\/li>\n<\/ul>\n<p><\/div><\/div><\/div><div class=\"vc-row container\"><div class=\"vc-column\"><div class=\"vc-column-text\"><\/p>\n<div class=\"product-functional-symbols__image-container\"><img decoding=\"async\" class=\"product-functional-symbols__image aligncenter\" src=\"https:\/\/www.falke.com\/it_it\/9dd393d722265eb755772abd698b837041098075\/assets\/base\/staticImages\/functionalsymbols\/icon_feuchtigkeitsregulierend.svg\"><\/div>\n<div class=\"product-functional-symbols__name\" style=\"text-align: center\">R\u00e9gule l&#8217;humidit\u00e9<\/div>\n<p><\/div><div class=\"vc-column-text\"><\/p>\n<div class=\"product-functional-symbols__image-container\"><img decoding=\"async\" class=\"product-functional-symbols__image\" src=\"https:\/\/www.falke.com\/it_it\/7ce8ae0e8382e27e767d55937b0805f5f19ef321\/assets\/base\/staticImages\/functionalsymbols\/icon_daempfende-wirkung.svg\"><\/div>\n<div class=\"product-functional-symbols__name\" style=\"text-align: center\">Amortissant<\/div>\n<div class=\"product-functional-symbols__tooltip\">\n<div class=\"product-functional-symbols__tooltip-content\"><\/div>\n<\/div>\n<p><\/div><div class=\"vc-column-text\"><\/p>\n<div class=\"product-functional-symbols__image-container\"><img decoding=\"async\" class=\"product-functional-symbols__image aligncenter\" src=\"https:\/\/www.falke.com\/it_it\/9dd393d722265eb755772abd698b837041098075\/assets\/base\/staticImages\/functionalsymbols\/icon_schnellste_ruecktrocknung.svg\"><\/div>\n<div class=\"product-functional-symbols__name\" style=\"text-align: center\">S\u00e9chage plus rapide<\/div>\n<p><\/div><div class=\"vc-column-text\"><\/p>\n<div class=\"product-functional-symbols__image-container\"><img decoding=\"async\" class=\"product-functional-symbols__image aligncenter\" src=\"https:\/\/www.falke.com\/it_it\/9dd393d722265eb755772abd698b837041098075\/assets\/base\/staticImages\/functionalsymbols\/icon_cooling-effect.svg\"><\/div>\n<div class=\"product-functional-symbols__name\" style=\"text-align: center\">Effet rafra\u00eechissant<\/div>\n<p><\/div><\/div><\/div> <div class=\"vc-row container\"><div class=\"vc-column\"><div class=\"vc-column-text\"><strong>Mat\u00e9riau<\/strong> : 42 % polypropyl\u00e8ne, 30 % lyocell, 15 % polyamide, 12 % polyester, 1 % \u00e9lasthanne<\/p>\n<p><strong>Longueur de la tige<\/strong> : \u00c0 la cheville<\/p>\n<p><strong>Rembourrage<\/strong> : Moyen-\u00e9pais<\/p>\n<p><strong>Coupe :<\/strong> Anatomique .<\/p>\n<p><strong>Semelle<\/strong> : Normale .<\/p>\n<p><strong>Look<\/strong> : Sportif .<\/div><\/div><\/div><\/p>\n","protected":false},"excerpt":{"rendered":"","protected":false},"featured_media":238468,"template":"","meta":{"_acf_changed":false,"inline_featured_image":false},"product_brand":[],"product_cat":[24256,24482,24484],"product_tag":[23482,23606],"class_list":{"0":"post-284095","1":"product","2":"type-product","3":"status-publish","4":"has-post-thumbnail","6":"product_cat-chaussettes-fr","7":"product_cat-vetements-pour-hommes-fr","8":"product_cat-homme","9":"product_tag-falke-fr","10":"product_tag-falke-homme","11":"pa_attivita-marcher","12":"pa_attivita-running-fr","13":"pa_attivita-trail-fr","14":"pa_colore-stabilizing-cool-m-lightning-fr","15":"pa_marca-falke-fr","16":"pa_sesso-homme","17":"pa_size-39-41-fr","18":"pa_size-44-45-fr","19":"pa_size-46-48-fr","21":"first","22":"instock","23":"sale","24":"taxable","25":"shipping-taxable","26":"purchasable","27":"product-type-variable","28":"wvs-archive-product-wrapper"},"acf":[],"yoast_head":"<!-- This site is optimized with the Yoast SEO plugin v26.8 - https:\/\/yoast.com\/product\/yoast-seo-wordpress\/ -->\n<title>Falke Stabilizing Cool homme - Chaussettes de course - MioMioRun.com<\/title>\n<meta name=\"description\" content=\"La chaussette Stabilizing Cool est un accessoire indispensable pour tous les coureurs, car elle pr\u00e9vient les risques d&#039;entorse.\" \/>\n<meta name=\"robots\" content=\"index, follow, max-snippet:-1, max-image-preview:large, max-video-preview:-1\" \/>\n<link rel=\"canonical\" href=\"https:\/\/www.miomiorun.com\/fr\/produit\/stabilizing-cool-homme\/\" \/>\n<meta property=\"og:locale\" content=\"fr_FR\" \/>\n<meta property=\"og:type\" content=\"article\" \/>\n<meta property=\"og:title\" content=\"Falke Stabilizing Cool homme - Chaussettes de course - MioMioRun.com\" \/>\n<meta property=\"og:description\" content=\"La chaussette Stabilizing Cool est un accessoire indispensable pour tous les coureurs, car elle pr\u00e9vient les risques d&#039;entorse.\" \/>\n<meta property=\"og:url\" content=\"https:\/\/www.miomiorun.com\/fr\/produit\/stabilizing-cool-homme\/\" \/>\n<meta property=\"og:site_name\" content=\"MioMioRun\" \/>\n<meta property=\"article:publisher\" content=\"https:\/\/www.facebook.com\/miomiorun\/\" \/>\n<meta property=\"article:modified_time\" content=\"2025-09-17T10:30:35+00:00\" \/>\n<meta property=\"og:image\" content=\"https:\/\/www.miomiorun.com\/app\/uploads\/2022\/10\/falke-stabilizing-cool-M-lightning-16077-1690.jpg\" \/>\n\t<meta property=\"og:image:width\" content=\"600\" \/>\n\t<meta property=\"og:image:height\" content=\"600\" \/>\n\t<meta property=\"og:image:type\" content=\"image\/jpeg\" \/>\n<meta name=\"twitter:card\" content=\"summary_large_image\" \/>\n<meta name=\"twitter:label1\" content=\"Est. reading time\" \/>\n\t<meta name=\"twitter:data1\" content=\"1 minute\" \/>\n<script type=\"application\/ld+json\" class=\"yoast-schema-graph\">{\"@context\":\"https:\/\/schema.org\",\"@graph\":[{\"@type\":\"WebPage\",\"@id\":\"https:\/\/www.miomiorun.com\/fr\/produit\/stabilizing-cool-homme\/\",\"url\":\"https:\/\/www.miomiorun.com\/fr\/produit\/stabilizing-cool-homme\/\",\"name\":\"Falke Stabilizing Cool homme - Chaussettes de course - MioMioRun.com\",\"isPartOf\":{\"@id\":\"https:\/\/www.miomiorun.com\/fr\/#website\"},\"primaryImageOfPage\":{\"@id\":\"https:\/\/www.miomiorun.com\/fr\/produit\/stabilizing-cool-homme\/#primaryimage\"},\"image\":{\"@id\":\"https:\/\/www.miomiorun.com\/fr\/produit\/stabilizing-cool-homme\/#primaryimage\"},\"thumbnailUrl\":\"https:\/\/www.miomiorun.com\/app\/uploads\/2022\/10\/falke-stabilizing-cool-M-lightning-16077-1690.jpg\",\"datePublished\":\"2022-10-22T08:34:34+00:00\",\"dateModified\":\"2025-09-17T10:30:35+00:00\",\"description\":\"La chaussette Stabilizing Cool est un accessoire indispensable pour tous les coureurs, car elle pr\u00e9vient les risques d'entorse.\",\"breadcrumb\":{\"@id\":\"https:\/\/www.miomiorun.com\/fr\/produit\/stabilizing-cool-homme\/#breadcrumb\"},\"inLanguage\":\"fr-FR\",\"potentialAction\":[{\"@type\":\"ReadAction\",\"target\":[\"https:\/\/www.miomiorun.com\/fr\/produit\/stabilizing-cool-homme\/\"]}]},{\"@type\":\"ImageObject\",\"inLanguage\":\"fr-FR\",\"@id\":\"https:\/\/www.miomiorun.com\/fr\/produit\/stabilizing-cool-homme\/#primaryimage\",\"url\":\"https:\/\/www.miomiorun.com\/app\/uploads\/2022\/10\/falke-stabilizing-cool-M-lightning-16077-1690.jpg\",\"contentUrl\":\"https:\/\/www.miomiorun.com\/app\/uploads\/2022\/10\/falke-stabilizing-cool-M-lightning-16077-1690.jpg\",\"width\":600,\"height\":600,\"caption\":\"falke-stabilizing-cool-M-lightning-16077-1690\"},{\"@type\":\"BreadcrumbList\",\"@id\":\"https:\/\/www.miomiorun.com\/fr\/produit\/stabilizing-cool-homme\/#breadcrumb\",\"itemListElement\":[{\"@type\":\"ListItem\",\"position\":1,\"name\":\"Home\",\"item\":\"https:\/\/www.miomiorun.com\/fr\/home-page\/\"},{\"@type\":\"ListItem\",\"position\":2,\"name\":\"Shop\",\"item\":\"https:\/\/www.miomiorun.com\/shop\/\"},{\"@type\":\"ListItem\",\"position\":3,\"name\":\"Stabilizing Cool homme\"}]},{\"@type\":\"WebSite\",\"@id\":\"https:\/\/www.miomiorun.com\/fr\/#website\",\"url\":\"https:\/\/www.miomiorun.com\/fr\/\",\"name\":\"MioMioRun\",\"description\":\"Boutique 100% running et trail\",\"publisher\":{\"@id\":\"https:\/\/www.miomiorun.com\/fr\/#organization\"},\"potentialAction\":[{\"@type\":\"SearchAction\",\"target\":{\"@type\":\"EntryPoint\",\"urlTemplate\":\"https:\/\/www.miomiorun.com\/fr\/?s={search_term_string}\"},\"query-input\":{\"@type\":\"PropertyValueSpecification\",\"valueRequired\":true,\"valueName\":\"search_term_string\"}}],\"inLanguage\":\"fr-FR\"},{\"@type\":\"Organization\",\"@id\":\"https:\/\/www.miomiorun.com\/fr\/#organization\",\"name\":\"MioMio Run\",\"url\":\"https:\/\/www.miomiorun.com\/fr\/\",\"logo\":{\"@type\":\"ImageObject\",\"inLanguage\":\"fr-FR\",\"@id\":\"https:\/\/www.miomiorun.com\/fr\/#\/schema\/logo\/image\/\",\"url\":\"https:\/\/www.miomiorun.com\/app\/uploads\/2019\/12\/logomio.png\",\"contentUrl\":\"https:\/\/www.miomiorun.com\/app\/uploads\/2019\/12\/logomio.png\",\"width\":115,\"height\":82,\"caption\":\"MioMio Run\"},\"image\":{\"@id\":\"https:\/\/www.miomiorun.com\/fr\/#\/schema\/logo\/image\/\"},\"sameAs\":[\"https:\/\/www.facebook.com\/miomiorun\/\",\"https:\/\/www.instagram.com\/miomiorun\/\"]}]}<\/script>\n<!-- \/ Yoast SEO plugin. -->","yoast_head_json":{"title":"Falke Stabilizing Cool homme - Chaussettes de course - MioMioRun.com","description":"La chaussette Stabilizing Cool est un accessoire indispensable pour tous les coureurs, car elle pr\u00e9vient les risques d'entorse.","robots":{"index":"index","follow":"follow","max-snippet":"max-snippet:-1","max-image-preview":"max-image-preview:large","max-video-preview":"max-video-preview:-1"},"canonical":"https:\/\/www.miomiorun.com\/fr\/produit\/stabilizing-cool-homme\/","og_locale":"fr_FR","og_type":"article","og_title":"Falke Stabilizing Cool homme - Chaussettes de course - MioMioRun.com","og_description":"La chaussette Stabilizing Cool est un accessoire indispensable pour tous les coureurs, car elle pr\u00e9vient les risques d'entorse.","og_url":"https:\/\/www.miomiorun.com\/fr\/produit\/stabilizing-cool-homme\/","og_site_name":"MioMioRun","article_publisher":"https:\/\/www.facebook.com\/miomiorun\/","article_modified_time":"2025-09-17T10:30:35+00:00","og_image":[{"width":600,"height":600,"url":"https:\/\/www.miomiorun.com\/app\/uploads\/2022\/10\/falke-stabilizing-cool-M-lightning-16077-1690.jpg","type":"image\/jpeg"}],"twitter_card":"summary_large_image","twitter_misc":{"Est. reading time":"1 minute"},"schema":{"@context":"https:\/\/schema.org","@graph":[{"@type":"WebPage","@id":"https:\/\/www.miomiorun.com\/fr\/produit\/stabilizing-cool-homme\/","url":"https:\/\/www.miomiorun.com\/fr\/produit\/stabilizing-cool-homme\/","name":"Falke Stabilizing Cool homme - Chaussettes de course - MioMioRun.com","isPartOf":{"@id":"https:\/\/www.miomiorun.com\/fr\/#website"},"primaryImageOfPage":{"@id":"https:\/\/www.miomiorun.com\/fr\/produit\/stabilizing-cool-homme\/#primaryimage"},"image":{"@id":"https:\/\/www.miomiorun.com\/fr\/produit\/stabilizing-cool-homme\/#primaryimage"},"thumbnailUrl":"https:\/\/www.miomiorun.com\/app\/uploads\/2022\/10\/falke-stabilizing-cool-M-lightning-16077-1690.jpg","datePublished":"2022-10-22T08:34:34+00:00","dateModified":"2025-09-17T10:30:35+00:00","description":"La chaussette Stabilizing Cool est un accessoire indispensable pour tous les coureurs, car elle pr\u00e9vient les risques d'entorse.","breadcrumb":{"@id":"https:\/\/www.miomiorun.com\/fr\/produit\/stabilizing-cool-homme\/#breadcrumb"},"inLanguage":"fr-FR","potentialAction":[{"@type":"ReadAction","target":["https:\/\/www.miomiorun.com\/fr\/produit\/stabilizing-cool-homme\/"]}]},{"@type":"ImageObject","inLanguage":"fr-FR","@id":"https:\/\/www.miomiorun.com\/fr\/produit\/stabilizing-cool-homme\/#primaryimage","url":"https:\/\/www.miomiorun.com\/app\/uploads\/2022\/10\/falke-stabilizing-cool-M-lightning-16077-1690.jpg","contentUrl":"https:\/\/www.miomiorun.com\/app\/uploads\/2022\/10\/falke-stabilizing-cool-M-lightning-16077-1690.jpg","width":600,"height":600,"caption":"falke-stabilizing-cool-M-lightning-16077-1690"},{"@type":"BreadcrumbList","@id":"https:\/\/www.miomiorun.com\/fr\/produit\/stabilizing-cool-homme\/#breadcrumb","itemListElement":[{"@type":"ListItem","position":1,"name":"Home","item":"https:\/\/www.miomiorun.com\/fr\/home-page\/"},{"@type":"ListItem","position":2,"name":"Shop","item":"https:\/\/www.miomiorun.com\/shop\/"},{"@type":"ListItem","position":3,"name":"Stabilizing Cool homme"}]},{"@type":"WebSite","@id":"https:\/\/www.miomiorun.com\/fr\/#website","url":"https:\/\/www.miomiorun.com\/fr\/","name":"MioMioRun","description":"Boutique 100% running et trail","publisher":{"@id":"https:\/\/www.miomiorun.com\/fr\/#organization"},"potentialAction":[{"@type":"SearchAction","target":{"@type":"EntryPoint","urlTemplate":"https:\/\/www.miomiorun.com\/fr\/?s={search_term_string}"},"query-input":{"@type":"PropertyValueSpecification","valueRequired":true,"valueName":"search_term_string"}}],"inLanguage":"fr-FR"},{"@type":"Organization","@id":"https:\/\/www.miomiorun.com\/fr\/#organization","name":"MioMio Run","url":"https:\/\/www.miomiorun.com\/fr\/","logo":{"@type":"ImageObject","inLanguage":"fr-FR","@id":"https:\/\/www.miomiorun.com\/fr\/#\/schema\/logo\/image\/","url":"https:\/\/www.miomiorun.com\/app\/uploads\/2019\/12\/logomio.png","contentUrl":"https:\/\/www.miomiorun.com\/app\/uploads\/2019\/12\/logomio.png","width":115,"height":82,"caption":"MioMio Run"},"image":{"@id":"https:\/\/www.miomiorun.com\/fr\/#\/schema\/logo\/image\/"},"sameAs":["https:\/\/www.facebook.com\/miomiorun\/","https:\/\/www.instagram.com\/miomiorun\/"]}]}},"_links":{"self":[{"href":"https:\/\/www.miomiorun.com\/fr\/wp-json\/wp\/v2\/product\/284095","targetHints":{"allow":["GET"]}}],"collection":[{"href":"https:\/\/www.miomiorun.com\/fr\/wp-json\/wp\/v2\/product"}],"about":[{"href":"https:\/\/www.miomiorun.com\/fr\/wp-json\/wp\/v2\/types\/product"}],"wp:featuredmedia":[{"embeddable":true,"href":"https:\/\/www.miomiorun.com\/fr\/wp-json\/wp\/v2\/media\/238468"}],"wp:attachment":[{"href":"https:\/\/www.miomiorun.com\/fr\/wp-json\/wp\/v2\/media?parent=284095"}],"wp:term":[{"taxonomy":"product_brand","embeddable":true,"href":"https:\/\/www.miomiorun.com\/fr\/wp-json\/wp\/v2\/product_brand?post=284095"},{"taxonomy":"product_cat","embeddable":true,"href":"https:\/\/www.miomiorun.com\/fr\/wp-json\/wp\/v2\/product_cat?post=284095"},{"taxonomy":"product_tag","embeddable":true,"href":"https:\/\/www.miomiorun.com\/fr\/wp-json\/wp\/v2\/product_tag?post=284095"}],"curies":[{"name":"wp","href":"https:\/\/api.w.org\/{rel}","templated":true}]}}