{"id":284056,"date":"2022-10-25T18:59:37","date_gmt":"2022-10-25T16:59:37","guid":{"rendered":"https:\/\/miomiorun.com\/prodotto\/ru3-donna\/"},"modified":"2025-09-18T09:30:01","modified_gmt":"2025-09-18T07:30:01","slug":"ru3-femme","status":"publish","type":"product","link":"https:\/\/www.miomiorun.com\/fr\/produit\/ru3-femme\/","title":{"rendered":"RU3 femme"},"content":{"rendered":"<p><div class=\"vc-row container\"><div class=\"vc-column\"><div class=\"vc-column-text\"><\/p>\n<div class=\"product-section product-detailed-page__section product-detailed-page__section--details\">\n<p><span class=\"asymetric-images__extra-text | html-teaser\">La chaussette de course pour femmes <strong>RU3<\/strong>&nbsp;est parfaite pour les coureuses occasionnelles gr\u00e2ce \u00e0 son rembourrage maximal. La chaussette garantit un amorti et un confort optimaux. De plus, le rembourrage pr\u00e9vient l&#8217;apparition d&#8217;ampoules en r\u00e9duisant les zones de pression. L&#8217;\u00e9vacuation efficace de l&#8217;humidit\u00e9 et l&#8217;ajustement parfait garantissent des moments de course agr\u00e9ables.<\/p>\n<p><strong>CARACT\u00c9RISTIQUES :<\/strong><\/p>\n<ul>\n<li class=\"product-features__item\">Rembourrage maximal pour une protection maximale contre les zones de pression<\/li>\n<li class=\"product-features__item\">Amorti \u00e9lev\u00e9 et confort maximal<\/li>\n<li class=\"product-features__item\">Transport de l&#8217;humidit\u00e9 et s\u00e9chage plus rapide gr\u00e2ce \u00e0 la structure \u00e0 trois couches<\/li>\n<li class=\"product-features__item\">Protection contre les ampoules gr\u00e2ce \u00e0 la r\u00e9duction des zones de pression<\/li>\n<li class=\"product-features__item\">Ajustement parfait gr\u00e2ce au rembourrage des deux c\u00f4t\u00e9s et \u00e0 la forme des doigts<\/li>\n<\/ul>\n<p><\/span><\/div>\n<p><\/div><\/div><\/div><div class=\"vc-row container\"><div class=\"vc-column\"><div class=\"vc-column-text\"><\/p>\n<div class=\"product-functional-symbols__image-container\"><img decoding=\"async\" class=\"product-functional-symbols__image aligncenter\" src=\"https:\/\/www.falke.com\/it_it\/9dd393d722265eb755772abd698b837041098075\/assets\/base\/staticImages\/functionalsymbols\/icon_feuchtigkeitsregulierend.svg\"><\/div>\n<div class=\"product-functional-symbols__name\" style=\"text-align: center\">R\u00e9gule l&#8217;humidit\u00e9<\/div>\n<p><\/div><\/div><div class=\"vc-column\"><div class=\"vc-column-text\"><img loading=\"lazy\" decoding=\"async\" class=\"product-functional-symbols__image\" src=\"https:\/\/www.falke.com\/it_it\/c5c163f4c436a6d5cac26cfd6ed02ad465473f2a\/assets\/base\/staticImages\/functionalsymbols\/icon_daempfende-wirkung.svg\" width=\"78\" height=\"78\"><\/p>\n<p>Effet amortissant<\/div><\/div><div class=\"vc-column\"><div class=\"vc-column-text\"><\/p>\n<div class=\"product-functional-symbols__image-container\"><img decoding=\"async\" class=\"product-functional-symbols__image aligncenter\" src=\"https:\/\/www.falke.com\/it_it\/9dd393d722265eb755772abd698b837041098075\/assets\/base\/staticImages\/functionalsymbols\/icon_schnellste_ruecktrocknung.svg\"><\/div>\n<div class=\"product-functional-symbols__name\" style=\"text-align: center\">S\u00e9chage plus rapide<\/div>\n<p><\/div><\/div><div class=\"vc-column\"><\/div><\/div> <div class=\"vc-row container\"><div class=\"vc-column\"><div class=\"vc-column-text\"><strong>Mat\u00e9riau&nbsp; : <\/strong>40 % polypropyl\u00e8ne, 25 % lyocell, 23 % polyamide, 10 % polyester, 2 % \u00e9lasthanne<\/p>\n<p><strong>Longueur de la jambe<\/strong> : mollet<\/p>\n<p><strong>Rembourrage :<\/strong> tr\u00e8s \u00e9pais<\/p>\n<p><strong>Coupe :<\/strong> anatomique<\/p>\n<p><strong>Semelle<\/strong> : normale<\/p>\n<p><strong>Look<\/strong> : sportif<\/div><\/div><\/div><\/p>\n","protected":false},"excerpt":{"rendered":"","protected":false},"featured_media":238492,"template":"","meta":{"_acf_changed":false,"inline_featured_image":false},"product_brand":[],"product_cat":[22597,22596,22595],"product_tag":[23482,23493],"class_list":{"0":"post-284056","1":"product","2":"type-product","3":"status-publish","4":"has-post-thumbnail","6":"product_cat-chaussettes","7":"product_cat-vetements-pour-femmes","8":"product_cat-femme","9":"product_tag-falke-fr","10":"product_tag-falke-femme","11":"pa_attivita-marcher","12":"pa_attivita-running-fr","13":"pa_colore-ru3-w-black-mix-fr","14":"pa_colore-ru3-w-white-mix-fr","15":"pa_marca-falke-fr","16":"pa_sesso-femme","17":"pa_size-37-38-fr","18":"pa_size-39-40-fr","19":"pa_size-41-42-fr","21":"first","22":"instock","23":"sale","24":"taxable","25":"shipping-taxable","26":"purchasable","27":"product-type-variable","28":"wvs-archive-product-wrapper"},"acf":[],"yoast_head":"<!-- This site is optimized with the Yoast SEO plugin v26.8 - https:\/\/yoast.com\/product\/yoast-seo-wordpress\/ -->\n<title>Falke RU3 femme - Chaussettes de course - MioMioRun.com<\/title>\n<meta name=\"description\" content=\"La chaussette de course pour femme RU3 est parfaite pour les coureuses occasionnelles gr\u00e2ce \u00e0 son rembourrage maximal. La chaussette garantit un amorti maximal.\" \/>\n<meta name=\"robots\" content=\"index, follow, max-snippet:-1, max-image-preview:large, max-video-preview:-1\" \/>\n<link rel=\"canonical\" href=\"https:\/\/www.miomiorun.com\/fr\/produit\/ru3-femme\/\" \/>\n<meta property=\"og:locale\" content=\"fr_FR\" \/>\n<meta property=\"og:type\" content=\"article\" \/>\n<meta property=\"og:title\" content=\"Falke RU3 femme - Chaussettes de course - MioMioRun.com\" \/>\n<meta property=\"og:description\" content=\"La chaussette de course pour femme RU3 est parfaite pour les coureuses occasionnelles gr\u00e2ce \u00e0 son rembourrage maximal. La chaussette garantit un amorti maximal.\" \/>\n<meta property=\"og:url\" content=\"https:\/\/www.miomiorun.com\/fr\/produit\/ru3-femme\/\" \/>\n<meta property=\"og:site_name\" content=\"MioMioRun\" \/>\n<meta property=\"article:publisher\" content=\"https:\/\/www.facebook.com\/miomiorun\/\" \/>\n<meta property=\"article:modified_time\" content=\"2025-09-18T07:30:01+00:00\" \/>\n<meta property=\"og:image\" content=\"https:\/\/www.miomiorun.com\/app\/uploads\/2022\/11\/falke-RU3-W-white-mix-16702-2020.jpg\" \/>\n\t<meta property=\"og:image:width\" content=\"600\" \/>\n\t<meta property=\"og:image:height\" content=\"600\" \/>\n\t<meta property=\"og:image:type\" content=\"image\/jpeg\" \/>\n<meta name=\"twitter:card\" content=\"summary_large_image\" \/>\n<meta name=\"twitter:label1\" content=\"Est. reading time\" \/>\n\t<meta name=\"twitter:data1\" content=\"1 minute\" \/>\n<script type=\"application\/ld+json\" class=\"yoast-schema-graph\">{\"@context\":\"https:\/\/schema.org\",\"@graph\":[{\"@type\":\"WebPage\",\"@id\":\"https:\/\/www.miomiorun.com\/fr\/produit\/ru3-femme\/\",\"url\":\"https:\/\/www.miomiorun.com\/fr\/produit\/ru3-femme\/\",\"name\":\"Falke RU3 femme - Chaussettes de course - MioMioRun.com\",\"isPartOf\":{\"@id\":\"https:\/\/www.miomiorun.com\/fr\/#website\"},\"primaryImageOfPage\":{\"@id\":\"https:\/\/www.miomiorun.com\/fr\/produit\/ru3-femme\/#primaryimage\"},\"image\":{\"@id\":\"https:\/\/www.miomiorun.com\/fr\/produit\/ru3-femme\/#primaryimage\"},\"thumbnailUrl\":\"https:\/\/www.miomiorun.com\/app\/uploads\/2022\/11\/falke-RU3-W-white-mix-16702-2020.jpg\",\"datePublished\":\"2022-10-25T16:59:37+00:00\",\"dateModified\":\"2025-09-18T07:30:01+00:00\",\"description\":\"La chaussette de course pour femme RU3 est parfaite pour les coureuses occasionnelles gr\u00e2ce \u00e0 son rembourrage maximal. La chaussette garantit un amorti maximal.\",\"breadcrumb\":{\"@id\":\"https:\/\/www.miomiorun.com\/fr\/produit\/ru3-femme\/#breadcrumb\"},\"inLanguage\":\"fr-FR\",\"potentialAction\":[{\"@type\":\"ReadAction\",\"target\":[\"https:\/\/www.miomiorun.com\/fr\/produit\/ru3-femme\/\"]}]},{\"@type\":\"ImageObject\",\"inLanguage\":\"fr-FR\",\"@id\":\"https:\/\/www.miomiorun.com\/fr\/produit\/ru3-femme\/#primaryimage\",\"url\":\"https:\/\/www.miomiorun.com\/app\/uploads\/2022\/11\/falke-RU3-W-white-mix-16702-2020.jpg\",\"contentUrl\":\"https:\/\/www.miomiorun.com\/app\/uploads\/2022\/11\/falke-RU3-W-white-mix-16702-2020.jpg\",\"width\":600,\"height\":600,\"caption\":\"falke-RU3-W-white-mix-16702-2020\"},{\"@type\":\"BreadcrumbList\",\"@id\":\"https:\/\/www.miomiorun.com\/fr\/produit\/ru3-femme\/#breadcrumb\",\"itemListElement\":[{\"@type\":\"ListItem\",\"position\":1,\"name\":\"Home\",\"item\":\"https:\/\/www.miomiorun.com\/fr\/home-page\/\"},{\"@type\":\"ListItem\",\"position\":2,\"name\":\"Shop\",\"item\":\"https:\/\/www.miomiorun.com\/shop\/\"},{\"@type\":\"ListItem\",\"position\":3,\"name\":\"RU3 femme\"}]},{\"@type\":\"WebSite\",\"@id\":\"https:\/\/www.miomiorun.com\/fr\/#website\",\"url\":\"https:\/\/www.miomiorun.com\/fr\/\",\"name\":\"MioMioRun\",\"description\":\"Boutique 100% running et trail\",\"publisher\":{\"@id\":\"https:\/\/www.miomiorun.com\/fr\/#organization\"},\"potentialAction\":[{\"@type\":\"SearchAction\",\"target\":{\"@type\":\"EntryPoint\",\"urlTemplate\":\"https:\/\/www.miomiorun.com\/fr\/?s={search_term_string}\"},\"query-input\":{\"@type\":\"PropertyValueSpecification\",\"valueRequired\":true,\"valueName\":\"search_term_string\"}}],\"inLanguage\":\"fr-FR\"},{\"@type\":\"Organization\",\"@id\":\"https:\/\/www.miomiorun.com\/fr\/#organization\",\"name\":\"MioMio Run\",\"url\":\"https:\/\/www.miomiorun.com\/fr\/\",\"logo\":{\"@type\":\"ImageObject\",\"inLanguage\":\"fr-FR\",\"@id\":\"https:\/\/www.miomiorun.com\/fr\/#\/schema\/logo\/image\/\",\"url\":\"https:\/\/www.miomiorun.com\/app\/uploads\/2019\/12\/logomio.png\",\"contentUrl\":\"https:\/\/www.miomiorun.com\/app\/uploads\/2019\/12\/logomio.png\",\"width\":115,\"height\":82,\"caption\":\"MioMio Run\"},\"image\":{\"@id\":\"https:\/\/www.miomiorun.com\/fr\/#\/schema\/logo\/image\/\"},\"sameAs\":[\"https:\/\/www.facebook.com\/miomiorun\/\",\"https:\/\/www.instagram.com\/miomiorun\/\"]}]}<\/script>\n<!-- \/ Yoast SEO plugin. -->","yoast_head_json":{"title":"Falke RU3 femme - Chaussettes de course - MioMioRun.com","description":"La chaussette de course pour femme RU3 est parfaite pour les coureuses occasionnelles gr\u00e2ce \u00e0 son rembourrage maximal. La chaussette garantit un amorti maximal.","robots":{"index":"index","follow":"follow","max-snippet":"max-snippet:-1","max-image-preview":"max-image-preview:large","max-video-preview":"max-video-preview:-1"},"canonical":"https:\/\/www.miomiorun.com\/fr\/produit\/ru3-femme\/","og_locale":"fr_FR","og_type":"article","og_title":"Falke RU3 femme - Chaussettes de course - MioMioRun.com","og_description":"La chaussette de course pour femme RU3 est parfaite pour les coureuses occasionnelles gr\u00e2ce \u00e0 son rembourrage maximal. La chaussette garantit un amorti maximal.","og_url":"https:\/\/www.miomiorun.com\/fr\/produit\/ru3-femme\/","og_site_name":"MioMioRun","article_publisher":"https:\/\/www.facebook.com\/miomiorun\/","article_modified_time":"2025-09-18T07:30:01+00:00","og_image":[{"width":600,"height":600,"url":"https:\/\/www.miomiorun.com\/app\/uploads\/2022\/11\/falke-RU3-W-white-mix-16702-2020.jpg","type":"image\/jpeg"}],"twitter_card":"summary_large_image","twitter_misc":{"Est. reading time":"1 minute"},"schema":{"@context":"https:\/\/schema.org","@graph":[{"@type":"WebPage","@id":"https:\/\/www.miomiorun.com\/fr\/produit\/ru3-femme\/","url":"https:\/\/www.miomiorun.com\/fr\/produit\/ru3-femme\/","name":"Falke RU3 femme - Chaussettes de course - MioMioRun.com","isPartOf":{"@id":"https:\/\/www.miomiorun.com\/fr\/#website"},"primaryImageOfPage":{"@id":"https:\/\/www.miomiorun.com\/fr\/produit\/ru3-femme\/#primaryimage"},"image":{"@id":"https:\/\/www.miomiorun.com\/fr\/produit\/ru3-femme\/#primaryimage"},"thumbnailUrl":"https:\/\/www.miomiorun.com\/app\/uploads\/2022\/11\/falke-RU3-W-white-mix-16702-2020.jpg","datePublished":"2022-10-25T16:59:37+00:00","dateModified":"2025-09-18T07:30:01+00:00","description":"La chaussette de course pour femme RU3 est parfaite pour les coureuses occasionnelles gr\u00e2ce \u00e0 son rembourrage maximal. La chaussette garantit un amorti maximal.","breadcrumb":{"@id":"https:\/\/www.miomiorun.com\/fr\/produit\/ru3-femme\/#breadcrumb"},"inLanguage":"fr-FR","potentialAction":[{"@type":"ReadAction","target":["https:\/\/www.miomiorun.com\/fr\/produit\/ru3-femme\/"]}]},{"@type":"ImageObject","inLanguage":"fr-FR","@id":"https:\/\/www.miomiorun.com\/fr\/produit\/ru3-femme\/#primaryimage","url":"https:\/\/www.miomiorun.com\/app\/uploads\/2022\/11\/falke-RU3-W-white-mix-16702-2020.jpg","contentUrl":"https:\/\/www.miomiorun.com\/app\/uploads\/2022\/11\/falke-RU3-W-white-mix-16702-2020.jpg","width":600,"height":600,"caption":"falke-RU3-W-white-mix-16702-2020"},{"@type":"BreadcrumbList","@id":"https:\/\/www.miomiorun.com\/fr\/produit\/ru3-femme\/#breadcrumb","itemListElement":[{"@type":"ListItem","position":1,"name":"Home","item":"https:\/\/www.miomiorun.com\/fr\/home-page\/"},{"@type":"ListItem","position":2,"name":"Shop","item":"https:\/\/www.miomiorun.com\/shop\/"},{"@type":"ListItem","position":3,"name":"RU3 femme"}]},{"@type":"WebSite","@id":"https:\/\/www.miomiorun.com\/fr\/#website","url":"https:\/\/www.miomiorun.com\/fr\/","name":"MioMioRun","description":"Boutique 100% running et trail","publisher":{"@id":"https:\/\/www.miomiorun.com\/fr\/#organization"},"potentialAction":[{"@type":"SearchAction","target":{"@type":"EntryPoint","urlTemplate":"https:\/\/www.miomiorun.com\/fr\/?s={search_term_string}"},"query-input":{"@type":"PropertyValueSpecification","valueRequired":true,"valueName":"search_term_string"}}],"inLanguage":"fr-FR"},{"@type":"Organization","@id":"https:\/\/www.miomiorun.com\/fr\/#organization","name":"MioMio Run","url":"https:\/\/www.miomiorun.com\/fr\/","logo":{"@type":"ImageObject","inLanguage":"fr-FR","@id":"https:\/\/www.miomiorun.com\/fr\/#\/schema\/logo\/image\/","url":"https:\/\/www.miomiorun.com\/app\/uploads\/2019\/12\/logomio.png","contentUrl":"https:\/\/www.miomiorun.com\/app\/uploads\/2019\/12\/logomio.png","width":115,"height":82,"caption":"MioMio Run"},"image":{"@id":"https:\/\/www.miomiorun.com\/fr\/#\/schema\/logo\/image\/"},"sameAs":["https:\/\/www.facebook.com\/miomiorun\/","https:\/\/www.instagram.com\/miomiorun\/"]}]}},"_links":{"self":[{"href":"https:\/\/www.miomiorun.com\/fr\/wp-json\/wp\/v2\/product\/284056","targetHints":{"allow":["GET"]}}],"collection":[{"href":"https:\/\/www.miomiorun.com\/fr\/wp-json\/wp\/v2\/product"}],"about":[{"href":"https:\/\/www.miomiorun.com\/fr\/wp-json\/wp\/v2\/types\/product"}],"wp:featuredmedia":[{"embeddable":true,"href":"https:\/\/www.miomiorun.com\/fr\/wp-json\/wp\/v2\/media\/238492"}],"wp:attachment":[{"href":"https:\/\/www.miomiorun.com\/fr\/wp-json\/wp\/v2\/media?parent=284056"}],"wp:term":[{"taxonomy":"product_brand","embeddable":true,"href":"https:\/\/www.miomiorun.com\/fr\/wp-json\/wp\/v2\/product_brand?post=284056"},{"taxonomy":"product_cat","embeddable":true,"href":"https:\/\/www.miomiorun.com\/fr\/wp-json\/wp\/v2\/product_cat?post=284056"},{"taxonomy":"product_tag","embeddable":true,"href":"https:\/\/www.miomiorun.com\/fr\/wp-json\/wp\/v2\/product_tag?post=284056"}],"curies":[{"name":"wp","href":"https:\/\/api.w.org\/{rel}","templated":true}]}}