{"id":284011,"date":"2022-10-27T10:24:00","date_gmt":"2022-10-27T08:24:00","guid":{"rendered":"https:\/\/miomiorun.com\/prodotto\/running-visor\/"},"modified":"2026-05-08T21:34:37","modified_gmt":"2026-05-08T19:34:37","slug":"running-visor","status":"publish","type":"product","link":"https:\/\/www.miomiorun.com\/fr\/produit\/running-visor\/","title":{"rendered":"Running Visor"},"content":{"rendered":"<p>Pour une course l\u00e9g\u00e8re autour du lac ou pendant un marathon : la visi\u00e8re Running <strong>Visor de CEP<\/strong>&nbsp; est polyvalente et indispensable pendant les mois d&#8217;\u00e9t\u00e9. Sa <strong>forme dynamique offre un ajustement confortable,<\/strong>&nbsp;tandis que son&nbsp;<strong>mat\u00e9riau respirant \u00e9vacue l&#8217;humidit\u00e9 vers l&#8217;ext\u00e9rieur.<\/strong><\/p>\n<p>Cette visi\u00e8re pour hommes et femmes s\u00e9duit par sa l\u00e9g\u00e8ret\u00e9 et ses avantages bien pens\u00e9s. Vous pouvez la plier facilement pour l&#8217;avoir toujours \u00e0 port\u00e9e de main.<\/p>\n<p><strong>Caract\u00e9ristiques :<\/strong><\/p>\n<ul class=\"selling-points\">\n<li>La visi\u00e8re Running Visor, tr\u00e8s fonctionnelle et l\u00e9g\u00e8re, dispose d&#8217;une visi\u00e8re incurv\u00e9e qui vous prot\u00e8ge des rayons UV.<\/li>\n<li>Sa coupe optimale et dynamique assure un confort parfait.<\/li>\n<li>Le mat\u00e9riau respirant et anti-humidit\u00e9 offre une gestion parfaite du climat.<\/li>\n<\/ul>\n<h3>Un must pour la saison chaude \u2013 Running Visor pour le sport<\/h3>\n<p>La visi\u00e8re incurv\u00e9e pr\u00e9sente des avantages tels que la&nbsp;<strong>protection solaire UPF 50+.<\/strong>&nbsp;Le logo CEP r\u00e9fl\u00e9chissant augmente votre s\u00e9curit\u00e9 gr\u00e2ce \u00e0 une meilleure visibilit\u00e9. La visi\u00e8re Running Visor devient rapidement indispensable : pendant l&#8217;entra\u00eenement, lors de comp\u00e9titions ou lorsque vous courez au coucher du soleil.<\/p>\n<h3>Respirante gr\u00e2ce \u00e0 une gestion climatique sophistiqu\u00e9e<\/h3>\n<p>La respirabilit\u00e9 joue un r\u00f4le important dans la gestion climatique pendant l&#8217;activit\u00e9 sportive. Le mat\u00e9riau de la visi\u00e8re Running Visor transforme l&#8217;humidit\u00e9 en vapeur d&#8217;eau et l&#8217;\u00e9vacue vers l&#8217;ext\u00e9rieur. Profitez d&#8217;un&nbsp;<strong>confort agr\u00e9able&nbsp;<\/strong>m\u00eame pendant les chaudes journ\u00e9es d&#8217;\u00e9t\u00e9. La visi\u00e8re reste bien en place m\u00eame pendant les entra\u00eenements intenses et ne glisse pas gr\u00e2ce \u00e0 sa coupe sp\u00e9cialement con\u00e7ue pour le sport.<\/p>\n<h3>L\u00e9g\u00e8re et pratique \u2013 la visi\u00e8re pour vos activit\u00e9s sportives<\/h3>\n<p>La visi\u00e8re Running Visor se plie et se range en un clin d&#8217;\u0153il. Gr\u00e2ce \u00e0 son&nbsp;<strong>poids r\u00e9duit et \u00e0 ses dimensions compactes<\/strong>, elle se glisse m\u00eame dans les petites poches. Votre visi\u00e8re Running Visor est toujours \u00e0 port\u00e9e de main lorsque le soleil appara\u00eet soudainement.<\/p>\n","protected":false},"excerpt":{"rendered":"<p>La visi\u00e8re Running Visor, tr\u00e8s fonctionnelle et l\u00e9g\u00e8re, est dot\u00e9e d&#8217;une visi\u00e8re incurv\u00e9e qui vous prot\u00e8ge des rayons UV.<br \/>\nSa coupe optimale et dynamique assure un confort parfait.<br \/>\nLe mat\u00e9riau respirant et anti-humidit\u00e9 offre une gestion parfaite du climat.<\/p>\n","protected":false},"featured_media":238510,"template":"","meta":{"_acf_changed":false,"inline_featured_image":false},"product_brand":[],"product_cat":[22580,22579,22538],"product_tag":[23469,23651,23649],"class_list":{"0":"post-284011","1":"product","2":"type-product","3":"status-publish","4":"has-post-thumbnail","6":"product_cat-chapeaux-casquettes","7":"product_cat-chauffage","8":"product_cat-accessoires","9":"product_tag-cep-fr","10":"product_tag-cep-femme","11":"product_tag-cep-homme","12":"pa_attivita-marcher","13":"pa_attivita-running-fr","14":"pa_colore-running-visor-black-fr","15":"pa_colore-running-visor-lava-fr","16":"pa_colore-running-visor-petrol-fr","17":"pa_colore-running-visor-rose-fr","18":"pa_colore-running-visor-white-fr","19":"pa_marca-cep-fr","20":"pa_sesso-femme","21":"pa_sesso-homme","23":"first","24":"instock","25":"sale","26":"taxable","27":"shipping-taxable","28":"purchasable","29":"product-type-variable","30":"wvs-archive-product-wrapper"},"acf":[],"yoast_head":"<!-- This site is optimized with the Yoast SEO plugin v26.8 - https:\/\/yoast.com\/product\/yoast-seo-wordpress\/ -->\n<title>Cep Running Visor - Casquette de course - MioMioRun.com<\/title>\n<meta name=\"description\" content=\"La visi\u00e8re CEP\u00a0 est polyvalente et indispensable pendant les mois d&#039;\u00e9t\u00e9. Sa forme dynamique offre un ajustement confortable, le\u00a0mat\u00e9riau respirant\" \/>\n<meta name=\"robots\" content=\"index, follow, max-snippet:-1, max-image-preview:large, max-video-preview:-1\" \/>\n<link rel=\"canonical\" href=\"https:\/\/www.miomiorun.com\/fr\/produit\/running-visor\/\" \/>\n<meta property=\"og:locale\" content=\"fr_FR\" \/>\n<meta property=\"og:type\" content=\"article\" \/>\n<meta property=\"og:title\" content=\"Cep Running Visor - Casquette de course - MioMioRun.com\" \/>\n<meta property=\"og:description\" content=\"La visi\u00e8re CEP\u00a0 est polyvalente et indispensable pendant les mois d&#039;\u00e9t\u00e9. Sa forme dynamique offre un ajustement confortable, le\u00a0mat\u00e9riau respirant\" \/>\n<meta property=\"og:url\" content=\"https:\/\/www.miomiorun.com\/fr\/produit\/running-visor\/\" \/>\n<meta property=\"og:site_name\" content=\"MioMioRun\" \/>\n<meta property=\"article:publisher\" content=\"https:\/\/www.facebook.com\/miomiorun\/\" \/>\n<meta property=\"article:modified_time\" content=\"2026-05-08T19:34:37+00:00\" \/>\n<meta property=\"og:image\" content=\"https:\/\/www.miomiorun.com\/app\/uploads\/2022\/11\/cep-running-visor-petrol-W2MV9V.jpg\" \/>\n\t<meta property=\"og:image:width\" content=\"600\" \/>\n\t<meta property=\"og:image:height\" content=\"600\" \/>\n\t<meta property=\"og:image:type\" content=\"image\/jpeg\" \/>\n<meta name=\"twitter:card\" content=\"summary_large_image\" \/>\n<meta name=\"twitter:label1\" content=\"Est. reading time\" \/>\n\t<meta name=\"twitter:data1\" content=\"2 minutes\" \/>\n<script type=\"application\/ld+json\" class=\"yoast-schema-graph\">{\"@context\":\"https:\/\/schema.org\",\"@graph\":[{\"@type\":\"WebPage\",\"@id\":\"https:\/\/www.miomiorun.com\/fr\/produit\/running-visor\/\",\"url\":\"https:\/\/www.miomiorun.com\/fr\/produit\/running-visor\/\",\"name\":\"Cep Running Visor - Casquette de course - MioMioRun.com\",\"isPartOf\":{\"@id\":\"https:\/\/www.miomiorun.com\/fr\/#website\"},\"primaryImageOfPage\":{\"@id\":\"https:\/\/www.miomiorun.com\/fr\/produit\/running-visor\/#primaryimage\"},\"image\":{\"@id\":\"https:\/\/www.miomiorun.com\/fr\/produit\/running-visor\/#primaryimage\"},\"thumbnailUrl\":\"https:\/\/www.miomiorun.com\/app\/uploads\/2022\/11\/cep-running-visor-petrol-W2MV9V.jpg\",\"datePublished\":\"2022-10-27T08:24:00+00:00\",\"dateModified\":\"2026-05-08T19:34:37+00:00\",\"description\":\"La visi\u00e8re CEP\u00a0 est polyvalente et indispensable pendant les mois d'\u00e9t\u00e9. Sa forme dynamique offre un ajustement confortable, le\u00a0mat\u00e9riau respirant\",\"breadcrumb\":{\"@id\":\"https:\/\/www.miomiorun.com\/fr\/produit\/running-visor\/#breadcrumb\"},\"inLanguage\":\"fr-FR\",\"potentialAction\":[{\"@type\":\"ReadAction\",\"target\":[\"https:\/\/www.miomiorun.com\/fr\/produit\/running-visor\/\"]}]},{\"@type\":\"ImageObject\",\"inLanguage\":\"fr-FR\",\"@id\":\"https:\/\/www.miomiorun.com\/fr\/produit\/running-visor\/#primaryimage\",\"url\":\"https:\/\/www.miomiorun.com\/app\/uploads\/2022\/11\/cep-running-visor-petrol-W2MV9V.jpg\",\"contentUrl\":\"https:\/\/www.miomiorun.com\/app\/uploads\/2022\/11\/cep-running-visor-petrol-W2MV9V.jpg\",\"width\":600,\"height\":600,\"caption\":\"cep-running-visor-petrol-W2MV9V\"},{\"@type\":\"BreadcrumbList\",\"@id\":\"https:\/\/www.miomiorun.com\/fr\/produit\/running-visor\/#breadcrumb\",\"itemListElement\":[{\"@type\":\"ListItem\",\"position\":1,\"name\":\"Home\",\"item\":\"https:\/\/www.miomiorun.com\/fr\/home-page\/\"},{\"@type\":\"ListItem\",\"position\":2,\"name\":\"Shop\",\"item\":\"https:\/\/www.miomiorun.com\/shop\/\"},{\"@type\":\"ListItem\",\"position\":3,\"name\":\"Running Visor\"}]},{\"@type\":\"WebSite\",\"@id\":\"https:\/\/www.miomiorun.com\/fr\/#website\",\"url\":\"https:\/\/www.miomiorun.com\/fr\/\",\"name\":\"MioMioRun\",\"description\":\"Boutique 100% running et trail\",\"publisher\":{\"@id\":\"https:\/\/www.miomiorun.com\/fr\/#organization\"},\"potentialAction\":[{\"@type\":\"SearchAction\",\"target\":{\"@type\":\"EntryPoint\",\"urlTemplate\":\"https:\/\/www.miomiorun.com\/fr\/?s={search_term_string}\"},\"query-input\":{\"@type\":\"PropertyValueSpecification\",\"valueRequired\":true,\"valueName\":\"search_term_string\"}}],\"inLanguage\":\"fr-FR\"},{\"@type\":\"Organization\",\"@id\":\"https:\/\/www.miomiorun.com\/fr\/#organization\",\"name\":\"MioMio Run\",\"url\":\"https:\/\/www.miomiorun.com\/fr\/\",\"logo\":{\"@type\":\"ImageObject\",\"inLanguage\":\"fr-FR\",\"@id\":\"https:\/\/www.miomiorun.com\/fr\/#\/schema\/logo\/image\/\",\"url\":\"https:\/\/www.miomiorun.com\/app\/uploads\/2019\/12\/logomio.png\",\"contentUrl\":\"https:\/\/www.miomiorun.com\/app\/uploads\/2019\/12\/logomio.png\",\"width\":115,\"height\":82,\"caption\":\"MioMio Run\"},\"image\":{\"@id\":\"https:\/\/www.miomiorun.com\/fr\/#\/schema\/logo\/image\/\"},\"sameAs\":[\"https:\/\/www.facebook.com\/miomiorun\/\",\"https:\/\/www.instagram.com\/miomiorun\/\"]}]}<\/script>\n<!-- \/ Yoast SEO plugin. -->","yoast_head_json":{"title":"Cep Running Visor - Casquette de course - MioMioRun.com","description":"La visi\u00e8re CEP\u00a0 est polyvalente et indispensable pendant les mois d'\u00e9t\u00e9. Sa forme dynamique offre un ajustement confortable, le\u00a0mat\u00e9riau respirant","robots":{"index":"index","follow":"follow","max-snippet":"max-snippet:-1","max-image-preview":"max-image-preview:large","max-video-preview":"max-video-preview:-1"},"canonical":"https:\/\/www.miomiorun.com\/fr\/produit\/running-visor\/","og_locale":"fr_FR","og_type":"article","og_title":"Cep Running Visor - Casquette de course - MioMioRun.com","og_description":"La visi\u00e8re CEP\u00a0 est polyvalente et indispensable pendant les mois d'\u00e9t\u00e9. Sa forme dynamique offre un ajustement confortable, le\u00a0mat\u00e9riau respirant","og_url":"https:\/\/www.miomiorun.com\/fr\/produit\/running-visor\/","og_site_name":"MioMioRun","article_publisher":"https:\/\/www.facebook.com\/miomiorun\/","article_modified_time":"2026-05-08T19:34:37+00:00","og_image":[{"width":600,"height":600,"url":"https:\/\/www.miomiorun.com\/app\/uploads\/2022\/11\/cep-running-visor-petrol-W2MV9V.jpg","type":"image\/jpeg"}],"twitter_card":"summary_large_image","twitter_misc":{"Est. reading time":"2 minutes"},"schema":{"@context":"https:\/\/schema.org","@graph":[{"@type":"WebPage","@id":"https:\/\/www.miomiorun.com\/fr\/produit\/running-visor\/","url":"https:\/\/www.miomiorun.com\/fr\/produit\/running-visor\/","name":"Cep Running Visor - Casquette de course - MioMioRun.com","isPartOf":{"@id":"https:\/\/www.miomiorun.com\/fr\/#website"},"primaryImageOfPage":{"@id":"https:\/\/www.miomiorun.com\/fr\/produit\/running-visor\/#primaryimage"},"image":{"@id":"https:\/\/www.miomiorun.com\/fr\/produit\/running-visor\/#primaryimage"},"thumbnailUrl":"https:\/\/www.miomiorun.com\/app\/uploads\/2022\/11\/cep-running-visor-petrol-W2MV9V.jpg","datePublished":"2022-10-27T08:24:00+00:00","dateModified":"2026-05-08T19:34:37+00:00","description":"La visi\u00e8re CEP\u00a0 est polyvalente et indispensable pendant les mois d'\u00e9t\u00e9. Sa forme dynamique offre un ajustement confortable, le\u00a0mat\u00e9riau respirant","breadcrumb":{"@id":"https:\/\/www.miomiorun.com\/fr\/produit\/running-visor\/#breadcrumb"},"inLanguage":"fr-FR","potentialAction":[{"@type":"ReadAction","target":["https:\/\/www.miomiorun.com\/fr\/produit\/running-visor\/"]}]},{"@type":"ImageObject","inLanguage":"fr-FR","@id":"https:\/\/www.miomiorun.com\/fr\/produit\/running-visor\/#primaryimage","url":"https:\/\/www.miomiorun.com\/app\/uploads\/2022\/11\/cep-running-visor-petrol-W2MV9V.jpg","contentUrl":"https:\/\/www.miomiorun.com\/app\/uploads\/2022\/11\/cep-running-visor-petrol-W2MV9V.jpg","width":600,"height":600,"caption":"cep-running-visor-petrol-W2MV9V"},{"@type":"BreadcrumbList","@id":"https:\/\/www.miomiorun.com\/fr\/produit\/running-visor\/#breadcrumb","itemListElement":[{"@type":"ListItem","position":1,"name":"Home","item":"https:\/\/www.miomiorun.com\/fr\/home-page\/"},{"@type":"ListItem","position":2,"name":"Shop","item":"https:\/\/www.miomiorun.com\/shop\/"},{"@type":"ListItem","position":3,"name":"Running Visor"}]},{"@type":"WebSite","@id":"https:\/\/www.miomiorun.com\/fr\/#website","url":"https:\/\/www.miomiorun.com\/fr\/","name":"MioMioRun","description":"Boutique 100% running et trail","publisher":{"@id":"https:\/\/www.miomiorun.com\/fr\/#organization"},"potentialAction":[{"@type":"SearchAction","target":{"@type":"EntryPoint","urlTemplate":"https:\/\/www.miomiorun.com\/fr\/?s={search_term_string}"},"query-input":{"@type":"PropertyValueSpecification","valueRequired":true,"valueName":"search_term_string"}}],"inLanguage":"fr-FR"},{"@type":"Organization","@id":"https:\/\/www.miomiorun.com\/fr\/#organization","name":"MioMio Run","url":"https:\/\/www.miomiorun.com\/fr\/","logo":{"@type":"ImageObject","inLanguage":"fr-FR","@id":"https:\/\/www.miomiorun.com\/fr\/#\/schema\/logo\/image\/","url":"https:\/\/www.miomiorun.com\/app\/uploads\/2019\/12\/logomio.png","contentUrl":"https:\/\/www.miomiorun.com\/app\/uploads\/2019\/12\/logomio.png","width":115,"height":82,"caption":"MioMio Run"},"image":{"@id":"https:\/\/www.miomiorun.com\/fr\/#\/schema\/logo\/image\/"},"sameAs":["https:\/\/www.facebook.com\/miomiorun\/","https:\/\/www.instagram.com\/miomiorun\/"]}]}},"_links":{"self":[{"href":"https:\/\/www.miomiorun.com\/fr\/wp-json\/wp\/v2\/product\/284011","targetHints":{"allow":["GET"]}}],"collection":[{"href":"https:\/\/www.miomiorun.com\/fr\/wp-json\/wp\/v2\/product"}],"about":[{"href":"https:\/\/www.miomiorun.com\/fr\/wp-json\/wp\/v2\/types\/product"}],"wp:featuredmedia":[{"embeddable":true,"href":"https:\/\/www.miomiorun.com\/fr\/wp-json\/wp\/v2\/media\/238510"}],"wp:attachment":[{"href":"https:\/\/www.miomiorun.com\/fr\/wp-json\/wp\/v2\/media?parent=284011"}],"wp:term":[{"taxonomy":"product_brand","embeddable":true,"href":"https:\/\/www.miomiorun.com\/fr\/wp-json\/wp\/v2\/product_brand?post=284011"},{"taxonomy":"product_cat","embeddable":true,"href":"https:\/\/www.miomiorun.com\/fr\/wp-json\/wp\/v2\/product_cat?post=284011"},{"taxonomy":"product_tag","embeddable":true,"href":"https:\/\/www.miomiorun.com\/fr\/wp-json\/wp\/v2\/product_tag?post=284011"}],"curies":[{"name":"wp","href":"https:\/\/api.w.org\/{rel}","templated":true}]}}