{"id":284009,"date":"2022-10-27T10:35:08","date_gmt":"2022-10-27T08:35:08","guid":{"rendered":"https:\/\/miomiorun.com\/prodotto\/winter-run-gloves\/"},"modified":"2025-09-16T16:28:13","modified_gmt":"2025-09-16T14:28:13","slug":"winter-run-gloves","status":"publish","type":"product","link":"https:\/\/www.miomiorun.com\/fr\/produit\/winter-run-gloves\/","title":{"rendered":"Winter Run Gloves"},"content":{"rendered":"<p>Des mains chaudes pendant vos s\u00e9ances d&#8217;entra\u00eenement par temps froid : c&#8217;est possible avec les <strong>gants Winter Run Gloves de CEP<\/strong>. Profitez de toute la technologie \u00e0 votre disposition. Ils vous offrent un <strong>confort optimal et un maintien parfait<\/strong> lors des journ\u00e9es froides. Vous souhaitez utiliser votre smartphone pendant votre entra\u00eenement sans retirer vos gants ? C&#8217;est possible gr\u00e2ce \u00e0 la fonction tactile int\u00e9gr\u00e9e.<\/p>\n<p><strong>Caract\u00e9ristiques :<\/strong><\/p>\n<ul class=\"selling-points\">\n<li>La technologie THERMAL CLIMA offre une gestion parfaite de la chaleur et du climat et garde vos mains au chaud lorsque les temp\u00e9ratures ext\u00e9rieures sont basses.<\/li>\n<li>Gr\u00e2ce \u00e0 la technologie SMART GRIP, les Winter Run Gloves s&#8217;adaptent parfaitement \u00e0 vos mains et vous assurent une prise en main ferme. La fonction tactile vous permet d&#8217;utiliser l&#8217;\u00e9cran de votre smartphone sans aucun probl\u00e8me.<\/li>\n<li>Des \u00e9l\u00e9ments r\u00e9fl\u00e9chissants strat\u00e9giquement plac\u00e9s augmentent votre visibilit\u00e9 dans l&#8217;obscurit\u00e9 et votre s\u00e9curit\u00e9 dans la circulation routi\u00e8re.<\/li>\n<\/ul>\n<h3>Restez au chaud gr\u00e2ce \u00e0 la technologie THERMAL CLIMA<\/h3>\n<p>Lorsque vous courez en hiver, le froid affecte particuli\u00e8rement vos mains. Si elles ne sont pas prot\u00e9g\u00e9es, elles se refroidissent rapidement en raison de leur surface \u00e9tendue et de la circulation r\u00e9duite pendant la course. Avec les gants CEP Winter Run Gloves, vous n&#8217;aurez plus ce probl\u00e8me : la&nbsp;<strong>technologie<\/strong>&nbsp;<strong>THERMAL CLIMA emp\u00eache la perte de chaleur corporelle&nbsp;<\/strong>et maintient ainsi vos mains \u00e0 temp\u00e9rature. En m\u00eame temps, gr\u00e2ce au <strong>mat\u00e9riau respirant<\/strong> des gants de course, l&#8217;humidit\u00e9 est \u00e9vacu\u00e9e vers l&#8217;ext\u00e9rieur.<\/p>\n<h3>Plus de confort avec le SMART GRIP et sa fonction tactile int\u00e9gr\u00e9e<\/h3>\n<p>En termes de confort, les Winter Run Gloves sont deux fois plus attrayants. D&#8217;une part, la&nbsp;<strong>technologie SMART GRIP<\/strong>&nbsp;offre une adh\u00e9rence optimale : un rev\u00eatement sp\u00e9cial emp\u00eache le tissu de glisser et garantit une prise en main plus s\u00fbre. Et lorsque vous courez avec votre smartphone et l&#8217;application Running App, la <strong>fonction<\/strong><strong>tactile<\/strong> est parfaite : vous pouvez utiliser l&#8217;\u00e9cran de mani\u00e8re s\u00fbre et fiable avec votre pouce et votre index.<\/p>\n<h3>\u00c9l\u00e9ments r\u00e9fl\u00e9chissants int\u00e9gr\u00e9s pour une meilleure visibilit\u00e9<\/h3>\n<p>Ne renoncez pas \u00e0 courir au coucher du soleil ou dans l&#8217;obscurit\u00e9 pendant les courtes journ\u00e9es d&#8217;hiver. C&#8217;est pourquoi les gants de course sont \u00e9quip\u00e9s d&#8217;<strong>\u00e9l\u00e9ments r\u00e9fl\u00e9chissants sur les doigts<\/strong>. Combin\u00e9s au mouvement des bras pendant la course, ils sont visibles de loin.<\/p>\n","protected":false},"excerpt":{"rendered":"<ul class=\"selling-points\">\n<li>La technologie THERMAL CLIMA offre une gestion parfaite de la chaleur et du climat et garde vos mains au chaud lorsque les temp\u00e9ratures ext\u00e9rieures sont basses.<\/li>\n<li>Gr\u00e2ce \u00e0 la technologie SMART GRIP, les gants Winter Run Gloves s&#8217;adaptent parfaitement \u00e0 vos mains et vous garantissent une prise en main s\u00fbre. La fonction tactile vous permet d&#8217;utiliser l&#8217;\u00e9cran de votre smartphone sans aucun probl\u00e8me.<\/li>\n<li>Des \u00e9l\u00e9ments r\u00e9fl\u00e9chissants plac\u00e9s strat\u00e9giquement am\u00e9liorent votre visibilit\u00e9 dans l&#8217;obscurit\u00e9 et votre s\u00e9curit\u00e9 dans la circulation routi\u00e8re.<\/li>\n<\/ul>\n","protected":false},"featured_media":238898,"template":"","meta":{"_acf_changed":false,"inline_featured_image":false},"product_brand":[],"product_cat":[22581,22538],"product_tag":[23469,23651,23649],"class_list":{"0":"post-284009","1":"product","2":"type-product","3":"status-publish","4":"has-post-thumbnail","6":"product_cat-gants","7":"product_cat-accessoires","8":"product_tag-cep-fr","9":"product_tag-cep-femme","10":"product_tag-cep-homme","11":"pa_attivita-marcher","12":"pa_attivita-running-fr","13":"pa_marca-cep-fr","14":"pa_sesso-femme","15":"pa_sesso-homme","16":"pa_size-small-fr","17":"pa_size-medium-fr","18":"pa_size-large-fr","20":"first","21":"instock","22":"sale","23":"taxable","24":"shipping-taxable","25":"purchasable","26":"product-type-variable","27":"wvs-archive-product-wrapper"},"acf":[],"yoast_head":"<!-- This site is optimized with the Yoast SEO plugin v26.8 - https:\/\/yoast.com\/product\/yoast-seo-wordpress\/ -->\n<title>Cep Winter Run Gloves - Gants de course - MioMioRun.com<\/title>\n<meta name=\"description\" content=\"Les gants Winter Run Gloves de CEP . Profitez de toute la technologie \u00e0 votre disposition. Ils vous offrent un confort optimal et une tenue parfaite\u00a0lorsqu&#039;il fait froid.\" \/>\n<meta name=\"robots\" content=\"index, follow, max-snippet:-1, max-image-preview:large, max-video-preview:-1\" \/>\n<link rel=\"canonical\" href=\"https:\/\/www.miomiorun.com\/fr\/produit\/winter-run-gloves\/\" \/>\n<meta property=\"og:locale\" content=\"fr_FR\" \/>\n<meta property=\"og:type\" content=\"article\" \/>\n<meta property=\"og:title\" content=\"Cep Winter Run Gloves - Gants de course - MioMioRun.com\" \/>\n<meta property=\"og:description\" content=\"Les gants Winter Run Gloves de CEP . Profitez de toute la technologie \u00e0 votre disposition. Ils vous offrent un confort optimal et une tenue parfaite\u00a0lorsqu&#039;il fait froid.\" \/>\n<meta property=\"og:url\" content=\"https:\/\/www.miomiorun.com\/fr\/produit\/winter-run-gloves\/\" \/>\n<meta property=\"og:site_name\" content=\"MioMioRun\" \/>\n<meta property=\"article:publisher\" content=\"https:\/\/www.facebook.com\/miomiorun\/\" \/>\n<meta property=\"article:modified_time\" content=\"2025-09-16T14:28:13+00:00\" \/>\n<meta property=\"og:image\" content=\"https:\/\/www.miomiorun.com\/app\/uploads\/2022\/10\/cep-winter-run-gloves-WOM25W.jpg\" \/>\n\t<meta property=\"og:image:width\" content=\"600\" \/>\n\t<meta property=\"og:image:height\" content=\"600\" \/>\n\t<meta property=\"og:image:type\" content=\"image\/jpeg\" \/>\n<meta name=\"twitter:card\" content=\"summary_large_image\" \/>\n<meta name=\"twitter:label1\" content=\"Est. reading time\" \/>\n\t<meta name=\"twitter:data1\" content=\"2 minutes\" \/>\n<script type=\"application\/ld+json\" class=\"yoast-schema-graph\">{\"@context\":\"https:\/\/schema.org\",\"@graph\":[{\"@type\":\"WebPage\",\"@id\":\"https:\/\/www.miomiorun.com\/fr\/produit\/winter-run-gloves\/\",\"url\":\"https:\/\/www.miomiorun.com\/fr\/produit\/winter-run-gloves\/\",\"name\":\"Cep Winter Run Gloves - Gants de course - MioMioRun.com\",\"isPartOf\":{\"@id\":\"https:\/\/www.miomiorun.com\/fr\/#website\"},\"primaryImageOfPage\":{\"@id\":\"https:\/\/www.miomiorun.com\/fr\/produit\/winter-run-gloves\/#primaryimage\"},\"image\":{\"@id\":\"https:\/\/www.miomiorun.com\/fr\/produit\/winter-run-gloves\/#primaryimage\"},\"thumbnailUrl\":\"https:\/\/www.miomiorun.com\/app\/uploads\/2022\/10\/cep-winter-run-gloves-WOM25W.jpg\",\"datePublished\":\"2022-10-27T08:35:08+00:00\",\"dateModified\":\"2025-09-16T14:28:13+00:00\",\"description\":\"Les gants Winter Run Gloves de CEP . Profitez de toute la technologie \u00e0 votre disposition. Ils vous offrent un confort optimal et une tenue parfaite\u00a0lorsqu'il fait froid.\",\"breadcrumb\":{\"@id\":\"https:\/\/www.miomiorun.com\/fr\/produit\/winter-run-gloves\/#breadcrumb\"},\"inLanguage\":\"fr-FR\",\"potentialAction\":[{\"@type\":\"ReadAction\",\"target\":[\"https:\/\/www.miomiorun.com\/fr\/produit\/winter-run-gloves\/\"]}]},{\"@type\":\"ImageObject\",\"inLanguage\":\"fr-FR\",\"@id\":\"https:\/\/www.miomiorun.com\/fr\/produit\/winter-run-gloves\/#primaryimage\",\"url\":\"https:\/\/www.miomiorun.com\/app\/uploads\/2022\/10\/cep-winter-run-gloves-WOM25W.jpg\",\"contentUrl\":\"https:\/\/www.miomiorun.com\/app\/uploads\/2022\/10\/cep-winter-run-gloves-WOM25W.jpg\",\"width\":600,\"height\":600,\"caption\":\"cep-winter-run-gloves-WOM25W\"},{\"@type\":\"BreadcrumbList\",\"@id\":\"https:\/\/www.miomiorun.com\/fr\/produit\/winter-run-gloves\/#breadcrumb\",\"itemListElement\":[{\"@type\":\"ListItem\",\"position\":1,\"name\":\"Home\",\"item\":\"https:\/\/www.miomiorun.com\/fr\/home-page\/\"},{\"@type\":\"ListItem\",\"position\":2,\"name\":\"Shop\",\"item\":\"https:\/\/www.miomiorun.com\/shop\/\"},{\"@type\":\"ListItem\",\"position\":3,\"name\":\"Winter Run Gloves\"}]},{\"@type\":\"WebSite\",\"@id\":\"https:\/\/www.miomiorun.com\/fr\/#website\",\"url\":\"https:\/\/www.miomiorun.com\/fr\/\",\"name\":\"MioMioRun\",\"description\":\"Boutique 100% running et trail\",\"publisher\":{\"@id\":\"https:\/\/www.miomiorun.com\/fr\/#organization\"},\"potentialAction\":[{\"@type\":\"SearchAction\",\"target\":{\"@type\":\"EntryPoint\",\"urlTemplate\":\"https:\/\/www.miomiorun.com\/fr\/?s={search_term_string}\"},\"query-input\":{\"@type\":\"PropertyValueSpecification\",\"valueRequired\":true,\"valueName\":\"search_term_string\"}}],\"inLanguage\":\"fr-FR\"},{\"@type\":\"Organization\",\"@id\":\"https:\/\/www.miomiorun.com\/fr\/#organization\",\"name\":\"MioMio Run\",\"url\":\"https:\/\/www.miomiorun.com\/fr\/\",\"logo\":{\"@type\":\"ImageObject\",\"inLanguage\":\"fr-FR\",\"@id\":\"https:\/\/www.miomiorun.com\/fr\/#\/schema\/logo\/image\/\",\"url\":\"https:\/\/www.miomiorun.com\/app\/uploads\/2019\/12\/logomio.png\",\"contentUrl\":\"https:\/\/www.miomiorun.com\/app\/uploads\/2019\/12\/logomio.png\",\"width\":115,\"height\":82,\"caption\":\"MioMio Run\"},\"image\":{\"@id\":\"https:\/\/www.miomiorun.com\/fr\/#\/schema\/logo\/image\/\"},\"sameAs\":[\"https:\/\/www.facebook.com\/miomiorun\/\",\"https:\/\/www.instagram.com\/miomiorun\/\"]}]}<\/script>\n<!-- \/ Yoast SEO plugin. -->","yoast_head_json":{"title":"Cep Winter Run Gloves - Gants de course - MioMioRun.com","description":"Les gants Winter Run Gloves de CEP . Profitez de toute la technologie \u00e0 votre disposition. Ils vous offrent un confort optimal et une tenue parfaite\u00a0lorsqu'il fait froid.","robots":{"index":"index","follow":"follow","max-snippet":"max-snippet:-1","max-image-preview":"max-image-preview:large","max-video-preview":"max-video-preview:-1"},"canonical":"https:\/\/www.miomiorun.com\/fr\/produit\/winter-run-gloves\/","og_locale":"fr_FR","og_type":"article","og_title":"Cep Winter Run Gloves - Gants de course - MioMioRun.com","og_description":"Les gants Winter Run Gloves de CEP . Profitez de toute la technologie \u00e0 votre disposition. Ils vous offrent un confort optimal et une tenue parfaite\u00a0lorsqu'il fait froid.","og_url":"https:\/\/www.miomiorun.com\/fr\/produit\/winter-run-gloves\/","og_site_name":"MioMioRun","article_publisher":"https:\/\/www.facebook.com\/miomiorun\/","article_modified_time":"2025-09-16T14:28:13+00:00","og_image":[{"width":600,"height":600,"url":"https:\/\/www.miomiorun.com\/app\/uploads\/2022\/10\/cep-winter-run-gloves-WOM25W.jpg","type":"image\/jpeg"}],"twitter_card":"summary_large_image","twitter_misc":{"Est. reading time":"2 minutes"},"schema":{"@context":"https:\/\/schema.org","@graph":[{"@type":"WebPage","@id":"https:\/\/www.miomiorun.com\/fr\/produit\/winter-run-gloves\/","url":"https:\/\/www.miomiorun.com\/fr\/produit\/winter-run-gloves\/","name":"Cep Winter Run Gloves - Gants de course - MioMioRun.com","isPartOf":{"@id":"https:\/\/www.miomiorun.com\/fr\/#website"},"primaryImageOfPage":{"@id":"https:\/\/www.miomiorun.com\/fr\/produit\/winter-run-gloves\/#primaryimage"},"image":{"@id":"https:\/\/www.miomiorun.com\/fr\/produit\/winter-run-gloves\/#primaryimage"},"thumbnailUrl":"https:\/\/www.miomiorun.com\/app\/uploads\/2022\/10\/cep-winter-run-gloves-WOM25W.jpg","datePublished":"2022-10-27T08:35:08+00:00","dateModified":"2025-09-16T14:28:13+00:00","description":"Les gants Winter Run Gloves de CEP . Profitez de toute la technologie \u00e0 votre disposition. Ils vous offrent un confort optimal et une tenue parfaite\u00a0lorsqu'il fait froid.","breadcrumb":{"@id":"https:\/\/www.miomiorun.com\/fr\/produit\/winter-run-gloves\/#breadcrumb"},"inLanguage":"fr-FR","potentialAction":[{"@type":"ReadAction","target":["https:\/\/www.miomiorun.com\/fr\/produit\/winter-run-gloves\/"]}]},{"@type":"ImageObject","inLanguage":"fr-FR","@id":"https:\/\/www.miomiorun.com\/fr\/produit\/winter-run-gloves\/#primaryimage","url":"https:\/\/www.miomiorun.com\/app\/uploads\/2022\/10\/cep-winter-run-gloves-WOM25W.jpg","contentUrl":"https:\/\/www.miomiorun.com\/app\/uploads\/2022\/10\/cep-winter-run-gloves-WOM25W.jpg","width":600,"height":600,"caption":"cep-winter-run-gloves-WOM25W"},{"@type":"BreadcrumbList","@id":"https:\/\/www.miomiorun.com\/fr\/produit\/winter-run-gloves\/#breadcrumb","itemListElement":[{"@type":"ListItem","position":1,"name":"Home","item":"https:\/\/www.miomiorun.com\/fr\/home-page\/"},{"@type":"ListItem","position":2,"name":"Shop","item":"https:\/\/www.miomiorun.com\/shop\/"},{"@type":"ListItem","position":3,"name":"Winter Run Gloves"}]},{"@type":"WebSite","@id":"https:\/\/www.miomiorun.com\/fr\/#website","url":"https:\/\/www.miomiorun.com\/fr\/","name":"MioMioRun","description":"Boutique 100% running et trail","publisher":{"@id":"https:\/\/www.miomiorun.com\/fr\/#organization"},"potentialAction":[{"@type":"SearchAction","target":{"@type":"EntryPoint","urlTemplate":"https:\/\/www.miomiorun.com\/fr\/?s={search_term_string}"},"query-input":{"@type":"PropertyValueSpecification","valueRequired":true,"valueName":"search_term_string"}}],"inLanguage":"fr-FR"},{"@type":"Organization","@id":"https:\/\/www.miomiorun.com\/fr\/#organization","name":"MioMio Run","url":"https:\/\/www.miomiorun.com\/fr\/","logo":{"@type":"ImageObject","inLanguage":"fr-FR","@id":"https:\/\/www.miomiorun.com\/fr\/#\/schema\/logo\/image\/","url":"https:\/\/www.miomiorun.com\/app\/uploads\/2019\/12\/logomio.png","contentUrl":"https:\/\/www.miomiorun.com\/app\/uploads\/2019\/12\/logomio.png","width":115,"height":82,"caption":"MioMio Run"},"image":{"@id":"https:\/\/www.miomiorun.com\/fr\/#\/schema\/logo\/image\/"},"sameAs":["https:\/\/www.facebook.com\/miomiorun\/","https:\/\/www.instagram.com\/miomiorun\/"]}]}},"_links":{"self":[{"href":"https:\/\/www.miomiorun.com\/fr\/wp-json\/wp\/v2\/product\/284009","targetHints":{"allow":["GET"]}}],"collection":[{"href":"https:\/\/www.miomiorun.com\/fr\/wp-json\/wp\/v2\/product"}],"about":[{"href":"https:\/\/www.miomiorun.com\/fr\/wp-json\/wp\/v2\/types\/product"}],"wp:featuredmedia":[{"embeddable":true,"href":"https:\/\/www.miomiorun.com\/fr\/wp-json\/wp\/v2\/media\/238898"}],"wp:attachment":[{"href":"https:\/\/www.miomiorun.com\/fr\/wp-json\/wp\/v2\/media?parent=284009"}],"wp:term":[{"taxonomy":"product_brand","embeddable":true,"href":"https:\/\/www.miomiorun.com\/fr\/wp-json\/wp\/v2\/product_brand?post=284009"},{"taxonomy":"product_cat","embeddable":true,"href":"https:\/\/www.miomiorun.com\/fr\/wp-json\/wp\/v2\/product_cat?post=284009"},{"taxonomy":"product_tag","embeddable":true,"href":"https:\/\/www.miomiorun.com\/fr\/wp-json\/wp\/v2\/product_tag?post=284009"}],"curies":[{"name":"wp","href":"https:\/\/api.w.org\/{rel}","templated":true}]}}