{"id":284007,"date":"2022-10-27T10:43:04","date_gmt":"2022-10-27T08:43:04","guid":{"rendered":"https:\/\/miomiorun.com\/prodotto\/reflective-shirt-uomo\/"},"modified":"2025-09-16T16:29:07","modified_gmt":"2025-09-16T14:29:07","slug":"reflective-shirt-homme","status":"publish","type":"product","link":"https:\/\/www.miomiorun.com\/fr\/produit\/reflective-shirt-homme\/","title":{"rendered":"Reflective shirt homme"},"content":{"rendered":"<h2>Id\u00e9al pour les journ\u00e9es froides et sombres<\/h2>\n<p>Avec le <strong>Reflective Shirt<\/strong> pour homme, vous courez en toute s\u00e9curit\u00e9 dans l&#8217;obscurit\u00e9 tout en \u00e9tant prot\u00e9g\u00e9 du froid et agr\u00e9ablement r\u00e9chauff\u00e9.<\/p>\n<p><strong>Caract\u00e9ristiques :<\/strong><\/p>\n<ul class=\"selling-points\">\n<li>La technologie SMART REFLECTIVE de l&#8217;imprim\u00e9 all-over avec des \u00e9clairs assure une plus grande s\u00e9curit\u00e9 dans l&#8217;obscurit\u00e9 gr\u00e2ce \u00e0 une visibilit\u00e9 compl\u00e8te. <\/li>\n<li>Quand il fait froid, les mat\u00e9riaux de haute qualit\u00e9 vous prot\u00e8gent gr\u00e2ce \u00e0 une excellente r\u00e9gulation de la chaleur et du climat. <\/li>\n<li>La doublure int\u00e9rieure en polaire vous garantit une chaleur agr\u00e9able, tandis que la technologie SMART STRETCH rend ce maillot de course \u00e0 manches longues aussi confortable qu&#8217;une seconde peau.<\/li>\n<\/ul>\n<h3>Courez avec plus de visibilit\u00e9 et de s\u00e9curit\u00e9<\/h3>\n<p>Que vous d\u00e9cidiez de vous entra\u00eener \u00e0 la campagne, en ville ou dans un parc, et que vous croisiez des voitures, des cyclistes ou des pi\u00e9tons, vous \u00eates visible de loin par les autres usagers de la route gr\u00e2ce \u00e0 l&#8217;imprim\u00e9 r\u00e9fl\u00e9chissant avec des \u00e9clairs dot\u00e9 de la technologie SMART REFLECTIVE. Courez en toute s\u00e9curit\u00e9 au coucher du soleil ou la nuit.<\/p>\n<h3>Coupe ajust\u00e9e et confort<\/h3>\n<p>Ce maillot de course \u00e0 manches longues pour femme allie un look dynamique et un excellent confort. Gr\u00e2ce \u00e0 sa teneur \u00e9lev\u00e9e en \u00e9lasthanne, il offre une coupe ajust\u00e9e. En m\u00eame temps, la doublure int\u00e9rieure en polaire assure un toucher doux et chaud, id\u00e9al lorsque vous courez par temps froid.<\/p>\n<h3>Climat \u00e9quilibr\u00e9 gr\u00e2ce \u00e0 des caract\u00e9ristiques intelligentes<\/h3>\n<p>L&#8217;effet chauffant des fibres fonctionnelles de haute qualit\u00e9 s&#8217;associe \u00e0 une r\u00e9gulation agr\u00e9able du climat qui \u00e9vacue l&#8217;humidit\u00e9 en un clin d&#8217;\u0153il et offre une excellente respirabilit\u00e9. Lorsque vous vous entra\u00eenez intens\u00e9ment, vous ne ressentez pas d&#8217;accumulation de chaleur et vous pouvez profiter d&#8217;une sensation de libert\u00e9.<\/p>\n<p>&nbsp;<\/p>\n","protected":false},"excerpt":{"rendered":"<ul class=\"selling-points\">\n<li>La technologie SMART REFLECTIVE de l&#8217;imprim\u00e9 int\u00e9gral avec des \u00e9clairs assure une plus grande s\u00e9curit\u00e9 dans l&#8217;obscurit\u00e9 gr\u00e2ce \u00e0 une visibilit\u00e9 totale.<\/li>\n<li>Par temps froid, les mat\u00e9riaux de haute qualit\u00e9 vous prot\u00e8gent gr\u00e2ce \u00e0 une excellente r\u00e9gulation de la chaleur et du climat.<\/li>\n<li>La doublure int\u00e9rieure en polaire vous garantit une chaleur agr\u00e9able, tandis que la technologie SMART STRETCH fait de ce maillot de course \u00e0 manches longues une seconde peau.<\/li>\n<\/ul>\n","protected":false},"featured_media":238738,"template":"","meta":{"_acf_changed":false,"inline_featured_image":false},"product_brand":[],"product_cat":[24485,24479,24430],"product_tag":[23469,23649],"class_list":{"0":"post-284007","1":"product","2":"type-product","3":"status-publish","4":"has-post-thumbnail","6":"product_cat-maillots-fr-3","7":"product_cat-sous-vetements-fr-2","8":"product_cat-vetements-pour-hommes","9":"product_tag-cep-fr","10":"product_tag-cep-homme","11":"pa_attivita-marcher","12":"pa_attivita-running-fr","13":"pa_colore-reflective-shirt-green-fr","14":"pa_marca-cep-fr","15":"pa_sesso-homme","16":"pa_size-small-fr","17":"pa_size-large-fr","18":"pa_size-extra-large-fr","20":"first","21":"instock","22":"sale","23":"taxable","24":"shipping-taxable","25":"purchasable","26":"product-type-variable","27":"wvs-archive-product-wrapper"},"acf":[],"yoast_head":"<!-- This site is optimized with the Yoast SEO plugin v26.8 - https:\/\/yoast.com\/product\/yoast-seo-wordpress\/ -->\n<title>CepReflective shirt homme - Sous-v\u00eatements thermiques- MioMioRun.com<\/title>\n<meta name=\"description\" content=\"Avec le t-shirt r\u00e9fl\u00e9chissant pour homme, vous courez en toute s\u00e9curit\u00e9 dans l&#039;obscurit\u00e9 tout en \u00e9tant prot\u00e9g\u00e9 du froid et agr\u00e9ablement r\u00e9chauff\u00e9.\" \/>\n<meta name=\"robots\" content=\"index, follow, max-snippet:-1, max-image-preview:large, max-video-preview:-1\" \/>\n<link rel=\"canonical\" href=\"https:\/\/www.miomiorun.com\/fr\/produit\/reflective-shirt-homme\/\" \/>\n<meta property=\"og:locale\" content=\"fr_FR\" \/>\n<meta property=\"og:type\" content=\"article\" \/>\n<meta property=\"og:title\" content=\"CepReflective shirt homme - Sous-v\u00eatements thermiques- MioMioRun.com\" \/>\n<meta property=\"og:description\" content=\"Avec le t-shirt r\u00e9fl\u00e9chissant pour homme, vous courez en toute s\u00e9curit\u00e9 dans l&#039;obscurit\u00e9 tout en \u00e9tant prot\u00e9g\u00e9 du froid et agr\u00e9ablement r\u00e9chauff\u00e9.\" \/>\n<meta property=\"og:url\" content=\"https:\/\/www.miomiorun.com\/fr\/produit\/reflective-shirt-homme\/\" \/>\n<meta property=\"og:site_name\" content=\"MioMioRun\" \/>\n<meta property=\"article:publisher\" content=\"https:\/\/www.facebook.com\/miomiorun\/\" \/>\n<meta property=\"article:modified_time\" content=\"2025-09-16T14:29:07+00:00\" \/>\n<meta property=\"og:image\" content=\"https:\/\/www.miomiorun.com\/app\/uploads\/2022\/12\/cep-reflective-shirt-green-W213DN.jpg\" \/>\n\t<meta property=\"og:image:width\" content=\"600\" \/>\n\t<meta property=\"og:image:height\" content=\"600\" \/>\n\t<meta property=\"og:image:type\" content=\"image\/jpeg\" \/>\n<meta name=\"twitter:card\" content=\"summary_large_image\" \/>\n<meta name=\"twitter:label1\" content=\"Est. reading time\" \/>\n\t<meta name=\"twitter:data1\" content=\"2 minutes\" \/>\n<script type=\"application\/ld+json\" class=\"yoast-schema-graph\">{\"@context\":\"https:\/\/schema.org\",\"@graph\":[{\"@type\":\"WebPage\",\"@id\":\"https:\/\/www.miomiorun.com\/fr\/produit\/reflective-shirt-homme\/\",\"url\":\"https:\/\/www.miomiorun.com\/fr\/produit\/reflective-shirt-homme\/\",\"name\":\"CepReflective shirt homme - Sous-v\u00eatements thermiques- MioMioRun.com\",\"isPartOf\":{\"@id\":\"https:\/\/www.miomiorun.com\/fr\/#website\"},\"primaryImageOfPage\":{\"@id\":\"https:\/\/www.miomiorun.com\/fr\/produit\/reflective-shirt-homme\/#primaryimage\"},\"image\":{\"@id\":\"https:\/\/www.miomiorun.com\/fr\/produit\/reflective-shirt-homme\/#primaryimage\"},\"thumbnailUrl\":\"https:\/\/www.miomiorun.com\/app\/uploads\/2022\/12\/cep-reflective-shirt-green-W213DN.jpg\",\"datePublished\":\"2022-10-27T08:43:04+00:00\",\"dateModified\":\"2025-09-16T14:29:07+00:00\",\"description\":\"Avec le t-shirt r\u00e9fl\u00e9chissant pour homme, vous courez en toute s\u00e9curit\u00e9 dans l'obscurit\u00e9 tout en \u00e9tant prot\u00e9g\u00e9 du froid et agr\u00e9ablement r\u00e9chauff\u00e9.\",\"breadcrumb\":{\"@id\":\"https:\/\/www.miomiorun.com\/fr\/produit\/reflective-shirt-homme\/#breadcrumb\"},\"inLanguage\":\"fr-FR\",\"potentialAction\":[{\"@type\":\"ReadAction\",\"target\":[\"https:\/\/www.miomiorun.com\/fr\/produit\/reflective-shirt-homme\/\"]}]},{\"@type\":\"ImageObject\",\"inLanguage\":\"fr-FR\",\"@id\":\"https:\/\/www.miomiorun.com\/fr\/produit\/reflective-shirt-homme\/#primaryimage\",\"url\":\"https:\/\/www.miomiorun.com\/app\/uploads\/2022\/12\/cep-reflective-shirt-green-W213DN.jpg\",\"contentUrl\":\"https:\/\/www.miomiorun.com\/app\/uploads\/2022\/12\/cep-reflective-shirt-green-W213DN.jpg\",\"width\":600,\"height\":600,\"caption\":\"cep-reflective-shirt-green-W213DN\"},{\"@type\":\"BreadcrumbList\",\"@id\":\"https:\/\/www.miomiorun.com\/fr\/produit\/reflective-shirt-homme\/#breadcrumb\",\"itemListElement\":[{\"@type\":\"ListItem\",\"position\":1,\"name\":\"Home\",\"item\":\"https:\/\/www.miomiorun.com\/fr\/home-page\/\"},{\"@type\":\"ListItem\",\"position\":2,\"name\":\"Shop\",\"item\":\"https:\/\/www.miomiorun.com\/shop\/\"},{\"@type\":\"ListItem\",\"position\":3,\"name\":\"Reflective shirt homme\"}]},{\"@type\":\"WebSite\",\"@id\":\"https:\/\/www.miomiorun.com\/fr\/#website\",\"url\":\"https:\/\/www.miomiorun.com\/fr\/\",\"name\":\"MioMioRun\",\"description\":\"Boutique 100% running et trail\",\"publisher\":{\"@id\":\"https:\/\/www.miomiorun.com\/fr\/#organization\"},\"potentialAction\":[{\"@type\":\"SearchAction\",\"target\":{\"@type\":\"EntryPoint\",\"urlTemplate\":\"https:\/\/www.miomiorun.com\/fr\/?s={search_term_string}\"},\"query-input\":{\"@type\":\"PropertyValueSpecification\",\"valueRequired\":true,\"valueName\":\"search_term_string\"}}],\"inLanguage\":\"fr-FR\"},{\"@type\":\"Organization\",\"@id\":\"https:\/\/www.miomiorun.com\/fr\/#organization\",\"name\":\"MioMio Run\",\"url\":\"https:\/\/www.miomiorun.com\/fr\/\",\"logo\":{\"@type\":\"ImageObject\",\"inLanguage\":\"fr-FR\",\"@id\":\"https:\/\/www.miomiorun.com\/fr\/#\/schema\/logo\/image\/\",\"url\":\"https:\/\/www.miomiorun.com\/app\/uploads\/2019\/12\/logomio.png\",\"contentUrl\":\"https:\/\/www.miomiorun.com\/app\/uploads\/2019\/12\/logomio.png\",\"width\":115,\"height\":82,\"caption\":\"MioMio Run\"},\"image\":{\"@id\":\"https:\/\/www.miomiorun.com\/fr\/#\/schema\/logo\/image\/\"},\"sameAs\":[\"https:\/\/www.facebook.com\/miomiorun\/\",\"https:\/\/www.instagram.com\/miomiorun\/\"]}]}<\/script>\n<!-- \/ Yoast SEO plugin. -->","yoast_head_json":{"title":"CepReflective shirt homme - Sous-v\u00eatements thermiques- MioMioRun.com","description":"Avec le t-shirt r\u00e9fl\u00e9chissant pour homme, vous courez en toute s\u00e9curit\u00e9 dans l'obscurit\u00e9 tout en \u00e9tant prot\u00e9g\u00e9 du froid et agr\u00e9ablement r\u00e9chauff\u00e9.","robots":{"index":"index","follow":"follow","max-snippet":"max-snippet:-1","max-image-preview":"max-image-preview:large","max-video-preview":"max-video-preview:-1"},"canonical":"https:\/\/www.miomiorun.com\/fr\/produit\/reflective-shirt-homme\/","og_locale":"fr_FR","og_type":"article","og_title":"CepReflective shirt homme - Sous-v\u00eatements thermiques- MioMioRun.com","og_description":"Avec le t-shirt r\u00e9fl\u00e9chissant pour homme, vous courez en toute s\u00e9curit\u00e9 dans l'obscurit\u00e9 tout en \u00e9tant prot\u00e9g\u00e9 du froid et agr\u00e9ablement r\u00e9chauff\u00e9.","og_url":"https:\/\/www.miomiorun.com\/fr\/produit\/reflective-shirt-homme\/","og_site_name":"MioMioRun","article_publisher":"https:\/\/www.facebook.com\/miomiorun\/","article_modified_time":"2025-09-16T14:29:07+00:00","og_image":[{"width":600,"height":600,"url":"https:\/\/www.miomiorun.com\/app\/uploads\/2022\/12\/cep-reflective-shirt-green-W213DN.jpg","type":"image\/jpeg"}],"twitter_card":"summary_large_image","twitter_misc":{"Est. reading time":"2 minutes"},"schema":{"@context":"https:\/\/schema.org","@graph":[{"@type":"WebPage","@id":"https:\/\/www.miomiorun.com\/fr\/produit\/reflective-shirt-homme\/","url":"https:\/\/www.miomiorun.com\/fr\/produit\/reflective-shirt-homme\/","name":"CepReflective shirt homme - Sous-v\u00eatements thermiques- MioMioRun.com","isPartOf":{"@id":"https:\/\/www.miomiorun.com\/fr\/#website"},"primaryImageOfPage":{"@id":"https:\/\/www.miomiorun.com\/fr\/produit\/reflective-shirt-homme\/#primaryimage"},"image":{"@id":"https:\/\/www.miomiorun.com\/fr\/produit\/reflective-shirt-homme\/#primaryimage"},"thumbnailUrl":"https:\/\/www.miomiorun.com\/app\/uploads\/2022\/12\/cep-reflective-shirt-green-W213DN.jpg","datePublished":"2022-10-27T08:43:04+00:00","dateModified":"2025-09-16T14:29:07+00:00","description":"Avec le t-shirt r\u00e9fl\u00e9chissant pour homme, vous courez en toute s\u00e9curit\u00e9 dans l'obscurit\u00e9 tout en \u00e9tant prot\u00e9g\u00e9 du froid et agr\u00e9ablement r\u00e9chauff\u00e9.","breadcrumb":{"@id":"https:\/\/www.miomiorun.com\/fr\/produit\/reflective-shirt-homme\/#breadcrumb"},"inLanguage":"fr-FR","potentialAction":[{"@type":"ReadAction","target":["https:\/\/www.miomiorun.com\/fr\/produit\/reflective-shirt-homme\/"]}]},{"@type":"ImageObject","inLanguage":"fr-FR","@id":"https:\/\/www.miomiorun.com\/fr\/produit\/reflective-shirt-homme\/#primaryimage","url":"https:\/\/www.miomiorun.com\/app\/uploads\/2022\/12\/cep-reflective-shirt-green-W213DN.jpg","contentUrl":"https:\/\/www.miomiorun.com\/app\/uploads\/2022\/12\/cep-reflective-shirt-green-W213DN.jpg","width":600,"height":600,"caption":"cep-reflective-shirt-green-W213DN"},{"@type":"BreadcrumbList","@id":"https:\/\/www.miomiorun.com\/fr\/produit\/reflective-shirt-homme\/#breadcrumb","itemListElement":[{"@type":"ListItem","position":1,"name":"Home","item":"https:\/\/www.miomiorun.com\/fr\/home-page\/"},{"@type":"ListItem","position":2,"name":"Shop","item":"https:\/\/www.miomiorun.com\/shop\/"},{"@type":"ListItem","position":3,"name":"Reflective shirt homme"}]},{"@type":"WebSite","@id":"https:\/\/www.miomiorun.com\/fr\/#website","url":"https:\/\/www.miomiorun.com\/fr\/","name":"MioMioRun","description":"Boutique 100% running et trail","publisher":{"@id":"https:\/\/www.miomiorun.com\/fr\/#organization"},"potentialAction":[{"@type":"SearchAction","target":{"@type":"EntryPoint","urlTemplate":"https:\/\/www.miomiorun.com\/fr\/?s={search_term_string}"},"query-input":{"@type":"PropertyValueSpecification","valueRequired":true,"valueName":"search_term_string"}}],"inLanguage":"fr-FR"},{"@type":"Organization","@id":"https:\/\/www.miomiorun.com\/fr\/#organization","name":"MioMio Run","url":"https:\/\/www.miomiorun.com\/fr\/","logo":{"@type":"ImageObject","inLanguage":"fr-FR","@id":"https:\/\/www.miomiorun.com\/fr\/#\/schema\/logo\/image\/","url":"https:\/\/www.miomiorun.com\/app\/uploads\/2019\/12\/logomio.png","contentUrl":"https:\/\/www.miomiorun.com\/app\/uploads\/2019\/12\/logomio.png","width":115,"height":82,"caption":"MioMio Run"},"image":{"@id":"https:\/\/www.miomiorun.com\/fr\/#\/schema\/logo\/image\/"},"sameAs":["https:\/\/www.facebook.com\/miomiorun\/","https:\/\/www.instagram.com\/miomiorun\/"]}]}},"_links":{"self":[{"href":"https:\/\/www.miomiorun.com\/fr\/wp-json\/wp\/v2\/product\/284007","targetHints":{"allow":["GET"]}}],"collection":[{"href":"https:\/\/www.miomiorun.com\/fr\/wp-json\/wp\/v2\/product"}],"about":[{"href":"https:\/\/www.miomiorun.com\/fr\/wp-json\/wp\/v2\/types\/product"}],"wp:featuredmedia":[{"embeddable":true,"href":"https:\/\/www.miomiorun.com\/fr\/wp-json\/wp\/v2\/media\/238738"}],"wp:attachment":[{"href":"https:\/\/www.miomiorun.com\/fr\/wp-json\/wp\/v2\/media?parent=284007"}],"wp:term":[{"taxonomy":"product_brand","embeddable":true,"href":"https:\/\/www.miomiorun.com\/fr\/wp-json\/wp\/v2\/product_brand?post=284007"},{"taxonomy":"product_cat","embeddable":true,"href":"https:\/\/www.miomiorun.com\/fr\/wp-json\/wp\/v2\/product_cat?post=284007"},{"taxonomy":"product_tag","embeddable":true,"href":"https:\/\/www.miomiorun.com\/fr\/wp-json\/wp\/v2\/product_tag?post=284007"}],"curies":[{"name":"wp","href":"https:\/\/api.w.org\/{rel}","templated":true}]}}