{"id":283958,"date":"2022-10-27T10:54:23","date_gmt":"2022-10-27T08:54:23","guid":{"rendered":"https:\/\/miomiorun.com\/prodotto\/reflective-tights-donna\/"},"modified":"2026-05-08T21:34:25","modified_gmt":"2026-05-08T19:34:25","slug":"reflective-tights-femme","status":"publish","type":"product","link":"https:\/\/www.miomiorun.com\/fr\/produit\/reflective-tights-femme\/","title":{"rendered":"Reflective Tights femme"},"content":{"rendered":"<div id=\"tw-target-text-container\" class=\"tw-ta-container F0azHf tw-nfl\">\n<h2><span lang=\"IT\">COLLANTS R\u00c9FL\u00c9CHISSANTS POUR DES PERFORMANCES PAR TEMPS FROID<\/span><\/h2>\n<p>Des pantalons de course aussi dynamiques que vous : avec les <strong>collants r\u00e9fl\u00e9chissants<\/strong> pour femmes de CEP, vous pouvez vous entra\u00eener par temps froid de mani\u00e8re confortable et en toute s\u00e9curit\u00e9. Ce pantalon de course vous prot\u00e8ge efficacement des intemp\u00e9ries et vous rend parfaitement visible \u00e0 tout moment gr\u00e2ce \u00e0 ses \u00e9l\u00e9ments r\u00e9fl\u00e9chissants.<\/p>\n<p><strong>Caract\u00e9ristiques :<\/strong><\/p>\n<ul class=\"selling-points\">\n<li>L&#8217;imprim\u00e9 int\u00e9gral avec des \u00e9clairs dot\u00e9 de la technologie SMART REFLECTIVE garantit une excellente s\u00e9curit\u00e9 dans l&#8217;obscurit\u00e9.<\/li>\n<li>Gr\u00e2ce aux mat\u00e9riaux hydrofuges de haute qualit\u00e9, vous b\u00e9n\u00e9ficiez d&#8217;une excellente r\u00e9gulation de la chaleur et du climat.<\/li>\n<li>La coupe TIGHTFIT garantit une sensation stimulante, tandis que la doublure int\u00e9rieure en polaire et la bordure \u00e9lastique antid\u00e9rapante vous offrent un confort maximal.<\/li>\n<\/ul>\n<h3>Sentez-vous en s\u00e9curit\u00e9 lorsque vous vous entra\u00eenez dans l&#8217;obscurit\u00e9<\/h3>\n<p>Il n&#8217;y a pas de mauvaise saison pour s&#8217;entra\u00eener lorsque vous disposez du bon \u00e9quipement : gr\u00e2ce aux collants r\u00e9fl\u00e9chissants, vous \u00eates bien visible par les autres usagers de la route, m\u00eame de loin. La visibilit\u00e9 \u00e0 360 degr\u00e9s offerte par la technologie innovante SMART REFLECTIVE vous permet de courir librement et vous aide \u00e0 rester concentr\u00e9.<\/p>\n<h3>Profitez d&#8217;une sensation de confort et de stimulation<\/h3>\n<p>Gr\u00e2ce \u00e0 la technologie TIGHTFIT, les pantalons de course sont comme une seconde peau et accompagnent chacun de vos mouvements. La doublure int\u00e9rieure en polaire r\u00e9gule la temp\u00e9rature de vos jambes. Ne craignez pas les glissements g\u00eanants : gr\u00e2ce \u00e0 leur bordure ultra large, les pantalons restent bien en place.<\/p>\n<h3>Une protection efficace contre les intemp\u00e9ries pour vous entra\u00eener par temps froid<\/h3>\n<p>Par temps froid et humide, les propri\u00e9t\u00e9s coupe-vent et imperm\u00e9ables vous prot\u00e8gent du refroidissement.<\/p>\n<\/div>\n<div id=\"tw-target-rmn-container\" class=\"tw-target-rmn tw-ta-container F0azHf tw-nfl\">\n<pre id=\"tw-target-rmn\" class=\"tw-data-placeholder tw-text-small tw-ta\" dir=\"ltr\" data-placeholder=\"\"><\/pre>\n<\/div>\n","protected":false},"excerpt":{"rendered":"<ul class=\"selling-points\">\n<li>L&#8217;imprim\u00e9 int\u00e9gral avec des \u00e9clairs et la technologie SMART REFLECTIVE garantissent une excellente s\u00e9curit\u00e9 dans l&#8217;obscurit\u00e9.<\/li>\n<li>Gr\u00e2ce aux mat\u00e9riaux hydrofuges de haute qualit\u00e9, vous b\u00e9n\u00e9ficiez d&#8217;une excellente r\u00e9gulation thermique et climatique.<\/li>\n<li>La coupe TIGHTFIT garantit une sensation stimulante, tandis que la doublure int\u00e9rieure en polaire et la bordure \u00e9lastique antid\u00e9rapante vous offrent un confort maximal.<\/li>\n<\/ul>\n","protected":false},"featured_media":238984,"template":"","meta":{"_acf_changed":false,"inline_featured_image":false},"product_brand":[],"product_cat":[24437,22600,24444],"product_tag":[23469,23651],"class_list":{"0":"post-283958","1":"product","2":"type-product","3":"status-publish","4":"has-post-thumbnail","6":"product_cat-pantalon-long-fr-2","7":"product_cat-sous-vetements","8":"product_cat-vetements-pour-femmes-fr","9":"product_tag-cep-fr","10":"product_tag-cep-femme","11":"pa_attivita-marcher","12":"pa_attivita-running-fr","13":"pa_colore-reflective-tight-w-purple-fr","14":"pa_marca-craft-fr","15":"pa_sesso-femme","16":"pa_size-medium-fr","17":"pa_size-large-fr","19":"first","20":"instock","21":"sale","22":"taxable","23":"shipping-taxable","24":"purchasable","25":"product-type-variable","26":"wvs-archive-product-wrapper"},"acf":[],"yoast_head":"<!-- This site is optimized with the Yoast SEO plugin v26.8 - https:\/\/yoast.com\/product\/yoast-seo-wordpress\/ -->\n<title>Cep Reflective Tights femme - Pantalon de course- MioMioRun.com<\/title>\n<meta name=\"description\" content=\"Des pantalons de course aussi dynamiques que vous : avec les collants Reflective Tights pour femmes de CEP, vous pouvez vous entra\u00eener confortablement et en toute s\u00e9curit\u00e9 par temps froid.\" \/>\n<meta name=\"robots\" content=\"index, follow, max-snippet:-1, max-image-preview:large, max-video-preview:-1\" \/>\n<link rel=\"canonical\" href=\"https:\/\/www.miomiorun.com\/fr\/produit\/reflective-tights-femme\/\" \/>\n<meta property=\"og:locale\" content=\"fr_FR\" \/>\n<meta property=\"og:type\" content=\"article\" \/>\n<meta property=\"og:title\" content=\"Cep Reflective Tights femme - Pantalon de course- MioMioRun.com\" \/>\n<meta property=\"og:description\" content=\"Des pantalons de course aussi dynamiques que vous : avec les collants Reflective Tights pour femmes de CEP, vous pouvez vous entra\u00eener confortablement et en toute s\u00e9curit\u00e9 par temps froid.\" \/>\n<meta property=\"og:url\" content=\"https:\/\/www.miomiorun.com\/fr\/produit\/reflective-tights-femme\/\" \/>\n<meta property=\"og:site_name\" content=\"MioMioRun\" \/>\n<meta property=\"article:publisher\" content=\"https:\/\/www.facebook.com\/miomiorun\/\" \/>\n<meta property=\"article:modified_time\" content=\"2026-05-08T19:34:25+00:00\" \/>\n<meta property=\"og:image\" content=\"https:\/\/www.miomiorun.com\/app\/uploads\/2022\/12\/cep-reflective-tight-W-purple-W2A96N.jpg\" \/>\n\t<meta property=\"og:image:width\" content=\"600\" \/>\n\t<meta property=\"og:image:height\" content=\"600\" \/>\n\t<meta property=\"og:image:type\" content=\"image\/jpeg\" \/>\n<meta name=\"twitter:card\" content=\"summary_large_image\" \/>\n<meta name=\"twitter:label1\" content=\"Est. reading time\" \/>\n\t<meta name=\"twitter:data1\" content=\"2 minutes\" \/>\n<script type=\"application\/ld+json\" class=\"yoast-schema-graph\">{\"@context\":\"https:\/\/schema.org\",\"@graph\":[{\"@type\":\"WebPage\",\"@id\":\"https:\/\/www.miomiorun.com\/fr\/produit\/reflective-tights-femme\/\",\"url\":\"https:\/\/www.miomiorun.com\/fr\/produit\/reflective-tights-femme\/\",\"name\":\"Cep Reflective Tights femme - Pantalon de course- MioMioRun.com\",\"isPartOf\":{\"@id\":\"https:\/\/www.miomiorun.com\/fr\/#website\"},\"primaryImageOfPage\":{\"@id\":\"https:\/\/www.miomiorun.com\/fr\/produit\/reflective-tights-femme\/#primaryimage\"},\"image\":{\"@id\":\"https:\/\/www.miomiorun.com\/fr\/produit\/reflective-tights-femme\/#primaryimage\"},\"thumbnailUrl\":\"https:\/\/www.miomiorun.com\/app\/uploads\/2022\/12\/cep-reflective-tight-W-purple-W2A96N.jpg\",\"datePublished\":\"2022-10-27T08:54:23+00:00\",\"dateModified\":\"2026-05-08T19:34:25+00:00\",\"description\":\"Des pantalons de course aussi dynamiques que vous : avec les collants Reflective Tights pour femmes de CEP, vous pouvez vous entra\u00eener confortablement et en toute s\u00e9curit\u00e9 par temps froid.\",\"breadcrumb\":{\"@id\":\"https:\/\/www.miomiorun.com\/fr\/produit\/reflective-tights-femme\/#breadcrumb\"},\"inLanguage\":\"fr-FR\",\"potentialAction\":[{\"@type\":\"ReadAction\",\"target\":[\"https:\/\/www.miomiorun.com\/fr\/produit\/reflective-tights-femme\/\"]}]},{\"@type\":\"ImageObject\",\"inLanguage\":\"fr-FR\",\"@id\":\"https:\/\/www.miomiorun.com\/fr\/produit\/reflective-tights-femme\/#primaryimage\",\"url\":\"https:\/\/www.miomiorun.com\/app\/uploads\/2022\/12\/cep-reflective-tight-W-purple-W2A96N.jpg\",\"contentUrl\":\"https:\/\/www.miomiorun.com\/app\/uploads\/2022\/12\/cep-reflective-tight-W-purple-W2A96N.jpg\",\"width\":600,\"height\":600,\"caption\":\"cep-reflective-tight-W-purple-W2A96N\"},{\"@type\":\"BreadcrumbList\",\"@id\":\"https:\/\/www.miomiorun.com\/fr\/produit\/reflective-tights-femme\/#breadcrumb\",\"itemListElement\":[{\"@type\":\"ListItem\",\"position\":1,\"name\":\"Home\",\"item\":\"https:\/\/www.miomiorun.com\/fr\/home-page\/\"},{\"@type\":\"ListItem\",\"position\":2,\"name\":\"Shop\",\"item\":\"https:\/\/www.miomiorun.com\/shop\/\"},{\"@type\":\"ListItem\",\"position\":3,\"name\":\"Reflective Tights femme\"}]},{\"@type\":\"WebSite\",\"@id\":\"https:\/\/www.miomiorun.com\/fr\/#website\",\"url\":\"https:\/\/www.miomiorun.com\/fr\/\",\"name\":\"MioMioRun\",\"description\":\"Boutique 100% running et trail\",\"publisher\":{\"@id\":\"https:\/\/www.miomiorun.com\/fr\/#organization\"},\"potentialAction\":[{\"@type\":\"SearchAction\",\"target\":{\"@type\":\"EntryPoint\",\"urlTemplate\":\"https:\/\/www.miomiorun.com\/fr\/?s={search_term_string}\"},\"query-input\":{\"@type\":\"PropertyValueSpecification\",\"valueRequired\":true,\"valueName\":\"search_term_string\"}}],\"inLanguage\":\"fr-FR\"},{\"@type\":\"Organization\",\"@id\":\"https:\/\/www.miomiorun.com\/fr\/#organization\",\"name\":\"MioMio Run\",\"url\":\"https:\/\/www.miomiorun.com\/fr\/\",\"logo\":{\"@type\":\"ImageObject\",\"inLanguage\":\"fr-FR\",\"@id\":\"https:\/\/www.miomiorun.com\/fr\/#\/schema\/logo\/image\/\",\"url\":\"https:\/\/www.miomiorun.com\/app\/uploads\/2019\/12\/logomio.png\",\"contentUrl\":\"https:\/\/www.miomiorun.com\/app\/uploads\/2019\/12\/logomio.png\",\"width\":115,\"height\":82,\"caption\":\"MioMio Run\"},\"image\":{\"@id\":\"https:\/\/www.miomiorun.com\/fr\/#\/schema\/logo\/image\/\"},\"sameAs\":[\"https:\/\/www.facebook.com\/miomiorun\/\",\"https:\/\/www.instagram.com\/miomiorun\/\"]}]}<\/script>\n<!-- \/ Yoast SEO plugin. -->","yoast_head_json":{"title":"Cep Reflective Tights femme - Pantalon de course- MioMioRun.com","description":"Des pantalons de course aussi dynamiques que vous : avec les collants Reflective Tights pour femmes de CEP, vous pouvez vous entra\u00eener confortablement et en toute s\u00e9curit\u00e9 par temps froid.","robots":{"index":"index","follow":"follow","max-snippet":"max-snippet:-1","max-image-preview":"max-image-preview:large","max-video-preview":"max-video-preview:-1"},"canonical":"https:\/\/www.miomiorun.com\/fr\/produit\/reflective-tights-femme\/","og_locale":"fr_FR","og_type":"article","og_title":"Cep Reflective Tights femme - Pantalon de course- MioMioRun.com","og_description":"Des pantalons de course aussi dynamiques que vous : avec les collants Reflective Tights pour femmes de CEP, vous pouvez vous entra\u00eener confortablement et en toute s\u00e9curit\u00e9 par temps froid.","og_url":"https:\/\/www.miomiorun.com\/fr\/produit\/reflective-tights-femme\/","og_site_name":"MioMioRun","article_publisher":"https:\/\/www.facebook.com\/miomiorun\/","article_modified_time":"2026-05-08T19:34:25+00:00","og_image":[{"width":600,"height":600,"url":"https:\/\/www.miomiorun.com\/app\/uploads\/2022\/12\/cep-reflective-tight-W-purple-W2A96N.jpg","type":"image\/jpeg"}],"twitter_card":"summary_large_image","twitter_misc":{"Est. reading time":"2 minutes"},"schema":{"@context":"https:\/\/schema.org","@graph":[{"@type":"WebPage","@id":"https:\/\/www.miomiorun.com\/fr\/produit\/reflective-tights-femme\/","url":"https:\/\/www.miomiorun.com\/fr\/produit\/reflective-tights-femme\/","name":"Cep Reflective Tights femme - Pantalon de course- MioMioRun.com","isPartOf":{"@id":"https:\/\/www.miomiorun.com\/fr\/#website"},"primaryImageOfPage":{"@id":"https:\/\/www.miomiorun.com\/fr\/produit\/reflective-tights-femme\/#primaryimage"},"image":{"@id":"https:\/\/www.miomiorun.com\/fr\/produit\/reflective-tights-femme\/#primaryimage"},"thumbnailUrl":"https:\/\/www.miomiorun.com\/app\/uploads\/2022\/12\/cep-reflective-tight-W-purple-W2A96N.jpg","datePublished":"2022-10-27T08:54:23+00:00","dateModified":"2026-05-08T19:34:25+00:00","description":"Des pantalons de course aussi dynamiques que vous : avec les collants Reflective Tights pour femmes de CEP, vous pouvez vous entra\u00eener confortablement et en toute s\u00e9curit\u00e9 par temps froid.","breadcrumb":{"@id":"https:\/\/www.miomiorun.com\/fr\/produit\/reflective-tights-femme\/#breadcrumb"},"inLanguage":"fr-FR","potentialAction":[{"@type":"ReadAction","target":["https:\/\/www.miomiorun.com\/fr\/produit\/reflective-tights-femme\/"]}]},{"@type":"ImageObject","inLanguage":"fr-FR","@id":"https:\/\/www.miomiorun.com\/fr\/produit\/reflective-tights-femme\/#primaryimage","url":"https:\/\/www.miomiorun.com\/app\/uploads\/2022\/12\/cep-reflective-tight-W-purple-W2A96N.jpg","contentUrl":"https:\/\/www.miomiorun.com\/app\/uploads\/2022\/12\/cep-reflective-tight-W-purple-W2A96N.jpg","width":600,"height":600,"caption":"cep-reflective-tight-W-purple-W2A96N"},{"@type":"BreadcrumbList","@id":"https:\/\/www.miomiorun.com\/fr\/produit\/reflective-tights-femme\/#breadcrumb","itemListElement":[{"@type":"ListItem","position":1,"name":"Home","item":"https:\/\/www.miomiorun.com\/fr\/home-page\/"},{"@type":"ListItem","position":2,"name":"Shop","item":"https:\/\/www.miomiorun.com\/shop\/"},{"@type":"ListItem","position":3,"name":"Reflective Tights femme"}]},{"@type":"WebSite","@id":"https:\/\/www.miomiorun.com\/fr\/#website","url":"https:\/\/www.miomiorun.com\/fr\/","name":"MioMioRun","description":"Boutique 100% running et trail","publisher":{"@id":"https:\/\/www.miomiorun.com\/fr\/#organization"},"potentialAction":[{"@type":"SearchAction","target":{"@type":"EntryPoint","urlTemplate":"https:\/\/www.miomiorun.com\/fr\/?s={search_term_string}"},"query-input":{"@type":"PropertyValueSpecification","valueRequired":true,"valueName":"search_term_string"}}],"inLanguage":"fr-FR"},{"@type":"Organization","@id":"https:\/\/www.miomiorun.com\/fr\/#organization","name":"MioMio Run","url":"https:\/\/www.miomiorun.com\/fr\/","logo":{"@type":"ImageObject","inLanguage":"fr-FR","@id":"https:\/\/www.miomiorun.com\/fr\/#\/schema\/logo\/image\/","url":"https:\/\/www.miomiorun.com\/app\/uploads\/2019\/12\/logomio.png","contentUrl":"https:\/\/www.miomiorun.com\/app\/uploads\/2019\/12\/logomio.png","width":115,"height":82,"caption":"MioMio Run"},"image":{"@id":"https:\/\/www.miomiorun.com\/fr\/#\/schema\/logo\/image\/"},"sameAs":["https:\/\/www.facebook.com\/miomiorun\/","https:\/\/www.instagram.com\/miomiorun\/"]}]}},"_links":{"self":[{"href":"https:\/\/www.miomiorun.com\/fr\/wp-json\/wp\/v2\/product\/283958","targetHints":{"allow":["GET"]}}],"collection":[{"href":"https:\/\/www.miomiorun.com\/fr\/wp-json\/wp\/v2\/product"}],"about":[{"href":"https:\/\/www.miomiorun.com\/fr\/wp-json\/wp\/v2\/types\/product"}],"wp:featuredmedia":[{"embeddable":true,"href":"https:\/\/www.miomiorun.com\/fr\/wp-json\/wp\/v2\/media\/238984"}],"wp:attachment":[{"href":"https:\/\/www.miomiorun.com\/fr\/wp-json\/wp\/v2\/media?parent=283958"}],"wp:term":[{"taxonomy":"product_brand","embeddable":true,"href":"https:\/\/www.miomiorun.com\/fr\/wp-json\/wp\/v2\/product_brand?post=283958"},{"taxonomy":"product_cat","embeddable":true,"href":"https:\/\/www.miomiorun.com\/fr\/wp-json\/wp\/v2\/product_cat?post=283958"},{"taxonomy":"product_tag","embeddable":true,"href":"https:\/\/www.miomiorun.com\/fr\/wp-json\/wp\/v2\/product_tag?post=283958"}],"curies":[{"name":"wp","href":"https:\/\/api.w.org\/{rel}","templated":true}]}}