{"id":283951,"date":"2022-10-27T11:01:45","date_gmt":"2022-10-27T09:01:45","guid":{"rendered":"https:\/\/miomiorun.com\/prodotto\/reflective-windbreaker-uomo\/"},"modified":"2025-09-16T16:46:23","modified_gmt":"2025-09-16T14:46:23","slug":"reflective-windbreaker-homme","status":"publish","type":"product","link":"https:\/\/www.miomiorun.com\/fr\/produit\/reflective-windbreaker-homme\/","title":{"rendered":"Reflective Windbreaker homme"},"content":{"rendered":"<div class=\"descProdotto\">\n<h2><span lang=\"IT\">CHALEUR ET S\u00c9CURIT\u00c9<\/span><\/h2>\n<p>Ne suspendez pas votre programme d&#8217;entra\u00eenement \u00e0 cause de la pluie, du vent, du froid ou de l&#8217;heure : le <strong>Reflective Windbreaker<\/strong> pour homme vous prot\u00e8ge de mani\u00e8re optimale pendant vos courses. Vous \u00eates visible dans l&#8217;obscurit\u00e9, m\u00eame de loin, et vous restez au chaud et au sec. Vous pouvez l&#8217;emporter avec vous sans probl\u00e8me par mauvais temps.<\/p>\n<p><strong>Caract\u00e9ristiques :<\/strong><\/p>\n<ul class=\"selling-points\">\n<li>Gr\u00e2ce \u00e0 l&#8217;imprim\u00e9 moderne avec des \u00e9clairs et \u00e0 la technologie innovante SMART REFLECTIVE, vous \u00eates visible dans toutes les directions.<\/li>\n<li>Quand il fait froid, vous \u00eates prot\u00e9g\u00e9e gr\u00e2ce \u00e0 des mat\u00e9riaux de haute qualit\u00e9, coupe-vent et hydrofuges, qui offrent une r\u00e9gulation optimale de la chaleur et du climat.<\/li>\n<li>Soyez pr\u00eate en cas de mauvais temps : la veste peut \u00eatre pli\u00e9e sur elle-m\u00eame et vous pouvez la porter confortablement nou\u00e9e \u00e0 la taille.<\/li>\n<\/ul>\n<h3>Toujours avec vous et pr\u00eate \u00e0 vous prot\u00e9ger contre les intemp\u00e9ries<\/h3>\n<p>Il pleut ou il ne pleut pas ? D\u00e9sormais, le mauvais temps n&#8217;est plus une raison pour reporter votre entra\u00eenement : avec le coupe-vent r\u00e9fl\u00e9chissant pratiquement pli\u00e9 et nou\u00e9 \u00e0 la taille, vous pouvez courir quand vous le souhaitez. Il est parfait par forte pluie ou par vent fort.<\/p>\n<h3>Protection efficace et libert\u00e9 de mouvement totale<\/h3>\n<p>La combinaison intelligente de diff\u00e9rents mat\u00e9riaux fonctionnels garantit un confort maximal. Des inserts extensibles assurent une libert\u00e9 de mouvement totale. Le mat\u00e9riau principal de la veste de course imperm\u00e9able pour femmes se caract\u00e9rise par ses propri\u00e9t\u00e9s coupe-vent et imperm\u00e9ables. En m\u00eame temps, la respirabilit\u00e9 est garantie gr\u00e2ce \u00e0 des inserts en maille aux endroits strat\u00e9giques.<\/p>\n<h3>Une meilleure concentration gr\u00e2ce \u00e0 un sentiment de s\u00e9curit\u00e9<\/h3>\n<p>Il n&#8217;y a pas de mauvais moment pour s&#8217;entra\u00eener quand on a le bon \u00e9quipement. Avec le coupe-vent r\u00e9fl\u00e9chissant, vous \u00eates visible de toutes les directions par les autres usagers de la route, m\u00eame \u00e0 grande distance, gr\u00e2ce \u00e0 la technologie SMART REFLECTIVE.<\/p>\n<\/div>\n","protected":false},"excerpt":{"rendered":"<ul class=\"selling-points\">\n<li>Gr\u00e2ce \u00e0 l&#8217;impression moderne avec des \u00e9clairs et \u00e0 la technologie innovante SMART REFLECTIVE, vous \u00eates visible dans toutes les directions.<\/li>\n<li>Quand il fait froid, vous \u00eates prot\u00e9g\u00e9e gr\u00e2ce \u00e0 des mat\u00e9riaux de haute qualit\u00e9, coupe-vent et d\u00e9perlants, qui offrent une r\u00e9gulation optimale de la chaleur et du climat.<\/li>\n<li>Soyez pr\u00eate en cas de mauvais temps : la veste peut \u00eatre repli\u00e9e sur elle-m\u00eame et vous pouvez la porter confortablement nou\u00e9e \u00e0 la taille.<\/li>\n<\/ul>\n","protected":false},"featured_media":238886,"template":"","meta":{"_acf_changed":false,"inline_featured_image":false},"product_brand":[],"product_cat":[24487,24430],"product_tag":[23469,23649],"class_list":{"0":"post-283951","1":"product","2":"type-product","3":"status-publish","4":"has-post-thumbnail","6":"product_cat-vestes-fr-3","7":"product_cat-vetements-pour-hommes","8":"product_tag-cep-fr","9":"product_tag-cep-homme","10":"pa_attivita-marcher","11":"pa_attivita-running-fr","12":"pa_colore-reflective-windbreaker-green-fr","13":"pa_marca-cep-fr","14":"pa_sesso-homme","15":"pa_size-small-fr","16":"pa_size-large-fr","17":"pa_size-extra-large-fr","19":"first","20":"instock","21":"sale","22":"taxable","23":"shipping-taxable","24":"purchasable","25":"product-type-variable","26":"wvs-archive-product-wrapper"},"acf":[],"yoast_head":"<!-- This site is optimized with the Yoast SEO plugin v26.8 - https:\/\/yoast.com\/product\/yoast-seo-wordpress\/ -->\n<title>Cep Reflective Windbreaker homme - Veste de course- MioMioRun<\/title>\n<meta name=\"description\" content=\"Ne suspendez pas votre programme d&#039;entra\u00eenement \u00e0 cause de la pluie, du vent, du froid ou de l&#039;heure : le coupe-vent r\u00e9fl\u00e9chissant vous prot\u00e8ge de mani\u00e8re optimale.\" \/>\n<meta name=\"robots\" content=\"index, follow, max-snippet:-1, max-image-preview:large, max-video-preview:-1\" \/>\n<link rel=\"canonical\" href=\"https:\/\/www.miomiorun.com\/fr\/produit\/reflective-windbreaker-homme\/\" \/>\n<meta property=\"og:locale\" content=\"fr_FR\" \/>\n<meta property=\"og:type\" content=\"article\" \/>\n<meta property=\"og:title\" content=\"Cep Reflective Windbreaker homme - Veste de course- MioMioRun\" \/>\n<meta property=\"og:description\" content=\"Ne suspendez pas votre programme d&#039;entra\u00eenement \u00e0 cause de la pluie, du vent, du froid ou de l&#039;heure : le coupe-vent r\u00e9fl\u00e9chissant vous prot\u00e8ge de mani\u00e8re optimale.\" \/>\n<meta property=\"og:url\" content=\"https:\/\/www.miomiorun.com\/fr\/produit\/reflective-windbreaker-homme\/\" \/>\n<meta property=\"og:site_name\" content=\"MioMioRun\" \/>\n<meta property=\"article:publisher\" content=\"https:\/\/www.facebook.com\/miomiorun\/\" \/>\n<meta property=\"article:modified_time\" content=\"2025-09-16T14:46:23+00:00\" \/>\n<meta property=\"og:image\" content=\"https:\/\/www.miomiorun.com\/app\/uploads\/2022\/12\/cep-reflective-windbreaker-green-W21JDN.jpg\" \/>\n\t<meta property=\"og:image:width\" content=\"600\" \/>\n\t<meta property=\"og:image:height\" content=\"600\" \/>\n\t<meta property=\"og:image:type\" content=\"image\/jpeg\" \/>\n<meta name=\"twitter:card\" content=\"summary_large_image\" \/>\n<meta name=\"twitter:label1\" content=\"Est. reading time\" \/>\n\t<meta name=\"twitter:data1\" content=\"2 minutes\" \/>\n<script type=\"application\/ld+json\" class=\"yoast-schema-graph\">{\"@context\":\"https:\/\/schema.org\",\"@graph\":[{\"@type\":\"WebPage\",\"@id\":\"https:\/\/www.miomiorun.com\/fr\/produit\/reflective-windbreaker-homme\/\",\"url\":\"https:\/\/www.miomiorun.com\/fr\/produit\/reflective-windbreaker-homme\/\",\"name\":\"Cep Reflective Windbreaker homme - Veste de course- MioMioRun\",\"isPartOf\":{\"@id\":\"https:\/\/www.miomiorun.com\/fr\/#website\"},\"primaryImageOfPage\":{\"@id\":\"https:\/\/www.miomiorun.com\/fr\/produit\/reflective-windbreaker-homme\/#primaryimage\"},\"image\":{\"@id\":\"https:\/\/www.miomiorun.com\/fr\/produit\/reflective-windbreaker-homme\/#primaryimage\"},\"thumbnailUrl\":\"https:\/\/www.miomiorun.com\/app\/uploads\/2022\/12\/cep-reflective-windbreaker-green-W21JDN.jpg\",\"datePublished\":\"2022-10-27T09:01:45+00:00\",\"dateModified\":\"2025-09-16T14:46:23+00:00\",\"description\":\"Ne suspendez pas votre programme d'entra\u00eenement \u00e0 cause de la pluie, du vent, du froid ou de l'heure : le coupe-vent r\u00e9fl\u00e9chissant vous prot\u00e8ge de mani\u00e8re optimale.\",\"breadcrumb\":{\"@id\":\"https:\/\/www.miomiorun.com\/fr\/produit\/reflective-windbreaker-homme\/#breadcrumb\"},\"inLanguage\":\"fr-FR\",\"potentialAction\":[{\"@type\":\"ReadAction\",\"target\":[\"https:\/\/www.miomiorun.com\/fr\/produit\/reflective-windbreaker-homme\/\"]}]},{\"@type\":\"ImageObject\",\"inLanguage\":\"fr-FR\",\"@id\":\"https:\/\/www.miomiorun.com\/fr\/produit\/reflective-windbreaker-homme\/#primaryimage\",\"url\":\"https:\/\/www.miomiorun.com\/app\/uploads\/2022\/12\/cep-reflective-windbreaker-green-W21JDN.jpg\",\"contentUrl\":\"https:\/\/www.miomiorun.com\/app\/uploads\/2022\/12\/cep-reflective-windbreaker-green-W21JDN.jpg\",\"width\":600,\"height\":600,\"caption\":\"cep-reflective-windbreaker-green-W21JDN\"},{\"@type\":\"BreadcrumbList\",\"@id\":\"https:\/\/www.miomiorun.com\/fr\/produit\/reflective-windbreaker-homme\/#breadcrumb\",\"itemListElement\":[{\"@type\":\"ListItem\",\"position\":1,\"name\":\"Home\",\"item\":\"https:\/\/www.miomiorun.com\/fr\/home-page\/\"},{\"@type\":\"ListItem\",\"position\":2,\"name\":\"Shop\",\"item\":\"https:\/\/www.miomiorun.com\/shop\/\"},{\"@type\":\"ListItem\",\"position\":3,\"name\":\"Reflective Windbreaker homme\"}]},{\"@type\":\"WebSite\",\"@id\":\"https:\/\/www.miomiorun.com\/fr\/#website\",\"url\":\"https:\/\/www.miomiorun.com\/fr\/\",\"name\":\"MioMioRun\",\"description\":\"Boutique 100% running et trail\",\"publisher\":{\"@id\":\"https:\/\/www.miomiorun.com\/fr\/#organization\"},\"potentialAction\":[{\"@type\":\"SearchAction\",\"target\":{\"@type\":\"EntryPoint\",\"urlTemplate\":\"https:\/\/www.miomiorun.com\/fr\/?s={search_term_string}\"},\"query-input\":{\"@type\":\"PropertyValueSpecification\",\"valueRequired\":true,\"valueName\":\"search_term_string\"}}],\"inLanguage\":\"fr-FR\"},{\"@type\":\"Organization\",\"@id\":\"https:\/\/www.miomiorun.com\/fr\/#organization\",\"name\":\"MioMio Run\",\"url\":\"https:\/\/www.miomiorun.com\/fr\/\",\"logo\":{\"@type\":\"ImageObject\",\"inLanguage\":\"fr-FR\",\"@id\":\"https:\/\/www.miomiorun.com\/fr\/#\/schema\/logo\/image\/\",\"url\":\"https:\/\/www.miomiorun.com\/app\/uploads\/2019\/12\/logomio.png\",\"contentUrl\":\"https:\/\/www.miomiorun.com\/app\/uploads\/2019\/12\/logomio.png\",\"width\":115,\"height\":82,\"caption\":\"MioMio Run\"},\"image\":{\"@id\":\"https:\/\/www.miomiorun.com\/fr\/#\/schema\/logo\/image\/\"},\"sameAs\":[\"https:\/\/www.facebook.com\/miomiorun\/\",\"https:\/\/www.instagram.com\/miomiorun\/\"]}]}<\/script>\n<!-- \/ Yoast SEO plugin. -->","yoast_head_json":{"title":"Cep Reflective Windbreaker homme - Veste de course- MioMioRun","description":"Ne suspendez pas votre programme d'entra\u00eenement \u00e0 cause de la pluie, du vent, du froid ou de l'heure : le coupe-vent r\u00e9fl\u00e9chissant vous prot\u00e8ge de mani\u00e8re optimale.","robots":{"index":"index","follow":"follow","max-snippet":"max-snippet:-1","max-image-preview":"max-image-preview:large","max-video-preview":"max-video-preview:-1"},"canonical":"https:\/\/www.miomiorun.com\/fr\/produit\/reflective-windbreaker-homme\/","og_locale":"fr_FR","og_type":"article","og_title":"Cep Reflective Windbreaker homme - Veste de course- MioMioRun","og_description":"Ne suspendez pas votre programme d'entra\u00eenement \u00e0 cause de la pluie, du vent, du froid ou de l'heure : le coupe-vent r\u00e9fl\u00e9chissant vous prot\u00e8ge de mani\u00e8re optimale.","og_url":"https:\/\/www.miomiorun.com\/fr\/produit\/reflective-windbreaker-homme\/","og_site_name":"MioMioRun","article_publisher":"https:\/\/www.facebook.com\/miomiorun\/","article_modified_time":"2025-09-16T14:46:23+00:00","og_image":[{"width":600,"height":600,"url":"https:\/\/www.miomiorun.com\/app\/uploads\/2022\/12\/cep-reflective-windbreaker-green-W21JDN.jpg","type":"image\/jpeg"}],"twitter_card":"summary_large_image","twitter_misc":{"Est. reading time":"2 minutes"},"schema":{"@context":"https:\/\/schema.org","@graph":[{"@type":"WebPage","@id":"https:\/\/www.miomiorun.com\/fr\/produit\/reflective-windbreaker-homme\/","url":"https:\/\/www.miomiorun.com\/fr\/produit\/reflective-windbreaker-homme\/","name":"Cep Reflective Windbreaker homme - Veste de course- MioMioRun","isPartOf":{"@id":"https:\/\/www.miomiorun.com\/fr\/#website"},"primaryImageOfPage":{"@id":"https:\/\/www.miomiorun.com\/fr\/produit\/reflective-windbreaker-homme\/#primaryimage"},"image":{"@id":"https:\/\/www.miomiorun.com\/fr\/produit\/reflective-windbreaker-homme\/#primaryimage"},"thumbnailUrl":"https:\/\/www.miomiorun.com\/app\/uploads\/2022\/12\/cep-reflective-windbreaker-green-W21JDN.jpg","datePublished":"2022-10-27T09:01:45+00:00","dateModified":"2025-09-16T14:46:23+00:00","description":"Ne suspendez pas votre programme d'entra\u00eenement \u00e0 cause de la pluie, du vent, du froid ou de l'heure : le coupe-vent r\u00e9fl\u00e9chissant vous prot\u00e8ge de mani\u00e8re optimale.","breadcrumb":{"@id":"https:\/\/www.miomiorun.com\/fr\/produit\/reflective-windbreaker-homme\/#breadcrumb"},"inLanguage":"fr-FR","potentialAction":[{"@type":"ReadAction","target":["https:\/\/www.miomiorun.com\/fr\/produit\/reflective-windbreaker-homme\/"]}]},{"@type":"ImageObject","inLanguage":"fr-FR","@id":"https:\/\/www.miomiorun.com\/fr\/produit\/reflective-windbreaker-homme\/#primaryimage","url":"https:\/\/www.miomiorun.com\/app\/uploads\/2022\/12\/cep-reflective-windbreaker-green-W21JDN.jpg","contentUrl":"https:\/\/www.miomiorun.com\/app\/uploads\/2022\/12\/cep-reflective-windbreaker-green-W21JDN.jpg","width":600,"height":600,"caption":"cep-reflective-windbreaker-green-W21JDN"},{"@type":"BreadcrumbList","@id":"https:\/\/www.miomiorun.com\/fr\/produit\/reflective-windbreaker-homme\/#breadcrumb","itemListElement":[{"@type":"ListItem","position":1,"name":"Home","item":"https:\/\/www.miomiorun.com\/fr\/home-page\/"},{"@type":"ListItem","position":2,"name":"Shop","item":"https:\/\/www.miomiorun.com\/shop\/"},{"@type":"ListItem","position":3,"name":"Reflective Windbreaker homme"}]},{"@type":"WebSite","@id":"https:\/\/www.miomiorun.com\/fr\/#website","url":"https:\/\/www.miomiorun.com\/fr\/","name":"MioMioRun","description":"Boutique 100% running et trail","publisher":{"@id":"https:\/\/www.miomiorun.com\/fr\/#organization"},"potentialAction":[{"@type":"SearchAction","target":{"@type":"EntryPoint","urlTemplate":"https:\/\/www.miomiorun.com\/fr\/?s={search_term_string}"},"query-input":{"@type":"PropertyValueSpecification","valueRequired":true,"valueName":"search_term_string"}}],"inLanguage":"fr-FR"},{"@type":"Organization","@id":"https:\/\/www.miomiorun.com\/fr\/#organization","name":"MioMio Run","url":"https:\/\/www.miomiorun.com\/fr\/","logo":{"@type":"ImageObject","inLanguage":"fr-FR","@id":"https:\/\/www.miomiorun.com\/fr\/#\/schema\/logo\/image\/","url":"https:\/\/www.miomiorun.com\/app\/uploads\/2019\/12\/logomio.png","contentUrl":"https:\/\/www.miomiorun.com\/app\/uploads\/2019\/12\/logomio.png","width":115,"height":82,"caption":"MioMio Run"},"image":{"@id":"https:\/\/www.miomiorun.com\/fr\/#\/schema\/logo\/image\/"},"sameAs":["https:\/\/www.facebook.com\/miomiorun\/","https:\/\/www.instagram.com\/miomiorun\/"]}]}},"_links":{"self":[{"href":"https:\/\/www.miomiorun.com\/fr\/wp-json\/wp\/v2\/product\/283951","targetHints":{"allow":["GET"]}}],"collection":[{"href":"https:\/\/www.miomiorun.com\/fr\/wp-json\/wp\/v2\/product"}],"about":[{"href":"https:\/\/www.miomiorun.com\/fr\/wp-json\/wp\/v2\/types\/product"}],"wp:featuredmedia":[{"embeddable":true,"href":"https:\/\/www.miomiorun.com\/fr\/wp-json\/wp\/v2\/media\/238886"}],"wp:attachment":[{"href":"https:\/\/www.miomiorun.com\/fr\/wp-json\/wp\/v2\/media?parent=283951"}],"wp:term":[{"taxonomy":"product_brand","embeddable":true,"href":"https:\/\/www.miomiorun.com\/fr\/wp-json\/wp\/v2\/product_brand?post=283951"},{"taxonomy":"product_cat","embeddable":true,"href":"https:\/\/www.miomiorun.com\/fr\/wp-json\/wp\/v2\/product_cat?post=283951"},{"taxonomy":"product_tag","embeddable":true,"href":"https:\/\/www.miomiorun.com\/fr\/wp-json\/wp\/v2\/product_tag?post=283951"}],"curies":[{"name":"wp","href":"https:\/\/api.w.org\/{rel}","templated":true}]}}