{"id":283907,"date":"2022-10-27T11:38:00","date_gmt":"2022-10-27T09:38:00","guid":{"rendered":"https:\/\/miomiorun.com\/prodotto\/socks-infrared-recovery-uomo\/"},"modified":"2025-09-16T16:48:13","modified_gmt":"2025-09-16T14:48:13","slug":"socks-infrared-recovery-homme","status":"publish","type":"product","link":"https:\/\/www.miomiorun.com\/fr\/produit\/socks-infrared-recovery-homme\/","title":{"rendered":"Socks Infrared Recovery homme"},"content":{"rendered":"<p>Le post-entra\u00eenement qui anticipe l&#8217;entra\u00eenement : vous suivez un programme ambitieux et vous souhaitez retrouver la forme apr\u00e8s l&#8217;entra\u00eenement ou la comp\u00e9tition ? Les <strong>chaussettes de compression infrarouge pour hommes<\/strong> vous aident \u00e0 atteindre vos objectifs. La compression renomm\u00e9e, associ\u00e9e \u00e0 la technologie SMART INFRARED, garantit un effet stimulant et active la circulation sanguine.<\/p>\n<p><strong>CARACT\u00c9RISTIQUES :<\/strong><\/p>\n<ul class=\"selling-points\">\n<li>La technologie thermor\u00e9fl\u00e9chissante SMART INFRARED et la compression am\u00e9liorent la microcirculation et l&#8217;apport en oxyg\u00e8ne \u00e0 vos muscles.\n<li>Le profil de compression optimis\u00e9 de la compression medi pr\u00e9pare vos muscles \u00e0 l&#8217;activit\u00e9 physique et acc\u00e9l\u00e8re ensuite la r\u00e9cup\u00e9ration.<\/li>\n<li>Les fibres lyocell respirantes et r\u00e9sistantes garantissent un confort maximal gr\u00e2ce \u00e0 une r\u00e9gulation optimale de l&#8217;humidit\u00e9.<\/li>\n<\/li>\n<\/ul>\n<h3>Stimulation de la circulation gr\u00e2ce \u00e0 la compression<\/h3>\n<p>Le secret r\u00e9side dans la compression medi : vos jambes se sentiront ainsi nettement plus fra\u00eeches et plus performantes. Dans ces chaussettes de compression pour hommes, la technologie est \u00e0 la base d&#8217;une r\u00e9cup\u00e9ration rapide.<\/p>\n<h3>Action combin\u00e9e parfaite de la technologie SMART INFRARED<\/h3>\n<p>Dans les chaussettes de compression Infrared Recovery, la combinaison de la technologie de compression et de la technologie SMART INFRARED permet d&#8217;obtenir un effet encore meilleur. De plus, le m\u00e9lange innovant de fils r\u00e9fl\u00e9chit la chaleur vers les muscles, am\u00e9liorant ainsi la microcirculation. Il en r\u00e9sulte une r\u00e9cup\u00e9ration encore plus rapide.<\/p>\n<h3>L&#8217;alliance d&#8217;une fonctionnalit\u00e9 bien pens\u00e9e et d&#8217;un confort harmonieux<\/h3>\n<p>Et si cela ne suffisait pas : les chaussettes de compression pour hommes vous aident non seulement \u00e0 atteindre vos objectifs sportifs, mais elles s&#8217;adaptent comme une seconde peau et se distinguent par leur respirabilit\u00e9 maximale et leur excellente gestion de l&#8217;humidit\u00e9.<\/p>\n","protected":false},"excerpt":{"rendered":"<ul class=\"selling-points\">\n<li>La technologie thermor\u00e9fl\u00e9chissante SMART INFRARED et la compression am\u00e9liorent la microcirculation et l&#8217;apport en oxyg\u00e8ne \u00e0 vos muscles.<\/li>\n<li>Le profil de compression optimis\u00e9 de la compression moyenne pr\u00e9pare vos muscles \u00e0 l&#8217;activit\u00e9 physique et acc\u00e9l\u00e8re ensuite la r\u00e9cup\u00e9ration.<\/li>\n<li>Les fibres lyocell respirantes et r\u00e9sistantes garantissent un confort maximal gr\u00e2ce \u00e0 une r\u00e9gulation optimale de l&#8217;humidit\u00e9.<\/li>\n<\/ul>\n","protected":false},"featured_media":238906,"template":"","meta":{"_acf_changed":false,"inline_featured_image":false},"product_brand":[],"product_cat":[24256,24482,24484],"product_tag":[23469,23649],"class_list":{"0":"post-283907","1":"product","2":"type-product","3":"status-publish","4":"has-post-thumbnail","6":"product_cat-chaussettes-fr","7":"product_cat-vetements-pour-hommes-fr","8":"product_cat-homme","9":"product_tag-cep-fr","10":"product_tag-cep-homme","11":"pa_attivita-lifestyle-fr","12":"pa_circonferenza-polpaccio-32-38-fr","13":"pa_colore-socks-infrared-recovery-black-fr","14":"pa_marca-cep-fr","15":"pa_sesso-homme","17":"first","18":"instock","19":"sale","20":"taxable","21":"shipping-taxable","22":"purchasable","23":"product-type-variable","24":"wvs-archive-product-wrapper"},"acf":[],"yoast_head":"<!-- This site is optimized with the Yoast SEO plugin v26.8 - https:\/\/yoast.com\/product\/yoast-seo-wordpress\/ -->\n<title>Cep Socks Infrared Recovery homme - Chaussettes de course - MioMioRun<\/title>\n<meta name=\"description\" content=\"Les chaussettes de compression Infrared Recovery vous aident \u00e0 atteindre vos objectifs. La compression r\u00e9put\u00e9e s&#039;associe \u00e0 la technologie SMART INFRARED .\" \/>\n<meta name=\"robots\" content=\"index, follow, max-snippet:-1, max-image-preview:large, max-video-preview:-1\" \/>\n<link rel=\"canonical\" href=\"https:\/\/www.miomiorun.com\/fr\/produit\/socks-infrared-recovery-homme\/\" \/>\n<meta property=\"og:locale\" content=\"fr_FR\" \/>\n<meta property=\"og:type\" content=\"article\" \/>\n<meta property=\"og:title\" content=\"Cep Socks Infrared Recovery homme - Chaussettes de course - MioMioRun\" \/>\n<meta property=\"og:description\" content=\"Les chaussettes de compression Infrared Recovery vous aident \u00e0 atteindre vos objectifs. La compression r\u00e9put\u00e9e s&#039;associe \u00e0 la technologie SMART INFRARED .\" \/>\n<meta property=\"og:url\" content=\"https:\/\/www.miomiorun.com\/fr\/produit\/socks-infrared-recovery-homme\/\" \/>\n<meta property=\"og:site_name\" content=\"MioMioRun\" \/>\n<meta property=\"article:publisher\" content=\"https:\/\/www.facebook.com\/miomiorun\/\" \/>\n<meta property=\"article:modified_time\" content=\"2025-09-16T14:48:13+00:00\" \/>\n<meta property=\"og:image\" content=\"https:\/\/www.miomiorun.com\/app\/uploads\/2022\/12\/cep-socks-infrared-recovery-black-WP305T.jpg\" \/>\n\t<meta property=\"og:image:width\" content=\"600\" \/>\n\t<meta property=\"og:image:height\" content=\"600\" \/>\n\t<meta property=\"og:image:type\" content=\"image\/jpeg\" \/>\n<meta name=\"twitter:card\" content=\"summary_large_image\" \/>\n<meta name=\"twitter:label1\" content=\"Est. reading time\" \/>\n\t<meta name=\"twitter:data1\" content=\"1 minute\" \/>\n<script type=\"application\/ld+json\" class=\"yoast-schema-graph\">{\"@context\":\"https:\/\/schema.org\",\"@graph\":[{\"@type\":\"WebPage\",\"@id\":\"https:\/\/www.miomiorun.com\/fr\/produit\/socks-infrared-recovery-homme\/\",\"url\":\"https:\/\/www.miomiorun.com\/fr\/produit\/socks-infrared-recovery-homme\/\",\"name\":\"Cep Socks Infrared Recovery homme - Chaussettes de course - MioMioRun\",\"isPartOf\":{\"@id\":\"https:\/\/www.miomiorun.com\/fr\/#website\"},\"primaryImageOfPage\":{\"@id\":\"https:\/\/www.miomiorun.com\/fr\/produit\/socks-infrared-recovery-homme\/#primaryimage\"},\"image\":{\"@id\":\"https:\/\/www.miomiorun.com\/fr\/produit\/socks-infrared-recovery-homme\/#primaryimage\"},\"thumbnailUrl\":\"https:\/\/www.miomiorun.com\/app\/uploads\/2022\/12\/cep-socks-infrared-recovery-black-WP305T.jpg\",\"datePublished\":\"2022-10-27T09:38:00+00:00\",\"dateModified\":\"2025-09-16T14:48:13+00:00\",\"description\":\"Les chaussettes de compression Infrared Recovery vous aident \u00e0 atteindre vos objectifs. La compression r\u00e9put\u00e9e s'associe \u00e0 la technologie SMART INFRARED .\",\"breadcrumb\":{\"@id\":\"https:\/\/www.miomiorun.com\/fr\/produit\/socks-infrared-recovery-homme\/#breadcrumb\"},\"inLanguage\":\"fr-FR\",\"potentialAction\":[{\"@type\":\"ReadAction\",\"target\":[\"https:\/\/www.miomiorun.com\/fr\/produit\/socks-infrared-recovery-homme\/\"]}]},{\"@type\":\"ImageObject\",\"inLanguage\":\"fr-FR\",\"@id\":\"https:\/\/www.miomiorun.com\/fr\/produit\/socks-infrared-recovery-homme\/#primaryimage\",\"url\":\"https:\/\/www.miomiorun.com\/app\/uploads\/2022\/12\/cep-socks-infrared-recovery-black-WP305T.jpg\",\"contentUrl\":\"https:\/\/www.miomiorun.com\/app\/uploads\/2022\/12\/cep-socks-infrared-recovery-black-WP305T.jpg\",\"width\":600,\"height\":600,\"caption\":\"cep-socks-infrared-recovery-black-WP305T\"},{\"@type\":\"BreadcrumbList\",\"@id\":\"https:\/\/www.miomiorun.com\/fr\/produit\/socks-infrared-recovery-homme\/#breadcrumb\",\"itemListElement\":[{\"@type\":\"ListItem\",\"position\":1,\"name\":\"Home\",\"item\":\"https:\/\/www.miomiorun.com\/fr\/home-page\/\"},{\"@type\":\"ListItem\",\"position\":2,\"name\":\"Shop\",\"item\":\"https:\/\/www.miomiorun.com\/shop\/\"},{\"@type\":\"ListItem\",\"position\":3,\"name\":\"Socks Infrared Recovery homme\"}]},{\"@type\":\"WebSite\",\"@id\":\"https:\/\/www.miomiorun.com\/fr\/#website\",\"url\":\"https:\/\/www.miomiorun.com\/fr\/\",\"name\":\"MioMioRun\",\"description\":\"Boutique 100% running et trail\",\"publisher\":{\"@id\":\"https:\/\/www.miomiorun.com\/fr\/#organization\"},\"potentialAction\":[{\"@type\":\"SearchAction\",\"target\":{\"@type\":\"EntryPoint\",\"urlTemplate\":\"https:\/\/www.miomiorun.com\/fr\/?s={search_term_string}\"},\"query-input\":{\"@type\":\"PropertyValueSpecification\",\"valueRequired\":true,\"valueName\":\"search_term_string\"}}],\"inLanguage\":\"fr-FR\"},{\"@type\":\"Organization\",\"@id\":\"https:\/\/www.miomiorun.com\/fr\/#organization\",\"name\":\"MioMio Run\",\"url\":\"https:\/\/www.miomiorun.com\/fr\/\",\"logo\":{\"@type\":\"ImageObject\",\"inLanguage\":\"fr-FR\",\"@id\":\"https:\/\/www.miomiorun.com\/fr\/#\/schema\/logo\/image\/\",\"url\":\"https:\/\/www.miomiorun.com\/app\/uploads\/2019\/12\/logomio.png\",\"contentUrl\":\"https:\/\/www.miomiorun.com\/app\/uploads\/2019\/12\/logomio.png\",\"width\":115,\"height\":82,\"caption\":\"MioMio Run\"},\"image\":{\"@id\":\"https:\/\/www.miomiorun.com\/fr\/#\/schema\/logo\/image\/\"},\"sameAs\":[\"https:\/\/www.facebook.com\/miomiorun\/\",\"https:\/\/www.instagram.com\/miomiorun\/\"]}]}<\/script>\n<!-- \/ Yoast SEO plugin. -->","yoast_head_json":{"title":"Cep Socks Infrared Recovery homme - Chaussettes de course - MioMioRun","description":"Les chaussettes de compression Infrared Recovery vous aident \u00e0 atteindre vos objectifs. La compression r\u00e9put\u00e9e s'associe \u00e0 la technologie SMART INFRARED .","robots":{"index":"index","follow":"follow","max-snippet":"max-snippet:-1","max-image-preview":"max-image-preview:large","max-video-preview":"max-video-preview:-1"},"canonical":"https:\/\/www.miomiorun.com\/fr\/produit\/socks-infrared-recovery-homme\/","og_locale":"fr_FR","og_type":"article","og_title":"Cep Socks Infrared Recovery homme - Chaussettes de course - MioMioRun","og_description":"Les chaussettes de compression Infrared Recovery vous aident \u00e0 atteindre vos objectifs. La compression r\u00e9put\u00e9e s'associe \u00e0 la technologie SMART INFRARED .","og_url":"https:\/\/www.miomiorun.com\/fr\/produit\/socks-infrared-recovery-homme\/","og_site_name":"MioMioRun","article_publisher":"https:\/\/www.facebook.com\/miomiorun\/","article_modified_time":"2025-09-16T14:48:13+00:00","og_image":[{"width":600,"height":600,"url":"https:\/\/www.miomiorun.com\/app\/uploads\/2022\/12\/cep-socks-infrared-recovery-black-WP305T.jpg","type":"image\/jpeg"}],"twitter_card":"summary_large_image","twitter_misc":{"Est. reading time":"1 minute"},"schema":{"@context":"https:\/\/schema.org","@graph":[{"@type":"WebPage","@id":"https:\/\/www.miomiorun.com\/fr\/produit\/socks-infrared-recovery-homme\/","url":"https:\/\/www.miomiorun.com\/fr\/produit\/socks-infrared-recovery-homme\/","name":"Cep Socks Infrared Recovery homme - Chaussettes de course - MioMioRun","isPartOf":{"@id":"https:\/\/www.miomiorun.com\/fr\/#website"},"primaryImageOfPage":{"@id":"https:\/\/www.miomiorun.com\/fr\/produit\/socks-infrared-recovery-homme\/#primaryimage"},"image":{"@id":"https:\/\/www.miomiorun.com\/fr\/produit\/socks-infrared-recovery-homme\/#primaryimage"},"thumbnailUrl":"https:\/\/www.miomiorun.com\/app\/uploads\/2022\/12\/cep-socks-infrared-recovery-black-WP305T.jpg","datePublished":"2022-10-27T09:38:00+00:00","dateModified":"2025-09-16T14:48:13+00:00","description":"Les chaussettes de compression Infrared Recovery vous aident \u00e0 atteindre vos objectifs. La compression r\u00e9put\u00e9e s'associe \u00e0 la technologie SMART INFRARED .","breadcrumb":{"@id":"https:\/\/www.miomiorun.com\/fr\/produit\/socks-infrared-recovery-homme\/#breadcrumb"},"inLanguage":"fr-FR","potentialAction":[{"@type":"ReadAction","target":["https:\/\/www.miomiorun.com\/fr\/produit\/socks-infrared-recovery-homme\/"]}]},{"@type":"ImageObject","inLanguage":"fr-FR","@id":"https:\/\/www.miomiorun.com\/fr\/produit\/socks-infrared-recovery-homme\/#primaryimage","url":"https:\/\/www.miomiorun.com\/app\/uploads\/2022\/12\/cep-socks-infrared-recovery-black-WP305T.jpg","contentUrl":"https:\/\/www.miomiorun.com\/app\/uploads\/2022\/12\/cep-socks-infrared-recovery-black-WP305T.jpg","width":600,"height":600,"caption":"cep-socks-infrared-recovery-black-WP305T"},{"@type":"BreadcrumbList","@id":"https:\/\/www.miomiorun.com\/fr\/produit\/socks-infrared-recovery-homme\/#breadcrumb","itemListElement":[{"@type":"ListItem","position":1,"name":"Home","item":"https:\/\/www.miomiorun.com\/fr\/home-page\/"},{"@type":"ListItem","position":2,"name":"Shop","item":"https:\/\/www.miomiorun.com\/shop\/"},{"@type":"ListItem","position":3,"name":"Socks Infrared Recovery homme"}]},{"@type":"WebSite","@id":"https:\/\/www.miomiorun.com\/fr\/#website","url":"https:\/\/www.miomiorun.com\/fr\/","name":"MioMioRun","description":"Boutique 100% running et trail","publisher":{"@id":"https:\/\/www.miomiorun.com\/fr\/#organization"},"potentialAction":[{"@type":"SearchAction","target":{"@type":"EntryPoint","urlTemplate":"https:\/\/www.miomiorun.com\/fr\/?s={search_term_string}"},"query-input":{"@type":"PropertyValueSpecification","valueRequired":true,"valueName":"search_term_string"}}],"inLanguage":"fr-FR"},{"@type":"Organization","@id":"https:\/\/www.miomiorun.com\/fr\/#organization","name":"MioMio Run","url":"https:\/\/www.miomiorun.com\/fr\/","logo":{"@type":"ImageObject","inLanguage":"fr-FR","@id":"https:\/\/www.miomiorun.com\/fr\/#\/schema\/logo\/image\/","url":"https:\/\/www.miomiorun.com\/app\/uploads\/2019\/12\/logomio.png","contentUrl":"https:\/\/www.miomiorun.com\/app\/uploads\/2019\/12\/logomio.png","width":115,"height":82,"caption":"MioMio Run"},"image":{"@id":"https:\/\/www.miomiorun.com\/fr\/#\/schema\/logo\/image\/"},"sameAs":["https:\/\/www.facebook.com\/miomiorun\/","https:\/\/www.instagram.com\/miomiorun\/"]}]}},"_links":{"self":[{"href":"https:\/\/www.miomiorun.com\/fr\/wp-json\/wp\/v2\/product\/283907","targetHints":{"allow":["GET"]}}],"collection":[{"href":"https:\/\/www.miomiorun.com\/fr\/wp-json\/wp\/v2\/product"}],"about":[{"href":"https:\/\/www.miomiorun.com\/fr\/wp-json\/wp\/v2\/types\/product"}],"wp:featuredmedia":[{"embeddable":true,"href":"https:\/\/www.miomiorun.com\/fr\/wp-json\/wp\/v2\/media\/238906"}],"wp:attachment":[{"href":"https:\/\/www.miomiorun.com\/fr\/wp-json\/wp\/v2\/media?parent=283907"}],"wp:term":[{"taxonomy":"product_brand","embeddable":true,"href":"https:\/\/www.miomiorun.com\/fr\/wp-json\/wp\/v2\/product_brand?post=283907"},{"taxonomy":"product_cat","embeddable":true,"href":"https:\/\/www.miomiorun.com\/fr\/wp-json\/wp\/v2\/product_cat?post=283907"},{"taxonomy":"product_tag","embeddable":true,"href":"https:\/\/www.miomiorun.com\/fr\/wp-json\/wp\/v2\/product_tag?post=283907"}],"curies":[{"name":"wp","href":"https:\/\/api.w.org\/{rel}","templated":true}]}}