{"id":283899,"date":"2022-10-28T15:42:48","date_gmt":"2022-10-28T13:42:48","guid":{"rendered":"https:\/\/miomiorun.com\/prodotto\/pull-exit-extrafleece-donna\/"},"modified":"2026-05-08T21:33:58","modified_gmt":"2026-05-08T19:33:58","slug":"pull-exit-extrafleece-femme","status":"publish","type":"product","link":"https:\/\/www.miomiorun.com\/fr\/produit\/pull-exit-extrafleece-femme\/","title":{"rendered":"Pull Exit Extrafleece femme"},"content":{"rendered":"<div class=\"single-product-description\">\n<div class=\"single-product-description\">\n<div class=\"single-product-description\">\n<div class=\"descProdotto\">\n<p><strong>Pull Exit Extrafleece<\/strong> , dans sa version femme, est un pull hybride doux et chaud, ultra-essentiel, adapt\u00e9 aux promenades en plein air lorsque l&#8217;air vif exige de se couvrir avec un v\u00eatement tr\u00e8s respirant.<\/p>\n<p>Son aspect \u00ab <strong>urbain<\/strong> \u00bb est trompeur, car la majeure partie du produit est en fourrure Fluffy chaude et douce, mais l&#8217;int\u00e9rieur des manches, le dessous des aisselles et le bord inf\u00e9rieur sont en <strong>polaire technique HP<\/strong>, utilis\u00e9e pour de nombreux mod\u00e8les de la collection montagne.<\/p>\n<p>La fermeture \u00e9clair avant est ouvrable, les poches pour les mains ont un bord \u00e9lastique et la nouvelle version est embellie par des coutures plates de couleur contrast\u00e9e.<\/p>\n<p><strong>CARACT\u00c9RISTIQUES :<\/strong><\/p>\n<\/div>\n<div class=\"carProdotto\">\n<ul>\n<li>pull hybride en fourrure douce et tissu technique<\/li>\n<li>col montant protecteur<\/li>\n<li>fermeture \u00e9clair frontale enti\u00e8rement s\u00e9parable<\/li>\n<li>poches pour les mains avec bord \u00e9lastique<\/li>\n<li>coutures plates de couleur contrast\u00e9e<\/li>\n<\/ul>\n<\/div>\n<\/div>\n<\/div>\n<\/div>\n","protected":false},"excerpt":{"rendered":"<ul>\n<li>fermeture \u00e9clair frontale enti\u00e8rement s\u00e9parable<\/li>\n<li>poches pour les mains avec bord \u00e9lastique<\/li>\n<li>coutures plates de couleur contrast\u00e9e<\/li>\n<\/ul>\n","protected":false},"featured_media":238498,"template":"","meta":{"_acf_changed":false,"inline_featured_image":false},"product_brand":[],"product_cat":[22601,22596,22595],"product_tag":[23489,23491],"class_list":{"0":"post-283899","1":"product","2":"type-product","3":"status-publish","4":"has-post-thumbnail","6":"product_cat-maillots","7":"product_cat-vetements-pour-femmes","8":"product_cat-femme","9":"product_tag-crazy-idea-fr","10":"product_tag-crazy-idea-femme","11":"pa_attivita-lifestyle-fr","12":"pa_attivita-marcher","13":"pa_attivita-outdoor-fr","14":"pa_colore-pull-exit-extrafleece-w-aurora-fr","15":"pa_marca-crazy-idea-fr","16":"pa_sesso-femme","17":"pa_size-medium-fr","19":"first","20":"instock","21":"sale","22":"taxable","23":"shipping-taxable","24":"purchasable","25":"product-type-variable","26":"wvs-archive-product-wrapper"},"acf":[],"yoast_head":"<!-- This site is optimized with the Yoast SEO plugin v26.8 - https:\/\/yoast.com\/product\/yoast-seo-wordpress\/ -->\n<title>Crazy Idea Pull Exit Extrafleece femme - Maillot- MioMioRun<\/title>\n<meta name=\"description\" content=\"Le Pull Exit Extrafleece , dans sa version femme, est un pull hybride doux et chaud, ultra-essentiel, id\u00e9al pour les promenades en plein air .\" \/>\n<meta name=\"robots\" content=\"index, follow, max-snippet:-1, max-image-preview:large, max-video-preview:-1\" \/>\n<link rel=\"canonical\" href=\"https:\/\/www.miomiorun.com\/fr\/produit\/pull-exit-extrafleece-femme\/\" \/>\n<meta property=\"og:locale\" content=\"fr_FR\" \/>\n<meta property=\"og:type\" content=\"article\" \/>\n<meta property=\"og:title\" content=\"Crazy Idea Pull Exit Extrafleece femme - Maillot- MioMioRun\" \/>\n<meta property=\"og:description\" content=\"Le Pull Exit Extrafleece , dans sa version femme, est un pull hybride doux et chaud, ultra-essentiel, id\u00e9al pour les promenades en plein air .\" \/>\n<meta property=\"og:url\" content=\"https:\/\/www.miomiorun.com\/fr\/produit\/pull-exit-extrafleece-femme\/\" \/>\n<meta property=\"og:site_name\" content=\"MioMioRun\" \/>\n<meta property=\"article:publisher\" content=\"https:\/\/www.facebook.com\/miomiorun\/\" \/>\n<meta property=\"article:modified_time\" content=\"2026-05-08T19:33:58+00:00\" \/>\n<meta property=\"og:image\" content=\"https:\/\/www.miomiorun.com\/app\/uploads\/2022\/11\/crazy-idea-pull-exit-extrafleece-w-lambada-W22025055D-0044.jpg\" \/>\n\t<meta property=\"og:image:width\" content=\"600\" \/>\n\t<meta property=\"og:image:height\" content=\"600\" \/>\n\t<meta property=\"og:image:type\" content=\"image\/jpeg\" \/>\n<meta name=\"twitter:card\" content=\"summary_large_image\" \/>\n<meta name=\"twitter:label1\" content=\"Est. reading time\" \/>\n\t<meta name=\"twitter:data1\" content=\"1 minute\" \/>\n<script type=\"application\/ld+json\" class=\"yoast-schema-graph\">{\"@context\":\"https:\/\/schema.org\",\"@graph\":[{\"@type\":\"WebPage\",\"@id\":\"https:\/\/www.miomiorun.com\/fr\/produit\/pull-exit-extrafleece-femme\/\",\"url\":\"https:\/\/www.miomiorun.com\/fr\/produit\/pull-exit-extrafleece-femme\/\",\"name\":\"Crazy Idea Pull Exit Extrafleece femme - Maillot- MioMioRun\",\"isPartOf\":{\"@id\":\"https:\/\/www.miomiorun.com\/fr\/#website\"},\"primaryImageOfPage\":{\"@id\":\"https:\/\/www.miomiorun.com\/fr\/produit\/pull-exit-extrafleece-femme\/#primaryimage\"},\"image\":{\"@id\":\"https:\/\/www.miomiorun.com\/fr\/produit\/pull-exit-extrafleece-femme\/#primaryimage\"},\"thumbnailUrl\":\"https:\/\/www.miomiorun.com\/app\/uploads\/2022\/11\/crazy-idea-pull-exit-extrafleece-w-lambada-W22025055D-0044.jpg\",\"datePublished\":\"2022-10-28T13:42:48+00:00\",\"dateModified\":\"2026-05-08T19:33:58+00:00\",\"description\":\"Le Pull Exit Extrafleece , dans sa version femme, est un pull hybride doux et chaud, ultra-essentiel, id\u00e9al pour les promenades en plein air .\",\"breadcrumb\":{\"@id\":\"https:\/\/www.miomiorun.com\/fr\/produit\/pull-exit-extrafleece-femme\/#breadcrumb\"},\"inLanguage\":\"fr-FR\",\"potentialAction\":[{\"@type\":\"ReadAction\",\"target\":[\"https:\/\/www.miomiorun.com\/fr\/produit\/pull-exit-extrafleece-femme\/\"]}]},{\"@type\":\"ImageObject\",\"inLanguage\":\"fr-FR\",\"@id\":\"https:\/\/www.miomiorun.com\/fr\/produit\/pull-exit-extrafleece-femme\/#primaryimage\",\"url\":\"https:\/\/www.miomiorun.com\/app\/uploads\/2022\/11\/crazy-idea-pull-exit-extrafleece-w-lambada-W22025055D-0044.jpg\",\"contentUrl\":\"https:\/\/www.miomiorun.com\/app\/uploads\/2022\/11\/crazy-idea-pull-exit-extrafleece-w-lambada-W22025055D-0044.jpg\",\"width\":600,\"height\":600,\"caption\":\"crazy-idea-pull-exit-extrafleece-w-lambada-W22025055D-0044\"},{\"@type\":\"BreadcrumbList\",\"@id\":\"https:\/\/www.miomiorun.com\/fr\/produit\/pull-exit-extrafleece-femme\/#breadcrumb\",\"itemListElement\":[{\"@type\":\"ListItem\",\"position\":1,\"name\":\"Home\",\"item\":\"https:\/\/www.miomiorun.com\/fr\/home-page\/\"},{\"@type\":\"ListItem\",\"position\":2,\"name\":\"Shop\",\"item\":\"https:\/\/www.miomiorun.com\/shop\/\"},{\"@type\":\"ListItem\",\"position\":3,\"name\":\"Pull Exit Extrafleece femme\"}]},{\"@type\":\"WebSite\",\"@id\":\"https:\/\/www.miomiorun.com\/fr\/#website\",\"url\":\"https:\/\/www.miomiorun.com\/fr\/\",\"name\":\"MioMioRun\",\"description\":\"Boutique 100% running et trail\",\"publisher\":{\"@id\":\"https:\/\/www.miomiorun.com\/fr\/#organization\"},\"potentialAction\":[{\"@type\":\"SearchAction\",\"target\":{\"@type\":\"EntryPoint\",\"urlTemplate\":\"https:\/\/www.miomiorun.com\/fr\/?s={search_term_string}\"},\"query-input\":{\"@type\":\"PropertyValueSpecification\",\"valueRequired\":true,\"valueName\":\"search_term_string\"}}],\"inLanguage\":\"fr-FR\"},{\"@type\":\"Organization\",\"@id\":\"https:\/\/www.miomiorun.com\/fr\/#organization\",\"name\":\"MioMio Run\",\"url\":\"https:\/\/www.miomiorun.com\/fr\/\",\"logo\":{\"@type\":\"ImageObject\",\"inLanguage\":\"fr-FR\",\"@id\":\"https:\/\/www.miomiorun.com\/fr\/#\/schema\/logo\/image\/\",\"url\":\"https:\/\/www.miomiorun.com\/app\/uploads\/2019\/12\/logomio.png\",\"contentUrl\":\"https:\/\/www.miomiorun.com\/app\/uploads\/2019\/12\/logomio.png\",\"width\":115,\"height\":82,\"caption\":\"MioMio Run\"},\"image\":{\"@id\":\"https:\/\/www.miomiorun.com\/fr\/#\/schema\/logo\/image\/\"},\"sameAs\":[\"https:\/\/www.facebook.com\/miomiorun\/\",\"https:\/\/www.instagram.com\/miomiorun\/\"]}]}<\/script>\n<!-- \/ Yoast SEO plugin. -->","yoast_head_json":{"title":"Crazy Idea Pull Exit Extrafleece femme - Maillot- MioMioRun","description":"Le Pull Exit Extrafleece , dans sa version femme, est un pull hybride doux et chaud, ultra-essentiel, id\u00e9al pour les promenades en plein air .","robots":{"index":"index","follow":"follow","max-snippet":"max-snippet:-1","max-image-preview":"max-image-preview:large","max-video-preview":"max-video-preview:-1"},"canonical":"https:\/\/www.miomiorun.com\/fr\/produit\/pull-exit-extrafleece-femme\/","og_locale":"fr_FR","og_type":"article","og_title":"Crazy Idea Pull Exit Extrafleece femme - Maillot- MioMioRun","og_description":"Le Pull Exit Extrafleece , dans sa version femme, est un pull hybride doux et chaud, ultra-essentiel, id\u00e9al pour les promenades en plein air .","og_url":"https:\/\/www.miomiorun.com\/fr\/produit\/pull-exit-extrafleece-femme\/","og_site_name":"MioMioRun","article_publisher":"https:\/\/www.facebook.com\/miomiorun\/","article_modified_time":"2026-05-08T19:33:58+00:00","og_image":[{"width":600,"height":600,"url":"https:\/\/www.miomiorun.com\/app\/uploads\/2022\/11\/crazy-idea-pull-exit-extrafleece-w-lambada-W22025055D-0044.jpg","type":"image\/jpeg"}],"twitter_card":"summary_large_image","twitter_misc":{"Est. reading time":"1 minute"},"schema":{"@context":"https:\/\/schema.org","@graph":[{"@type":"WebPage","@id":"https:\/\/www.miomiorun.com\/fr\/produit\/pull-exit-extrafleece-femme\/","url":"https:\/\/www.miomiorun.com\/fr\/produit\/pull-exit-extrafleece-femme\/","name":"Crazy Idea Pull Exit Extrafleece femme - Maillot- MioMioRun","isPartOf":{"@id":"https:\/\/www.miomiorun.com\/fr\/#website"},"primaryImageOfPage":{"@id":"https:\/\/www.miomiorun.com\/fr\/produit\/pull-exit-extrafleece-femme\/#primaryimage"},"image":{"@id":"https:\/\/www.miomiorun.com\/fr\/produit\/pull-exit-extrafleece-femme\/#primaryimage"},"thumbnailUrl":"https:\/\/www.miomiorun.com\/app\/uploads\/2022\/11\/crazy-idea-pull-exit-extrafleece-w-lambada-W22025055D-0044.jpg","datePublished":"2022-10-28T13:42:48+00:00","dateModified":"2026-05-08T19:33:58+00:00","description":"Le Pull Exit Extrafleece , dans sa version femme, est un pull hybride doux et chaud, ultra-essentiel, id\u00e9al pour les promenades en plein air .","breadcrumb":{"@id":"https:\/\/www.miomiorun.com\/fr\/produit\/pull-exit-extrafleece-femme\/#breadcrumb"},"inLanguage":"fr-FR","potentialAction":[{"@type":"ReadAction","target":["https:\/\/www.miomiorun.com\/fr\/produit\/pull-exit-extrafleece-femme\/"]}]},{"@type":"ImageObject","inLanguage":"fr-FR","@id":"https:\/\/www.miomiorun.com\/fr\/produit\/pull-exit-extrafleece-femme\/#primaryimage","url":"https:\/\/www.miomiorun.com\/app\/uploads\/2022\/11\/crazy-idea-pull-exit-extrafleece-w-lambada-W22025055D-0044.jpg","contentUrl":"https:\/\/www.miomiorun.com\/app\/uploads\/2022\/11\/crazy-idea-pull-exit-extrafleece-w-lambada-W22025055D-0044.jpg","width":600,"height":600,"caption":"crazy-idea-pull-exit-extrafleece-w-lambada-W22025055D-0044"},{"@type":"BreadcrumbList","@id":"https:\/\/www.miomiorun.com\/fr\/produit\/pull-exit-extrafleece-femme\/#breadcrumb","itemListElement":[{"@type":"ListItem","position":1,"name":"Home","item":"https:\/\/www.miomiorun.com\/fr\/home-page\/"},{"@type":"ListItem","position":2,"name":"Shop","item":"https:\/\/www.miomiorun.com\/shop\/"},{"@type":"ListItem","position":3,"name":"Pull Exit Extrafleece femme"}]},{"@type":"WebSite","@id":"https:\/\/www.miomiorun.com\/fr\/#website","url":"https:\/\/www.miomiorun.com\/fr\/","name":"MioMioRun","description":"Boutique 100% running et trail","publisher":{"@id":"https:\/\/www.miomiorun.com\/fr\/#organization"},"potentialAction":[{"@type":"SearchAction","target":{"@type":"EntryPoint","urlTemplate":"https:\/\/www.miomiorun.com\/fr\/?s={search_term_string}"},"query-input":{"@type":"PropertyValueSpecification","valueRequired":true,"valueName":"search_term_string"}}],"inLanguage":"fr-FR"},{"@type":"Organization","@id":"https:\/\/www.miomiorun.com\/fr\/#organization","name":"MioMio Run","url":"https:\/\/www.miomiorun.com\/fr\/","logo":{"@type":"ImageObject","inLanguage":"fr-FR","@id":"https:\/\/www.miomiorun.com\/fr\/#\/schema\/logo\/image\/","url":"https:\/\/www.miomiorun.com\/app\/uploads\/2019\/12\/logomio.png","contentUrl":"https:\/\/www.miomiorun.com\/app\/uploads\/2019\/12\/logomio.png","width":115,"height":82,"caption":"MioMio Run"},"image":{"@id":"https:\/\/www.miomiorun.com\/fr\/#\/schema\/logo\/image\/"},"sameAs":["https:\/\/www.facebook.com\/miomiorun\/","https:\/\/www.instagram.com\/miomiorun\/"]}]}},"_links":{"self":[{"href":"https:\/\/www.miomiorun.com\/fr\/wp-json\/wp\/v2\/product\/283899","targetHints":{"allow":["GET"]}}],"collection":[{"href":"https:\/\/www.miomiorun.com\/fr\/wp-json\/wp\/v2\/product"}],"about":[{"href":"https:\/\/www.miomiorun.com\/fr\/wp-json\/wp\/v2\/types\/product"}],"wp:featuredmedia":[{"embeddable":true,"href":"https:\/\/www.miomiorun.com\/fr\/wp-json\/wp\/v2\/media\/238498"}],"wp:attachment":[{"href":"https:\/\/www.miomiorun.com\/fr\/wp-json\/wp\/v2\/media?parent=283899"}],"wp:term":[{"taxonomy":"product_brand","embeddable":true,"href":"https:\/\/www.miomiorun.com\/fr\/wp-json\/wp\/v2\/product_brand?post=283899"},{"taxonomy":"product_cat","embeddable":true,"href":"https:\/\/www.miomiorun.com\/fr\/wp-json\/wp\/v2\/product_cat?post=283899"},{"taxonomy":"product_tag","embeddable":true,"href":"https:\/\/www.miomiorun.com\/fr\/wp-json\/wp\/v2\/product_tag?post=283899"}],"curies":[{"name":"wp","href":"https:\/\/api.w.org\/{rel}","templated":true}]}}