{"id":283895,"date":"2022-10-28T15:47:40","date_gmt":"2022-10-28T13:47:40","guid":{"rendered":"https:\/\/miomiorun.com\/prodotto\/pull-next-donna\/"},"modified":"2026-05-08T21:33:55","modified_gmt":"2026-05-08T19:33:55","slug":"pull-next-femme","status":"publish","type":"product","link":"https:\/\/www.miomiorun.com\/fr\/produit\/pull-next-femme\/","title":{"rendered":"Pull Next femme"},"content":{"rendered":"<p><strong>Pull Next<\/strong> pour femme, est un pull hybride con\u00e7u pour affronter les conditions m\u00e9t\u00e9orologiques les plus difficiles, lorsqu&#8217;une simple \u00ab <strong>couche interm\u00e9diaire<\/strong> \u00bb ne suffit pas et qu&#8217;il faut plus de chaleur et de protection. Son utilisation est recommand\u00e9e pour l&#8217;alpinisme et les performances en altitude, lorsque l&#8217;on affronte des ascensions o\u00f9 l&#8217;impr\u00e9vu est toujours possible.<\/p>\n<p>Il est fabriqu\u00e9 \u00e0 partir du tissu innovant Two Face bi-\u00e9lastique avec une surface ext\u00e9rieure hard face r\u00e9sistante \u00e0 l&#8217;abrasion. Le tissu \u00e0 l&#8217;arri\u00e8re des manches et sous les aisselles est un soft shell respirant, doux et r\u00e9sistant, avec un traitement d\u00e9perlant DWR. Plus chaud et plus respirant pour un volume r\u00e9duit. Ce pull est dot\u00e9 d&#8217;une capuche \u00e0 bord \u00e9lastique, d&#8217;une poche poitrine + deux poches chauffe-mains soud\u00e9es, toutes avec fermeture \u00e0 glissi\u00e8re, d&#8217;un bas et de poignets \u00e0 bord \u00e9lastique, le tout dans un design attrayant.<\/p>\n<p><strong>CARACT\u00c9RISTIQUES :<\/strong><\/p>\n<div class=\"carProdotto\">\n<ul>\n<li>pull ouvert avec fermeture \u00e9clair sur le devant et capuche<\/li>\n<li>poche poitrine coll\u00e9e avec fermeture \u00e9clair<\/li>\n<li>bords \u00e9lastiques sur la capuche et le bas des manches<\/li>\n<li>boutonni\u00e8re pour passer le pouce<\/li>\n<\/ul>\n<\/div>\n","protected":false},"excerpt":{"rendered":"<ul>\n<li>poche coll\u00e9e sur la poitrine avec fermeture \u00e0 glissi\u00e8re<\/li>\n<li>bords \u00e9lastiques sur la capuche et le bas des manches<\/li>\n<li>boutonni\u00e8re pour passer le pouce<\/li>\n<\/ul>\n","protected":false},"featured_media":238502,"template":"","meta":{"_acf_changed":false,"inline_featured_image":false},"product_brand":[],"product_cat":[24441,24444],"product_tag":[23489,23491],"class_list":{"0":"post-283895","1":"product","2":"type-product","3":"status-publish","4":"has-post-thumbnail","6":"product_cat-vestes-fr","7":"product_cat-vetements-pour-femmes-fr","8":"product_tag-crazy-idea-fr","9":"product_tag-crazy-idea-femme","10":"pa_attivita-marcher","11":"pa_attivita-outdoor-fr","12":"pa_colore-pull-next-w-lambada-fr","13":"pa_colore-pull-next-w-vento-fr","14":"pa_marca-crazy-idea-fr","15":"pa_sesso-femme","16":"pa_size-extra-small-fr","17":"pa_size-small-fr","18":"pa_size-medium-fr","19":"pa_size-large-fr","21":"first","22":"instock","23":"sale","24":"taxable","25":"shipping-taxable","26":"purchasable","27":"product-type-variable","28":"wvs-archive-product-wrapper"},"acf":[],"yoast_head":"<!-- This site is optimized with the Yoast SEO plugin v26.8 - https:\/\/yoast.com\/product\/yoast-seo-wordpress\/ -->\n<title>Crazy Idea Pull Next femme - Maillot de course \u00e0 pied- MioMioRun<\/title>\n<meta name=\"description\" content=\"Le Pull Next pour femme est un pull hybride con\u00e7u pour affronter les conditions m\u00e9t\u00e9orologiques les plus difficiles, lorsqu&#039;une simple \u00ab couche interm\u00e9diaire \u00bb ne suffit pas.\" \/>\n<meta name=\"robots\" content=\"index, follow, max-snippet:-1, max-image-preview:large, max-video-preview:-1\" \/>\n<link rel=\"canonical\" href=\"https:\/\/www.miomiorun.com\/fr\/produit\/pull-next-femme\/\" \/>\n<meta property=\"og:locale\" content=\"fr_FR\" \/>\n<meta property=\"og:type\" content=\"article\" \/>\n<meta property=\"og:title\" content=\"Crazy Idea Pull Next femme - Maillot de course \u00e0 pied- MioMioRun\" \/>\n<meta property=\"og:description\" content=\"Le Pull Next pour femme est un pull hybride con\u00e7u pour affronter les conditions m\u00e9t\u00e9orologiques les plus difficiles, lorsqu&#039;une simple \u00ab couche interm\u00e9diaire \u00bb ne suffit pas.\" \/>\n<meta property=\"og:url\" content=\"https:\/\/www.miomiorun.com\/fr\/produit\/pull-next-femme\/\" \/>\n<meta property=\"og:site_name\" content=\"MioMioRun\" \/>\n<meta property=\"article:publisher\" content=\"https:\/\/www.facebook.com\/miomiorun\/\" \/>\n<meta property=\"article:modified_time\" content=\"2026-05-08T19:33:55+00:00\" \/>\n<meta property=\"og:image\" content=\"https:\/\/www.miomiorun.com\/app\/uploads\/2022\/11\/crazy-idea-pull-next-W-lambada-W22055193D-0044.jpg\" \/>\n\t<meta property=\"og:image:width\" content=\"600\" \/>\n\t<meta property=\"og:image:height\" content=\"600\" \/>\n\t<meta property=\"og:image:type\" content=\"image\/jpeg\" \/>\n<meta name=\"twitter:card\" content=\"summary_large_image\" \/>\n<meta name=\"twitter:label1\" content=\"Est. reading time\" \/>\n\t<meta name=\"twitter:data1\" content=\"1 minute\" \/>\n<script type=\"application\/ld+json\" class=\"yoast-schema-graph\">{\"@context\":\"https:\/\/schema.org\",\"@graph\":[{\"@type\":\"WebPage\",\"@id\":\"https:\/\/www.miomiorun.com\/fr\/produit\/pull-next-femme\/\",\"url\":\"https:\/\/www.miomiorun.com\/fr\/produit\/pull-next-femme\/\",\"name\":\"Crazy Idea Pull Next femme - Maillot de course \u00e0 pied- MioMioRun\",\"isPartOf\":{\"@id\":\"https:\/\/www.miomiorun.com\/fr\/#website\"},\"primaryImageOfPage\":{\"@id\":\"https:\/\/www.miomiorun.com\/fr\/produit\/pull-next-femme\/#primaryimage\"},\"image\":{\"@id\":\"https:\/\/www.miomiorun.com\/fr\/produit\/pull-next-femme\/#primaryimage\"},\"thumbnailUrl\":\"https:\/\/www.miomiorun.com\/app\/uploads\/2022\/11\/crazy-idea-pull-next-W-lambada-W22055193D-0044.jpg\",\"datePublished\":\"2022-10-28T13:47:40+00:00\",\"dateModified\":\"2026-05-08T19:33:55+00:00\",\"description\":\"Le Pull Next pour femme est un pull hybride con\u00e7u pour affronter les conditions m\u00e9t\u00e9orologiques les plus difficiles, lorsqu'une simple \u00ab couche interm\u00e9diaire \u00bb ne suffit pas.\",\"breadcrumb\":{\"@id\":\"https:\/\/www.miomiorun.com\/fr\/produit\/pull-next-femme\/#breadcrumb\"},\"inLanguage\":\"fr-FR\",\"potentialAction\":[{\"@type\":\"ReadAction\",\"target\":[\"https:\/\/www.miomiorun.com\/fr\/produit\/pull-next-femme\/\"]}]},{\"@type\":\"ImageObject\",\"inLanguage\":\"fr-FR\",\"@id\":\"https:\/\/www.miomiorun.com\/fr\/produit\/pull-next-femme\/#primaryimage\",\"url\":\"https:\/\/www.miomiorun.com\/app\/uploads\/2022\/11\/crazy-idea-pull-next-W-lambada-W22055193D-0044.jpg\",\"contentUrl\":\"https:\/\/www.miomiorun.com\/app\/uploads\/2022\/11\/crazy-idea-pull-next-W-lambada-W22055193D-0044.jpg\",\"width\":600,\"height\":600,\"caption\":\"crazy-idea-pull-next-W-lambada-W22055193D-0044\"},{\"@type\":\"BreadcrumbList\",\"@id\":\"https:\/\/www.miomiorun.com\/fr\/produit\/pull-next-femme\/#breadcrumb\",\"itemListElement\":[{\"@type\":\"ListItem\",\"position\":1,\"name\":\"Home\",\"item\":\"https:\/\/www.miomiorun.com\/fr\/home-page\/\"},{\"@type\":\"ListItem\",\"position\":2,\"name\":\"Shop\",\"item\":\"https:\/\/www.miomiorun.com\/shop\/\"},{\"@type\":\"ListItem\",\"position\":3,\"name\":\"Pull Next femme\"}]},{\"@type\":\"WebSite\",\"@id\":\"https:\/\/www.miomiorun.com\/fr\/#website\",\"url\":\"https:\/\/www.miomiorun.com\/fr\/\",\"name\":\"MioMioRun\",\"description\":\"Boutique 100% running et trail\",\"publisher\":{\"@id\":\"https:\/\/www.miomiorun.com\/fr\/#organization\"},\"potentialAction\":[{\"@type\":\"SearchAction\",\"target\":{\"@type\":\"EntryPoint\",\"urlTemplate\":\"https:\/\/www.miomiorun.com\/fr\/?s={search_term_string}\"},\"query-input\":{\"@type\":\"PropertyValueSpecification\",\"valueRequired\":true,\"valueName\":\"search_term_string\"}}],\"inLanguage\":\"fr-FR\"},{\"@type\":\"Organization\",\"@id\":\"https:\/\/www.miomiorun.com\/fr\/#organization\",\"name\":\"MioMio Run\",\"url\":\"https:\/\/www.miomiorun.com\/fr\/\",\"logo\":{\"@type\":\"ImageObject\",\"inLanguage\":\"fr-FR\",\"@id\":\"https:\/\/www.miomiorun.com\/fr\/#\/schema\/logo\/image\/\",\"url\":\"https:\/\/www.miomiorun.com\/app\/uploads\/2019\/12\/logomio.png\",\"contentUrl\":\"https:\/\/www.miomiorun.com\/app\/uploads\/2019\/12\/logomio.png\",\"width\":115,\"height\":82,\"caption\":\"MioMio Run\"},\"image\":{\"@id\":\"https:\/\/www.miomiorun.com\/fr\/#\/schema\/logo\/image\/\"},\"sameAs\":[\"https:\/\/www.facebook.com\/miomiorun\/\",\"https:\/\/www.instagram.com\/miomiorun\/\"]}]}<\/script>\n<!-- \/ Yoast SEO plugin. -->","yoast_head_json":{"title":"Crazy Idea Pull Next femme - Maillot de course \u00e0 pied- MioMioRun","description":"Le Pull Next pour femme est un pull hybride con\u00e7u pour affronter les conditions m\u00e9t\u00e9orologiques les plus difficiles, lorsqu'une simple \u00ab couche interm\u00e9diaire \u00bb ne suffit pas.","robots":{"index":"index","follow":"follow","max-snippet":"max-snippet:-1","max-image-preview":"max-image-preview:large","max-video-preview":"max-video-preview:-1"},"canonical":"https:\/\/www.miomiorun.com\/fr\/produit\/pull-next-femme\/","og_locale":"fr_FR","og_type":"article","og_title":"Crazy Idea Pull Next femme - Maillot de course \u00e0 pied- MioMioRun","og_description":"Le Pull Next pour femme est un pull hybride con\u00e7u pour affronter les conditions m\u00e9t\u00e9orologiques les plus difficiles, lorsqu'une simple \u00ab couche interm\u00e9diaire \u00bb ne suffit pas.","og_url":"https:\/\/www.miomiorun.com\/fr\/produit\/pull-next-femme\/","og_site_name":"MioMioRun","article_publisher":"https:\/\/www.facebook.com\/miomiorun\/","article_modified_time":"2026-05-08T19:33:55+00:00","og_image":[{"width":600,"height":600,"url":"https:\/\/www.miomiorun.com\/app\/uploads\/2022\/11\/crazy-idea-pull-next-W-lambada-W22055193D-0044.jpg","type":"image\/jpeg"}],"twitter_card":"summary_large_image","twitter_misc":{"Est. reading time":"1 minute"},"schema":{"@context":"https:\/\/schema.org","@graph":[{"@type":"WebPage","@id":"https:\/\/www.miomiorun.com\/fr\/produit\/pull-next-femme\/","url":"https:\/\/www.miomiorun.com\/fr\/produit\/pull-next-femme\/","name":"Crazy Idea Pull Next femme - Maillot de course \u00e0 pied- MioMioRun","isPartOf":{"@id":"https:\/\/www.miomiorun.com\/fr\/#website"},"primaryImageOfPage":{"@id":"https:\/\/www.miomiorun.com\/fr\/produit\/pull-next-femme\/#primaryimage"},"image":{"@id":"https:\/\/www.miomiorun.com\/fr\/produit\/pull-next-femme\/#primaryimage"},"thumbnailUrl":"https:\/\/www.miomiorun.com\/app\/uploads\/2022\/11\/crazy-idea-pull-next-W-lambada-W22055193D-0044.jpg","datePublished":"2022-10-28T13:47:40+00:00","dateModified":"2026-05-08T19:33:55+00:00","description":"Le Pull Next pour femme est un pull hybride con\u00e7u pour affronter les conditions m\u00e9t\u00e9orologiques les plus difficiles, lorsqu'une simple \u00ab couche interm\u00e9diaire \u00bb ne suffit pas.","breadcrumb":{"@id":"https:\/\/www.miomiorun.com\/fr\/produit\/pull-next-femme\/#breadcrumb"},"inLanguage":"fr-FR","potentialAction":[{"@type":"ReadAction","target":["https:\/\/www.miomiorun.com\/fr\/produit\/pull-next-femme\/"]}]},{"@type":"ImageObject","inLanguage":"fr-FR","@id":"https:\/\/www.miomiorun.com\/fr\/produit\/pull-next-femme\/#primaryimage","url":"https:\/\/www.miomiorun.com\/app\/uploads\/2022\/11\/crazy-idea-pull-next-W-lambada-W22055193D-0044.jpg","contentUrl":"https:\/\/www.miomiorun.com\/app\/uploads\/2022\/11\/crazy-idea-pull-next-W-lambada-W22055193D-0044.jpg","width":600,"height":600,"caption":"crazy-idea-pull-next-W-lambada-W22055193D-0044"},{"@type":"BreadcrumbList","@id":"https:\/\/www.miomiorun.com\/fr\/produit\/pull-next-femme\/#breadcrumb","itemListElement":[{"@type":"ListItem","position":1,"name":"Home","item":"https:\/\/www.miomiorun.com\/fr\/home-page\/"},{"@type":"ListItem","position":2,"name":"Shop","item":"https:\/\/www.miomiorun.com\/shop\/"},{"@type":"ListItem","position":3,"name":"Pull Next femme"}]},{"@type":"WebSite","@id":"https:\/\/www.miomiorun.com\/fr\/#website","url":"https:\/\/www.miomiorun.com\/fr\/","name":"MioMioRun","description":"Boutique 100% running et trail","publisher":{"@id":"https:\/\/www.miomiorun.com\/fr\/#organization"},"potentialAction":[{"@type":"SearchAction","target":{"@type":"EntryPoint","urlTemplate":"https:\/\/www.miomiorun.com\/fr\/?s={search_term_string}"},"query-input":{"@type":"PropertyValueSpecification","valueRequired":true,"valueName":"search_term_string"}}],"inLanguage":"fr-FR"},{"@type":"Organization","@id":"https:\/\/www.miomiorun.com\/fr\/#organization","name":"MioMio Run","url":"https:\/\/www.miomiorun.com\/fr\/","logo":{"@type":"ImageObject","inLanguage":"fr-FR","@id":"https:\/\/www.miomiorun.com\/fr\/#\/schema\/logo\/image\/","url":"https:\/\/www.miomiorun.com\/app\/uploads\/2019\/12\/logomio.png","contentUrl":"https:\/\/www.miomiorun.com\/app\/uploads\/2019\/12\/logomio.png","width":115,"height":82,"caption":"MioMio Run"},"image":{"@id":"https:\/\/www.miomiorun.com\/fr\/#\/schema\/logo\/image\/"},"sameAs":["https:\/\/www.facebook.com\/miomiorun\/","https:\/\/www.instagram.com\/miomiorun\/"]}]}},"_links":{"self":[{"href":"https:\/\/www.miomiorun.com\/fr\/wp-json\/wp\/v2\/product\/283895","targetHints":{"allow":["GET"]}}],"collection":[{"href":"https:\/\/www.miomiorun.com\/fr\/wp-json\/wp\/v2\/product"}],"about":[{"href":"https:\/\/www.miomiorun.com\/fr\/wp-json\/wp\/v2\/types\/product"}],"wp:featuredmedia":[{"embeddable":true,"href":"https:\/\/www.miomiorun.com\/fr\/wp-json\/wp\/v2\/media\/238502"}],"wp:attachment":[{"href":"https:\/\/www.miomiorun.com\/fr\/wp-json\/wp\/v2\/media?parent=283895"}],"wp:term":[{"taxonomy":"product_brand","embeddable":true,"href":"https:\/\/www.miomiorun.com\/fr\/wp-json\/wp\/v2\/product_brand?post=283895"},{"taxonomy":"product_cat","embeddable":true,"href":"https:\/\/www.miomiorun.com\/fr\/wp-json\/wp\/v2\/product_cat?post=283895"},{"taxonomy":"product_tag","embeddable":true,"href":"https:\/\/www.miomiorun.com\/fr\/wp-json\/wp\/v2\/product_tag?post=283895"}],"curies":[{"name":"wp","href":"https:\/\/api.w.org\/{rel}","templated":true}]}}