{"id":283850,"date":"2022-10-28T15:52:08","date_gmt":"2022-10-28T13:52:08","guid":{"rendered":"https:\/\/miomiorun.com\/prodotto\/jkt-neutron-uomo\/"},"modified":"2026-05-08T21:33:33","modified_gmt":"2026-05-08T19:33:33","slug":"jkt-neutron-homme","status":"publish","type":"product","link":"https:\/\/www.miomiorun.com\/fr\/produit\/jkt-neutron-homme\/","title":{"rendered":"Jkt Neutron homme"},"content":{"rendered":"<div class=\"descProdotto\">\n<p><strong>Jkt Neutron<\/strong> , pour homme , est une veste d&#8217;alpinisme enti\u00e8rement \u00e9lastique et tr\u00e8s performante ; thermique, l\u00e9g\u00e8re et compacte, elle est destin\u00e9e aux plus exigeants. R\u00e9alis\u00e9e dans un tissu imperm\u00e9able, elle pr\u00e9sente des \u00e9paules d&#8217;une seule pi\u00e8ce sans coutures afin de garantir l&#8217;imperm\u00e9abilit\u00e9 dans l&#8217;une des zones les plus expos\u00e9es \u00e0 la pluie et \u00e0 la neige. C&#8217;est le v\u00eatement \u00ab incontournable \u00bb de la collection Crazy pour l&#8217;alpinisme et la haute montagne, qui conserve le style minimaliste et fonctionnel qui caract\u00e9rise notre collection. Le tissu ext\u00e9rieur imperm\u00e9able est en nylon Dermizax Toray, le rembourrage Primaloft Active, chaud, hydrofuge et \u00e9galement \u00e9lastique. La capuche a un bord qui \u00e9pouse le visage et ses coutures sont thermosoud\u00e9es, garantissant l&#8217;imperm\u00e9abilit\u00e9. Poches pour les mains avec fermeture \u00e0 glissi\u00e8re, bord \u00e9lastique au bas et au bout des manches.<\/p>\n<p>CARACT\u00c9RISTIQUES :<\/p>\n<\/div>\n<div class=\"carProdotto\">\n<ul>\n<li>veste rembourr\u00e9e avec capuche<\/li>\n<li>poches pour les mains avec fermeture \u00e0 glissi\u00e8re<\/li>\n<li>coutures \u00e9lastiques<\/li>\n<li>tissu imperm\u00e9able, sans coutures sur les \u00e9paules<\/li>\n<li>bord de la capuche ajust\u00e9 au visage<\/li>\n<\/ul>\n<\/div>\n","protected":false},"excerpt":{"rendered":"<ul>\n<li>coutures \u00e9lastiques<\/li>\n<li>tissu imperm\u00e9able, sans coutures sur les \u00e9paules<\/li>\n<li>bord de la capuche ajust\u00e9 au visage<\/li>\n<\/ul>\n","protected":false},"featured_media":238504,"template":"","meta":{"_acf_changed":false,"inline_featured_image":false},"product_brand":[],"product_cat":[24480,24482,24484],"product_tag":[23489,23610],"class_list":{"0":"post-283850","1":"product","2":"type-product","3":"status-publish","4":"has-post-thumbnail","6":"product_cat-vestes-fr-2","7":"product_cat-vetements-pour-hommes-fr","8":"product_cat-homme","9":"product_tag-crazy-idea-fr","10":"product_tag-crazy-idea-homme","11":"pa_attivita-lifestyle-fr","12":"pa_attivita-marcher","13":"pa_attivita-outdoor-fr","14":"pa_colore-jkt-neutron-forest-fr","15":"pa_marca-crazy-idea-fr","16":"pa_sesso-homme","17":"pa_size-large-fr","19":"first","20":"instock","21":"taxable","22":"shipping-taxable","23":"purchasable","24":"product-type-variable","25":"wvs-archive-product-wrapper"},"acf":[],"yoast_head":"<!-- This site is optimized with the Yoast SEO plugin v26.8 - https:\/\/yoast.com\/product\/yoast-seo-wordpress\/ -->\n<title>Crazy Idea Jkt Neutron homme - Veste d&#039;hiver - MioMioRun.com<\/title>\n<meta name=\"description\" content=\"La veste Neutron pour homme est une veste d&#039;alpinisme enti\u00e8rement \u00e9lastique haute performance, thermique, l\u00e9g\u00e8re et compacte, destin\u00e9e aux personnes tr\u00e8s exigeantes.\" \/>\n<meta name=\"robots\" content=\"index, follow, max-snippet:-1, max-image-preview:large, max-video-preview:-1\" \/>\n<link rel=\"canonical\" href=\"https:\/\/www.miomiorun.com\/fr\/produit\/jkt-neutron-homme\/\" \/>\n<meta property=\"og:locale\" content=\"fr_FR\" \/>\n<meta property=\"og:type\" content=\"article\" \/>\n<meta property=\"og:title\" content=\"Crazy Idea Jkt Neutron homme - Veste d&#039;hiver - MioMioRun.com\" \/>\n<meta property=\"og:description\" content=\"La veste Neutron pour homme est une veste d&#039;alpinisme enti\u00e8rement \u00e9lastique haute performance, thermique, l\u00e9g\u00e8re et compacte, destin\u00e9e aux personnes tr\u00e8s exigeantes.\" \/>\n<meta property=\"og:url\" content=\"https:\/\/www.miomiorun.com\/fr\/produit\/jkt-neutron-homme\/\" \/>\n<meta property=\"og:site_name\" content=\"MioMioRun\" \/>\n<meta property=\"article:publisher\" content=\"https:\/\/www.facebook.com\/miomiorun\/\" \/>\n<meta property=\"article:modified_time\" content=\"2026-05-08T19:33:33+00:00\" \/>\n<meta property=\"og:image\" content=\"https:\/\/www.miomiorun.com\/app\/uploads\/2022\/11\/crazy-idea-jkt-neutron-forest-W22055166U-0008.jpg\" \/>\n\t<meta property=\"og:image:width\" content=\"600\" \/>\n\t<meta property=\"og:image:height\" content=\"600\" \/>\n\t<meta property=\"og:image:type\" content=\"image\/jpeg\" \/>\n<meta name=\"twitter:card\" content=\"summary_large_image\" \/>\n<meta name=\"twitter:label1\" content=\"Est. reading time\" \/>\n\t<meta name=\"twitter:data1\" content=\"1 minute\" \/>\n<script type=\"application\/ld+json\" class=\"yoast-schema-graph\">{\"@context\":\"https:\/\/schema.org\",\"@graph\":[{\"@type\":\"WebPage\",\"@id\":\"https:\/\/www.miomiorun.com\/fr\/produit\/jkt-neutron-homme\/\",\"url\":\"https:\/\/www.miomiorun.com\/fr\/produit\/jkt-neutron-homme\/\",\"name\":\"Crazy Idea Jkt Neutron homme - Veste d'hiver - MioMioRun.com\",\"isPartOf\":{\"@id\":\"https:\/\/www.miomiorun.com\/fr\/#website\"},\"primaryImageOfPage\":{\"@id\":\"https:\/\/www.miomiorun.com\/fr\/produit\/jkt-neutron-homme\/#primaryimage\"},\"image\":{\"@id\":\"https:\/\/www.miomiorun.com\/fr\/produit\/jkt-neutron-homme\/#primaryimage\"},\"thumbnailUrl\":\"https:\/\/www.miomiorun.com\/app\/uploads\/2022\/11\/crazy-idea-jkt-neutron-forest-W22055166U-0008.jpg\",\"datePublished\":\"2022-10-28T13:52:08+00:00\",\"dateModified\":\"2026-05-08T19:33:33+00:00\",\"description\":\"La veste Neutron pour homme est une veste d'alpinisme enti\u00e8rement \u00e9lastique haute performance, thermique, l\u00e9g\u00e8re et compacte, destin\u00e9e aux personnes tr\u00e8s exigeantes.\",\"breadcrumb\":{\"@id\":\"https:\/\/www.miomiorun.com\/fr\/produit\/jkt-neutron-homme\/#breadcrumb\"},\"inLanguage\":\"fr-FR\",\"potentialAction\":[{\"@type\":\"ReadAction\",\"target\":[\"https:\/\/www.miomiorun.com\/fr\/produit\/jkt-neutron-homme\/\"]}]},{\"@type\":\"ImageObject\",\"inLanguage\":\"fr-FR\",\"@id\":\"https:\/\/www.miomiorun.com\/fr\/produit\/jkt-neutron-homme\/#primaryimage\",\"url\":\"https:\/\/www.miomiorun.com\/app\/uploads\/2022\/11\/crazy-idea-jkt-neutron-forest-W22055166U-0008.jpg\",\"contentUrl\":\"https:\/\/www.miomiorun.com\/app\/uploads\/2022\/11\/crazy-idea-jkt-neutron-forest-W22055166U-0008.jpg\",\"width\":600,\"height\":600,\"caption\":\"crazy-idea-jkt-neutron-forest-W22055166U-0008\"},{\"@type\":\"BreadcrumbList\",\"@id\":\"https:\/\/www.miomiorun.com\/fr\/produit\/jkt-neutron-homme\/#breadcrumb\",\"itemListElement\":[{\"@type\":\"ListItem\",\"position\":1,\"name\":\"Home\",\"item\":\"https:\/\/www.miomiorun.com\/fr\/home-page\/\"},{\"@type\":\"ListItem\",\"position\":2,\"name\":\"Shop\",\"item\":\"https:\/\/www.miomiorun.com\/shop\/\"},{\"@type\":\"ListItem\",\"position\":3,\"name\":\"Jkt Neutron homme\"}]},{\"@type\":\"WebSite\",\"@id\":\"https:\/\/www.miomiorun.com\/fr\/#website\",\"url\":\"https:\/\/www.miomiorun.com\/fr\/\",\"name\":\"MioMioRun\",\"description\":\"Boutique 100% running et trail\",\"publisher\":{\"@id\":\"https:\/\/www.miomiorun.com\/fr\/#organization\"},\"potentialAction\":[{\"@type\":\"SearchAction\",\"target\":{\"@type\":\"EntryPoint\",\"urlTemplate\":\"https:\/\/www.miomiorun.com\/fr\/?s={search_term_string}\"},\"query-input\":{\"@type\":\"PropertyValueSpecification\",\"valueRequired\":true,\"valueName\":\"search_term_string\"}}],\"inLanguage\":\"fr-FR\"},{\"@type\":\"Organization\",\"@id\":\"https:\/\/www.miomiorun.com\/fr\/#organization\",\"name\":\"MioMio Run\",\"url\":\"https:\/\/www.miomiorun.com\/fr\/\",\"logo\":{\"@type\":\"ImageObject\",\"inLanguage\":\"fr-FR\",\"@id\":\"https:\/\/www.miomiorun.com\/fr\/#\/schema\/logo\/image\/\",\"url\":\"https:\/\/www.miomiorun.com\/app\/uploads\/2019\/12\/logomio.png\",\"contentUrl\":\"https:\/\/www.miomiorun.com\/app\/uploads\/2019\/12\/logomio.png\",\"width\":115,\"height\":82,\"caption\":\"MioMio Run\"},\"image\":{\"@id\":\"https:\/\/www.miomiorun.com\/fr\/#\/schema\/logo\/image\/\"},\"sameAs\":[\"https:\/\/www.facebook.com\/miomiorun\/\",\"https:\/\/www.instagram.com\/miomiorun\/\"]}]}<\/script>\n<!-- \/ Yoast SEO plugin. -->","yoast_head_json":{"title":"Crazy Idea Jkt Neutron homme - Veste d'hiver - MioMioRun.com","description":"La veste Neutron pour homme est une veste d'alpinisme enti\u00e8rement \u00e9lastique haute performance, thermique, l\u00e9g\u00e8re et compacte, destin\u00e9e aux personnes tr\u00e8s exigeantes.","robots":{"index":"index","follow":"follow","max-snippet":"max-snippet:-1","max-image-preview":"max-image-preview:large","max-video-preview":"max-video-preview:-1"},"canonical":"https:\/\/www.miomiorun.com\/fr\/produit\/jkt-neutron-homme\/","og_locale":"fr_FR","og_type":"article","og_title":"Crazy Idea Jkt Neutron homme - Veste d'hiver - MioMioRun.com","og_description":"La veste Neutron pour homme est une veste d'alpinisme enti\u00e8rement \u00e9lastique haute performance, thermique, l\u00e9g\u00e8re et compacte, destin\u00e9e aux personnes tr\u00e8s exigeantes.","og_url":"https:\/\/www.miomiorun.com\/fr\/produit\/jkt-neutron-homme\/","og_site_name":"MioMioRun","article_publisher":"https:\/\/www.facebook.com\/miomiorun\/","article_modified_time":"2026-05-08T19:33:33+00:00","og_image":[{"width":600,"height":600,"url":"https:\/\/www.miomiorun.com\/app\/uploads\/2022\/11\/crazy-idea-jkt-neutron-forest-W22055166U-0008.jpg","type":"image\/jpeg"}],"twitter_card":"summary_large_image","twitter_misc":{"Est. reading time":"1 minute"},"schema":{"@context":"https:\/\/schema.org","@graph":[{"@type":"WebPage","@id":"https:\/\/www.miomiorun.com\/fr\/produit\/jkt-neutron-homme\/","url":"https:\/\/www.miomiorun.com\/fr\/produit\/jkt-neutron-homme\/","name":"Crazy Idea Jkt Neutron homme - Veste d'hiver - MioMioRun.com","isPartOf":{"@id":"https:\/\/www.miomiorun.com\/fr\/#website"},"primaryImageOfPage":{"@id":"https:\/\/www.miomiorun.com\/fr\/produit\/jkt-neutron-homme\/#primaryimage"},"image":{"@id":"https:\/\/www.miomiorun.com\/fr\/produit\/jkt-neutron-homme\/#primaryimage"},"thumbnailUrl":"https:\/\/www.miomiorun.com\/app\/uploads\/2022\/11\/crazy-idea-jkt-neutron-forest-W22055166U-0008.jpg","datePublished":"2022-10-28T13:52:08+00:00","dateModified":"2026-05-08T19:33:33+00:00","description":"La veste Neutron pour homme est une veste d'alpinisme enti\u00e8rement \u00e9lastique haute performance, thermique, l\u00e9g\u00e8re et compacte, destin\u00e9e aux personnes tr\u00e8s exigeantes.","breadcrumb":{"@id":"https:\/\/www.miomiorun.com\/fr\/produit\/jkt-neutron-homme\/#breadcrumb"},"inLanguage":"fr-FR","potentialAction":[{"@type":"ReadAction","target":["https:\/\/www.miomiorun.com\/fr\/produit\/jkt-neutron-homme\/"]}]},{"@type":"ImageObject","inLanguage":"fr-FR","@id":"https:\/\/www.miomiorun.com\/fr\/produit\/jkt-neutron-homme\/#primaryimage","url":"https:\/\/www.miomiorun.com\/app\/uploads\/2022\/11\/crazy-idea-jkt-neutron-forest-W22055166U-0008.jpg","contentUrl":"https:\/\/www.miomiorun.com\/app\/uploads\/2022\/11\/crazy-idea-jkt-neutron-forest-W22055166U-0008.jpg","width":600,"height":600,"caption":"crazy-idea-jkt-neutron-forest-W22055166U-0008"},{"@type":"BreadcrumbList","@id":"https:\/\/www.miomiorun.com\/fr\/produit\/jkt-neutron-homme\/#breadcrumb","itemListElement":[{"@type":"ListItem","position":1,"name":"Home","item":"https:\/\/www.miomiorun.com\/fr\/home-page\/"},{"@type":"ListItem","position":2,"name":"Shop","item":"https:\/\/www.miomiorun.com\/shop\/"},{"@type":"ListItem","position":3,"name":"Jkt Neutron homme"}]},{"@type":"WebSite","@id":"https:\/\/www.miomiorun.com\/fr\/#website","url":"https:\/\/www.miomiorun.com\/fr\/","name":"MioMioRun","description":"Boutique 100% running et trail","publisher":{"@id":"https:\/\/www.miomiorun.com\/fr\/#organization"},"potentialAction":[{"@type":"SearchAction","target":{"@type":"EntryPoint","urlTemplate":"https:\/\/www.miomiorun.com\/fr\/?s={search_term_string}"},"query-input":{"@type":"PropertyValueSpecification","valueRequired":true,"valueName":"search_term_string"}}],"inLanguage":"fr-FR"},{"@type":"Organization","@id":"https:\/\/www.miomiorun.com\/fr\/#organization","name":"MioMio Run","url":"https:\/\/www.miomiorun.com\/fr\/","logo":{"@type":"ImageObject","inLanguage":"fr-FR","@id":"https:\/\/www.miomiorun.com\/fr\/#\/schema\/logo\/image\/","url":"https:\/\/www.miomiorun.com\/app\/uploads\/2019\/12\/logomio.png","contentUrl":"https:\/\/www.miomiorun.com\/app\/uploads\/2019\/12\/logomio.png","width":115,"height":82,"caption":"MioMio Run"},"image":{"@id":"https:\/\/www.miomiorun.com\/fr\/#\/schema\/logo\/image\/"},"sameAs":["https:\/\/www.facebook.com\/miomiorun\/","https:\/\/www.instagram.com\/miomiorun\/"]}]}},"_links":{"self":[{"href":"https:\/\/www.miomiorun.com\/fr\/wp-json\/wp\/v2\/product\/283850","targetHints":{"allow":["GET"]}}],"collection":[{"href":"https:\/\/www.miomiorun.com\/fr\/wp-json\/wp\/v2\/product"}],"about":[{"href":"https:\/\/www.miomiorun.com\/fr\/wp-json\/wp\/v2\/types\/product"}],"wp:featuredmedia":[{"embeddable":true,"href":"https:\/\/www.miomiorun.com\/fr\/wp-json\/wp\/v2\/media\/238504"}],"wp:attachment":[{"href":"https:\/\/www.miomiorun.com\/fr\/wp-json\/wp\/v2\/media?parent=283850"}],"wp:term":[{"taxonomy":"product_brand","embeddable":true,"href":"https:\/\/www.miomiorun.com\/fr\/wp-json\/wp\/v2\/product_brand?post=283850"},{"taxonomy":"product_cat","embeddable":true,"href":"https:\/\/www.miomiorun.com\/fr\/wp-json\/wp\/v2\/product_cat?post=283850"},{"taxonomy":"product_tag","embeddable":true,"href":"https:\/\/www.miomiorun.com\/fr\/wp-json\/wp\/v2\/product_tag?post=283850"}],"curies":[{"name":"wp","href":"https:\/\/api.w.org\/{rel}","templated":true}]}}