{"id":283824,"date":"2022-10-28T18:16:18","date_gmt":"2022-10-28T16:16:18","guid":{"rendered":"https:\/\/miomiorun.com\/prodotto\/rabec-jogger-cuffed-leg-pant-donna\/"},"modified":"2025-09-16T19:16:40","modified_gmt":"2025-09-16T17:16:40","slug":"rabec-jogger-cuffed-leg-pant-femme","status":"publish","type":"product","link":"https:\/\/www.miomiorun.com\/fr\/produit\/rabec-jogger-cuffed-leg-pant-femme\/","title":{"rendered":"Rabec Jogger Cuffed Leg Pant femme"},"content":{"rendered":"<p><strong>Russell Athletic<\/strong> est une marque historique, fond\u00e9e par Benjamin Russell en Alabama en <strong>1902<\/strong>, qui a accompagn\u00e9 l&#8217;\u00e9mergence des sports et des v\u00eatements de sport outre-Atlantique jusqu&#8217;\u00e0 nos jours.<\/p>\n<p><strong>Rabec Jogger Cuffed Leg Pant , <\/strong>dans sa version f\u00e9minine, est un pantalon en molleton, parfait pour les activit\u00e9s sportives en plein air.<\/p>\n<p>Confortable tout au long de la journ\u00e9e, ce pantalon de jogging athl\u00e9tique moderne pr\u00e9sente une coupe fusel\u00e9e.<\/p>\n<p>Fabriqu\u00e9 en molleton de poids moyen, il est dot\u00e9 de la technologie d&#8217;absorption de l&#8217;humidit\u00e9 <strong>Dri-Power\u00ae<\/strong> pour maintenir la chaleur corporelle afin que vous restiez au chaud et au sec. Ceinture \u00e9lastique avec cordon de serrage interne rapide, pour un ajustement r\u00e9glable. Coupe jogging avec poignets c\u00f4tel\u00e9s. Grandes poches lat\u00e9rales pour emporter vos accessoires avec vous.<\/p>\n<p><strong>CARACT\u00c9RISTIQUES :<\/strong><\/p>\n<ul>\n<li>Le molleton de poids moyen 9,3 oz conserve la chaleur corporelle pour que vous restiez au chaud<\/li>\n<li>La technologie Dri-Power \u00e9vacue la transpiration pour vous garder au chaud et au sec<\/li>\n<li>Ceinture \u00e9lastique pour un ajustement parfait<\/li>\n<li>Coupe jogging avec poignets c\u00f4tel\u00e9s<\/li>\n<li>Grandes poches lat\u00e9rales pour ranger tous vos petits objets essentiels<\/li>\n<li>50 % coton, 50 % polyester<\/li>\n<\/ul>\n","protected":false},"excerpt":{"rendered":"<ul class=\"m-long-description__features\">\n<li>Coupe jogger avec poignets c\u00f4tel\u00e9s<\/li>\n<li>Grandes poches lat\u00e9rales pour ranger tous vos petits objets essentiels<\/li>\n<li>50 % coton, 50 % polyester<\/li>\n<\/ul>\n","protected":false},"featured_media":238548,"template":"","meta":{"_acf_changed":false,"inline_featured_image":false},"product_brand":[],"product_cat":[22603,22596,22595],"product_tag":[23638,23496],"class_list":{"0":"post-283824","1":"product","2":"type-product","3":"status-publish","4":"has-post-thumbnail","6":"product_cat-pantalon-long","7":"product_cat-vetements-pour-femmes","8":"product_cat-femme","9":"product_tag-russel-athletic-femme","10":"product_tag-russell-athletic-fr","11":"pa_attivita-lifestyle-fr","12":"pa_colore-rabec-jogger-cuffed-leg-pant-fr","13":"pa_marca-russell-athletic-fr","14":"pa_sesso-femme","15":"pa_size-small-fr","16":"pa_size-medium-fr","18":"first","19":"instock","20":"sale","21":"taxable","22":"shipping-taxable","23":"purchasable","24":"product-type-variable","25":"wvs-archive-product-wrapper"},"acf":[],"yoast_head":"<!-- This site is optimized with the Yoast SEO plugin v26.8 - https:\/\/yoast.com\/product\/yoast-seo-wordpress\/ -->\n<title>Russell Rabec Jogger Cuffed Leg Pant femme -pantalon - MioMioRun<\/title>\n<meta name=\"description\" content=\"Le pantalon Rabec Jogger Cuffed Leg Pant, dans sa version f\u00e9minine, est un pantalon en molleton, parfait pour les activit\u00e9s sportives en plein air.\" \/>\n<meta name=\"robots\" content=\"index, follow, max-snippet:-1, max-image-preview:large, max-video-preview:-1\" \/>\n<link rel=\"canonical\" href=\"https:\/\/www.miomiorun.com\/fr\/produit\/rabec-jogger-cuffed-leg-pant-femme\/\" \/>\n<meta property=\"og:locale\" content=\"fr_FR\" \/>\n<meta property=\"og:type\" content=\"article\" \/>\n<meta property=\"og:title\" content=\"Russell Rabec Jogger Cuffed Leg Pant femme -pantalon - MioMioRun\" \/>\n<meta property=\"og:description\" content=\"Le pantalon Rabec Jogger Cuffed Leg Pant, dans sa version f\u00e9minine, est un pantalon en molleton, parfait pour les activit\u00e9s sportives en plein air.\" \/>\n<meta property=\"og:url\" content=\"https:\/\/www.miomiorun.com\/fr\/produit\/rabec-jogger-cuffed-leg-pant-femme\/\" \/>\n<meta property=\"og:site_name\" content=\"MioMioRun\" \/>\n<meta property=\"article:publisher\" content=\"https:\/\/www.facebook.com\/miomiorun\/\" \/>\n<meta property=\"article:modified_time\" content=\"2025-09-16T17:16:40+00:00\" \/>\n<meta property=\"og:image\" content=\"https:\/\/www.miomiorun.com\/app\/uploads\/2022\/11\/russell-rabec-jogger-cuffed-leg-pant-E2-405-2.jpg\" \/>\n\t<meta property=\"og:image:width\" content=\"600\" \/>\n\t<meta property=\"og:image:height\" content=\"600\" \/>\n\t<meta property=\"og:image:type\" content=\"image\/jpeg\" \/>\n<meta name=\"twitter:card\" content=\"summary_large_image\" \/>\n<meta name=\"twitter:label1\" content=\"Est. reading time\" \/>\n\t<meta name=\"twitter:data1\" content=\"1 minute\" \/>\n<script type=\"application\/ld+json\" class=\"yoast-schema-graph\">{\"@context\":\"https:\/\/schema.org\",\"@graph\":[{\"@type\":\"WebPage\",\"@id\":\"https:\/\/www.miomiorun.com\/fr\/produit\/rabec-jogger-cuffed-leg-pant-femme\/\",\"url\":\"https:\/\/www.miomiorun.com\/fr\/produit\/rabec-jogger-cuffed-leg-pant-femme\/\",\"name\":\"Russell Rabec Jogger Cuffed Leg Pant femme -pantalon - MioMioRun\",\"isPartOf\":{\"@id\":\"https:\/\/www.miomiorun.com\/fr\/#website\"},\"primaryImageOfPage\":{\"@id\":\"https:\/\/www.miomiorun.com\/fr\/produit\/rabec-jogger-cuffed-leg-pant-femme\/#primaryimage\"},\"image\":{\"@id\":\"https:\/\/www.miomiorun.com\/fr\/produit\/rabec-jogger-cuffed-leg-pant-femme\/#primaryimage\"},\"thumbnailUrl\":\"https:\/\/www.miomiorun.com\/app\/uploads\/2022\/11\/russell-rabec-jogger-cuffed-leg-pant-E2-405-2.jpg\",\"datePublished\":\"2022-10-28T16:16:18+00:00\",\"dateModified\":\"2025-09-16T17:16:40+00:00\",\"description\":\"Le pantalon Rabec Jogger Cuffed Leg Pant, dans sa version f\u00e9minine, est un pantalon en molleton, parfait pour les activit\u00e9s sportives en plein air.\",\"breadcrumb\":{\"@id\":\"https:\/\/www.miomiorun.com\/fr\/produit\/rabec-jogger-cuffed-leg-pant-femme\/#breadcrumb\"},\"inLanguage\":\"fr-FR\",\"potentialAction\":[{\"@type\":\"ReadAction\",\"target\":[\"https:\/\/www.miomiorun.com\/fr\/produit\/rabec-jogger-cuffed-leg-pant-femme\/\"]}]},{\"@type\":\"ImageObject\",\"inLanguage\":\"fr-FR\",\"@id\":\"https:\/\/www.miomiorun.com\/fr\/produit\/rabec-jogger-cuffed-leg-pant-femme\/#primaryimage\",\"url\":\"https:\/\/www.miomiorun.com\/app\/uploads\/2022\/11\/russell-rabec-jogger-cuffed-leg-pant-E2-405-2.jpg\",\"contentUrl\":\"https:\/\/www.miomiorun.com\/app\/uploads\/2022\/11\/russell-rabec-jogger-cuffed-leg-pant-E2-405-2.jpg\",\"width\":600,\"height\":600,\"caption\":\"russell-rabec-jogger-cuffed-leg-pant-E2-405-2\"},{\"@type\":\"BreadcrumbList\",\"@id\":\"https:\/\/www.miomiorun.com\/fr\/produit\/rabec-jogger-cuffed-leg-pant-femme\/#breadcrumb\",\"itemListElement\":[{\"@type\":\"ListItem\",\"position\":1,\"name\":\"Home\",\"item\":\"https:\/\/www.miomiorun.com\/fr\/home-page\/\"},{\"@type\":\"ListItem\",\"position\":2,\"name\":\"Shop\",\"item\":\"https:\/\/www.miomiorun.com\/shop\/\"},{\"@type\":\"ListItem\",\"position\":3,\"name\":\"Rabec Jogger Cuffed Leg Pant femme\"}]},{\"@type\":\"WebSite\",\"@id\":\"https:\/\/www.miomiorun.com\/fr\/#website\",\"url\":\"https:\/\/www.miomiorun.com\/fr\/\",\"name\":\"MioMioRun\",\"description\":\"Boutique 100% running et trail\",\"publisher\":{\"@id\":\"https:\/\/www.miomiorun.com\/fr\/#organization\"},\"potentialAction\":[{\"@type\":\"SearchAction\",\"target\":{\"@type\":\"EntryPoint\",\"urlTemplate\":\"https:\/\/www.miomiorun.com\/fr\/?s={search_term_string}\"},\"query-input\":{\"@type\":\"PropertyValueSpecification\",\"valueRequired\":true,\"valueName\":\"search_term_string\"}}],\"inLanguage\":\"fr-FR\"},{\"@type\":\"Organization\",\"@id\":\"https:\/\/www.miomiorun.com\/fr\/#organization\",\"name\":\"MioMio Run\",\"url\":\"https:\/\/www.miomiorun.com\/fr\/\",\"logo\":{\"@type\":\"ImageObject\",\"inLanguage\":\"fr-FR\",\"@id\":\"https:\/\/www.miomiorun.com\/fr\/#\/schema\/logo\/image\/\",\"url\":\"https:\/\/www.miomiorun.com\/app\/uploads\/2019\/12\/logomio.png\",\"contentUrl\":\"https:\/\/www.miomiorun.com\/app\/uploads\/2019\/12\/logomio.png\",\"width\":115,\"height\":82,\"caption\":\"MioMio Run\"},\"image\":{\"@id\":\"https:\/\/www.miomiorun.com\/fr\/#\/schema\/logo\/image\/\"},\"sameAs\":[\"https:\/\/www.facebook.com\/miomiorun\/\",\"https:\/\/www.instagram.com\/miomiorun\/\"]}]}<\/script>\n<!-- \/ Yoast SEO plugin. -->","yoast_head_json":{"title":"Russell Rabec Jogger Cuffed Leg Pant femme -pantalon - MioMioRun","description":"Le pantalon Rabec Jogger Cuffed Leg Pant, dans sa version f\u00e9minine, est un pantalon en molleton, parfait pour les activit\u00e9s sportives en plein air.","robots":{"index":"index","follow":"follow","max-snippet":"max-snippet:-1","max-image-preview":"max-image-preview:large","max-video-preview":"max-video-preview:-1"},"canonical":"https:\/\/www.miomiorun.com\/fr\/produit\/rabec-jogger-cuffed-leg-pant-femme\/","og_locale":"fr_FR","og_type":"article","og_title":"Russell Rabec Jogger Cuffed Leg Pant femme -pantalon - MioMioRun","og_description":"Le pantalon Rabec Jogger Cuffed Leg Pant, dans sa version f\u00e9minine, est un pantalon en molleton, parfait pour les activit\u00e9s sportives en plein air.","og_url":"https:\/\/www.miomiorun.com\/fr\/produit\/rabec-jogger-cuffed-leg-pant-femme\/","og_site_name":"MioMioRun","article_publisher":"https:\/\/www.facebook.com\/miomiorun\/","article_modified_time":"2025-09-16T17:16:40+00:00","og_image":[{"width":600,"height":600,"url":"https:\/\/www.miomiorun.com\/app\/uploads\/2022\/11\/russell-rabec-jogger-cuffed-leg-pant-E2-405-2.jpg","type":"image\/jpeg"}],"twitter_card":"summary_large_image","twitter_misc":{"Est. reading time":"1 minute"},"schema":{"@context":"https:\/\/schema.org","@graph":[{"@type":"WebPage","@id":"https:\/\/www.miomiorun.com\/fr\/produit\/rabec-jogger-cuffed-leg-pant-femme\/","url":"https:\/\/www.miomiorun.com\/fr\/produit\/rabec-jogger-cuffed-leg-pant-femme\/","name":"Russell Rabec Jogger Cuffed Leg Pant femme -pantalon - MioMioRun","isPartOf":{"@id":"https:\/\/www.miomiorun.com\/fr\/#website"},"primaryImageOfPage":{"@id":"https:\/\/www.miomiorun.com\/fr\/produit\/rabec-jogger-cuffed-leg-pant-femme\/#primaryimage"},"image":{"@id":"https:\/\/www.miomiorun.com\/fr\/produit\/rabec-jogger-cuffed-leg-pant-femme\/#primaryimage"},"thumbnailUrl":"https:\/\/www.miomiorun.com\/app\/uploads\/2022\/11\/russell-rabec-jogger-cuffed-leg-pant-E2-405-2.jpg","datePublished":"2022-10-28T16:16:18+00:00","dateModified":"2025-09-16T17:16:40+00:00","description":"Le pantalon Rabec Jogger Cuffed Leg Pant, dans sa version f\u00e9minine, est un pantalon en molleton, parfait pour les activit\u00e9s sportives en plein air.","breadcrumb":{"@id":"https:\/\/www.miomiorun.com\/fr\/produit\/rabec-jogger-cuffed-leg-pant-femme\/#breadcrumb"},"inLanguage":"fr-FR","potentialAction":[{"@type":"ReadAction","target":["https:\/\/www.miomiorun.com\/fr\/produit\/rabec-jogger-cuffed-leg-pant-femme\/"]}]},{"@type":"ImageObject","inLanguage":"fr-FR","@id":"https:\/\/www.miomiorun.com\/fr\/produit\/rabec-jogger-cuffed-leg-pant-femme\/#primaryimage","url":"https:\/\/www.miomiorun.com\/app\/uploads\/2022\/11\/russell-rabec-jogger-cuffed-leg-pant-E2-405-2.jpg","contentUrl":"https:\/\/www.miomiorun.com\/app\/uploads\/2022\/11\/russell-rabec-jogger-cuffed-leg-pant-E2-405-2.jpg","width":600,"height":600,"caption":"russell-rabec-jogger-cuffed-leg-pant-E2-405-2"},{"@type":"BreadcrumbList","@id":"https:\/\/www.miomiorun.com\/fr\/produit\/rabec-jogger-cuffed-leg-pant-femme\/#breadcrumb","itemListElement":[{"@type":"ListItem","position":1,"name":"Home","item":"https:\/\/www.miomiorun.com\/fr\/home-page\/"},{"@type":"ListItem","position":2,"name":"Shop","item":"https:\/\/www.miomiorun.com\/shop\/"},{"@type":"ListItem","position":3,"name":"Rabec Jogger Cuffed Leg Pant femme"}]},{"@type":"WebSite","@id":"https:\/\/www.miomiorun.com\/fr\/#website","url":"https:\/\/www.miomiorun.com\/fr\/","name":"MioMioRun","description":"Boutique 100% running et trail","publisher":{"@id":"https:\/\/www.miomiorun.com\/fr\/#organization"},"potentialAction":[{"@type":"SearchAction","target":{"@type":"EntryPoint","urlTemplate":"https:\/\/www.miomiorun.com\/fr\/?s={search_term_string}"},"query-input":{"@type":"PropertyValueSpecification","valueRequired":true,"valueName":"search_term_string"}}],"inLanguage":"fr-FR"},{"@type":"Organization","@id":"https:\/\/www.miomiorun.com\/fr\/#organization","name":"MioMio Run","url":"https:\/\/www.miomiorun.com\/fr\/","logo":{"@type":"ImageObject","inLanguage":"fr-FR","@id":"https:\/\/www.miomiorun.com\/fr\/#\/schema\/logo\/image\/","url":"https:\/\/www.miomiorun.com\/app\/uploads\/2019\/12\/logomio.png","contentUrl":"https:\/\/www.miomiorun.com\/app\/uploads\/2019\/12\/logomio.png","width":115,"height":82,"caption":"MioMio Run"},"image":{"@id":"https:\/\/www.miomiorun.com\/fr\/#\/schema\/logo\/image\/"},"sameAs":["https:\/\/www.facebook.com\/miomiorun\/","https:\/\/www.instagram.com\/miomiorun\/"]}]}},"_links":{"self":[{"href":"https:\/\/www.miomiorun.com\/fr\/wp-json\/wp\/v2\/product\/283824","targetHints":{"allow":["GET"]}}],"collection":[{"href":"https:\/\/www.miomiorun.com\/fr\/wp-json\/wp\/v2\/product"}],"about":[{"href":"https:\/\/www.miomiorun.com\/fr\/wp-json\/wp\/v2\/types\/product"}],"wp:featuredmedia":[{"embeddable":true,"href":"https:\/\/www.miomiorun.com\/fr\/wp-json\/wp\/v2\/media\/238548"}],"wp:attachment":[{"href":"https:\/\/www.miomiorun.com\/fr\/wp-json\/wp\/v2\/media?parent=283824"}],"wp:term":[{"taxonomy":"product_brand","embeddable":true,"href":"https:\/\/www.miomiorun.com\/fr\/wp-json\/wp\/v2\/product_brand?post=283824"},{"taxonomy":"product_cat","embeddable":true,"href":"https:\/\/www.miomiorun.com\/fr\/wp-json\/wp\/v2\/product_cat?post=283824"},{"taxonomy":"product_tag","embeddable":true,"href":"https:\/\/www.miomiorun.com\/fr\/wp-json\/wp\/v2\/product_tag?post=283824"}],"curies":[{"name":"wp","href":"https:\/\/api.w.org\/{rel}","templated":true}]}}