{"id":283767,"date":"2022-06-17T17:20:26","date_gmt":"2022-06-17T15:20:26","guid":{"rendered":"https:\/\/miomiorun.com\/prodotto\/openrun\/"},"modified":"2026-05-08T21:33:07","modified_gmt":"2026-05-08T19:33:07","slug":"openrun","status":"publish","type":"product","link":"https:\/\/www.miomiorun.com\/fr\/produit\/openrun\/","title":{"rendered":"OpenRun"},"content":{"rendered":"<div class=\"vc-row container\"><div class=\"vc-column\"><div class=\"vc-column-text\"><\/p>\n<p data-more=\"true\">Nos \u00e9couteurs sans fil de sport les plus vendus, anciennement connus sous le nom d&#8217;Aeropex, b\u00e9n\u00e9ficient d\u00e9sormais d&#8217;un nouvel emballage, d&#8217;une fonction de recharge rapide et d&#8217;un nouveau nom. <strong>OpenRun<\/strong> sont nos \u00e9couteurs les plus l\u00e9gers \u00e0 ce jour. Ils offrent un son exceptionnel, une batterie longue dur\u00e9e et la fonction <strong>Quick Charge<\/strong> pour vous permettre de rester inform\u00e9 et motiv\u00e9 pendant vos entra\u00eenements.<\/p>\n<h3>TECHNOLOGIE \u00c0 CONDUCTION OSSEUSE<\/h3>\n<p>Avec plus de 500 brevets, Shokz peut sans aucun doute \u00eatre consid\u00e9r\u00e9 comme un pionnier dans l&#8217;innovation des \u00e9couteurs de sport. Laur\u00e9ats de prix internationaux prestigieux, tels que le Red Dot Design Award 2018, les \u00e9couteurs \u00e0 conduction osseuse Shokz sont l&#8217;outil parfait pour ceux qui veulent s&#8217;entra\u00eener en toute s\u00e9curit\u00e9, mais ils sont \u00e9galement id\u00e9aux \u00e0 la maison ou au bureau, car ils permettent d&#8217;entendre les bruits environnants tout en se concentrant sur le rythme de la musique gr\u00e2ce \u00e0 leur conception \u00ab open-ear \u00bb.<\/p>\n<p>Nous entendons gr\u00e2ce \u00e0 la conduction osseuse lorsque nous mangeons, buvons et m\u00eame lorsque nous parlons : c&#8217;est pourquoi notre voix a un son diff\u00e9rent de celui que nous entendons dans un enregistrement ou une vid\u00e9o. Nous avons tendance \u00e0 percevoir notre voix comme plus grave et plus intense, car le cr\u00e2ne transmet mieux les basses fr\u00e9quences que l&#8217;air.<br \/>\nShokz exploite la conduction osseuse naturelle en int\u00e9grant des transducteurs \u00e9lectrom\u00e9caniques dans ses \u00e9couteurs sans fil, qui convertissent les sons en vibrations transmises directement \u00e0 l&#8217;oreille interne \u00e0 travers les os du cr\u00e2ne, contournant ainsi le tympan.<\/p>\n<h2>CARACT\u00c9RISTIQUES<\/h2>\n<h2 class=\"title fadein-0 fadein-01-mb\"><strong class=\"b600\">Confort Open-Ear<\/strong> :<\/h2>\n<p>Notre conception \u00e0 oreille ouverte, aliment\u00e9e par la technologie de conduction osseuse, permet une conscience totale de l&#8217;environnement et une \u00e9coute confortable sans \u00e9couteurs.<\/p>\n<h2><strong class=\"b600\">\u00c9tanche :<br \/>\n<\/strong><\/h2>\n<p>Leur indice de protection <strong>IP67<\/strong> les rend totalement r\u00e9sistants \u00e0 l&#8217;eau et \u00e0 la transpiration, ce qui leur permet de supporter des entra\u00eenements intenses et des conditions m\u00e9t\u00e9orologiques extr\u00eames. Une alerte de d\u00e9tection d&#8217;humidit\u00e9 garantit une recharge en toute s\u00e9curit\u00e9<strong>. Ne convient pas \u00e0 la natation.<\/strong><\/p>\n<h2>Qualit\u00e9 sonore exceptionnelle :<\/h2>\n<p>Gr\u00e2ce \u00e0 la technologie brevet\u00e9e de conduction osseuse de 8e g\u00e9n\u00e9ration, au Bluetooth 5.1 et \u00e0 PremiumPitch\u2122 2.0+, OpenRun offre un son clair, un volume puissant et des basses riches.<\/p>\n<h2>L\u00e9ger et ajustement s\u00fbr :<\/h2>\n<p>D\u00e9couvrez votre nouveau compagnon d&#8217;entra\u00eenement pr\u00e9f\u00e9r\u00e9. Con\u00e7us pour les athl\u00e8tes, nos \u00e9couteurs sans fil restent en place pour une \u00e9coute tout au long de la journ\u00e9e, vous permettant de rester motiv\u00e9 et conscient de votre environnement.<\/p>\n<h2>Autonomie de 8 heures.<br \/>\nRecharge rapide :<\/h2>\n<p>Avec une autonomie de 8 heures et des commandes simples telles que lecture, saut, pause et retour, vous pouvez profiter de votre musique, de vos appels, de vos livres audio et de vos podcasts toute la journ\u00e9e.<\/p>\n<p>OpenRun offre \u00e9galement une recharge rapide de 10 minutes pour une autonomie allant jusqu&#8217;\u00e0 1,5 heure.<\/p>\n<h3>Que contient la bo\u00eete ?<\/h3>\n<ul>\n<li>\u00c9couteurs OpenRun.\n<li>Sac de transport.\n<li>C\u00e2ble de recharge magn\u00e9tique.\n<\/li>\n<\/li>\n<\/li>\n<\/ul>\n<h2 style=\"text-align: center\">FAQ<\/h2>\n<h3 style=\"text-align: center\">QUELLE EST LA DIFF\u00c9RENCE ENTRE AEROPEX ET OPENRUN ?<\/h3>\n<p style=\"text-align: center\">OpenRun, nos \u00e9couteurs de sport anciennement connus sous le nom d&#8217;Aeropex, b\u00e9n\u00e9ficient d\u00e9sormais d&#8217;un nouvel emballage, d&#8217;une fonction de recharge rapide et d&#8217;un nouveau nom. Les deux principales diff\u00e9rences entre Aeropex et OpenRun sont que OpenRun dispose du Bluetooth 5.1 alors qu&#8217;Aeropex dispose du Bluetooth 5.0, et que OpenRun a \u00e9t\u00e9 mis \u00e0 jour avec une fonction de recharge rapide dont Aeropex ne disposait pas. <\/p>\n<h3 style=\"text-align: center\">LES AUTRES PEUVENT-ILS ENTENDRE VOTRE MUSIQUE ?<\/h3>\n<p style=\"text-align: center\">Non, OpenRun envoie des vibrations \u00e0 l&#8217;oreille interne gr\u00e2ce \u00e0 la technologie de conduction osseuse. Bien qu&#8217;il s&#8217;agisse d&#8217;une alternative \u00e0 la technologie traditionnelle de conduction a\u00e9rienne, laissant les tympans ouverts \u00e0 l&#8217;environnement ext\u00e9rieur, il offre n\u00e9anmoins une exp\u00e9rience d&#8217;\u00e9coute priv\u00e9e.<\/p>\n<h3 style=\"text-align: center\">OPENRUN EST-IL \u00c9TANCHE ?<\/h3>\n<p style=\"text-align: center\">Oui, OpenRun a un indice d&#8217;\u00e9tanch\u00e9it\u00e9 IP67 ; cependant, il n&#8217;est pas recommand\u00e9 pour la plong\u00e9e sous-marine.<\/p>\n<p><\/div><\/div><\/div><\/p>\n","protected":false},"excerpt":{"rendered":"<ul>\n<li class=\"title fadein-0 fadein-01-mb\">Confort Open-Ear.<\/li>\n<li>\u00c9tanche.<\/li>\n<li>Qualit\u00e9 sonore exceptionnelle .<\/li>\n<li>L\u00e9ger et ajustement s\u00fbr.<\/li>\n<li>TECHNOLOGIE \u00c0 CONDUCTION OSSEUSE.<\/li>\n<\/ul>\n","protected":false},"featured_media":237085,"template":"","meta":{"_acf_changed":false,"inline_featured_image":false},"product_brand":[],"product_cat":[22538,22540],"product_tag":[23544],"class_list":{"0":"post-283767","1":"product","2":"type-product","3":"status-publish","4":"has-post-thumbnail","6":"product_cat-accessoires","7":"product_cat-ecouteurs","8":"product_tag-shokz-fr","9":"pa_attivita-fitness-fr","10":"pa_attivita-lifestyle-fr","11":"pa_attivita-marcher","12":"pa_attivita-outdoor-fr","13":"pa_attivita-running-fr","14":"pa_attivita-trail-fr","15":"pa_colore-openrun-black-fr","16":"pa_colore-openrun-blue-fr","17":"pa_colore-openrun-grey-fr","18":"pa_colore-openrun-red-fr","19":"pa_marca-shokz-fr","20":"pa_sesso-femme","21":"pa_sesso-homme","23":"first","24":"instock","25":"sale","26":"taxable","27":"shipping-taxable","28":"purchasable","29":"product-type-variable","30":"wvs-archive-product-wrapper"},"acf":[],"yoast_head":"<!-- This site is optimized with the Yoast SEO plugin v26.8 - https:\/\/yoast.com\/product\/yoast-seo-wordpress\/ -->\n<title>Shokz OpenRun - \u00e9couteurs de course - MioMioRun<\/title>\n<meta name=\"description\" content=\"Les OpenRun sont nos \u00e9couteurs les plus l\u00e9gers \u00e0 ce jour. Ils offrent un son exceptionnel et une batterie longue dur\u00e9e.\" \/>\n<meta name=\"robots\" content=\"index, follow, max-snippet:-1, max-image-preview:large, max-video-preview:-1\" \/>\n<link rel=\"canonical\" href=\"https:\/\/www.miomiorun.com\/fr\/produit\/openrun\/\" \/>\n<meta property=\"og:locale\" content=\"fr_FR\" \/>\n<meta property=\"og:type\" content=\"article\" \/>\n<meta property=\"og:title\" content=\"Shokz OpenRun - \u00e9couteurs de course - MioMioRun\" \/>\n<meta property=\"og:description\" content=\"Les OpenRun sont nos \u00e9couteurs les plus l\u00e9gers \u00e0 ce jour. Ils offrent un son exceptionnel et une batterie longue dur\u00e9e.\" \/>\n<meta property=\"og:url\" content=\"https:\/\/www.miomiorun.com\/fr\/produit\/openrun\/\" \/>\n<meta property=\"og:site_name\" content=\"MioMioRun\" \/>\n<meta property=\"article:publisher\" content=\"https:\/\/www.facebook.com\/miomiorun\/\" \/>\n<meta property=\"article:modified_time\" content=\"2026-05-08T19:33:07+00:00\" \/>\n<meta property=\"og:image\" content=\"https:\/\/www.miomiorun.com\/app\/uploads\/2022\/06\/shokz-Openrun-black-S803BK.jpg\" \/>\n\t<meta property=\"og:image:width\" content=\"600\" \/>\n\t<meta property=\"og:image:height\" content=\"600\" \/>\n\t<meta property=\"og:image:type\" content=\"image\/jpeg\" \/>\n<meta name=\"twitter:card\" content=\"summary_large_image\" \/>\n<meta name=\"twitter:label1\" content=\"Est. reading time\" \/>\n\t<meta name=\"twitter:data1\" content=\"3 minutes\" \/>\n<script type=\"application\/ld+json\" class=\"yoast-schema-graph\">{\"@context\":\"https:\/\/schema.org\",\"@graph\":[{\"@type\":\"WebPage\",\"@id\":\"https:\/\/www.miomiorun.com\/fr\/produit\/openrun\/\",\"url\":\"https:\/\/www.miomiorun.com\/fr\/produit\/openrun\/\",\"name\":\"Shokz OpenRun - \u00e9couteurs de course - MioMioRun\",\"isPartOf\":{\"@id\":\"https:\/\/www.miomiorun.com\/fr\/#website\"},\"primaryImageOfPage\":{\"@id\":\"https:\/\/www.miomiorun.com\/fr\/produit\/openrun\/#primaryimage\"},\"image\":{\"@id\":\"https:\/\/www.miomiorun.com\/fr\/produit\/openrun\/#primaryimage\"},\"thumbnailUrl\":\"https:\/\/www.miomiorun.com\/app\/uploads\/2022\/06\/shokz-Openrun-black-S803BK.jpg\",\"datePublished\":\"2022-06-17T15:20:26+00:00\",\"dateModified\":\"2026-05-08T19:33:07+00:00\",\"description\":\"Les OpenRun sont nos \u00e9couteurs les plus l\u00e9gers \u00e0 ce jour. Ils offrent un son exceptionnel et une batterie longue dur\u00e9e.\",\"breadcrumb\":{\"@id\":\"https:\/\/www.miomiorun.com\/fr\/produit\/openrun\/#breadcrumb\"},\"inLanguage\":\"fr-FR\",\"potentialAction\":[{\"@type\":\"ReadAction\",\"target\":[\"https:\/\/www.miomiorun.com\/fr\/produit\/openrun\/\"]}]},{\"@type\":\"ImageObject\",\"inLanguage\":\"fr-FR\",\"@id\":\"https:\/\/www.miomiorun.com\/fr\/produit\/openrun\/#primaryimage\",\"url\":\"https:\/\/www.miomiorun.com\/app\/uploads\/2022\/06\/shokz-Openrun-black-S803BK.jpg\",\"contentUrl\":\"https:\/\/www.miomiorun.com\/app\/uploads\/2022\/06\/shokz-Openrun-black-S803BK.jpg\",\"width\":600,\"height\":600,\"caption\":\"shokz-Openrun-black-S803BK\"},{\"@type\":\"BreadcrumbList\",\"@id\":\"https:\/\/www.miomiorun.com\/fr\/produit\/openrun\/#breadcrumb\",\"itemListElement\":[{\"@type\":\"ListItem\",\"position\":1,\"name\":\"Home\",\"item\":\"https:\/\/www.miomiorun.com\/fr\/home-page\/\"},{\"@type\":\"ListItem\",\"position\":2,\"name\":\"Shop\",\"item\":\"https:\/\/www.miomiorun.com\/shop\/\"},{\"@type\":\"ListItem\",\"position\":3,\"name\":\"OpenRun\"}]},{\"@type\":\"WebSite\",\"@id\":\"https:\/\/www.miomiorun.com\/fr\/#website\",\"url\":\"https:\/\/www.miomiorun.com\/fr\/\",\"name\":\"MioMioRun\",\"description\":\"Boutique 100% running et trail\",\"publisher\":{\"@id\":\"https:\/\/www.miomiorun.com\/fr\/#organization\"},\"potentialAction\":[{\"@type\":\"SearchAction\",\"target\":{\"@type\":\"EntryPoint\",\"urlTemplate\":\"https:\/\/www.miomiorun.com\/fr\/?s={search_term_string}\"},\"query-input\":{\"@type\":\"PropertyValueSpecification\",\"valueRequired\":true,\"valueName\":\"search_term_string\"}}],\"inLanguage\":\"fr-FR\"},{\"@type\":\"Organization\",\"@id\":\"https:\/\/www.miomiorun.com\/fr\/#organization\",\"name\":\"MioMio Run\",\"url\":\"https:\/\/www.miomiorun.com\/fr\/\",\"logo\":{\"@type\":\"ImageObject\",\"inLanguage\":\"fr-FR\",\"@id\":\"https:\/\/www.miomiorun.com\/fr\/#\/schema\/logo\/image\/\",\"url\":\"https:\/\/www.miomiorun.com\/app\/uploads\/2019\/12\/logomio.png\",\"contentUrl\":\"https:\/\/www.miomiorun.com\/app\/uploads\/2019\/12\/logomio.png\",\"width\":115,\"height\":82,\"caption\":\"MioMio Run\"},\"image\":{\"@id\":\"https:\/\/www.miomiorun.com\/fr\/#\/schema\/logo\/image\/\"},\"sameAs\":[\"https:\/\/www.facebook.com\/miomiorun\/\",\"https:\/\/www.instagram.com\/miomiorun\/\"]}]}<\/script>\n<!-- \/ Yoast SEO plugin. -->","yoast_head_json":{"title":"Shokz OpenRun - \u00e9couteurs de course - MioMioRun","description":"Les OpenRun sont nos \u00e9couteurs les plus l\u00e9gers \u00e0 ce jour. Ils offrent un son exceptionnel et une batterie longue dur\u00e9e.","robots":{"index":"index","follow":"follow","max-snippet":"max-snippet:-1","max-image-preview":"max-image-preview:large","max-video-preview":"max-video-preview:-1"},"canonical":"https:\/\/www.miomiorun.com\/fr\/produit\/openrun\/","og_locale":"fr_FR","og_type":"article","og_title":"Shokz OpenRun - \u00e9couteurs de course - MioMioRun","og_description":"Les OpenRun sont nos \u00e9couteurs les plus l\u00e9gers \u00e0 ce jour. Ils offrent un son exceptionnel et une batterie longue dur\u00e9e.","og_url":"https:\/\/www.miomiorun.com\/fr\/produit\/openrun\/","og_site_name":"MioMioRun","article_publisher":"https:\/\/www.facebook.com\/miomiorun\/","article_modified_time":"2026-05-08T19:33:07+00:00","og_image":[{"width":600,"height":600,"url":"https:\/\/www.miomiorun.com\/app\/uploads\/2022\/06\/shokz-Openrun-black-S803BK.jpg","type":"image\/jpeg"}],"twitter_card":"summary_large_image","twitter_misc":{"Est. reading time":"3 minutes"},"schema":{"@context":"https:\/\/schema.org","@graph":[{"@type":"WebPage","@id":"https:\/\/www.miomiorun.com\/fr\/produit\/openrun\/","url":"https:\/\/www.miomiorun.com\/fr\/produit\/openrun\/","name":"Shokz OpenRun - \u00e9couteurs de course - MioMioRun","isPartOf":{"@id":"https:\/\/www.miomiorun.com\/fr\/#website"},"primaryImageOfPage":{"@id":"https:\/\/www.miomiorun.com\/fr\/produit\/openrun\/#primaryimage"},"image":{"@id":"https:\/\/www.miomiorun.com\/fr\/produit\/openrun\/#primaryimage"},"thumbnailUrl":"https:\/\/www.miomiorun.com\/app\/uploads\/2022\/06\/shokz-Openrun-black-S803BK.jpg","datePublished":"2022-06-17T15:20:26+00:00","dateModified":"2026-05-08T19:33:07+00:00","description":"Les OpenRun sont nos \u00e9couteurs les plus l\u00e9gers \u00e0 ce jour. Ils offrent un son exceptionnel et une batterie longue dur\u00e9e.","breadcrumb":{"@id":"https:\/\/www.miomiorun.com\/fr\/produit\/openrun\/#breadcrumb"},"inLanguage":"fr-FR","potentialAction":[{"@type":"ReadAction","target":["https:\/\/www.miomiorun.com\/fr\/produit\/openrun\/"]}]},{"@type":"ImageObject","inLanguage":"fr-FR","@id":"https:\/\/www.miomiorun.com\/fr\/produit\/openrun\/#primaryimage","url":"https:\/\/www.miomiorun.com\/app\/uploads\/2022\/06\/shokz-Openrun-black-S803BK.jpg","contentUrl":"https:\/\/www.miomiorun.com\/app\/uploads\/2022\/06\/shokz-Openrun-black-S803BK.jpg","width":600,"height":600,"caption":"shokz-Openrun-black-S803BK"},{"@type":"BreadcrumbList","@id":"https:\/\/www.miomiorun.com\/fr\/produit\/openrun\/#breadcrumb","itemListElement":[{"@type":"ListItem","position":1,"name":"Home","item":"https:\/\/www.miomiorun.com\/fr\/home-page\/"},{"@type":"ListItem","position":2,"name":"Shop","item":"https:\/\/www.miomiorun.com\/shop\/"},{"@type":"ListItem","position":3,"name":"OpenRun"}]},{"@type":"WebSite","@id":"https:\/\/www.miomiorun.com\/fr\/#website","url":"https:\/\/www.miomiorun.com\/fr\/","name":"MioMioRun","description":"Boutique 100% running et trail","publisher":{"@id":"https:\/\/www.miomiorun.com\/fr\/#organization"},"potentialAction":[{"@type":"SearchAction","target":{"@type":"EntryPoint","urlTemplate":"https:\/\/www.miomiorun.com\/fr\/?s={search_term_string}"},"query-input":{"@type":"PropertyValueSpecification","valueRequired":true,"valueName":"search_term_string"}}],"inLanguage":"fr-FR"},{"@type":"Organization","@id":"https:\/\/www.miomiorun.com\/fr\/#organization","name":"MioMio Run","url":"https:\/\/www.miomiorun.com\/fr\/","logo":{"@type":"ImageObject","inLanguage":"fr-FR","@id":"https:\/\/www.miomiorun.com\/fr\/#\/schema\/logo\/image\/","url":"https:\/\/www.miomiorun.com\/app\/uploads\/2019\/12\/logomio.png","contentUrl":"https:\/\/www.miomiorun.com\/app\/uploads\/2019\/12\/logomio.png","width":115,"height":82,"caption":"MioMio Run"},"image":{"@id":"https:\/\/www.miomiorun.com\/fr\/#\/schema\/logo\/image\/"},"sameAs":["https:\/\/www.facebook.com\/miomiorun\/","https:\/\/www.instagram.com\/miomiorun\/"]}]}},"_links":{"self":[{"href":"https:\/\/www.miomiorun.com\/fr\/wp-json\/wp\/v2\/product\/283767","targetHints":{"allow":["GET"]}}],"collection":[{"href":"https:\/\/www.miomiorun.com\/fr\/wp-json\/wp\/v2\/product"}],"about":[{"href":"https:\/\/www.miomiorun.com\/fr\/wp-json\/wp\/v2\/types\/product"}],"wp:featuredmedia":[{"embeddable":true,"href":"https:\/\/www.miomiorun.com\/fr\/wp-json\/wp\/v2\/media\/237085"}],"wp:attachment":[{"href":"https:\/\/www.miomiorun.com\/fr\/wp-json\/wp\/v2\/media?parent=283767"}],"wp:term":[{"taxonomy":"product_brand","embeddable":true,"href":"https:\/\/www.miomiorun.com\/fr\/wp-json\/wp\/v2\/product_brand?post=283767"},{"taxonomy":"product_cat","embeddable":true,"href":"https:\/\/www.miomiorun.com\/fr\/wp-json\/wp\/v2\/product_cat?post=283767"},{"taxonomy":"product_tag","embeddable":true,"href":"https:\/\/www.miomiorun.com\/fr\/wp-json\/wp\/v2\/product_tag?post=283767"}],"curies":[{"name":"wp","href":"https:\/\/api.w.org\/{rel}","templated":true}]}}