{"id":283748,"date":"2022-09-09T18:35:00","date_gmt":"2022-09-09T16:35:00","guid":{"rendered":"https:\/\/miomiorun.com\/prodotto\/jubilee-long-sleeve-uomo\/"},"modified":"2025-09-19T12:01:28","modified_gmt":"2025-09-19T10:01:28","slug":"jubilee-long-sleeve-homme","status":"publish","type":"product","link":"https:\/\/www.miomiorun.com\/fr\/produit\/jubilee-long-sleeve-homme\/","title":{"rendered":"Jubilee Long Sleeve homme"},"content":{"rendered":"<p><strong><span class=\"base\" data-ui-id=\"page-title-wrapper\">Jubilee <\/span><\/strong><strong> Long Sleeve<\/strong> pour homme est une couche de base innovante et \u00e9cologique \u00e0 manches longues, fabriqu\u00e9e \u00e0 partir d&#8217;un fil polyamide biod\u00e9gradable associ\u00e9 \u00e0 du BIO Elastane. Jubilee Long Sleeve est con\u00e7u pour suivre tous vos mouvements comme une seconde peau, tandis que le syst\u00e8me de cartographie corporelle assure confort, \u00e9lasticit\u00e9 et respirabilit\u00e9 l\u00e0 o\u00f9 vous en avez le plus besoin.<\/p>\n<h3>Plus<\/h3>\n<p>+ \u00c9cologique<br \/>\n+ Construction sans coutures<br \/>\n+ Body-mapping avec zones d&#8217;isolation et de ventilation altern\u00e9es<br \/>\n+ Tissu absorbant<br \/>\n+ Tissu \u00e0 s\u00e9chage rapide<\/p>\n<p class=\"page-title\"><strong><span class=\"base\" data-ui-id=\"page-title-wrapper\">Jubilee <\/span><\/strong><strong> Long Sleeve <\/strong>est un v\u00eatement caract\u00e9ris\u00e9 par :<\/p>\n<ul>\n<li><strong>Respirabilit\u00e9 : <\/strong>Produits hautement respirants pour un excellent confort climatique.<\/li>\n<li><strong>\u00c9lasticit\u00e9 : <\/strong>V\u00eatements confortables et r\u00e9actifs qui garantissent une libert\u00e9 de mouvement maximale.<\/li>\n<li><strong>Coupe ajust\u00e9e : <\/strong>Coupe tr\u00e8s ajust\u00e9e pour des performances maximales en comp\u00e9tition.<\/li>\n<li><strong>L\u00e9g\u00e8ret\u00e9 : <\/strong>Produits qui maintiennent le poids au minimum.<\/li>\n<\/ul>\n<h3>Technologies utilis\u00e9es :<\/h3>\n<ul>\n<li><strong>&nbsp;Polygiene : <\/strong>La technologie antibact\u00e9rienne et anti-odeurs Polygiene\u00ae est un traitement durable, efficace et respectueux de l&#8217;environnement qui utilise des sels d&#8217;argent pour emp\u00eacher la formation de bact\u00e9ries responsables des mauvaises odeurs. Le r\u00e9sultat ? Vous pouvez porter vos v\u00eatements plus longtemps sans les laver. <\/li>\n<li><strong>L1 &#8211; Couche de base : <\/strong>Couche en contact direct avec la peau. Favorise l&#8217;\u00e9vacuation de la transpiration pour un meilleur confort thermique pendant l&#8217;activit\u00e9 physique.<\/li>\n<\/ul>\n<p>&nbsp;<\/p>\n<p>&nbsp;<\/p>\n<p>&nbsp;<\/p>\n","protected":false},"excerpt":{"rendered":"<p>Jubilee Long Sleeve pour homme est une couche de base innovante et \u00e9cologique \u00e0 manches longues, fabriqu\u00e9e \u00e0 partir d&#8217;un fil polyamide biod\u00e9gradable associ\u00e9 \u00e0 du BIO Elastane. Jubilee Long Sleeve est con\u00e7u pour suivre tous vos mouvements comme une seconde peau, tandis que le syst\u00e8me de cartographie corporelle assure confort, \u00e9lasticit\u00e9 et respirabilit\u00e9 l\u00e0 &hellip; <a href=\"https:\/\/www.miomiorun.com\/fr\/produit\/jubilee-long-sleeve-homme\/\">Continued<\/a><\/p>\n","protected":false},"featured_media":237516,"template":"","meta":{"_acf_changed":false,"inline_featured_image":false},"product_brand":[],"product_cat":[24478,24482,24484],"product_tag":[23597,23599],"class_list":{"0":"post-283748","1":"product","2":"type-product","3":"status-publish","4":"has-post-thumbnail","6":"product_cat-maillots-fr-2","7":"product_cat-vetements-pour-hommes-fr","8":"product_cat-homme","9":"product_tag-la-sportiva-fr","10":"product_tag-la-sportiva-homme","11":"pa_attivita-marcher","12":"pa_attivita-outdoor-fr","13":"pa_attivita-trail-fr","14":"pa_colore-jubilee-long-sleeve-m-sunset-moss-fr","15":"pa_marca-la-sportiva-fr","16":"pa_sesso-homme","17":"pa_size-medium-fr","19":"first","20":"instock","21":"sale","22":"taxable","23":"shipping-taxable","24":"purchasable","25":"product-type-variable","26":"wvs-archive-product-wrapper"},"acf":[],"yoast_head":"<!-- This site is optimized with the Yoast SEO plugin v26.8 - https:\/\/yoast.com\/product\/yoast-seo-wordpress\/ -->\n<title>La Sportiva Jubilee Long Sleeve homme - Maillot - MioMioRun<\/title>\n<meta name=\"description\" content=\"Jubilee Long Sleeve pour homme est une couche de base innovante \u00e0 manches longues, con\u00e7ue pour suivre tous vos mouvements. Confort, \u00e9lasticit\u00e9 et respirabilit\u00e9.\" \/>\n<meta name=\"robots\" content=\"index, follow, max-snippet:-1, max-image-preview:large, max-video-preview:-1\" \/>\n<link rel=\"canonical\" href=\"https:\/\/www.miomiorun.com\/fr\/produit\/jubilee-long-sleeve-homme\/\" \/>\n<meta property=\"og:locale\" content=\"fr_FR\" \/>\n<meta property=\"og:type\" content=\"article\" \/>\n<meta property=\"og:title\" content=\"La Sportiva Jubilee Long Sleeve homme - Maillot - MioMioRun\" \/>\n<meta property=\"og:description\" content=\"Jubilee Long Sleeve pour homme est une couche de base innovante \u00e0 manches longues, con\u00e7ue pour suivre tous vos mouvements. Confort, \u00e9lasticit\u00e9 et respirabilit\u00e9.\" \/>\n<meta property=\"og:url\" content=\"https:\/\/www.miomiorun.com\/fr\/produit\/jubilee-long-sleeve-homme\/\" \/>\n<meta property=\"og:site_name\" content=\"MioMioRun\" \/>\n<meta property=\"article:publisher\" content=\"https:\/\/www.facebook.com\/miomiorun\/\" \/>\n<meta property=\"article:modified_time\" content=\"2025-09-19T10:01:28+00:00\" \/>\n<meta property=\"og:image\" content=\"https:\/\/www.miomiorun.com\/app\/uploads\/2022\/09\/la-sportiva-jubilee-long-sleeve-M-sunset-moss-L48319723.jpg\" \/>\n\t<meta property=\"og:image:width\" content=\"600\" \/>\n\t<meta property=\"og:image:height\" content=\"600\" \/>\n\t<meta property=\"og:image:type\" content=\"image\/jpeg\" \/>\n<meta name=\"twitter:card\" content=\"summary_large_image\" \/>\n<meta name=\"twitter:label1\" content=\"Est. reading time\" \/>\n\t<meta name=\"twitter:data1\" content=\"1 minute\" \/>\n<script type=\"application\/ld+json\" class=\"yoast-schema-graph\">{\"@context\":\"https:\/\/schema.org\",\"@graph\":[{\"@type\":\"WebPage\",\"@id\":\"https:\/\/www.miomiorun.com\/fr\/produit\/jubilee-long-sleeve-homme\/\",\"url\":\"https:\/\/www.miomiorun.com\/fr\/produit\/jubilee-long-sleeve-homme\/\",\"name\":\"La Sportiva Jubilee Long Sleeve homme - Maillot - MioMioRun\",\"isPartOf\":{\"@id\":\"https:\/\/www.miomiorun.com\/fr\/#website\"},\"primaryImageOfPage\":{\"@id\":\"https:\/\/www.miomiorun.com\/fr\/produit\/jubilee-long-sleeve-homme\/#primaryimage\"},\"image\":{\"@id\":\"https:\/\/www.miomiorun.com\/fr\/produit\/jubilee-long-sleeve-homme\/#primaryimage\"},\"thumbnailUrl\":\"https:\/\/www.miomiorun.com\/app\/uploads\/2022\/09\/la-sportiva-jubilee-long-sleeve-M-sunset-moss-L48319723.jpg\",\"datePublished\":\"2022-09-09T16:35:00+00:00\",\"dateModified\":\"2025-09-19T10:01:28+00:00\",\"description\":\"Jubilee Long Sleeve pour homme est une couche de base innovante \u00e0 manches longues, con\u00e7ue pour suivre tous vos mouvements. Confort, \u00e9lasticit\u00e9 et respirabilit\u00e9.\",\"breadcrumb\":{\"@id\":\"https:\/\/www.miomiorun.com\/fr\/produit\/jubilee-long-sleeve-homme\/#breadcrumb\"},\"inLanguage\":\"fr-FR\",\"potentialAction\":[{\"@type\":\"ReadAction\",\"target\":[\"https:\/\/www.miomiorun.com\/fr\/produit\/jubilee-long-sleeve-homme\/\"]}]},{\"@type\":\"ImageObject\",\"inLanguage\":\"fr-FR\",\"@id\":\"https:\/\/www.miomiorun.com\/fr\/produit\/jubilee-long-sleeve-homme\/#primaryimage\",\"url\":\"https:\/\/www.miomiorun.com\/app\/uploads\/2022\/09\/la-sportiva-jubilee-long-sleeve-M-sunset-moss-L48319723.jpg\",\"contentUrl\":\"https:\/\/www.miomiorun.com\/app\/uploads\/2022\/09\/la-sportiva-jubilee-long-sleeve-M-sunset-moss-L48319723.jpg\",\"width\":600,\"height\":600,\"caption\":\"la-sportiva-jubilee-long-sleeve-M-sunset-moss-L48319723\"},{\"@type\":\"BreadcrumbList\",\"@id\":\"https:\/\/www.miomiorun.com\/fr\/produit\/jubilee-long-sleeve-homme\/#breadcrumb\",\"itemListElement\":[{\"@type\":\"ListItem\",\"position\":1,\"name\":\"Home\",\"item\":\"https:\/\/www.miomiorun.com\/fr\/home-page\/\"},{\"@type\":\"ListItem\",\"position\":2,\"name\":\"Shop\",\"item\":\"https:\/\/www.miomiorun.com\/shop\/\"},{\"@type\":\"ListItem\",\"position\":3,\"name\":\"Jubilee Long Sleeve homme\"}]},{\"@type\":\"WebSite\",\"@id\":\"https:\/\/www.miomiorun.com\/fr\/#website\",\"url\":\"https:\/\/www.miomiorun.com\/fr\/\",\"name\":\"MioMioRun\",\"description\":\"Boutique 100% running et trail\",\"publisher\":{\"@id\":\"https:\/\/www.miomiorun.com\/fr\/#organization\"},\"potentialAction\":[{\"@type\":\"SearchAction\",\"target\":{\"@type\":\"EntryPoint\",\"urlTemplate\":\"https:\/\/www.miomiorun.com\/fr\/?s={search_term_string}\"},\"query-input\":{\"@type\":\"PropertyValueSpecification\",\"valueRequired\":true,\"valueName\":\"search_term_string\"}}],\"inLanguage\":\"fr-FR\"},{\"@type\":\"Organization\",\"@id\":\"https:\/\/www.miomiorun.com\/fr\/#organization\",\"name\":\"MioMio Run\",\"url\":\"https:\/\/www.miomiorun.com\/fr\/\",\"logo\":{\"@type\":\"ImageObject\",\"inLanguage\":\"fr-FR\",\"@id\":\"https:\/\/www.miomiorun.com\/fr\/#\/schema\/logo\/image\/\",\"url\":\"https:\/\/www.miomiorun.com\/app\/uploads\/2019\/12\/logomio.png\",\"contentUrl\":\"https:\/\/www.miomiorun.com\/app\/uploads\/2019\/12\/logomio.png\",\"width\":115,\"height\":82,\"caption\":\"MioMio Run\"},\"image\":{\"@id\":\"https:\/\/www.miomiorun.com\/fr\/#\/schema\/logo\/image\/\"},\"sameAs\":[\"https:\/\/www.facebook.com\/miomiorun\/\",\"https:\/\/www.instagram.com\/miomiorun\/\"]}]}<\/script>\n<!-- \/ Yoast SEO plugin. -->","yoast_head_json":{"title":"La Sportiva Jubilee Long Sleeve homme - Maillot - MioMioRun","description":"Jubilee Long Sleeve pour homme est une couche de base innovante \u00e0 manches longues, con\u00e7ue pour suivre tous vos mouvements. Confort, \u00e9lasticit\u00e9 et respirabilit\u00e9.","robots":{"index":"index","follow":"follow","max-snippet":"max-snippet:-1","max-image-preview":"max-image-preview:large","max-video-preview":"max-video-preview:-1"},"canonical":"https:\/\/www.miomiorun.com\/fr\/produit\/jubilee-long-sleeve-homme\/","og_locale":"fr_FR","og_type":"article","og_title":"La Sportiva Jubilee Long Sleeve homme - Maillot - MioMioRun","og_description":"Jubilee Long Sleeve pour homme est une couche de base innovante \u00e0 manches longues, con\u00e7ue pour suivre tous vos mouvements. Confort, \u00e9lasticit\u00e9 et respirabilit\u00e9.","og_url":"https:\/\/www.miomiorun.com\/fr\/produit\/jubilee-long-sleeve-homme\/","og_site_name":"MioMioRun","article_publisher":"https:\/\/www.facebook.com\/miomiorun\/","article_modified_time":"2025-09-19T10:01:28+00:00","og_image":[{"width":600,"height":600,"url":"https:\/\/www.miomiorun.com\/app\/uploads\/2022\/09\/la-sportiva-jubilee-long-sleeve-M-sunset-moss-L48319723.jpg","type":"image\/jpeg"}],"twitter_card":"summary_large_image","twitter_misc":{"Est. reading time":"1 minute"},"schema":{"@context":"https:\/\/schema.org","@graph":[{"@type":"WebPage","@id":"https:\/\/www.miomiorun.com\/fr\/produit\/jubilee-long-sleeve-homme\/","url":"https:\/\/www.miomiorun.com\/fr\/produit\/jubilee-long-sleeve-homme\/","name":"La Sportiva Jubilee Long Sleeve homme - Maillot - MioMioRun","isPartOf":{"@id":"https:\/\/www.miomiorun.com\/fr\/#website"},"primaryImageOfPage":{"@id":"https:\/\/www.miomiorun.com\/fr\/produit\/jubilee-long-sleeve-homme\/#primaryimage"},"image":{"@id":"https:\/\/www.miomiorun.com\/fr\/produit\/jubilee-long-sleeve-homme\/#primaryimage"},"thumbnailUrl":"https:\/\/www.miomiorun.com\/app\/uploads\/2022\/09\/la-sportiva-jubilee-long-sleeve-M-sunset-moss-L48319723.jpg","datePublished":"2022-09-09T16:35:00+00:00","dateModified":"2025-09-19T10:01:28+00:00","description":"Jubilee Long Sleeve pour homme est une couche de base innovante \u00e0 manches longues, con\u00e7ue pour suivre tous vos mouvements. Confort, \u00e9lasticit\u00e9 et respirabilit\u00e9.","breadcrumb":{"@id":"https:\/\/www.miomiorun.com\/fr\/produit\/jubilee-long-sleeve-homme\/#breadcrumb"},"inLanguage":"fr-FR","potentialAction":[{"@type":"ReadAction","target":["https:\/\/www.miomiorun.com\/fr\/produit\/jubilee-long-sleeve-homme\/"]}]},{"@type":"ImageObject","inLanguage":"fr-FR","@id":"https:\/\/www.miomiorun.com\/fr\/produit\/jubilee-long-sleeve-homme\/#primaryimage","url":"https:\/\/www.miomiorun.com\/app\/uploads\/2022\/09\/la-sportiva-jubilee-long-sleeve-M-sunset-moss-L48319723.jpg","contentUrl":"https:\/\/www.miomiorun.com\/app\/uploads\/2022\/09\/la-sportiva-jubilee-long-sleeve-M-sunset-moss-L48319723.jpg","width":600,"height":600,"caption":"la-sportiva-jubilee-long-sleeve-M-sunset-moss-L48319723"},{"@type":"BreadcrumbList","@id":"https:\/\/www.miomiorun.com\/fr\/produit\/jubilee-long-sleeve-homme\/#breadcrumb","itemListElement":[{"@type":"ListItem","position":1,"name":"Home","item":"https:\/\/www.miomiorun.com\/fr\/home-page\/"},{"@type":"ListItem","position":2,"name":"Shop","item":"https:\/\/www.miomiorun.com\/shop\/"},{"@type":"ListItem","position":3,"name":"Jubilee Long Sleeve homme"}]},{"@type":"WebSite","@id":"https:\/\/www.miomiorun.com\/fr\/#website","url":"https:\/\/www.miomiorun.com\/fr\/","name":"MioMioRun","description":"Boutique 100% running et trail","publisher":{"@id":"https:\/\/www.miomiorun.com\/fr\/#organization"},"potentialAction":[{"@type":"SearchAction","target":{"@type":"EntryPoint","urlTemplate":"https:\/\/www.miomiorun.com\/fr\/?s={search_term_string}"},"query-input":{"@type":"PropertyValueSpecification","valueRequired":true,"valueName":"search_term_string"}}],"inLanguage":"fr-FR"},{"@type":"Organization","@id":"https:\/\/www.miomiorun.com\/fr\/#organization","name":"MioMio Run","url":"https:\/\/www.miomiorun.com\/fr\/","logo":{"@type":"ImageObject","inLanguage":"fr-FR","@id":"https:\/\/www.miomiorun.com\/fr\/#\/schema\/logo\/image\/","url":"https:\/\/www.miomiorun.com\/app\/uploads\/2019\/12\/logomio.png","contentUrl":"https:\/\/www.miomiorun.com\/app\/uploads\/2019\/12\/logomio.png","width":115,"height":82,"caption":"MioMio Run"},"image":{"@id":"https:\/\/www.miomiorun.com\/fr\/#\/schema\/logo\/image\/"},"sameAs":["https:\/\/www.facebook.com\/miomiorun\/","https:\/\/www.instagram.com\/miomiorun\/"]}]}},"_links":{"self":[{"href":"https:\/\/www.miomiorun.com\/fr\/wp-json\/wp\/v2\/product\/283748","targetHints":{"allow":["GET"]}}],"collection":[{"href":"https:\/\/www.miomiorun.com\/fr\/wp-json\/wp\/v2\/product"}],"about":[{"href":"https:\/\/www.miomiorun.com\/fr\/wp-json\/wp\/v2\/types\/product"}],"wp:featuredmedia":[{"embeddable":true,"href":"https:\/\/www.miomiorun.com\/fr\/wp-json\/wp\/v2\/media\/237516"}],"wp:attachment":[{"href":"https:\/\/www.miomiorun.com\/fr\/wp-json\/wp\/v2\/media?parent=283748"}],"wp:term":[{"taxonomy":"product_brand","embeddable":true,"href":"https:\/\/www.miomiorun.com\/fr\/wp-json\/wp\/v2\/product_brand?post=283748"},{"taxonomy":"product_cat","embeddable":true,"href":"https:\/\/www.miomiorun.com\/fr\/wp-json\/wp\/v2\/product_cat?post=283748"},{"taxonomy":"product_tag","embeddable":true,"href":"https:\/\/www.miomiorun.com\/fr\/wp-json\/wp\/v2\/product_tag?post=283748"}],"curies":[{"name":"wp","href":"https:\/\/api.w.org\/{rel}","templated":true}]}}