{"id":283723,"date":"2022-09-15T11:05:50","date_gmt":"2022-09-15T09:05:50","guid":{"rendered":"https:\/\/miomiorun.com\/prodotto\/run-visible-insulated-vest-uomo\/"},"modified":"2025-09-19T12:12:43","modified_gmt":"2025-09-19T10:12:43","slug":"run-visible-insulated-vest-homme","status":"publish","type":"product","link":"https:\/\/www.miomiorun.com\/fr\/produit\/run-visible-insulated-vest-homme\/","title":{"rendered":"Run Visible Insulated Vest homme"},"content":{"rendered":"<h3 class=\"tw-data-text tw-text-large XcVN5d tw-ta\" dir=\"ltr\" data-placeholder=\"Traduzione\">Toute la chaleur d&#8217;une veste isolante, mais sans risque de surchauffe.<\/h3>\n<p class=\"tw-data-text tw-text-large XcVN5d tw-ta\" dir=\"ltr\" data-placeholder=\"Traduzione\">La veste isolante <strong>Run Visible<\/strong> pour homme offre chaleur et protection cibl\u00e9e contre les intemp\u00e9ries, ainsi que des caract\u00e9ristiques haute visibilit\u00e9 pour aider les automobilistes \u00e0 vous voir dans l&#8217;obscurit\u00e9.<\/p>\n<p dir=\"ltr\" data-placeholder=\"Traduzione\"><strong>ID\u00c9AL POUR :<\/strong><\/p>\n<p dir=\"ltr\" data-placeholder=\"Traduzione\"><img loading=\"lazy\" decoding=\"async\" class=\"a-responsive-image__img\" src=\"https:\/\/www.brooksrunning.com\/on\/demandware.static\/-\/Sites-brooks-master-catalog\/default\/dw568ee9ad\/specs\/PDP-BestFor-FTW-APP-Visible-In-The-Dark.svg\" alt=\"\" width=\"40\" height=\"40\"> Courir dans l&#8217;obscurit\u00e9.<\/p>\n<p dir=\"ltr\" data-placeholder=\"Traduzione\"><img loading=\"lazy\" decoding=\"async\" class=\"a-responsive-image__img\" src=\"https:\/\/www.brooksrunning.com\/on\/demandware.static\/-\/Sites-brooks-master-catalog\/default\/dw76d19a15\/specs\/PDP-BestFor-APP-Warmth.svg\" alt=\"\" width=\"40\" height=\"40\"> Basses temp\u00e9ratures .<\/p>\n<p><strong>CARACT\u00c9RISTIQUES :<\/strong><\/p>\n<ul>\n<li>Visible dans l&#8217;obscurit\u00e9<\/li>\n<li>R\u00e9sistant \u00e0 la chaleur et aux intemp\u00e9ries<\/li>\n<li>Espace de rangement pratique pour vos affaires<\/li>\n<\/ul>\n","protected":false},"excerpt":{"rendered":"<ul class=\"m-long-description__features\">\n<li class=\"m-long-description__feature\">Visible dans l&#8217;obscurit\u00e9<\/li>\n<li class=\"m-long-description__feature\">R\u00e9sistant \u00e0 la chaleur et aux intemp\u00e9ries<\/li>\n<li class=\"m-long-description__feature\">Espace pratique pour ranger le n\u00e9cessaire<\/li>\n<\/ul>\n","protected":false},"featured_media":237730,"template":"","meta":{"_acf_changed":false,"inline_featured_image":false},"product_brand":[],"product_cat":[24487,24430],"product_tag":[23462,23655],"class_list":{"0":"post-283723","1":"product","2":"type-product","3":"status-publish","4":"has-post-thumbnail","6":"product_cat-vestes-fr-3","7":"product_cat-vetements-pour-hommes","8":"product_tag-brooks-fr","9":"product_tag-brooks-homme","10":"pa_attivita-marcher","11":"pa_attivita-running-fr","12":"pa_colore-run-visible-insulated-vest-white-asphalt-fr","13":"pa_marca-brooks-fr","14":"pa_sesso-homme","15":"pa_size-small-fr","16":"pa_size-large-fr","18":"first","19":"instock","20":"sale","21":"taxable","22":"shipping-taxable","23":"purchasable","24":"product-type-variable","25":"wvs-archive-product-wrapper"},"acf":[],"yoast_head":"<!-- This site is optimized with the Yoast SEO plugin v26.8 - https:\/\/yoast.com\/product\/yoast-seo-wordpress\/ -->\n<title>Brooks Run Visible Insulated Vest homme - Gilet de course- MioMioRun<\/title>\n<meta name=\"description\" content=\"Le gilet isolant Run Visible dans sa version pour homme offre chaleur et protection cibl\u00e9e contre les intemp\u00e9ries, ainsi qu&#039;une grande visibilit\u00e9 pour \u00eatre vu.\" \/>\n<meta name=\"robots\" content=\"index, follow, max-snippet:-1, max-image-preview:large, max-video-preview:-1\" \/>\n<link rel=\"canonical\" href=\"https:\/\/www.miomiorun.com\/fr\/produit\/run-visible-insulated-vest-homme\/\" \/>\n<meta property=\"og:locale\" content=\"fr_FR\" \/>\n<meta property=\"og:type\" content=\"article\" \/>\n<meta property=\"og:title\" content=\"Brooks Run Visible Insulated Vest homme - Gilet de course- MioMioRun\" \/>\n<meta property=\"og:description\" content=\"Le gilet isolant Run Visible dans sa version pour homme offre chaleur et protection cibl\u00e9e contre les intemp\u00e9ries, ainsi qu&#039;une grande visibilit\u00e9 pour \u00eatre vu.\" \/>\n<meta property=\"og:url\" content=\"https:\/\/www.miomiorun.com\/fr\/produit\/run-visible-insulated-vest-homme\/\" \/>\n<meta property=\"og:site_name\" content=\"MioMioRun\" \/>\n<meta property=\"article:publisher\" content=\"https:\/\/www.facebook.com\/miomiorun\/\" \/>\n<meta property=\"article:modified_time\" content=\"2025-09-19T10:12:43+00:00\" \/>\n<meta property=\"og:image\" content=\"https:\/\/www.miomiorun.com\/app\/uploads\/2022\/09\/brooks-Run-visible-insulated-vest-white-asphalt-211407134.jpg\" \/>\n\t<meta property=\"og:image:width\" content=\"600\" \/>\n\t<meta property=\"og:image:height\" content=\"600\" \/>\n\t<meta property=\"og:image:type\" content=\"image\/jpeg\" \/>\n<meta name=\"twitter:card\" content=\"summary_large_image\" \/>\n<script type=\"application\/ld+json\" class=\"yoast-schema-graph\">{\"@context\":\"https:\/\/schema.org\",\"@graph\":[{\"@type\":\"WebPage\",\"@id\":\"https:\/\/www.miomiorun.com\/fr\/produit\/run-visible-insulated-vest-homme\/\",\"url\":\"https:\/\/www.miomiorun.com\/fr\/produit\/run-visible-insulated-vest-homme\/\",\"name\":\"Brooks Run Visible Insulated Vest homme - Gilet de course- MioMioRun\",\"isPartOf\":{\"@id\":\"https:\/\/www.miomiorun.com\/fr\/#website\"},\"primaryImageOfPage\":{\"@id\":\"https:\/\/www.miomiorun.com\/fr\/produit\/run-visible-insulated-vest-homme\/#primaryimage\"},\"image\":{\"@id\":\"https:\/\/www.miomiorun.com\/fr\/produit\/run-visible-insulated-vest-homme\/#primaryimage\"},\"thumbnailUrl\":\"https:\/\/www.miomiorun.com\/app\/uploads\/2022\/09\/brooks-Run-visible-insulated-vest-white-asphalt-211407134.jpg\",\"datePublished\":\"2022-09-15T09:05:50+00:00\",\"dateModified\":\"2025-09-19T10:12:43+00:00\",\"description\":\"Le gilet isolant Run Visible dans sa version pour homme offre chaleur et protection cibl\u00e9e contre les intemp\u00e9ries, ainsi qu'une grande visibilit\u00e9 pour \u00eatre vu.\",\"breadcrumb\":{\"@id\":\"https:\/\/www.miomiorun.com\/fr\/produit\/run-visible-insulated-vest-homme\/#breadcrumb\"},\"inLanguage\":\"fr-FR\",\"potentialAction\":[{\"@type\":\"ReadAction\",\"target\":[\"https:\/\/www.miomiorun.com\/fr\/produit\/run-visible-insulated-vest-homme\/\"]}]},{\"@type\":\"ImageObject\",\"inLanguage\":\"fr-FR\",\"@id\":\"https:\/\/www.miomiorun.com\/fr\/produit\/run-visible-insulated-vest-homme\/#primaryimage\",\"url\":\"https:\/\/www.miomiorun.com\/app\/uploads\/2022\/09\/brooks-Run-visible-insulated-vest-white-asphalt-211407134.jpg\",\"contentUrl\":\"https:\/\/www.miomiorun.com\/app\/uploads\/2022\/09\/brooks-Run-visible-insulated-vest-white-asphalt-211407134.jpg\",\"width\":600,\"height\":600,\"caption\":\"brooks-Run-visible-insulated-vest-white-asphalt-211407134\"},{\"@type\":\"BreadcrumbList\",\"@id\":\"https:\/\/www.miomiorun.com\/fr\/produit\/run-visible-insulated-vest-homme\/#breadcrumb\",\"itemListElement\":[{\"@type\":\"ListItem\",\"position\":1,\"name\":\"Home\",\"item\":\"https:\/\/www.miomiorun.com\/fr\/home-page\/\"},{\"@type\":\"ListItem\",\"position\":2,\"name\":\"Shop\",\"item\":\"https:\/\/www.miomiorun.com\/shop\/\"},{\"@type\":\"ListItem\",\"position\":3,\"name\":\"Run Visible Insulated Vest homme\"}]},{\"@type\":\"WebSite\",\"@id\":\"https:\/\/www.miomiorun.com\/fr\/#website\",\"url\":\"https:\/\/www.miomiorun.com\/fr\/\",\"name\":\"MioMioRun\",\"description\":\"Boutique 100% running et trail\",\"publisher\":{\"@id\":\"https:\/\/www.miomiorun.com\/fr\/#organization\"},\"potentialAction\":[{\"@type\":\"SearchAction\",\"target\":{\"@type\":\"EntryPoint\",\"urlTemplate\":\"https:\/\/www.miomiorun.com\/fr\/?s={search_term_string}\"},\"query-input\":{\"@type\":\"PropertyValueSpecification\",\"valueRequired\":true,\"valueName\":\"search_term_string\"}}],\"inLanguage\":\"fr-FR\"},{\"@type\":\"Organization\",\"@id\":\"https:\/\/www.miomiorun.com\/fr\/#organization\",\"name\":\"MioMio Run\",\"url\":\"https:\/\/www.miomiorun.com\/fr\/\",\"logo\":{\"@type\":\"ImageObject\",\"inLanguage\":\"fr-FR\",\"@id\":\"https:\/\/www.miomiorun.com\/fr\/#\/schema\/logo\/image\/\",\"url\":\"https:\/\/www.miomiorun.com\/app\/uploads\/2019\/12\/logomio.png\",\"contentUrl\":\"https:\/\/www.miomiorun.com\/app\/uploads\/2019\/12\/logomio.png\",\"width\":115,\"height\":82,\"caption\":\"MioMio Run\"},\"image\":{\"@id\":\"https:\/\/www.miomiorun.com\/fr\/#\/schema\/logo\/image\/\"},\"sameAs\":[\"https:\/\/www.facebook.com\/miomiorun\/\",\"https:\/\/www.instagram.com\/miomiorun\/\"]}]}<\/script>\n<!-- \/ Yoast SEO plugin. -->","yoast_head_json":{"title":"Brooks Run Visible Insulated Vest homme - Gilet de course- MioMioRun","description":"Le gilet isolant Run Visible dans sa version pour homme offre chaleur et protection cibl\u00e9e contre les intemp\u00e9ries, ainsi qu'une grande visibilit\u00e9 pour \u00eatre vu.","robots":{"index":"index","follow":"follow","max-snippet":"max-snippet:-1","max-image-preview":"max-image-preview:large","max-video-preview":"max-video-preview:-1"},"canonical":"https:\/\/www.miomiorun.com\/fr\/produit\/run-visible-insulated-vest-homme\/","og_locale":"fr_FR","og_type":"article","og_title":"Brooks Run Visible Insulated Vest homme - Gilet de course- MioMioRun","og_description":"Le gilet isolant Run Visible dans sa version pour homme offre chaleur et protection cibl\u00e9e contre les intemp\u00e9ries, ainsi qu'une grande visibilit\u00e9 pour \u00eatre vu.","og_url":"https:\/\/www.miomiorun.com\/fr\/produit\/run-visible-insulated-vest-homme\/","og_site_name":"MioMioRun","article_publisher":"https:\/\/www.facebook.com\/miomiorun\/","article_modified_time":"2025-09-19T10:12:43+00:00","og_image":[{"width":600,"height":600,"url":"https:\/\/www.miomiorun.com\/app\/uploads\/2022\/09\/brooks-Run-visible-insulated-vest-white-asphalt-211407134.jpg","type":"image\/jpeg"}],"twitter_card":"summary_large_image","schema":{"@context":"https:\/\/schema.org","@graph":[{"@type":"WebPage","@id":"https:\/\/www.miomiorun.com\/fr\/produit\/run-visible-insulated-vest-homme\/","url":"https:\/\/www.miomiorun.com\/fr\/produit\/run-visible-insulated-vest-homme\/","name":"Brooks Run Visible Insulated Vest homme - Gilet de course- MioMioRun","isPartOf":{"@id":"https:\/\/www.miomiorun.com\/fr\/#website"},"primaryImageOfPage":{"@id":"https:\/\/www.miomiorun.com\/fr\/produit\/run-visible-insulated-vest-homme\/#primaryimage"},"image":{"@id":"https:\/\/www.miomiorun.com\/fr\/produit\/run-visible-insulated-vest-homme\/#primaryimage"},"thumbnailUrl":"https:\/\/www.miomiorun.com\/app\/uploads\/2022\/09\/brooks-Run-visible-insulated-vest-white-asphalt-211407134.jpg","datePublished":"2022-09-15T09:05:50+00:00","dateModified":"2025-09-19T10:12:43+00:00","description":"Le gilet isolant Run Visible dans sa version pour homme offre chaleur et protection cibl\u00e9e contre les intemp\u00e9ries, ainsi qu'une grande visibilit\u00e9 pour \u00eatre vu.","breadcrumb":{"@id":"https:\/\/www.miomiorun.com\/fr\/produit\/run-visible-insulated-vest-homme\/#breadcrumb"},"inLanguage":"fr-FR","potentialAction":[{"@type":"ReadAction","target":["https:\/\/www.miomiorun.com\/fr\/produit\/run-visible-insulated-vest-homme\/"]}]},{"@type":"ImageObject","inLanguage":"fr-FR","@id":"https:\/\/www.miomiorun.com\/fr\/produit\/run-visible-insulated-vest-homme\/#primaryimage","url":"https:\/\/www.miomiorun.com\/app\/uploads\/2022\/09\/brooks-Run-visible-insulated-vest-white-asphalt-211407134.jpg","contentUrl":"https:\/\/www.miomiorun.com\/app\/uploads\/2022\/09\/brooks-Run-visible-insulated-vest-white-asphalt-211407134.jpg","width":600,"height":600,"caption":"brooks-Run-visible-insulated-vest-white-asphalt-211407134"},{"@type":"BreadcrumbList","@id":"https:\/\/www.miomiorun.com\/fr\/produit\/run-visible-insulated-vest-homme\/#breadcrumb","itemListElement":[{"@type":"ListItem","position":1,"name":"Home","item":"https:\/\/www.miomiorun.com\/fr\/home-page\/"},{"@type":"ListItem","position":2,"name":"Shop","item":"https:\/\/www.miomiorun.com\/shop\/"},{"@type":"ListItem","position":3,"name":"Run Visible Insulated Vest homme"}]},{"@type":"WebSite","@id":"https:\/\/www.miomiorun.com\/fr\/#website","url":"https:\/\/www.miomiorun.com\/fr\/","name":"MioMioRun","description":"Boutique 100% running et trail","publisher":{"@id":"https:\/\/www.miomiorun.com\/fr\/#organization"},"potentialAction":[{"@type":"SearchAction","target":{"@type":"EntryPoint","urlTemplate":"https:\/\/www.miomiorun.com\/fr\/?s={search_term_string}"},"query-input":{"@type":"PropertyValueSpecification","valueRequired":true,"valueName":"search_term_string"}}],"inLanguage":"fr-FR"},{"@type":"Organization","@id":"https:\/\/www.miomiorun.com\/fr\/#organization","name":"MioMio Run","url":"https:\/\/www.miomiorun.com\/fr\/","logo":{"@type":"ImageObject","inLanguage":"fr-FR","@id":"https:\/\/www.miomiorun.com\/fr\/#\/schema\/logo\/image\/","url":"https:\/\/www.miomiorun.com\/app\/uploads\/2019\/12\/logomio.png","contentUrl":"https:\/\/www.miomiorun.com\/app\/uploads\/2019\/12\/logomio.png","width":115,"height":82,"caption":"MioMio Run"},"image":{"@id":"https:\/\/www.miomiorun.com\/fr\/#\/schema\/logo\/image\/"},"sameAs":["https:\/\/www.facebook.com\/miomiorun\/","https:\/\/www.instagram.com\/miomiorun\/"]}]}},"_links":{"self":[{"href":"https:\/\/www.miomiorun.com\/fr\/wp-json\/wp\/v2\/product\/283723","targetHints":{"allow":["GET"]}}],"collection":[{"href":"https:\/\/www.miomiorun.com\/fr\/wp-json\/wp\/v2\/product"}],"about":[{"href":"https:\/\/www.miomiorun.com\/fr\/wp-json\/wp\/v2\/types\/product"}],"wp:featuredmedia":[{"embeddable":true,"href":"https:\/\/www.miomiorun.com\/fr\/wp-json\/wp\/v2\/media\/237730"}],"wp:attachment":[{"href":"https:\/\/www.miomiorun.com\/fr\/wp-json\/wp\/v2\/media?parent=283723"}],"wp:term":[{"taxonomy":"product_brand","embeddable":true,"href":"https:\/\/www.miomiorun.com\/fr\/wp-json\/wp\/v2\/product_brand?post=283723"},{"taxonomy":"product_cat","embeddable":true,"href":"https:\/\/www.miomiorun.com\/fr\/wp-json\/wp\/v2\/product_cat?post=283723"},{"taxonomy":"product_tag","embeddable":true,"href":"https:\/\/www.miomiorun.com\/fr\/wp-json\/wp\/v2\/product_tag?post=283723"}],"curies":[{"name":"wp","href":"https:\/\/api.w.org\/{rel}","templated":true}]}}