{"id":283692,"date":"2022-09-15T12:03:50","date_gmt":"2022-09-15T10:03:50","guid":{"rendered":"https:\/\/miomiorun.com\/prodotto\/chaser-hat\/"},"modified":"2025-09-19T12:27:21","modified_gmt":"2025-09-19T10:27:21","slug":"chaser-hat","status":"publish","type":"product","link":"https:\/\/www.miomiorun.com\/fr\/produit\/chaser-hat\/","title":{"rendered":"Chaser Hat"},"content":{"rendered":"<p>Cette casquette de course <strong>Chaser<\/strong> offre une protection confortable gr\u00e2ce \u00e0 son tissu l\u00e9ger et respirant et \u00e0 son indice de protection solaire <strong>UPF 30<\/strong>.<\/p>\n<p><strong>ID\u00c9ALE POUR :<\/strong><\/p>\n<p><img loading=\"lazy\" decoding=\"async\" class=\"a-responsive-image__img\" src=\"https:\/\/www.brooksrunning.com\/on\/demandware.static\/-\/Sites-brooks-master-catalog\/default\/dw01d6cf2f\/specs\/PDP-BestFor-APP-UPF.svg\" alt=\"\" width=\"40\" height=\"40\">&nbsp; Protection UPF.<\/p>\n<p><img loading=\"lazy\" decoding=\"async\" class=\"a-responsive-image__img\" src=\"https:\/\/www.brooksrunning.com\/on\/demandware.static\/-\/Sites-brooks-master-catalog\/default\/dwd71c810b\/specs\/PDP-BestFor-APP-Quick-Dry.svg\" alt=\"\" width=\"40\" height=\"40\"> S\u00e9chage rapide .<\/p>\n<p><strong>CARACT\u00c9RISTIQUES :<\/strong><\/p>\n<ul class=\"m-long-description__features\">\n<li class=\"m-long-description__feature\">S\u00e9chage rapide<\/li>\n<li class=\"m-long-description__feature\">Ajustement r\u00e9glable<\/li>\n<li class=\"m-long-description__feature\">UPF 30<\/li>\n<\/ul>\n<div class=\"o-feature-callout__feature-copy\">\n<h2 class=\"a-type-h4 o-feature-callout__feature-eyebrow\">Allez vite. En toute fra\u00eecheur.<\/h2>\n<h3 class=\"a-type-h3--big o-feature-callout__feature-header\">S\u00e9chage rapide<\/h3>\n<p class=\"a-type-p o-feature-callout__feature-body\">Le tissu DriLayer\u00ae \u00e0 s\u00e9chage rapide et la bande int\u00e9rieure respirante vous offrent un grand confort et une grande fra\u00eecheur.<\/p>\n<ul class=\"o-feature-callout__feature-list\">\n<li class=\"a-type-p o-feature-callout__feature-list-item\"><span class=\"a-type-p o-feature-callout__feature-list-item-text\">Les d\u00e9tails r\u00e9fl\u00e9chissants vous rendent plus visible<\/span><\/li>\n<\/ul>\n<div class=\"o-feature-callout__feature-copy\">\n<h2 class=\"a-type-h4 o-feature-callout__feature-eyebrow\">Sur mesure pour vous<\/h2>\n<h3 class=\"a-type-h3--big o-feature-callout__feature-header\">Coupe personnalis\u00e9e<\/h3>\n<p class=\"a-type-p o-feature-callout__feature-body\">La fermeture arri\u00e8re r\u00e9glable vous permet d&#8217;ajuster la casquette comme vous le souhaitez. <\/p>\n<div class=\"o-feature-callout__feature-copy\">\n<h2 class=\"a-type-h4 o-feature-callout__feature-eyebrow\">\u00c9cran solaire int\u00e9gr\u00e9<\/h2>\n<h3 class=\"a-type-h3--big o-feature-callout__feature-header\">UPF 30<\/h3>\n<p class=\"a-type-p o-feature-callout__feature-body\">La protection solaire UPF 30 emp\u00eache les rayons UV d&#8217;atteindre la peau. <\/p>\n<\/div>\n<\/div>\n<\/div>\n","protected":false},"excerpt":{"rendered":"<ul class=\"m-long-description__features\">\n<li class=\"m-long-description__feature\">S\u00e9chage rapide<\/li>\n<li class=\"m-long-description__feature\">Coupe ajustable<\/li>\n<li class=\"m-long-description__feature\">UPF 30<\/li>\n<\/ul>\n","protected":false},"featured_media":237800,"template":"","meta":{"_acf_changed":false,"inline_featured_image":false},"product_brand":[],"product_cat":[22580,22579,22538],"product_tag":[23462],"class_list":{"0":"post-283692","1":"product","2":"type-product","3":"status-publish","4":"has-post-thumbnail","6":"product_cat-chapeaux-casquettes","7":"product_cat-chauffage","8":"product_cat-accessoires","9":"product_tag-brooks-fr","10":"pa_attivita-marcher","11":"pa_attivita-running-fr","12":"pa_colore-chaser-hat-white-nightlife-fr","13":"pa_marca-brooks-fr","14":"pa_sesso-femme","15":"pa_sesso-homme","17":"first","18":"instock","19":"sale","20":"taxable","21":"shipping-taxable","22":"purchasable","23":"product-type-variable","24":"wvs-archive-product-wrapper"},"acf":[],"yoast_head":"<!-- This site is optimized with the Yoast SEO plugin v26.8 - https:\/\/yoast.com\/product\/yoast-seo-wordpress\/ -->\n<title>Brooks Chaser Hat - chapeau de course- MioMioRun.com<\/title>\n<meta name=\"description\" content=\"Cette casquette de course Chaser offre une protection confortable gr\u00e2ce \u00e0 son tissu l\u00e9ger et respirant et \u00e0 son indice de protection solaire UPF 30.\" \/>\n<meta name=\"robots\" content=\"index, follow, max-snippet:-1, max-image-preview:large, max-video-preview:-1\" \/>\n<link rel=\"canonical\" href=\"https:\/\/www.miomiorun.com\/fr\/produit\/chaser-hat\/\" \/>\n<meta property=\"og:locale\" content=\"fr_FR\" \/>\n<meta property=\"og:type\" content=\"article\" \/>\n<meta property=\"og:title\" content=\"Brooks Chaser Hat - chapeau de course- MioMioRun.com\" \/>\n<meta property=\"og:description\" content=\"Cette casquette de course Chaser offre une protection confortable gr\u00e2ce \u00e0 son tissu l\u00e9ger et respirant et \u00e0 son indice de protection solaire UPF 30.\" \/>\n<meta property=\"og:url\" content=\"https:\/\/www.miomiorun.com\/fr\/produit\/chaser-hat\/\" \/>\n<meta property=\"og:site_name\" content=\"MioMioRun\" \/>\n<meta property=\"article:publisher\" content=\"https:\/\/www.facebook.com\/miomiorun\/\" \/>\n<meta property=\"article:modified_time\" content=\"2025-09-19T10:27:21+00:00\" \/>\n<meta property=\"og:image\" content=\"https:\/\/www.miomiorun.com\/app\/uploads\/2022\/09\/brooks-Chaser-hat-white-nightlife-280456135.jpg\" \/>\n\t<meta property=\"og:image:width\" content=\"600\" \/>\n\t<meta property=\"og:image:height\" content=\"600\" \/>\n\t<meta property=\"og:image:type\" content=\"image\/jpeg\" \/>\n<meta name=\"twitter:card\" content=\"summary_large_image\" \/>\n<meta name=\"twitter:label1\" content=\"Est. reading time\" \/>\n\t<meta name=\"twitter:data1\" content=\"1 minute\" \/>\n<script type=\"application\/ld+json\" class=\"yoast-schema-graph\">{\"@context\":\"https:\/\/schema.org\",\"@graph\":[{\"@type\":\"WebPage\",\"@id\":\"https:\/\/www.miomiorun.com\/fr\/produit\/chaser-hat\/\",\"url\":\"https:\/\/www.miomiorun.com\/fr\/produit\/chaser-hat\/\",\"name\":\"Brooks Chaser Hat - chapeau de course- MioMioRun.com\",\"isPartOf\":{\"@id\":\"https:\/\/www.miomiorun.com\/fr\/#website\"},\"primaryImageOfPage\":{\"@id\":\"https:\/\/www.miomiorun.com\/fr\/produit\/chaser-hat\/#primaryimage\"},\"image\":{\"@id\":\"https:\/\/www.miomiorun.com\/fr\/produit\/chaser-hat\/#primaryimage\"},\"thumbnailUrl\":\"https:\/\/www.miomiorun.com\/app\/uploads\/2022\/09\/brooks-Chaser-hat-white-nightlife-280456135.jpg\",\"datePublished\":\"2022-09-15T10:03:50+00:00\",\"dateModified\":\"2025-09-19T10:27:21+00:00\",\"description\":\"Cette casquette de course Chaser offre une protection confortable gr\u00e2ce \u00e0 son tissu l\u00e9ger et respirant et \u00e0 son indice de protection solaire UPF 30.\",\"breadcrumb\":{\"@id\":\"https:\/\/www.miomiorun.com\/fr\/produit\/chaser-hat\/#breadcrumb\"},\"inLanguage\":\"fr-FR\",\"potentialAction\":[{\"@type\":\"ReadAction\",\"target\":[\"https:\/\/www.miomiorun.com\/fr\/produit\/chaser-hat\/\"]}]},{\"@type\":\"ImageObject\",\"inLanguage\":\"fr-FR\",\"@id\":\"https:\/\/www.miomiorun.com\/fr\/produit\/chaser-hat\/#primaryimage\",\"url\":\"https:\/\/www.miomiorun.com\/app\/uploads\/2022\/09\/brooks-Chaser-hat-white-nightlife-280456135.jpg\",\"contentUrl\":\"https:\/\/www.miomiorun.com\/app\/uploads\/2022\/09\/brooks-Chaser-hat-white-nightlife-280456135.jpg\",\"width\":600,\"height\":600,\"caption\":\"brooks-Chaser-hat-white-nightlife-280456135\"},{\"@type\":\"BreadcrumbList\",\"@id\":\"https:\/\/www.miomiorun.com\/fr\/produit\/chaser-hat\/#breadcrumb\",\"itemListElement\":[{\"@type\":\"ListItem\",\"position\":1,\"name\":\"Home\",\"item\":\"https:\/\/www.miomiorun.com\/fr\/home-page\/\"},{\"@type\":\"ListItem\",\"position\":2,\"name\":\"Shop\",\"item\":\"https:\/\/www.miomiorun.com\/shop\/\"},{\"@type\":\"ListItem\",\"position\":3,\"name\":\"Chaser Hat\"}]},{\"@type\":\"WebSite\",\"@id\":\"https:\/\/www.miomiorun.com\/fr\/#website\",\"url\":\"https:\/\/www.miomiorun.com\/fr\/\",\"name\":\"MioMioRun\",\"description\":\"Boutique 100% running et trail\",\"publisher\":{\"@id\":\"https:\/\/www.miomiorun.com\/fr\/#organization\"},\"potentialAction\":[{\"@type\":\"SearchAction\",\"target\":{\"@type\":\"EntryPoint\",\"urlTemplate\":\"https:\/\/www.miomiorun.com\/fr\/?s={search_term_string}\"},\"query-input\":{\"@type\":\"PropertyValueSpecification\",\"valueRequired\":true,\"valueName\":\"search_term_string\"}}],\"inLanguage\":\"fr-FR\"},{\"@type\":\"Organization\",\"@id\":\"https:\/\/www.miomiorun.com\/fr\/#organization\",\"name\":\"MioMio Run\",\"url\":\"https:\/\/www.miomiorun.com\/fr\/\",\"logo\":{\"@type\":\"ImageObject\",\"inLanguage\":\"fr-FR\",\"@id\":\"https:\/\/www.miomiorun.com\/fr\/#\/schema\/logo\/image\/\",\"url\":\"https:\/\/www.miomiorun.com\/app\/uploads\/2019\/12\/logomio.png\",\"contentUrl\":\"https:\/\/www.miomiorun.com\/app\/uploads\/2019\/12\/logomio.png\",\"width\":115,\"height\":82,\"caption\":\"MioMio Run\"},\"image\":{\"@id\":\"https:\/\/www.miomiorun.com\/fr\/#\/schema\/logo\/image\/\"},\"sameAs\":[\"https:\/\/www.facebook.com\/miomiorun\/\",\"https:\/\/www.instagram.com\/miomiorun\/\"]}]}<\/script>\n<!-- \/ Yoast SEO plugin. -->","yoast_head_json":{"title":"Brooks Chaser Hat - chapeau de course- MioMioRun.com","description":"Cette casquette de course Chaser offre une protection confortable gr\u00e2ce \u00e0 son tissu l\u00e9ger et respirant et \u00e0 son indice de protection solaire UPF 30.","robots":{"index":"index","follow":"follow","max-snippet":"max-snippet:-1","max-image-preview":"max-image-preview:large","max-video-preview":"max-video-preview:-1"},"canonical":"https:\/\/www.miomiorun.com\/fr\/produit\/chaser-hat\/","og_locale":"fr_FR","og_type":"article","og_title":"Brooks Chaser Hat - chapeau de course- MioMioRun.com","og_description":"Cette casquette de course Chaser offre une protection confortable gr\u00e2ce \u00e0 son tissu l\u00e9ger et respirant et \u00e0 son indice de protection solaire UPF 30.","og_url":"https:\/\/www.miomiorun.com\/fr\/produit\/chaser-hat\/","og_site_name":"MioMioRun","article_publisher":"https:\/\/www.facebook.com\/miomiorun\/","article_modified_time":"2025-09-19T10:27:21+00:00","og_image":[{"width":600,"height":600,"url":"https:\/\/www.miomiorun.com\/app\/uploads\/2022\/09\/brooks-Chaser-hat-white-nightlife-280456135.jpg","type":"image\/jpeg"}],"twitter_card":"summary_large_image","twitter_misc":{"Est. reading time":"1 minute"},"schema":{"@context":"https:\/\/schema.org","@graph":[{"@type":"WebPage","@id":"https:\/\/www.miomiorun.com\/fr\/produit\/chaser-hat\/","url":"https:\/\/www.miomiorun.com\/fr\/produit\/chaser-hat\/","name":"Brooks Chaser Hat - chapeau de course- MioMioRun.com","isPartOf":{"@id":"https:\/\/www.miomiorun.com\/fr\/#website"},"primaryImageOfPage":{"@id":"https:\/\/www.miomiorun.com\/fr\/produit\/chaser-hat\/#primaryimage"},"image":{"@id":"https:\/\/www.miomiorun.com\/fr\/produit\/chaser-hat\/#primaryimage"},"thumbnailUrl":"https:\/\/www.miomiorun.com\/app\/uploads\/2022\/09\/brooks-Chaser-hat-white-nightlife-280456135.jpg","datePublished":"2022-09-15T10:03:50+00:00","dateModified":"2025-09-19T10:27:21+00:00","description":"Cette casquette de course Chaser offre une protection confortable gr\u00e2ce \u00e0 son tissu l\u00e9ger et respirant et \u00e0 son indice de protection solaire UPF 30.","breadcrumb":{"@id":"https:\/\/www.miomiorun.com\/fr\/produit\/chaser-hat\/#breadcrumb"},"inLanguage":"fr-FR","potentialAction":[{"@type":"ReadAction","target":["https:\/\/www.miomiorun.com\/fr\/produit\/chaser-hat\/"]}]},{"@type":"ImageObject","inLanguage":"fr-FR","@id":"https:\/\/www.miomiorun.com\/fr\/produit\/chaser-hat\/#primaryimage","url":"https:\/\/www.miomiorun.com\/app\/uploads\/2022\/09\/brooks-Chaser-hat-white-nightlife-280456135.jpg","contentUrl":"https:\/\/www.miomiorun.com\/app\/uploads\/2022\/09\/brooks-Chaser-hat-white-nightlife-280456135.jpg","width":600,"height":600,"caption":"brooks-Chaser-hat-white-nightlife-280456135"},{"@type":"BreadcrumbList","@id":"https:\/\/www.miomiorun.com\/fr\/produit\/chaser-hat\/#breadcrumb","itemListElement":[{"@type":"ListItem","position":1,"name":"Home","item":"https:\/\/www.miomiorun.com\/fr\/home-page\/"},{"@type":"ListItem","position":2,"name":"Shop","item":"https:\/\/www.miomiorun.com\/shop\/"},{"@type":"ListItem","position":3,"name":"Chaser Hat"}]},{"@type":"WebSite","@id":"https:\/\/www.miomiorun.com\/fr\/#website","url":"https:\/\/www.miomiorun.com\/fr\/","name":"MioMioRun","description":"Boutique 100% running et trail","publisher":{"@id":"https:\/\/www.miomiorun.com\/fr\/#organization"},"potentialAction":[{"@type":"SearchAction","target":{"@type":"EntryPoint","urlTemplate":"https:\/\/www.miomiorun.com\/fr\/?s={search_term_string}"},"query-input":{"@type":"PropertyValueSpecification","valueRequired":true,"valueName":"search_term_string"}}],"inLanguage":"fr-FR"},{"@type":"Organization","@id":"https:\/\/www.miomiorun.com\/fr\/#organization","name":"MioMio Run","url":"https:\/\/www.miomiorun.com\/fr\/","logo":{"@type":"ImageObject","inLanguage":"fr-FR","@id":"https:\/\/www.miomiorun.com\/fr\/#\/schema\/logo\/image\/","url":"https:\/\/www.miomiorun.com\/app\/uploads\/2019\/12\/logomio.png","contentUrl":"https:\/\/www.miomiorun.com\/app\/uploads\/2019\/12\/logomio.png","width":115,"height":82,"caption":"MioMio Run"},"image":{"@id":"https:\/\/www.miomiorun.com\/fr\/#\/schema\/logo\/image\/"},"sameAs":["https:\/\/www.facebook.com\/miomiorun\/","https:\/\/www.instagram.com\/miomiorun\/"]}]}},"_links":{"self":[{"href":"https:\/\/www.miomiorun.com\/fr\/wp-json\/wp\/v2\/product\/283692","targetHints":{"allow":["GET"]}}],"collection":[{"href":"https:\/\/www.miomiorun.com\/fr\/wp-json\/wp\/v2\/product"}],"about":[{"href":"https:\/\/www.miomiorun.com\/fr\/wp-json\/wp\/v2\/types\/product"}],"wp:featuredmedia":[{"embeddable":true,"href":"https:\/\/www.miomiorun.com\/fr\/wp-json\/wp\/v2\/media\/237800"}],"wp:attachment":[{"href":"https:\/\/www.miomiorun.com\/fr\/wp-json\/wp\/v2\/media?parent=283692"}],"wp:term":[{"taxonomy":"product_brand","embeddable":true,"href":"https:\/\/www.miomiorun.com\/fr\/wp-json\/wp\/v2\/product_brand?post=283692"},{"taxonomy":"product_cat","embeddable":true,"href":"https:\/\/www.miomiorun.com\/fr\/wp-json\/wp\/v2\/product_cat?post=283692"},{"taxonomy":"product_tag","embeddable":true,"href":"https:\/\/www.miomiorun.com\/fr\/wp-json\/wp\/v2\/product_tag?post=283692"}],"curies":[{"name":"wp","href":"https:\/\/api.w.org\/{rel}","templated":true}]}}