{"id":283623,"date":"2022-09-17T10:01:27","date_gmt":"2022-09-17T08:01:27","guid":{"rendered":"https:\/\/miomiorun.com\/prodotto\/run-visible-1-2-zip-donna\/"},"modified":"2025-09-19T12:28:36","modified_gmt":"2025-09-19T10:28:36","slug":"run-visible-1-2-zip-femme","status":"publish","type":"product","link":"https:\/\/www.miomiorun.com\/fr\/produit\/run-visible-1-2-zip-femme\/","title":{"rendered":"Run Visible 1\/2 Zip femme"},"content":{"rendered":"<div class=\"product-attribute product-attribute-passion\">\n<div class=\"product-info-main\">\n<h3 class=\"product-attribute-season\">Si vous aimez courir apr\u00e8s le coucher du soleil, ne manquez pas ce maillot \u00e0 manches longues haute visibilit\u00e9.<\/h3>\n<div><\/div>\n<div class=\"product-attribute-season\">Avec des d\u00e9tails pour plus de confort, tels que des trous pour les pouces, une bonne respirabilit\u00e9 et une bonne r\u00e9flectivit\u00e9, pour que vous vous sentiez et soyez \u00e0 votre meilleur. <\/div>\n<div class=\"product-attribute product-attribute-passion\">\n<p class=\"attribute-label\"><strong>ID\u00c9AL POUR :<\/strong><\/p>\n<p><img loading=\"lazy\" decoding=\"async\" class=\"a-responsive-image__img\" src=\"https:\/\/www.brooksrunning.com\/on\/demandware.static\/-\/Sites-brooks-master-catalog\/default\/dw568ee9ad\/specs\/PDP-BestFor-FTW-APP-Visible-In-The-Dark.svg\" alt=\"\" width=\"40\" height=\"40\"> Courir dans l&#8217;obscurit\u00e9 .<\/p>\n<p><img loading=\"lazy\" decoding=\"async\" class=\"a-responsive-image__img\" src=\"https:\/\/www.brooksrunning.com\/on\/demandware.static\/-\/Sites-brooks-master-catalog\/default\/dw76d19a15\/specs\/PDP-BestFor-APP-Warmth.svg\" alt=\"\" width=\"40\" height=\"40\">Temp\u00e9ratures fra\u00eeches .<\/p>\n<p><strong>CARACT\u00c9RISTIQUES :<\/strong><\/p>\n<ul class=\"m-long-description__features\">\n<li class=\"m-long-description__feature\">Visible dans l&#8217;obscurit\u00e9<\/li>\n<li class=\"m-long-description__feature\">Parfait comme couche suppl\u00e9mentaire<\/li>\n<li class=\"m-long-description__feature\">Respirant<\/li>\n<\/ul>\n<div class=\"o-feature-callout__feature-copy\">\n<h2 class=\"a-type-h4 o-feature-callout__feature-eyebrow\">Visibilit\u00e9 \u00e0 360\u00b0<\/h2>\n<h3 class=\"a-type-h3--big o-feature-callout__feature-header\">Visible dans l&#8217;obscurit\u00e9<\/h3>\n<p class=\"a-type-p o-feature-callout__feature-body\">Inserts r\u00e9fl\u00e9chissants, fluorescents et \u00e0 contraste \u00e9lev\u00e9 en 3M\u2122 Scotchlite\u2122 Carbon Black Stretch plac\u00e9s strat\u00e9giquement pour rendre les coureurs visibles aux automobilistes.<\/p>\n<div class=\"o-feature-callout__feature-copy\">\n<h2 class=\"a-type-h4 o-feature-callout__feature-eyebrow\">De la chaleur quand vous en avez besoin<\/h2>\n<h3 class=\"a-type-h3--big o-feature-callout__feature-header\">Parfaite comme couche suppl\u00e9mentaire<\/h3>\n<p class=\"a-type-p o-feature-callout__feature-body\">Fermez compl\u00e8tement la fermeture \u00e9clair et utilisez les trous pour les pouces afin de conserver la chaleur \u00e0 l&#8217;int\u00e9rieur lorsque vous courez par temps froid. <\/p>\n<div class=\"o-feature-callout__feature-copy\">\n<h2 class=\"a-type-h4 o-feature-callout__feature-eyebrow\">Circulation d&#8217;air int\u00e9gr\u00e9e<\/h2>\n<h3 class=\"a-type-h3--big o-feature-callout__feature-header\">Respirant<\/h3>\n<p class=\"a-type-p o-feature-callout__feature-body\">La structure am\u00e9lior\u00e9e du tissu offre une meilleure circulation de l&#8217;air et un grand confort.<\/p>\n<\/div>\n<\/div>\n<\/div>\n<\/div>\n<\/div>\n<\/div>\n","protected":false},"excerpt":{"rendered":"<ul class=\"m-long-description__features\">\n<li class=\"m-long-description__feature\">Visible dans l&#8217;obscurit\u00e9<\/li>\n<li class=\"m-long-description__feature\">Parfaite comme couche suppl\u00e9mentaire<\/li>\n<li class=\"m-long-description__feature\">Respirante<\/li>\n<\/ul>\n","protected":false},"featured_media":237780,"template":"","meta":{"_acf_changed":false,"inline_featured_image":false},"product_brand":[],"product_cat":[24439,24444],"product_tag":[23462,23656],"class_list":{"0":"post-283623","1":"product","2":"type-product","3":"status-publish","4":"has-post-thumbnail","6":"product_cat-maillots-fr","7":"product_cat-vetements-pour-femmes-fr","8":"product_tag-brooks-fr","9":"product_tag-brooks-femme","10":"pa_attivita-marcher","11":"pa_attivita-running-fr","12":"pa_colore-run-visible-1-2-zip-white-asphalt-night-fr","13":"pa_marca-brooks-fr","14":"pa_sesso-femme","15":"pa_size-extra-small-fr","16":"pa_size-medium-fr","17":"pa_size-large-fr","19":"first","20":"instock","21":"sale","22":"taxable","23":"shipping-taxable","24":"purchasable","25":"product-type-variable","26":"wvs-archive-product-wrapper"},"acf":[],"yoast_head":"<!-- This site is optimized with the Yoast SEO plugin v26.8 - https:\/\/yoast.com\/product\/yoast-seo-wordpress\/ -->\n<title>BrooksRun Visible 1\/2 Zip femme - Maillot de course - MioMioRun<\/title>\n<meta name=\"description\" content=\"Avec des d\u00e9tails pour plus de confort, tels que des trous pour les pouces, une bonne respirabilit\u00e9 et une bonne r\u00e9fractivit\u00e9, pour que vous vous sentiez bien et ayez fi\u00e8re allure.\" \/>\n<meta name=\"robots\" content=\"index, follow, max-snippet:-1, max-image-preview:large, max-video-preview:-1\" \/>\n<link rel=\"canonical\" href=\"https:\/\/www.miomiorun.com\/fr\/produit\/run-visible-1-2-zip-femme\/\" \/>\n<meta property=\"og:locale\" content=\"fr_FR\" \/>\n<meta property=\"og:type\" content=\"article\" \/>\n<meta property=\"og:title\" content=\"BrooksRun Visible 1\/2 Zip femme - Maillot de course - MioMioRun\" \/>\n<meta property=\"og:description\" content=\"Avec des d\u00e9tails pour plus de confort, tels que des trous pour les pouces, une bonne respirabilit\u00e9 et une bonne r\u00e9fractivit\u00e9, pour que vous vous sentiez bien et ayez fi\u00e8re allure.\" \/>\n<meta property=\"og:url\" content=\"https:\/\/www.miomiorun.com\/fr\/produit\/run-visible-1-2-zip-femme\/\" \/>\n<meta property=\"og:site_name\" content=\"MioMioRun\" \/>\n<meta property=\"article:publisher\" content=\"https:\/\/www.facebook.com\/miomiorun\/\" \/>\n<meta property=\"article:modified_time\" content=\"2025-09-19T10:28:36+00:00\" \/>\n<meta property=\"og:image\" content=\"https:\/\/www.miomiorun.com\/app\/uploads\/2022\/09\/brooks-Run-visible-1-2-zip-white-asphalt-night-221564134.jpg\" \/>\n\t<meta property=\"og:image:width\" content=\"600\" \/>\n\t<meta property=\"og:image:height\" content=\"600\" \/>\n\t<meta property=\"og:image:type\" content=\"image\/jpeg\" \/>\n<meta name=\"twitter:card\" content=\"summary_large_image\" \/>\n<meta name=\"twitter:label1\" content=\"Est. reading time\" \/>\n\t<meta name=\"twitter:data1\" content=\"1 minute\" \/>\n<script type=\"application\/ld+json\" class=\"yoast-schema-graph\">{\"@context\":\"https:\/\/schema.org\",\"@graph\":[{\"@type\":\"WebPage\",\"@id\":\"https:\/\/www.miomiorun.com\/fr\/produit\/run-visible-1-2-zip-femme\/\",\"url\":\"https:\/\/www.miomiorun.com\/fr\/produit\/run-visible-1-2-zip-femme\/\",\"name\":\"BrooksRun Visible 1\/2 Zip femme - Maillot de course - MioMioRun\",\"isPartOf\":{\"@id\":\"https:\/\/www.miomiorun.com\/fr\/#website\"},\"primaryImageOfPage\":{\"@id\":\"https:\/\/www.miomiorun.com\/fr\/produit\/run-visible-1-2-zip-femme\/#primaryimage\"},\"image\":{\"@id\":\"https:\/\/www.miomiorun.com\/fr\/produit\/run-visible-1-2-zip-femme\/#primaryimage\"},\"thumbnailUrl\":\"https:\/\/www.miomiorun.com\/app\/uploads\/2022\/09\/brooks-Run-visible-1-2-zip-white-asphalt-night-221564134.jpg\",\"datePublished\":\"2022-09-17T08:01:27+00:00\",\"dateModified\":\"2025-09-19T10:28:36+00:00\",\"description\":\"Avec des d\u00e9tails pour plus de confort, tels que des trous pour les pouces, une bonne respirabilit\u00e9 et une bonne r\u00e9fractivit\u00e9, pour que vous vous sentiez bien et ayez fi\u00e8re allure.\",\"breadcrumb\":{\"@id\":\"https:\/\/www.miomiorun.com\/fr\/produit\/run-visible-1-2-zip-femme\/#breadcrumb\"},\"inLanguage\":\"fr-FR\",\"potentialAction\":[{\"@type\":\"ReadAction\",\"target\":[\"https:\/\/www.miomiorun.com\/fr\/produit\/run-visible-1-2-zip-femme\/\"]}]},{\"@type\":\"ImageObject\",\"inLanguage\":\"fr-FR\",\"@id\":\"https:\/\/www.miomiorun.com\/fr\/produit\/run-visible-1-2-zip-femme\/#primaryimage\",\"url\":\"https:\/\/www.miomiorun.com\/app\/uploads\/2022\/09\/brooks-Run-visible-1-2-zip-white-asphalt-night-221564134.jpg\",\"contentUrl\":\"https:\/\/www.miomiorun.com\/app\/uploads\/2022\/09\/brooks-Run-visible-1-2-zip-white-asphalt-night-221564134.jpg\",\"width\":600,\"height\":600,\"caption\":\"brooks-Run-visible-1-2-zip-white-asphalt-night-221564134\"},{\"@type\":\"BreadcrumbList\",\"@id\":\"https:\/\/www.miomiorun.com\/fr\/produit\/run-visible-1-2-zip-femme\/#breadcrumb\",\"itemListElement\":[{\"@type\":\"ListItem\",\"position\":1,\"name\":\"Home\",\"item\":\"https:\/\/www.miomiorun.com\/fr\/home-page\/\"},{\"@type\":\"ListItem\",\"position\":2,\"name\":\"Shop\",\"item\":\"https:\/\/www.miomiorun.com\/shop\/\"},{\"@type\":\"ListItem\",\"position\":3,\"name\":\"Run Visible 1\/2 Zip femme\"}]},{\"@type\":\"WebSite\",\"@id\":\"https:\/\/www.miomiorun.com\/fr\/#website\",\"url\":\"https:\/\/www.miomiorun.com\/fr\/\",\"name\":\"MioMioRun\",\"description\":\"Boutique 100% running et trail\",\"publisher\":{\"@id\":\"https:\/\/www.miomiorun.com\/fr\/#organization\"},\"potentialAction\":[{\"@type\":\"SearchAction\",\"target\":{\"@type\":\"EntryPoint\",\"urlTemplate\":\"https:\/\/www.miomiorun.com\/fr\/?s={search_term_string}\"},\"query-input\":{\"@type\":\"PropertyValueSpecification\",\"valueRequired\":true,\"valueName\":\"search_term_string\"}}],\"inLanguage\":\"fr-FR\"},{\"@type\":\"Organization\",\"@id\":\"https:\/\/www.miomiorun.com\/fr\/#organization\",\"name\":\"MioMio Run\",\"url\":\"https:\/\/www.miomiorun.com\/fr\/\",\"logo\":{\"@type\":\"ImageObject\",\"inLanguage\":\"fr-FR\",\"@id\":\"https:\/\/www.miomiorun.com\/fr\/#\/schema\/logo\/image\/\",\"url\":\"https:\/\/www.miomiorun.com\/app\/uploads\/2019\/12\/logomio.png\",\"contentUrl\":\"https:\/\/www.miomiorun.com\/app\/uploads\/2019\/12\/logomio.png\",\"width\":115,\"height\":82,\"caption\":\"MioMio Run\"},\"image\":{\"@id\":\"https:\/\/www.miomiorun.com\/fr\/#\/schema\/logo\/image\/\"},\"sameAs\":[\"https:\/\/www.facebook.com\/miomiorun\/\",\"https:\/\/www.instagram.com\/miomiorun\/\"]}]}<\/script>\n<!-- \/ Yoast SEO plugin. -->","yoast_head_json":{"title":"BrooksRun Visible 1\/2 Zip femme - Maillot de course - MioMioRun","description":"Avec des d\u00e9tails pour plus de confort, tels que des trous pour les pouces, une bonne respirabilit\u00e9 et une bonne r\u00e9fractivit\u00e9, pour que vous vous sentiez bien et ayez fi\u00e8re allure.","robots":{"index":"index","follow":"follow","max-snippet":"max-snippet:-1","max-image-preview":"max-image-preview:large","max-video-preview":"max-video-preview:-1"},"canonical":"https:\/\/www.miomiorun.com\/fr\/produit\/run-visible-1-2-zip-femme\/","og_locale":"fr_FR","og_type":"article","og_title":"BrooksRun Visible 1\/2 Zip femme - Maillot de course - MioMioRun","og_description":"Avec des d\u00e9tails pour plus de confort, tels que des trous pour les pouces, une bonne respirabilit\u00e9 et une bonne r\u00e9fractivit\u00e9, pour que vous vous sentiez bien et ayez fi\u00e8re allure.","og_url":"https:\/\/www.miomiorun.com\/fr\/produit\/run-visible-1-2-zip-femme\/","og_site_name":"MioMioRun","article_publisher":"https:\/\/www.facebook.com\/miomiorun\/","article_modified_time":"2025-09-19T10:28:36+00:00","og_image":[{"width":600,"height":600,"url":"https:\/\/www.miomiorun.com\/app\/uploads\/2022\/09\/brooks-Run-visible-1-2-zip-white-asphalt-night-221564134.jpg","type":"image\/jpeg"}],"twitter_card":"summary_large_image","twitter_misc":{"Est. reading time":"1 minute"},"schema":{"@context":"https:\/\/schema.org","@graph":[{"@type":"WebPage","@id":"https:\/\/www.miomiorun.com\/fr\/produit\/run-visible-1-2-zip-femme\/","url":"https:\/\/www.miomiorun.com\/fr\/produit\/run-visible-1-2-zip-femme\/","name":"BrooksRun Visible 1\/2 Zip femme - Maillot de course - MioMioRun","isPartOf":{"@id":"https:\/\/www.miomiorun.com\/fr\/#website"},"primaryImageOfPage":{"@id":"https:\/\/www.miomiorun.com\/fr\/produit\/run-visible-1-2-zip-femme\/#primaryimage"},"image":{"@id":"https:\/\/www.miomiorun.com\/fr\/produit\/run-visible-1-2-zip-femme\/#primaryimage"},"thumbnailUrl":"https:\/\/www.miomiorun.com\/app\/uploads\/2022\/09\/brooks-Run-visible-1-2-zip-white-asphalt-night-221564134.jpg","datePublished":"2022-09-17T08:01:27+00:00","dateModified":"2025-09-19T10:28:36+00:00","description":"Avec des d\u00e9tails pour plus de confort, tels que des trous pour les pouces, une bonne respirabilit\u00e9 et une bonne r\u00e9fractivit\u00e9, pour que vous vous sentiez bien et ayez fi\u00e8re allure.","breadcrumb":{"@id":"https:\/\/www.miomiorun.com\/fr\/produit\/run-visible-1-2-zip-femme\/#breadcrumb"},"inLanguage":"fr-FR","potentialAction":[{"@type":"ReadAction","target":["https:\/\/www.miomiorun.com\/fr\/produit\/run-visible-1-2-zip-femme\/"]}]},{"@type":"ImageObject","inLanguage":"fr-FR","@id":"https:\/\/www.miomiorun.com\/fr\/produit\/run-visible-1-2-zip-femme\/#primaryimage","url":"https:\/\/www.miomiorun.com\/app\/uploads\/2022\/09\/brooks-Run-visible-1-2-zip-white-asphalt-night-221564134.jpg","contentUrl":"https:\/\/www.miomiorun.com\/app\/uploads\/2022\/09\/brooks-Run-visible-1-2-zip-white-asphalt-night-221564134.jpg","width":600,"height":600,"caption":"brooks-Run-visible-1-2-zip-white-asphalt-night-221564134"},{"@type":"BreadcrumbList","@id":"https:\/\/www.miomiorun.com\/fr\/produit\/run-visible-1-2-zip-femme\/#breadcrumb","itemListElement":[{"@type":"ListItem","position":1,"name":"Home","item":"https:\/\/www.miomiorun.com\/fr\/home-page\/"},{"@type":"ListItem","position":2,"name":"Shop","item":"https:\/\/www.miomiorun.com\/shop\/"},{"@type":"ListItem","position":3,"name":"Run Visible 1\/2 Zip femme"}]},{"@type":"WebSite","@id":"https:\/\/www.miomiorun.com\/fr\/#website","url":"https:\/\/www.miomiorun.com\/fr\/","name":"MioMioRun","description":"Boutique 100% running et trail","publisher":{"@id":"https:\/\/www.miomiorun.com\/fr\/#organization"},"potentialAction":[{"@type":"SearchAction","target":{"@type":"EntryPoint","urlTemplate":"https:\/\/www.miomiorun.com\/fr\/?s={search_term_string}"},"query-input":{"@type":"PropertyValueSpecification","valueRequired":true,"valueName":"search_term_string"}}],"inLanguage":"fr-FR"},{"@type":"Organization","@id":"https:\/\/www.miomiorun.com\/fr\/#organization","name":"MioMio Run","url":"https:\/\/www.miomiorun.com\/fr\/","logo":{"@type":"ImageObject","inLanguage":"fr-FR","@id":"https:\/\/www.miomiorun.com\/fr\/#\/schema\/logo\/image\/","url":"https:\/\/www.miomiorun.com\/app\/uploads\/2019\/12\/logomio.png","contentUrl":"https:\/\/www.miomiorun.com\/app\/uploads\/2019\/12\/logomio.png","width":115,"height":82,"caption":"MioMio Run"},"image":{"@id":"https:\/\/www.miomiorun.com\/fr\/#\/schema\/logo\/image\/"},"sameAs":["https:\/\/www.facebook.com\/miomiorun\/","https:\/\/www.instagram.com\/miomiorun\/"]}]}},"_links":{"self":[{"href":"https:\/\/www.miomiorun.com\/fr\/wp-json\/wp\/v2\/product\/283623","targetHints":{"allow":["GET"]}}],"collection":[{"href":"https:\/\/www.miomiorun.com\/fr\/wp-json\/wp\/v2\/product"}],"about":[{"href":"https:\/\/www.miomiorun.com\/fr\/wp-json\/wp\/v2\/types\/product"}],"wp:featuredmedia":[{"embeddable":true,"href":"https:\/\/www.miomiorun.com\/fr\/wp-json\/wp\/v2\/media\/237780"}],"wp:attachment":[{"href":"https:\/\/www.miomiorun.com\/fr\/wp-json\/wp\/v2\/media?parent=283623"}],"wp:term":[{"taxonomy":"product_brand","embeddable":true,"href":"https:\/\/www.miomiorun.com\/fr\/wp-json\/wp\/v2\/product_brand?post=283623"},{"taxonomy":"product_cat","embeddable":true,"href":"https:\/\/www.miomiorun.com\/fr\/wp-json\/wp\/v2\/product_cat?post=283623"},{"taxonomy":"product_tag","embeddable":true,"href":"https:\/\/www.miomiorun.com\/fr\/wp-json\/wp\/v2\/product_tag?post=283623"}],"curies":[{"name":"wp","href":"https:\/\/api.w.org\/{rel}","templated":true}]}}