{"id":283564,"date":"2022-09-17T16:07:29","date_gmt":"2022-09-17T14:07:29","guid":{"rendered":"https:\/\/miomiorun.com\/prodotto\/crizzle-evo-shell-jkt-uomo\/"},"modified":"2026-05-08T21:31:53","modified_gmt":"2026-05-08T19:31:53","slug":"crizzle-evo-shell-jkt-homme","status":"publish","type":"product","link":"https:\/\/www.miomiorun.com\/fr\/produit\/crizzle-evo-shell-jkt-homme\/","title":{"rendered":"Crizzle Evo Shell Jkt homme"},"content":{"rendered":"<p>La <strong>Crizzle EVO Shell Jacket<\/strong> , dans sa version pour homme, est une veste hybride fabriqu\u00e9e \u00e0 partir de mat\u00e9riaux \u00e9cologiques pour les randonn\u00e9es \u00e0 ski rapides et l\u00e9g\u00e8res.<\/p>\n<p>Le tissu hard shell recycl\u00e9 garantit une r\u00e9sistance \u00e0 l&#8217;eau et une protection contre le vent, tandis que le tissu \u00e9lastique et respirant dans le dos offre une grande libert\u00e9 de mouvement et une meilleure respirabilit\u00e9. Deux longues fermetures \u00e9clair lat\u00e9rales pour la ventilation facilitent l&#8217;acc\u00e8s aux poches des couches inf\u00e9rieures, et la grande poche sur la poitrine vous permet de garder vos objets de valeur en s\u00e9curit\u00e9.<\/p>\n<p>&nbsp;<\/p>\n<p><img decoding=\"async\" class=\"img-responsive margin-bottom-sm\" src=\"https:\/\/www.lasportiva.com\/media\/techinfo_icons\/Breathability_75x75.png\"><\/p>\n<p><strong>Respirabilit\u00e9 :<\/strong><br \/>\nProduits hautement respirants pour un excellent confort climatique.<\/p>\n<p><img decoding=\"async\" class=\"img-responsive margin-bottom-sm\" src=\"https:\/\/www.lasportiva.com\/media\/techinfo_icons\/Regular-Fit_75x75.png\"><\/p>\n<p><strong>Coupe r\u00e9guli\u00e8re :<\/strong><br \/>\nCoupe technique et confortable.<\/p>\n<p><img decoding=\"async\" class=\"img-responsive margin-bottom-sm\" src=\"https:\/\/www.lasportiva.com\/media\/techinfo_icons\/Durability_75x75.png\"><\/p>\n<p><strong>Durabilit\u00e9 :<\/strong><br \/>\nProduits tr\u00e8s r\u00e9sistants \u00e0 l&#8217;usure.<\/p>\n<p><img decoding=\"async\" class=\"img-responsive margin-bottom-sm\" src=\"https:\/\/www.lasportiva.com\/media\/techinfo_icons\/Lightweight_75x75.png\"><\/p>\n<p><strong>L\u00e9g\u00e8ret\u00e9 :<\/strong><br \/>\nProduits qui maintiennent le poids au minimum<\/p>\n<p><img decoding=\"async\" class=\"img-responsive margin-bottom-sm\" src=\"https:\/\/www.lasportiva.com\/media\/techinfo_icons\/L5_75x75.png\"><\/p>\n<p><strong>L5 &#8211; HARD SHELL<\/strong><br \/>\nCoque ext\u00e9rieure de protection contre le vent, la pluie et la neige. Une v\u00e9ritable barri\u00e8re contre les agents atmosph\u00e9riques qui favorise en m\u00eame temps la respirabilit\u00e9 gr\u00e2ce aux mat\u00e9riaux et aux membranes utilis\u00e9s.<\/p>\n<p><img loading=\"lazy\" decoding=\"async\" class=\" lazyloaded\" src=\"https:\/\/www.lasportiva.com\/media\/techinfo_icons\/e\/v\/evoshell-75x75.png\" alt=\"La Sportiva\" width=\"75\" height=\"75\" data-src=\"https:\/\/www.lasportiva.com\/media\/techinfo_icons\/e\/v\/evoshell-75x75.png\"><\/p>\n<p>Les coques dot\u00e9es de la technologie <strong>EvoShell\u2122<\/strong> sont le fruit d&#8217;un processus de recherche continue men\u00e9 par le d\u00e9partement R&amp;D Apparel de La Sportiva, qui s&#8217;engage \u00e0 concevoir des produits performants pour les athl\u00e8tes et les amateurs de montagne dans le respect de l&#8217;environnement qui nous entoure. Il s&#8217;agit d&#8217;une \u00e9volution constante et ambitieuse qui n\u00e9cessite la recherche continue de mat\u00e9riaux et de partenaires fiables capables de conjuguer harmonieusement qualit\u00e9, durabilit\u00e9 et \u00e9co-compatibilit\u00e9. C&#8217;est pourquoi, chez La Sportiva, le terme \u00ab \u00e9volution \u00bb se traduit par \u00ab ECOLUTION \u00bb et se d\u00e9cline en produits con\u00e7us tant pour l&#8217;homme que pour l&#8217;environnement, en r\u00e9duisant au minimum l&#8217;impact environnemental. C&#8217;est pourquoi, en collaboration avec Sympatex\u00ae, La Sportiva a cr\u00e9\u00e9 les coques \u00e0 trois couches Evo Shell\u2122 : totalement \u00e9co-compatibles gr\u00e2ce \u00e0 l&#8217;\u00e9limination totale du PTFE, du PFC et de tout composant et traitement \u00e0 base de fluorocarbures.<br \/>\nLa Sportiva a d\u00e9cid\u00e9 de soutenir activement cette cause en contribuant, avec chaque v\u00eatement Evo Shell\u2122 produit, au projet du corridor Kasigau (\u00ab 1004 \u00b7 Forest protection Kasigau Wildlife Corridor \u00bb) au Kenya. Il s&#8217;agit d&#8217;une partie de la for\u00eat s\u00e8che et de la savane du corridor Kasigau qui abrite des esp\u00e8ces menac\u00e9es telles que des lions, des z\u00e8bres, des perroquets et d&#8217;innombrables esp\u00e8ces d&#8217;oiseaux. Pendant la migration saisonni\u00e8re, 2 000 \u00e9l\u00e9phants africains traversent chaque jour cette zone. Cependant, toute la zone est confront\u00e9e \u00e0 une d\u00e9forestation massive, notamment due aux incendies. Lors de la huiti\u00e8me enqu\u00eate volontaire sur le carbone organis\u00e9e en 2017 par Environmental Finance, le programme a \u00e9t\u00e9 \u00e9lu meilleur projet de compensation des \u00e9missions de carbone pour sa contribution \u00e0 la r\u00e9alisation des objectifs de d\u00e9veloppement durable des Nations unies (ODD).<\/p>\n<p>&nbsp;<\/p>\n<p><b>Mat\u00e9riaux :<\/b><br \/>\n&gt;main : HDM07 face : 100 % polyamide recycl\u00e9 membrane : 100 % polyester recycl\u00e9 dos : 100 % polyester recycl\u00e9&gt;dos et panneaux lat\u00e9raux : WSM08 85 % polyamide recycl\u00e9 15 % \u00e9lasthanne<br \/>\n<b>Poids :<\/b><br \/>\n413 g<br \/>\n<b>Coupe :<\/b><br \/>\nR\u00e9guli\u00e8re<\/p>\n<p>&nbsp;<\/p>\n<div class=\"item-block collapsible-plus active\" role=\"tablist\" data-collapsible=\"true\">\n<div class=\"data item title\" role=\"tab\" data-role=\"title\" aria-expanded=\"true\">\n<h3 id=\"tab-label-plus\" class=\"switch-title\">plus<\/h3>\n<\/div>\n<div class=\"data item content\" role=\"tabpanel\" aria-labelledby=\"tab-label-plus\" data-role=\"content\" aria-hidden=\"false\">+ Fermetures \u00e9clair lat\u00e9rales \u00e0 double curseur pour la ventilation et l&#8217;acc\u00e8s aux poches<br \/>\n+ Partiellement r\u00e9sistante \u00e0 l&#8217;eau<br \/>\n+ Partiellement coupe-vent<br \/>\n+ Capuche articul\u00e9e ajustable compatible avec un casque<br \/>\n+ Coutures partiellement \u00e9tanches<br \/>\n+ Veste hybride hard shell<br \/>\n+ 1 grande poche zipp\u00e9e sur la poitrine<br \/>\n+ Ourlet inf\u00e9rieur ajustable<br \/>\n+ Motifs r\u00e9fl\u00e9chissants<\/div>\n<\/div>\n","protected":false},"excerpt":{"rendered":"<ul>\n<li>&nbsp;Coque hybride fabriqu\u00e9e \u00e0 partir de mat\u00e9riaux \u00e9cologiques pour des randonn\u00e9es \u00e0 ski rapides et l\u00e9g\u00e8res.<\/li>\n<li>&nbsp;Le tissu hard shell recycl\u00e9 garantit une r\u00e9sistance \u00e0 l&#8217;eau et une protection contre le vent<\/li>\n<li>&nbsp;Le tissu \u00e9lastique et respirant dans le dos offre une grande libert\u00e9 de mouvement et une meilleure respirabilit\u00e9.<\/li>\n<\/ul>\n","protected":false},"featured_media":237910,"template":"","meta":{"_acf_changed":false,"inline_featured_image":false},"product_brand":[],"product_cat":[24480,24482,24484],"product_tag":[23597,23599],"class_list":{"0":"post-283564","1":"product","2":"type-product","3":"status-publish","4":"has-post-thumbnail","6":"product_cat-vestes-fr-2","7":"product_cat-vetements-pour-hommes-fr","8":"product_cat-homme","9":"product_tag-la-sportiva-fr","10":"product_tag-la-sportiva-homme","11":"pa_attivita-marcher","12":"pa_attivita-outdoor-fr","13":"pa_colore-crizzle-evo-shell-jkt-m-sangria-sunset-fr","14":"pa_colore-crizzle-evo-shell-jkt-sangria-moss-fr","15":"pa_marca-la-sportiva-fr","16":"pa_sesso-homme","17":"pa_size-small-fr","18":"pa_size-medium-fr","19":"pa_size-large-fr","20":"pa_size-extra-large-fr","22":"first","23":"instock","24":"sale","25":"taxable","26":"shipping-taxable","27":"purchasable","28":"product-type-variable","29":"wvs-archive-product-wrapper"},"acf":[],"yoast_head":"<!-- This site is optimized with the Yoast SEO plugin v26.8 - https:\/\/yoast.com\/product\/yoast-seo-wordpress\/ -->\n<title>La Sportiva Crizzle Evo Shell Jkt homme - Veste de course- MioMioRun<\/title>\n<meta name=\"description\" content=\"La Crizzle EVO Shell Jacket est une veste hybride fabriqu\u00e9e \u00e0 partir de mat\u00e9riaux \u00e9cologiques pour les randonn\u00e9es \u00e0 ski rapides et l\u00e9g\u00e8res.\" \/>\n<meta name=\"robots\" content=\"index, follow, max-snippet:-1, max-image-preview:large, max-video-preview:-1\" \/>\n<link rel=\"canonical\" href=\"https:\/\/www.miomiorun.com\/fr\/produit\/crizzle-evo-shell-jkt-homme\/\" \/>\n<meta property=\"og:locale\" content=\"fr_FR\" \/>\n<meta property=\"og:type\" content=\"article\" \/>\n<meta property=\"og:title\" content=\"La Sportiva Crizzle Evo Shell Jkt homme - Veste de course- MioMioRun\" \/>\n<meta property=\"og:description\" content=\"La Crizzle EVO Shell Jacket est une veste hybride fabriqu\u00e9e \u00e0 partir de mat\u00e9riaux \u00e9cologiques pour les randonn\u00e9es \u00e0 ski rapides et l\u00e9g\u00e8res.\" \/>\n<meta property=\"og:url\" content=\"https:\/\/www.miomiorun.com\/fr\/produit\/crizzle-evo-shell-jkt-homme\/\" \/>\n<meta property=\"og:site_name\" content=\"MioMioRun\" \/>\n<meta property=\"article:publisher\" content=\"https:\/\/www.facebook.com\/miomiorun\/\" \/>\n<meta property=\"article:modified_time\" content=\"2026-05-08T19:31:53+00:00\" \/>\n<meta property=\"og:image\" content=\"https:\/\/www.miomiorun.com\/app\/uploads\/2022\/09\/la-sportiva-crizzle-evo-shell-jkt-M-sangria-sunset-L75320319.jpg\" \/>\n\t<meta property=\"og:image:width\" content=\"600\" \/>\n\t<meta property=\"og:image:height\" content=\"600\" \/>\n\t<meta property=\"og:image:type\" content=\"image\/jpeg\" \/>\n<meta name=\"twitter:card\" content=\"summary_large_image\" \/>\n<meta name=\"twitter:label1\" content=\"Est. reading time\" \/>\n\t<meta name=\"twitter:data1\" content=\"3 minutes\" \/>\n<script type=\"application\/ld+json\" class=\"yoast-schema-graph\">{\"@context\":\"https:\/\/schema.org\",\"@graph\":[{\"@type\":\"WebPage\",\"@id\":\"https:\/\/www.miomiorun.com\/fr\/produit\/crizzle-evo-shell-jkt-homme\/\",\"url\":\"https:\/\/www.miomiorun.com\/fr\/produit\/crizzle-evo-shell-jkt-homme\/\",\"name\":\"La Sportiva Crizzle Evo Shell Jkt homme - Veste de course- MioMioRun\",\"isPartOf\":{\"@id\":\"https:\/\/www.miomiorun.com\/fr\/#website\"},\"primaryImageOfPage\":{\"@id\":\"https:\/\/www.miomiorun.com\/fr\/produit\/crizzle-evo-shell-jkt-homme\/#primaryimage\"},\"image\":{\"@id\":\"https:\/\/www.miomiorun.com\/fr\/produit\/crizzle-evo-shell-jkt-homme\/#primaryimage\"},\"thumbnailUrl\":\"https:\/\/www.miomiorun.com\/app\/uploads\/2022\/09\/la-sportiva-crizzle-evo-shell-jkt-M-sangria-sunset-L75320319.jpg\",\"datePublished\":\"2022-09-17T14:07:29+00:00\",\"dateModified\":\"2026-05-08T19:31:53+00:00\",\"description\":\"La Crizzle EVO Shell Jacket est une veste hybride fabriqu\u00e9e \u00e0 partir de mat\u00e9riaux \u00e9cologiques pour les randonn\u00e9es \u00e0 ski rapides et l\u00e9g\u00e8res.\",\"breadcrumb\":{\"@id\":\"https:\/\/www.miomiorun.com\/fr\/produit\/crizzle-evo-shell-jkt-homme\/#breadcrumb\"},\"inLanguage\":\"fr-FR\",\"potentialAction\":[{\"@type\":\"ReadAction\",\"target\":[\"https:\/\/www.miomiorun.com\/fr\/produit\/crizzle-evo-shell-jkt-homme\/\"]}]},{\"@type\":\"ImageObject\",\"inLanguage\":\"fr-FR\",\"@id\":\"https:\/\/www.miomiorun.com\/fr\/produit\/crizzle-evo-shell-jkt-homme\/#primaryimage\",\"url\":\"https:\/\/www.miomiorun.com\/app\/uploads\/2022\/09\/la-sportiva-crizzle-evo-shell-jkt-M-sangria-sunset-L75320319.jpg\",\"contentUrl\":\"https:\/\/www.miomiorun.com\/app\/uploads\/2022\/09\/la-sportiva-crizzle-evo-shell-jkt-M-sangria-sunset-L75320319.jpg\",\"width\":600,\"height\":600,\"caption\":\"la-sportiva-crizzle-evo-shell-jkt-M-sangria-sunset-L75320319\"},{\"@type\":\"BreadcrumbList\",\"@id\":\"https:\/\/www.miomiorun.com\/fr\/produit\/crizzle-evo-shell-jkt-homme\/#breadcrumb\",\"itemListElement\":[{\"@type\":\"ListItem\",\"position\":1,\"name\":\"Home\",\"item\":\"https:\/\/www.miomiorun.com\/fr\/home-page\/\"},{\"@type\":\"ListItem\",\"position\":2,\"name\":\"Shop\",\"item\":\"https:\/\/www.miomiorun.com\/shop\/\"},{\"@type\":\"ListItem\",\"position\":3,\"name\":\"Crizzle Evo Shell Jkt homme\"}]},{\"@type\":\"WebSite\",\"@id\":\"https:\/\/www.miomiorun.com\/fr\/#website\",\"url\":\"https:\/\/www.miomiorun.com\/fr\/\",\"name\":\"MioMioRun\",\"description\":\"Boutique 100% running et trail\",\"publisher\":{\"@id\":\"https:\/\/www.miomiorun.com\/fr\/#organization\"},\"potentialAction\":[{\"@type\":\"SearchAction\",\"target\":{\"@type\":\"EntryPoint\",\"urlTemplate\":\"https:\/\/www.miomiorun.com\/fr\/?s={search_term_string}\"},\"query-input\":{\"@type\":\"PropertyValueSpecification\",\"valueRequired\":true,\"valueName\":\"search_term_string\"}}],\"inLanguage\":\"fr-FR\"},{\"@type\":\"Organization\",\"@id\":\"https:\/\/www.miomiorun.com\/fr\/#organization\",\"name\":\"MioMio Run\",\"url\":\"https:\/\/www.miomiorun.com\/fr\/\",\"logo\":{\"@type\":\"ImageObject\",\"inLanguage\":\"fr-FR\",\"@id\":\"https:\/\/www.miomiorun.com\/fr\/#\/schema\/logo\/image\/\",\"url\":\"https:\/\/www.miomiorun.com\/app\/uploads\/2019\/12\/logomio.png\",\"contentUrl\":\"https:\/\/www.miomiorun.com\/app\/uploads\/2019\/12\/logomio.png\",\"width\":115,\"height\":82,\"caption\":\"MioMio Run\"},\"image\":{\"@id\":\"https:\/\/www.miomiorun.com\/fr\/#\/schema\/logo\/image\/\"},\"sameAs\":[\"https:\/\/www.facebook.com\/miomiorun\/\",\"https:\/\/www.instagram.com\/miomiorun\/\"]}]}<\/script>\n<!-- \/ Yoast SEO plugin. -->","yoast_head_json":{"title":"La Sportiva Crizzle Evo Shell Jkt homme - Veste de course- MioMioRun","description":"La Crizzle EVO Shell Jacket est une veste hybride fabriqu\u00e9e \u00e0 partir de mat\u00e9riaux \u00e9cologiques pour les randonn\u00e9es \u00e0 ski rapides et l\u00e9g\u00e8res.","robots":{"index":"index","follow":"follow","max-snippet":"max-snippet:-1","max-image-preview":"max-image-preview:large","max-video-preview":"max-video-preview:-1"},"canonical":"https:\/\/www.miomiorun.com\/fr\/produit\/crizzle-evo-shell-jkt-homme\/","og_locale":"fr_FR","og_type":"article","og_title":"La Sportiva Crizzle Evo Shell Jkt homme - Veste de course- MioMioRun","og_description":"La Crizzle EVO Shell Jacket est une veste hybride fabriqu\u00e9e \u00e0 partir de mat\u00e9riaux \u00e9cologiques pour les randonn\u00e9es \u00e0 ski rapides et l\u00e9g\u00e8res.","og_url":"https:\/\/www.miomiorun.com\/fr\/produit\/crizzle-evo-shell-jkt-homme\/","og_site_name":"MioMioRun","article_publisher":"https:\/\/www.facebook.com\/miomiorun\/","article_modified_time":"2026-05-08T19:31:53+00:00","og_image":[{"width":600,"height":600,"url":"https:\/\/www.miomiorun.com\/app\/uploads\/2022\/09\/la-sportiva-crizzle-evo-shell-jkt-M-sangria-sunset-L75320319.jpg","type":"image\/jpeg"}],"twitter_card":"summary_large_image","twitter_misc":{"Est. reading time":"3 minutes"},"schema":{"@context":"https:\/\/schema.org","@graph":[{"@type":"WebPage","@id":"https:\/\/www.miomiorun.com\/fr\/produit\/crizzle-evo-shell-jkt-homme\/","url":"https:\/\/www.miomiorun.com\/fr\/produit\/crizzle-evo-shell-jkt-homme\/","name":"La Sportiva Crizzle Evo Shell Jkt homme - Veste de course- MioMioRun","isPartOf":{"@id":"https:\/\/www.miomiorun.com\/fr\/#website"},"primaryImageOfPage":{"@id":"https:\/\/www.miomiorun.com\/fr\/produit\/crizzle-evo-shell-jkt-homme\/#primaryimage"},"image":{"@id":"https:\/\/www.miomiorun.com\/fr\/produit\/crizzle-evo-shell-jkt-homme\/#primaryimage"},"thumbnailUrl":"https:\/\/www.miomiorun.com\/app\/uploads\/2022\/09\/la-sportiva-crizzle-evo-shell-jkt-M-sangria-sunset-L75320319.jpg","datePublished":"2022-09-17T14:07:29+00:00","dateModified":"2026-05-08T19:31:53+00:00","description":"La Crizzle EVO Shell Jacket est une veste hybride fabriqu\u00e9e \u00e0 partir de mat\u00e9riaux \u00e9cologiques pour les randonn\u00e9es \u00e0 ski rapides et l\u00e9g\u00e8res.","breadcrumb":{"@id":"https:\/\/www.miomiorun.com\/fr\/produit\/crizzle-evo-shell-jkt-homme\/#breadcrumb"},"inLanguage":"fr-FR","potentialAction":[{"@type":"ReadAction","target":["https:\/\/www.miomiorun.com\/fr\/produit\/crizzle-evo-shell-jkt-homme\/"]}]},{"@type":"ImageObject","inLanguage":"fr-FR","@id":"https:\/\/www.miomiorun.com\/fr\/produit\/crizzle-evo-shell-jkt-homme\/#primaryimage","url":"https:\/\/www.miomiorun.com\/app\/uploads\/2022\/09\/la-sportiva-crizzle-evo-shell-jkt-M-sangria-sunset-L75320319.jpg","contentUrl":"https:\/\/www.miomiorun.com\/app\/uploads\/2022\/09\/la-sportiva-crizzle-evo-shell-jkt-M-sangria-sunset-L75320319.jpg","width":600,"height":600,"caption":"la-sportiva-crizzle-evo-shell-jkt-M-sangria-sunset-L75320319"},{"@type":"BreadcrumbList","@id":"https:\/\/www.miomiorun.com\/fr\/produit\/crizzle-evo-shell-jkt-homme\/#breadcrumb","itemListElement":[{"@type":"ListItem","position":1,"name":"Home","item":"https:\/\/www.miomiorun.com\/fr\/home-page\/"},{"@type":"ListItem","position":2,"name":"Shop","item":"https:\/\/www.miomiorun.com\/shop\/"},{"@type":"ListItem","position":3,"name":"Crizzle Evo Shell Jkt homme"}]},{"@type":"WebSite","@id":"https:\/\/www.miomiorun.com\/fr\/#website","url":"https:\/\/www.miomiorun.com\/fr\/","name":"MioMioRun","description":"Boutique 100% running et trail","publisher":{"@id":"https:\/\/www.miomiorun.com\/fr\/#organization"},"potentialAction":[{"@type":"SearchAction","target":{"@type":"EntryPoint","urlTemplate":"https:\/\/www.miomiorun.com\/fr\/?s={search_term_string}"},"query-input":{"@type":"PropertyValueSpecification","valueRequired":true,"valueName":"search_term_string"}}],"inLanguage":"fr-FR"},{"@type":"Organization","@id":"https:\/\/www.miomiorun.com\/fr\/#organization","name":"MioMio Run","url":"https:\/\/www.miomiorun.com\/fr\/","logo":{"@type":"ImageObject","inLanguage":"fr-FR","@id":"https:\/\/www.miomiorun.com\/fr\/#\/schema\/logo\/image\/","url":"https:\/\/www.miomiorun.com\/app\/uploads\/2019\/12\/logomio.png","contentUrl":"https:\/\/www.miomiorun.com\/app\/uploads\/2019\/12\/logomio.png","width":115,"height":82,"caption":"MioMio Run"},"image":{"@id":"https:\/\/www.miomiorun.com\/fr\/#\/schema\/logo\/image\/"},"sameAs":["https:\/\/www.facebook.com\/miomiorun\/","https:\/\/www.instagram.com\/miomiorun\/"]}]}},"_links":{"self":[{"href":"https:\/\/www.miomiorun.com\/fr\/wp-json\/wp\/v2\/product\/283564","targetHints":{"allow":["GET"]}}],"collection":[{"href":"https:\/\/www.miomiorun.com\/fr\/wp-json\/wp\/v2\/product"}],"about":[{"href":"https:\/\/www.miomiorun.com\/fr\/wp-json\/wp\/v2\/types\/product"}],"wp:featuredmedia":[{"embeddable":true,"href":"https:\/\/www.miomiorun.com\/fr\/wp-json\/wp\/v2\/media\/237910"}],"wp:attachment":[{"href":"https:\/\/www.miomiorun.com\/fr\/wp-json\/wp\/v2\/media?parent=283564"}],"wp:term":[{"taxonomy":"product_brand","embeddable":true,"href":"https:\/\/www.miomiorun.com\/fr\/wp-json\/wp\/v2\/product_brand?post=283564"},{"taxonomy":"product_cat","embeddable":true,"href":"https:\/\/www.miomiorun.com\/fr\/wp-json\/wp\/v2\/product_cat?post=283564"},{"taxonomy":"product_tag","embeddable":true,"href":"https:\/\/www.miomiorun.com\/fr\/wp-json\/wp\/v2\/product_tag?post=283564"}],"curies":[{"name":"wp","href":"https:\/\/api.w.org\/{rel}","templated":true}]}}