{"id":283518,"date":"2022-09-17T16:37:57","date_gmt":"2022-09-17T14:37:57","guid":{"rendered":"https:\/\/miomiorun.com\/prodotto\/element-jkt-donna\/"},"modified":"2025-09-18T09:36:19","modified_gmt":"2025-09-18T07:36:19","slug":"element-jkt-femme","status":"publish","type":"product","link":"https:\/\/www.miomiorun.com\/fr\/produit\/element-jkt-femme\/","title":{"rendered":"Element Jkt femme"},"content":{"rendered":"<p>Une deuxi\u00e8me couche confortable qui offre une protection thermique et une fonctionnalit\u00e9 lors d&#8217;une utilisation active. Gr\u00e2ce \u00e0 son int\u00e9rieur molletonn\u00e9 en fibres recycl\u00e9es et naturelles, la veste Element Jkt, dans sa version pour femme, est un v\u00eatement polyvalent qui offre chaleur et confort.<\/p>\n<p>La structure du tissu Techstretch Pro II r\u00e9duit la dispersion des microparticules, tandis que les traitements Polygiene vous permettent de porter le v\u00eatement plus longtemps et de le laver moins souvent.<\/p>\n<h3><strong>Informations techniques :<\/strong><\/h3>\n<p><img loading=\"lazy\" decoding=\"async\" class=\" lazyloaded\" src=\"https:\/\/www.lasportiva.com\/media\/techinfo_icons\/traspirabilita.png\" alt=\"La Sportiva\" width=\"75\" height=\"75\" data-src=\"https:\/\/www.lasportiva.com\/media\/techinfo_icons\/traspirabilita.png\"><\/p>\n<p><strong>Respirabilit\u00e9 :<\/strong><br \/>\nProduits hautement respirants pour un excellent confort climatique.<\/p>\n<p><img decoding=\"async\" class=\"img-responsive margin-bottom-sm\" src=\"https:\/\/www.lasportiva.com\/media\/techinfo_icons\/Stretch_75x75.png\"><\/p>\n<p><strong>\u00c9lasticit\u00e9 :<\/strong><br \/>\nV\u00eatements confortables et r\u00e9actifs qui garantissent une libert\u00e9 de mouvement maximale.<\/p>\n<p><img decoding=\"async\" class=\"img-responsive margin-bottom-sm\" src=\"https:\/\/www.lasportiva.com\/media\/techinfo_icons\/Regular-Fit_75x75.png\"><\/p>\n<p><strong>Coupe r\u00e9guli\u00e8re :<\/strong><br \/>\nCoupe technique et confortable.<\/p>\n<p><img decoding=\"async\" class=\"img-responsive margin-bottom-sm\" src=\"https:\/\/www.lasportiva.com\/media\/techinfo_icons\/Durability_75x75.png\"><\/p>\n<p><strong>Durabilit\u00e9 :<\/strong><br \/>\nProduits hautement r\u00e9sistants \u00e0 l&#8217;usure.<\/p>\n<p><img decoding=\"async\" class=\"img-responsive margin-bottom-sm\" src=\"https:\/\/www.lasportiva.com\/media\/techinfo_icons\/Lightweight_75x75.png\"><\/p>\n<p><strong>L\u00e9g\u00e8ret\u00e9 :<\/strong><br \/>\nProduits qui maintiennent le poids au minimum.<\/p>\n<p><img decoding=\"async\" class=\"img-responsive margin-bottom-sm\" src=\"https:\/\/www.lasportiva.com\/media\/techinfo_icons\/Insulation_75x75.png\"><\/p>\n<p><strong>Isolation thermique :<\/strong><br \/>\nProduits utilisables dans des conditions de basses temp\u00e9ratures.<\/p>\n<p><img loading=\"lazy\" decoding=\"async\" class=\" lazyloaded\" src=\"https:\/\/www.lasportiva.com\/media\/techinfo_icons\/polygiene.png\" alt=\"La Sportiva\" width=\"75\" height=\"75\" data-src=\"https:\/\/www.lasportiva.com\/media\/techinfo_icons\/polygiene.png\"><\/p>\n<p>La technologie antibact\u00e9rienne et anti-odeurs Polygiene\u00ae est un traitement durable, efficace et respectueux de l&#8217;environnement qui utilise des sels d&#8217;argent pour emp\u00eacher la formation de bact\u00e9ries responsables des mauvaises odeurs. Le r\u00e9sultat ? <strong>Vous pouvez porter vos v\u00eatements plus longtemps sans les laver. <\/strong><\/p>\n<p><img decoding=\"async\" class=\"img-responsive margin-bottom-sm\" src=\"https:\/\/www.lasportiva.com\/media\/techinfo_icons\/L2_75x75.png\"><\/p>\n<p><strong>L2 &#8211; COUCHE INTERM\u00c9DIAIRE ET COUCHE THERMIQUE<\/strong><br \/>\nElle offre une isolation thermique suppl\u00e9mentaire tout en favorisant l&#8217;\u00e9vacuation de la transpiration gr\u00e2ce \u00e0 une respirabilit\u00e9 \u00e9lev\u00e9e.<\/p>\n<p><img decoding=\"async\" src=\"https:\/\/www.lasportiva.com\/media\/RECYCLEDfabric_Icone_75x75_1.png\" alt=\"\"><\/p>\n<p>La Sportiva fabrique des produits pour la montagne depuis 1928 au pied des Dolomites : c&#8217;est pourquoi elle accorde une attention maximale \u00e0 chaque d\u00e9tail susceptible de faire la diff\u00e9rence, y compris par rapport \u00e0 l&#8217;environnement. Avec les logos <strong>RECYCLED FABRIC &amp; INSULATIONS<\/strong>, nous avons identifi\u00e9 des produits \u00e9cologiques qui, gr\u00e2ce \u00e0 des choix de production et de fabrication, utilisent des mat\u00e9riaux d\u00e9riv\u00e9s du recyclage du plastique et permettent ainsi au consommateur d&#8217;effectuer un achat conscient et respectueux de l&#8217;environnement.<\/p>\n<p><strong>RECYCLED FABRIC<\/strong><br \/>\nFibres de polyester fabriqu\u00e9es \u00e0 partir de bouteilles en plastique recycl\u00e9es et selon des proc\u00e9d\u00e9s \u00e9cologiques.<br \/>\n\u2022 Les v\u00eatements fabriqu\u00e9s avec des tissus <strong>RECYCLED FABRIC<\/strong> contribuent \u00e0 r\u00e9duire l&#8217;impact environnemental.<br \/>\n\u2022 Toutes les substances p\u00e9trochimiques ont \u00e9t\u00e9 remplac\u00e9es par le recyclage de bouteilles en plastique.<br \/>\n\u2022 Le processus de production des fibres recycl\u00e9es r\u00e9duit les \u00e9missions de CO2 dans l&#8217;atmosph\u00e8re d&#8217;environ 54 %.<\/p>\n<p>\u2022 Durabilit\u00e9 et qualit\u00e9 garanties dans le temps.<\/p>\n<p>&nbsp;<\/p>\n<p><b>Mat\u00e9riaux :<\/b><br \/>\n&gt;main : FSH02 72 % polyester recycl\u00e9 28 % lyocell&gt;poches : MSL02 100 % polyester recycl\u00e9<br \/>\n<b>Poids :<\/b><br \/>\n359<br \/>\n<b>Coupe :<\/b><br \/>\nR\u00e9guli\u00e8re<\/p>\n<p>&nbsp;<\/p>\n<div class=\"item-block collapsible-plus active\" role=\"tablist\" data-collapsible=\"true\">\n<div class=\"data item title\" role=\"tab\" data-role=\"title\" aria-expanded=\"true\">\n<h3 id=\"tab-label-plus\" class=\"switch-title\">plus<\/h3>\n<\/div>\n<div class=\"data item content\" role=\"tabpanel\" aria-labelledby=\"tab-label-plus\" data-role=\"content\" aria-hidden=\"false\">+ Coutures plates confortables anti-frottements<br \/>\n+ 2 poches pour les mains avec fermeture \u00e9clair<br \/>\n+ Moins de dispersion de microparticules<br \/>\n+ Manches raglan<br \/>\n+ Polaire de poids moyen avec fermeture \u00e9clair int\u00e9grale<br \/>\n+ Traitement antibact\u00e9rien et anti-odeurs<\/div>\n<\/div>\n","protected":false},"excerpt":{"rendered":"<ul>\n<li>&nbsp;Durabilit\u00e9<\/li>\n<li>&nbsp;L\u00e9g\u00e8ret\u00e9<\/li>\n<li>&nbsp;Isolation thermique<\/li>\n<\/ul>\n","protected":false},"featured_media":237948,"template":"","meta":{"_acf_changed":false,"inline_featured_image":false},"product_brand":[],"product_cat":[22599,22596,22595],"product_tag":[23597,23601],"class_list":{"0":"post-283518","1":"product","2":"type-product","3":"status-publish","4":"has-post-thumbnail","6":"product_cat-vestes","7":"product_cat-vetements-pour-femmes","8":"product_cat-femme","9":"product_tag-la-sportiva-fr","10":"product_tag-la-sportiva-femme","11":"pa_attivita-marcher","12":"pa_attivita-outdoor-fr","13":"pa_attivita-trail-fr","14":"pa_colore-element-jkt-w-cerise-fr","15":"pa_colore-element-jkt-w-crystal-fr","16":"pa_colore-elements-jkt-w-storm-blue-cherry-tomato-fr","17":"pa_marca-la-sportiva-fr","18":"pa_sesso-femme","19":"pa_size-extra-small-fr","20":"pa_size-small-fr","21":"pa_size-medium-fr","22":"pa_size-large-fr","24":"first","25":"instock","26":"sale","27":"taxable","28":"shipping-taxable","29":"purchasable","30":"product-type-variable","31":"wvs-archive-product-wrapper"},"acf":[],"yoast_head":"<!-- This site is optimized with the Yoast SEO plugin v26.8 - https:\/\/yoast.com\/product\/yoast-seo-wordpress\/ -->\n<title>La SportivaElement Jkt femme - Veste de course - MioMioRun.com<\/title>\n<meta name=\"description\" content=\"Une deuxi\u00e8me couche confortable qui offre une protection thermique et une fonctionnalit\u00e9 lors d&#039;une utilisation active. Gr\u00e2ce \u00e0 son int\u00e9rieur molletonn\u00e9 en fibres recycl\u00e9es et naturelles.\" \/>\n<meta name=\"robots\" content=\"index, follow, max-snippet:-1, max-image-preview:large, max-video-preview:-1\" \/>\n<link rel=\"canonical\" href=\"https:\/\/www.miomiorun.com\/fr\/produit\/element-jkt-femme\/\" \/>\n<meta property=\"og:locale\" content=\"fr_FR\" \/>\n<meta property=\"og:type\" content=\"article\" \/>\n<meta property=\"og:title\" content=\"La SportivaElement Jkt femme - Veste de course - MioMioRun.com\" \/>\n<meta property=\"og:description\" content=\"Une deuxi\u00e8me couche confortable qui offre une protection thermique et une fonctionnalit\u00e9 lors d&#039;une utilisation active. Gr\u00e2ce \u00e0 son int\u00e9rieur molletonn\u00e9 en fibres recycl\u00e9es et naturelles.\" \/>\n<meta property=\"og:url\" content=\"https:\/\/www.miomiorun.com\/fr\/produit\/element-jkt-femme\/\" \/>\n<meta property=\"og:site_name\" content=\"MioMioRun\" \/>\n<meta property=\"article:publisher\" content=\"https:\/\/www.facebook.com\/miomiorun\/\" \/>\n<meta property=\"article:modified_time\" content=\"2025-09-18T07:36:19+00:00\" \/>\n<meta property=\"og:image\" content=\"https:\/\/www.miomiorun.com\/app\/uploads\/2022\/09\/la-sportiva-element-jkt-W-cerise-M34409409.jpg\" \/>\n\t<meta property=\"og:image:width\" content=\"600\" \/>\n\t<meta property=\"og:image:height\" content=\"600\" \/>\n\t<meta property=\"og:image:type\" content=\"image\/jpeg\" \/>\n<meta name=\"twitter:card\" content=\"summary_large_image\" \/>\n<meta name=\"twitter:label1\" content=\"Est. reading time\" \/>\n\t<meta name=\"twitter:data1\" content=\"2 minutes\" \/>\n<script type=\"application\/ld+json\" class=\"yoast-schema-graph\">{\"@context\":\"https:\/\/schema.org\",\"@graph\":[{\"@type\":\"WebPage\",\"@id\":\"https:\/\/www.miomiorun.com\/fr\/produit\/element-jkt-femme\/\",\"url\":\"https:\/\/www.miomiorun.com\/fr\/produit\/element-jkt-femme\/\",\"name\":\"La SportivaElement Jkt femme - Veste de course - MioMioRun.com\",\"isPartOf\":{\"@id\":\"https:\/\/www.miomiorun.com\/fr\/#website\"},\"primaryImageOfPage\":{\"@id\":\"https:\/\/www.miomiorun.com\/fr\/produit\/element-jkt-femme\/#primaryimage\"},\"image\":{\"@id\":\"https:\/\/www.miomiorun.com\/fr\/produit\/element-jkt-femme\/#primaryimage\"},\"thumbnailUrl\":\"https:\/\/www.miomiorun.com\/app\/uploads\/2022\/09\/la-sportiva-element-jkt-W-cerise-M34409409.jpg\",\"datePublished\":\"2022-09-17T14:37:57+00:00\",\"dateModified\":\"2025-09-18T07:36:19+00:00\",\"description\":\"Une deuxi\u00e8me couche confortable qui offre une protection thermique et une fonctionnalit\u00e9 lors d'une utilisation active. Gr\u00e2ce \u00e0 son int\u00e9rieur molletonn\u00e9 en fibres recycl\u00e9es et naturelles.\",\"breadcrumb\":{\"@id\":\"https:\/\/www.miomiorun.com\/fr\/produit\/element-jkt-femme\/#breadcrumb\"},\"inLanguage\":\"fr-FR\",\"potentialAction\":[{\"@type\":\"ReadAction\",\"target\":[\"https:\/\/www.miomiorun.com\/fr\/produit\/element-jkt-femme\/\"]}]},{\"@type\":\"ImageObject\",\"inLanguage\":\"fr-FR\",\"@id\":\"https:\/\/www.miomiorun.com\/fr\/produit\/element-jkt-femme\/#primaryimage\",\"url\":\"https:\/\/www.miomiorun.com\/app\/uploads\/2022\/09\/la-sportiva-element-jkt-W-cerise-M34409409.jpg\",\"contentUrl\":\"https:\/\/www.miomiorun.com\/app\/uploads\/2022\/09\/la-sportiva-element-jkt-W-cerise-M34409409.jpg\",\"width\":600,\"height\":600,\"caption\":\"la-sportiva-element-jkt-W-cerise-M34409409\"},{\"@type\":\"BreadcrumbList\",\"@id\":\"https:\/\/www.miomiorun.com\/fr\/produit\/element-jkt-femme\/#breadcrumb\",\"itemListElement\":[{\"@type\":\"ListItem\",\"position\":1,\"name\":\"Home\",\"item\":\"https:\/\/www.miomiorun.com\/fr\/home-page\/\"},{\"@type\":\"ListItem\",\"position\":2,\"name\":\"Shop\",\"item\":\"https:\/\/www.miomiorun.com\/shop\/\"},{\"@type\":\"ListItem\",\"position\":3,\"name\":\"Element Jkt femme\"}]},{\"@type\":\"WebSite\",\"@id\":\"https:\/\/www.miomiorun.com\/fr\/#website\",\"url\":\"https:\/\/www.miomiorun.com\/fr\/\",\"name\":\"MioMioRun\",\"description\":\"Boutique 100% running et trail\",\"publisher\":{\"@id\":\"https:\/\/www.miomiorun.com\/fr\/#organization\"},\"potentialAction\":[{\"@type\":\"SearchAction\",\"target\":{\"@type\":\"EntryPoint\",\"urlTemplate\":\"https:\/\/www.miomiorun.com\/fr\/?s={search_term_string}\"},\"query-input\":{\"@type\":\"PropertyValueSpecification\",\"valueRequired\":true,\"valueName\":\"search_term_string\"}}],\"inLanguage\":\"fr-FR\"},{\"@type\":\"Organization\",\"@id\":\"https:\/\/www.miomiorun.com\/fr\/#organization\",\"name\":\"MioMio Run\",\"url\":\"https:\/\/www.miomiorun.com\/fr\/\",\"logo\":{\"@type\":\"ImageObject\",\"inLanguage\":\"fr-FR\",\"@id\":\"https:\/\/www.miomiorun.com\/fr\/#\/schema\/logo\/image\/\",\"url\":\"https:\/\/www.miomiorun.com\/app\/uploads\/2019\/12\/logomio.png\",\"contentUrl\":\"https:\/\/www.miomiorun.com\/app\/uploads\/2019\/12\/logomio.png\",\"width\":115,\"height\":82,\"caption\":\"MioMio Run\"},\"image\":{\"@id\":\"https:\/\/www.miomiorun.com\/fr\/#\/schema\/logo\/image\/\"},\"sameAs\":[\"https:\/\/www.facebook.com\/miomiorun\/\",\"https:\/\/www.instagram.com\/miomiorun\/\"]}]}<\/script>\n<!-- \/ Yoast SEO plugin. -->","yoast_head_json":{"title":"La SportivaElement Jkt femme - Veste de course - MioMioRun.com","description":"Une deuxi\u00e8me couche confortable qui offre une protection thermique et une fonctionnalit\u00e9 lors d'une utilisation active. Gr\u00e2ce \u00e0 son int\u00e9rieur molletonn\u00e9 en fibres recycl\u00e9es et naturelles.","robots":{"index":"index","follow":"follow","max-snippet":"max-snippet:-1","max-image-preview":"max-image-preview:large","max-video-preview":"max-video-preview:-1"},"canonical":"https:\/\/www.miomiorun.com\/fr\/produit\/element-jkt-femme\/","og_locale":"fr_FR","og_type":"article","og_title":"La SportivaElement Jkt femme - Veste de course - MioMioRun.com","og_description":"Une deuxi\u00e8me couche confortable qui offre une protection thermique et une fonctionnalit\u00e9 lors d'une utilisation active. Gr\u00e2ce \u00e0 son int\u00e9rieur molletonn\u00e9 en fibres recycl\u00e9es et naturelles.","og_url":"https:\/\/www.miomiorun.com\/fr\/produit\/element-jkt-femme\/","og_site_name":"MioMioRun","article_publisher":"https:\/\/www.facebook.com\/miomiorun\/","article_modified_time":"2025-09-18T07:36:19+00:00","og_image":[{"width":600,"height":600,"url":"https:\/\/www.miomiorun.com\/app\/uploads\/2022\/09\/la-sportiva-element-jkt-W-cerise-M34409409.jpg","type":"image\/jpeg"}],"twitter_card":"summary_large_image","twitter_misc":{"Est. reading time":"2 minutes"},"schema":{"@context":"https:\/\/schema.org","@graph":[{"@type":"WebPage","@id":"https:\/\/www.miomiorun.com\/fr\/produit\/element-jkt-femme\/","url":"https:\/\/www.miomiorun.com\/fr\/produit\/element-jkt-femme\/","name":"La SportivaElement Jkt femme - Veste de course - MioMioRun.com","isPartOf":{"@id":"https:\/\/www.miomiorun.com\/fr\/#website"},"primaryImageOfPage":{"@id":"https:\/\/www.miomiorun.com\/fr\/produit\/element-jkt-femme\/#primaryimage"},"image":{"@id":"https:\/\/www.miomiorun.com\/fr\/produit\/element-jkt-femme\/#primaryimage"},"thumbnailUrl":"https:\/\/www.miomiorun.com\/app\/uploads\/2022\/09\/la-sportiva-element-jkt-W-cerise-M34409409.jpg","datePublished":"2022-09-17T14:37:57+00:00","dateModified":"2025-09-18T07:36:19+00:00","description":"Une deuxi\u00e8me couche confortable qui offre une protection thermique et une fonctionnalit\u00e9 lors d'une utilisation active. Gr\u00e2ce \u00e0 son int\u00e9rieur molletonn\u00e9 en fibres recycl\u00e9es et naturelles.","breadcrumb":{"@id":"https:\/\/www.miomiorun.com\/fr\/produit\/element-jkt-femme\/#breadcrumb"},"inLanguage":"fr-FR","potentialAction":[{"@type":"ReadAction","target":["https:\/\/www.miomiorun.com\/fr\/produit\/element-jkt-femme\/"]}]},{"@type":"ImageObject","inLanguage":"fr-FR","@id":"https:\/\/www.miomiorun.com\/fr\/produit\/element-jkt-femme\/#primaryimage","url":"https:\/\/www.miomiorun.com\/app\/uploads\/2022\/09\/la-sportiva-element-jkt-W-cerise-M34409409.jpg","contentUrl":"https:\/\/www.miomiorun.com\/app\/uploads\/2022\/09\/la-sportiva-element-jkt-W-cerise-M34409409.jpg","width":600,"height":600,"caption":"la-sportiva-element-jkt-W-cerise-M34409409"},{"@type":"BreadcrumbList","@id":"https:\/\/www.miomiorun.com\/fr\/produit\/element-jkt-femme\/#breadcrumb","itemListElement":[{"@type":"ListItem","position":1,"name":"Home","item":"https:\/\/www.miomiorun.com\/fr\/home-page\/"},{"@type":"ListItem","position":2,"name":"Shop","item":"https:\/\/www.miomiorun.com\/shop\/"},{"@type":"ListItem","position":3,"name":"Element Jkt femme"}]},{"@type":"WebSite","@id":"https:\/\/www.miomiorun.com\/fr\/#website","url":"https:\/\/www.miomiorun.com\/fr\/","name":"MioMioRun","description":"Boutique 100% running et trail","publisher":{"@id":"https:\/\/www.miomiorun.com\/fr\/#organization"},"potentialAction":[{"@type":"SearchAction","target":{"@type":"EntryPoint","urlTemplate":"https:\/\/www.miomiorun.com\/fr\/?s={search_term_string}"},"query-input":{"@type":"PropertyValueSpecification","valueRequired":true,"valueName":"search_term_string"}}],"inLanguage":"fr-FR"},{"@type":"Organization","@id":"https:\/\/www.miomiorun.com\/fr\/#organization","name":"MioMio Run","url":"https:\/\/www.miomiorun.com\/fr\/","logo":{"@type":"ImageObject","inLanguage":"fr-FR","@id":"https:\/\/www.miomiorun.com\/fr\/#\/schema\/logo\/image\/","url":"https:\/\/www.miomiorun.com\/app\/uploads\/2019\/12\/logomio.png","contentUrl":"https:\/\/www.miomiorun.com\/app\/uploads\/2019\/12\/logomio.png","width":115,"height":82,"caption":"MioMio Run"},"image":{"@id":"https:\/\/www.miomiorun.com\/fr\/#\/schema\/logo\/image\/"},"sameAs":["https:\/\/www.facebook.com\/miomiorun\/","https:\/\/www.instagram.com\/miomiorun\/"]}]}},"_links":{"self":[{"href":"https:\/\/www.miomiorun.com\/fr\/wp-json\/wp\/v2\/product\/283518","targetHints":{"allow":["GET"]}}],"collection":[{"href":"https:\/\/www.miomiorun.com\/fr\/wp-json\/wp\/v2\/product"}],"about":[{"href":"https:\/\/www.miomiorun.com\/fr\/wp-json\/wp\/v2\/types\/product"}],"wp:featuredmedia":[{"embeddable":true,"href":"https:\/\/www.miomiorun.com\/fr\/wp-json\/wp\/v2\/media\/237948"}],"wp:attachment":[{"href":"https:\/\/www.miomiorun.com\/fr\/wp-json\/wp\/v2\/media?parent=283518"}],"wp:term":[{"taxonomy":"product_brand","embeddable":true,"href":"https:\/\/www.miomiorun.com\/fr\/wp-json\/wp\/v2\/product_brand?post=283518"},{"taxonomy":"product_cat","embeddable":true,"href":"https:\/\/www.miomiorun.com\/fr\/wp-json\/wp\/v2\/product_cat?post=283518"},{"taxonomy":"product_tag","embeddable":true,"href":"https:\/\/www.miomiorun.com\/fr\/wp-json\/wp\/v2\/product_tag?post=283518"}],"curies":[{"name":"wp","href":"https:\/\/api.w.org\/{rel}","templated":true}]}}