{"id":283509,"date":"2022-09-17T16:46:13","date_gmt":"2022-09-17T14:46:13","guid":{"rendered":"https:\/\/miomiorun.com\/prodotto\/alya-vest-donna\/"},"modified":"2025-09-18T09:38:44","modified_gmt":"2025-09-18T07:38:44","slug":"alya-vest-femme","status":"publish","type":"product","link":"https:\/\/www.miomiorun.com\/fr\/produit\/alya-vest-femme\/","title":{"rendered":"Alya Vest femme"},"content":{"rendered":"<p>Parfaite pour courir en montagne pendant l&#8217;hiver, cette <strong>veste Alya<\/strong> rembourr\u00e9e pour femme allie protection thermique et libert\u00e9 de mouvement.<\/p>\n<p>La partie avant en Primaloft\u00aeThermoplume vous garde au chaud, tandis que la construction innovante \u00e0 chambres et le panneau arri\u00e8re \u00e9lastique permettent une gestion optimale de l&#8217;humidit\u00e9.<\/p>\n<p><img decoding=\"async\" class=\"img-responsive margin-bottom-sm\" src=\"https:\/\/www.lasportiva.com\/media\/techinfo_icons\/Breathability_75x75.png\"><\/p>\n<p><strong>Respirabilit\u00e9 :<\/strong><br \/>\nProduits hautement respirants pour un excellent confort climatique.<\/p>\n<p><img decoding=\"async\" class=\"img-responsive margin-bottom-sm\" src=\"https:\/\/www.lasportiva.com\/media\/techinfo_icons\/Stretch_75x75.png\"><\/p>\n<p><strong>\u00c9lasticit\u00e9 :<\/strong><br \/>\nV\u00eatements confortables et r\u00e9actifs qui garantissent une libert\u00e9 de mouvement maximale.<\/p>\n<p><img loading=\"lazy\" decoding=\"async\" class=\" ls-is-cached lazyloaded\" src=\"https:\/\/www.lasportiva.com\/media\/techinfo_icons\/slim-fit.png\" alt=\"La Sportiva\" width=\"75\" height=\"75\" data-src=\"https:\/\/www.lasportiva.com\/media\/techinfo_icons\/slim-fit.png\"><\/p>\n<p><strong>Coupe ajust\u00e9e :<\/strong><br \/>\nCoupe tr\u00e8s ajust\u00e9e pour des performances maximales en comp\u00e9tition.<\/p>\n<p><img decoding=\"async\" class=\"img-responsive margin-bottom-sm\" src=\"https:\/\/www.lasportiva.com\/media\/techinfo_icons\/Lightweight_75x75.png\"><\/p>\n<p><strong>L\u00e9g\u00e8ret\u00e9 :<\/strong><br \/>\nProduits qui maintiennent le poids au minimum.<\/p>\n<p><img decoding=\"async\" class=\"img-responsive margin-bottom-sm\" src=\"https:\/\/www.lasportiva.com\/media\/techinfo_icons\/Insulation_75x75.png\"><\/p>\n<p><strong>Isolation thermique :<\/strong><br \/>\nProduits utilisables dans des conditions de basses temp\u00e9ratures.<\/p>\n<p><img loading=\"lazy\" decoding=\"async\" src=\"https:\/\/www.lasportiva.com\/media\/PRIMALOFTsilver_pop-up_600x300_1.png\" alt=\"\" width=\"476\" height=\"238\"><\/p>\n<p><strong>PrimaLoft\u00ae Silver Insulation <\/strong>\u2013 100 % PCR a \u00e9t\u00e9 enti\u00e8rement con\u00e7u \u00e0 partir de mat\u00e9riaux recycl\u00e9s post-consommation afin de cr\u00e9er un isolant haute performance et \u00e9cologique. Ses fibres, plus fines que le cachemire, cr\u00e9ent des millions de poches qui emprisonnent l&#8217;air et vous gardent au chaud lorsque les temp\u00e9ratures baissent, tandis qu&#8217;un traitement hydrofuge vous assure un confort optimal m\u00eame dans des conditions d&#8217;humidit\u00e9 \u00e9lev\u00e9e. L\u00e9ger et hautement compressible, PrimaLoft\u00ae Silver Insulation \u2013 100 % PCR est un isolant \u00e9cologique et performant \u00e0 la fois.<\/p>\n<p><img decoding=\"async\" class=\"img-responsive margin-bottom-sm\" src=\"https:\/\/www.lasportiva.com\/media\/techinfo_icons\/Wind-stop_75x75.png\"><\/p>\n<p><strong>Wind-stop :<\/strong><br \/>\nV\u00eatements fabriqu\u00e9s dans des mat\u00e9riaux coupe-vent.<\/p>\n<p><img loading=\"lazy\" decoding=\"async\" class=\" ls-is-cached lazyloaded\" src=\"https:\/\/www.lasportiva.com\/media\/techinfo_icons\/l\/3\/l3.png\" alt=\"La Sportiva\" width=\"75\" height=\"75\" data-src=\"https:\/\/www.lasportiva.com\/media\/techinfo_icons\/l\/3\/l3.png\"><\/p>\n<p><img decoding=\"async\" src=\"https:\/\/www.lasportiva.com\/media\/RECYCLEDfabric_insulation_Icone_75x75_2.png\" alt=\"\"><\/p>\n<p>La Sportiva fabrique des produits pour la montagne depuis 1928 au pied des Dolomites : c&#8217;est pourquoi elle accorde une attention maximale \u00e0 chaque d\u00e9tail susceptible de faire la diff\u00e9rence, y compris par rapport \u00e0 l&#8217;environnement. Avec les logos <strong>RECYCLED FABRIC &amp; INSULATIONS<\/strong>, nous avons identifi\u00e9 des produits \u00e9cologiques qui, gr\u00e2ce \u00e0 des choix de production et de fabrication, utilisent des mat\u00e9riaux d\u00e9riv\u00e9s du recyclage du plastique et permettent ainsi au consommateur d&#8217;effectuer un achat conscient et respectueux de l&#8217;environnement.<\/p>\n<p><strong>RECYCLED FABRIC<\/strong><br \/>\nFibres de polyester fabriqu\u00e9es \u00e0 partir de bouteilles en plastique recycl\u00e9es et selon des proc\u00e9d\u00e9s \u00e9cologiques.<br \/>\n\u2022 Les v\u00eatements fabriqu\u00e9s avec des tissus <strong>RECYCLED FABRIC<\/strong> contribuent \u00e0 r\u00e9duire l&#8217;impact environnemental<br \/>\n\u2022 Toutes les substances p\u00e9trochimiques ont \u00e9t\u00e9 remplac\u00e9es par le recyclage de bouteilles en plastique<br \/>\n\u2022 Le processus de production des fibres recycl\u00e9es r\u00e9duit les \u00e9missions de CO2 dans l&#8217;atmosph\u00e8re d&#8217;environ 54 %. \u2022 Durabilit\u00e9 et qualit\u00e9 garanties dans le temps.<\/p>\n<p><strong>RECYCLED INSULATION<\/strong><br \/>\nQu&#8217;il s&#8217;agisse d&#8217;isolants naturels ou synth\u00e9tiques, La Sportiva propose aujourd&#8217;hui de nombreuses solutions isolantes dans des mat\u00e9riaux \u00e9cologiques.<br \/>\n\u2022 Les v\u00eatements portant le logo <strong>RECYCLED INSULATION<\/strong> contribuent \u00e0 prot\u00e9ger les ressources naturelles et \u00e0 r\u00e9duire l&#8217;impact environnemental<br \/>\n\u2022 Le rembourrage en duvet a \u00e9t\u00e9 remplac\u00e9 par l&#8217;utilisation exclusive de plumes recycl\u00e9es certifi\u00e9es et contr\u00f4l\u00e9es afin de r\u00e9duire les \u00e9missions de dioxyde de carbone<br \/>\n\u2022 Les rembourrages en mati\u00e8re synth\u00e9tique sont r\u00e9alis\u00e9s en <strong>PRIMALOFT\u00ae Silver ECO<\/strong> : plus l\u00e9ger, isolant, plus confortable et plus hydrofuge.<br \/>\n\u2022 Excellentes performances dans les environnements froids, m\u00eame en cas d&#8217;utilisation prolong\u00e9e.<\/p>\n<p><strong>RECYCLED FABRIC &amp; INSULATION<\/strong><br \/>\nLes produits portant ce logo utilisent des mat\u00e9riaux recycl\u00e9s et \u00e9cologiques tant pour le tissu ext\u00e9rieur que pour le rembourrage int\u00e9rieur.<\/p>\n<p>&nbsp;<\/p>\n<p><b>Mat\u00e9riaux :<\/b><br \/>\n&gt;devant principal : WSL07 52 % polyamide recycl\u00e9 48 % polyamide&gt;dos, \u00e9paules, col : WSM11 85 % polyamide recycl\u00e9 15 % \u00e9lasthanne&gt;doublure devant et poches : WSL03 100 % polyamide recycl\u00e9<br \/>\n<b>Poids :<\/b><br \/>\n185<br \/>\n<b>Coupe :<\/b><br \/>\nSLIM<\/p>\n<p>&nbsp;<\/p>\n<div class=\"item-block collapsible-plus active\" role=\"tablist\" data-collapsible=\"true\">\n<div class=\"data item title\" role=\"tab\" data-role=\"title\" aria-expanded=\"true\">\n<h3 id=\"tab-label-plus\" class=\"switch-title\">plus<\/h3>\n<\/div>\n<div class=\"data item content\" role=\"tabpanel\" aria-labelledby=\"tab-label-plus\" data-role=\"content\" aria-hidden=\"false\">+ 2 poches pour les mains avec fermeture \u00e9clair<br \/>\n+ 2 poches int\u00e9rieures de rangement<br \/>\n+ D\u00e9tails r\u00e9fl\u00e9chissants<br \/>\n+ Fermeture \u00e0 bouton-pression sur le haut de la patte de fermeture \u00e9clair<br \/>\n+ Gilet de course en mati\u00e8re synth\u00e9tique l\u00e9g\u00e8re et rembourr\u00e9e, dot\u00e9 d&#8217;une fermeture \u00e9clair int\u00e9grale<br \/>\n+ Teintures \u00e9cologiques<\/div>\n<\/div>\n","protected":false},"excerpt":{"rendered":"<ul>\n<li><span style=\"font-weight: 400\">&nbsp;Respirabilit\u00e9<br \/>\n<\/span><\/li>\n<li>&nbsp;\u00c9lasticit\u00e9<\/li>\n<li>&nbsp;Coupe slim<\/li>\n<\/ul>\n","protected":false},"featured_media":237978,"template":"","meta":{"_acf_changed":false,"inline_featured_image":false},"product_brand":[],"product_cat":[22599,22596,22595],"product_tag":[23597,23601],"class_list":{"0":"post-283509","1":"product","2":"type-product","3":"status-publish","4":"has-post-thumbnail","6":"product_cat-vestes","7":"product_cat-vetements-pour-femmes","8":"product_cat-femme","9":"product_tag-la-sportiva-fr","10":"product_tag-la-sportiva-femme","11":"pa_attivita-marcher","12":"pa_attivita-outdoor-fr","13":"pa_attivita-trail-fr","14":"pa_colore-alya-vest-w-cherry-tomato-tea-fr","15":"pa_colore-alya-vest-w-crystal-cerise-fr","16":"pa_colore-alya-vest-w-lagoon-storm-blue-fr","17":"pa_colore-alya-vest-w-rosebay-redwood-fr","18":"pa_colore-alya-vest-w-turquoise-crystal-fr","19":"pa_marca-la-sportiva-fr","20":"pa_sesso-femme","21":"pa_size-extra-small-fr","22":"pa_size-small-fr","23":"pa_size-medium-fr","24":"pa_size-large-fr","26":"first","27":"instock","28":"sale","29":"taxable","30":"shipping-taxable","31":"purchasable","32":"product-type-variable","33":"wvs-archive-product-wrapper"},"acf":[],"yoast_head":"<!-- This site is optimized with the Yoast SEO plugin v26.8 - https:\/\/yoast.com\/product\/yoast-seo-wordpress\/ -->\n<title>La Sportiva Alya Vest femme - gilet de course - MioMioRun.com<\/title>\n<meta name=\"description\" content=\"Parfaite pour courir en montagne pendant l&#039;hiver, cette veste Alya , dans sa version femme, rembourr\u00e9e, allie protection thermique et libert\u00e9 de mouvement.\" \/>\n<meta name=\"robots\" content=\"index, follow, max-snippet:-1, max-image-preview:large, max-video-preview:-1\" \/>\n<link rel=\"canonical\" href=\"https:\/\/www.miomiorun.com\/fr\/produit\/alya-vest-femme\/\" \/>\n<meta property=\"og:locale\" content=\"fr_FR\" \/>\n<meta property=\"og:type\" content=\"article\" \/>\n<meta property=\"og:title\" content=\"La Sportiva Alya Vest femme - gilet de course - MioMioRun.com\" \/>\n<meta property=\"og:description\" content=\"Parfaite pour courir en montagne pendant l&#039;hiver, cette veste Alya , dans sa version femme, rembourr\u00e9e, allie protection thermique et libert\u00e9 de mouvement.\" \/>\n<meta property=\"og:url\" content=\"https:\/\/www.miomiorun.com\/fr\/produit\/alya-vest-femme\/\" \/>\n<meta property=\"og:site_name\" content=\"MioMioRun\" \/>\n<meta property=\"article:publisher\" content=\"https:\/\/www.facebook.com\/miomiorun\/\" \/>\n<meta property=\"article:modified_time\" content=\"2025-09-18T07:38:44+00:00\" \/>\n<meta property=\"og:image\" content=\"https:\/\/www.miomiorun.com\/app\/uploads\/2022\/09\/la-sportiva-alya-vest-W-turquoise-crystal-Q45616635.jpg\" \/>\n\t<meta property=\"og:image:width\" content=\"600\" \/>\n\t<meta property=\"og:image:height\" content=\"600\" \/>\n\t<meta property=\"og:image:type\" content=\"image\/jpeg\" \/>\n<meta name=\"twitter:card\" content=\"summary_large_image\" \/>\n<meta name=\"twitter:label1\" content=\"Est. reading time\" \/>\n\t<meta name=\"twitter:data1\" content=\"3 minutes\" \/>\n<script type=\"application\/ld+json\" class=\"yoast-schema-graph\">{\"@context\":\"https:\/\/schema.org\",\"@graph\":[{\"@type\":\"WebPage\",\"@id\":\"https:\/\/www.miomiorun.com\/fr\/produit\/alya-vest-femme\/\",\"url\":\"https:\/\/www.miomiorun.com\/fr\/produit\/alya-vest-femme\/\",\"name\":\"La Sportiva Alya Vest femme - gilet de course - MioMioRun.com\",\"isPartOf\":{\"@id\":\"https:\/\/www.miomiorun.com\/fr\/#website\"},\"primaryImageOfPage\":{\"@id\":\"https:\/\/www.miomiorun.com\/fr\/produit\/alya-vest-femme\/#primaryimage\"},\"image\":{\"@id\":\"https:\/\/www.miomiorun.com\/fr\/produit\/alya-vest-femme\/#primaryimage\"},\"thumbnailUrl\":\"https:\/\/www.miomiorun.com\/app\/uploads\/2022\/09\/la-sportiva-alya-vest-W-turquoise-crystal-Q45616635.jpg\",\"datePublished\":\"2022-09-17T14:46:13+00:00\",\"dateModified\":\"2025-09-18T07:38:44+00:00\",\"description\":\"Parfaite pour courir en montagne pendant l'hiver, cette veste Alya , dans sa version femme, rembourr\u00e9e, allie protection thermique et libert\u00e9 de mouvement.\",\"breadcrumb\":{\"@id\":\"https:\/\/www.miomiorun.com\/fr\/produit\/alya-vest-femme\/#breadcrumb\"},\"inLanguage\":\"fr-FR\",\"potentialAction\":[{\"@type\":\"ReadAction\",\"target\":[\"https:\/\/www.miomiorun.com\/fr\/produit\/alya-vest-femme\/\"]}]},{\"@type\":\"ImageObject\",\"inLanguage\":\"fr-FR\",\"@id\":\"https:\/\/www.miomiorun.com\/fr\/produit\/alya-vest-femme\/#primaryimage\",\"url\":\"https:\/\/www.miomiorun.com\/app\/uploads\/2022\/09\/la-sportiva-alya-vest-W-turquoise-crystal-Q45616635.jpg\",\"contentUrl\":\"https:\/\/www.miomiorun.com\/app\/uploads\/2022\/09\/la-sportiva-alya-vest-W-turquoise-crystal-Q45616635.jpg\",\"width\":600,\"height\":600,\"caption\":\"la-sportiva-alya-vest-W-turquoise-crystal-Q45616635\"},{\"@type\":\"BreadcrumbList\",\"@id\":\"https:\/\/www.miomiorun.com\/fr\/produit\/alya-vest-femme\/#breadcrumb\",\"itemListElement\":[{\"@type\":\"ListItem\",\"position\":1,\"name\":\"Home\",\"item\":\"https:\/\/www.miomiorun.com\/fr\/home-page\/\"},{\"@type\":\"ListItem\",\"position\":2,\"name\":\"Shop\",\"item\":\"https:\/\/www.miomiorun.com\/shop\/\"},{\"@type\":\"ListItem\",\"position\":3,\"name\":\"Alya Vest femme\"}]},{\"@type\":\"WebSite\",\"@id\":\"https:\/\/www.miomiorun.com\/fr\/#website\",\"url\":\"https:\/\/www.miomiorun.com\/fr\/\",\"name\":\"MioMioRun\",\"description\":\"Boutique 100% running et trail\",\"publisher\":{\"@id\":\"https:\/\/www.miomiorun.com\/fr\/#organization\"},\"potentialAction\":[{\"@type\":\"SearchAction\",\"target\":{\"@type\":\"EntryPoint\",\"urlTemplate\":\"https:\/\/www.miomiorun.com\/fr\/?s={search_term_string}\"},\"query-input\":{\"@type\":\"PropertyValueSpecification\",\"valueRequired\":true,\"valueName\":\"search_term_string\"}}],\"inLanguage\":\"fr-FR\"},{\"@type\":\"Organization\",\"@id\":\"https:\/\/www.miomiorun.com\/fr\/#organization\",\"name\":\"MioMio Run\",\"url\":\"https:\/\/www.miomiorun.com\/fr\/\",\"logo\":{\"@type\":\"ImageObject\",\"inLanguage\":\"fr-FR\",\"@id\":\"https:\/\/www.miomiorun.com\/fr\/#\/schema\/logo\/image\/\",\"url\":\"https:\/\/www.miomiorun.com\/app\/uploads\/2019\/12\/logomio.png\",\"contentUrl\":\"https:\/\/www.miomiorun.com\/app\/uploads\/2019\/12\/logomio.png\",\"width\":115,\"height\":82,\"caption\":\"MioMio Run\"},\"image\":{\"@id\":\"https:\/\/www.miomiorun.com\/fr\/#\/schema\/logo\/image\/\"},\"sameAs\":[\"https:\/\/www.facebook.com\/miomiorun\/\",\"https:\/\/www.instagram.com\/miomiorun\/\"]}]}<\/script>\n<!-- \/ Yoast SEO plugin. -->","yoast_head_json":{"title":"La Sportiva Alya Vest femme - gilet de course - MioMioRun.com","description":"Parfaite pour courir en montagne pendant l'hiver, cette veste Alya , dans sa version femme, rembourr\u00e9e, allie protection thermique et libert\u00e9 de mouvement.","robots":{"index":"index","follow":"follow","max-snippet":"max-snippet:-1","max-image-preview":"max-image-preview:large","max-video-preview":"max-video-preview:-1"},"canonical":"https:\/\/www.miomiorun.com\/fr\/produit\/alya-vest-femme\/","og_locale":"fr_FR","og_type":"article","og_title":"La Sportiva Alya Vest femme - gilet de course - MioMioRun.com","og_description":"Parfaite pour courir en montagne pendant l'hiver, cette veste Alya , dans sa version femme, rembourr\u00e9e, allie protection thermique et libert\u00e9 de mouvement.","og_url":"https:\/\/www.miomiorun.com\/fr\/produit\/alya-vest-femme\/","og_site_name":"MioMioRun","article_publisher":"https:\/\/www.facebook.com\/miomiorun\/","article_modified_time":"2025-09-18T07:38:44+00:00","og_image":[{"width":600,"height":600,"url":"https:\/\/www.miomiorun.com\/app\/uploads\/2022\/09\/la-sportiva-alya-vest-W-turquoise-crystal-Q45616635.jpg","type":"image\/jpeg"}],"twitter_card":"summary_large_image","twitter_misc":{"Est. reading time":"3 minutes"},"schema":{"@context":"https:\/\/schema.org","@graph":[{"@type":"WebPage","@id":"https:\/\/www.miomiorun.com\/fr\/produit\/alya-vest-femme\/","url":"https:\/\/www.miomiorun.com\/fr\/produit\/alya-vest-femme\/","name":"La Sportiva Alya Vest femme - gilet de course - MioMioRun.com","isPartOf":{"@id":"https:\/\/www.miomiorun.com\/fr\/#website"},"primaryImageOfPage":{"@id":"https:\/\/www.miomiorun.com\/fr\/produit\/alya-vest-femme\/#primaryimage"},"image":{"@id":"https:\/\/www.miomiorun.com\/fr\/produit\/alya-vest-femme\/#primaryimage"},"thumbnailUrl":"https:\/\/www.miomiorun.com\/app\/uploads\/2022\/09\/la-sportiva-alya-vest-W-turquoise-crystal-Q45616635.jpg","datePublished":"2022-09-17T14:46:13+00:00","dateModified":"2025-09-18T07:38:44+00:00","description":"Parfaite pour courir en montagne pendant l'hiver, cette veste Alya , dans sa version femme, rembourr\u00e9e, allie protection thermique et libert\u00e9 de mouvement.","breadcrumb":{"@id":"https:\/\/www.miomiorun.com\/fr\/produit\/alya-vest-femme\/#breadcrumb"},"inLanguage":"fr-FR","potentialAction":[{"@type":"ReadAction","target":["https:\/\/www.miomiorun.com\/fr\/produit\/alya-vest-femme\/"]}]},{"@type":"ImageObject","inLanguage":"fr-FR","@id":"https:\/\/www.miomiorun.com\/fr\/produit\/alya-vest-femme\/#primaryimage","url":"https:\/\/www.miomiorun.com\/app\/uploads\/2022\/09\/la-sportiva-alya-vest-W-turquoise-crystal-Q45616635.jpg","contentUrl":"https:\/\/www.miomiorun.com\/app\/uploads\/2022\/09\/la-sportiva-alya-vest-W-turquoise-crystal-Q45616635.jpg","width":600,"height":600,"caption":"la-sportiva-alya-vest-W-turquoise-crystal-Q45616635"},{"@type":"BreadcrumbList","@id":"https:\/\/www.miomiorun.com\/fr\/produit\/alya-vest-femme\/#breadcrumb","itemListElement":[{"@type":"ListItem","position":1,"name":"Home","item":"https:\/\/www.miomiorun.com\/fr\/home-page\/"},{"@type":"ListItem","position":2,"name":"Shop","item":"https:\/\/www.miomiorun.com\/shop\/"},{"@type":"ListItem","position":3,"name":"Alya Vest femme"}]},{"@type":"WebSite","@id":"https:\/\/www.miomiorun.com\/fr\/#website","url":"https:\/\/www.miomiorun.com\/fr\/","name":"MioMioRun","description":"Boutique 100% running et trail","publisher":{"@id":"https:\/\/www.miomiorun.com\/fr\/#organization"},"potentialAction":[{"@type":"SearchAction","target":{"@type":"EntryPoint","urlTemplate":"https:\/\/www.miomiorun.com\/fr\/?s={search_term_string}"},"query-input":{"@type":"PropertyValueSpecification","valueRequired":true,"valueName":"search_term_string"}}],"inLanguage":"fr-FR"},{"@type":"Organization","@id":"https:\/\/www.miomiorun.com\/fr\/#organization","name":"MioMio Run","url":"https:\/\/www.miomiorun.com\/fr\/","logo":{"@type":"ImageObject","inLanguage":"fr-FR","@id":"https:\/\/www.miomiorun.com\/fr\/#\/schema\/logo\/image\/","url":"https:\/\/www.miomiorun.com\/app\/uploads\/2019\/12\/logomio.png","contentUrl":"https:\/\/www.miomiorun.com\/app\/uploads\/2019\/12\/logomio.png","width":115,"height":82,"caption":"MioMio Run"},"image":{"@id":"https:\/\/www.miomiorun.com\/fr\/#\/schema\/logo\/image\/"},"sameAs":["https:\/\/www.facebook.com\/miomiorun\/","https:\/\/www.instagram.com\/miomiorun\/"]}]}},"_links":{"self":[{"href":"https:\/\/www.miomiorun.com\/fr\/wp-json\/wp\/v2\/product\/283509","targetHints":{"allow":["GET"]}}],"collection":[{"href":"https:\/\/www.miomiorun.com\/fr\/wp-json\/wp\/v2\/product"}],"about":[{"href":"https:\/\/www.miomiorun.com\/fr\/wp-json\/wp\/v2\/types\/product"}],"wp:featuredmedia":[{"embeddable":true,"href":"https:\/\/www.miomiorun.com\/fr\/wp-json\/wp\/v2\/media\/237978"}],"wp:attachment":[{"href":"https:\/\/www.miomiorun.com\/fr\/wp-json\/wp\/v2\/media?parent=283509"}],"wp:term":[{"taxonomy":"product_brand","embeddable":true,"href":"https:\/\/www.miomiorun.com\/fr\/wp-json\/wp\/v2\/product_brand?post=283509"},{"taxonomy":"product_cat","embeddable":true,"href":"https:\/\/www.miomiorun.com\/fr\/wp-json\/wp\/v2\/product_cat?post=283509"},{"taxonomy":"product_tag","embeddable":true,"href":"https:\/\/www.miomiorun.com\/fr\/wp-json\/wp\/v2\/product_tag?post=283509"}],"curies":[{"name":"wp","href":"https:\/\/api.w.org\/{rel}","templated":true}]}}