{"id":283324,"date":"2022-09-20T12:06:50","date_gmt":"2022-09-20T10:06:50","guid":{"rendered":"https:\/\/miomiorun.com\/prodotto\/vest-channel-donna\/"},"modified":"2025-09-18T09:53:17","modified_gmt":"2025-09-18T07:53:17","slug":"vest-channel-femme","status":"publish","type":"product","link":"https:\/\/www.miomiorun.com\/fr\/produit\/vest-channel-femme\/","title":{"rendered":"Vest Channel femme"},"content":{"rendered":"<div class=\"single-product-description\">\n<div class=\"descProdotto\">\n<p><strong>Vest Channel<\/strong> pour femme est un gilet hybride l\u00e9g\u00e8rement rembourr\u00e9, avec une construction diff\u00e9renci\u00e9e, destin\u00e9 au ski de randonn\u00e9e actif. La partie avant, plus expos\u00e9e aux intemp\u00e9ries, est fabriqu\u00e9e \u00e0 partir du nylon innovant <strong>I-Tube<\/strong> sans coutures. Le rembourrage est en <strong>JOY<\/strong>, le fil qui se rapproche le plus des caract\u00e9ristiques du duvet naturel, en reprenant ses qualit\u00e9s, \u00e0 savoir un s\u00e9chage rapide et une bonne imperm\u00e9abilit\u00e9, tout en \u00e9liminant ses d\u00e9fauts. Les d\u00e9tails du bas du dos et des aisselles sont en Vuelta, une polaire de fabrication italienne chaude, confortable et respirante.<\/p>\n<p><strong>CARACT\u00c9RISTIQUES :<\/strong><\/p>\n<\/div>\n<div class=\"carProdotto\">\n<ul>\n<li>col montant protecteur<\/li>\n<li>fermeture \u00e9clair frontale enti\u00e8rement s\u00e9parable<\/li>\n<li>poches pour les mains avec fermeture \u00e9clair<\/li>\n<li>bandeau au bas et inserts en tissu respirant, Vuelta italien<\/li>\n<\/ul>\n<\/div>\n<\/div>\n","protected":false},"excerpt":{"rendered":"<ul>\n<li>col montant protecteur<\/li>\n<li>fermeture \u00e9clair frontale enti\u00e8rement s\u00e9parable<\/li>\n<li>poches pour les mains avec fermeture \u00e9clair<\/li>\n<\/ul>\n","protected":false},"featured_media":237848,"template":"","meta":{"_acf_changed":false,"inline_featured_image":false},"product_brand":[],"product_cat":[22599,22596,22595],"product_tag":[23489,23491],"class_list":{"0":"post-283324","1":"product","2":"type-product","3":"status-publish","4":"has-post-thumbnail","6":"product_cat-vestes","7":"product_cat-vetements-pour-femmes","8":"product_cat-femme","9":"product_tag-crazy-idea-fr","10":"product_tag-crazy-idea-femme","11":"pa_attivita-marcher","12":"pa_attivita-outdoor-fr","13":"pa_colore-vest-channel-chewing-gum-w-fr","14":"pa_colore-vest-channel-early-w-fr","15":"pa_colore-vest-channel-pop-w-fr","16":"pa_colore-vest-channel-pop-w-fr-2","17":"pa_colore-vest-channel-w-frozen-fr","18":"pa_colore-vest-channel-w-lambada-fr","19":"pa_colore-vest-channel-w-vento-fr","20":"pa_marca-crazy-idea-fr","21":"pa_sesso-femme","22":"pa_size-extra-small-fr","23":"pa_size-small-fr","24":"pa_size-medium-fr","25":"pa_size-large-fr","27":"first","28":"instock","29":"sale","30":"taxable","31":"shipping-taxable","32":"purchasable","33":"product-type-variable","34":"wvs-archive-product-wrapper"},"acf":[],"yoast_head":"<!-- This site is optimized with the Yoast SEO plugin v26.8 - https:\/\/yoast.com\/product\/yoast-seo-wordpress\/ -->\n<title>crazy ideaVest Channel femme - Gilet de course - MioMioRun.com<\/title>\n<meta name=\"description\" content=\"Vest Channel pour femme est un gilet hybride l\u00e9g\u00e8rement rembourr\u00e9, avec une construction diff\u00e9renci\u00e9e, destin\u00e9 au ski de randonn\u00e9e actif. S\u00e9chage rapide et d\u00e9perlant.\" \/>\n<meta name=\"robots\" content=\"index, follow, max-snippet:-1, max-image-preview:large, max-video-preview:-1\" \/>\n<link rel=\"canonical\" href=\"https:\/\/www.miomiorun.com\/fr\/produit\/vest-channel-femme\/\" \/>\n<meta property=\"og:locale\" content=\"fr_FR\" \/>\n<meta property=\"og:type\" content=\"article\" \/>\n<meta property=\"og:title\" content=\"crazy ideaVest Channel femme - Gilet de course - MioMioRun.com\" \/>\n<meta property=\"og:description\" content=\"Vest Channel pour femme est un gilet hybride l\u00e9g\u00e8rement rembourr\u00e9, avec une construction diff\u00e9renci\u00e9e, destin\u00e9 au ski de randonn\u00e9e actif. S\u00e9chage rapide et d\u00e9perlant.\" \/>\n<meta property=\"og:url\" content=\"https:\/\/www.miomiorun.com\/fr\/produit\/vest-channel-femme\/\" \/>\n<meta property=\"og:site_name\" content=\"MioMioRun\" \/>\n<meta property=\"article:publisher\" content=\"https:\/\/www.facebook.com\/miomiorun\/\" \/>\n<meta property=\"article:modified_time\" content=\"2025-09-18T07:53:17+00:00\" \/>\n<meta property=\"og:image\" content=\"https:\/\/www.miomiorun.com\/app\/uploads\/2022\/09\/crazy-idea-vest-channel-W-lambada-W22035029D-0044.jpg\" \/>\n\t<meta property=\"og:image:width\" content=\"600\" \/>\n\t<meta property=\"og:image:height\" content=\"600\" \/>\n\t<meta property=\"og:image:type\" content=\"image\/jpeg\" \/>\n<meta name=\"twitter:card\" content=\"summary_large_image\" \/>\n<meta name=\"twitter:label1\" content=\"Est. reading time\" \/>\n\t<meta name=\"twitter:data1\" content=\"1 minute\" \/>\n<script type=\"application\/ld+json\" class=\"yoast-schema-graph\">{\"@context\":\"https:\/\/schema.org\",\"@graph\":[{\"@type\":\"WebPage\",\"@id\":\"https:\/\/www.miomiorun.com\/fr\/produit\/vest-channel-femme\/\",\"url\":\"https:\/\/www.miomiorun.com\/fr\/produit\/vest-channel-femme\/\",\"name\":\"crazy ideaVest Channel femme - Gilet de course - MioMioRun.com\",\"isPartOf\":{\"@id\":\"https:\/\/www.miomiorun.com\/fr\/#website\"},\"primaryImageOfPage\":{\"@id\":\"https:\/\/www.miomiorun.com\/fr\/produit\/vest-channel-femme\/#primaryimage\"},\"image\":{\"@id\":\"https:\/\/www.miomiorun.com\/fr\/produit\/vest-channel-femme\/#primaryimage\"},\"thumbnailUrl\":\"https:\/\/www.miomiorun.com\/app\/uploads\/2022\/09\/crazy-idea-vest-channel-W-lambada-W22035029D-0044.jpg\",\"datePublished\":\"2022-09-20T10:06:50+00:00\",\"dateModified\":\"2025-09-18T07:53:17+00:00\",\"description\":\"Vest Channel pour femme est un gilet hybride l\u00e9g\u00e8rement rembourr\u00e9, avec une construction diff\u00e9renci\u00e9e, destin\u00e9 au ski de randonn\u00e9e actif. S\u00e9chage rapide et d\u00e9perlant.\",\"breadcrumb\":{\"@id\":\"https:\/\/www.miomiorun.com\/fr\/produit\/vest-channel-femme\/#breadcrumb\"},\"inLanguage\":\"fr-FR\",\"potentialAction\":[{\"@type\":\"ReadAction\",\"target\":[\"https:\/\/www.miomiorun.com\/fr\/produit\/vest-channel-femme\/\"]}]},{\"@type\":\"ImageObject\",\"inLanguage\":\"fr-FR\",\"@id\":\"https:\/\/www.miomiorun.com\/fr\/produit\/vest-channel-femme\/#primaryimage\",\"url\":\"https:\/\/www.miomiorun.com\/app\/uploads\/2022\/09\/crazy-idea-vest-channel-W-lambada-W22035029D-0044.jpg\",\"contentUrl\":\"https:\/\/www.miomiorun.com\/app\/uploads\/2022\/09\/crazy-idea-vest-channel-W-lambada-W22035029D-0044.jpg\",\"width\":600,\"height\":600,\"caption\":\"crazy-idea-vest-channel-W-lambada-W22035029D-0044\"},{\"@type\":\"BreadcrumbList\",\"@id\":\"https:\/\/www.miomiorun.com\/fr\/produit\/vest-channel-femme\/#breadcrumb\",\"itemListElement\":[{\"@type\":\"ListItem\",\"position\":1,\"name\":\"Home\",\"item\":\"https:\/\/www.miomiorun.com\/fr\/home-page\/\"},{\"@type\":\"ListItem\",\"position\":2,\"name\":\"Shop\",\"item\":\"https:\/\/www.miomiorun.com\/shop\/\"},{\"@type\":\"ListItem\",\"position\":3,\"name\":\"Vest Channel femme\"}]},{\"@type\":\"WebSite\",\"@id\":\"https:\/\/www.miomiorun.com\/fr\/#website\",\"url\":\"https:\/\/www.miomiorun.com\/fr\/\",\"name\":\"MioMioRun\",\"description\":\"Boutique 100% running et trail\",\"publisher\":{\"@id\":\"https:\/\/www.miomiorun.com\/fr\/#organization\"},\"potentialAction\":[{\"@type\":\"SearchAction\",\"target\":{\"@type\":\"EntryPoint\",\"urlTemplate\":\"https:\/\/www.miomiorun.com\/fr\/?s={search_term_string}\"},\"query-input\":{\"@type\":\"PropertyValueSpecification\",\"valueRequired\":true,\"valueName\":\"search_term_string\"}}],\"inLanguage\":\"fr-FR\"},{\"@type\":\"Organization\",\"@id\":\"https:\/\/www.miomiorun.com\/fr\/#organization\",\"name\":\"MioMio Run\",\"url\":\"https:\/\/www.miomiorun.com\/fr\/\",\"logo\":{\"@type\":\"ImageObject\",\"inLanguage\":\"fr-FR\",\"@id\":\"https:\/\/www.miomiorun.com\/fr\/#\/schema\/logo\/image\/\",\"url\":\"https:\/\/www.miomiorun.com\/app\/uploads\/2019\/12\/logomio.png\",\"contentUrl\":\"https:\/\/www.miomiorun.com\/app\/uploads\/2019\/12\/logomio.png\",\"width\":115,\"height\":82,\"caption\":\"MioMio Run\"},\"image\":{\"@id\":\"https:\/\/www.miomiorun.com\/fr\/#\/schema\/logo\/image\/\"},\"sameAs\":[\"https:\/\/www.facebook.com\/miomiorun\/\",\"https:\/\/www.instagram.com\/miomiorun\/\"]}]}<\/script>\n<!-- \/ Yoast SEO plugin. -->","yoast_head_json":{"title":"crazy ideaVest Channel femme - Gilet de course - MioMioRun.com","description":"Vest Channel pour femme est un gilet hybride l\u00e9g\u00e8rement rembourr\u00e9, avec une construction diff\u00e9renci\u00e9e, destin\u00e9 au ski de randonn\u00e9e actif. S\u00e9chage rapide et d\u00e9perlant.","robots":{"index":"index","follow":"follow","max-snippet":"max-snippet:-1","max-image-preview":"max-image-preview:large","max-video-preview":"max-video-preview:-1"},"canonical":"https:\/\/www.miomiorun.com\/fr\/produit\/vest-channel-femme\/","og_locale":"fr_FR","og_type":"article","og_title":"crazy ideaVest Channel femme - Gilet de course - MioMioRun.com","og_description":"Vest Channel pour femme est un gilet hybride l\u00e9g\u00e8rement rembourr\u00e9, avec une construction diff\u00e9renci\u00e9e, destin\u00e9 au ski de randonn\u00e9e actif. S\u00e9chage rapide et d\u00e9perlant.","og_url":"https:\/\/www.miomiorun.com\/fr\/produit\/vest-channel-femme\/","og_site_name":"MioMioRun","article_publisher":"https:\/\/www.facebook.com\/miomiorun\/","article_modified_time":"2025-09-18T07:53:17+00:00","og_image":[{"width":600,"height":600,"url":"https:\/\/www.miomiorun.com\/app\/uploads\/2022\/09\/crazy-idea-vest-channel-W-lambada-W22035029D-0044.jpg","type":"image\/jpeg"}],"twitter_card":"summary_large_image","twitter_misc":{"Est. reading time":"1 minute"},"schema":{"@context":"https:\/\/schema.org","@graph":[{"@type":"WebPage","@id":"https:\/\/www.miomiorun.com\/fr\/produit\/vest-channel-femme\/","url":"https:\/\/www.miomiorun.com\/fr\/produit\/vest-channel-femme\/","name":"crazy ideaVest Channel femme - Gilet de course - MioMioRun.com","isPartOf":{"@id":"https:\/\/www.miomiorun.com\/fr\/#website"},"primaryImageOfPage":{"@id":"https:\/\/www.miomiorun.com\/fr\/produit\/vest-channel-femme\/#primaryimage"},"image":{"@id":"https:\/\/www.miomiorun.com\/fr\/produit\/vest-channel-femme\/#primaryimage"},"thumbnailUrl":"https:\/\/www.miomiorun.com\/app\/uploads\/2022\/09\/crazy-idea-vest-channel-W-lambada-W22035029D-0044.jpg","datePublished":"2022-09-20T10:06:50+00:00","dateModified":"2025-09-18T07:53:17+00:00","description":"Vest Channel pour femme est un gilet hybride l\u00e9g\u00e8rement rembourr\u00e9, avec une construction diff\u00e9renci\u00e9e, destin\u00e9 au ski de randonn\u00e9e actif. S\u00e9chage rapide et d\u00e9perlant.","breadcrumb":{"@id":"https:\/\/www.miomiorun.com\/fr\/produit\/vest-channel-femme\/#breadcrumb"},"inLanguage":"fr-FR","potentialAction":[{"@type":"ReadAction","target":["https:\/\/www.miomiorun.com\/fr\/produit\/vest-channel-femme\/"]}]},{"@type":"ImageObject","inLanguage":"fr-FR","@id":"https:\/\/www.miomiorun.com\/fr\/produit\/vest-channel-femme\/#primaryimage","url":"https:\/\/www.miomiorun.com\/app\/uploads\/2022\/09\/crazy-idea-vest-channel-W-lambada-W22035029D-0044.jpg","contentUrl":"https:\/\/www.miomiorun.com\/app\/uploads\/2022\/09\/crazy-idea-vest-channel-W-lambada-W22035029D-0044.jpg","width":600,"height":600,"caption":"crazy-idea-vest-channel-W-lambada-W22035029D-0044"},{"@type":"BreadcrumbList","@id":"https:\/\/www.miomiorun.com\/fr\/produit\/vest-channel-femme\/#breadcrumb","itemListElement":[{"@type":"ListItem","position":1,"name":"Home","item":"https:\/\/www.miomiorun.com\/fr\/home-page\/"},{"@type":"ListItem","position":2,"name":"Shop","item":"https:\/\/www.miomiorun.com\/shop\/"},{"@type":"ListItem","position":3,"name":"Vest Channel femme"}]},{"@type":"WebSite","@id":"https:\/\/www.miomiorun.com\/fr\/#website","url":"https:\/\/www.miomiorun.com\/fr\/","name":"MioMioRun","description":"Boutique 100% running et trail","publisher":{"@id":"https:\/\/www.miomiorun.com\/fr\/#organization"},"potentialAction":[{"@type":"SearchAction","target":{"@type":"EntryPoint","urlTemplate":"https:\/\/www.miomiorun.com\/fr\/?s={search_term_string}"},"query-input":{"@type":"PropertyValueSpecification","valueRequired":true,"valueName":"search_term_string"}}],"inLanguage":"fr-FR"},{"@type":"Organization","@id":"https:\/\/www.miomiorun.com\/fr\/#organization","name":"MioMio Run","url":"https:\/\/www.miomiorun.com\/fr\/","logo":{"@type":"ImageObject","inLanguage":"fr-FR","@id":"https:\/\/www.miomiorun.com\/fr\/#\/schema\/logo\/image\/","url":"https:\/\/www.miomiorun.com\/app\/uploads\/2019\/12\/logomio.png","contentUrl":"https:\/\/www.miomiorun.com\/app\/uploads\/2019\/12\/logomio.png","width":115,"height":82,"caption":"MioMio Run"},"image":{"@id":"https:\/\/www.miomiorun.com\/fr\/#\/schema\/logo\/image\/"},"sameAs":["https:\/\/www.facebook.com\/miomiorun\/","https:\/\/www.instagram.com\/miomiorun\/"]}]}},"_links":{"self":[{"href":"https:\/\/www.miomiorun.com\/fr\/wp-json\/wp\/v2\/product\/283324","targetHints":{"allow":["GET"]}}],"collection":[{"href":"https:\/\/www.miomiorun.com\/fr\/wp-json\/wp\/v2\/product"}],"about":[{"href":"https:\/\/www.miomiorun.com\/fr\/wp-json\/wp\/v2\/types\/product"}],"wp:featuredmedia":[{"embeddable":true,"href":"https:\/\/www.miomiorun.com\/fr\/wp-json\/wp\/v2\/media\/237848"}],"wp:attachment":[{"href":"https:\/\/www.miomiorun.com\/fr\/wp-json\/wp\/v2\/media?parent=283324"}],"wp:term":[{"taxonomy":"product_brand","embeddable":true,"href":"https:\/\/www.miomiorun.com\/fr\/wp-json\/wp\/v2\/product_brand?post=283324"},{"taxonomy":"product_cat","embeddable":true,"href":"https:\/\/www.miomiorun.com\/fr\/wp-json\/wp\/v2\/product_cat?post=283324"},{"taxonomy":"product_tag","embeddable":true,"href":"https:\/\/www.miomiorun.com\/fr\/wp-json\/wp\/v2\/product_tag?post=283324"}],"curies":[{"name":"wp","href":"https:\/\/api.w.org\/{rel}","templated":true}]}}