{"id":283252,"date":"2022-09-23T19:17:08","date_gmt":"2022-09-23T17:17:08","guid":{"rendered":"https:\/\/miomiorun.com\/prodotto\/pant-electra-donna\/"},"modified":"2026-05-08T21:29:56","modified_gmt":"2026-05-08T19:29:56","slug":"pant-electra-femme","status":"publish","type":"product","link":"https:\/\/www.miomiorun.com\/fr\/produit\/pant-electra-femme\/","title":{"rendered":"Pant Electra femme"},"content":{"rendered":"<div class=\"single-product-description\">\n<div class=\"single-product-description\">\n<div class=\"descProdotto\">\n<div class=\"descProdotto\">\n<p>Le <strong>Pant Electra<\/strong> est un pantalon de ski alpinisme actif con\u00e7u pour ceux qui, sans \u00eatre des comp\u00e9titeurs, sont entra\u00een\u00e9s, dynamiques et recherchent des v\u00eatements essentiels con\u00e7us pour un usage sp\u00e9cifique. Il s&#8217;agit l\u00e0 encore d&#8217;un changement de nom du mod\u00e8le historique B-Side, qui se renouvelle et se transforme pour pr\u00e9senter une gamme homog\u00e8ne de produits destin\u00e9s au ski de randonn\u00e9e. Il est compos\u00e9 de deux mat\u00e9riaux principaux : la partie avant est en tissu soft shell souple sans membrane, avec des caract\u00e9ristiques DWR (hydrofuge), coupe-vent, anti-boulochage et anti-d\u00e9chirure, tandis que la partie arri\u00e8re est en Vuelta \u00ab Made in Italy \u00bb, confortable, hautement respirante et thermique. La taille est ouverte, avec un bouton et une fermeture \u00e9clair invisible, les deux poches avant sont \u00e9quip\u00e9es d&#8217;une fermeture \u00e9clair, le bas des jambes est dot\u00e9 d&#8217;un \u00e9lastique \u00e0 haute r\u00e9sistance et d&#8217;un r\u00e9glage par fermeture \u00e9clair. C&#8217;est un v\u00eatement irrempla\u00e7able pour ceux qui exigent un produit parfait.<\/p>\n<p><strong>CARACT\u00c9RISTIQUES :<\/strong><\/p>\n<\/div>\n<div class=\"carProdotto\">\n<ul>\n<li>Ouverture \u00e0 la taille avec bouton et fermeture \u00e9clair invisible<\/li>\n<li>Poches pour les mains avec fermeture \u00e9clair de s\u00e9curit\u00e9<\/li>\n<li>Bas des jambes avec soufflet \u00e9lastique et fermeture \u00e9clair<\/li>\n<\/ul>\n<\/div>\n<\/div>\n<\/div>\n<\/div>\n","protected":false},"excerpt":{"rendered":"<ul>\n<li>Ouverture \u00e0 la taille avec bouton et fermeture \u00e9clair invisible<\/li>\n<li>Poches pour les mains avec fermeture \u00e9clair de s\u00e9curit\u00e9<\/li>\n<li>Bas des jambes avec soufflet \u00e9lastique et fermeture \u00e9clair<\/li>\n<\/ul>\n","protected":false},"featured_media":237858,"template":"","meta":{"_acf_changed":false,"inline_featured_image":false},"product_brand":[],"product_cat":[22603,22596,22595],"product_tag":[23489,23491],"class_list":{"0":"post-283252","1":"product","2":"type-product","3":"status-publish","4":"has-post-thumbnail","6":"product_cat-pantalon-long","7":"product_cat-vetements-pour-femmes","8":"product_cat-femme","9":"product_tag-crazy-idea-fr","10":"product_tag-crazy-idea-femme","11":"pa_attivita-marcher","12":"pa_attivita-outdoor-fr","13":"pa_colore-pant-electra-w-black-fr","14":"pa_marca-crazy-idea-fr","15":"pa_sesso-femme","16":"pa_size-44-fr","18":"first","19":"instock","20":"sale","21":"taxable","22":"shipping-taxable","23":"purchasable","24":"product-type-variable","25":"wvs-archive-product-wrapper"},"acf":[],"yoast_head":"<!-- This site is optimized with the Yoast SEO plugin v26.8 - https:\/\/yoast.com\/product\/yoast-seo-wordpress\/ -->\n<title>Crazy IdeaPant Electra femme - Pantalon de course - MioMioRun<\/title>\n<meta name=\"description\" content=\"Le Pant Electra pour femme est un pantalon de ski alpinisme actif con\u00e7u pour celles qui, sans faire de comp\u00e9tition, sont entra\u00een\u00e9es et dynamiques.\" \/>\n<meta name=\"robots\" content=\"index, follow, max-snippet:-1, max-image-preview:large, max-video-preview:-1\" \/>\n<link rel=\"canonical\" href=\"https:\/\/www.miomiorun.com\/fr\/produit\/pant-electra-femme\/\" \/>\n<meta property=\"og:locale\" content=\"fr_FR\" \/>\n<meta property=\"og:type\" content=\"article\" \/>\n<meta property=\"og:title\" content=\"Crazy IdeaPant Electra femme - Pantalon de course - MioMioRun\" \/>\n<meta property=\"og:description\" content=\"Le Pant Electra pour femme est un pantalon de ski alpinisme actif con\u00e7u pour celles qui, sans faire de comp\u00e9tition, sont entra\u00een\u00e9es et dynamiques.\" \/>\n<meta property=\"og:url\" content=\"https:\/\/www.miomiorun.com\/fr\/produit\/pant-electra-femme\/\" \/>\n<meta property=\"og:site_name\" content=\"MioMioRun\" \/>\n<meta property=\"article:publisher\" content=\"https:\/\/www.facebook.com\/miomiorun\/\" \/>\n<meta property=\"article:modified_time\" content=\"2026-05-08T19:29:56+00:00\" \/>\n<meta property=\"og:image\" content=\"https:\/\/www.miomiorun.com\/app\/uploads\/2022\/09\/crazy-idea-pant-electra-W-black-W22015144D-0001.jpg\" \/>\n\t<meta property=\"og:image:width\" content=\"600\" \/>\n\t<meta property=\"og:image:height\" content=\"600\" \/>\n\t<meta property=\"og:image:type\" content=\"image\/jpeg\" \/>\n<meta name=\"twitter:card\" content=\"summary_large_image\" \/>\n<meta name=\"twitter:label1\" content=\"Est. reading time\" \/>\n\t<meta name=\"twitter:data1\" content=\"1 minute\" \/>\n<script type=\"application\/ld+json\" class=\"yoast-schema-graph\">{\"@context\":\"https:\/\/schema.org\",\"@graph\":[{\"@type\":\"WebPage\",\"@id\":\"https:\/\/www.miomiorun.com\/fr\/produit\/pant-electra-femme\/\",\"url\":\"https:\/\/www.miomiorun.com\/fr\/produit\/pant-electra-femme\/\",\"name\":\"Crazy IdeaPant Electra femme - Pantalon de course - MioMioRun\",\"isPartOf\":{\"@id\":\"https:\/\/www.miomiorun.com\/fr\/#website\"},\"primaryImageOfPage\":{\"@id\":\"https:\/\/www.miomiorun.com\/fr\/produit\/pant-electra-femme\/#primaryimage\"},\"image\":{\"@id\":\"https:\/\/www.miomiorun.com\/fr\/produit\/pant-electra-femme\/#primaryimage\"},\"thumbnailUrl\":\"https:\/\/www.miomiorun.com\/app\/uploads\/2022\/09\/crazy-idea-pant-electra-W-black-W22015144D-0001.jpg\",\"datePublished\":\"2022-09-23T17:17:08+00:00\",\"dateModified\":\"2026-05-08T19:29:56+00:00\",\"description\":\"Le Pant Electra pour femme est un pantalon de ski alpinisme actif con\u00e7u pour celles qui, sans faire de comp\u00e9tition, sont entra\u00een\u00e9es et dynamiques.\",\"breadcrumb\":{\"@id\":\"https:\/\/www.miomiorun.com\/fr\/produit\/pant-electra-femme\/#breadcrumb\"},\"inLanguage\":\"fr-FR\",\"potentialAction\":[{\"@type\":\"ReadAction\",\"target\":[\"https:\/\/www.miomiorun.com\/fr\/produit\/pant-electra-femme\/\"]}]},{\"@type\":\"ImageObject\",\"inLanguage\":\"fr-FR\",\"@id\":\"https:\/\/www.miomiorun.com\/fr\/produit\/pant-electra-femme\/#primaryimage\",\"url\":\"https:\/\/www.miomiorun.com\/app\/uploads\/2022\/09\/crazy-idea-pant-electra-W-black-W22015144D-0001.jpg\",\"contentUrl\":\"https:\/\/www.miomiorun.com\/app\/uploads\/2022\/09\/crazy-idea-pant-electra-W-black-W22015144D-0001.jpg\",\"width\":600,\"height\":600,\"caption\":\"crazy-idea-pant-electra-W-black-W22015144D-0001\"},{\"@type\":\"BreadcrumbList\",\"@id\":\"https:\/\/www.miomiorun.com\/fr\/produit\/pant-electra-femme\/#breadcrumb\",\"itemListElement\":[{\"@type\":\"ListItem\",\"position\":1,\"name\":\"Home\",\"item\":\"https:\/\/www.miomiorun.com\/fr\/home-page\/\"},{\"@type\":\"ListItem\",\"position\":2,\"name\":\"Shop\",\"item\":\"https:\/\/www.miomiorun.com\/shop\/\"},{\"@type\":\"ListItem\",\"position\":3,\"name\":\"Pant Electra femme\"}]},{\"@type\":\"WebSite\",\"@id\":\"https:\/\/www.miomiorun.com\/fr\/#website\",\"url\":\"https:\/\/www.miomiorun.com\/fr\/\",\"name\":\"MioMioRun\",\"description\":\"Boutique 100% running et trail\",\"publisher\":{\"@id\":\"https:\/\/www.miomiorun.com\/fr\/#organization\"},\"potentialAction\":[{\"@type\":\"SearchAction\",\"target\":{\"@type\":\"EntryPoint\",\"urlTemplate\":\"https:\/\/www.miomiorun.com\/fr\/?s={search_term_string}\"},\"query-input\":{\"@type\":\"PropertyValueSpecification\",\"valueRequired\":true,\"valueName\":\"search_term_string\"}}],\"inLanguage\":\"fr-FR\"},{\"@type\":\"Organization\",\"@id\":\"https:\/\/www.miomiorun.com\/fr\/#organization\",\"name\":\"MioMio Run\",\"url\":\"https:\/\/www.miomiorun.com\/fr\/\",\"logo\":{\"@type\":\"ImageObject\",\"inLanguage\":\"fr-FR\",\"@id\":\"https:\/\/www.miomiorun.com\/fr\/#\/schema\/logo\/image\/\",\"url\":\"https:\/\/www.miomiorun.com\/app\/uploads\/2019\/12\/logomio.png\",\"contentUrl\":\"https:\/\/www.miomiorun.com\/app\/uploads\/2019\/12\/logomio.png\",\"width\":115,\"height\":82,\"caption\":\"MioMio Run\"},\"image\":{\"@id\":\"https:\/\/www.miomiorun.com\/fr\/#\/schema\/logo\/image\/\"},\"sameAs\":[\"https:\/\/www.facebook.com\/miomiorun\/\",\"https:\/\/www.instagram.com\/miomiorun\/\"]}]}<\/script>\n<!-- \/ Yoast SEO plugin. -->","yoast_head_json":{"title":"Crazy IdeaPant Electra femme - Pantalon de course - MioMioRun","description":"Le Pant Electra pour femme est un pantalon de ski alpinisme actif con\u00e7u pour celles qui, sans faire de comp\u00e9tition, sont entra\u00een\u00e9es et dynamiques.","robots":{"index":"index","follow":"follow","max-snippet":"max-snippet:-1","max-image-preview":"max-image-preview:large","max-video-preview":"max-video-preview:-1"},"canonical":"https:\/\/www.miomiorun.com\/fr\/produit\/pant-electra-femme\/","og_locale":"fr_FR","og_type":"article","og_title":"Crazy IdeaPant Electra femme - Pantalon de course - MioMioRun","og_description":"Le Pant Electra pour femme est un pantalon de ski alpinisme actif con\u00e7u pour celles qui, sans faire de comp\u00e9tition, sont entra\u00een\u00e9es et dynamiques.","og_url":"https:\/\/www.miomiorun.com\/fr\/produit\/pant-electra-femme\/","og_site_name":"MioMioRun","article_publisher":"https:\/\/www.facebook.com\/miomiorun\/","article_modified_time":"2026-05-08T19:29:56+00:00","og_image":[{"width":600,"height":600,"url":"https:\/\/www.miomiorun.com\/app\/uploads\/2022\/09\/crazy-idea-pant-electra-W-black-W22015144D-0001.jpg","type":"image\/jpeg"}],"twitter_card":"summary_large_image","twitter_misc":{"Est. reading time":"1 minute"},"schema":{"@context":"https:\/\/schema.org","@graph":[{"@type":"WebPage","@id":"https:\/\/www.miomiorun.com\/fr\/produit\/pant-electra-femme\/","url":"https:\/\/www.miomiorun.com\/fr\/produit\/pant-electra-femme\/","name":"Crazy IdeaPant Electra femme - Pantalon de course - MioMioRun","isPartOf":{"@id":"https:\/\/www.miomiorun.com\/fr\/#website"},"primaryImageOfPage":{"@id":"https:\/\/www.miomiorun.com\/fr\/produit\/pant-electra-femme\/#primaryimage"},"image":{"@id":"https:\/\/www.miomiorun.com\/fr\/produit\/pant-electra-femme\/#primaryimage"},"thumbnailUrl":"https:\/\/www.miomiorun.com\/app\/uploads\/2022\/09\/crazy-idea-pant-electra-W-black-W22015144D-0001.jpg","datePublished":"2022-09-23T17:17:08+00:00","dateModified":"2026-05-08T19:29:56+00:00","description":"Le Pant Electra pour femme est un pantalon de ski alpinisme actif con\u00e7u pour celles qui, sans faire de comp\u00e9tition, sont entra\u00een\u00e9es et dynamiques.","breadcrumb":{"@id":"https:\/\/www.miomiorun.com\/fr\/produit\/pant-electra-femme\/#breadcrumb"},"inLanguage":"fr-FR","potentialAction":[{"@type":"ReadAction","target":["https:\/\/www.miomiorun.com\/fr\/produit\/pant-electra-femme\/"]}]},{"@type":"ImageObject","inLanguage":"fr-FR","@id":"https:\/\/www.miomiorun.com\/fr\/produit\/pant-electra-femme\/#primaryimage","url":"https:\/\/www.miomiorun.com\/app\/uploads\/2022\/09\/crazy-idea-pant-electra-W-black-W22015144D-0001.jpg","contentUrl":"https:\/\/www.miomiorun.com\/app\/uploads\/2022\/09\/crazy-idea-pant-electra-W-black-W22015144D-0001.jpg","width":600,"height":600,"caption":"crazy-idea-pant-electra-W-black-W22015144D-0001"},{"@type":"BreadcrumbList","@id":"https:\/\/www.miomiorun.com\/fr\/produit\/pant-electra-femme\/#breadcrumb","itemListElement":[{"@type":"ListItem","position":1,"name":"Home","item":"https:\/\/www.miomiorun.com\/fr\/home-page\/"},{"@type":"ListItem","position":2,"name":"Shop","item":"https:\/\/www.miomiorun.com\/shop\/"},{"@type":"ListItem","position":3,"name":"Pant Electra femme"}]},{"@type":"WebSite","@id":"https:\/\/www.miomiorun.com\/fr\/#website","url":"https:\/\/www.miomiorun.com\/fr\/","name":"MioMioRun","description":"Boutique 100% running et trail","publisher":{"@id":"https:\/\/www.miomiorun.com\/fr\/#organization"},"potentialAction":[{"@type":"SearchAction","target":{"@type":"EntryPoint","urlTemplate":"https:\/\/www.miomiorun.com\/fr\/?s={search_term_string}"},"query-input":{"@type":"PropertyValueSpecification","valueRequired":true,"valueName":"search_term_string"}}],"inLanguage":"fr-FR"},{"@type":"Organization","@id":"https:\/\/www.miomiorun.com\/fr\/#organization","name":"MioMio Run","url":"https:\/\/www.miomiorun.com\/fr\/","logo":{"@type":"ImageObject","inLanguage":"fr-FR","@id":"https:\/\/www.miomiorun.com\/fr\/#\/schema\/logo\/image\/","url":"https:\/\/www.miomiorun.com\/app\/uploads\/2019\/12\/logomio.png","contentUrl":"https:\/\/www.miomiorun.com\/app\/uploads\/2019\/12\/logomio.png","width":115,"height":82,"caption":"MioMio Run"},"image":{"@id":"https:\/\/www.miomiorun.com\/fr\/#\/schema\/logo\/image\/"},"sameAs":["https:\/\/www.facebook.com\/miomiorun\/","https:\/\/www.instagram.com\/miomiorun\/"]}]}},"_links":{"self":[{"href":"https:\/\/www.miomiorun.com\/fr\/wp-json\/wp\/v2\/product\/283252","targetHints":{"allow":["GET"]}}],"collection":[{"href":"https:\/\/www.miomiorun.com\/fr\/wp-json\/wp\/v2\/product"}],"about":[{"href":"https:\/\/www.miomiorun.com\/fr\/wp-json\/wp\/v2\/types\/product"}],"wp:featuredmedia":[{"embeddable":true,"href":"https:\/\/www.miomiorun.com\/fr\/wp-json\/wp\/v2\/media\/237858"}],"wp:attachment":[{"href":"https:\/\/www.miomiorun.com\/fr\/wp-json\/wp\/v2\/media?parent=283252"}],"wp:term":[{"taxonomy":"product_brand","embeddable":true,"href":"https:\/\/www.miomiorun.com\/fr\/wp-json\/wp\/v2\/product_brand?post=283252"},{"taxonomy":"product_cat","embeddable":true,"href":"https:\/\/www.miomiorun.com\/fr\/wp-json\/wp\/v2\/product_cat?post=283252"},{"taxonomy":"product_tag","embeddable":true,"href":"https:\/\/www.miomiorun.com\/fr\/wp-json\/wp\/v2\/product_tag?post=283252"}],"curies":[{"name":"wp","href":"https:\/\/api.w.org\/{rel}","templated":true}]}}