{"id":283066,"date":"2022-05-06T16:31:00","date_gmt":"2022-05-06T14:31:00","guid":{"rendered":"https:\/\/miomiorun.com\/prodotto\/montura-ghost-band\/"},"modified":"2025-09-19T18:22:27","modified_gmt":"2025-09-19T16:22:27","slug":"montura-ghost-band","status":"publish","type":"product","link":"https:\/\/www.miomiorun.com\/fr\/produit\/montura-ghost-band\/","title":{"rendered":"Ghost Band"},"content":{"rendered":"<p><b> Montura Ghost Band<\/b> est un bandeau unisexe en jersey Microfresh ultra-l\u00e9ger en polyester stretch avec contr\u00f4le actif de la transpiration et propri\u00e9t\u00e9s quick-dry, qui assure une ventilation maximale et une protection contre les rayons UV, un v\u00eatement id\u00e9al pour la course \u00e0 pied et diverses activit\u00e9s a\u00e9robiques.<\/p>\n<p><strong>Caract\u00e9ristiques :<\/strong><\/p>\n<p>\u2022 Bandeau unisexe<br \/>\n\u2022 Tissu Microfresh jersey stretch polyester ultra-l\u00e9ger avec contr\u00f4le actif de la transpiration et propri\u00e9t\u00e9s quick-dry, garantissant une ventilation maximale et une protection contre les rayons UV<br \/>\n\u2022 V\u00eatement id\u00e9al pour la course \u00e0 pied et diverses activit\u00e9s a\u00e9robiques<\/p>\n<p class=\"product-weight\">Poids : 0,03 kg<\/p>\n<p><img decoding=\"async\" src=\"https:\/\/www.montura.it\/media\/amasty\/shopby\/option_images\/slider\/climate_1.svg\" alt=\"Caldo\"><img decoding=\"async\" src=\"https:\/\/www.montura.it\/media\/amasty\/shopby\/option_images\/slider\/breathable_1.svg\" alt=\"breathable\"><\/p>\n<p><img decoding=\"async\" src=\"https:\/\/www.montura.it\/media\/amasty\/shopby\/option_images\/slider\/ICM95.svg\" alt=\"ICM95\"><\/p>\n","protected":false},"excerpt":{"rendered":"<p>Montura Ghost Band est un bandeau unisexe en jersey Microfresh ultra-l\u00e9ger en polyester stretch avec contr\u00f4le actif de la transpiration et propri\u00e9t\u00e9s quick-dry, qui assure une ventilation maximale et une protection contre les rayons UV, un v\u00eatement id\u00e9al pour la course \u00e0 pied et diverses activit\u00e9s a\u00e9robiques. Caract\u00e9ristiques : \u2022 Bandeau unisexe \u2022 Tissu Microfresh &hellip; <a href=\"https:\/\/www.miomiorun.com\/fr\/produit\/montura-ghost-band\/\">Continued<\/a><\/p>\n","protected":false},"featured_media":236735,"template":"","meta":{"_acf_changed":false,"inline_featured_image":false},"product_brand":[],"product_cat":[22580,22579,22538],"product_tag":[23512],"class_list":{"0":"post-283066","1":"product","2":"type-product","3":"status-publish","4":"has-post-thumbnail","6":"product_cat-chapeaux-casquettes","7":"product_cat-chauffage","8":"product_cat-accessoires","9":"product_tag-montura-fr","10":"pa_attivita-marcher","11":"pa_attivita-outdoor-fr","12":"pa_attivita-trail-fr","13":"pa_colore-ghost-band-rosa-bianco-fr","14":"pa_marca-montura-fr","15":"pa_sesso-femme","16":"pa_sesso-homme","18":"first","19":"instock","20":"sale","21":"taxable","22":"shipping-taxable","23":"purchasable","24":"product-type-variable","25":"wvs-archive-product-wrapper"},"acf":[],"yoast_head":"<!-- This site is optimized with the Yoast SEO plugin v26.8 - https:\/\/yoast.com\/product\/yoast-seo-wordpress\/ -->\n<title>Montura Ghost Band - bandeau unisex- MioMioRun.com<\/title>\n<meta name=\"description\" content=\"Montura Ghost Band est un bandeau unisex en jersey Microfresh, id\u00e9al pour la course \u00e0 pied et diverses activit\u00e9s a\u00e9robiques.\" \/>\n<meta name=\"robots\" content=\"index, follow, max-snippet:-1, max-image-preview:large, max-video-preview:-1\" \/>\n<link rel=\"canonical\" href=\"https:\/\/www.miomiorun.com\/fr\/produit\/montura-ghost-band\/\" \/>\n<meta property=\"og:locale\" content=\"fr_FR\" \/>\n<meta property=\"og:type\" content=\"article\" \/>\n<meta property=\"og:title\" content=\"Montura Ghost Band - bandeau unisex- MioMioRun.com\" \/>\n<meta property=\"og:description\" content=\"Montura Ghost Band est un bandeau unisex en jersey Microfresh, id\u00e9al pour la course \u00e0 pied et diverses activit\u00e9s a\u00e9robiques.\" \/>\n<meta property=\"og:url\" content=\"https:\/\/www.miomiorun.com\/fr\/produit\/montura-ghost-band\/\" \/>\n<meta property=\"og:site_name\" content=\"MioMioRun\" \/>\n<meta property=\"article:publisher\" content=\"https:\/\/www.facebook.com\/miomiorun\/\" \/>\n<meta property=\"article:modified_time\" content=\"2025-09-19T16:22:27+00:00\" \/>\n<meta property=\"og:image\" content=\"https:\/\/www.miomiorun.com\/app\/uploads\/2022\/05\/montura-ghost-band-verde-lime-piombo-MBFY90U-4793.jpg\" \/>\n\t<meta property=\"og:image:width\" content=\"600\" \/>\n\t<meta property=\"og:image:height\" content=\"600\" \/>\n\t<meta property=\"og:image:type\" content=\"image\/jpeg\" \/>\n<meta name=\"twitter:card\" content=\"summary_large_image\" \/>\n<meta name=\"twitter:label1\" content=\"Est. reading time\" \/>\n\t<meta name=\"twitter:data1\" content=\"1 minute\" \/>\n<script type=\"application\/ld+json\" class=\"yoast-schema-graph\">{\"@context\":\"https:\/\/schema.org\",\"@graph\":[{\"@type\":\"WebPage\",\"@id\":\"https:\/\/www.miomiorun.com\/fr\/produit\/montura-ghost-band\/\",\"url\":\"https:\/\/www.miomiorun.com\/fr\/produit\/montura-ghost-band\/\",\"name\":\"Montura Ghost Band - bandeau unisex- MioMioRun.com\",\"isPartOf\":{\"@id\":\"https:\/\/www.miomiorun.com\/fr\/#website\"},\"primaryImageOfPage\":{\"@id\":\"https:\/\/www.miomiorun.com\/fr\/produit\/montura-ghost-band\/#primaryimage\"},\"image\":{\"@id\":\"https:\/\/www.miomiorun.com\/fr\/produit\/montura-ghost-band\/#primaryimage\"},\"thumbnailUrl\":\"https:\/\/www.miomiorun.com\/app\/uploads\/2022\/05\/montura-ghost-band-verde-lime-piombo-MBFY90U-4793.jpg\",\"datePublished\":\"2022-05-06T14:31:00+00:00\",\"dateModified\":\"2025-09-19T16:22:27+00:00\",\"description\":\"Montura Ghost Band est un bandeau unisex en jersey Microfresh, id\u00e9al pour la course \u00e0 pied et diverses activit\u00e9s a\u00e9robiques.\",\"breadcrumb\":{\"@id\":\"https:\/\/www.miomiorun.com\/fr\/produit\/montura-ghost-band\/#breadcrumb\"},\"inLanguage\":\"fr-FR\",\"potentialAction\":[{\"@type\":\"ReadAction\",\"target\":[\"https:\/\/www.miomiorun.com\/fr\/produit\/montura-ghost-band\/\"]}]},{\"@type\":\"ImageObject\",\"inLanguage\":\"fr-FR\",\"@id\":\"https:\/\/www.miomiorun.com\/fr\/produit\/montura-ghost-band\/#primaryimage\",\"url\":\"https:\/\/www.miomiorun.com\/app\/uploads\/2022\/05\/montura-ghost-band-verde-lime-piombo-MBFY90U-4793.jpg\",\"contentUrl\":\"https:\/\/www.miomiorun.com\/app\/uploads\/2022\/05\/montura-ghost-band-verde-lime-piombo-MBFY90U-4793.jpg\",\"width\":600,\"height\":600,\"caption\":\"montura-ghost-band-verde-lime-piombo-MBFY90U-4793\"},{\"@type\":\"BreadcrumbList\",\"@id\":\"https:\/\/www.miomiorun.com\/fr\/produit\/montura-ghost-band\/#breadcrumb\",\"itemListElement\":[{\"@type\":\"ListItem\",\"position\":1,\"name\":\"Home\",\"item\":\"https:\/\/www.miomiorun.com\/fr\/home-page\/\"},{\"@type\":\"ListItem\",\"position\":2,\"name\":\"Shop\",\"item\":\"https:\/\/www.miomiorun.com\/shop\/\"},{\"@type\":\"ListItem\",\"position\":3,\"name\":\"Ghost Band\"}]},{\"@type\":\"WebSite\",\"@id\":\"https:\/\/www.miomiorun.com\/fr\/#website\",\"url\":\"https:\/\/www.miomiorun.com\/fr\/\",\"name\":\"MioMioRun\",\"description\":\"Boutique 100% running et trail\",\"publisher\":{\"@id\":\"https:\/\/www.miomiorun.com\/fr\/#organization\"},\"potentialAction\":[{\"@type\":\"SearchAction\",\"target\":{\"@type\":\"EntryPoint\",\"urlTemplate\":\"https:\/\/www.miomiorun.com\/fr\/?s={search_term_string}\"},\"query-input\":{\"@type\":\"PropertyValueSpecification\",\"valueRequired\":true,\"valueName\":\"search_term_string\"}}],\"inLanguage\":\"fr-FR\"},{\"@type\":\"Organization\",\"@id\":\"https:\/\/www.miomiorun.com\/fr\/#organization\",\"name\":\"MioMio Run\",\"url\":\"https:\/\/www.miomiorun.com\/fr\/\",\"logo\":{\"@type\":\"ImageObject\",\"inLanguage\":\"fr-FR\",\"@id\":\"https:\/\/www.miomiorun.com\/fr\/#\/schema\/logo\/image\/\",\"url\":\"https:\/\/www.miomiorun.com\/app\/uploads\/2019\/12\/logomio.png\",\"contentUrl\":\"https:\/\/www.miomiorun.com\/app\/uploads\/2019\/12\/logomio.png\",\"width\":115,\"height\":82,\"caption\":\"MioMio Run\"},\"image\":{\"@id\":\"https:\/\/www.miomiorun.com\/fr\/#\/schema\/logo\/image\/\"},\"sameAs\":[\"https:\/\/www.facebook.com\/miomiorun\/\",\"https:\/\/www.instagram.com\/miomiorun\/\"]}]}<\/script>\n<!-- \/ Yoast SEO plugin. -->","yoast_head_json":{"title":"Montura Ghost Band - bandeau unisex- MioMioRun.com","description":"Montura Ghost Band est un bandeau unisex en jersey Microfresh, id\u00e9al pour la course \u00e0 pied et diverses activit\u00e9s a\u00e9robiques.","robots":{"index":"index","follow":"follow","max-snippet":"max-snippet:-1","max-image-preview":"max-image-preview:large","max-video-preview":"max-video-preview:-1"},"canonical":"https:\/\/www.miomiorun.com\/fr\/produit\/montura-ghost-band\/","og_locale":"fr_FR","og_type":"article","og_title":"Montura Ghost Band - bandeau unisex- MioMioRun.com","og_description":"Montura Ghost Band est un bandeau unisex en jersey Microfresh, id\u00e9al pour la course \u00e0 pied et diverses activit\u00e9s a\u00e9robiques.","og_url":"https:\/\/www.miomiorun.com\/fr\/produit\/montura-ghost-band\/","og_site_name":"MioMioRun","article_publisher":"https:\/\/www.facebook.com\/miomiorun\/","article_modified_time":"2025-09-19T16:22:27+00:00","og_image":[{"width":600,"height":600,"url":"https:\/\/www.miomiorun.com\/app\/uploads\/2022\/05\/montura-ghost-band-verde-lime-piombo-MBFY90U-4793.jpg","type":"image\/jpeg"}],"twitter_card":"summary_large_image","twitter_misc":{"Est. reading time":"1 minute"},"schema":{"@context":"https:\/\/schema.org","@graph":[{"@type":"WebPage","@id":"https:\/\/www.miomiorun.com\/fr\/produit\/montura-ghost-band\/","url":"https:\/\/www.miomiorun.com\/fr\/produit\/montura-ghost-band\/","name":"Montura Ghost Band - bandeau unisex- MioMioRun.com","isPartOf":{"@id":"https:\/\/www.miomiorun.com\/fr\/#website"},"primaryImageOfPage":{"@id":"https:\/\/www.miomiorun.com\/fr\/produit\/montura-ghost-band\/#primaryimage"},"image":{"@id":"https:\/\/www.miomiorun.com\/fr\/produit\/montura-ghost-band\/#primaryimage"},"thumbnailUrl":"https:\/\/www.miomiorun.com\/app\/uploads\/2022\/05\/montura-ghost-band-verde-lime-piombo-MBFY90U-4793.jpg","datePublished":"2022-05-06T14:31:00+00:00","dateModified":"2025-09-19T16:22:27+00:00","description":"Montura Ghost Band est un bandeau unisex en jersey Microfresh, id\u00e9al pour la course \u00e0 pied et diverses activit\u00e9s a\u00e9robiques.","breadcrumb":{"@id":"https:\/\/www.miomiorun.com\/fr\/produit\/montura-ghost-band\/#breadcrumb"},"inLanguage":"fr-FR","potentialAction":[{"@type":"ReadAction","target":["https:\/\/www.miomiorun.com\/fr\/produit\/montura-ghost-band\/"]}]},{"@type":"ImageObject","inLanguage":"fr-FR","@id":"https:\/\/www.miomiorun.com\/fr\/produit\/montura-ghost-band\/#primaryimage","url":"https:\/\/www.miomiorun.com\/app\/uploads\/2022\/05\/montura-ghost-band-verde-lime-piombo-MBFY90U-4793.jpg","contentUrl":"https:\/\/www.miomiorun.com\/app\/uploads\/2022\/05\/montura-ghost-band-verde-lime-piombo-MBFY90U-4793.jpg","width":600,"height":600,"caption":"montura-ghost-band-verde-lime-piombo-MBFY90U-4793"},{"@type":"BreadcrumbList","@id":"https:\/\/www.miomiorun.com\/fr\/produit\/montura-ghost-band\/#breadcrumb","itemListElement":[{"@type":"ListItem","position":1,"name":"Home","item":"https:\/\/www.miomiorun.com\/fr\/home-page\/"},{"@type":"ListItem","position":2,"name":"Shop","item":"https:\/\/www.miomiorun.com\/shop\/"},{"@type":"ListItem","position":3,"name":"Ghost Band"}]},{"@type":"WebSite","@id":"https:\/\/www.miomiorun.com\/fr\/#website","url":"https:\/\/www.miomiorun.com\/fr\/","name":"MioMioRun","description":"Boutique 100% running et trail","publisher":{"@id":"https:\/\/www.miomiorun.com\/fr\/#organization"},"potentialAction":[{"@type":"SearchAction","target":{"@type":"EntryPoint","urlTemplate":"https:\/\/www.miomiorun.com\/fr\/?s={search_term_string}"},"query-input":{"@type":"PropertyValueSpecification","valueRequired":true,"valueName":"search_term_string"}}],"inLanguage":"fr-FR"},{"@type":"Organization","@id":"https:\/\/www.miomiorun.com\/fr\/#organization","name":"MioMio Run","url":"https:\/\/www.miomiorun.com\/fr\/","logo":{"@type":"ImageObject","inLanguage":"fr-FR","@id":"https:\/\/www.miomiorun.com\/fr\/#\/schema\/logo\/image\/","url":"https:\/\/www.miomiorun.com\/app\/uploads\/2019\/12\/logomio.png","contentUrl":"https:\/\/www.miomiorun.com\/app\/uploads\/2019\/12\/logomio.png","width":115,"height":82,"caption":"MioMio Run"},"image":{"@id":"https:\/\/www.miomiorun.com\/fr\/#\/schema\/logo\/image\/"},"sameAs":["https:\/\/www.facebook.com\/miomiorun\/","https:\/\/www.instagram.com\/miomiorun\/"]}]}},"_links":{"self":[{"href":"https:\/\/www.miomiorun.com\/fr\/wp-json\/wp\/v2\/product\/283066","targetHints":{"allow":["GET"]}}],"collection":[{"href":"https:\/\/www.miomiorun.com\/fr\/wp-json\/wp\/v2\/product"}],"about":[{"href":"https:\/\/www.miomiorun.com\/fr\/wp-json\/wp\/v2\/types\/product"}],"wp:featuredmedia":[{"embeddable":true,"href":"https:\/\/www.miomiorun.com\/fr\/wp-json\/wp\/v2\/media\/236735"}],"wp:attachment":[{"href":"https:\/\/www.miomiorun.com\/fr\/wp-json\/wp\/v2\/media?parent=283066"}],"wp:term":[{"taxonomy":"product_brand","embeddable":true,"href":"https:\/\/www.miomiorun.com\/fr\/wp-json\/wp\/v2\/product_brand?post=283066"},{"taxonomy":"product_cat","embeddable":true,"href":"https:\/\/www.miomiorun.com\/fr\/wp-json\/wp\/v2\/product_cat?post=283066"},{"taxonomy":"product_tag","embeddable":true,"href":"https:\/\/www.miomiorun.com\/fr\/wp-json\/wp\/v2\/product_tag?post=283066"}],"curies":[{"name":"wp","href":"https:\/\/api.w.org\/{rel}","templated":true}]}}