{"id":283065,"date":"2022-05-06T17:04:05","date_gmt":"2022-05-06T15:04:05","guid":{"rendered":"https:\/\/miomiorun.com\/prodotto\/montura-wonder-3-4-pants-donna\/"},"modified":"2025-09-19T18:24:56","modified_gmt":"2025-09-19T16:24:56","slug":"montura-wonder-3-4-pants-femme","status":"publish","type":"product","link":"https:\/\/www.miomiorun.com\/fr\/produit\/montura-wonder-3-4-pants-femme\/","title":{"rendered":"Wonder 3\/4 Pants femme"},"content":{"rendered":"<p>Le pantalon <strong>Montura Wonder 3\/4 Pants<\/strong> pour femme est un pantalon 3\/4 en jersey nylon Sensitive\u00ae avec Lycra Sport\u00ae offrant une protection \u00e9lev\u00e9e contre les rayons UV et des propri\u00e9t\u00e9s quickdry, un v\u00eatement id\u00e9al pour diverses activit\u00e9s de plein air, le fitness, la course \u00e0 pied et les loisirs.<\/p>\n<p><strong>Caract\u00e9ristiques :<\/strong><\/p>\n<p>\u2022 Pantalon 3\/4 pour femme<br \/>\n\u2022 Tissu jersey nylon Sensitive\u00ae avec Lycra Sport\u00ae offrant une protection \u00e9lev\u00e9e contre les rayons UV et des propri\u00e9t\u00e9s quickdry<br \/>\n\u2022 Contraste en tissu jersey<br \/>\n\u2022 Taille ferm\u00e9e avec \u00e9lastique<br \/>\n\u2022 V\u00eatement id\u00e9al pour diverses activit\u00e9s de plein air, le fitness, la course \u00e0 pied et les loisirs<\/p>\n<p class=\"product-weight\">Poids : 0,13 kg<\/p>\n<p>&nbsp;<\/p>\n","protected":false},"excerpt":{"rendered":"<p>Le pantalon Montura Wonder 3\/4 Pants pour femme est un pantalon 3\/4 en jersey nylon Sensitive\u00ae avec Lycra Sport\u00ae offrant une protection \u00e9lev\u00e9e contre les rayons UV et des propri\u00e9t\u00e9s quickdry, un v\u00eatement id\u00e9al pour diverses activit\u00e9s de plein air, le fitness, la course \u00e0 pied et les loisirs. Caract\u00e9ristiques : \u2022 Pantalon 3\/4 pour &hellip; <a href=\"https:\/\/www.miomiorun.com\/fr\/produit\/montura-wonder-3-4-pants-femme\/\">Continued<\/a><\/p>\n","protected":false},"featured_media":231477,"template":"","meta":{"_acf_changed":false,"inline_featured_image":false},"product_brand":[],"product_cat":[22602,22596,22595],"product_tag":[23512,23514],"class_list":{"0":"post-283065","1":"product","2":"type-product","3":"status-publish","4":"has-post-thumbnail","6":"product_cat-pantalon-court","7":"product_cat-vetements-pour-femmes","8":"product_cat-femme","9":"product_tag-montura-fr","10":"product_tag-montura-femme","11":"pa_attivita-fitness-fr","12":"pa_attivita-marcher","13":"pa_attivita-outdoor-fr","14":"pa_colore-wonder-3-4-pants-w-nero-fr","15":"pa_marca-montura-fr","16":"pa_sesso-femme","17":"pa_size-small-fr","19":"first","20":"instock","21":"sale","22":"taxable","23":"shipping-taxable","24":"purchasable","25":"product-type-variable","26":"wvs-archive-product-wrapper"},"acf":[],"yoast_head":"<!-- This site is optimized with the Yoast SEO plugin v26.8 - https:\/\/yoast.com\/product\/yoast-seo-wordpress\/ -->\n<title>Wonder 3\/4 Pants femme - Shorts pour femmes- MioMioRun<\/title>\n<meta name=\"description\" content=\"Le pantalon Wonder 3\/4 Pants pour femme est un pantalon 3\/4 pour femme en jersey nylon Sensitive\u00ae avec Lycra Sport\u00ae offrant une protection UV \u00e9lev\u00e9e.\" \/>\n<meta name=\"robots\" content=\"index, follow, max-snippet:-1, max-image-preview:large, max-video-preview:-1\" \/>\n<link rel=\"canonical\" href=\"https:\/\/www.miomiorun.com\/fr\/produit\/montura-wonder-3-4-pants-femme\/\" \/>\n<meta property=\"og:locale\" content=\"fr_FR\" \/>\n<meta property=\"og:type\" content=\"article\" \/>\n<meta property=\"og:title\" content=\"Wonder 3\/4 Pants femme - Shorts pour femmes- MioMioRun\" \/>\n<meta property=\"og:description\" content=\"Le pantalon Wonder 3\/4 Pants pour femme est un pantalon 3\/4 pour femme en jersey nylon Sensitive\u00ae avec Lycra Sport\u00ae offrant une protection UV \u00e9lev\u00e9e.\" \/>\n<meta property=\"og:url\" content=\"https:\/\/www.miomiorun.com\/fr\/produit\/montura-wonder-3-4-pants-femme\/\" \/>\n<meta property=\"og:site_name\" content=\"MioMioRun\" \/>\n<meta property=\"article:publisher\" content=\"https:\/\/www.facebook.com\/miomiorun\/\" \/>\n<meta property=\"article:modified_time\" content=\"2025-09-19T16:24:56+00:00\" \/>\n<meta property=\"og:image\" content=\"https:\/\/www.miomiorun.com\/app\/uploads\/2021\/03\/montura-wonder-3-4-pants-MPTR02W.90.jpg\" \/>\n\t<meta property=\"og:image:width\" content=\"600\" \/>\n\t<meta property=\"og:image:height\" content=\"600\" \/>\n\t<meta property=\"og:image:type\" content=\"image\/jpeg\" \/>\n<meta name=\"twitter:card\" content=\"summary_large_image\" \/>\n<meta name=\"twitter:label1\" content=\"Est. reading time\" \/>\n\t<meta name=\"twitter:data1\" content=\"1 minute\" \/>\n<script type=\"application\/ld+json\" class=\"yoast-schema-graph\">{\"@context\":\"https:\/\/schema.org\",\"@graph\":[{\"@type\":\"WebPage\",\"@id\":\"https:\/\/www.miomiorun.com\/fr\/produit\/montura-wonder-3-4-pants-femme\/\",\"url\":\"https:\/\/www.miomiorun.com\/fr\/produit\/montura-wonder-3-4-pants-femme\/\",\"name\":\"Wonder 3\/4 Pants femme - Shorts pour femmes- MioMioRun\",\"isPartOf\":{\"@id\":\"https:\/\/www.miomiorun.com\/fr\/#website\"},\"primaryImageOfPage\":{\"@id\":\"https:\/\/www.miomiorun.com\/fr\/produit\/montura-wonder-3-4-pants-femme\/#primaryimage\"},\"image\":{\"@id\":\"https:\/\/www.miomiorun.com\/fr\/produit\/montura-wonder-3-4-pants-femme\/#primaryimage\"},\"thumbnailUrl\":\"https:\/\/www.miomiorun.com\/app\/uploads\/2021\/03\/montura-wonder-3-4-pants-MPTR02W.90.jpg\",\"datePublished\":\"2022-05-06T15:04:05+00:00\",\"dateModified\":\"2025-09-19T16:24:56+00:00\",\"description\":\"Le pantalon Wonder 3\/4 Pants pour femme est un pantalon 3\/4 pour femme en jersey nylon Sensitive\u00ae avec Lycra Sport\u00ae offrant une protection UV \u00e9lev\u00e9e.\",\"breadcrumb\":{\"@id\":\"https:\/\/www.miomiorun.com\/fr\/produit\/montura-wonder-3-4-pants-femme\/#breadcrumb\"},\"inLanguage\":\"fr-FR\",\"potentialAction\":[{\"@type\":\"ReadAction\",\"target\":[\"https:\/\/www.miomiorun.com\/fr\/produit\/montura-wonder-3-4-pants-femme\/\"]}]},{\"@type\":\"ImageObject\",\"inLanguage\":\"fr-FR\",\"@id\":\"https:\/\/www.miomiorun.com\/fr\/produit\/montura-wonder-3-4-pants-femme\/#primaryimage\",\"url\":\"https:\/\/www.miomiorun.com\/app\/uploads\/2021\/03\/montura-wonder-3-4-pants-MPTR02W.90.jpg\",\"contentUrl\":\"https:\/\/www.miomiorun.com\/app\/uploads\/2021\/03\/montura-wonder-3-4-pants-MPTR02W.90.jpg\",\"width\":600,\"height\":600,\"caption\":\"montura wonder 3\/4 pants\"},{\"@type\":\"BreadcrumbList\",\"@id\":\"https:\/\/www.miomiorun.com\/fr\/produit\/montura-wonder-3-4-pants-femme\/#breadcrumb\",\"itemListElement\":[{\"@type\":\"ListItem\",\"position\":1,\"name\":\"Home\",\"item\":\"https:\/\/www.miomiorun.com\/fr\/home-page\/\"},{\"@type\":\"ListItem\",\"position\":2,\"name\":\"Shop\",\"item\":\"https:\/\/www.miomiorun.com\/shop\/\"},{\"@type\":\"ListItem\",\"position\":3,\"name\":\"Wonder 3\/4 Pants femme\"}]},{\"@type\":\"WebSite\",\"@id\":\"https:\/\/www.miomiorun.com\/fr\/#website\",\"url\":\"https:\/\/www.miomiorun.com\/fr\/\",\"name\":\"MioMioRun\",\"description\":\"Boutique 100% running et trail\",\"publisher\":{\"@id\":\"https:\/\/www.miomiorun.com\/fr\/#organization\"},\"potentialAction\":[{\"@type\":\"SearchAction\",\"target\":{\"@type\":\"EntryPoint\",\"urlTemplate\":\"https:\/\/www.miomiorun.com\/fr\/?s={search_term_string}\"},\"query-input\":{\"@type\":\"PropertyValueSpecification\",\"valueRequired\":true,\"valueName\":\"search_term_string\"}}],\"inLanguage\":\"fr-FR\"},{\"@type\":\"Organization\",\"@id\":\"https:\/\/www.miomiorun.com\/fr\/#organization\",\"name\":\"MioMio Run\",\"url\":\"https:\/\/www.miomiorun.com\/fr\/\",\"logo\":{\"@type\":\"ImageObject\",\"inLanguage\":\"fr-FR\",\"@id\":\"https:\/\/www.miomiorun.com\/fr\/#\/schema\/logo\/image\/\",\"url\":\"https:\/\/www.miomiorun.com\/app\/uploads\/2019\/12\/logomio.png\",\"contentUrl\":\"https:\/\/www.miomiorun.com\/app\/uploads\/2019\/12\/logomio.png\",\"width\":115,\"height\":82,\"caption\":\"MioMio Run\"},\"image\":{\"@id\":\"https:\/\/www.miomiorun.com\/fr\/#\/schema\/logo\/image\/\"},\"sameAs\":[\"https:\/\/www.facebook.com\/miomiorun\/\",\"https:\/\/www.instagram.com\/miomiorun\/\"]}]}<\/script>\n<!-- \/ Yoast SEO plugin. -->","yoast_head_json":{"title":"Wonder 3\/4 Pants femme - Shorts pour femmes- MioMioRun","description":"Le pantalon Wonder 3\/4 Pants pour femme est un pantalon 3\/4 pour femme en jersey nylon Sensitive\u00ae avec Lycra Sport\u00ae offrant une protection UV \u00e9lev\u00e9e.","robots":{"index":"index","follow":"follow","max-snippet":"max-snippet:-1","max-image-preview":"max-image-preview:large","max-video-preview":"max-video-preview:-1"},"canonical":"https:\/\/www.miomiorun.com\/fr\/produit\/montura-wonder-3-4-pants-femme\/","og_locale":"fr_FR","og_type":"article","og_title":"Wonder 3\/4 Pants femme - Shorts pour femmes- MioMioRun","og_description":"Le pantalon Wonder 3\/4 Pants pour femme est un pantalon 3\/4 pour femme en jersey nylon Sensitive\u00ae avec Lycra Sport\u00ae offrant une protection UV \u00e9lev\u00e9e.","og_url":"https:\/\/www.miomiorun.com\/fr\/produit\/montura-wonder-3-4-pants-femme\/","og_site_name":"MioMioRun","article_publisher":"https:\/\/www.facebook.com\/miomiorun\/","article_modified_time":"2025-09-19T16:24:56+00:00","og_image":[{"width":600,"height":600,"url":"https:\/\/www.miomiorun.com\/app\/uploads\/2021\/03\/montura-wonder-3-4-pants-MPTR02W.90.jpg","type":"image\/jpeg"}],"twitter_card":"summary_large_image","twitter_misc":{"Est. reading time":"1 minute"},"schema":{"@context":"https:\/\/schema.org","@graph":[{"@type":"WebPage","@id":"https:\/\/www.miomiorun.com\/fr\/produit\/montura-wonder-3-4-pants-femme\/","url":"https:\/\/www.miomiorun.com\/fr\/produit\/montura-wonder-3-4-pants-femme\/","name":"Wonder 3\/4 Pants femme - Shorts pour femmes- MioMioRun","isPartOf":{"@id":"https:\/\/www.miomiorun.com\/fr\/#website"},"primaryImageOfPage":{"@id":"https:\/\/www.miomiorun.com\/fr\/produit\/montura-wonder-3-4-pants-femme\/#primaryimage"},"image":{"@id":"https:\/\/www.miomiorun.com\/fr\/produit\/montura-wonder-3-4-pants-femme\/#primaryimage"},"thumbnailUrl":"https:\/\/www.miomiorun.com\/app\/uploads\/2021\/03\/montura-wonder-3-4-pants-MPTR02W.90.jpg","datePublished":"2022-05-06T15:04:05+00:00","dateModified":"2025-09-19T16:24:56+00:00","description":"Le pantalon Wonder 3\/4 Pants pour femme est un pantalon 3\/4 pour femme en jersey nylon Sensitive\u00ae avec Lycra Sport\u00ae offrant une protection UV \u00e9lev\u00e9e.","breadcrumb":{"@id":"https:\/\/www.miomiorun.com\/fr\/produit\/montura-wonder-3-4-pants-femme\/#breadcrumb"},"inLanguage":"fr-FR","potentialAction":[{"@type":"ReadAction","target":["https:\/\/www.miomiorun.com\/fr\/produit\/montura-wonder-3-4-pants-femme\/"]}]},{"@type":"ImageObject","inLanguage":"fr-FR","@id":"https:\/\/www.miomiorun.com\/fr\/produit\/montura-wonder-3-4-pants-femme\/#primaryimage","url":"https:\/\/www.miomiorun.com\/app\/uploads\/2021\/03\/montura-wonder-3-4-pants-MPTR02W.90.jpg","contentUrl":"https:\/\/www.miomiorun.com\/app\/uploads\/2021\/03\/montura-wonder-3-4-pants-MPTR02W.90.jpg","width":600,"height":600,"caption":"montura wonder 3\/4 pants"},{"@type":"BreadcrumbList","@id":"https:\/\/www.miomiorun.com\/fr\/produit\/montura-wonder-3-4-pants-femme\/#breadcrumb","itemListElement":[{"@type":"ListItem","position":1,"name":"Home","item":"https:\/\/www.miomiorun.com\/fr\/home-page\/"},{"@type":"ListItem","position":2,"name":"Shop","item":"https:\/\/www.miomiorun.com\/shop\/"},{"@type":"ListItem","position":3,"name":"Wonder 3\/4 Pants femme"}]},{"@type":"WebSite","@id":"https:\/\/www.miomiorun.com\/fr\/#website","url":"https:\/\/www.miomiorun.com\/fr\/","name":"MioMioRun","description":"Boutique 100% running et trail","publisher":{"@id":"https:\/\/www.miomiorun.com\/fr\/#organization"},"potentialAction":[{"@type":"SearchAction","target":{"@type":"EntryPoint","urlTemplate":"https:\/\/www.miomiorun.com\/fr\/?s={search_term_string}"},"query-input":{"@type":"PropertyValueSpecification","valueRequired":true,"valueName":"search_term_string"}}],"inLanguage":"fr-FR"},{"@type":"Organization","@id":"https:\/\/www.miomiorun.com\/fr\/#organization","name":"MioMio Run","url":"https:\/\/www.miomiorun.com\/fr\/","logo":{"@type":"ImageObject","inLanguage":"fr-FR","@id":"https:\/\/www.miomiorun.com\/fr\/#\/schema\/logo\/image\/","url":"https:\/\/www.miomiorun.com\/app\/uploads\/2019\/12\/logomio.png","contentUrl":"https:\/\/www.miomiorun.com\/app\/uploads\/2019\/12\/logomio.png","width":115,"height":82,"caption":"MioMio Run"},"image":{"@id":"https:\/\/www.miomiorun.com\/fr\/#\/schema\/logo\/image\/"},"sameAs":["https:\/\/www.facebook.com\/miomiorun\/","https:\/\/www.instagram.com\/miomiorun\/"]}]}},"_links":{"self":[{"href":"https:\/\/www.miomiorun.com\/fr\/wp-json\/wp\/v2\/product\/283065","targetHints":{"allow":["GET"]}}],"collection":[{"href":"https:\/\/www.miomiorun.com\/fr\/wp-json\/wp\/v2\/product"}],"about":[{"href":"https:\/\/www.miomiorun.com\/fr\/wp-json\/wp\/v2\/types\/product"}],"wp:featuredmedia":[{"embeddable":true,"href":"https:\/\/www.miomiorun.com\/fr\/wp-json\/wp\/v2\/media\/231477"}],"wp:attachment":[{"href":"https:\/\/www.miomiorun.com\/fr\/wp-json\/wp\/v2\/media?parent=283065"}],"wp:term":[{"taxonomy":"product_brand","embeddable":true,"href":"https:\/\/www.miomiorun.com\/fr\/wp-json\/wp\/v2\/product_brand?post=283065"},{"taxonomy":"product_cat","embeddable":true,"href":"https:\/\/www.miomiorun.com\/fr\/wp-json\/wp\/v2\/product_cat?post=283065"},{"taxonomy":"product_tag","embeddable":true,"href":"https:\/\/www.miomiorun.com\/fr\/wp-json\/wp\/v2\/product_tag?post=283065"}],"curies":[{"name":"wp","href":"https:\/\/api.w.org\/{rel}","templated":true}]}}