{"id":283056,"date":"2022-05-06T17:38:37","date_gmt":"2022-05-06T15:38:37","guid":{"rendered":"https:\/\/miomiorun.com\/prodotto\/montura-travel-geo-bermuda-uomo\/"},"modified":"2025-09-19T18:29:22","modified_gmt":"2025-09-19T16:29:22","slug":"montura-travel-geo-bermuda-homme","status":"publish","type":"product","link":"https:\/\/www.miomiorun.com\/fr\/produit\/montura-travel-geo-bermuda-homme\/","title":{"rendered":"Travel Geo Bermuda homme"},"content":{"rendered":"<p>Le bermuda Montura Travel Geo pour homme est un short en nylon tr\u00e8s l\u00e9ger avec traitement wicking pour un s\u00e9chage extr\u00eamement rapide, un v\u00eatement id\u00e9al pour diverses activit\u00e9s de plein air et de loisirs.<\/p>\n<p>Caract\u00e9ristiques :<br \/>\n\u2022 Bermuda pour homme<br \/>\n\u2022 Tissu nylon tr\u00e8s l\u00e9ger avec traitement wicking pour un s\u00e9chage extr\u00eamement rapide<br \/>\n\u2022 Taille \u00e9lastiqu\u00e9e avec passants, fermeture \u00e0 bouton et zip<br \/>\n\u2022 Poches mains zipp\u00e9es, poche arri\u00e8re zipp\u00e9e<br \/>\n\u2022 V\u00eatement id\u00e9al pour diverses activit\u00e9s de plein air et de loisirs<\/p>\n<p class=\"product-weight\">Poids : 0,15 kg<\/p>\n<p><img decoding=\"async\" src=\"https:\/\/www.montura.it\/pub\/media\/amasty\/shopby\/option_images\/slider\/climate_1.svg\" alt=\"Caldo\"><img decoding=\"async\" src=\"https:\/\/www.montura.it\/pub\/media\/amasty\/shopby\/option_images\/slider\/breathable_1.svg\" alt=\"breathable\"><\/p>\n<h3>Activit\u00e9s<\/h3>\n<p><img decoding=\"async\" src=\"https:\/\/www.montura.it\/pub\/media\/amasty\/shopby\/option_images\/slider\/ICM85.svg\" alt=\"ICM85\"><\/p>\n","protected":false},"excerpt":{"rendered":"<p>Le bermuda Montura Travel Geo pour homme est un short en nylon tr\u00e8s l\u00e9ger avec traitement wicking pour un s\u00e9chage extr\u00eamement rapide, un v\u00eatement id\u00e9al pour diverses activit\u00e9s de plein air et de loisirs. Caract\u00e9ristiques : \u2022 Bermuda pour homme \u2022 Tissu nylon tr\u00e8s l\u00e9ger avec traitement wicking pour un s\u00e9chage extr\u00eamement rapide \u2022 Taille &hellip; <a href=\"https:\/\/www.miomiorun.com\/fr\/produit\/montura-travel-geo-bermuda-homme\/\">Continued<\/a><\/p>\n","protected":false},"featured_media":236465,"template":"","meta":{"_acf_changed":false,"inline_featured_image":false},"product_brand":[],"product_cat":[24477,24482,24484],"product_tag":[23512,23524],"class_list":{"0":"post-283056","1":"product","2":"type-product","3":"status-publish","4":"has-post-thumbnail","6":"product_cat-pantalon-court-fr-3","7":"product_cat-vetements-pour-hommes-fr","8":"product_cat-homme","9":"product_tag-montura-fr","10":"product_tag-montura-homme","11":"pa_attivita-marcher","12":"pa_attivita-outdoor-fr","13":"pa_colore-travel-geo-bermuda-antracite-piombo-fr","14":"pa_marca-montura-fr","15":"pa_sesso-homme","16":"pa_size-medium-fr","17":"pa_size-extra-large-fr","19":"first","20":"instock","21":"sale","22":"taxable","23":"shipping-taxable","24":"purchasable","25":"product-type-variable","26":"wvs-archive-product-wrapper"},"acf":[],"yoast_head":"<!-- This site is optimized with the Yoast SEO plugin v26.8 - https:\/\/yoast.com\/product\/yoast-seo-wordpress\/ -->\n<title>Montura Travel Geo Bermuda homme - Shorts pour hommes- MioMioRun<\/title>\n<meta name=\"description\" content=\"Le bermuda Montura Travel Geo pour homme est un short en nylon tr\u00e8s l\u00e9ger avec traitement wicking pour un s\u00e9chage rapide.\" \/>\n<meta name=\"robots\" content=\"index, follow, max-snippet:-1, max-image-preview:large, max-video-preview:-1\" \/>\n<link rel=\"canonical\" href=\"https:\/\/www.miomiorun.com\/fr\/produit\/montura-travel-geo-bermuda-homme\/\" \/>\n<meta property=\"og:locale\" content=\"fr_FR\" \/>\n<meta property=\"og:type\" content=\"article\" \/>\n<meta property=\"og:title\" content=\"Montura Travel Geo Bermuda homme - Shorts pour hommes- MioMioRun\" \/>\n<meta property=\"og:description\" content=\"Le bermuda Montura Travel Geo pour homme est un short en nylon tr\u00e8s l\u00e9ger avec traitement wicking pour un s\u00e9chage rapide.\" \/>\n<meta property=\"og:url\" content=\"https:\/\/www.miomiorun.com\/fr\/produit\/montura-travel-geo-bermuda-homme\/\" \/>\n<meta property=\"og:site_name\" content=\"MioMioRun\" \/>\n<meta property=\"article:publisher\" content=\"https:\/\/www.facebook.com\/miomiorun\/\" \/>\n<meta property=\"article:modified_time\" content=\"2025-09-19T16:29:22+00:00\" \/>\n<meta property=\"og:image\" content=\"https:\/\/www.miomiorun.com\/app\/uploads\/2022\/05\/montura-travel-geo-bermuda-antracite-piombo-MPBG30X-9293.jpg\" \/>\n\t<meta property=\"og:image:width\" content=\"600\" \/>\n\t<meta property=\"og:image:height\" content=\"600\" \/>\n\t<meta property=\"og:image:type\" content=\"image\/jpeg\" \/>\n<meta name=\"twitter:card\" content=\"summary_large_image\" \/>\n<script type=\"application\/ld+json\" class=\"yoast-schema-graph\">{\"@context\":\"https:\/\/schema.org\",\"@graph\":[{\"@type\":\"WebPage\",\"@id\":\"https:\/\/www.miomiorun.com\/fr\/produit\/montura-travel-geo-bermuda-homme\/\",\"url\":\"https:\/\/www.miomiorun.com\/fr\/produit\/montura-travel-geo-bermuda-homme\/\",\"name\":\"Montura Travel Geo Bermuda homme - Shorts pour hommes- MioMioRun\",\"isPartOf\":{\"@id\":\"https:\/\/www.miomiorun.com\/fr\/#website\"},\"primaryImageOfPage\":{\"@id\":\"https:\/\/www.miomiorun.com\/fr\/produit\/montura-travel-geo-bermuda-homme\/#primaryimage\"},\"image\":{\"@id\":\"https:\/\/www.miomiorun.com\/fr\/produit\/montura-travel-geo-bermuda-homme\/#primaryimage\"},\"thumbnailUrl\":\"https:\/\/www.miomiorun.com\/app\/uploads\/2022\/05\/montura-travel-geo-bermuda-antracite-piombo-MPBG30X-9293.jpg\",\"datePublished\":\"2022-05-06T15:38:37+00:00\",\"dateModified\":\"2025-09-19T16:29:22+00:00\",\"description\":\"Le bermuda Montura Travel Geo pour homme est un short en nylon tr\u00e8s l\u00e9ger avec traitement wicking pour un s\u00e9chage rapide.\",\"breadcrumb\":{\"@id\":\"https:\/\/www.miomiorun.com\/fr\/produit\/montura-travel-geo-bermuda-homme\/#breadcrumb\"},\"inLanguage\":\"fr-FR\",\"potentialAction\":[{\"@type\":\"ReadAction\",\"target\":[\"https:\/\/www.miomiorun.com\/fr\/produit\/montura-travel-geo-bermuda-homme\/\"]}]},{\"@type\":\"ImageObject\",\"inLanguage\":\"fr-FR\",\"@id\":\"https:\/\/www.miomiorun.com\/fr\/produit\/montura-travel-geo-bermuda-homme\/#primaryimage\",\"url\":\"https:\/\/www.miomiorun.com\/app\/uploads\/2022\/05\/montura-travel-geo-bermuda-antracite-piombo-MPBG30X-9293.jpg\",\"contentUrl\":\"https:\/\/www.miomiorun.com\/app\/uploads\/2022\/05\/montura-travel-geo-bermuda-antracite-piombo-MPBG30X-9293.jpg\",\"width\":600,\"height\":600,\"caption\":\"montura-travel-geo-bermuda-antracite-piombo-MPBG30X-9293\"},{\"@type\":\"BreadcrumbList\",\"@id\":\"https:\/\/www.miomiorun.com\/fr\/produit\/montura-travel-geo-bermuda-homme\/#breadcrumb\",\"itemListElement\":[{\"@type\":\"ListItem\",\"position\":1,\"name\":\"Home\",\"item\":\"https:\/\/www.miomiorun.com\/fr\/home-page\/\"},{\"@type\":\"ListItem\",\"position\":2,\"name\":\"Shop\",\"item\":\"https:\/\/www.miomiorun.com\/shop\/\"},{\"@type\":\"ListItem\",\"position\":3,\"name\":\"Travel Geo Bermuda homme\"}]},{\"@type\":\"WebSite\",\"@id\":\"https:\/\/www.miomiorun.com\/fr\/#website\",\"url\":\"https:\/\/www.miomiorun.com\/fr\/\",\"name\":\"MioMioRun\",\"description\":\"Boutique 100% running et trail\",\"publisher\":{\"@id\":\"https:\/\/www.miomiorun.com\/fr\/#organization\"},\"potentialAction\":[{\"@type\":\"SearchAction\",\"target\":{\"@type\":\"EntryPoint\",\"urlTemplate\":\"https:\/\/www.miomiorun.com\/fr\/?s={search_term_string}\"},\"query-input\":{\"@type\":\"PropertyValueSpecification\",\"valueRequired\":true,\"valueName\":\"search_term_string\"}}],\"inLanguage\":\"fr-FR\"},{\"@type\":\"Organization\",\"@id\":\"https:\/\/www.miomiorun.com\/fr\/#organization\",\"name\":\"MioMio Run\",\"url\":\"https:\/\/www.miomiorun.com\/fr\/\",\"logo\":{\"@type\":\"ImageObject\",\"inLanguage\":\"fr-FR\",\"@id\":\"https:\/\/www.miomiorun.com\/fr\/#\/schema\/logo\/image\/\",\"url\":\"https:\/\/www.miomiorun.com\/app\/uploads\/2019\/12\/logomio.png\",\"contentUrl\":\"https:\/\/www.miomiorun.com\/app\/uploads\/2019\/12\/logomio.png\",\"width\":115,\"height\":82,\"caption\":\"MioMio Run\"},\"image\":{\"@id\":\"https:\/\/www.miomiorun.com\/fr\/#\/schema\/logo\/image\/\"},\"sameAs\":[\"https:\/\/www.facebook.com\/miomiorun\/\",\"https:\/\/www.instagram.com\/miomiorun\/\"]}]}<\/script>\n<!-- \/ Yoast SEO plugin. -->","yoast_head_json":{"title":"Montura Travel Geo Bermuda homme - Shorts pour hommes- MioMioRun","description":"Le bermuda Montura Travel Geo pour homme est un short en nylon tr\u00e8s l\u00e9ger avec traitement wicking pour un s\u00e9chage rapide.","robots":{"index":"index","follow":"follow","max-snippet":"max-snippet:-1","max-image-preview":"max-image-preview:large","max-video-preview":"max-video-preview:-1"},"canonical":"https:\/\/www.miomiorun.com\/fr\/produit\/montura-travel-geo-bermuda-homme\/","og_locale":"fr_FR","og_type":"article","og_title":"Montura Travel Geo Bermuda homme - Shorts pour hommes- MioMioRun","og_description":"Le bermuda Montura Travel Geo pour homme est un short en nylon tr\u00e8s l\u00e9ger avec traitement wicking pour un s\u00e9chage rapide.","og_url":"https:\/\/www.miomiorun.com\/fr\/produit\/montura-travel-geo-bermuda-homme\/","og_site_name":"MioMioRun","article_publisher":"https:\/\/www.facebook.com\/miomiorun\/","article_modified_time":"2025-09-19T16:29:22+00:00","og_image":[{"width":600,"height":600,"url":"https:\/\/www.miomiorun.com\/app\/uploads\/2022\/05\/montura-travel-geo-bermuda-antracite-piombo-MPBG30X-9293.jpg","type":"image\/jpeg"}],"twitter_card":"summary_large_image","schema":{"@context":"https:\/\/schema.org","@graph":[{"@type":"WebPage","@id":"https:\/\/www.miomiorun.com\/fr\/produit\/montura-travel-geo-bermuda-homme\/","url":"https:\/\/www.miomiorun.com\/fr\/produit\/montura-travel-geo-bermuda-homme\/","name":"Montura Travel Geo Bermuda homme - Shorts pour hommes- MioMioRun","isPartOf":{"@id":"https:\/\/www.miomiorun.com\/fr\/#website"},"primaryImageOfPage":{"@id":"https:\/\/www.miomiorun.com\/fr\/produit\/montura-travel-geo-bermuda-homme\/#primaryimage"},"image":{"@id":"https:\/\/www.miomiorun.com\/fr\/produit\/montura-travel-geo-bermuda-homme\/#primaryimage"},"thumbnailUrl":"https:\/\/www.miomiorun.com\/app\/uploads\/2022\/05\/montura-travel-geo-bermuda-antracite-piombo-MPBG30X-9293.jpg","datePublished":"2022-05-06T15:38:37+00:00","dateModified":"2025-09-19T16:29:22+00:00","description":"Le bermuda Montura Travel Geo pour homme est un short en nylon tr\u00e8s l\u00e9ger avec traitement wicking pour un s\u00e9chage rapide.","breadcrumb":{"@id":"https:\/\/www.miomiorun.com\/fr\/produit\/montura-travel-geo-bermuda-homme\/#breadcrumb"},"inLanguage":"fr-FR","potentialAction":[{"@type":"ReadAction","target":["https:\/\/www.miomiorun.com\/fr\/produit\/montura-travel-geo-bermuda-homme\/"]}]},{"@type":"ImageObject","inLanguage":"fr-FR","@id":"https:\/\/www.miomiorun.com\/fr\/produit\/montura-travel-geo-bermuda-homme\/#primaryimage","url":"https:\/\/www.miomiorun.com\/app\/uploads\/2022\/05\/montura-travel-geo-bermuda-antracite-piombo-MPBG30X-9293.jpg","contentUrl":"https:\/\/www.miomiorun.com\/app\/uploads\/2022\/05\/montura-travel-geo-bermuda-antracite-piombo-MPBG30X-9293.jpg","width":600,"height":600,"caption":"montura-travel-geo-bermuda-antracite-piombo-MPBG30X-9293"},{"@type":"BreadcrumbList","@id":"https:\/\/www.miomiorun.com\/fr\/produit\/montura-travel-geo-bermuda-homme\/#breadcrumb","itemListElement":[{"@type":"ListItem","position":1,"name":"Home","item":"https:\/\/www.miomiorun.com\/fr\/home-page\/"},{"@type":"ListItem","position":2,"name":"Shop","item":"https:\/\/www.miomiorun.com\/shop\/"},{"@type":"ListItem","position":3,"name":"Travel Geo Bermuda homme"}]},{"@type":"WebSite","@id":"https:\/\/www.miomiorun.com\/fr\/#website","url":"https:\/\/www.miomiorun.com\/fr\/","name":"MioMioRun","description":"Boutique 100% running et trail","publisher":{"@id":"https:\/\/www.miomiorun.com\/fr\/#organization"},"potentialAction":[{"@type":"SearchAction","target":{"@type":"EntryPoint","urlTemplate":"https:\/\/www.miomiorun.com\/fr\/?s={search_term_string}"},"query-input":{"@type":"PropertyValueSpecification","valueRequired":true,"valueName":"search_term_string"}}],"inLanguage":"fr-FR"},{"@type":"Organization","@id":"https:\/\/www.miomiorun.com\/fr\/#organization","name":"MioMio Run","url":"https:\/\/www.miomiorun.com\/fr\/","logo":{"@type":"ImageObject","inLanguage":"fr-FR","@id":"https:\/\/www.miomiorun.com\/fr\/#\/schema\/logo\/image\/","url":"https:\/\/www.miomiorun.com\/app\/uploads\/2019\/12\/logomio.png","contentUrl":"https:\/\/www.miomiorun.com\/app\/uploads\/2019\/12\/logomio.png","width":115,"height":82,"caption":"MioMio Run"},"image":{"@id":"https:\/\/www.miomiorun.com\/fr\/#\/schema\/logo\/image\/"},"sameAs":["https:\/\/www.facebook.com\/miomiorun\/","https:\/\/www.instagram.com\/miomiorun\/"]}]}},"_links":{"self":[{"href":"https:\/\/www.miomiorun.com\/fr\/wp-json\/wp\/v2\/product\/283056","targetHints":{"allow":["GET"]}}],"collection":[{"href":"https:\/\/www.miomiorun.com\/fr\/wp-json\/wp\/v2\/product"}],"about":[{"href":"https:\/\/www.miomiorun.com\/fr\/wp-json\/wp\/v2\/types\/product"}],"wp:featuredmedia":[{"embeddable":true,"href":"https:\/\/www.miomiorun.com\/fr\/wp-json\/wp\/v2\/media\/236465"}],"wp:attachment":[{"href":"https:\/\/www.miomiorun.com\/fr\/wp-json\/wp\/v2\/media?parent=283056"}],"wp:term":[{"taxonomy":"product_brand","embeddable":true,"href":"https:\/\/www.miomiorun.com\/fr\/wp-json\/wp\/v2\/product_brand?post=283056"},{"taxonomy":"product_cat","embeddable":true,"href":"https:\/\/www.miomiorun.com\/fr\/wp-json\/wp\/v2\/product_cat?post=283056"},{"taxonomy":"product_tag","embeddable":true,"href":"https:\/\/www.miomiorun.com\/fr\/wp-json\/wp\/v2\/product_tag?post=283056"}],"curies":[{"name":"wp","href":"https:\/\/api.w.org\/{rel}","templated":true}]}}