{"id":283008,"date":"2022-05-14T17:12:37","date_gmt":"2022-05-14T15:12:37","guid":{"rendered":"https:\/\/miomiorun.com\/prodotto\/light-revolution-maglia-donna\/"},"modified":"2025-09-19T16:57:34","modified_gmt":"2025-09-19T14:57:34","slug":"light-revolution-pull-femme","status":"publish","type":"product","link":"https:\/\/www.miomiorun.com\/fr\/produit\/light-revolution-pull-femme\/","title":{"rendered":"Light Revolution Pull femme"},"content":{"rendered":"<div class=\"product-attribute product-attribute-passion\">\n<p><strong>Light Revolution&nbsp;<\/strong>est un pull pour femme en tissu polaire polyester bi-extensible offrant une protection \u00e9lev\u00e9e contre les rayons UV, partiellement doubl\u00e9 en tissu maill\u00e9, avec fermeture \u00e9clair au centre sur le devant, poches zipp\u00e9es, capuche et ourlet \u00e9lastiqu\u00e9. Un v\u00eatement id\u00e9al pour toutes les activit\u00e9s de plein air dynamiques, l&#8217;alpinisme et l&#8217;escalade.<\/p>\n<p>&nbsp;<\/p>\n<div class=\"product info detailed\">\n<div class=\"product data items\" role=\"tablist\"><\/div>\n<\/div>\n<div id=\"materials\" class=\"data item content\" role=\"tabpanel\" data-role=\"content\" aria-labelledby=\"tab-label-materials\" aria-hidden=\"false\">\n<div class=\"product-materials-content\">\n<div class=\"texture-content secondary-texture\">\n<div class=\"content\">\n<div class=\"texture-text\">\n<div id=\"laundry\" class=\"data item content\" role=\"tabpanel\" data-role=\"content\" aria-labelledby=\"tab-label-laundry\" aria-hidden=\"false\">\n<div class=\"laundry-content\">\n<div class=\"laundry-sides-texture\">\n<p>&nbsp;<\/p>\n<\/div>\n<\/div>\n<\/div>\n<\/div>\n<\/div>\n<\/div>\n<\/div>\n<\/div>\n<\/div>\n","protected":false},"excerpt":{"rendered":"<ul>\n<li>Tissu en polaire polyester bi-extensible offrant une protection \u00e9lev\u00e9e contre les rayons UV.<\/li>\n<li>Partiellement doubl\u00e9 en tissu maill\u00e9.<\/li>\n<li>Fermeture \u00e9clair au centre sur le devant, poches mains zipp\u00e9es<\/li>\n<\/ul>\n","protected":false},"featured_media":236619,"template":"","meta":{"_acf_changed":false,"inline_featured_image":false},"product_brand":[],"product_cat":[22601,22596,22595],"product_tag":[23512,23514],"class_list":{"0":"post-283008","1":"product","2":"type-product","3":"status-publish","4":"has-post-thumbnail","6":"product_cat-maillots","7":"product_cat-vetements-pour-femmes","8":"product_cat-femme","9":"product_tag-montura-fr","10":"product_tag-montura-femme","11":"pa_attivita-marcher","12":"pa_attivita-outdoor-fr","13":"pa_colore-light-revolution-maglia-w-intense-violet-fr","14":"pa_colore-light-revolution-maglia-w-nero-blu-cenere-fr","15":"pa_marca-montura-fr","16":"pa_sesso-femme","17":"pa_size-small-fr","18":"pa_size-large-fr","20":"first","21":"instock","22":"taxable","23":"shipping-taxable","24":"purchasable","25":"product-type-variable","26":"wvs-archive-product-wrapper"},"acf":[],"yoast_head":"<!-- This site is optimized with the Yoast SEO plugin v26.8 - https:\/\/yoast.com\/product\/yoast-seo-wordpress\/ -->\n<title>Montura Light Revolution Pull femme - Pull femme - MioMioRun<\/title>\n<meta name=\"description\" content=\"Light Revolution est un pull pour femme en tissu polaire polyester bi-extensible offrant une protection \u00e9lev\u00e9e contre les rayons UV.\" \/>\n<meta name=\"robots\" content=\"index, follow, max-snippet:-1, max-image-preview:large, max-video-preview:-1\" \/>\n<link rel=\"canonical\" href=\"https:\/\/www.miomiorun.com\/fr\/produit\/light-revolution-pull-femme\/\" \/>\n<meta property=\"og:locale\" content=\"fr_FR\" \/>\n<meta property=\"og:type\" content=\"article\" \/>\n<meta property=\"og:title\" content=\"Montura Light Revolution Pull femme - Pull femme - MioMioRun\" \/>\n<meta property=\"og:description\" content=\"Light Revolution est un pull pour femme en tissu polaire polyester bi-extensible offrant une protection \u00e9lev\u00e9e contre les rayons UV.\" \/>\n<meta property=\"og:url\" content=\"https:\/\/www.miomiorun.com\/fr\/produit\/light-revolution-pull-femme\/\" \/>\n<meta property=\"og:site_name\" content=\"MioMioRun\" \/>\n<meta property=\"article:publisher\" content=\"https:\/\/www.facebook.com\/miomiorun\/\" \/>\n<meta property=\"article:modified_time\" content=\"2025-09-19T14:57:34+00:00\" \/>\n<meta property=\"og:image\" content=\"https:\/\/www.miomiorun.com\/app\/uploads\/2022\/05\/montura-light-revolution-maglia-W-nero-blu-cenere-MMAP56W-9086.jpg\" \/>\n\t<meta property=\"og:image:width\" content=\"600\" \/>\n\t<meta property=\"og:image:height\" content=\"600\" \/>\n\t<meta property=\"og:image:type\" content=\"image\/jpeg\" \/>\n<meta name=\"twitter:card\" content=\"summary_large_image\" \/>\n<script type=\"application\/ld+json\" class=\"yoast-schema-graph\">{\"@context\":\"https:\/\/schema.org\",\"@graph\":[{\"@type\":\"WebPage\",\"@id\":\"https:\/\/www.miomiorun.com\/fr\/produit\/light-revolution-pull-femme\/\",\"url\":\"https:\/\/www.miomiorun.com\/fr\/produit\/light-revolution-pull-femme\/\",\"name\":\"Montura Light Revolution Pull femme - Pull femme - MioMioRun\",\"isPartOf\":{\"@id\":\"https:\/\/www.miomiorun.com\/fr\/#website\"},\"primaryImageOfPage\":{\"@id\":\"https:\/\/www.miomiorun.com\/fr\/produit\/light-revolution-pull-femme\/#primaryimage\"},\"image\":{\"@id\":\"https:\/\/www.miomiorun.com\/fr\/produit\/light-revolution-pull-femme\/#primaryimage\"},\"thumbnailUrl\":\"https:\/\/www.miomiorun.com\/app\/uploads\/2022\/05\/montura-light-revolution-maglia-W-nero-blu-cenere-MMAP56W-9086.jpg\",\"datePublished\":\"2022-05-14T15:12:37+00:00\",\"dateModified\":\"2025-09-19T14:57:34+00:00\",\"description\":\"Light Revolution est un pull pour femme en tissu polaire polyester bi-extensible offrant une protection \u00e9lev\u00e9e contre les rayons UV.\",\"breadcrumb\":{\"@id\":\"https:\/\/www.miomiorun.com\/fr\/produit\/light-revolution-pull-femme\/#breadcrumb\"},\"inLanguage\":\"fr-FR\",\"potentialAction\":[{\"@type\":\"ReadAction\",\"target\":[\"https:\/\/www.miomiorun.com\/fr\/produit\/light-revolution-pull-femme\/\"]}]},{\"@type\":\"ImageObject\",\"inLanguage\":\"fr-FR\",\"@id\":\"https:\/\/www.miomiorun.com\/fr\/produit\/light-revolution-pull-femme\/#primaryimage\",\"url\":\"https:\/\/www.miomiorun.com\/app\/uploads\/2022\/05\/montura-light-revolution-maglia-W-nero-blu-cenere-MMAP56W-9086.jpg\",\"contentUrl\":\"https:\/\/www.miomiorun.com\/app\/uploads\/2022\/05\/montura-light-revolution-maglia-W-nero-blu-cenere-MMAP56W-9086.jpg\",\"width\":600,\"height\":600,\"caption\":\"montura-light-revolution-maglia-W-nero-blu-cenere-MMAP56W-9086\"},{\"@type\":\"BreadcrumbList\",\"@id\":\"https:\/\/www.miomiorun.com\/fr\/produit\/light-revolution-pull-femme\/#breadcrumb\",\"itemListElement\":[{\"@type\":\"ListItem\",\"position\":1,\"name\":\"Home\",\"item\":\"https:\/\/www.miomiorun.com\/fr\/home-page\/\"},{\"@type\":\"ListItem\",\"position\":2,\"name\":\"Shop\",\"item\":\"https:\/\/www.miomiorun.com\/shop\/\"},{\"@type\":\"ListItem\",\"position\":3,\"name\":\"Light Revolution Pull femme\"}]},{\"@type\":\"WebSite\",\"@id\":\"https:\/\/www.miomiorun.com\/fr\/#website\",\"url\":\"https:\/\/www.miomiorun.com\/fr\/\",\"name\":\"MioMioRun\",\"description\":\"Boutique 100% running et trail\",\"publisher\":{\"@id\":\"https:\/\/www.miomiorun.com\/fr\/#organization\"},\"potentialAction\":[{\"@type\":\"SearchAction\",\"target\":{\"@type\":\"EntryPoint\",\"urlTemplate\":\"https:\/\/www.miomiorun.com\/fr\/?s={search_term_string}\"},\"query-input\":{\"@type\":\"PropertyValueSpecification\",\"valueRequired\":true,\"valueName\":\"search_term_string\"}}],\"inLanguage\":\"fr-FR\"},{\"@type\":\"Organization\",\"@id\":\"https:\/\/www.miomiorun.com\/fr\/#organization\",\"name\":\"MioMio Run\",\"url\":\"https:\/\/www.miomiorun.com\/fr\/\",\"logo\":{\"@type\":\"ImageObject\",\"inLanguage\":\"fr-FR\",\"@id\":\"https:\/\/www.miomiorun.com\/fr\/#\/schema\/logo\/image\/\",\"url\":\"https:\/\/www.miomiorun.com\/app\/uploads\/2019\/12\/logomio.png\",\"contentUrl\":\"https:\/\/www.miomiorun.com\/app\/uploads\/2019\/12\/logomio.png\",\"width\":115,\"height\":82,\"caption\":\"MioMio Run\"},\"image\":{\"@id\":\"https:\/\/www.miomiorun.com\/fr\/#\/schema\/logo\/image\/\"},\"sameAs\":[\"https:\/\/www.facebook.com\/miomiorun\/\",\"https:\/\/www.instagram.com\/miomiorun\/\"]}]}<\/script>\n<!-- \/ Yoast SEO plugin. -->","yoast_head_json":{"title":"Montura Light Revolution Pull femme - Pull femme - MioMioRun","description":"Light Revolution est un pull pour femme en tissu polaire polyester bi-extensible offrant une protection \u00e9lev\u00e9e contre les rayons UV.","robots":{"index":"index","follow":"follow","max-snippet":"max-snippet:-1","max-image-preview":"max-image-preview:large","max-video-preview":"max-video-preview:-1"},"canonical":"https:\/\/www.miomiorun.com\/fr\/produit\/light-revolution-pull-femme\/","og_locale":"fr_FR","og_type":"article","og_title":"Montura Light Revolution Pull femme - Pull femme - MioMioRun","og_description":"Light Revolution est un pull pour femme en tissu polaire polyester bi-extensible offrant une protection \u00e9lev\u00e9e contre les rayons UV.","og_url":"https:\/\/www.miomiorun.com\/fr\/produit\/light-revolution-pull-femme\/","og_site_name":"MioMioRun","article_publisher":"https:\/\/www.facebook.com\/miomiorun\/","article_modified_time":"2025-09-19T14:57:34+00:00","og_image":[{"width":600,"height":600,"url":"https:\/\/www.miomiorun.com\/app\/uploads\/2022\/05\/montura-light-revolution-maglia-W-nero-blu-cenere-MMAP56W-9086.jpg","type":"image\/jpeg"}],"twitter_card":"summary_large_image","schema":{"@context":"https:\/\/schema.org","@graph":[{"@type":"WebPage","@id":"https:\/\/www.miomiorun.com\/fr\/produit\/light-revolution-pull-femme\/","url":"https:\/\/www.miomiorun.com\/fr\/produit\/light-revolution-pull-femme\/","name":"Montura Light Revolution Pull femme - Pull femme - MioMioRun","isPartOf":{"@id":"https:\/\/www.miomiorun.com\/fr\/#website"},"primaryImageOfPage":{"@id":"https:\/\/www.miomiorun.com\/fr\/produit\/light-revolution-pull-femme\/#primaryimage"},"image":{"@id":"https:\/\/www.miomiorun.com\/fr\/produit\/light-revolution-pull-femme\/#primaryimage"},"thumbnailUrl":"https:\/\/www.miomiorun.com\/app\/uploads\/2022\/05\/montura-light-revolution-maglia-W-nero-blu-cenere-MMAP56W-9086.jpg","datePublished":"2022-05-14T15:12:37+00:00","dateModified":"2025-09-19T14:57:34+00:00","description":"Light Revolution est un pull pour femme en tissu polaire polyester bi-extensible offrant une protection \u00e9lev\u00e9e contre les rayons UV.","breadcrumb":{"@id":"https:\/\/www.miomiorun.com\/fr\/produit\/light-revolution-pull-femme\/#breadcrumb"},"inLanguage":"fr-FR","potentialAction":[{"@type":"ReadAction","target":["https:\/\/www.miomiorun.com\/fr\/produit\/light-revolution-pull-femme\/"]}]},{"@type":"ImageObject","inLanguage":"fr-FR","@id":"https:\/\/www.miomiorun.com\/fr\/produit\/light-revolution-pull-femme\/#primaryimage","url":"https:\/\/www.miomiorun.com\/app\/uploads\/2022\/05\/montura-light-revolution-maglia-W-nero-blu-cenere-MMAP56W-9086.jpg","contentUrl":"https:\/\/www.miomiorun.com\/app\/uploads\/2022\/05\/montura-light-revolution-maglia-W-nero-blu-cenere-MMAP56W-9086.jpg","width":600,"height":600,"caption":"montura-light-revolution-maglia-W-nero-blu-cenere-MMAP56W-9086"},{"@type":"BreadcrumbList","@id":"https:\/\/www.miomiorun.com\/fr\/produit\/light-revolution-pull-femme\/#breadcrumb","itemListElement":[{"@type":"ListItem","position":1,"name":"Home","item":"https:\/\/www.miomiorun.com\/fr\/home-page\/"},{"@type":"ListItem","position":2,"name":"Shop","item":"https:\/\/www.miomiorun.com\/shop\/"},{"@type":"ListItem","position":3,"name":"Light Revolution Pull femme"}]},{"@type":"WebSite","@id":"https:\/\/www.miomiorun.com\/fr\/#website","url":"https:\/\/www.miomiorun.com\/fr\/","name":"MioMioRun","description":"Boutique 100% running et trail","publisher":{"@id":"https:\/\/www.miomiorun.com\/fr\/#organization"},"potentialAction":[{"@type":"SearchAction","target":{"@type":"EntryPoint","urlTemplate":"https:\/\/www.miomiorun.com\/fr\/?s={search_term_string}"},"query-input":{"@type":"PropertyValueSpecification","valueRequired":true,"valueName":"search_term_string"}}],"inLanguage":"fr-FR"},{"@type":"Organization","@id":"https:\/\/www.miomiorun.com\/fr\/#organization","name":"MioMio Run","url":"https:\/\/www.miomiorun.com\/fr\/","logo":{"@type":"ImageObject","inLanguage":"fr-FR","@id":"https:\/\/www.miomiorun.com\/fr\/#\/schema\/logo\/image\/","url":"https:\/\/www.miomiorun.com\/app\/uploads\/2019\/12\/logomio.png","contentUrl":"https:\/\/www.miomiorun.com\/app\/uploads\/2019\/12\/logomio.png","width":115,"height":82,"caption":"MioMio Run"},"image":{"@id":"https:\/\/www.miomiorun.com\/fr\/#\/schema\/logo\/image\/"},"sameAs":["https:\/\/www.facebook.com\/miomiorun\/","https:\/\/www.instagram.com\/miomiorun\/"]}]}},"_links":{"self":[{"href":"https:\/\/www.miomiorun.com\/fr\/wp-json\/wp\/v2\/product\/283008","targetHints":{"allow":["GET"]}}],"collection":[{"href":"https:\/\/www.miomiorun.com\/fr\/wp-json\/wp\/v2\/product"}],"about":[{"href":"https:\/\/www.miomiorun.com\/fr\/wp-json\/wp\/v2\/types\/product"}],"wp:featuredmedia":[{"embeddable":true,"href":"https:\/\/www.miomiorun.com\/fr\/wp-json\/wp\/v2\/media\/236619"}],"wp:attachment":[{"href":"https:\/\/www.miomiorun.com\/fr\/wp-json\/wp\/v2\/media?parent=283008"}],"wp:term":[{"taxonomy":"product_brand","embeddable":true,"href":"https:\/\/www.miomiorun.com\/fr\/wp-json\/wp\/v2\/product_brand?post=283008"},{"taxonomy":"product_cat","embeddable":true,"href":"https:\/\/www.miomiorun.com\/fr\/wp-json\/wp\/v2\/product_cat?post=283008"},{"taxonomy":"product_tag","embeddable":true,"href":"https:\/\/www.miomiorun.com\/fr\/wp-json\/wp\/v2\/product_tag?post=283008"}],"curies":[{"name":"wp","href":"https:\/\/api.w.org\/{rel}","templated":true}]}}