{"id":282959,"date":"2022-05-19T17:55:14","date_gmt":"2022-05-19T15:55:14","guid":{"rendered":"https:\/\/miomiorun.com\/prodotto\/craft-adv-essence-ss-tee-uomo\/"},"modified":"2025-09-19T17:08:00","modified_gmt":"2025-09-19T15:08:00","slug":"craft-adv-essence-ss-tee-homme","status":"publish","type":"product","link":"https:\/\/www.miomiorun.com\/fr\/produit\/craft-adv-essence-ss-tee-homme\/","title":{"rendered":"ADV Essence SS Tee homme"},"content":{"rendered":"<p>Le t-shirt ADV Essence SS Tee est un t-shirt doux et fonctionnel en polyester recycl\u00e9 qui offre une excellente \u00e9vacuation de l&#8217;humidit\u00e9 pour l&#8217;entra\u00eenement quotidien. De plus, ce t-shirt d&#8217;entra\u00eenement avanc\u00e9 est dot\u00e9 d&#8217;une coupe ergonomique pour un ajustement optimal, une libert\u00e9 de mouvement et un confort accrus.<\/p>\n<p><strong>Caract\u00e9ristiques :<\/strong><\/p>\n<ul>\n<li>Polyester recycl\u00e9.<\/li>\n<li>D\u00e9tails en maille pour une meilleure ventilation.<\/li>\n<li>Poche zipp\u00e9e dissimul\u00e9e sur le c\u00f4t\u00e9 droit.<\/li>\n<li>Coupe r\u00e9guli\u00e8re.<\/li>\n<\/ul>\n<p><img loading=\"lazy\" decoding=\"async\" class=\"css-1w257c5\" title=\"MoistureTransport\" src=\"https:\/\/www.craftsportswear.com\/static\/media\/moisture_transport.27f437d8.svg?q=70&amp;fit=clip&amp;w=72&amp;fm=jpg&amp;auto=format\" alt=\"MoistureTransport\" width=\"87\" height=\"87\"><\/p>\n<p>Transport de l&#8217;humidit\u00e9.<\/p>\n<p><img loading=\"lazy\" decoding=\"async\" class=\"css-1w257c5\" title=\"Stretch\" src=\"https:\/\/www.craftsportswear.com\/static\/media\/stretch.b10adc40.svg?q=70&amp;fit=clip&amp;w=72&amp;fm=jpg&amp;auto=format\" alt=\"Stretch\" width=\"85\" height=\"85\"><\/p>\n<p>Tissu extensible.<\/p>\n<p>Mat\u00e9riau : Corps 95 % polyester recycl\u00e9 5 % \u00e9lasthanne Haut du dos 100 % polyester recycl\u00e9<\/p>\n","protected":false},"excerpt":{"rendered":"<p>Le t-shirt ADV Essence SS Tee est un t-shirt doux et fonctionnel en polyester recycl\u00e9 qui offre une excellente \u00e9vacuation de l&#8217;humidit\u00e9 pour l&#8217;entra\u00eenement quotidien. De plus, ce t-shirt d&#8217;entra\u00eenement avanc\u00e9 est dot\u00e9 d&#8217;une coupe ergonomique pour un ajustement optimal, une libert\u00e9 de mouvement et un confort accrus. Caract\u00e9ristiques : Polyester recycl\u00e9. D\u00e9tails en maille &hellip; <a href=\"https:\/\/www.miomiorun.com\/fr\/produit\/craft-adv-essence-ss-tee-homme\/\">Continued<\/a><\/p>\n","protected":false},"featured_media":246286,"template":"","meta":{"_acf_changed":false,"inline_featured_image":false},"product_brand":[],"product_cat":[24449,24482,24484],"product_tag":[23554,23647],"class_list":{"0":"post-282959","1":"product","2":"type-product","3":"status-publish","4":"has-post-thumbnail","6":"product_cat-t-shirt-fr-3","7":"product_cat-vetements-pour-hommes-fr","8":"product_cat-homme","9":"product_tag-craft-fr","10":"product_tag-craft-homme","11":"pa_attivita-marcher","12":"pa_attivita-running-fr","13":"pa_colore-adv-essence-ss-tee-calm-fr","14":"pa_colore-adv-essence-ss-tee-m-black-fr","15":"pa_colore-adv-essence-ss-tee-m-flumino-fr","16":"pa_colore-adv-essence-ss-tee-m-sour-fr","17":"pa_marca-craft-fr","18":"pa_sesso-homme","19":"pa_size-small-fr","20":"pa_size-medium-fr","21":"pa_size-large-fr","22":"pa_size-extra-large-fr","24":"first","25":"instock","26":"sale","27":"taxable","28":"shipping-taxable","29":"purchasable","30":"product-type-variable","31":"wvs-archive-product-wrapper"},"acf":[],"yoast_head":"<!-- This site is optimized with the Yoast SEO plugin v26.8 - https:\/\/yoast.com\/product\/yoast-seo-wordpress\/ -->\n<title>Craft ADV Essence SS Tee homme - t-shirt de course - MioMioRun.com<\/title>\n<meta name=\"description\" content=\"Le t-shirt ADV Essence SS pour homme est un t-shirt souple et fonctionnel fabriqu\u00e9 en polyester recycl\u00e9 offrant une excellente \u00e9vacuation de la transpiration.\" \/>\n<meta name=\"robots\" content=\"index, follow, max-snippet:-1, max-image-preview:large, max-video-preview:-1\" \/>\n<link rel=\"canonical\" href=\"https:\/\/www.miomiorun.com\/fr\/produit\/craft-adv-essence-ss-tee-homme\/\" \/>\n<meta property=\"og:locale\" content=\"fr_FR\" \/>\n<meta property=\"og:type\" content=\"article\" \/>\n<meta property=\"og:title\" content=\"Craft ADV Essence SS Tee homme - t-shirt de course - MioMioRun.com\" \/>\n<meta property=\"og:description\" content=\"Le t-shirt ADV Essence SS pour homme est un t-shirt souple et fonctionnel fabriqu\u00e9 en polyester recycl\u00e9 offrant une excellente \u00e9vacuation de la transpiration.\" \/>\n<meta property=\"og:url\" content=\"https:\/\/www.miomiorun.com\/fr\/produit\/craft-adv-essence-ss-tee-homme\/\" \/>\n<meta property=\"og:site_name\" content=\"MioMioRun\" \/>\n<meta property=\"article:publisher\" content=\"https:\/\/www.facebook.com\/miomiorun\/\" \/>\n<meta property=\"article:modified_time\" content=\"2025-09-19T15:08:00+00:00\" \/>\n<meta property=\"og:image\" content=\"https:\/\/www.miomiorun.com\/app\/uploads\/2024\/04\/craft-ADV-essence-SS-tee-M-black-1908753-999000.webp\" \/>\n\t<meta property=\"og:image:width\" content=\"600\" \/>\n\t<meta property=\"og:image:height\" content=\"600\" \/>\n\t<meta property=\"og:image:type\" content=\"image\/webp\" \/>\n<meta name=\"twitter:card\" content=\"summary_large_image\" \/>\n<script type=\"application\/ld+json\" class=\"yoast-schema-graph\">{\"@context\":\"https:\/\/schema.org\",\"@graph\":[{\"@type\":\"WebPage\",\"@id\":\"https:\/\/www.miomiorun.com\/fr\/produit\/craft-adv-essence-ss-tee-homme\/\",\"url\":\"https:\/\/www.miomiorun.com\/fr\/produit\/craft-adv-essence-ss-tee-homme\/\",\"name\":\"Craft ADV Essence SS Tee homme - t-shirt de course - MioMioRun.com\",\"isPartOf\":{\"@id\":\"https:\/\/www.miomiorun.com\/fr\/#website\"},\"primaryImageOfPage\":{\"@id\":\"https:\/\/www.miomiorun.com\/fr\/produit\/craft-adv-essence-ss-tee-homme\/#primaryimage\"},\"image\":{\"@id\":\"https:\/\/www.miomiorun.com\/fr\/produit\/craft-adv-essence-ss-tee-homme\/#primaryimage\"},\"thumbnailUrl\":\"https:\/\/www.miomiorun.com\/app\/uploads\/2024\/04\/craft-ADV-essence-SS-tee-M-black-1908753-999000.webp\",\"datePublished\":\"2022-05-19T15:55:14+00:00\",\"dateModified\":\"2025-09-19T15:08:00+00:00\",\"description\":\"Le t-shirt ADV Essence SS pour homme est un t-shirt souple et fonctionnel fabriqu\u00e9 en polyester recycl\u00e9 offrant une excellente \u00e9vacuation de la transpiration.\",\"breadcrumb\":{\"@id\":\"https:\/\/www.miomiorun.com\/fr\/produit\/craft-adv-essence-ss-tee-homme\/#breadcrumb\"},\"inLanguage\":\"fr-FR\",\"potentialAction\":[{\"@type\":\"ReadAction\",\"target\":[\"https:\/\/www.miomiorun.com\/fr\/produit\/craft-adv-essence-ss-tee-homme\/\"]}]},{\"@type\":\"ImageObject\",\"inLanguage\":\"fr-FR\",\"@id\":\"https:\/\/www.miomiorun.com\/fr\/produit\/craft-adv-essence-ss-tee-homme\/#primaryimage\",\"url\":\"https:\/\/www.miomiorun.com\/app\/uploads\/2024\/04\/craft-ADV-essence-SS-tee-M-black-1908753-999000.webp\",\"contentUrl\":\"https:\/\/www.miomiorun.com\/app\/uploads\/2024\/04\/craft-ADV-essence-SS-tee-M-black-1908753-999000.webp\",\"width\":600,\"height\":600,\"caption\":\"craft ADV essence SS tee M black 1908753-999000\"},{\"@type\":\"BreadcrumbList\",\"@id\":\"https:\/\/www.miomiorun.com\/fr\/produit\/craft-adv-essence-ss-tee-homme\/#breadcrumb\",\"itemListElement\":[{\"@type\":\"ListItem\",\"position\":1,\"name\":\"Home\",\"item\":\"https:\/\/www.miomiorun.com\/fr\/home-page\/\"},{\"@type\":\"ListItem\",\"position\":2,\"name\":\"Shop\",\"item\":\"https:\/\/www.miomiorun.com\/shop\/\"},{\"@type\":\"ListItem\",\"position\":3,\"name\":\"ADV Essence SS Tee homme\"}]},{\"@type\":\"WebSite\",\"@id\":\"https:\/\/www.miomiorun.com\/fr\/#website\",\"url\":\"https:\/\/www.miomiorun.com\/fr\/\",\"name\":\"MioMioRun\",\"description\":\"Boutique 100% running et trail\",\"publisher\":{\"@id\":\"https:\/\/www.miomiorun.com\/fr\/#organization\"},\"potentialAction\":[{\"@type\":\"SearchAction\",\"target\":{\"@type\":\"EntryPoint\",\"urlTemplate\":\"https:\/\/www.miomiorun.com\/fr\/?s={search_term_string}\"},\"query-input\":{\"@type\":\"PropertyValueSpecification\",\"valueRequired\":true,\"valueName\":\"search_term_string\"}}],\"inLanguage\":\"fr-FR\"},{\"@type\":\"Organization\",\"@id\":\"https:\/\/www.miomiorun.com\/fr\/#organization\",\"name\":\"MioMio Run\",\"url\":\"https:\/\/www.miomiorun.com\/fr\/\",\"logo\":{\"@type\":\"ImageObject\",\"inLanguage\":\"fr-FR\",\"@id\":\"https:\/\/www.miomiorun.com\/fr\/#\/schema\/logo\/image\/\",\"url\":\"https:\/\/www.miomiorun.com\/app\/uploads\/2019\/12\/logomio.png\",\"contentUrl\":\"https:\/\/www.miomiorun.com\/app\/uploads\/2019\/12\/logomio.png\",\"width\":115,\"height\":82,\"caption\":\"MioMio Run\"},\"image\":{\"@id\":\"https:\/\/www.miomiorun.com\/fr\/#\/schema\/logo\/image\/\"},\"sameAs\":[\"https:\/\/www.facebook.com\/miomiorun\/\",\"https:\/\/www.instagram.com\/miomiorun\/\"]}]}<\/script>\n<!-- \/ Yoast SEO plugin. -->","yoast_head_json":{"title":"Craft ADV Essence SS Tee homme - t-shirt de course - MioMioRun.com","description":"Le t-shirt ADV Essence SS pour homme est un t-shirt souple et fonctionnel fabriqu\u00e9 en polyester recycl\u00e9 offrant une excellente \u00e9vacuation de la transpiration.","robots":{"index":"index","follow":"follow","max-snippet":"max-snippet:-1","max-image-preview":"max-image-preview:large","max-video-preview":"max-video-preview:-1"},"canonical":"https:\/\/www.miomiorun.com\/fr\/produit\/craft-adv-essence-ss-tee-homme\/","og_locale":"fr_FR","og_type":"article","og_title":"Craft ADV Essence SS Tee homme - t-shirt de course - MioMioRun.com","og_description":"Le t-shirt ADV Essence SS pour homme est un t-shirt souple et fonctionnel fabriqu\u00e9 en polyester recycl\u00e9 offrant une excellente \u00e9vacuation de la transpiration.","og_url":"https:\/\/www.miomiorun.com\/fr\/produit\/craft-adv-essence-ss-tee-homme\/","og_site_name":"MioMioRun","article_publisher":"https:\/\/www.facebook.com\/miomiorun\/","article_modified_time":"2025-09-19T15:08:00+00:00","og_image":[{"width":600,"height":600,"url":"https:\/\/www.miomiorun.com\/app\/uploads\/2024\/04\/craft-ADV-essence-SS-tee-M-black-1908753-999000.webp","type":"image\/webp"}],"twitter_card":"summary_large_image","schema":{"@context":"https:\/\/schema.org","@graph":[{"@type":"WebPage","@id":"https:\/\/www.miomiorun.com\/fr\/produit\/craft-adv-essence-ss-tee-homme\/","url":"https:\/\/www.miomiorun.com\/fr\/produit\/craft-adv-essence-ss-tee-homme\/","name":"Craft ADV Essence SS Tee homme - t-shirt de course - MioMioRun.com","isPartOf":{"@id":"https:\/\/www.miomiorun.com\/fr\/#website"},"primaryImageOfPage":{"@id":"https:\/\/www.miomiorun.com\/fr\/produit\/craft-adv-essence-ss-tee-homme\/#primaryimage"},"image":{"@id":"https:\/\/www.miomiorun.com\/fr\/produit\/craft-adv-essence-ss-tee-homme\/#primaryimage"},"thumbnailUrl":"https:\/\/www.miomiorun.com\/app\/uploads\/2024\/04\/craft-ADV-essence-SS-tee-M-black-1908753-999000.webp","datePublished":"2022-05-19T15:55:14+00:00","dateModified":"2025-09-19T15:08:00+00:00","description":"Le t-shirt ADV Essence SS pour homme est un t-shirt souple et fonctionnel fabriqu\u00e9 en polyester recycl\u00e9 offrant une excellente \u00e9vacuation de la transpiration.","breadcrumb":{"@id":"https:\/\/www.miomiorun.com\/fr\/produit\/craft-adv-essence-ss-tee-homme\/#breadcrumb"},"inLanguage":"fr-FR","potentialAction":[{"@type":"ReadAction","target":["https:\/\/www.miomiorun.com\/fr\/produit\/craft-adv-essence-ss-tee-homme\/"]}]},{"@type":"ImageObject","inLanguage":"fr-FR","@id":"https:\/\/www.miomiorun.com\/fr\/produit\/craft-adv-essence-ss-tee-homme\/#primaryimage","url":"https:\/\/www.miomiorun.com\/app\/uploads\/2024\/04\/craft-ADV-essence-SS-tee-M-black-1908753-999000.webp","contentUrl":"https:\/\/www.miomiorun.com\/app\/uploads\/2024\/04\/craft-ADV-essence-SS-tee-M-black-1908753-999000.webp","width":600,"height":600,"caption":"craft ADV essence SS tee M black 1908753-999000"},{"@type":"BreadcrumbList","@id":"https:\/\/www.miomiorun.com\/fr\/produit\/craft-adv-essence-ss-tee-homme\/#breadcrumb","itemListElement":[{"@type":"ListItem","position":1,"name":"Home","item":"https:\/\/www.miomiorun.com\/fr\/home-page\/"},{"@type":"ListItem","position":2,"name":"Shop","item":"https:\/\/www.miomiorun.com\/shop\/"},{"@type":"ListItem","position":3,"name":"ADV Essence SS Tee homme"}]},{"@type":"WebSite","@id":"https:\/\/www.miomiorun.com\/fr\/#website","url":"https:\/\/www.miomiorun.com\/fr\/","name":"MioMioRun","description":"Boutique 100% running et trail","publisher":{"@id":"https:\/\/www.miomiorun.com\/fr\/#organization"},"potentialAction":[{"@type":"SearchAction","target":{"@type":"EntryPoint","urlTemplate":"https:\/\/www.miomiorun.com\/fr\/?s={search_term_string}"},"query-input":{"@type":"PropertyValueSpecification","valueRequired":true,"valueName":"search_term_string"}}],"inLanguage":"fr-FR"},{"@type":"Organization","@id":"https:\/\/www.miomiorun.com\/fr\/#organization","name":"MioMio Run","url":"https:\/\/www.miomiorun.com\/fr\/","logo":{"@type":"ImageObject","inLanguage":"fr-FR","@id":"https:\/\/www.miomiorun.com\/fr\/#\/schema\/logo\/image\/","url":"https:\/\/www.miomiorun.com\/app\/uploads\/2019\/12\/logomio.png","contentUrl":"https:\/\/www.miomiorun.com\/app\/uploads\/2019\/12\/logomio.png","width":115,"height":82,"caption":"MioMio Run"},"image":{"@id":"https:\/\/www.miomiorun.com\/fr\/#\/schema\/logo\/image\/"},"sameAs":["https:\/\/www.facebook.com\/miomiorun\/","https:\/\/www.instagram.com\/miomiorun\/"]}]}},"_links":{"self":[{"href":"https:\/\/www.miomiorun.com\/fr\/wp-json\/wp\/v2\/product\/282959","targetHints":{"allow":["GET"]}}],"collection":[{"href":"https:\/\/www.miomiorun.com\/fr\/wp-json\/wp\/v2\/product"}],"about":[{"href":"https:\/\/www.miomiorun.com\/fr\/wp-json\/wp\/v2\/types\/product"}],"wp:featuredmedia":[{"embeddable":true,"href":"https:\/\/www.miomiorun.com\/fr\/wp-json\/wp\/v2\/media\/246286"}],"wp:attachment":[{"href":"https:\/\/www.miomiorun.com\/fr\/wp-json\/wp\/v2\/media?parent=282959"}],"wp:term":[{"taxonomy":"product_brand","embeddable":true,"href":"https:\/\/www.miomiorun.com\/fr\/wp-json\/wp\/v2\/product_brand?post=282959"},{"taxonomy":"product_cat","embeddable":true,"href":"https:\/\/www.miomiorun.com\/fr\/wp-json\/wp\/v2\/product_cat?post=282959"},{"taxonomy":"product_tag","embeddable":true,"href":"https:\/\/www.miomiorun.com\/fr\/wp-json\/wp\/v2\/product_tag?post=282959"}],"curies":[{"name":"wp","href":"https:\/\/api.w.org\/{rel}","templated":true}]}}