{"id":282870,"date":"2022-06-07T10:37:55","date_gmt":"2022-06-07T08:37:55","guid":{"rendered":"https:\/\/miomiorun.com\/prodotto\/draft-xc\/"},"modified":"2025-09-19T17:20:40","modified_gmt":"2025-09-19T15:20:40","slug":"draft-xc","status":"publish","type":"product","link":"https:\/\/www.miomiorun.com\/fr\/produit\/draft-xc\/","title":{"rendered":"Draft XC"},"content":{"rendered":"<div class=\"vc-row container\"><div class=\"vc-column\"><div class=\"vc-column-text\"><\/p>\n<p><strong>Caract\u00e9ristiques techniques<\/strong><\/p>\n<p>Cat\u00e9gorie : piste<\/p>\n<p>Poids : 184,3 g<br \/>\nId\u00e9al pour : les athl\u00e8tes \u00e0 la recherche de chaussures \u00e0 pointes pour l&#8217;entra\u00eenement et les comp\u00e9titions sur piste sur des distances allant jusqu&#8217;\u00e0 5 000 m\u00e8tres, mais aussi pour le cross-country.<br \/>\nPoids de l&#8217;athl\u00e8te : 60-75 kg<br \/>\nAllure de course : rapide &lt; 3,30 min\/km<br \/>\n<a href=\"https:\/\/miomiorun.com\/fr\/guide-des-specificites\/\">Guide des caract\u00e9ristiques techniques<\/a><\/p>\n<p><\/div><\/div><div class=\"vc-column\"><div class=\"vc-column-text\"><\/p>\n<p id=\"tw-target-text\" class=\"tw-data-text tw-text-large tw-ta\" dir=\"ltr\" data-placeholder=\"Traduzione\"><span class=\"Y2IQFc\" lang=\"it\">Visez la ligne d&#8217;arriv\u00e9e et affrontez la concurrence. La chaussure de course <strong>Draft XC<\/strong> <strong>unisexe<\/strong> offre un confort ultra-l\u00e9ger pour les courses de cross-country, ainsi qu&#8217;une tige personnalisable con\u00e7ue pour laisser votre empreinte.<\/span><\/p>\n<p dir=\"ltr\" data-placeholder=\"Traduzione\">Le profil des crampons am\u00e9liore la traction sur toutes les surfaces. Le syst\u00e8me de crampons hybrides fonctionne tr\u00e8s bien sur les sentiers et les pistes de fond.<\/p>\n<h3 class=\"medium\">Caract\u00e9ristiques<\/p>\n<ol class=\"m-unordered__list\">\n<li class=\"unordered__item small\">Tige personnalisable.\n<li class=\"unordered__item small\">Pointes pour la traction.\n<li class=\"unordered__item small\">Amorti souple.<\/li>\n<li>Id\u00e9al pour les distances jusqu&#8217;\u00e0 5 000 m et le cross-country.<\/li>\n<\/li>\n<\/li>\n<\/ol>\n<p><strong>ID\u00c9AL POUR :<\/strong><\/p>\n<p><img loading=\"lazy\" decoding=\"async\" class=\"a-responsive-image__img\" src=\"https:\/\/www.brooksrunning.com\/on\/demandware.static\/-\/Sites-brooks-master-catalog\/default\/dwd2111c8d\/specs\/PDP-BestFor-FTW-Race.svg\" alt=\"\" width=\"80\" height=\"80\"><strong>Comp\u00e9titions de fond<\/strong><\/p>\n<p><img loading=\"lazy\" decoding=\"async\" class=\"a-responsive-image__img\" src=\"https:\/\/www.brooksrunning.com\/on\/demandware.static\/-\/Sites-brooks-master-catalog\/default\/dw5c174909\/specs\/PDP-BestFor-FTW-Max-Efficiency.svg\" alt=\"\" width=\"80\" height=\"80\"><strong>Courses rapides<\/strong><\/p>\n<p>&nbsp;<\/p>\n<h3>Nouvelle plaque \u00e0 crampons : plus durable<\/h3>\n<p>La plaque \u00e0 crampons am\u00e9lior\u00e9e augmente la durabilit\u00e9 et offre la rigidit\u00e9 n\u00e9cessaire pour courir de mani\u00e8re agressive et battre sur des terrains meubles.<\/p>\n<h3>Traction optimale<\/h3>\n<p><img loading=\"lazy\" decoding=\"async\" class=\"a-responsive-image__img\" src=\"https:\/\/www.brooksrunning.com\/on\/demandware.static\/-\/Sites-brooks-master-catalog\/default\/dw4d3aecbb\/specs\/PDP-BestFor-FTW-Traction.svg\" alt=\"\" width=\"79\" height=\"79\">&nbsp; <strong>Traction<\/strong><\/p>\n<p>La configuration agressive des crampons optimise la traction sur toutes les surfaces. La conception hybride des crampons fonctionne bien sur les parcours de cross-country.<\/p>\n<h3>Nouvelle tige<\/h3>\n<p class=\"type\">Pieds sur la ligne de d\u00e9part et c&#8217;est parti. <strong>Draft XC<\/strong> offre un confort ultra-l\u00e9ger pour les courses de <em>cross-country<\/em>, tandis que la tige peut \u00eatre personnalis\u00e9e pour exprimer votre style.<br \/>\n<\/div><\/div><\/div>\n<\/h3>\n","protected":false},"excerpt":{"rendered":"<ol class=\"m-unordered__list\">\n<li class=\"unordered__item small\">Pointes pour traction.<\/li>\n<li class=\"unordered__item small\">Amorti souple.<\/li>\n<li>Id\u00e9al pour les distances jusqu&#8217;\u00e0 5000 m et pour le cross-country.<\/li>\n<\/ol>\n","protected":false},"featured_media":236871,"template":"","meta":{"_acf_changed":false,"inline_featured_image":false},"product_brand":[],"product_cat":[22605,24448,24447,22606],"product_tag":[23462,23656,23655],"class_list":{"0":"post-282870","1":"product","2":"type-product","3":"status-publish","4":"has-post-thumbnail","6":"product_cat-chaussures-pour-femmes","7":"product_cat-chaussures-pour-hommes-fr","8":"product_cat-neutre-fr-3","9":"product_cat-neutre","10":"product_tag-brooks-fr","11":"product_tag-brooks-femme","12":"product_tag-brooks-homme","13":"pa_attivita-running-fr","14":"pa_colore-draft-xc-green-gecko-red-orange-white","15":"pa_colore-draft-xc-pink-glo-green-black-fr","16":"pa_colore-draft-xc-white-black-nightlife-fr","17":"pa_marca-brooks-fr","18":"pa_sesso-femme","19":"pa_sesso-homme","20":"pa_size-36-fr","21":"pa_size-36-5-fr","22":"pa_size-37-5-fr","23":"pa_size-38-fr","24":"pa_size-38-5-fr","25":"pa_size-39-fr","26":"pa_size-40-fr","27":"pa_size-40-5-fr","28":"pa_size-41-fr","29":"pa_size-42-fr","30":"pa_size-42-5-fr","31":"pa_size-43-fr","32":"pa_size-44-fr","33":"pa_size-44-5-fr","34":"pa_size-45-fr","36":"first","37":"instock","38":"sale","39":"taxable","40":"shipping-taxable","41":"purchasable","42":"product-type-variable","43":"wvs-archive-product-wrapper"},"acf":[],"yoast_head":"<!-- This site is optimized with the Yoast SEO plugin v26.8 - https:\/\/yoast.com\/product\/yoast-seo-wordpress\/ -->\n<title>Brooks Draft XC - chaussures de course - MioMioRun.com<\/title>\n<meta name=\"description\" content=\"La chaussure de course Draft XC unisex offre un confort ultra-l\u00e9ger pour les courses de cross-country, ainsi qu&#039;une tige personnalisable.\" \/>\n<meta name=\"robots\" content=\"index, follow, max-snippet:-1, max-image-preview:large, max-video-preview:-1\" \/>\n<link rel=\"canonical\" href=\"https:\/\/www.miomiorun.com\/fr\/produit\/draft-xc\/\" \/>\n<meta property=\"og:locale\" content=\"fr_FR\" \/>\n<meta property=\"og:type\" content=\"article\" \/>\n<meta property=\"og:title\" content=\"Brooks Draft XC - chaussures de course - MioMioRun.com\" \/>\n<meta property=\"og:description\" content=\"La chaussure de course Draft XC unisex offre un confort ultra-l\u00e9ger pour les courses de cross-country, ainsi qu&#039;une tige personnalisable.\" \/>\n<meta property=\"og:url\" content=\"https:\/\/www.miomiorun.com\/fr\/produit\/draft-xc\/\" \/>\n<meta property=\"og:site_name\" content=\"MioMioRun\" \/>\n<meta property=\"article:publisher\" content=\"https:\/\/www.facebook.com\/miomiorun\/\" \/>\n<meta property=\"article:modified_time\" content=\"2025-09-19T15:20:40+00:00\" \/>\n<meta property=\"og:image\" content=\"https:\/\/www.miomiorun.com\/app\/uploads\/2022\/06\/brooks-draft-XC-white-black-nightlife-1000391D129.jpg\" \/>\n\t<meta property=\"og:image:width\" content=\"600\" \/>\n\t<meta property=\"og:image:height\" content=\"600\" \/>\n\t<meta property=\"og:image:type\" content=\"image\/jpeg\" \/>\n<meta name=\"twitter:card\" content=\"summary_large_image\" \/>\n<meta name=\"twitter:label1\" content=\"Est. reading time\" \/>\n\t<meta name=\"twitter:data1\" content=\"1 minute\" \/>\n<script type=\"application\/ld+json\" class=\"yoast-schema-graph\">{\"@context\":\"https:\/\/schema.org\",\"@graph\":[{\"@type\":\"WebPage\",\"@id\":\"https:\/\/www.miomiorun.com\/fr\/produit\/draft-xc\/\",\"url\":\"https:\/\/www.miomiorun.com\/fr\/produit\/draft-xc\/\",\"name\":\"Brooks Draft XC - chaussures de course - MioMioRun.com\",\"isPartOf\":{\"@id\":\"https:\/\/www.miomiorun.com\/fr\/#website\"},\"primaryImageOfPage\":{\"@id\":\"https:\/\/www.miomiorun.com\/fr\/produit\/draft-xc\/#primaryimage\"},\"image\":{\"@id\":\"https:\/\/www.miomiorun.com\/fr\/produit\/draft-xc\/#primaryimage\"},\"thumbnailUrl\":\"https:\/\/www.miomiorun.com\/app\/uploads\/2022\/06\/brooks-draft-XC-white-black-nightlife-1000391D129.jpg\",\"datePublished\":\"2022-06-07T08:37:55+00:00\",\"dateModified\":\"2025-09-19T15:20:40+00:00\",\"description\":\"La chaussure de course Draft XC unisex offre un confort ultra-l\u00e9ger pour les courses de cross-country, ainsi qu'une tige personnalisable.\",\"breadcrumb\":{\"@id\":\"https:\/\/www.miomiorun.com\/fr\/produit\/draft-xc\/#breadcrumb\"},\"inLanguage\":\"fr-FR\",\"potentialAction\":[{\"@type\":\"ReadAction\",\"target\":[\"https:\/\/www.miomiorun.com\/fr\/produit\/draft-xc\/\"]}]},{\"@type\":\"ImageObject\",\"inLanguage\":\"fr-FR\",\"@id\":\"https:\/\/www.miomiorun.com\/fr\/produit\/draft-xc\/#primaryimage\",\"url\":\"https:\/\/www.miomiorun.com\/app\/uploads\/2022\/06\/brooks-draft-XC-white-black-nightlife-1000391D129.jpg\",\"contentUrl\":\"https:\/\/www.miomiorun.com\/app\/uploads\/2022\/06\/brooks-draft-XC-white-black-nightlife-1000391D129.jpg\",\"width\":600,\"height\":600,\"caption\":\"brooks-draft-XC-white-black-nightlife-1000391D129\"},{\"@type\":\"BreadcrumbList\",\"@id\":\"https:\/\/www.miomiorun.com\/fr\/produit\/draft-xc\/#breadcrumb\",\"itemListElement\":[{\"@type\":\"ListItem\",\"position\":1,\"name\":\"Home\",\"item\":\"https:\/\/www.miomiorun.com\/fr\/home-page\/\"},{\"@type\":\"ListItem\",\"position\":2,\"name\":\"Shop\",\"item\":\"https:\/\/www.miomiorun.com\/shop\/\"},{\"@type\":\"ListItem\",\"position\":3,\"name\":\"Draft XC\"}]},{\"@type\":\"WebSite\",\"@id\":\"https:\/\/www.miomiorun.com\/fr\/#website\",\"url\":\"https:\/\/www.miomiorun.com\/fr\/\",\"name\":\"MioMioRun\",\"description\":\"Boutique 100% running et trail\",\"publisher\":{\"@id\":\"https:\/\/www.miomiorun.com\/fr\/#organization\"},\"potentialAction\":[{\"@type\":\"SearchAction\",\"target\":{\"@type\":\"EntryPoint\",\"urlTemplate\":\"https:\/\/www.miomiorun.com\/fr\/?s={search_term_string}\"},\"query-input\":{\"@type\":\"PropertyValueSpecification\",\"valueRequired\":true,\"valueName\":\"search_term_string\"}}],\"inLanguage\":\"fr-FR\"},{\"@type\":\"Organization\",\"@id\":\"https:\/\/www.miomiorun.com\/fr\/#organization\",\"name\":\"MioMio Run\",\"url\":\"https:\/\/www.miomiorun.com\/fr\/\",\"logo\":{\"@type\":\"ImageObject\",\"inLanguage\":\"fr-FR\",\"@id\":\"https:\/\/www.miomiorun.com\/fr\/#\/schema\/logo\/image\/\",\"url\":\"https:\/\/www.miomiorun.com\/app\/uploads\/2019\/12\/logomio.png\",\"contentUrl\":\"https:\/\/www.miomiorun.com\/app\/uploads\/2019\/12\/logomio.png\",\"width\":115,\"height\":82,\"caption\":\"MioMio Run\"},\"image\":{\"@id\":\"https:\/\/www.miomiorun.com\/fr\/#\/schema\/logo\/image\/\"},\"sameAs\":[\"https:\/\/www.facebook.com\/miomiorun\/\",\"https:\/\/www.instagram.com\/miomiorun\/\"]}]}<\/script>\n<!-- \/ Yoast SEO plugin. -->","yoast_head_json":{"title":"Brooks Draft XC - chaussures de course - MioMioRun.com","description":"La chaussure de course Draft XC unisex offre un confort ultra-l\u00e9ger pour les courses de cross-country, ainsi qu'une tige personnalisable.","robots":{"index":"index","follow":"follow","max-snippet":"max-snippet:-1","max-image-preview":"max-image-preview:large","max-video-preview":"max-video-preview:-1"},"canonical":"https:\/\/www.miomiorun.com\/fr\/produit\/draft-xc\/","og_locale":"fr_FR","og_type":"article","og_title":"Brooks Draft XC - chaussures de course - MioMioRun.com","og_description":"La chaussure de course Draft XC unisex offre un confort ultra-l\u00e9ger pour les courses de cross-country, ainsi qu'une tige personnalisable.","og_url":"https:\/\/www.miomiorun.com\/fr\/produit\/draft-xc\/","og_site_name":"MioMioRun","article_publisher":"https:\/\/www.facebook.com\/miomiorun\/","article_modified_time":"2025-09-19T15:20:40+00:00","og_image":[{"width":600,"height":600,"url":"https:\/\/www.miomiorun.com\/app\/uploads\/2022\/06\/brooks-draft-XC-white-black-nightlife-1000391D129.jpg","type":"image\/jpeg"}],"twitter_card":"summary_large_image","twitter_misc":{"Est. reading time":"1 minute"},"schema":{"@context":"https:\/\/schema.org","@graph":[{"@type":"WebPage","@id":"https:\/\/www.miomiorun.com\/fr\/produit\/draft-xc\/","url":"https:\/\/www.miomiorun.com\/fr\/produit\/draft-xc\/","name":"Brooks Draft XC - chaussures de course - MioMioRun.com","isPartOf":{"@id":"https:\/\/www.miomiorun.com\/fr\/#website"},"primaryImageOfPage":{"@id":"https:\/\/www.miomiorun.com\/fr\/produit\/draft-xc\/#primaryimage"},"image":{"@id":"https:\/\/www.miomiorun.com\/fr\/produit\/draft-xc\/#primaryimage"},"thumbnailUrl":"https:\/\/www.miomiorun.com\/app\/uploads\/2022\/06\/brooks-draft-XC-white-black-nightlife-1000391D129.jpg","datePublished":"2022-06-07T08:37:55+00:00","dateModified":"2025-09-19T15:20:40+00:00","description":"La chaussure de course Draft XC unisex offre un confort ultra-l\u00e9ger pour les courses de cross-country, ainsi qu'une tige personnalisable.","breadcrumb":{"@id":"https:\/\/www.miomiorun.com\/fr\/produit\/draft-xc\/#breadcrumb"},"inLanguage":"fr-FR","potentialAction":[{"@type":"ReadAction","target":["https:\/\/www.miomiorun.com\/fr\/produit\/draft-xc\/"]}]},{"@type":"ImageObject","inLanguage":"fr-FR","@id":"https:\/\/www.miomiorun.com\/fr\/produit\/draft-xc\/#primaryimage","url":"https:\/\/www.miomiorun.com\/app\/uploads\/2022\/06\/brooks-draft-XC-white-black-nightlife-1000391D129.jpg","contentUrl":"https:\/\/www.miomiorun.com\/app\/uploads\/2022\/06\/brooks-draft-XC-white-black-nightlife-1000391D129.jpg","width":600,"height":600,"caption":"brooks-draft-XC-white-black-nightlife-1000391D129"},{"@type":"BreadcrumbList","@id":"https:\/\/www.miomiorun.com\/fr\/produit\/draft-xc\/#breadcrumb","itemListElement":[{"@type":"ListItem","position":1,"name":"Home","item":"https:\/\/www.miomiorun.com\/fr\/home-page\/"},{"@type":"ListItem","position":2,"name":"Shop","item":"https:\/\/www.miomiorun.com\/shop\/"},{"@type":"ListItem","position":3,"name":"Draft XC"}]},{"@type":"WebSite","@id":"https:\/\/www.miomiorun.com\/fr\/#website","url":"https:\/\/www.miomiorun.com\/fr\/","name":"MioMioRun","description":"Boutique 100% running et trail","publisher":{"@id":"https:\/\/www.miomiorun.com\/fr\/#organization"},"potentialAction":[{"@type":"SearchAction","target":{"@type":"EntryPoint","urlTemplate":"https:\/\/www.miomiorun.com\/fr\/?s={search_term_string}"},"query-input":{"@type":"PropertyValueSpecification","valueRequired":true,"valueName":"search_term_string"}}],"inLanguage":"fr-FR"},{"@type":"Organization","@id":"https:\/\/www.miomiorun.com\/fr\/#organization","name":"MioMio Run","url":"https:\/\/www.miomiorun.com\/fr\/","logo":{"@type":"ImageObject","inLanguage":"fr-FR","@id":"https:\/\/www.miomiorun.com\/fr\/#\/schema\/logo\/image\/","url":"https:\/\/www.miomiorun.com\/app\/uploads\/2019\/12\/logomio.png","contentUrl":"https:\/\/www.miomiorun.com\/app\/uploads\/2019\/12\/logomio.png","width":115,"height":82,"caption":"MioMio Run"},"image":{"@id":"https:\/\/www.miomiorun.com\/fr\/#\/schema\/logo\/image\/"},"sameAs":["https:\/\/www.facebook.com\/miomiorun\/","https:\/\/www.instagram.com\/miomiorun\/"]}]}},"_links":{"self":[{"href":"https:\/\/www.miomiorun.com\/fr\/wp-json\/wp\/v2\/product\/282870","targetHints":{"allow":["GET"]}}],"collection":[{"href":"https:\/\/www.miomiorun.com\/fr\/wp-json\/wp\/v2\/product"}],"about":[{"href":"https:\/\/www.miomiorun.com\/fr\/wp-json\/wp\/v2\/types\/product"}],"wp:featuredmedia":[{"embeddable":true,"href":"https:\/\/www.miomiorun.com\/fr\/wp-json\/wp\/v2\/media\/236871"}],"wp:attachment":[{"href":"https:\/\/www.miomiorun.com\/fr\/wp-json\/wp\/v2\/media?parent=282870"}],"wp:term":[{"taxonomy":"product_brand","embeddable":true,"href":"https:\/\/www.miomiorun.com\/fr\/wp-json\/wp\/v2\/product_brand?post=282870"},{"taxonomy":"product_cat","embeddable":true,"href":"https:\/\/www.miomiorun.com\/fr\/wp-json\/wp\/v2\/product_cat?post=282870"},{"taxonomy":"product_tag","embeddable":true,"href":"https:\/\/www.miomiorun.com\/fr\/wp-json\/wp\/v2\/product_tag?post=282870"}],"curies":[{"name":"wp","href":"https:\/\/api.w.org\/{rel}","templated":true}]}}