{"id":282854,"date":"2022-06-08T11:21:14","date_gmt":"2022-06-08T09:21:14","guid":{"rendered":"https:\/\/miomiorun.com\/prodotto\/pro-hypervent-cropped-top-donna\/"},"modified":"2025-09-19T17:23:11","modified_gmt":"2025-09-19T15:23:11","slug":"pro-hypervent-cropped-top-femme","status":"publish","type":"product","link":"https:\/\/www.miomiorun.com\/fr\/produit\/pro-hypervent-cropped-top-femme\/","title":{"rendered":"Pro Hypervent Cropped Top femme"},"content":{"rendered":"<p>Le haut court Pro Hypervent&nbsp;pour femme de Craft est un maillot de course l\u00e9ger de niveau professionnel qui offre une ventilation et un refroidissement exceptionnels pour des performances maximales par temps chaud.<\/p>\n<p>Ce maillot de course techniquement avanc\u00e9 est fabriqu\u00e9 dans un tissu en maille l\u00e9g\u00e8re et hautement fonctionnelle qui offre un transfert d&#8217;humidit\u00e9 et un refroidissement exceptionnels. De plus, le maillot est dot\u00e9 d&#8217;une bande \u00e9lastique au bas pour un ajustement parfait et de coutures thermosoud\u00e9es dans le dos pour un confort optimal.<\/p>\n<h3>Ultra-l\u00e9ger et ultra-respirant<\/h3>\n<p>Pro Hypervent est un concept de niveau professionnel ultra-l\u00e9ger et ultra-respirant qui am\u00e9liore les performances des coureurs exigeants. Les tissus fins, ultra-doux, exceptionnellement l\u00e9gers et respirants garantissent une fonctionnalit\u00e9, une ventilation et un confort sup\u00e9rieurs, tant lors des courses \u00e0 grande vitesse que sur de longues distances par temps chaud.<\/p>\n<p><strong>Caract\u00e9ristiques :<\/strong><\/p>\n<ul>\n<li>Maille polyester l\u00e9g\u00e8re et hautement fonctionnelle.<\/li>\n<li>Dos rameur avec \u00e9lastique dans le bas.<\/li>\n<li>Coutures thermosoud\u00e9es dans le dos.<\/li>\n<li>\u00c0 porter avec un soutien-gorge de sport pour un maintien optimal.<\/li>\n<\/ul>\n<p><img loading=\"lazy\" decoding=\"async\" class=\"css-1w257c5\" title=\"MoistureTransport\" src=\"https:\/\/www.craftsportswear.com\/static\/media\/moisture_transport.27f437d8.svg?q=70&amp;fit=clip&amp;w=72&amp;fm=jpg&amp;auto=format\" alt=\"MoistureTransport\" width=\"80\" height=\"80\"><\/p>\n<p><strong>\u00c9vacuation de l&#8217;humidit\u00e9<\/strong><\/p>\n<p><img loading=\"lazy\" decoding=\"async\" class=\"css-1w257c5\" title=\"SoftTouch\" src=\"https:\/\/www.craftsportswear.com\/static\/media\/soft_touch.2b191977.svg?q=70&amp;fit=clip&amp;w=72&amp;fm=jpg&amp;auto=format\" alt=\"SoftTouch\" width=\"80\" height=\"80\"><\/p>\n<p><strong>Toucher l\u00e9ger<\/strong><\/p>\n<p><img loading=\"lazy\" decoding=\"async\" class=\"css-1w257c5\" title=\"Lightweight\" src=\"https:\/\/www.craftsportswear.com\/static\/media\/lightweight.6800ab4f.svg?q=70&amp;fit=clip&amp;w=72&amp;fm=jpg&amp;auto=format\" alt=\"Lightweight\" width=\"80\" height=\"80\"><\/p>\n<p><strong>L\u00e9ger<\/strong><\/p>\n<p>&nbsp;<\/p>\n<p class=\"css-8rgusf\">Composition : 90 % polyester, 10 % \u00e9lasthanne<\/p>\n<p class=\"css-8rgusf\">Lavage en machine \u00e0 40 \u00b0C.<\/p>\n<p>&nbsp;<\/p>\n<div class=\"o-feature-callout__feature-copy\">\n<div class=\"o-feature-callout__feature-copy\">\n<p>&nbsp;<\/p>\n<\/div>\n<\/div>\n","protected":false},"excerpt":{"rendered":"<p>Le haut court Pro Hypervent&nbsp;pour femme de Craft est un maillot de course l\u00e9ger de niveau professionnel qui offre une ventilation et un refroidissement exceptionnels pour des performances maximales par temps chaud. Ce maillot de course techniquement avanc\u00e9 est fabriqu\u00e9 dans un tissu en maille l\u00e9g\u00e8re et hautement fonctionnelle qui offre un transfert d&#8217;humidit\u00e9 et &hellip; <a href=\"https:\/\/www.miomiorun.com\/fr\/produit\/pro-hypervent-cropped-top-femme\/\">Continued<\/a><\/p>\n","protected":false},"featured_media":237015,"template":"","meta":{"_acf_changed":false,"inline_featured_image":false},"product_brand":[],"product_cat":[22598,22600,22596,22595],"product_tag":[23554,23648],"class_list":{"0":"post-282854","1":"product","2":"type-product","3":"status-publish","4":"has-post-thumbnail","6":"product_cat-gilets","7":"product_cat-sous-vetements","8":"product_cat-vetements-pour-femmes","9":"product_cat-femme","10":"product_tag-craft-fr","11":"product_tag-craft-femme","12":"pa_attivita-fitness-fr","13":"pa_attivita-marcher","14":"pa_attivita-running-fr","15":"pa_colore-pro-hypervent-cropped-top-w-black-roxo-fr","16":"pa_colore-pro-hypervent-cropped-top-w-blaze-flex-fr","17":"pa_marca-craft-fr","18":"pa_sesso-femme","19":"pa_size-extra-small-fr","20":"pa_size-small-fr","21":"pa_size-medium-fr","22":"pa_size-large-fr","24":"first","25":"instock","26":"sale","27":"taxable","28":"shipping-taxable","29":"purchasable","30":"product-type-variable","31":"wvs-archive-product-wrapper"},"acf":[],"yoast_head":"<!-- This site is optimized with the Yoast SEO plugin v26.8 - https:\/\/yoast.com\/product\/yoast-seo-wordpress\/ -->\n<title>CraftPro Hypervent Cropped Top femme - haut de sport- MioMioRun<\/title>\n<meta name=\"description\" content=\"Le haut court Pro Hypervent pour femme de Craft est un maillot de course l\u00e9ger de niveau professionnel qui offre ventilation et rafra\u00eechissement.\" \/>\n<meta name=\"robots\" content=\"index, follow, max-snippet:-1, max-image-preview:large, max-video-preview:-1\" \/>\n<link rel=\"canonical\" href=\"https:\/\/www.miomiorun.com\/fr\/produit\/pro-hypervent-cropped-top-femme\/\" \/>\n<meta property=\"og:locale\" content=\"fr_FR\" \/>\n<meta property=\"og:type\" content=\"article\" \/>\n<meta property=\"og:title\" content=\"CraftPro Hypervent Cropped Top femme - haut de sport- MioMioRun\" \/>\n<meta property=\"og:description\" content=\"Le haut court Pro Hypervent pour femme de Craft est un maillot de course l\u00e9ger de niveau professionnel qui offre ventilation et rafra\u00eechissement.\" \/>\n<meta property=\"og:url\" content=\"https:\/\/www.miomiorun.com\/fr\/produit\/pro-hypervent-cropped-top-femme\/\" \/>\n<meta property=\"og:site_name\" content=\"MioMioRun\" \/>\n<meta property=\"article:publisher\" content=\"https:\/\/www.facebook.com\/miomiorun\/\" \/>\n<meta property=\"article:modified_time\" content=\"2025-09-19T15:23:11+00:00\" \/>\n<meta property=\"og:image\" content=\"https:\/\/www.miomiorun.com\/app\/uploads\/2022\/06\/craft-pro-hypervent-cropped-top-W-black-roxo-1910432-999486.jpg\" \/>\n\t<meta property=\"og:image:width\" content=\"600\" \/>\n\t<meta property=\"og:image:height\" content=\"600\" \/>\n\t<meta property=\"og:image:type\" content=\"image\/jpeg\" \/>\n<meta name=\"twitter:card\" content=\"summary_large_image\" \/>\n<meta name=\"twitter:label1\" content=\"Est. reading time\" \/>\n\t<meta name=\"twitter:data1\" content=\"1 minute\" \/>\n<script type=\"application\/ld+json\" class=\"yoast-schema-graph\">{\"@context\":\"https:\/\/schema.org\",\"@graph\":[{\"@type\":\"WebPage\",\"@id\":\"https:\/\/www.miomiorun.com\/fr\/produit\/pro-hypervent-cropped-top-femme\/\",\"url\":\"https:\/\/www.miomiorun.com\/fr\/produit\/pro-hypervent-cropped-top-femme\/\",\"name\":\"CraftPro Hypervent Cropped Top femme - haut de sport- MioMioRun\",\"isPartOf\":{\"@id\":\"https:\/\/www.miomiorun.com\/fr\/#website\"},\"primaryImageOfPage\":{\"@id\":\"https:\/\/www.miomiorun.com\/fr\/produit\/pro-hypervent-cropped-top-femme\/#primaryimage\"},\"image\":{\"@id\":\"https:\/\/www.miomiorun.com\/fr\/produit\/pro-hypervent-cropped-top-femme\/#primaryimage\"},\"thumbnailUrl\":\"https:\/\/www.miomiorun.com\/app\/uploads\/2022\/06\/craft-pro-hypervent-cropped-top-W-black-roxo-1910432-999486.jpg\",\"datePublished\":\"2022-06-08T09:21:14+00:00\",\"dateModified\":\"2025-09-19T15:23:11+00:00\",\"description\":\"Le haut court Pro Hypervent pour femme de Craft est un maillot de course l\u00e9ger de niveau professionnel qui offre ventilation et rafra\u00eechissement.\",\"breadcrumb\":{\"@id\":\"https:\/\/www.miomiorun.com\/fr\/produit\/pro-hypervent-cropped-top-femme\/#breadcrumb\"},\"inLanguage\":\"fr-FR\",\"potentialAction\":[{\"@type\":\"ReadAction\",\"target\":[\"https:\/\/www.miomiorun.com\/fr\/produit\/pro-hypervent-cropped-top-femme\/\"]}]},{\"@type\":\"ImageObject\",\"inLanguage\":\"fr-FR\",\"@id\":\"https:\/\/www.miomiorun.com\/fr\/produit\/pro-hypervent-cropped-top-femme\/#primaryimage\",\"url\":\"https:\/\/www.miomiorun.com\/app\/uploads\/2022\/06\/craft-pro-hypervent-cropped-top-W-black-roxo-1910432-999486.jpg\",\"contentUrl\":\"https:\/\/www.miomiorun.com\/app\/uploads\/2022\/06\/craft-pro-hypervent-cropped-top-W-black-roxo-1910432-999486.jpg\",\"width\":600,\"height\":600,\"caption\":\"craft-pro-hypervent-cropped-top-W-black-roxo-1910432-999486\"},{\"@type\":\"BreadcrumbList\",\"@id\":\"https:\/\/www.miomiorun.com\/fr\/produit\/pro-hypervent-cropped-top-femme\/#breadcrumb\",\"itemListElement\":[{\"@type\":\"ListItem\",\"position\":1,\"name\":\"Home\",\"item\":\"https:\/\/www.miomiorun.com\/fr\/home-page\/\"},{\"@type\":\"ListItem\",\"position\":2,\"name\":\"Shop\",\"item\":\"https:\/\/www.miomiorun.com\/shop\/\"},{\"@type\":\"ListItem\",\"position\":3,\"name\":\"Pro Hypervent Cropped Top femme\"}]},{\"@type\":\"WebSite\",\"@id\":\"https:\/\/www.miomiorun.com\/fr\/#website\",\"url\":\"https:\/\/www.miomiorun.com\/fr\/\",\"name\":\"MioMioRun\",\"description\":\"Boutique 100% running et trail\",\"publisher\":{\"@id\":\"https:\/\/www.miomiorun.com\/fr\/#organization\"},\"potentialAction\":[{\"@type\":\"SearchAction\",\"target\":{\"@type\":\"EntryPoint\",\"urlTemplate\":\"https:\/\/www.miomiorun.com\/fr\/?s={search_term_string}\"},\"query-input\":{\"@type\":\"PropertyValueSpecification\",\"valueRequired\":true,\"valueName\":\"search_term_string\"}}],\"inLanguage\":\"fr-FR\"},{\"@type\":\"Organization\",\"@id\":\"https:\/\/www.miomiorun.com\/fr\/#organization\",\"name\":\"MioMio Run\",\"url\":\"https:\/\/www.miomiorun.com\/fr\/\",\"logo\":{\"@type\":\"ImageObject\",\"inLanguage\":\"fr-FR\",\"@id\":\"https:\/\/www.miomiorun.com\/fr\/#\/schema\/logo\/image\/\",\"url\":\"https:\/\/www.miomiorun.com\/app\/uploads\/2019\/12\/logomio.png\",\"contentUrl\":\"https:\/\/www.miomiorun.com\/app\/uploads\/2019\/12\/logomio.png\",\"width\":115,\"height\":82,\"caption\":\"MioMio Run\"},\"image\":{\"@id\":\"https:\/\/www.miomiorun.com\/fr\/#\/schema\/logo\/image\/\"},\"sameAs\":[\"https:\/\/www.facebook.com\/miomiorun\/\",\"https:\/\/www.instagram.com\/miomiorun\/\"]}]}<\/script>\n<!-- \/ Yoast SEO plugin. -->","yoast_head_json":{"title":"CraftPro Hypervent Cropped Top femme - haut de sport- MioMioRun","description":"Le haut court Pro Hypervent pour femme de Craft est un maillot de course l\u00e9ger de niveau professionnel qui offre ventilation et rafra\u00eechissement.","robots":{"index":"index","follow":"follow","max-snippet":"max-snippet:-1","max-image-preview":"max-image-preview:large","max-video-preview":"max-video-preview:-1"},"canonical":"https:\/\/www.miomiorun.com\/fr\/produit\/pro-hypervent-cropped-top-femme\/","og_locale":"fr_FR","og_type":"article","og_title":"CraftPro Hypervent Cropped Top femme - haut de sport- MioMioRun","og_description":"Le haut court Pro Hypervent pour femme de Craft est un maillot de course l\u00e9ger de niveau professionnel qui offre ventilation et rafra\u00eechissement.","og_url":"https:\/\/www.miomiorun.com\/fr\/produit\/pro-hypervent-cropped-top-femme\/","og_site_name":"MioMioRun","article_publisher":"https:\/\/www.facebook.com\/miomiorun\/","article_modified_time":"2025-09-19T15:23:11+00:00","og_image":[{"width":600,"height":600,"url":"https:\/\/www.miomiorun.com\/app\/uploads\/2022\/06\/craft-pro-hypervent-cropped-top-W-black-roxo-1910432-999486.jpg","type":"image\/jpeg"}],"twitter_card":"summary_large_image","twitter_misc":{"Est. reading time":"1 minute"},"schema":{"@context":"https:\/\/schema.org","@graph":[{"@type":"WebPage","@id":"https:\/\/www.miomiorun.com\/fr\/produit\/pro-hypervent-cropped-top-femme\/","url":"https:\/\/www.miomiorun.com\/fr\/produit\/pro-hypervent-cropped-top-femme\/","name":"CraftPro Hypervent Cropped Top femme - haut de sport- MioMioRun","isPartOf":{"@id":"https:\/\/www.miomiorun.com\/fr\/#website"},"primaryImageOfPage":{"@id":"https:\/\/www.miomiorun.com\/fr\/produit\/pro-hypervent-cropped-top-femme\/#primaryimage"},"image":{"@id":"https:\/\/www.miomiorun.com\/fr\/produit\/pro-hypervent-cropped-top-femme\/#primaryimage"},"thumbnailUrl":"https:\/\/www.miomiorun.com\/app\/uploads\/2022\/06\/craft-pro-hypervent-cropped-top-W-black-roxo-1910432-999486.jpg","datePublished":"2022-06-08T09:21:14+00:00","dateModified":"2025-09-19T15:23:11+00:00","description":"Le haut court Pro Hypervent pour femme de Craft est un maillot de course l\u00e9ger de niveau professionnel qui offre ventilation et rafra\u00eechissement.","breadcrumb":{"@id":"https:\/\/www.miomiorun.com\/fr\/produit\/pro-hypervent-cropped-top-femme\/#breadcrumb"},"inLanguage":"fr-FR","potentialAction":[{"@type":"ReadAction","target":["https:\/\/www.miomiorun.com\/fr\/produit\/pro-hypervent-cropped-top-femme\/"]}]},{"@type":"ImageObject","inLanguage":"fr-FR","@id":"https:\/\/www.miomiorun.com\/fr\/produit\/pro-hypervent-cropped-top-femme\/#primaryimage","url":"https:\/\/www.miomiorun.com\/app\/uploads\/2022\/06\/craft-pro-hypervent-cropped-top-W-black-roxo-1910432-999486.jpg","contentUrl":"https:\/\/www.miomiorun.com\/app\/uploads\/2022\/06\/craft-pro-hypervent-cropped-top-W-black-roxo-1910432-999486.jpg","width":600,"height":600,"caption":"craft-pro-hypervent-cropped-top-W-black-roxo-1910432-999486"},{"@type":"BreadcrumbList","@id":"https:\/\/www.miomiorun.com\/fr\/produit\/pro-hypervent-cropped-top-femme\/#breadcrumb","itemListElement":[{"@type":"ListItem","position":1,"name":"Home","item":"https:\/\/www.miomiorun.com\/fr\/home-page\/"},{"@type":"ListItem","position":2,"name":"Shop","item":"https:\/\/www.miomiorun.com\/shop\/"},{"@type":"ListItem","position":3,"name":"Pro Hypervent Cropped Top femme"}]},{"@type":"WebSite","@id":"https:\/\/www.miomiorun.com\/fr\/#website","url":"https:\/\/www.miomiorun.com\/fr\/","name":"MioMioRun","description":"Boutique 100% running et trail","publisher":{"@id":"https:\/\/www.miomiorun.com\/fr\/#organization"},"potentialAction":[{"@type":"SearchAction","target":{"@type":"EntryPoint","urlTemplate":"https:\/\/www.miomiorun.com\/fr\/?s={search_term_string}"},"query-input":{"@type":"PropertyValueSpecification","valueRequired":true,"valueName":"search_term_string"}}],"inLanguage":"fr-FR"},{"@type":"Organization","@id":"https:\/\/www.miomiorun.com\/fr\/#organization","name":"MioMio Run","url":"https:\/\/www.miomiorun.com\/fr\/","logo":{"@type":"ImageObject","inLanguage":"fr-FR","@id":"https:\/\/www.miomiorun.com\/fr\/#\/schema\/logo\/image\/","url":"https:\/\/www.miomiorun.com\/app\/uploads\/2019\/12\/logomio.png","contentUrl":"https:\/\/www.miomiorun.com\/app\/uploads\/2019\/12\/logomio.png","width":115,"height":82,"caption":"MioMio Run"},"image":{"@id":"https:\/\/www.miomiorun.com\/fr\/#\/schema\/logo\/image\/"},"sameAs":["https:\/\/www.facebook.com\/miomiorun\/","https:\/\/www.instagram.com\/miomiorun\/"]}]}},"_links":{"self":[{"href":"https:\/\/www.miomiorun.com\/fr\/wp-json\/wp\/v2\/product\/282854","targetHints":{"allow":["GET"]}}],"collection":[{"href":"https:\/\/www.miomiorun.com\/fr\/wp-json\/wp\/v2\/product"}],"about":[{"href":"https:\/\/www.miomiorun.com\/fr\/wp-json\/wp\/v2\/types\/product"}],"wp:featuredmedia":[{"embeddable":true,"href":"https:\/\/www.miomiorun.com\/fr\/wp-json\/wp\/v2\/media\/237015"}],"wp:attachment":[{"href":"https:\/\/www.miomiorun.com\/fr\/wp-json\/wp\/v2\/media?parent=282854"}],"wp:term":[{"taxonomy":"product_brand","embeddable":true,"href":"https:\/\/www.miomiorun.com\/fr\/wp-json\/wp\/v2\/product_brand?post=282854"},{"taxonomy":"product_cat","embeddable":true,"href":"https:\/\/www.miomiorun.com\/fr\/wp-json\/wp\/v2\/product_cat?post=282854"},{"taxonomy":"product_tag","embeddable":true,"href":"https:\/\/www.miomiorun.com\/fr\/wp-json\/wp\/v2\/product_tag?post=282854"}],"curies":[{"name":"wp","href":"https:\/\/api.w.org\/{rel}","templated":true}]}}