{"id":282815,"date":"2022-04-06T11:32:50","date_gmt":"2022-04-06T09:32:50","guid":{"rendered":"https:\/\/miomiorun.com\/prodotto\/cep-calf-sleeves-4-0-donna\/"},"modified":"2025-09-26T09:53:50","modified_gmt":"2025-09-26T07:53:50","slug":"cep-calf-sleeves-4-0-femme","status":"publish","type":"product","link":"https:\/\/www.miomiorun.com\/fr\/produit\/cep-calf-sleeves-4-0-femme\/","title":{"rendered":"Calf Sleeves 4.0 femme"},"content":{"rendered":"<p>Misez sur la l\u00e9g\u00e8ret\u00e9 gr\u00e2ce \u00e0 la stimulation musculaire : le profil de pression sp\u00e9cialement con\u00e7u des manchons de compression The Run Compression <strong>Calf Sleeves<\/strong> <strong>4.0<\/strong> pour femmes est votre arme secr\u00e8te pour une musculature stable des mollets pendant vos courses. Vos jambes b\u00e9n\u00e9ficient d&#8217;un regain d&#8217;\u00e9nergie et l&#8217;apport optimis\u00e9 en nutriments se traduit par une sensation de l\u00e9g\u00e8ret\u00e9. Quel que soit le type et le niveau de votre entra\u00eenement : avec les manchons de compression pour mollets The Run Compression Calf Sleeves de CEP Activating Sportswear, vous obtenez le confort souhait\u00e9 et le soutien que vous m\u00e9ritez.<\/p>\n<h4>Des impulsions cibl\u00e9es pour vos mollets gr\u00e2ce \u00e0 la compression medi<\/h4>\n<p>La stimulation profonde des muscles des mollets des manchons de compression pour mollets The Run Compression Calf Sleeves pour hommes repose sur la compression medi innovante, originaire d&#8217;Allemagne. Celle-ci est bas\u00e9e sur un fil de compression qui cr\u00e9e une pression optimale.<\/p>\n<h4>Moins de vibrations musculaires et plus de nutriments pour plus d&#8217;\u00e9nergie<\/h4>\n<p>La pression cibl\u00e9e stabilise les muscles des mollets tout en r\u00e9duisant les vibrations musculaires \u00e9puisantes. Vos jambes sont pr\u00eates \u00e0 battre de nouveaux records gr\u00e2ce \u00e0 leur plein d&#8217;\u00e9nergie. La circulation sanguine optimis\u00e9e am\u00e9liore l&#8217;apport en nutriments \u00e0 vos jambes. Il en r\u00e9sulte des jambes nettement plus l\u00e9g\u00e8res et bien nourries. L&#8217;effet Feel-Good augmente ainsi votre endurance.<\/p>\n<h4>La nouvelle r\u00e9f\u00e9rence en mati\u00e8re de confort maximal<\/h4>\n<p>Les manchons de compression pour mollets The Run pour hommes sont si agr\u00e9ables \u00e0 porter que vous pouvez sentir leur efficacit\u00e9, gr\u00e2ce \u00e0 leur coupe anatomique qui enveloppe vos mollets. De plus, la temp\u00e9rature est r\u00e9gul\u00e9e de mani\u00e8re optimale gr\u00e2ce au m\u00e9lange \u00e9quilibr\u00e9 de mat\u00e9riaux et \u00e0 la structure agr\u00e9able en maille, quelle que soit l&#8217;intensit\u00e9 de votre entra\u00eenement.<\/p>\n<h4>Caract\u00e9ristiques :<\/h4>\n<ul class=\"selling-points\">\n<li>La pression cibl\u00e9e stimule les mollets en profondeur et g\u00e9n\u00e8re un effet stabilisateur.<\/li>\n<li>Vos jambes b\u00e9n\u00e9ficient d&#8217;un regain d&#8217;\u00e9nergie gr\u00e2ce \u00e0 la r\u00e9duction des vibrations musculaires \u00e9puisantes.<\/li>\n<li>L&#8217;optimisation de l&#8217;apport en nutriments se traduit par des jambes nettement plus l\u00e9g\u00e8res et un effet Feel-Good.<\/li>\n<\/ul>\n<p><strong>Mat\u00e9riau :<\/strong> 77 % polyamide, 23 % \u00e9lasthanne<\/p>\n","protected":false},"excerpt":{"rendered":"<p>Misez sur la l\u00e9g\u00e8ret\u00e9 gr\u00e2ce \u00e0 la stimulation musculaire : le profil de pression sp\u00e9cialement con\u00e7u des manchons de compression The Run Compression Calf Sleeves 4.0 pour femmes est votre arme secr\u00e8te pour une musculature stable des mollets pendant vos courses. Vos jambes b\u00e9n\u00e9ficient d&#8217;un regain d&#8217;\u00e9nergie et l&#8217;apport optimis\u00e9 en nutriments se traduit par &hellip; <a href=\"https:\/\/www.miomiorun.com\/fr\/produit\/cep-calf-sleeves-4-0-femme\/\">Continued<\/a><\/p>\n","protected":false},"featured_media":236056,"template":"","meta":{"_acf_changed":false,"inline_featured_image":false},"product_brand":[],"product_cat":[22597,22596,22595],"product_tag":[23469,23651],"class_list":{"0":"post-282815","1":"product","2":"type-product","3":"status-publish","4":"has-post-thumbnail","6":"product_cat-chaussettes","7":"product_cat-vetements-pour-femmes","8":"product_cat-femme","9":"product_tag-cep-fr","10":"product_tag-cep-femme","11":"pa_attivita-marcher","12":"pa_attivita-running-fr","13":"pa_attivita-trail-fr","14":"pa_circonferenza-polpaccio-24-31-fr","15":"pa_circonferenza-polpaccio-32-38-fr","16":"pa_circonferenza-polpaccio-39-44-fr","17":"pa_colore-calf-sleeves-v4-w-pink-fr","18":"pa_colore-run-calf-sleeves-v4-w-black-fr","19":"pa_marca-cep-fr","20":"pa_sesso-femme","22":"first","23":"instock","24":"sale","25":"taxable","26":"shipping-taxable","27":"purchasable","28":"product-type-variable","29":"wvs-archive-product-wrapper"},"acf":[],"yoast_head":"<!-- This site is optimized with the Yoast SEO plugin v26.8 - https:\/\/yoast.com\/product\/yoast-seo-wordpress\/ -->\n<title>Cep Calf Sleeves 4.0 femme - Chaussettes de course - MioMioRun<\/title>\n<meta name=\"description\" content=\"La stimulation profonde des muscles des mollets des manchons The Run Calf Sleeves 4.0 pour femmes repose sur la compression innovante medi.\" \/>\n<meta name=\"robots\" content=\"index, follow, max-snippet:-1, max-image-preview:large, max-video-preview:-1\" \/>\n<link rel=\"canonical\" href=\"https:\/\/www.miomiorun.com\/fr\/produit\/cep-calf-sleeves-4-0-femme\/\" \/>\n<meta property=\"og:locale\" content=\"fr_FR\" \/>\n<meta property=\"og:type\" content=\"article\" \/>\n<meta property=\"og:title\" content=\"Cep Calf Sleeves 4.0 femme - Chaussettes de course - MioMioRun\" \/>\n<meta property=\"og:description\" content=\"La stimulation profonde des muscles des mollets des manchons The Run Calf Sleeves 4.0 pour femmes repose sur la compression innovante medi.\" \/>\n<meta property=\"og:url\" content=\"https:\/\/www.miomiorun.com\/fr\/produit\/cep-calf-sleeves-4-0-femme\/\" \/>\n<meta property=\"og:site_name\" content=\"MioMioRun\" \/>\n<meta property=\"article:publisher\" content=\"https:\/\/www.facebook.com\/miomiorun\/\" \/>\n<meta property=\"article:modified_time\" content=\"2025-09-26T07:53:50+00:00\" \/>\n<meta property=\"og:image\" content=\"https:\/\/www.miomiorun.com\/app\/uploads\/2022\/04\/cep-calf-sleeves-v4-W-pink-WS204R.jpg\" \/>\n\t<meta property=\"og:image:width\" content=\"600\" \/>\n\t<meta property=\"og:image:height\" content=\"600\" \/>\n\t<meta property=\"og:image:type\" content=\"image\/jpeg\" \/>\n<meta name=\"twitter:card\" content=\"summary_large_image\" \/>\n<meta name=\"twitter:label1\" content=\"Est. reading time\" \/>\n\t<meta name=\"twitter:data1\" content=\"2 minutes\" \/>\n<script type=\"application\/ld+json\" class=\"yoast-schema-graph\">{\"@context\":\"https:\/\/schema.org\",\"@graph\":[{\"@type\":\"WebPage\",\"@id\":\"https:\/\/www.miomiorun.com\/fr\/produit\/cep-calf-sleeves-4-0-femme\/\",\"url\":\"https:\/\/www.miomiorun.com\/fr\/produit\/cep-calf-sleeves-4-0-femme\/\",\"name\":\"Cep Calf Sleeves 4.0 femme - Chaussettes de course - MioMioRun\",\"isPartOf\":{\"@id\":\"https:\/\/www.miomiorun.com\/fr\/#website\"},\"primaryImageOfPage\":{\"@id\":\"https:\/\/www.miomiorun.com\/fr\/produit\/cep-calf-sleeves-4-0-femme\/#primaryimage\"},\"image\":{\"@id\":\"https:\/\/www.miomiorun.com\/fr\/produit\/cep-calf-sleeves-4-0-femme\/#primaryimage\"},\"thumbnailUrl\":\"https:\/\/www.miomiorun.com\/app\/uploads\/2022\/04\/cep-calf-sleeves-v4-W-pink-WS204R.jpg\",\"datePublished\":\"2022-04-06T09:32:50+00:00\",\"dateModified\":\"2025-09-26T07:53:50+00:00\",\"description\":\"La stimulation profonde des muscles des mollets des manchons The Run Calf Sleeves 4.0 pour femmes repose sur la compression innovante medi.\",\"breadcrumb\":{\"@id\":\"https:\/\/www.miomiorun.com\/fr\/produit\/cep-calf-sleeves-4-0-femme\/#breadcrumb\"},\"inLanguage\":\"fr-FR\",\"potentialAction\":[{\"@type\":\"ReadAction\",\"target\":[\"https:\/\/www.miomiorun.com\/fr\/produit\/cep-calf-sleeves-4-0-femme\/\"]}]},{\"@type\":\"ImageObject\",\"inLanguage\":\"fr-FR\",\"@id\":\"https:\/\/www.miomiorun.com\/fr\/produit\/cep-calf-sleeves-4-0-femme\/#primaryimage\",\"url\":\"https:\/\/www.miomiorun.com\/app\/uploads\/2022\/04\/cep-calf-sleeves-v4-W-pink-WS204R.jpg\",\"contentUrl\":\"https:\/\/www.miomiorun.com\/app\/uploads\/2022\/04\/cep-calf-sleeves-v4-W-pink-WS204R.jpg\",\"width\":600,\"height\":600,\"caption\":\"cep-calf-sleeves-v4-W-pink-WS204R\"},{\"@type\":\"BreadcrumbList\",\"@id\":\"https:\/\/www.miomiorun.com\/fr\/produit\/cep-calf-sleeves-4-0-femme\/#breadcrumb\",\"itemListElement\":[{\"@type\":\"ListItem\",\"position\":1,\"name\":\"Home\",\"item\":\"https:\/\/www.miomiorun.com\/fr\/home-page\/\"},{\"@type\":\"ListItem\",\"position\":2,\"name\":\"Shop\",\"item\":\"https:\/\/www.miomiorun.com\/shop\/\"},{\"@type\":\"ListItem\",\"position\":3,\"name\":\"Calf Sleeves 4.0 femme\"}]},{\"@type\":\"WebSite\",\"@id\":\"https:\/\/www.miomiorun.com\/fr\/#website\",\"url\":\"https:\/\/www.miomiorun.com\/fr\/\",\"name\":\"MioMioRun\",\"description\":\"Boutique 100% running et trail\",\"publisher\":{\"@id\":\"https:\/\/www.miomiorun.com\/fr\/#organization\"},\"potentialAction\":[{\"@type\":\"SearchAction\",\"target\":{\"@type\":\"EntryPoint\",\"urlTemplate\":\"https:\/\/www.miomiorun.com\/fr\/?s={search_term_string}\"},\"query-input\":{\"@type\":\"PropertyValueSpecification\",\"valueRequired\":true,\"valueName\":\"search_term_string\"}}],\"inLanguage\":\"fr-FR\"},{\"@type\":\"Organization\",\"@id\":\"https:\/\/www.miomiorun.com\/fr\/#organization\",\"name\":\"MioMio Run\",\"url\":\"https:\/\/www.miomiorun.com\/fr\/\",\"logo\":{\"@type\":\"ImageObject\",\"inLanguage\":\"fr-FR\",\"@id\":\"https:\/\/www.miomiorun.com\/fr\/#\/schema\/logo\/image\/\",\"url\":\"https:\/\/www.miomiorun.com\/app\/uploads\/2019\/12\/logomio.png\",\"contentUrl\":\"https:\/\/www.miomiorun.com\/app\/uploads\/2019\/12\/logomio.png\",\"width\":115,\"height\":82,\"caption\":\"MioMio Run\"},\"image\":{\"@id\":\"https:\/\/www.miomiorun.com\/fr\/#\/schema\/logo\/image\/\"},\"sameAs\":[\"https:\/\/www.facebook.com\/miomiorun\/\",\"https:\/\/www.instagram.com\/miomiorun\/\"]}]}<\/script>\n<!-- \/ Yoast SEO plugin. -->","yoast_head_json":{"title":"Cep Calf Sleeves 4.0 femme - Chaussettes de course - MioMioRun","description":"La stimulation profonde des muscles des mollets des manchons The Run Calf Sleeves 4.0 pour femmes repose sur la compression innovante medi.","robots":{"index":"index","follow":"follow","max-snippet":"max-snippet:-1","max-image-preview":"max-image-preview:large","max-video-preview":"max-video-preview:-1"},"canonical":"https:\/\/www.miomiorun.com\/fr\/produit\/cep-calf-sleeves-4-0-femme\/","og_locale":"fr_FR","og_type":"article","og_title":"Cep Calf Sleeves 4.0 femme - Chaussettes de course - MioMioRun","og_description":"La stimulation profonde des muscles des mollets des manchons The Run Calf Sleeves 4.0 pour femmes repose sur la compression innovante medi.","og_url":"https:\/\/www.miomiorun.com\/fr\/produit\/cep-calf-sleeves-4-0-femme\/","og_site_name":"MioMioRun","article_publisher":"https:\/\/www.facebook.com\/miomiorun\/","article_modified_time":"2025-09-26T07:53:50+00:00","og_image":[{"width":600,"height":600,"url":"https:\/\/www.miomiorun.com\/app\/uploads\/2022\/04\/cep-calf-sleeves-v4-W-pink-WS204R.jpg","type":"image\/jpeg"}],"twitter_card":"summary_large_image","twitter_misc":{"Est. reading time":"2 minutes"},"schema":{"@context":"https:\/\/schema.org","@graph":[{"@type":"WebPage","@id":"https:\/\/www.miomiorun.com\/fr\/produit\/cep-calf-sleeves-4-0-femme\/","url":"https:\/\/www.miomiorun.com\/fr\/produit\/cep-calf-sleeves-4-0-femme\/","name":"Cep Calf Sleeves 4.0 femme - Chaussettes de course - MioMioRun","isPartOf":{"@id":"https:\/\/www.miomiorun.com\/fr\/#website"},"primaryImageOfPage":{"@id":"https:\/\/www.miomiorun.com\/fr\/produit\/cep-calf-sleeves-4-0-femme\/#primaryimage"},"image":{"@id":"https:\/\/www.miomiorun.com\/fr\/produit\/cep-calf-sleeves-4-0-femme\/#primaryimage"},"thumbnailUrl":"https:\/\/www.miomiorun.com\/app\/uploads\/2022\/04\/cep-calf-sleeves-v4-W-pink-WS204R.jpg","datePublished":"2022-04-06T09:32:50+00:00","dateModified":"2025-09-26T07:53:50+00:00","description":"La stimulation profonde des muscles des mollets des manchons The Run Calf Sleeves 4.0 pour femmes repose sur la compression innovante medi.","breadcrumb":{"@id":"https:\/\/www.miomiorun.com\/fr\/produit\/cep-calf-sleeves-4-0-femme\/#breadcrumb"},"inLanguage":"fr-FR","potentialAction":[{"@type":"ReadAction","target":["https:\/\/www.miomiorun.com\/fr\/produit\/cep-calf-sleeves-4-0-femme\/"]}]},{"@type":"ImageObject","inLanguage":"fr-FR","@id":"https:\/\/www.miomiorun.com\/fr\/produit\/cep-calf-sleeves-4-0-femme\/#primaryimage","url":"https:\/\/www.miomiorun.com\/app\/uploads\/2022\/04\/cep-calf-sleeves-v4-W-pink-WS204R.jpg","contentUrl":"https:\/\/www.miomiorun.com\/app\/uploads\/2022\/04\/cep-calf-sleeves-v4-W-pink-WS204R.jpg","width":600,"height":600,"caption":"cep-calf-sleeves-v4-W-pink-WS204R"},{"@type":"BreadcrumbList","@id":"https:\/\/www.miomiorun.com\/fr\/produit\/cep-calf-sleeves-4-0-femme\/#breadcrumb","itemListElement":[{"@type":"ListItem","position":1,"name":"Home","item":"https:\/\/www.miomiorun.com\/fr\/home-page\/"},{"@type":"ListItem","position":2,"name":"Shop","item":"https:\/\/www.miomiorun.com\/shop\/"},{"@type":"ListItem","position":3,"name":"Calf Sleeves 4.0 femme"}]},{"@type":"WebSite","@id":"https:\/\/www.miomiorun.com\/fr\/#website","url":"https:\/\/www.miomiorun.com\/fr\/","name":"MioMioRun","description":"Boutique 100% running et trail","publisher":{"@id":"https:\/\/www.miomiorun.com\/fr\/#organization"},"potentialAction":[{"@type":"SearchAction","target":{"@type":"EntryPoint","urlTemplate":"https:\/\/www.miomiorun.com\/fr\/?s={search_term_string}"},"query-input":{"@type":"PropertyValueSpecification","valueRequired":true,"valueName":"search_term_string"}}],"inLanguage":"fr-FR"},{"@type":"Organization","@id":"https:\/\/www.miomiorun.com\/fr\/#organization","name":"MioMio Run","url":"https:\/\/www.miomiorun.com\/fr\/","logo":{"@type":"ImageObject","inLanguage":"fr-FR","@id":"https:\/\/www.miomiorun.com\/fr\/#\/schema\/logo\/image\/","url":"https:\/\/www.miomiorun.com\/app\/uploads\/2019\/12\/logomio.png","contentUrl":"https:\/\/www.miomiorun.com\/app\/uploads\/2019\/12\/logomio.png","width":115,"height":82,"caption":"MioMio Run"},"image":{"@id":"https:\/\/www.miomiorun.com\/fr\/#\/schema\/logo\/image\/"},"sameAs":["https:\/\/www.facebook.com\/miomiorun\/","https:\/\/www.instagram.com\/miomiorun\/"]}]}},"_links":{"self":[{"href":"https:\/\/www.miomiorun.com\/fr\/wp-json\/wp\/v2\/product\/282815","targetHints":{"allow":["GET"]}}],"collection":[{"href":"https:\/\/www.miomiorun.com\/fr\/wp-json\/wp\/v2\/product"}],"about":[{"href":"https:\/\/www.miomiorun.com\/fr\/wp-json\/wp\/v2\/types\/product"}],"wp:featuredmedia":[{"embeddable":true,"href":"https:\/\/www.miomiorun.com\/fr\/wp-json\/wp\/v2\/media\/236056"}],"wp:attachment":[{"href":"https:\/\/www.miomiorun.com\/fr\/wp-json\/wp\/v2\/media?parent=282815"}],"wp:term":[{"taxonomy":"product_brand","embeddable":true,"href":"https:\/\/www.miomiorun.com\/fr\/wp-json\/wp\/v2\/product_brand?post=282815"},{"taxonomy":"product_cat","embeddable":true,"href":"https:\/\/www.miomiorun.com\/fr\/wp-json\/wp\/v2\/product_cat?post=282815"},{"taxonomy":"product_tag","embeddable":true,"href":"https:\/\/www.miomiorun.com\/fr\/wp-json\/wp\/v2\/product_tag?post=282815"}],"curies":[{"name":"wp","href":"https:\/\/api.w.org\/{rel}","templated":true}]}}