{"id":282751,"date":"2022-04-08T16:14:44","date_gmt":"2022-04-08T14:14:44","guid":{"rendered":"https:\/\/miomiorun.com\/prodotto\/raidlight-responsiv-12-litri-uomo\/"},"modified":"2025-12-09T22:25:14","modified_gmt":"2025-12-09T21:25:14","slug":"raidlight-responsiv-12-litres-homme","status":"publish","type":"product","link":"https:\/\/www.miomiorun.com\/fr\/produit\/raidlight-responsiv-12-litres-homme\/","title":{"rendered":"Responsiv 12 litres homme"},"content":{"rendered":"<ul>\n<li>Ne pas mettre au s\u00e8che-linge<\/li>\n<li>Ne pas utiliser d&#8217;adoucissant<\/li>\n<li>Ne pas repasser<\/li>\n<li>Ne pas nettoyer \u00e0 sec<\/li>\n<\/ul>\n<p>Le fleuron de la gamme Responsiv. Le <strong>Responsiv 12L Race Vest<\/strong> pour homme est un sac \u00e0 dos\/gilet de trail running ergonomique et l\u00e9ger. Vous pouvez y ranger vos accessoires essentiels pour la plupart des courses et des comp\u00e9titions, tout en b\u00e9n\u00e9ficiant d&#8217;un confort optimal. Ce gilet de course a \u00e9t\u00e9 vu sur les podiums de nombreuses courses classiques de 100 miles \u00e0 travers le monde.<\/p>\n<p>Nous cherchons toujours \u00e0 nous am\u00e9liorer, mais ici, nous atteignons la perfection gr\u00e2ce aux commentaires des athl\u00e8tes. Le Responsiv 12 a fait l&#8217;objet d&#8217;un d\u00e9veloppement continu pendant des ann\u00e9es. D&#8217;abord 8, puis 10, puis 12 et maintenant la V2 a mis \u00e0 jour le Responsiv 12. \u00c0 chaque fois, il \u00e9volue vers une version meilleure. Nous avons ajout\u00e9 des poches de rangement accessibles et cette version V2 est directement compatible avec notre Trail Quiver.<\/p>\n<p>Utilisable de 2 \u00e0 12 litres, ce gilet de course est d&#8217;une polyvalence \u00e9tonnante. 4 cordons de compression \u00e0 l&#8217;arri\u00e8re stabilisent la charge et offrent une option suppl\u00e9mentaire pour ranger les b\u00e2tons, les 2 poches \u00e9lastiques et la poche zipp\u00e9e \u00e0 l&#8217;avant peuvent contenir une poign\u00e9e d&#8217;\u00e9nergie suppl\u00e9mentaire et vous pouvez transporter toute l&#8217;hydratation dont vous pourriez avoir besoin. Si vous avez besoin de plus d&#8217;espace, nous avons ajout\u00e9 une poche arri\u00e8re accessible par fermeture \u00e9clair. Le harnais en maille monofilament r\u00e9partit la charge de mani\u00e8re uniforme pour un confort maximal, sans rembourrage \u00e9pais qui absorbe l&#8217;humidit\u00e9 et ajoute du poids. Les sangles \u00e9lastiques sur la poitrine et les molettes microm\u00e9triques FreeLock permettent de l&#8217;ajuster parfaitement \u00e0 votre corps et d&#8217;emp\u00eacher les rebonds ind\u00e9sirables pendant vos mouvements. Notre nouveau design de porte-b\u00e2tons avant est plus facile \u00e0 utiliser pendant vos d\u00e9placements.<\/p>\n<p><strong>Caract\u00e9ristiques<\/strong> :<\/p>\n<ul>\n<li>Maille en polyester monofilament pour une meilleure respirabilit\u00e9 et une plus grande durabilit\u00e9<\/li>\n<li>Tissu extensible pour plus de stabilit\u00e9 et de confort<\/li>\n<li>Roues microm\u00e9triques Freelock\u00ae r\u00e9glables pour un ajustement parfait<\/li>\n<li>Gilet de course avec 9 poches<\/li>\n<li>Poches avant : 2 pour gourdes, 2 \u00e9lastiques, 1 avec fermeture \u00e9clair<\/li>\n<li>Poches arri\u00e8re : poche principale (compatible avec une poche \u00e0 eau) avec fermeture \u00e9clair de s\u00e9curit\u00e9 interne, 1 avec fermeture \u00e9clair et accessible en mouvement, poche \u00e9lastique<\/li>\n<li>Volume total de 12 litres<\/li>\n<li>Syst\u00e8me de porte-b\u00e2tons \u00e0 l&#8217;avant<\/li>\n<li>Conception avec double sangle thoracique<\/li>\n<li>Imprim\u00e9s r\u00e9fl\u00e9chissants \u00e0 l&#8217;avant et \u00e0 l&#8217;arri\u00e8re<\/li>\n<li>Bandeau assorti sur la version femme<\/li>\n<li>Compatible avec Trail Faretra<\/li>\n<li>Livr\u00e9 avec 2 gourdes EazyFlask de 600 ml<\/li>\n<li>Tailles homme (tour de poitrine\/cm) : S (84-90), M (90-96), L (96-104)<\/li>\n<li>Composition : 65 % polyamide, 35 % polyester<\/li>\n<\/ul>\n<p><strong>CONFORT<\/strong><\/p>\n<p>Gilet de course au design enveloppant, qui \u00e9pouse parfaitement le dos ! Les doubles sangles \u00e9lastiques sur la poitrine permettent de respirer librement tout en \u00e9vitant les rebonds. La partie gilet du sac \u00e0 dos est fabriqu\u00e9e dans un filet monofilament hautement respirant, qui permet \u00e0 la chaleur et \u00e0 la transpiration de s&#8217;\u00e9chapper.<\/p>\n<p><strong>R\u00c9GLAGE DE LA TAILLE PARFAITE<\/strong><\/p>\n<p>Le syst\u00e8me de r\u00e9glage par molette microm\u00e9trique freelock sur les c\u00f4t\u00e9s du sac \u00e0 dos vous permet d&#8217;obtenir un ajustement parfait, m\u00eame en mouvement, car les softflasks \u00e0 l&#8217;avant se vident lorsque vous buvez, les molettes peuvent \u00eatre r\u00e9gl\u00e9es pour maintenir une tension parfaite. R\u00e9glez les sangles avant \u00e0 la largeur souhait\u00e9e, puis utilisez les molettes pour ajuster l&#8217;ajustement.<\/p>\n<p><strong>RANGEMENT ACCESSIBLE<\/strong><\/p>\n<p>Avec un total de 9 poches, dont 6 accessibles en mouvement, vous pouvez ranger de nombreux objets \u00e0 port\u00e9e de main : 2 poches \u00e0 l&#8217;avant pour l&#8217;hydratation, 2 poches \u00e9lastiques pour la nourriture et autres, 1 poche avant zipp\u00e9e et 1 poche arri\u00e8re inf\u00e9rieure zipp\u00e9e pour plus de s\u00e9curit\u00e9. Le compartiment principal arri\u00e8re est compatible avec une poche \u00e0 eau, et il y a \u00e9galement une poche de s\u00e9curit\u00e9 int\u00e9rieure zipp\u00e9e. La poche arri\u00e8re ext\u00e9rieure \u00e9lastique peut facilement contenir une veste et d&#8217;autres objets. Il y a \u00e9galement des porte-b\u00e2tons \u00e0 l&#8217;avant et \u00e0 l&#8217;arri\u00e8re, ainsi que la possibilit\u00e9 d&#8217;utiliser notre TRAIL QUIVER pour un espace de rangement suppl\u00e9mentaire. Il s&#8217;agit d&#8217;un sac \u00e0 dos de trail running de 12 litres vraiment polyvalent.<\/p>\n<p><strong>Instructions d&#8217;entretien :<\/strong><\/p>\n<ul>\n<li>\u00a0Laver \u00e0 une temp\u00e9rature ne d\u00e9passant pas 30 \u00b0C<\/li>\n<\/ul>\n","protected":false},"excerpt":{"rendered":"<p>Ne pas mettre au s\u00e8che-linge Ne pas utiliser d&#8217;adoucissant Ne pas repasser Ne pas nettoyer \u00e0 sec Le fleuron de la gamme Responsiv. Le Responsiv 12L Race Vest pour homme est un sac \u00e0 dos\/gilet de trail running ergonomique et l\u00e9ger. Vous pouvez y ranger vos accessoires essentiels pour la plupart des courses et des &hellip; <a href=\"https:\/\/www.miomiorun.com\/fr\/produit\/raidlight-responsiv-12-litres-homme\/\">Continued<\/a><\/p>\n","protected":false},"featured_media":235994,"template":"","meta":{"_acf_changed":false,"inline_featured_image":false},"product_brand":[],"product_cat":[22589,22587,22538],"product_tag":[23503,23518],"class_list":{"0":"post-282751","1":"product","2":"type-product","3":"status-publish","4":"has-post-thumbnail","6":"product_cat-sacs-a-dos","7":"product_cat-sacs-a-dos-et-ceintures","8":"product_cat-accessoires","9":"product_tag-raidlight-fr","10":"product_tag-raidlight-homme","11":"pa_attivita-marcher","12":"pa_attivita-outdoor-fr","13":"pa_attivita-trail-fr","14":"pa_marca-raidlight-fr","15":"pa_sesso-homme","16":"pa_size-medium-fr","18":"first","19":"outofstock","20":"taxable","21":"shipping-taxable","22":"purchasable","23":"product-type-variable","24":"wvs-archive-product-wrapper"},"acf":[],"yoast_head":"<!-- This site is optimized with the Yoast SEO plugin v26.8 - https:\/\/yoast.com\/product\/yoast-seo-wordpress\/ -->\n<title>Raidlight Responsiv 12 litres homme - sac \u00e0 dos de trail - MioMioRun<\/title>\n<meta name=\"description\" content=\"Le fleuron de la gamme Responsiv. Le Responsiv 12L Race Vest pour homme est un sac \u00e0 dos\/gilet de trail running ergonomique et l\u00e9ger.\" \/>\n<meta name=\"robots\" content=\"index, follow, max-snippet:-1, max-image-preview:large, max-video-preview:-1\" \/>\n<link rel=\"canonical\" href=\"https:\/\/www.miomiorun.com\/fr\/produit\/raidlight-responsiv-12-litres-homme\/\" \/>\n<meta property=\"og:locale\" content=\"fr_FR\" \/>\n<meta property=\"og:type\" content=\"article\" \/>\n<meta property=\"og:title\" content=\"Raidlight Responsiv 12 litres homme - sac \u00e0 dos de trail - MioMioRun\" \/>\n<meta property=\"og:description\" content=\"Le fleuron de la gamme Responsiv. Le Responsiv 12L Race Vest pour homme est un sac \u00e0 dos\/gilet de trail running ergonomique et l\u00e9ger.\" \/>\n<meta property=\"og:url\" content=\"https:\/\/www.miomiorun.com\/fr\/produit\/raidlight-responsiv-12-litres-homme\/\" \/>\n<meta property=\"og:site_name\" content=\"MioMioRun\" \/>\n<meta property=\"article:publisher\" content=\"https:\/\/www.facebook.com\/miomiorun\/\" \/>\n<meta property=\"article:modified_time\" content=\"2025-12-09T21:25:14+00:00\" \/>\n<meta property=\"og:image\" content=\"https:\/\/www.miomiorun.com\/app\/uploads\/2022\/04\/raidlight-responsiv-12L-trail-pack-M-GRJMB51.jpg\" \/>\n\t<meta property=\"og:image:width\" content=\"600\" \/>\n\t<meta property=\"og:image:height\" content=\"600\" \/>\n\t<meta property=\"og:image:type\" content=\"image\/jpeg\" \/>\n<meta name=\"twitter:card\" content=\"summary_large_image\" \/>\n<meta name=\"twitter:label1\" content=\"Est. reading time\" \/>\n\t<meta name=\"twitter:data1\" content=\"3 minutes\" \/>\n<script type=\"application\/ld+json\" class=\"yoast-schema-graph\">{\"@context\":\"https:\/\/schema.org\",\"@graph\":[{\"@type\":\"WebPage\",\"@id\":\"https:\/\/www.miomiorun.com\/fr\/produit\/raidlight-responsiv-12-litres-homme\/\",\"url\":\"https:\/\/www.miomiorun.com\/fr\/produit\/raidlight-responsiv-12-litres-homme\/\",\"name\":\"Raidlight Responsiv 12 litres homme - sac \u00e0 dos de trail - MioMioRun\",\"isPartOf\":{\"@id\":\"https:\/\/www.miomiorun.com\/fr\/#website\"},\"primaryImageOfPage\":{\"@id\":\"https:\/\/www.miomiorun.com\/fr\/produit\/raidlight-responsiv-12-litres-homme\/#primaryimage\"},\"image\":{\"@id\":\"https:\/\/www.miomiorun.com\/fr\/produit\/raidlight-responsiv-12-litres-homme\/#primaryimage\"},\"thumbnailUrl\":\"https:\/\/www.miomiorun.com\/app\/uploads\/2022\/04\/raidlight-responsiv-12L-trail-pack-M-GRJMB51.jpg\",\"datePublished\":\"2022-04-08T14:14:44+00:00\",\"dateModified\":\"2025-12-09T21:25:14+00:00\",\"description\":\"Le fleuron de la gamme Responsiv. Le Responsiv 12L Race Vest pour homme est un sac \u00e0 dos\/gilet de trail running ergonomique et l\u00e9ger.\",\"breadcrumb\":{\"@id\":\"https:\/\/www.miomiorun.com\/fr\/produit\/raidlight-responsiv-12-litres-homme\/#breadcrumb\"},\"inLanguage\":\"fr-FR\",\"potentialAction\":[{\"@type\":\"ReadAction\",\"target\":[\"https:\/\/www.miomiorun.com\/fr\/produit\/raidlight-responsiv-12-litres-homme\/\"]}]},{\"@type\":\"ImageObject\",\"inLanguage\":\"fr-FR\",\"@id\":\"https:\/\/www.miomiorun.com\/fr\/produit\/raidlight-responsiv-12-litres-homme\/#primaryimage\",\"url\":\"https:\/\/www.miomiorun.com\/app\/uploads\/2022\/04\/raidlight-responsiv-12L-trail-pack-M-GRJMB51.jpg\",\"contentUrl\":\"https:\/\/www.miomiorun.com\/app\/uploads\/2022\/04\/raidlight-responsiv-12L-trail-pack-M-GRJMB51.jpg\",\"width\":600,\"height\":600,\"caption\":\"raidlight-responsiv-12L-trail-pack-M-GRJMB51\"},{\"@type\":\"BreadcrumbList\",\"@id\":\"https:\/\/www.miomiorun.com\/fr\/produit\/raidlight-responsiv-12-litres-homme\/#breadcrumb\",\"itemListElement\":[{\"@type\":\"ListItem\",\"position\":1,\"name\":\"Home\",\"item\":\"https:\/\/www.miomiorun.com\/fr\/home-page\/\"},{\"@type\":\"ListItem\",\"position\":2,\"name\":\"Shop\",\"item\":\"https:\/\/www.miomiorun.com\/shop\/\"},{\"@type\":\"ListItem\",\"position\":3,\"name\":\"Responsiv 12 litres homme\"}]},{\"@type\":\"WebSite\",\"@id\":\"https:\/\/www.miomiorun.com\/fr\/#website\",\"url\":\"https:\/\/www.miomiorun.com\/fr\/\",\"name\":\"MioMioRun\",\"description\":\"Boutique 100% running et trail\",\"publisher\":{\"@id\":\"https:\/\/www.miomiorun.com\/fr\/#organization\"},\"potentialAction\":[{\"@type\":\"SearchAction\",\"target\":{\"@type\":\"EntryPoint\",\"urlTemplate\":\"https:\/\/www.miomiorun.com\/fr\/?s={search_term_string}\"},\"query-input\":{\"@type\":\"PropertyValueSpecification\",\"valueRequired\":true,\"valueName\":\"search_term_string\"}}],\"inLanguage\":\"fr-FR\"},{\"@type\":\"Organization\",\"@id\":\"https:\/\/www.miomiorun.com\/fr\/#organization\",\"name\":\"MioMio Run\",\"url\":\"https:\/\/www.miomiorun.com\/fr\/\",\"logo\":{\"@type\":\"ImageObject\",\"inLanguage\":\"fr-FR\",\"@id\":\"https:\/\/www.miomiorun.com\/fr\/#\/schema\/logo\/image\/\",\"url\":\"https:\/\/www.miomiorun.com\/app\/uploads\/2019\/12\/logomio.png\",\"contentUrl\":\"https:\/\/www.miomiorun.com\/app\/uploads\/2019\/12\/logomio.png\",\"width\":115,\"height\":82,\"caption\":\"MioMio Run\"},\"image\":{\"@id\":\"https:\/\/www.miomiorun.com\/fr\/#\/schema\/logo\/image\/\"},\"sameAs\":[\"https:\/\/www.facebook.com\/miomiorun\/\",\"https:\/\/www.instagram.com\/miomiorun\/\"]}]}<\/script>\n<!-- \/ Yoast SEO plugin. -->","yoast_head_json":{"title":"Raidlight Responsiv 12 litres homme - sac \u00e0 dos de trail - MioMioRun","description":"Le fleuron de la gamme Responsiv. Le Responsiv 12L Race Vest pour homme est un sac \u00e0 dos\/gilet de trail running ergonomique et l\u00e9ger.","robots":{"index":"index","follow":"follow","max-snippet":"max-snippet:-1","max-image-preview":"max-image-preview:large","max-video-preview":"max-video-preview:-1"},"canonical":"https:\/\/www.miomiorun.com\/fr\/produit\/raidlight-responsiv-12-litres-homme\/","og_locale":"fr_FR","og_type":"article","og_title":"Raidlight Responsiv 12 litres homme - sac \u00e0 dos de trail - MioMioRun","og_description":"Le fleuron de la gamme Responsiv. Le Responsiv 12L Race Vest pour homme est un sac \u00e0 dos\/gilet de trail running ergonomique et l\u00e9ger.","og_url":"https:\/\/www.miomiorun.com\/fr\/produit\/raidlight-responsiv-12-litres-homme\/","og_site_name":"MioMioRun","article_publisher":"https:\/\/www.facebook.com\/miomiorun\/","article_modified_time":"2025-12-09T21:25:14+00:00","og_image":[{"width":600,"height":600,"url":"https:\/\/www.miomiorun.com\/app\/uploads\/2022\/04\/raidlight-responsiv-12L-trail-pack-M-GRJMB51.jpg","type":"image\/jpeg"}],"twitter_card":"summary_large_image","twitter_misc":{"Est. reading time":"3 minutes"},"schema":{"@context":"https:\/\/schema.org","@graph":[{"@type":"WebPage","@id":"https:\/\/www.miomiorun.com\/fr\/produit\/raidlight-responsiv-12-litres-homme\/","url":"https:\/\/www.miomiorun.com\/fr\/produit\/raidlight-responsiv-12-litres-homme\/","name":"Raidlight Responsiv 12 litres homme - sac \u00e0 dos de trail - MioMioRun","isPartOf":{"@id":"https:\/\/www.miomiorun.com\/fr\/#website"},"primaryImageOfPage":{"@id":"https:\/\/www.miomiorun.com\/fr\/produit\/raidlight-responsiv-12-litres-homme\/#primaryimage"},"image":{"@id":"https:\/\/www.miomiorun.com\/fr\/produit\/raidlight-responsiv-12-litres-homme\/#primaryimage"},"thumbnailUrl":"https:\/\/www.miomiorun.com\/app\/uploads\/2022\/04\/raidlight-responsiv-12L-trail-pack-M-GRJMB51.jpg","datePublished":"2022-04-08T14:14:44+00:00","dateModified":"2025-12-09T21:25:14+00:00","description":"Le fleuron de la gamme Responsiv. Le Responsiv 12L Race Vest pour homme est un sac \u00e0 dos\/gilet de trail running ergonomique et l\u00e9ger.","breadcrumb":{"@id":"https:\/\/www.miomiorun.com\/fr\/produit\/raidlight-responsiv-12-litres-homme\/#breadcrumb"},"inLanguage":"fr-FR","potentialAction":[{"@type":"ReadAction","target":["https:\/\/www.miomiorun.com\/fr\/produit\/raidlight-responsiv-12-litres-homme\/"]}]},{"@type":"ImageObject","inLanguage":"fr-FR","@id":"https:\/\/www.miomiorun.com\/fr\/produit\/raidlight-responsiv-12-litres-homme\/#primaryimage","url":"https:\/\/www.miomiorun.com\/app\/uploads\/2022\/04\/raidlight-responsiv-12L-trail-pack-M-GRJMB51.jpg","contentUrl":"https:\/\/www.miomiorun.com\/app\/uploads\/2022\/04\/raidlight-responsiv-12L-trail-pack-M-GRJMB51.jpg","width":600,"height":600,"caption":"raidlight-responsiv-12L-trail-pack-M-GRJMB51"},{"@type":"BreadcrumbList","@id":"https:\/\/www.miomiorun.com\/fr\/produit\/raidlight-responsiv-12-litres-homme\/#breadcrumb","itemListElement":[{"@type":"ListItem","position":1,"name":"Home","item":"https:\/\/www.miomiorun.com\/fr\/home-page\/"},{"@type":"ListItem","position":2,"name":"Shop","item":"https:\/\/www.miomiorun.com\/shop\/"},{"@type":"ListItem","position":3,"name":"Responsiv 12 litres homme"}]},{"@type":"WebSite","@id":"https:\/\/www.miomiorun.com\/fr\/#website","url":"https:\/\/www.miomiorun.com\/fr\/","name":"MioMioRun","description":"Boutique 100% running et trail","publisher":{"@id":"https:\/\/www.miomiorun.com\/fr\/#organization"},"potentialAction":[{"@type":"SearchAction","target":{"@type":"EntryPoint","urlTemplate":"https:\/\/www.miomiorun.com\/fr\/?s={search_term_string}"},"query-input":{"@type":"PropertyValueSpecification","valueRequired":true,"valueName":"search_term_string"}}],"inLanguage":"fr-FR"},{"@type":"Organization","@id":"https:\/\/www.miomiorun.com\/fr\/#organization","name":"MioMio Run","url":"https:\/\/www.miomiorun.com\/fr\/","logo":{"@type":"ImageObject","inLanguage":"fr-FR","@id":"https:\/\/www.miomiorun.com\/fr\/#\/schema\/logo\/image\/","url":"https:\/\/www.miomiorun.com\/app\/uploads\/2019\/12\/logomio.png","contentUrl":"https:\/\/www.miomiorun.com\/app\/uploads\/2019\/12\/logomio.png","width":115,"height":82,"caption":"MioMio Run"},"image":{"@id":"https:\/\/www.miomiorun.com\/fr\/#\/schema\/logo\/image\/"},"sameAs":["https:\/\/www.facebook.com\/miomiorun\/","https:\/\/www.instagram.com\/miomiorun\/"]}]}},"_links":{"self":[{"href":"https:\/\/www.miomiorun.com\/fr\/wp-json\/wp\/v2\/product\/282751","targetHints":{"allow":["GET"]}}],"collection":[{"href":"https:\/\/www.miomiorun.com\/fr\/wp-json\/wp\/v2\/product"}],"about":[{"href":"https:\/\/www.miomiorun.com\/fr\/wp-json\/wp\/v2\/types\/product"}],"wp:featuredmedia":[{"embeddable":true,"href":"https:\/\/www.miomiorun.com\/fr\/wp-json\/wp\/v2\/media\/235994"}],"wp:attachment":[{"href":"https:\/\/www.miomiorun.com\/fr\/wp-json\/wp\/v2\/media?parent=282751"}],"wp:term":[{"taxonomy":"product_brand","embeddable":true,"href":"https:\/\/www.miomiorun.com\/fr\/wp-json\/wp\/v2\/product_brand?post=282751"},{"taxonomy":"product_cat","embeddable":true,"href":"https:\/\/www.miomiorun.com\/fr\/wp-json\/wp\/v2\/product_cat?post=282751"},{"taxonomy":"product_tag","embeddable":true,"href":"https:\/\/www.miomiorun.com\/fr\/wp-json\/wp\/v2\/product_tag?post=282751"}],"curies":[{"name":"wp","href":"https:\/\/api.w.org\/{rel}","templated":true}]}}