{"id":282685,"date":"2022-04-15T16:12:03","date_gmt":"2022-04-15T14:12:03","guid":{"rendered":"https:\/\/miomiorun.com\/prodotto\/cep-hiking-80s-mid-cut-uomo\/"},"modified":"2025-09-23T16:09:08","modified_gmt":"2025-09-23T14:09:08","slug":"cep-hiking-80s-mid-cut-homme","status":"publish","type":"product","link":"https:\/\/www.miomiorun.com\/fr\/produit\/cep-hiking-80s-mid-cut-homme\/","title":{"rendered":"Hiking 80&#8217;s Mid Cut homme"},"content":{"rendered":"<p>Les ann\u00e9es 80 sont peut-\u00eatre intemporelles, mais vos vieilles chaussettes de randonn\u00e9e ne le sont certainement pas !<\/p>\n<p>D\u00e9couvrez les superbes chaussettes Hiking 80&#8217;s Mid Cut pour homme !<\/p>\n<p>Ces chaussettes de randonn\u00e9e inspir\u00e9es des ann\u00e9es 80 vous permettent de partir en randonn\u00e9e en toute s\u00e9curit\u00e9 et sans souci. Con\u00e7ues de mani\u00e8re anatomique et fabriqu\u00e9es \u00e0 partir d&#8217;un m\u00e9lange innovant de mat\u00e9riaux respirants, ces chaussettes ne provoquent pas d&#8217;ampoules et garantissent un confort in\u00e9gal\u00e9. Sentez-vous plus en s\u00e9curit\u00e9 \u00e0 chaque pas gr\u00e2ce \u00e0 la stimulation sensorielle profonde fournie par la compression moyenne. D\u00e9couvrez la diff\u00e9rence CEP lors de votre prochaine randonn\u00e9e.<\/p>\n<p><strong>Caract\u00e9ristiques :<\/strong><\/p>\n<ul>\n<li>&nbsp;20 % plus l\u00e9g\u00e8res que les chaussettes de randonn\u00e9e Merino standard. <\/li>\n<li>Marchez en toute confiance gr\u00e2ce \u00e0 une compression cibl\u00e9e qui forme une coque protectrice autour de la cheville pour plus de stabilit\u00e9. <\/li>\n<li>Pointe asym\u00e9trique et pointe sans couture pour un ajustement parfait sans ampoules. <\/li>\n<li>Le rembourrage strat\u00e9giquement plac\u00e9 sur les os de la cheville et la premi\u00e8re t\u00eate m\u00e9tatarsienne offre un amorti durable et un confort maximal.<\/li>\n<li>Le m\u00e9lange de fibres synth\u00e9tiques, de laine m\u00e9rinos et de compression pr\u00e9cise offre confort, durabilit\u00e9 et r\u00e9gulation de la temp\u00e9rature.<\/li>\n<li>Facile d&#8217;entretien : lavable en machine et s\u00e9chable en machine<\/li>\n<\/ul>\n<p><strong>Niveau de compression<\/strong> : 18-20 mmHg au niveau de la cheville<\/p>\n<p><strong>Mat\u00e9riau :<\/strong> 71 % polyamide, 16 % laine (m\u00e9rinos), 13 % \u00e9lasthanne<\/p>\n","protected":false},"excerpt":{"rendered":"<p>Les ann\u00e9es 80 sont peut-\u00eatre intemporelles, mais vos vieilles chaussettes de randonn\u00e9e ne le sont certainement pas ! D\u00e9couvrez les superbes chaussettes Hiking 80&#8217;s Mid Cut pour homme ! Ces chaussettes de randonn\u00e9e inspir\u00e9es des ann\u00e9es 80 vous permettent de partir en randonn\u00e9e en toute s\u00e9curit\u00e9 et sans souci. Con\u00e7ues de mani\u00e8re anatomique et fabriqu\u00e9es &hellip; <a href=\"https:\/\/www.miomiorun.com\/fr\/produit\/cep-hiking-80s-mid-cut-homme\/\">Continued<\/a><\/p>\n","protected":false},"featured_media":236060,"template":"","meta":{"_acf_changed":false,"inline_featured_image":false},"product_brand":[],"product_cat":[24256,24482,24484],"product_tag":[23469,23649],"class_list":{"0":"post-282685","1":"product","2":"type-product","3":"status-publish","4":"has-post-thumbnail","6":"product_cat-chaussettes-fr","7":"product_cat-vetements-pour-hommes-fr","8":"product_cat-homme","9":"product_tag-cep-fr","10":"product_tag-cep-homme","11":"pa_attivita-marcher","12":"pa_attivita-outdoor-fr","13":"pa_colore-hiking-80s-mid-cut-peacot-gold-fr","14":"pa_marca-cep-fr","15":"pa_sesso-homme","16":"pa_size-45-48-fr","18":"first","19":"instock","20":"sale","21":"taxable","22":"shipping-taxable","23":"purchasable","24":"product-type-variable","25":"wvs-archive-product-wrapper"},"acf":[],"yoast_head":"<!-- This site is optimized with the Yoast SEO plugin v26.8 - https:\/\/yoast.com\/product\/yoast-seo-wordpress\/ -->\n<title>Hiking 80&#039;s Mid Cut homme - Chaussettes de course - MioMioRun.com<\/title>\n<meta name=\"description\" content=\"Ces chaussettes de randonn\u00e9e des ann\u00e9es 80 vous permettent de faire du trekking en toute insouciance et en toute s\u00e9curit\u00e9. Fabriqu\u00e9es selon une technique de tricotage anatomique.\" \/>\n<meta name=\"robots\" content=\"index, follow, max-snippet:-1, max-image-preview:large, max-video-preview:-1\" \/>\n<link rel=\"canonical\" href=\"https:\/\/www.miomiorun.com\/fr\/produit\/cep-hiking-80s-mid-cut-homme\/\" \/>\n<meta property=\"og:locale\" content=\"fr_FR\" \/>\n<meta property=\"og:type\" content=\"article\" \/>\n<meta property=\"og:title\" content=\"Hiking 80&#039;s Mid Cut homme - Chaussettes de course - MioMioRun.com\" \/>\n<meta property=\"og:description\" content=\"Ces chaussettes de randonn\u00e9e des ann\u00e9es 80 vous permettent de faire du trekking en toute insouciance et en toute s\u00e9curit\u00e9. Fabriqu\u00e9es selon une technique de tricotage anatomique.\" \/>\n<meta property=\"og:url\" content=\"https:\/\/www.miomiorun.com\/fr\/produit\/cep-hiking-80s-mid-cut-homme\/\" \/>\n<meta property=\"og:site_name\" content=\"MioMioRun\" \/>\n<meta property=\"article:publisher\" content=\"https:\/\/www.facebook.com\/miomiorun\/\" \/>\n<meta property=\"article:modified_time\" content=\"2025-09-23T14:09:08+00:00\" \/>\n<meta property=\"og:image\" content=\"https:\/\/www.miomiorun.com\/app\/uploads\/2022\/04\/cep-hiking-80s-mid-cut-peacot-gold-WP3CFH.jpg\" \/>\n\t<meta property=\"og:image:width\" content=\"600\" \/>\n\t<meta property=\"og:image:height\" content=\"600\" \/>\n\t<meta property=\"og:image:type\" content=\"image\/jpeg\" \/>\n<meta name=\"twitter:card\" content=\"summary_large_image\" \/>\n<meta name=\"twitter:label1\" content=\"Est. reading time\" \/>\n\t<meta name=\"twitter:data1\" content=\"1 minute\" \/>\n<script type=\"application\/ld+json\" class=\"yoast-schema-graph\">{\"@context\":\"https:\/\/schema.org\",\"@graph\":[{\"@type\":\"WebPage\",\"@id\":\"https:\/\/www.miomiorun.com\/fr\/produit\/cep-hiking-80s-mid-cut-homme\/\",\"url\":\"https:\/\/www.miomiorun.com\/fr\/produit\/cep-hiking-80s-mid-cut-homme\/\",\"name\":\"Hiking 80's Mid Cut homme - Chaussettes de course - MioMioRun.com\",\"isPartOf\":{\"@id\":\"https:\/\/www.miomiorun.com\/fr\/#website\"},\"primaryImageOfPage\":{\"@id\":\"https:\/\/www.miomiorun.com\/fr\/produit\/cep-hiking-80s-mid-cut-homme\/#primaryimage\"},\"image\":{\"@id\":\"https:\/\/www.miomiorun.com\/fr\/produit\/cep-hiking-80s-mid-cut-homme\/#primaryimage\"},\"thumbnailUrl\":\"https:\/\/www.miomiorun.com\/app\/uploads\/2022\/04\/cep-hiking-80s-mid-cut-peacot-gold-WP3CFH.jpg\",\"datePublished\":\"2022-04-15T14:12:03+00:00\",\"dateModified\":\"2025-09-23T14:09:08+00:00\",\"description\":\"Ces chaussettes de randonn\u00e9e des ann\u00e9es 80 vous permettent de faire du trekking en toute insouciance et en toute s\u00e9curit\u00e9. Fabriqu\u00e9es selon une technique de tricotage anatomique.\",\"breadcrumb\":{\"@id\":\"https:\/\/www.miomiorun.com\/fr\/produit\/cep-hiking-80s-mid-cut-homme\/#breadcrumb\"},\"inLanguage\":\"fr-FR\",\"potentialAction\":[{\"@type\":\"ReadAction\",\"target\":[\"https:\/\/www.miomiorun.com\/fr\/produit\/cep-hiking-80s-mid-cut-homme\/\"]}]},{\"@type\":\"ImageObject\",\"inLanguage\":\"fr-FR\",\"@id\":\"https:\/\/www.miomiorun.com\/fr\/produit\/cep-hiking-80s-mid-cut-homme\/#primaryimage\",\"url\":\"https:\/\/www.miomiorun.com\/app\/uploads\/2022\/04\/cep-hiking-80s-mid-cut-peacot-gold-WP3CFH.jpg\",\"contentUrl\":\"https:\/\/www.miomiorun.com\/app\/uploads\/2022\/04\/cep-hiking-80s-mid-cut-peacot-gold-WP3CFH.jpg\",\"width\":600,\"height\":600,\"caption\":\"cep-hiking-80's-mid-cut-peacot-gold-WP3CFH\"},{\"@type\":\"BreadcrumbList\",\"@id\":\"https:\/\/www.miomiorun.com\/fr\/produit\/cep-hiking-80s-mid-cut-homme\/#breadcrumb\",\"itemListElement\":[{\"@type\":\"ListItem\",\"position\":1,\"name\":\"Home\",\"item\":\"https:\/\/www.miomiorun.com\/fr\/home-page\/\"},{\"@type\":\"ListItem\",\"position\":2,\"name\":\"Shop\",\"item\":\"https:\/\/www.miomiorun.com\/shop\/\"},{\"@type\":\"ListItem\",\"position\":3,\"name\":\"Hiking 80&#8217;s Mid Cut homme\"}]},{\"@type\":\"WebSite\",\"@id\":\"https:\/\/www.miomiorun.com\/fr\/#website\",\"url\":\"https:\/\/www.miomiorun.com\/fr\/\",\"name\":\"MioMioRun\",\"description\":\"Boutique 100% running et trail\",\"publisher\":{\"@id\":\"https:\/\/www.miomiorun.com\/fr\/#organization\"},\"potentialAction\":[{\"@type\":\"SearchAction\",\"target\":{\"@type\":\"EntryPoint\",\"urlTemplate\":\"https:\/\/www.miomiorun.com\/fr\/?s={search_term_string}\"},\"query-input\":{\"@type\":\"PropertyValueSpecification\",\"valueRequired\":true,\"valueName\":\"search_term_string\"}}],\"inLanguage\":\"fr-FR\"},{\"@type\":\"Organization\",\"@id\":\"https:\/\/www.miomiorun.com\/fr\/#organization\",\"name\":\"MioMio Run\",\"url\":\"https:\/\/www.miomiorun.com\/fr\/\",\"logo\":{\"@type\":\"ImageObject\",\"inLanguage\":\"fr-FR\",\"@id\":\"https:\/\/www.miomiorun.com\/fr\/#\/schema\/logo\/image\/\",\"url\":\"https:\/\/www.miomiorun.com\/app\/uploads\/2019\/12\/logomio.png\",\"contentUrl\":\"https:\/\/www.miomiorun.com\/app\/uploads\/2019\/12\/logomio.png\",\"width\":115,\"height\":82,\"caption\":\"MioMio Run\"},\"image\":{\"@id\":\"https:\/\/www.miomiorun.com\/fr\/#\/schema\/logo\/image\/\"},\"sameAs\":[\"https:\/\/www.facebook.com\/miomiorun\/\",\"https:\/\/www.instagram.com\/miomiorun\/\"]}]}<\/script>\n<!-- \/ Yoast SEO plugin. -->","yoast_head_json":{"title":"Hiking 80's Mid Cut homme - Chaussettes de course - MioMioRun.com","description":"Ces chaussettes de randonn\u00e9e des ann\u00e9es 80 vous permettent de faire du trekking en toute insouciance et en toute s\u00e9curit\u00e9. Fabriqu\u00e9es selon une technique de tricotage anatomique.","robots":{"index":"index","follow":"follow","max-snippet":"max-snippet:-1","max-image-preview":"max-image-preview:large","max-video-preview":"max-video-preview:-1"},"canonical":"https:\/\/www.miomiorun.com\/fr\/produit\/cep-hiking-80s-mid-cut-homme\/","og_locale":"fr_FR","og_type":"article","og_title":"Hiking 80's Mid Cut homme - Chaussettes de course - MioMioRun.com","og_description":"Ces chaussettes de randonn\u00e9e des ann\u00e9es 80 vous permettent de faire du trekking en toute insouciance et en toute s\u00e9curit\u00e9. Fabriqu\u00e9es selon une technique de tricotage anatomique.","og_url":"https:\/\/www.miomiorun.com\/fr\/produit\/cep-hiking-80s-mid-cut-homme\/","og_site_name":"MioMioRun","article_publisher":"https:\/\/www.facebook.com\/miomiorun\/","article_modified_time":"2025-09-23T14:09:08+00:00","og_image":[{"width":600,"height":600,"url":"https:\/\/www.miomiorun.com\/app\/uploads\/2022\/04\/cep-hiking-80s-mid-cut-peacot-gold-WP3CFH.jpg","type":"image\/jpeg"}],"twitter_card":"summary_large_image","twitter_misc":{"Est. reading time":"1 minute"},"schema":{"@context":"https:\/\/schema.org","@graph":[{"@type":"WebPage","@id":"https:\/\/www.miomiorun.com\/fr\/produit\/cep-hiking-80s-mid-cut-homme\/","url":"https:\/\/www.miomiorun.com\/fr\/produit\/cep-hiking-80s-mid-cut-homme\/","name":"Hiking 80's Mid Cut homme - Chaussettes de course - MioMioRun.com","isPartOf":{"@id":"https:\/\/www.miomiorun.com\/fr\/#website"},"primaryImageOfPage":{"@id":"https:\/\/www.miomiorun.com\/fr\/produit\/cep-hiking-80s-mid-cut-homme\/#primaryimage"},"image":{"@id":"https:\/\/www.miomiorun.com\/fr\/produit\/cep-hiking-80s-mid-cut-homme\/#primaryimage"},"thumbnailUrl":"https:\/\/www.miomiorun.com\/app\/uploads\/2022\/04\/cep-hiking-80s-mid-cut-peacot-gold-WP3CFH.jpg","datePublished":"2022-04-15T14:12:03+00:00","dateModified":"2025-09-23T14:09:08+00:00","description":"Ces chaussettes de randonn\u00e9e des ann\u00e9es 80 vous permettent de faire du trekking en toute insouciance et en toute s\u00e9curit\u00e9. Fabriqu\u00e9es selon une technique de tricotage anatomique.","breadcrumb":{"@id":"https:\/\/www.miomiorun.com\/fr\/produit\/cep-hiking-80s-mid-cut-homme\/#breadcrumb"},"inLanguage":"fr-FR","potentialAction":[{"@type":"ReadAction","target":["https:\/\/www.miomiorun.com\/fr\/produit\/cep-hiking-80s-mid-cut-homme\/"]}]},{"@type":"ImageObject","inLanguage":"fr-FR","@id":"https:\/\/www.miomiorun.com\/fr\/produit\/cep-hiking-80s-mid-cut-homme\/#primaryimage","url":"https:\/\/www.miomiorun.com\/app\/uploads\/2022\/04\/cep-hiking-80s-mid-cut-peacot-gold-WP3CFH.jpg","contentUrl":"https:\/\/www.miomiorun.com\/app\/uploads\/2022\/04\/cep-hiking-80s-mid-cut-peacot-gold-WP3CFH.jpg","width":600,"height":600,"caption":"cep-hiking-80's-mid-cut-peacot-gold-WP3CFH"},{"@type":"BreadcrumbList","@id":"https:\/\/www.miomiorun.com\/fr\/produit\/cep-hiking-80s-mid-cut-homme\/#breadcrumb","itemListElement":[{"@type":"ListItem","position":1,"name":"Home","item":"https:\/\/www.miomiorun.com\/fr\/home-page\/"},{"@type":"ListItem","position":2,"name":"Shop","item":"https:\/\/www.miomiorun.com\/shop\/"},{"@type":"ListItem","position":3,"name":"Hiking 80&#8217;s Mid Cut homme"}]},{"@type":"WebSite","@id":"https:\/\/www.miomiorun.com\/fr\/#website","url":"https:\/\/www.miomiorun.com\/fr\/","name":"MioMioRun","description":"Boutique 100% running et trail","publisher":{"@id":"https:\/\/www.miomiorun.com\/fr\/#organization"},"potentialAction":[{"@type":"SearchAction","target":{"@type":"EntryPoint","urlTemplate":"https:\/\/www.miomiorun.com\/fr\/?s={search_term_string}"},"query-input":{"@type":"PropertyValueSpecification","valueRequired":true,"valueName":"search_term_string"}}],"inLanguage":"fr-FR"},{"@type":"Organization","@id":"https:\/\/www.miomiorun.com\/fr\/#organization","name":"MioMio Run","url":"https:\/\/www.miomiorun.com\/fr\/","logo":{"@type":"ImageObject","inLanguage":"fr-FR","@id":"https:\/\/www.miomiorun.com\/fr\/#\/schema\/logo\/image\/","url":"https:\/\/www.miomiorun.com\/app\/uploads\/2019\/12\/logomio.png","contentUrl":"https:\/\/www.miomiorun.com\/app\/uploads\/2019\/12\/logomio.png","width":115,"height":82,"caption":"MioMio Run"},"image":{"@id":"https:\/\/www.miomiorun.com\/fr\/#\/schema\/logo\/image\/"},"sameAs":["https:\/\/www.facebook.com\/miomiorun\/","https:\/\/www.instagram.com\/miomiorun\/"]}]}},"_links":{"self":[{"href":"https:\/\/www.miomiorun.com\/fr\/wp-json\/wp\/v2\/product\/282685","targetHints":{"allow":["GET"]}}],"collection":[{"href":"https:\/\/www.miomiorun.com\/fr\/wp-json\/wp\/v2\/product"}],"about":[{"href":"https:\/\/www.miomiorun.com\/fr\/wp-json\/wp\/v2\/types\/product"}],"wp:featuredmedia":[{"embeddable":true,"href":"https:\/\/www.miomiorun.com\/fr\/wp-json\/wp\/v2\/media\/236060"}],"wp:attachment":[{"href":"https:\/\/www.miomiorun.com\/fr\/wp-json\/wp\/v2\/media?parent=282685"}],"wp:term":[{"taxonomy":"product_brand","embeddable":true,"href":"https:\/\/www.miomiorun.com\/fr\/wp-json\/wp\/v2\/product_brand?post=282685"},{"taxonomy":"product_cat","embeddable":true,"href":"https:\/\/www.miomiorun.com\/fr\/wp-json\/wp\/v2\/product_cat?post=282685"},{"taxonomy":"product_tag","embeddable":true,"href":"https:\/\/www.miomiorun.com\/fr\/wp-json\/wp\/v2\/product_tag?post=282685"}],"curies":[{"name":"wp","href":"https:\/\/api.w.org\/{rel}","templated":true}]}}