{"id":282623,"date":"2022-04-19T18:55:23","date_gmt":"2022-04-19T16:55:23","guid":{"rendered":"https:\/\/miomiorun.com\/prodotto\/leki-neotrail-fx-one-superlite\/"},"modified":"2025-12-28T22:46:20","modified_gmt":"2025-12-28T21:46:20","slug":"leki-neotrail-fx-one-superlite","status":"publish","type":"product","link":"https:\/\/www.miomiorun.com\/fr\/produit\/leki-neotrail-fx-one-superlite\/","title":{"rendered":"Neotrail Fx.One Superlite"},"content":{"rendered":"<p>Le Neotrail FX.One Superlite est votre compagnon ultra-l\u00e9ger pour votre prochaine course de trail running ! Il ne pourrait pas \u00eatre plus l\u00e9ger : le Neotrail FX.One Superlite mesure 120 cm de long et ne p\u00e8se que 131 grammes, ce qui en fait une v\u00e9ritable arme sur les sentiers. Ce b\u00e2ton pliable en carbone stable se distingue par son poids ultra-l\u00e9ger et son mouvement d&#8217;oscillation parfait. La poign\u00e9e Thermo allong\u00e9e avec t\u00eate arrondie permet de nombreuses positions de prise en main et offre ainsi un soutien complet, m\u00eame sur les terrains difficiles. Gr\u00e2ce au m\u00e9canisme Push Button Release, il suffit d&#8217;appuyer sur un bouton pour le replier jusqu&#8217;\u00e0 35 cm. Le Neotrail FX.One Superlite est con\u00e7u pour \u00eatre plus l\u00e9ger et plus rapide.<\/p>\n<div class=\"col-7 col-lg-6 product-highlight-content-container\">\n<div class=\"product-highlight-headline\">\n<h3>Poign\u00e9e<\/h3>\n<\/div>\n<\/div>\n<p>&nbsp;<\/p>\n<p><img loading=\"lazy\" decoding=\"async\" class=\"\" src=\"https:\/\/res.cloudinary.com\/leki-lenhart-gmbh\/iu\/c_fit,h_1050,w_750\/f_auto\/q_auto\/media\/2c\/92\/65\/1643633991\/RTC%20Lite_Icon?_a=AAAH2AI\" width=\"120\" height=\"120\"><\/p>\n<p class=\"product-headline\"><strong>RTC Lite<\/strong><\/p>\n<p>Le RTC est une poign\u00e9e ultra-l\u00e9g\u00e8re pour le trail running. Gr\u00e2ce \u00e0 sa surface d&#8217;appui arrondie et sans ar\u00eates, il offre un confort maximal.<\/p>\n<h3>Lani\u00e8re<\/h3>\n<p><img loading=\"lazy\" decoding=\"async\" class=\"\" src=\"https:\/\/res.cloudinary.com\/leki-lenhart-gmbh\/iu\/c_fit,h_1050,w_750\/f_auto\/q_auto\/media\/e1\/72\/f1\/1643896000\/Lock%20Security%20Strap_Icon?_a=AAAH2AI\" width=\"120\" height=\"120\"><\/p>\n<p class=\"product-headline\"><strong>Lock Security Strap Skin 4.0<\/strong><\/p>\n<p>Sangle r\u00e9glable avec syst\u00e8me de s\u00e9curit\u00e9. Ultra-l\u00e9g\u00e8re et respirante, elle assure un confort maximal.<\/p>\n<h3>Extension de la poign\u00e9e<\/h3>\n<p><img loading=\"lazy\" decoding=\"async\" class=\"\" src=\"https:\/\/res.cloudinary.com\/leki-lenhart-gmbh\/iu\/c_fit,h_1050,w_750\/f_auto\/q_auto\/media\/b3\/g0\/3b\/1648716296\/Grip%20Extension_Icon?_a=AAAH2AI\" width=\"120\" height=\"120\"><\/p>\n<div class=\"col-7 col-lg-6 product-highlight-content-container\">\n<div class=\"product-highlight-headline\">\n<p class=\"product-headline\"><strong>Extension de la poign\u00e9e<\/strong><\/p>\n<\/div>\n<div class=\"product-highlight-content\">\n<p>Extension de la poign\u00e9e pour une prise en main plus confortable sur les terrains escarp\u00e9s ou les talus.<\/p>\n<\/div>\n<\/div>\n<h3>Mat\u00e9riau du tube<\/h3>\n<p><img loading=\"lazy\" decoding=\"async\" class=\"\" src=\"https:\/\/res.cloudinary.com\/leki-lenhart-gmbh\/iu\/c_fit,h_1050,w_750\/f_auto\/q_auto\/media\/cb\/91\/d1\/1642586379\/Material_Icon?_a=AAAH2AI\" width=\"122\" height=\"122\"><\/p>\n<div class=\"col-7 col-lg-6 product-highlight-content-container\">\n<div class=\"product-highlight-headline\">\n<p class=\"product-headline\"><strong>Carbone<\/strong><\/p>\n<\/div>\n<div class=\"product-highlight-content\">\n<p>Carbone HRC (Highest Racing Carbon) Max<\/p>\n<h3>Plaque<\/h3>\n<p><img loading=\"lazy\" decoding=\"async\" class=\"\" src=\"https:\/\/res.cloudinary.com\/leki-lenhart-gmbh\/iu\/c_fit,h_1050,w_750\/f_auto\/q_auto\/media\/30\/f6\/c9\/1645612656\/Trail%20Running%20Teller_Icon?_a=AAAH2AI\" width=\"120\" height=\"120\"><\/p>\n<div class=\"col-7 col-lg-6 product-highlight-content-container\">\n<div class=\"product-highlight-headline\">\n<p class=\"product-headline\"><strong>Plaque Trail Running<\/strong><\/p>\n<\/div>\n<div class=\"product-highlight-content\">\n<p>Plaque minimaliste ultra-l\u00e9g\u00e8re.<\/p>\n<\/div>\n<\/div>\n<\/div>\n<\/div>\n<h3>Syst\u00e8me de pliage<\/h3>\n<p><img loading=\"lazy\" decoding=\"async\" class=\"\" src=\"https:\/\/res.cloudinary.com\/leki-lenhart-gmbh\/iu\/c_fit,h_1050,w_750\/f_auto\/q_auto\/media\/07\/b5\/dc\/1642579033\/PB_Icon?_a=AAAH2AI\" width=\"122\" height=\"122\"><\/p>\n<p class=\"product-headline\"><strong>Push-Button<\/strong><\/p>\n<p>Le syst\u00e8me Push Button permet d&#8217;ouvrir et de fermer rapidement les b\u00e2tons pliables, d&#8217;une simple pression sur un bouton.<\/p>\n<h3>Top<\/h3>\n<p><img loading=\"lazy\" decoding=\"async\" class=\"\" src=\"https:\/\/res.cloudinary.com\/leki-lenhart-gmbh\/iu\/c_fit,h_1050,w_750\/f_auto\/q_auto\/media\/20\/e1\/81\/1637918587\/Trail%20Tip_Icon?_a=AAAH2AI\" width=\"120\" height=\"120\"><\/p>\n<p class=\"product-headline\"><strong>Trail Tip<\/strong><\/p>\n<p>Pointe robuste pour une utilisation pr\u00e9cise du b\u00e2ton et une adh\u00e9rence parfaite sur presque tous les types de terrain.<\/p>\n<h3>Sac de rangement<\/h3>\n<p><img loading=\"lazy\" decoding=\"async\" class=\"\" src=\"https:\/\/res.cloudinary.com\/leki-lenhart-gmbh\/iu\/c_fit,h_1050,w_750\/f_auto\/q_auto\/media\/05\/dd\/d1\/1648716329\/Foldingpole%20Bag_Icon?_a=AAAH2AI\" width=\"119\" height=\"119\"><\/p>\n<p class=\"product-headline\"><strong>Sac pour b\u00e2tons pliables<\/strong><\/p>\n<p>Sac ultra-l\u00e9ger pratique pour ranger les b\u00e2tons pliables.<\/p>\n<h2 class=\"headline-beta\">Toutes les caract\u00e9ristiques<\/h2>\n<table class=\"table product-detail-properties-table\">\n<tbody>\n<tr class=\"properties-row\">\n<th class=\"properties-label\">Activit\u00e9s :<\/th>\n<td class=\"properties-value\">Trail running, trekking<\/td>\n<\/tr>\n<tr class=\"properties-row\">\n<th class=\"properties-label\">Tranche d&#8217;\u00e2ge :<\/th>\n<td class=\"properties-value\">Adultes<\/td>\n<\/tr>\n<tr class=\"properties-row\">\n<th class=\"properties-label\">Genre :<\/th>\n<td class=\"properties-value\">Unisexe<\/td>\n<\/tr>\n<tr class=\"properties-row\">\n<th class=\"properties-label\">Sizerun :<\/th>\n<td class=\"properties-value\">110 &#8211; 135 cm (par paliers de 5 cm)<\/td>\n<\/tr>\n<tr class=\"properties-row\">\n<th class=\"properties-label\">Construction :<\/th>\n<td class=\"properties-value\">Longueur fixe | Pliable<\/td>\n<\/tr>\n<tr class=\"properties-row\">\n<th class=\"properties-label\">Dimensions de l&#8217;emballage :<\/th>\n<td class=\"properties-value\">35 cm<\/td>\n<\/tr>\n<tr class=\"properties-row\">\n<th class=\"properties-label\">Poids :<\/th>\n<td class=\"properties-value\">131 g<\/td>\n<\/tr>\n<tr class=\"properties-row\">\n<th class=\"properties-label\">Segments :<\/th>\n<td class=\"properties-value\">4<\/td>\n<\/tr>\n<tr class=\"properties-row\">\n<th class=\"properties-label\">Diam\u00e8tre :<\/th>\n<td class=\"properties-value\">14|12|12|12 mm<\/td>\n<\/tr>\n<tr class=\"properties-row\">\n<th class=\"properties-label\">G\u00e9om\u00e9trie du tube :<\/th>\n<td class=\"properties-value\">Sans courbure<\/td>\n<\/tr>\n<tr class=\"properties-row\">\n<th class=\"properties-label\">Forme du tube :<\/th>\n<td class=\"properties-value\">Cylindrique<\/td>\n<\/tr>\n<tr class=\"properties-row\">\n<th class=\"properties-label\">Poign\u00e9e :<\/th>\n<td class=\"properties-value\">RTC Lite<\/td>\n<\/tr>\n<tr class=\"properties-row\">\n<th class=\"properties-label\">Sangle :<\/th>\n<td class=\"properties-value\">Lock Security Strap Skin 4.0<\/td>\n<\/tr>\n<tr class=\"properties-row\">\n<th class=\"properties-label\">Extension de la poign\u00e9e :<\/th>\n<td class=\"properties-value\">1K Foam<\/td>\n<\/tr>\n<tr class=\"properties-row\">\n<th class=\"properties-label\">Mat\u00e9riau du tube :<\/th>\n<td class=\"properties-value\">Carbone (HRC max)<\/td>\n<\/tr>\n<tr class=\"properties-row\">\n<th class=\"properties-label\">Partie sup\u00e9rieure du tube :<\/th>\n<td class=\"properties-value\">Carbone<\/td>\n<\/tr>\n<tr class=\"properties-row\">\n<th class=\"properties-label\">Section centrale du tube (1) :<\/th>\n<td class=\"properties-value\">Carbone<\/td>\n<\/tr>\n<tr class=\"properties-row\">\n<th class=\"properties-label\">Section centrale du tube (2) :<\/th>\n<td class=\"properties-value\">Carbone<\/td>\n<\/tr>\n<tr class=\"properties-row\">\n<th class=\"properties-label\">Partie inf\u00e9rieure du tube :<\/th>\n<td class=\"properties-value\">Carbone<\/td>\n<\/tr>\n<tr class=\"properties-row\">\n<th class=\"properties-label\">Syst\u00e8me de pliage :<\/th>\n<td class=\"properties-value\">Push-Button<\/td>\n<\/tr>\n<tr class=\"properties-row\">\n<th class=\"properties-label\">Plaque :<\/th>\n<td class=\"properties-value\">Trail Running Teller<\/td>\n<\/tr>\n<tr class=\"properties-row\">\n<th class=\"properties-label\">Haut :<\/th>\n<td class=\"properties-value\">Trail Running Tip<\/td>\n<\/tr>\n<tr class=\"properties-row\">\n<th class=\"properties-label\">Sac de rangement :<\/th>\n<td class=\"properties-value\">Faltstocktasche<\/td>\n<\/tr>\n<\/tbody>\n<\/table>\n","protected":false},"excerpt":{"rendered":"<p>Le Neotrail FX.One Superlite est votre compagnon ultra-l\u00e9ger pour votre prochaine course de trail running ! Il ne pourrait pas \u00eatre plus l\u00e9ger : le Neotrail FX.One Superlite mesure 120 cm de long et ne p\u00e8se que 131 grammes, ce qui en fait une v\u00e9ritable arme sur les sentiers. Ce b\u00e2ton pliable en carbone stable &hellip; <a href=\"https:\/\/www.miomiorun.com\/fr\/produit\/leki-neotrail-fx-one-superlite\/\">Continued<\/a><\/p>\n","protected":false},"featured_media":236217,"template":"","meta":{"_acf_changed":false,"inline_featured_image":false},"product_brand":[],"product_cat":[22538,22539],"product_tag":[23596],"class_list":{"0":"post-282623","1":"product","2":"type-product","3":"status-publish","4":"has-post-thumbnail","6":"product_cat-accessoires","7":"product_cat-batons","8":"product_tag-leki-fr","9":"pa_attivita-outdoor-fr","10":"pa_attivita-trail-fr","11":"pa_marca-leki-fr","12":"pa_misura-115-cm-fr","13":"pa_misura-120-cm-fr","14":"pa_misura-125-cm-fr","15":"pa_sesso-femme","16":"pa_sesso-homme","18":"first","19":"instock","20":"sale","21":"taxable","22":"shipping-taxable","23":"purchasable","24":"product-type-variable","25":"wvs-archive-product-wrapper"},"acf":[],"yoast_head":"<!-- This site is optimized with the Yoast SEO plugin v26.8 - https:\/\/yoast.com\/product\/yoast-seo-wordpress\/ -->\n<title>Leki Neotrail Fx.One Superlite - b\u00e2ton de course - MioMioRun.com<\/title>\n<meta name=\"description\" content=\"Le Neotrail FX.One Superlite est votre compagnon ultra-l\u00e9ger pour votre prochaine course de trail running ! C&#039;est un b\u00e2ton stable en carbone.\" \/>\n<meta name=\"robots\" content=\"index, follow, max-snippet:-1, max-image-preview:large, max-video-preview:-1\" \/>\n<link rel=\"canonical\" href=\"https:\/\/www.miomiorun.com\/fr\/produit\/leki-neotrail-fx-one-superlite\/\" \/>\n<meta property=\"og:locale\" content=\"fr_FR\" \/>\n<meta property=\"og:type\" content=\"article\" \/>\n<meta property=\"og:title\" content=\"Leki Neotrail Fx.One Superlite - b\u00e2ton de course - MioMioRun.com\" \/>\n<meta property=\"og:description\" content=\"Le Neotrail FX.One Superlite est votre compagnon ultra-l\u00e9ger pour votre prochaine course de trail running ! C&#039;est un b\u00e2ton stable en carbone.\" \/>\n<meta property=\"og:url\" content=\"https:\/\/www.miomiorun.com\/fr\/produit\/leki-neotrail-fx-one-superlite\/\" \/>\n<meta property=\"og:site_name\" content=\"MioMioRun\" \/>\n<meta property=\"article:publisher\" content=\"https:\/\/www.facebook.com\/miomiorun\/\" \/>\n<meta property=\"article:modified_time\" content=\"2025-12-28T21:46:20+00:00\" \/>\n<meta property=\"og:image\" content=\"https:\/\/www.miomiorun.com\/app\/uploads\/2022\/04\/leki-neotrail-FX.one-superlite-65225861.jpg\" \/>\n\t<meta property=\"og:image:width\" content=\"600\" \/>\n\t<meta property=\"og:image:height\" content=\"600\" \/>\n\t<meta property=\"og:image:type\" content=\"image\/jpeg\" \/>\n<meta name=\"twitter:card\" content=\"summary_large_image\" \/>\n<meta name=\"twitter:label1\" content=\"Est. reading time\" \/>\n\t<meta name=\"twitter:data1\" content=\"2 minutes\" \/>\n<script type=\"application\/ld+json\" class=\"yoast-schema-graph\">{\"@context\":\"https:\/\/schema.org\",\"@graph\":[{\"@type\":\"WebPage\",\"@id\":\"https:\/\/www.miomiorun.com\/fr\/produit\/leki-neotrail-fx-one-superlite\/\",\"url\":\"https:\/\/www.miomiorun.com\/fr\/produit\/leki-neotrail-fx-one-superlite\/\",\"name\":\"Leki Neotrail Fx.One Superlite - b\u00e2ton de course - MioMioRun.com\",\"isPartOf\":{\"@id\":\"https:\/\/www.miomiorun.com\/fr\/#website\"},\"primaryImageOfPage\":{\"@id\":\"https:\/\/www.miomiorun.com\/fr\/produit\/leki-neotrail-fx-one-superlite\/#primaryimage\"},\"image\":{\"@id\":\"https:\/\/www.miomiorun.com\/fr\/produit\/leki-neotrail-fx-one-superlite\/#primaryimage\"},\"thumbnailUrl\":\"https:\/\/www.miomiorun.com\/app\/uploads\/2022\/04\/leki-neotrail-FX.one-superlite-65225861.jpg\",\"datePublished\":\"2022-04-19T16:55:23+00:00\",\"dateModified\":\"2025-12-28T21:46:20+00:00\",\"description\":\"Le Neotrail FX.One Superlite est votre compagnon ultra-l\u00e9ger pour votre prochaine course de trail running ! C'est un b\u00e2ton stable en carbone.\",\"breadcrumb\":{\"@id\":\"https:\/\/www.miomiorun.com\/fr\/produit\/leki-neotrail-fx-one-superlite\/#breadcrumb\"},\"inLanguage\":\"fr-FR\",\"potentialAction\":[{\"@type\":\"ReadAction\",\"target\":[\"https:\/\/www.miomiorun.com\/fr\/produit\/leki-neotrail-fx-one-superlite\/\"]}]},{\"@type\":\"ImageObject\",\"inLanguage\":\"fr-FR\",\"@id\":\"https:\/\/www.miomiorun.com\/fr\/produit\/leki-neotrail-fx-one-superlite\/#primaryimage\",\"url\":\"https:\/\/www.miomiorun.com\/app\/uploads\/2022\/04\/leki-neotrail-FX.one-superlite-65225861.jpg\",\"contentUrl\":\"https:\/\/www.miomiorun.com\/app\/uploads\/2022\/04\/leki-neotrail-FX.one-superlite-65225861.jpg\",\"width\":600,\"height\":600,\"caption\":\"leki-neotrail-FX.one-superlite-65225861\"},{\"@type\":\"BreadcrumbList\",\"@id\":\"https:\/\/www.miomiorun.com\/fr\/produit\/leki-neotrail-fx-one-superlite\/#breadcrumb\",\"itemListElement\":[{\"@type\":\"ListItem\",\"position\":1,\"name\":\"Home\",\"item\":\"https:\/\/www.miomiorun.com\/fr\/home-page\/\"},{\"@type\":\"ListItem\",\"position\":2,\"name\":\"Shop\",\"item\":\"https:\/\/www.miomiorun.com\/shop\/\"},{\"@type\":\"ListItem\",\"position\":3,\"name\":\"Neotrail Fx.One Superlite\"}]},{\"@type\":\"WebSite\",\"@id\":\"https:\/\/www.miomiorun.com\/fr\/#website\",\"url\":\"https:\/\/www.miomiorun.com\/fr\/\",\"name\":\"MioMioRun\",\"description\":\"Boutique 100% running et trail\",\"publisher\":{\"@id\":\"https:\/\/www.miomiorun.com\/fr\/#organization\"},\"potentialAction\":[{\"@type\":\"SearchAction\",\"target\":{\"@type\":\"EntryPoint\",\"urlTemplate\":\"https:\/\/www.miomiorun.com\/fr\/?s={search_term_string}\"},\"query-input\":{\"@type\":\"PropertyValueSpecification\",\"valueRequired\":true,\"valueName\":\"search_term_string\"}}],\"inLanguage\":\"fr-FR\"},{\"@type\":\"Organization\",\"@id\":\"https:\/\/www.miomiorun.com\/fr\/#organization\",\"name\":\"MioMio Run\",\"url\":\"https:\/\/www.miomiorun.com\/fr\/\",\"logo\":{\"@type\":\"ImageObject\",\"inLanguage\":\"fr-FR\",\"@id\":\"https:\/\/www.miomiorun.com\/fr\/#\/schema\/logo\/image\/\",\"url\":\"https:\/\/www.miomiorun.com\/app\/uploads\/2019\/12\/logomio.png\",\"contentUrl\":\"https:\/\/www.miomiorun.com\/app\/uploads\/2019\/12\/logomio.png\",\"width\":115,\"height\":82,\"caption\":\"MioMio Run\"},\"image\":{\"@id\":\"https:\/\/www.miomiorun.com\/fr\/#\/schema\/logo\/image\/\"},\"sameAs\":[\"https:\/\/www.facebook.com\/miomiorun\/\",\"https:\/\/www.instagram.com\/miomiorun\/\"]}]}<\/script>\n<!-- \/ Yoast SEO plugin. -->","yoast_head_json":{"title":"Leki Neotrail Fx.One Superlite - b\u00e2ton de course - MioMioRun.com","description":"Le Neotrail FX.One Superlite est votre compagnon ultra-l\u00e9ger pour votre prochaine course de trail running ! C'est un b\u00e2ton stable en carbone.","robots":{"index":"index","follow":"follow","max-snippet":"max-snippet:-1","max-image-preview":"max-image-preview:large","max-video-preview":"max-video-preview:-1"},"canonical":"https:\/\/www.miomiorun.com\/fr\/produit\/leki-neotrail-fx-one-superlite\/","og_locale":"fr_FR","og_type":"article","og_title":"Leki Neotrail Fx.One Superlite - b\u00e2ton de course - MioMioRun.com","og_description":"Le Neotrail FX.One Superlite est votre compagnon ultra-l\u00e9ger pour votre prochaine course de trail running ! C'est un b\u00e2ton stable en carbone.","og_url":"https:\/\/www.miomiorun.com\/fr\/produit\/leki-neotrail-fx-one-superlite\/","og_site_name":"MioMioRun","article_publisher":"https:\/\/www.facebook.com\/miomiorun\/","article_modified_time":"2025-12-28T21:46:20+00:00","og_image":[{"width":600,"height":600,"url":"https:\/\/www.miomiorun.com\/app\/uploads\/2022\/04\/leki-neotrail-FX.one-superlite-65225861.jpg","type":"image\/jpeg"}],"twitter_card":"summary_large_image","twitter_misc":{"Est. reading time":"2 minutes"},"schema":{"@context":"https:\/\/schema.org","@graph":[{"@type":"WebPage","@id":"https:\/\/www.miomiorun.com\/fr\/produit\/leki-neotrail-fx-one-superlite\/","url":"https:\/\/www.miomiorun.com\/fr\/produit\/leki-neotrail-fx-one-superlite\/","name":"Leki Neotrail Fx.One Superlite - b\u00e2ton de course - MioMioRun.com","isPartOf":{"@id":"https:\/\/www.miomiorun.com\/fr\/#website"},"primaryImageOfPage":{"@id":"https:\/\/www.miomiorun.com\/fr\/produit\/leki-neotrail-fx-one-superlite\/#primaryimage"},"image":{"@id":"https:\/\/www.miomiorun.com\/fr\/produit\/leki-neotrail-fx-one-superlite\/#primaryimage"},"thumbnailUrl":"https:\/\/www.miomiorun.com\/app\/uploads\/2022\/04\/leki-neotrail-FX.one-superlite-65225861.jpg","datePublished":"2022-04-19T16:55:23+00:00","dateModified":"2025-12-28T21:46:20+00:00","description":"Le Neotrail FX.One Superlite est votre compagnon ultra-l\u00e9ger pour votre prochaine course de trail running ! C'est un b\u00e2ton stable en carbone.","breadcrumb":{"@id":"https:\/\/www.miomiorun.com\/fr\/produit\/leki-neotrail-fx-one-superlite\/#breadcrumb"},"inLanguage":"fr-FR","potentialAction":[{"@type":"ReadAction","target":["https:\/\/www.miomiorun.com\/fr\/produit\/leki-neotrail-fx-one-superlite\/"]}]},{"@type":"ImageObject","inLanguage":"fr-FR","@id":"https:\/\/www.miomiorun.com\/fr\/produit\/leki-neotrail-fx-one-superlite\/#primaryimage","url":"https:\/\/www.miomiorun.com\/app\/uploads\/2022\/04\/leki-neotrail-FX.one-superlite-65225861.jpg","contentUrl":"https:\/\/www.miomiorun.com\/app\/uploads\/2022\/04\/leki-neotrail-FX.one-superlite-65225861.jpg","width":600,"height":600,"caption":"leki-neotrail-FX.one-superlite-65225861"},{"@type":"BreadcrumbList","@id":"https:\/\/www.miomiorun.com\/fr\/produit\/leki-neotrail-fx-one-superlite\/#breadcrumb","itemListElement":[{"@type":"ListItem","position":1,"name":"Home","item":"https:\/\/www.miomiorun.com\/fr\/home-page\/"},{"@type":"ListItem","position":2,"name":"Shop","item":"https:\/\/www.miomiorun.com\/shop\/"},{"@type":"ListItem","position":3,"name":"Neotrail Fx.One Superlite"}]},{"@type":"WebSite","@id":"https:\/\/www.miomiorun.com\/fr\/#website","url":"https:\/\/www.miomiorun.com\/fr\/","name":"MioMioRun","description":"Boutique 100% running et trail","publisher":{"@id":"https:\/\/www.miomiorun.com\/fr\/#organization"},"potentialAction":[{"@type":"SearchAction","target":{"@type":"EntryPoint","urlTemplate":"https:\/\/www.miomiorun.com\/fr\/?s={search_term_string}"},"query-input":{"@type":"PropertyValueSpecification","valueRequired":true,"valueName":"search_term_string"}}],"inLanguage":"fr-FR"},{"@type":"Organization","@id":"https:\/\/www.miomiorun.com\/fr\/#organization","name":"MioMio Run","url":"https:\/\/www.miomiorun.com\/fr\/","logo":{"@type":"ImageObject","inLanguage":"fr-FR","@id":"https:\/\/www.miomiorun.com\/fr\/#\/schema\/logo\/image\/","url":"https:\/\/www.miomiorun.com\/app\/uploads\/2019\/12\/logomio.png","contentUrl":"https:\/\/www.miomiorun.com\/app\/uploads\/2019\/12\/logomio.png","width":115,"height":82,"caption":"MioMio Run"},"image":{"@id":"https:\/\/www.miomiorun.com\/fr\/#\/schema\/logo\/image\/"},"sameAs":["https:\/\/www.facebook.com\/miomiorun\/","https:\/\/www.instagram.com\/miomiorun\/"]}]}},"_links":{"self":[{"href":"https:\/\/www.miomiorun.com\/fr\/wp-json\/wp\/v2\/product\/282623","targetHints":{"allow":["GET"]}}],"collection":[{"href":"https:\/\/www.miomiorun.com\/fr\/wp-json\/wp\/v2\/product"}],"about":[{"href":"https:\/\/www.miomiorun.com\/fr\/wp-json\/wp\/v2\/types\/product"}],"wp:featuredmedia":[{"embeddable":true,"href":"https:\/\/www.miomiorun.com\/fr\/wp-json\/wp\/v2\/media\/236217"}],"wp:attachment":[{"href":"https:\/\/www.miomiorun.com\/fr\/wp-json\/wp\/v2\/media?parent=282623"}],"wp:term":[{"taxonomy":"product_brand","embeddable":true,"href":"https:\/\/www.miomiorun.com\/fr\/wp-json\/wp\/v2\/product_brand?post=282623"},{"taxonomy":"product_cat","embeddable":true,"href":"https:\/\/www.miomiorun.com\/fr\/wp-json\/wp\/v2\/product_cat?post=282623"},{"taxonomy":"product_tag","embeddable":true,"href":"https:\/\/www.miomiorun.com\/fr\/wp-json\/wp\/v2\/product_tag?post=282623"}],"curies":[{"name":"wp","href":"https:\/\/api.w.org\/{rel}","templated":true}]}}