{"id":282582,"date":"2022-04-22T12:03:24","date_gmt":"2022-04-22T10:03:24","guid":{"rendered":"https:\/\/miomiorun.com\/prodotto\/lurbel-bib-pro\/"},"modified":"2025-09-25T19:26:01","modified_gmt":"2025-09-25T17:26:01","slug":"lurbel-bib-pro","status":"publish","type":"product","link":"https:\/\/www.miomiorun.com\/fr\/produit\/lurbel-bib-pro\/","title":{"rendered":"Bib Pro"},"content":{"rendered":"<p id=\"tw-target-text\" class=\"tw-data-text tw-text-large tw-ta\" dir=\"ltr\" data-placeholder=\"Traduzione\"><span class=\"Y2IQFc\" lang=\"it\">Porte-dossards unisexe. Cet accessoire minimaliste comprend deux fermetures \u00e9lastiques pour maintenir le dossard et deux leviers pour r\u00e9gler les fermetures.<\/span><\/p>\n<p dir=\"ltr\" data-placeholder=\"Traduzione\"><strong>Technologies utilis\u00e9es :<\/strong><\/p>\n<p dir=\"ltr\" data-placeholder=\"Traduzione\"><img decoding=\"async\" class=\"img-responsive\" src=\"https:\/\/www.lurbel.ch\/images\/tecnologias2\/logos\/184_logoIDTneo_recycled.png\" \/><\/p>\n<p>En mati\u00e8re de confort pour les athl\u00e8tes, la gestion de l&#8217;humidit\u00e9 est essentielle.<\/p>\n<p>Nous ne voulons pas \u00eatre une marque comme les autres. Ainsi, en plus d&#8217;offrir aux athl\u00e8tes des performances techniques optimales, nous nous effor\u00e7ons de mettre en \u0153uvre des initiatives et des proc\u00e9dures qui nous permettent d&#8217;\u00eatre plus respectueux de l&#8217;environnement.<br \/>\nC&#8217;est pourquoi la technologie iDT Neo Recycled, en plus d&#8217;\u00eatre associ\u00e9e \u00e0 un polyester \u00e0 section transversale, utilise du polyester recycl\u00e9 dans le fil qui soutient les particules de bambou carbonis\u00e9 ionique.<\/p>\n<p>Augmentation de l&#8217;expansion de l&#8217;humidit\u00e9 et plus grande surface d&#8217;\u00e9vaporation. Gr\u00e2ce \u00e0 ses cinq canaux, sa structure augmente la quantit\u00e9 de sueur \u00e9vacu\u00e9e vers l&#8217;ext\u00e9rieur et la s\u00e8che plus rapidement, maintenant votre corps \u00e0 une temp\u00e9rature optimale.<\/p>\n<p>iDT Neo Recycled int\u00e8gre du polyester provenant de sources recycl\u00e9es.<\/p>\n<p>Le polyester recycl\u00e9 sur lequel reposent les particules ioniques de bambou carbonis\u00e9 est obtenu \u00e0 partir de d\u00e9chets industriels de la cha\u00eene textile, ainsi que de conteneurs en PET s\u00e9lectionn\u00e9s qui sont broy\u00e9s et extrud\u00e9s avant d&#8217;\u00eatre retrait\u00e9s et convertis en nouveaux polym\u00e8res.<\/p>\n<p>Gr\u00e2ce \u00e0 notre processus rigoureux de s\u00e9lection des fournisseurs, notre fournisseur de polyester recycl\u00e9 est une entreprise d&#8217;origine espagnole certifi\u00e9e GRS (Global Recycled Standard). Cette certification garantit que, en plus d&#8217;\u00eatre un fil plus respectueux de l&#8217;environnement, il r\u00e9pond \u00e0 toutes les exigences de performance du polym\u00e8re vierge utilis\u00e9 jusqu&#8217;\u00e0 pr\u00e9sent dans la technologie iDT Neo.<\/p>\n<p><strong>Propri\u00e9t\u00e9s :<\/strong><\/p>\n<ul>\n<li>Thermor\u00e9gulation personnalis\u00e9e : \u00e9vacue davantage d&#8217;humidit\u00e9 vers l&#8217;ext\u00e9rieur et s\u00e8che plus rapidement.<\/li>\n<li>Double barri\u00e8re anti-odeurs : le fil de bambou ionis\u00e9 et une grille en argent agissent ensemble pour emp\u00eacher la prolif\u00e9ration des bact\u00e9ries responsables des mauvaises odeurs.<\/li>\n<li>Thermor\u00e9gulateurs : isolation thermique.<\/li>\n<li>Indice de protection SPF 50+.<\/li>\n<\/ul>\n<p><strong>D\u00e9sormais, les d\u00e9tails font aussi la diff\u00e9rence :<\/strong><\/p>\n<ul>\n<li>Plus naturel et plus doux au toucher :<\/li>\n<\/ul>\n<p>La structure en zigzag permet au mat\u00e9riau de se plier et de s&#8217;\u00e9tirer facilement gr\u00e2ce \u00e0 sa forme particuli\u00e8re qui int\u00e8gre 5 canaux (ce qui se traduit par une texture plus spongieuse et plus douce).<\/p>\n<ul>\n<li>Couleurs plus vives :<\/li>\n<\/ul>\n<p>La surface plus importante du nouveau fil de polyester permet une meilleure absorption des colorants, rehaussant ainsi la couleur du v\u00eatement.<\/p>\n<ul>\n<li>Effet repass\u00e9 :<\/li>\n<\/ul>\n<p>Quel que soit le mouvement que vous effectuez, le tissu iDT neo retrouve sa structure sans difficult\u00e9 d\u00e8s que vous cessez d&#8217;exercer une pression dessus.<\/p>\n","protected":false},"excerpt":{"rendered":"<p>Porte-dossards unisexe. Cet accessoire minimaliste comprend deux fermetures \u00e9lastiques pour maintenir le dossard et deux leviers pour r\u00e9gler les fermetures. Technologies utilis\u00e9es : En mati\u00e8re de confort pour les athl\u00e8tes, la gestion de l&#8217;humidit\u00e9 est essentielle. Nous ne voulons pas \u00eatre une marque comme les autres. Ainsi, en plus d&#8217;offrir aux athl\u00e8tes des performances techniques &hellip; <a href=\"https:\/\/www.miomiorun.com\/fr\/produit\/lurbel-bib-pro\/\">Continued<\/a><\/p>\n","protected":false},"featured_media":236229,"template":"","meta":{"_acf_changed":false,"inline_featured_image":false},"product_brand":[],"product_cat":[22586,22538],"product_tag":[23552,23628,23612],"class_list":{"0":"post-282582","1":"product","2":"type-product","3":"status-publish","4":"has-post-thumbnail","6":"product_cat-divers","7":"product_cat-accessoires","8":"product_tag-lurbel-fr","9":"product_tag-lurbel-femme","10":"product_tag-lurbel-homme","11":"pa_attivita-running-fr","12":"pa_marca-lurbel-fr","13":"pa_sesso-femme","14":"pa_sesso-homme","15":"pa_size-medium-fr","16":"pa_size-large-fr","18":"first","19":"instock","20":"sale","21":"taxable","22":"shipping-taxable","23":"purchasable","24":"product-type-variable","25":"wvs-archive-product-wrapper"},"acf":[],"yoast_head":"<!-- This site is optimized with the Yoast SEO plugin v26.8 - https:\/\/yoast.com\/product\/yoast-seo-wordpress\/ -->\n<title>Lurbel Bib Pro - Porte-baudrier- MioMioRun<\/title>\n<meta name=\"description\" content=\"Porte-dossards unisexe. Cet accessoire minimaliste comprend deux fermetures \u00e9lastiques pour maintenir le dossard .\" \/>\n<meta name=\"robots\" content=\"index, follow, max-snippet:-1, max-image-preview:large, max-video-preview:-1\" \/>\n<link rel=\"canonical\" href=\"https:\/\/www.miomiorun.com\/fr\/produit\/lurbel-bib-pro\/\" \/>\n<meta property=\"og:locale\" content=\"fr_FR\" \/>\n<meta property=\"og:type\" content=\"article\" \/>\n<meta property=\"og:title\" content=\"Lurbel Bib Pro - Porte-baudrier- MioMioRun\" \/>\n<meta property=\"og:description\" content=\"Porte-dossards unisexe. Cet accessoire minimaliste comprend deux fermetures \u00e9lastiques pour maintenir le dossard .\" \/>\n<meta property=\"og:url\" content=\"https:\/\/www.miomiorun.com\/fr\/produit\/lurbel-bib-pro\/\" \/>\n<meta property=\"og:site_name\" content=\"MioMioRun\" \/>\n<meta property=\"article:publisher\" content=\"https:\/\/www.facebook.com\/miomiorun\/\" \/>\n<meta property=\"article:modified_time\" content=\"2025-09-25T17:26:01+00:00\" \/>\n<meta property=\"og:image\" content=\"https:\/\/www.miomiorun.com\/app\/uploads\/2022\/04\/lurbel-bib-pro-00A7.729U.0000.jpg\" \/>\n\t<meta property=\"og:image:width\" content=\"600\" \/>\n\t<meta property=\"og:image:height\" content=\"600\" \/>\n\t<meta property=\"og:image:type\" content=\"image\/jpeg\" \/>\n<meta name=\"twitter:card\" content=\"summary_large_image\" \/>\n<meta name=\"twitter:label1\" content=\"Est. reading time\" \/>\n\t<meta name=\"twitter:data1\" content=\"2 minutes\" \/>\n<script type=\"application\/ld+json\" class=\"yoast-schema-graph\">{\"@context\":\"https:\/\/schema.org\",\"@graph\":[{\"@type\":\"WebPage\",\"@id\":\"https:\/\/www.miomiorun.com\/fr\/produit\/lurbel-bib-pro\/\",\"url\":\"https:\/\/www.miomiorun.com\/fr\/produit\/lurbel-bib-pro\/\",\"name\":\"Lurbel Bib Pro - Porte-baudrier- MioMioRun\",\"isPartOf\":{\"@id\":\"https:\/\/www.miomiorun.com\/fr\/#website\"},\"primaryImageOfPage\":{\"@id\":\"https:\/\/www.miomiorun.com\/fr\/produit\/lurbel-bib-pro\/#primaryimage\"},\"image\":{\"@id\":\"https:\/\/www.miomiorun.com\/fr\/produit\/lurbel-bib-pro\/#primaryimage\"},\"thumbnailUrl\":\"https:\/\/www.miomiorun.com\/app\/uploads\/2022\/04\/lurbel-bib-pro-00A7.729U.0000.jpg\",\"datePublished\":\"2022-04-22T10:03:24+00:00\",\"dateModified\":\"2025-09-25T17:26:01+00:00\",\"description\":\"Porte-dossards unisexe. Cet accessoire minimaliste comprend deux fermetures \u00e9lastiques pour maintenir le dossard .\",\"breadcrumb\":{\"@id\":\"https:\/\/www.miomiorun.com\/fr\/produit\/lurbel-bib-pro\/#breadcrumb\"},\"inLanguage\":\"fr-FR\",\"potentialAction\":[{\"@type\":\"ReadAction\",\"target\":[\"https:\/\/www.miomiorun.com\/fr\/produit\/lurbel-bib-pro\/\"]}]},{\"@type\":\"ImageObject\",\"inLanguage\":\"fr-FR\",\"@id\":\"https:\/\/www.miomiorun.com\/fr\/produit\/lurbel-bib-pro\/#primaryimage\",\"url\":\"https:\/\/www.miomiorun.com\/app\/uploads\/2022\/04\/lurbel-bib-pro-00A7.729U.0000.jpg\",\"contentUrl\":\"https:\/\/www.miomiorun.com\/app\/uploads\/2022\/04\/lurbel-bib-pro-00A7.729U.0000.jpg\",\"width\":600,\"height\":600,\"caption\":\"lurbel-bib-pro-00A7.729U.0000\"},{\"@type\":\"BreadcrumbList\",\"@id\":\"https:\/\/www.miomiorun.com\/fr\/produit\/lurbel-bib-pro\/#breadcrumb\",\"itemListElement\":[{\"@type\":\"ListItem\",\"position\":1,\"name\":\"Home\",\"item\":\"https:\/\/www.miomiorun.com\/fr\/home-page\/\"},{\"@type\":\"ListItem\",\"position\":2,\"name\":\"Shop\",\"item\":\"https:\/\/www.miomiorun.com\/shop\/\"},{\"@type\":\"ListItem\",\"position\":3,\"name\":\"Bib Pro\"}]},{\"@type\":\"WebSite\",\"@id\":\"https:\/\/www.miomiorun.com\/fr\/#website\",\"url\":\"https:\/\/www.miomiorun.com\/fr\/\",\"name\":\"MioMioRun\",\"description\":\"Boutique 100% running et trail\",\"publisher\":{\"@id\":\"https:\/\/www.miomiorun.com\/fr\/#organization\"},\"potentialAction\":[{\"@type\":\"SearchAction\",\"target\":{\"@type\":\"EntryPoint\",\"urlTemplate\":\"https:\/\/www.miomiorun.com\/fr\/?s={search_term_string}\"},\"query-input\":{\"@type\":\"PropertyValueSpecification\",\"valueRequired\":true,\"valueName\":\"search_term_string\"}}],\"inLanguage\":\"fr-FR\"},{\"@type\":\"Organization\",\"@id\":\"https:\/\/www.miomiorun.com\/fr\/#organization\",\"name\":\"MioMio Run\",\"url\":\"https:\/\/www.miomiorun.com\/fr\/\",\"logo\":{\"@type\":\"ImageObject\",\"inLanguage\":\"fr-FR\",\"@id\":\"https:\/\/www.miomiorun.com\/fr\/#\/schema\/logo\/image\/\",\"url\":\"https:\/\/www.miomiorun.com\/app\/uploads\/2019\/12\/logomio.png\",\"contentUrl\":\"https:\/\/www.miomiorun.com\/app\/uploads\/2019\/12\/logomio.png\",\"width\":115,\"height\":82,\"caption\":\"MioMio Run\"},\"image\":{\"@id\":\"https:\/\/www.miomiorun.com\/fr\/#\/schema\/logo\/image\/\"},\"sameAs\":[\"https:\/\/www.facebook.com\/miomiorun\/\",\"https:\/\/www.instagram.com\/miomiorun\/\"]}]}<\/script>\n<!-- \/ Yoast SEO plugin. -->","yoast_head_json":{"title":"Lurbel Bib Pro - Porte-baudrier- MioMioRun","description":"Porte-dossards unisexe. Cet accessoire minimaliste comprend deux fermetures \u00e9lastiques pour maintenir le dossard .","robots":{"index":"index","follow":"follow","max-snippet":"max-snippet:-1","max-image-preview":"max-image-preview:large","max-video-preview":"max-video-preview:-1"},"canonical":"https:\/\/www.miomiorun.com\/fr\/produit\/lurbel-bib-pro\/","og_locale":"fr_FR","og_type":"article","og_title":"Lurbel Bib Pro - Porte-baudrier- MioMioRun","og_description":"Porte-dossards unisexe. Cet accessoire minimaliste comprend deux fermetures \u00e9lastiques pour maintenir le dossard .","og_url":"https:\/\/www.miomiorun.com\/fr\/produit\/lurbel-bib-pro\/","og_site_name":"MioMioRun","article_publisher":"https:\/\/www.facebook.com\/miomiorun\/","article_modified_time":"2025-09-25T17:26:01+00:00","og_image":[{"width":600,"height":600,"url":"https:\/\/www.miomiorun.com\/app\/uploads\/2022\/04\/lurbel-bib-pro-00A7.729U.0000.jpg","type":"image\/jpeg"}],"twitter_card":"summary_large_image","twitter_misc":{"Est. reading time":"2 minutes"},"schema":{"@context":"https:\/\/schema.org","@graph":[{"@type":"WebPage","@id":"https:\/\/www.miomiorun.com\/fr\/produit\/lurbel-bib-pro\/","url":"https:\/\/www.miomiorun.com\/fr\/produit\/lurbel-bib-pro\/","name":"Lurbel Bib Pro - Porte-baudrier- MioMioRun","isPartOf":{"@id":"https:\/\/www.miomiorun.com\/fr\/#website"},"primaryImageOfPage":{"@id":"https:\/\/www.miomiorun.com\/fr\/produit\/lurbel-bib-pro\/#primaryimage"},"image":{"@id":"https:\/\/www.miomiorun.com\/fr\/produit\/lurbel-bib-pro\/#primaryimage"},"thumbnailUrl":"https:\/\/www.miomiorun.com\/app\/uploads\/2022\/04\/lurbel-bib-pro-00A7.729U.0000.jpg","datePublished":"2022-04-22T10:03:24+00:00","dateModified":"2025-09-25T17:26:01+00:00","description":"Porte-dossards unisexe. Cet accessoire minimaliste comprend deux fermetures \u00e9lastiques pour maintenir le dossard .","breadcrumb":{"@id":"https:\/\/www.miomiorun.com\/fr\/produit\/lurbel-bib-pro\/#breadcrumb"},"inLanguage":"fr-FR","potentialAction":[{"@type":"ReadAction","target":["https:\/\/www.miomiorun.com\/fr\/produit\/lurbel-bib-pro\/"]}]},{"@type":"ImageObject","inLanguage":"fr-FR","@id":"https:\/\/www.miomiorun.com\/fr\/produit\/lurbel-bib-pro\/#primaryimage","url":"https:\/\/www.miomiorun.com\/app\/uploads\/2022\/04\/lurbel-bib-pro-00A7.729U.0000.jpg","contentUrl":"https:\/\/www.miomiorun.com\/app\/uploads\/2022\/04\/lurbel-bib-pro-00A7.729U.0000.jpg","width":600,"height":600,"caption":"lurbel-bib-pro-00A7.729U.0000"},{"@type":"BreadcrumbList","@id":"https:\/\/www.miomiorun.com\/fr\/produit\/lurbel-bib-pro\/#breadcrumb","itemListElement":[{"@type":"ListItem","position":1,"name":"Home","item":"https:\/\/www.miomiorun.com\/fr\/home-page\/"},{"@type":"ListItem","position":2,"name":"Shop","item":"https:\/\/www.miomiorun.com\/shop\/"},{"@type":"ListItem","position":3,"name":"Bib Pro"}]},{"@type":"WebSite","@id":"https:\/\/www.miomiorun.com\/fr\/#website","url":"https:\/\/www.miomiorun.com\/fr\/","name":"MioMioRun","description":"Boutique 100% running et trail","publisher":{"@id":"https:\/\/www.miomiorun.com\/fr\/#organization"},"potentialAction":[{"@type":"SearchAction","target":{"@type":"EntryPoint","urlTemplate":"https:\/\/www.miomiorun.com\/fr\/?s={search_term_string}"},"query-input":{"@type":"PropertyValueSpecification","valueRequired":true,"valueName":"search_term_string"}}],"inLanguage":"fr-FR"},{"@type":"Organization","@id":"https:\/\/www.miomiorun.com\/fr\/#organization","name":"MioMio Run","url":"https:\/\/www.miomiorun.com\/fr\/","logo":{"@type":"ImageObject","inLanguage":"fr-FR","@id":"https:\/\/www.miomiorun.com\/fr\/#\/schema\/logo\/image\/","url":"https:\/\/www.miomiorun.com\/app\/uploads\/2019\/12\/logomio.png","contentUrl":"https:\/\/www.miomiorun.com\/app\/uploads\/2019\/12\/logomio.png","width":115,"height":82,"caption":"MioMio Run"},"image":{"@id":"https:\/\/www.miomiorun.com\/fr\/#\/schema\/logo\/image\/"},"sameAs":["https:\/\/www.facebook.com\/miomiorun\/","https:\/\/www.instagram.com\/miomiorun\/"]}]}},"_links":{"self":[{"href":"https:\/\/www.miomiorun.com\/fr\/wp-json\/wp\/v2\/product\/282582","targetHints":{"allow":["GET"]}}],"collection":[{"href":"https:\/\/www.miomiorun.com\/fr\/wp-json\/wp\/v2\/product"}],"about":[{"href":"https:\/\/www.miomiorun.com\/fr\/wp-json\/wp\/v2\/types\/product"}],"wp:featuredmedia":[{"embeddable":true,"href":"https:\/\/www.miomiorun.com\/fr\/wp-json\/wp\/v2\/media\/236229"}],"wp:attachment":[{"href":"https:\/\/www.miomiorun.com\/fr\/wp-json\/wp\/v2\/media?parent=282582"}],"wp:term":[{"taxonomy":"product_brand","embeddable":true,"href":"https:\/\/www.miomiorun.com\/fr\/wp-json\/wp\/v2\/product_brand?post=282582"},{"taxonomy":"product_cat","embeddable":true,"href":"https:\/\/www.miomiorun.com\/fr\/wp-json\/wp\/v2\/product_cat?post=282582"},{"taxonomy":"product_tag","embeddable":true,"href":"https:\/\/www.miomiorun.com\/fr\/wp-json\/wp\/v2\/product_tag?post=282582"}],"curies":[{"name":"wp","href":"https:\/\/api.w.org\/{rel}","templated":true}]}}