{"id":282581,"date":"2022-04-26T16:45:56","date_gmt":"2022-04-26T14:45:56","guid":{"rendered":"https:\/\/miomiorun.com\/prodotto\/falke-ru4-short-goon-donna\/"},"modified":"2025-09-25T19:29:56","modified_gmt":"2025-09-25T17:29:56","slug":"falke-ru4-short-goon-femme","status":"publish","type":"product","link":"https:\/\/www.miomiorun.com\/fr\/produit\/falke-ru4-short-goon-femme\/","title":{"rendered":"Ru4 Short GoOn femme"},"content":{"rendered":"<p>Gr\u00e2ce \u00e0 son rembourrage moyen, la <strong>RU4<\/strong> <strong>Short GoOn<\/strong> pour femmes est notre chaussette polyvalente qui offre une protection ad\u00e9quate avec un amorti moyen et un bon contact avec la chaussure. Le rembourrage prot\u00e8ge \u00e9galement contre les ampoules en r\u00e9duisant les points de pression. Le transport efficace de l&#8217;humidit\u00e9 et l&#8217;ajustement parfait garantissent des moments de jogging agr\u00e9ables. Le revers dynamique multicolore conf\u00e8re \u00e0 la chaussette un look sportif tr\u00e8s attrayant.<\/p>\n<p><strong>Caract\u00e9ristiques :<\/strong><\/p>\n<div class=\"product-section product-detailed-page__section product-detailed-page__section--details\">\n<div>\n<div>\n<div class=\"product-section__content\">\n<div class=\"product-features\">\n<ul class=\"product-features__list\">\n<li class=\"product-features__item\">La chaussette de course polyvalente avec rembourrage moyen pour une protection ad\u00e9quate et une transmission directe de l&#8217;\u00e9nergie<\/li>\n<li class=\"product-features__item\">Amorti moyen et bon contact avec la chaussure<\/li>\n<li class=\"product-features__item\">Transport de l&#8217;humidit\u00e9 et s\u00e9chage plus rapide gr\u00e2ce \u00e0 la structure \u00e0 trois couches avec coton<\/li>\n<li class=\"product-features__item\">Protection contre les ampoules gr\u00e2ce \u00e0 la r\u00e9duction des zones de pression<\/li>\n<li class=\"product-features__item\">Ajustement parfait gr\u00e2ce au rembourrage des deux c\u00f4t\u00e9s et \u00e0 la forme des orteils<\/li>\n<\/ul>\n<\/div>\n<\/div>\n<\/div>\n<\/div>\n<\/div>\n<div class=\"product-section product-detailed-page__section product-detailed-page__section--description\">\n<div>\n<div>\n<div class=\"product-section__content\">\n<div class=\"product-description\"><\/div>\n<\/div>\n<\/div>\n<\/div>\n<\/div>\n<p>&nbsp;<\/p>\n<table style=\"border-collapse: collapse;width: 100%\">\n<tbody>\n<tr>\n<td style=\"width: 33.3333%;text-align: center\">\n<div class=\"product-functional-symbols__image-container\"><img decoding=\"async\" class=\"product-functional-symbols__image aligncenter\" src=\"https:\/\/www.falke.com\/it_it\/9dd393d722265eb755772abd698b837041098075\/assets\/base\/staticImages\/functionalsymbols\/icon_feuchtigkeitsregulierend.svg\" \/><\/div>\n<div class=\"product-functional-symbols__name\" style=\"text-align: center\">R\u00e9gule l&#8217;humidit\u00e9<\/div>\n<\/td>\n<td style=\"width: 33.3333%;text-align: center\">\n<div class=\"product-functional-symbols__image-container\"><img decoding=\"async\" class=\"product-functional-symbols__image aligncenter\" src=\"https:\/\/www.falke.com\/it_it\/9dd393d722265eb755772abd698b837041098075\/assets\/base\/staticImages\/functionalsymbols\/icon_schnellste_ruecktrocknung.svg\" \/><\/div>\n<div class=\"product-functional-symbols__name\" style=\"text-align: center\">S\u00e9chage plus rapide<\/div>\n<\/td>\n<td style=\"width: 33.3333%;text-align: center\"><img decoding=\"async\" class=\"product-functional-symbols__image aligncenter\" src=\"https:\/\/www.falke.com\/it_it\/c5c163f4c436a6d5cac26cfd6ed02ad465473f2a\/assets\/base\/staticImages\/functionalsymbols\/icon_daempfende-wirkung.svg\" \/><\/p>\n<p style=\"text-align: center\">Effet amortissant<\/p>\n<\/td>\n<\/tr>\n<\/tbody>\n<\/table>\n<p>&nbsp;<\/p>\n<p><strong>Mat\u00e9riau :<\/strong> 51 % polypropyl\u00e8ne, 25 % polyamide, 24 % coton<\/p>\n<p><strong>Longueur de la tige<\/strong> : \u00c0 la cheville<\/p>\n<p><strong>Rembourrage<\/strong> : Moyen-\u00e9pais<\/p>\n<p><strong>Coupe<\/strong> : Anatomique<\/p>\n<p><strong>Semelle<\/strong> : Normale<\/p>\n<p><strong>Look<\/strong> : Sportif<\/p>\n","protected":false},"excerpt":{"rendered":"<p>Gr\u00e2ce \u00e0 son rembourrage moyen, la RU4 Short GoOn pour femmes est notre chaussette polyvalente qui offre une protection ad\u00e9quate avec un amorti moyen et un bon contact avec la chaussure. Le rembourrage prot\u00e8ge \u00e9galement contre les ampoules en r\u00e9duisant les points de pression. Le transport efficace de l&#8217;humidit\u00e9 et l&#8217;ajustement parfait garantissent des moments &hellip; <a href=\"https:\/\/www.miomiorun.com\/fr\/produit\/falke-ru4-short-goon-femme\/\">Continued<\/a><\/p>\n","protected":false},"featured_media":236309,"template":"","meta":{"_acf_changed":false,"inline_featured_image":false},"product_brand":[],"product_cat":[22597,22596,22595],"product_tag":[23482,23493],"class_list":{"0":"post-282581","1":"product","2":"type-product","3":"status-publish","4":"has-post-thumbnail","6":"product_cat-chaussettes","7":"product_cat-vetements-pour-femmes","8":"product_cat-femme","9":"product_tag-falke-fr","10":"product_tag-falke-femme","11":"pa_attivita-fitness-fr","12":"pa_attivita-marcher","13":"pa_attivita-running-fr","14":"pa_colore-ru4-short-goon-w-rose-fr","15":"pa_colore-ru4-short-goon-w-white-fr","16":"pa_marca-falke-fr","17":"pa_sesso-femme","18":"pa_size-37-38-fr","19":"pa_size-39-40-fr","20":"pa_size-41-42-fr","22":"first","23":"instock","24":"sale","25":"taxable","26":"shipping-taxable","27":"purchasable","28":"product-type-variable","29":"wvs-archive-product-wrapper"},"acf":[],"yoast_head":"<!-- This site is optimized with the Yoast SEO plugin v26.8 - https:\/\/yoast.com\/product\/yoast-seo-wordpress\/ -->\n<title>Falke Ru4 Short GoOn femme - chaussettes de course - MioMioRun<\/title>\n<meta name=\"description\" content=\"Gr\u00e2ce \u00e0 son rembourrage moyen, la chaussette RU4 Short GoOn pour femmes est notre chaussette polyvalente qui garantit une protection ad\u00e9quate.\" \/>\n<meta name=\"robots\" content=\"index, follow, max-snippet:-1, max-image-preview:large, max-video-preview:-1\" \/>\n<link rel=\"canonical\" href=\"https:\/\/www.miomiorun.com\/fr\/produit\/falke-ru4-short-goon-femme\/\" \/>\n<meta property=\"og:locale\" content=\"fr_FR\" \/>\n<meta property=\"og:type\" content=\"article\" \/>\n<meta property=\"og:title\" content=\"Falke Ru4 Short GoOn femme - chaussettes de course - MioMioRun\" \/>\n<meta property=\"og:description\" content=\"Gr\u00e2ce \u00e0 son rembourrage moyen, la chaussette RU4 Short GoOn pour femmes est notre chaussette polyvalente qui garantit une protection ad\u00e9quate.\" \/>\n<meta property=\"og:url\" content=\"https:\/\/www.miomiorun.com\/fr\/produit\/falke-ru4-short-goon-femme\/\" \/>\n<meta property=\"og:site_name\" content=\"MioMioRun\" \/>\n<meta property=\"article:publisher\" content=\"https:\/\/www.facebook.com\/miomiorun\/\" \/>\n<meta property=\"article:modified_time\" content=\"2025-09-25T17:29:56+00:00\" \/>\n<meta property=\"og:image\" content=\"https:\/\/www.miomiorun.com\/app\/uploads\/2022\/05\/falke-ru4-short-goon-W-rose-16734-8564.jpg\" \/>\n\t<meta property=\"og:image:width\" content=\"600\" \/>\n\t<meta property=\"og:image:height\" content=\"600\" \/>\n\t<meta property=\"og:image:type\" content=\"image\/jpeg\" \/>\n<meta name=\"twitter:card\" content=\"summary_large_image\" \/>\n<meta name=\"twitter:label1\" content=\"Est. reading time\" \/>\n\t<meta name=\"twitter:data1\" content=\"1 minute\" \/>\n<script type=\"application\/ld+json\" class=\"yoast-schema-graph\">{\"@context\":\"https:\/\/schema.org\",\"@graph\":[{\"@type\":\"WebPage\",\"@id\":\"https:\/\/www.miomiorun.com\/fr\/produit\/falke-ru4-short-goon-femme\/\",\"url\":\"https:\/\/www.miomiorun.com\/fr\/produit\/falke-ru4-short-goon-femme\/\",\"name\":\"Falke Ru4 Short GoOn femme - chaussettes de course - MioMioRun\",\"isPartOf\":{\"@id\":\"https:\/\/www.miomiorun.com\/fr\/#website\"},\"primaryImageOfPage\":{\"@id\":\"https:\/\/www.miomiorun.com\/fr\/produit\/falke-ru4-short-goon-femme\/#primaryimage\"},\"image\":{\"@id\":\"https:\/\/www.miomiorun.com\/fr\/produit\/falke-ru4-short-goon-femme\/#primaryimage\"},\"thumbnailUrl\":\"https:\/\/www.miomiorun.com\/app\/uploads\/2022\/05\/falke-ru4-short-goon-W-rose-16734-8564.jpg\",\"datePublished\":\"2022-04-26T14:45:56+00:00\",\"dateModified\":\"2025-09-25T17:29:56+00:00\",\"description\":\"Gr\u00e2ce \u00e0 son rembourrage moyen, la chaussette RU4 Short GoOn pour femmes est notre chaussette polyvalente qui garantit une protection ad\u00e9quate.\",\"breadcrumb\":{\"@id\":\"https:\/\/www.miomiorun.com\/fr\/produit\/falke-ru4-short-goon-femme\/#breadcrumb\"},\"inLanguage\":\"fr-FR\",\"potentialAction\":[{\"@type\":\"ReadAction\",\"target\":[\"https:\/\/www.miomiorun.com\/fr\/produit\/falke-ru4-short-goon-femme\/\"]}]},{\"@type\":\"ImageObject\",\"inLanguage\":\"fr-FR\",\"@id\":\"https:\/\/www.miomiorun.com\/fr\/produit\/falke-ru4-short-goon-femme\/#primaryimage\",\"url\":\"https:\/\/www.miomiorun.com\/app\/uploads\/2022\/05\/falke-ru4-short-goon-W-rose-16734-8564.jpg\",\"contentUrl\":\"https:\/\/www.miomiorun.com\/app\/uploads\/2022\/05\/falke-ru4-short-goon-W-rose-16734-8564.jpg\",\"width\":600,\"height\":600,\"caption\":\"falke-ru4-short-goon-W-rose-16734-8564\"},{\"@type\":\"BreadcrumbList\",\"@id\":\"https:\/\/www.miomiorun.com\/fr\/produit\/falke-ru4-short-goon-femme\/#breadcrumb\",\"itemListElement\":[{\"@type\":\"ListItem\",\"position\":1,\"name\":\"Home\",\"item\":\"https:\/\/www.miomiorun.com\/fr\/home-page\/\"},{\"@type\":\"ListItem\",\"position\":2,\"name\":\"Shop\",\"item\":\"https:\/\/www.miomiorun.com\/shop\/\"},{\"@type\":\"ListItem\",\"position\":3,\"name\":\"Ru4 Short GoOn femme\"}]},{\"@type\":\"WebSite\",\"@id\":\"https:\/\/www.miomiorun.com\/fr\/#website\",\"url\":\"https:\/\/www.miomiorun.com\/fr\/\",\"name\":\"MioMioRun\",\"description\":\"Boutique 100% running et trail\",\"publisher\":{\"@id\":\"https:\/\/www.miomiorun.com\/fr\/#organization\"},\"potentialAction\":[{\"@type\":\"SearchAction\",\"target\":{\"@type\":\"EntryPoint\",\"urlTemplate\":\"https:\/\/www.miomiorun.com\/fr\/?s={search_term_string}\"},\"query-input\":{\"@type\":\"PropertyValueSpecification\",\"valueRequired\":true,\"valueName\":\"search_term_string\"}}],\"inLanguage\":\"fr-FR\"},{\"@type\":\"Organization\",\"@id\":\"https:\/\/www.miomiorun.com\/fr\/#organization\",\"name\":\"MioMio Run\",\"url\":\"https:\/\/www.miomiorun.com\/fr\/\",\"logo\":{\"@type\":\"ImageObject\",\"inLanguage\":\"fr-FR\",\"@id\":\"https:\/\/www.miomiorun.com\/fr\/#\/schema\/logo\/image\/\",\"url\":\"https:\/\/www.miomiorun.com\/app\/uploads\/2019\/12\/logomio.png\",\"contentUrl\":\"https:\/\/www.miomiorun.com\/app\/uploads\/2019\/12\/logomio.png\",\"width\":115,\"height\":82,\"caption\":\"MioMio Run\"},\"image\":{\"@id\":\"https:\/\/www.miomiorun.com\/fr\/#\/schema\/logo\/image\/\"},\"sameAs\":[\"https:\/\/www.facebook.com\/miomiorun\/\",\"https:\/\/www.instagram.com\/miomiorun\/\"]}]}<\/script>\n<!-- \/ Yoast SEO plugin. -->","yoast_head_json":{"title":"Falke Ru4 Short GoOn femme - chaussettes de course - MioMioRun","description":"Gr\u00e2ce \u00e0 son rembourrage moyen, la chaussette RU4 Short GoOn pour femmes est notre chaussette polyvalente qui garantit une protection ad\u00e9quate.","robots":{"index":"index","follow":"follow","max-snippet":"max-snippet:-1","max-image-preview":"max-image-preview:large","max-video-preview":"max-video-preview:-1"},"canonical":"https:\/\/www.miomiorun.com\/fr\/produit\/falke-ru4-short-goon-femme\/","og_locale":"fr_FR","og_type":"article","og_title":"Falke Ru4 Short GoOn femme - chaussettes de course - MioMioRun","og_description":"Gr\u00e2ce \u00e0 son rembourrage moyen, la chaussette RU4 Short GoOn pour femmes est notre chaussette polyvalente qui garantit une protection ad\u00e9quate.","og_url":"https:\/\/www.miomiorun.com\/fr\/produit\/falke-ru4-short-goon-femme\/","og_site_name":"MioMioRun","article_publisher":"https:\/\/www.facebook.com\/miomiorun\/","article_modified_time":"2025-09-25T17:29:56+00:00","og_image":[{"width":600,"height":600,"url":"https:\/\/www.miomiorun.com\/app\/uploads\/2022\/05\/falke-ru4-short-goon-W-rose-16734-8564.jpg","type":"image\/jpeg"}],"twitter_card":"summary_large_image","twitter_misc":{"Est. reading time":"1 minute"},"schema":{"@context":"https:\/\/schema.org","@graph":[{"@type":"WebPage","@id":"https:\/\/www.miomiorun.com\/fr\/produit\/falke-ru4-short-goon-femme\/","url":"https:\/\/www.miomiorun.com\/fr\/produit\/falke-ru4-short-goon-femme\/","name":"Falke Ru4 Short GoOn femme - chaussettes de course - MioMioRun","isPartOf":{"@id":"https:\/\/www.miomiorun.com\/fr\/#website"},"primaryImageOfPage":{"@id":"https:\/\/www.miomiorun.com\/fr\/produit\/falke-ru4-short-goon-femme\/#primaryimage"},"image":{"@id":"https:\/\/www.miomiorun.com\/fr\/produit\/falke-ru4-short-goon-femme\/#primaryimage"},"thumbnailUrl":"https:\/\/www.miomiorun.com\/app\/uploads\/2022\/05\/falke-ru4-short-goon-W-rose-16734-8564.jpg","datePublished":"2022-04-26T14:45:56+00:00","dateModified":"2025-09-25T17:29:56+00:00","description":"Gr\u00e2ce \u00e0 son rembourrage moyen, la chaussette RU4 Short GoOn pour femmes est notre chaussette polyvalente qui garantit une protection ad\u00e9quate.","breadcrumb":{"@id":"https:\/\/www.miomiorun.com\/fr\/produit\/falke-ru4-short-goon-femme\/#breadcrumb"},"inLanguage":"fr-FR","potentialAction":[{"@type":"ReadAction","target":["https:\/\/www.miomiorun.com\/fr\/produit\/falke-ru4-short-goon-femme\/"]}]},{"@type":"ImageObject","inLanguage":"fr-FR","@id":"https:\/\/www.miomiorun.com\/fr\/produit\/falke-ru4-short-goon-femme\/#primaryimage","url":"https:\/\/www.miomiorun.com\/app\/uploads\/2022\/05\/falke-ru4-short-goon-W-rose-16734-8564.jpg","contentUrl":"https:\/\/www.miomiorun.com\/app\/uploads\/2022\/05\/falke-ru4-short-goon-W-rose-16734-8564.jpg","width":600,"height":600,"caption":"falke-ru4-short-goon-W-rose-16734-8564"},{"@type":"BreadcrumbList","@id":"https:\/\/www.miomiorun.com\/fr\/produit\/falke-ru4-short-goon-femme\/#breadcrumb","itemListElement":[{"@type":"ListItem","position":1,"name":"Home","item":"https:\/\/www.miomiorun.com\/fr\/home-page\/"},{"@type":"ListItem","position":2,"name":"Shop","item":"https:\/\/www.miomiorun.com\/shop\/"},{"@type":"ListItem","position":3,"name":"Ru4 Short GoOn femme"}]},{"@type":"WebSite","@id":"https:\/\/www.miomiorun.com\/fr\/#website","url":"https:\/\/www.miomiorun.com\/fr\/","name":"MioMioRun","description":"Boutique 100% running et trail","publisher":{"@id":"https:\/\/www.miomiorun.com\/fr\/#organization"},"potentialAction":[{"@type":"SearchAction","target":{"@type":"EntryPoint","urlTemplate":"https:\/\/www.miomiorun.com\/fr\/?s={search_term_string}"},"query-input":{"@type":"PropertyValueSpecification","valueRequired":true,"valueName":"search_term_string"}}],"inLanguage":"fr-FR"},{"@type":"Organization","@id":"https:\/\/www.miomiorun.com\/fr\/#organization","name":"MioMio Run","url":"https:\/\/www.miomiorun.com\/fr\/","logo":{"@type":"ImageObject","inLanguage":"fr-FR","@id":"https:\/\/www.miomiorun.com\/fr\/#\/schema\/logo\/image\/","url":"https:\/\/www.miomiorun.com\/app\/uploads\/2019\/12\/logomio.png","contentUrl":"https:\/\/www.miomiorun.com\/app\/uploads\/2019\/12\/logomio.png","width":115,"height":82,"caption":"MioMio Run"},"image":{"@id":"https:\/\/www.miomiorun.com\/fr\/#\/schema\/logo\/image\/"},"sameAs":["https:\/\/www.facebook.com\/miomiorun\/","https:\/\/www.instagram.com\/miomiorun\/"]}]}},"_links":{"self":[{"href":"https:\/\/www.miomiorun.com\/fr\/wp-json\/wp\/v2\/product\/282581","targetHints":{"allow":["GET"]}}],"collection":[{"href":"https:\/\/www.miomiorun.com\/fr\/wp-json\/wp\/v2\/product"}],"about":[{"href":"https:\/\/www.miomiorun.com\/fr\/wp-json\/wp\/v2\/types\/product"}],"wp:featuredmedia":[{"embeddable":true,"href":"https:\/\/www.miomiorun.com\/fr\/wp-json\/wp\/v2\/media\/236309"}],"wp:attachment":[{"href":"https:\/\/www.miomiorun.com\/fr\/wp-json\/wp\/v2\/media?parent=282581"}],"wp:term":[{"taxonomy":"product_brand","embeddable":true,"href":"https:\/\/www.miomiorun.com\/fr\/wp-json\/wp\/v2\/product_brand?post=282581"},{"taxonomy":"product_cat","embeddable":true,"href":"https:\/\/www.miomiorun.com\/fr\/wp-json\/wp\/v2\/product_cat?post=282581"},{"taxonomy":"product_tag","embeddable":true,"href":"https:\/\/www.miomiorun.com\/fr\/wp-json\/wp\/v2\/product_tag?post=282581"}],"curies":[{"name":"wp","href":"https:\/\/api.w.org\/{rel}","templated":true}]}}