{"id":282481,"date":"2022-04-26T17:10:21","date_gmt":"2022-04-26T15:10:21","guid":{"rendered":"https:\/\/miomiorun.com\/prodotto\/falke-tk2-crest-uomo\/"},"modified":"2025-09-25T19:36:32","modified_gmt":"2025-09-25T17:36:32","slug":"falke-tk2-crest-homme","status":"publish","type":"product","link":"https:\/\/www.miomiorun.com\/fr\/produit\/falke-tk2-crest-homme\/","title":{"rendered":"Tk2 Crest homme"},"content":{"rendered":"<p>La chaussette <strong>TK2 Crest<\/strong> pour homme, avec rembourrage moyen et m\u00e9lange de laine m\u00e9rinos, garantit un confort maximal et une bonne isolation thermique lors des randonn\u00e9es sur terrains faciles et par tous les temps. L&#8217;\u00e9vacuation rapide de l&#8217;humidit\u00e9 et l&#8217;ajustement optimal garantissent une temp\u00e9rature parfaite et un confort \u00e9lev\u00e9 pour le pied. Cette chaussette de randonn\u00e9e attire vraiment l&#8217;attention gr\u00e2ce au profil d&#8217;une montagne dans diff\u00e9rentes nuances de couleurs int\u00e9gr\u00e9 dans la tige.<\/p>\n<p><strong>Caract\u00e9ristiques :<\/strong><\/p>\n<ul>\n<li class=\"product-features__item\">Confort maximal pour les randonn\u00e9es sur terrain facile, quelles que soient les conditions m\u00e9t\u00e9orologiques<\/li>\n<li class=\"product-features__item\">M\u00e9lange de laine m\u00e9rinos pour une bonne isolation thermique<\/li>\n<li class=\"product-features__item\">Rembourrage moyen pour une protection ad\u00e9quate et un bon contact avec les chaussures<\/li>\n<li class=\"product-features__item\">Transport parfait de la temp\u00e9rature et de l&#8217;humidit\u00e9 gr\u00e2ce \u00e0 la structure \u00e0 trois couches<\/li>\n<li class=\"product-features__item\">Ajustement optimal gr\u00e2ce au rembourrage \u00e0 droite et \u00e0 gauche et \u00e0 la pointe<\/li>\n<li class=\"product-features__item\">Chaussettes de randonn\u00e9e tendance avec profil de montagne int\u00e9gr\u00e9 dans diff\u00e9rentes nuances de couleurs<\/li>\n<\/ul>\n<table style=\"border-collapse: collapse;width: 100%\">\n<tbody>\n<tr>\n<td style=\"width: 33.3333%;text-align: center\">\n<div class=\"product-functional-symbols__image-container\"><img decoding=\"async\" class=\"product-functional-symbols__image aligncenter\" src=\"https:\/\/www.falke.com\/it_it\/9dd393d722265eb755772abd698b837041098075\/assets\/base\/staticImages\/functionalsymbols\/icon_feuchtigkeitsregulierend.svg\" \/><\/div>\n<div class=\"product-functional-symbols__name\" style=\"text-align: center\">R\u00e9gule l&#8217;humidit\u00e9<\/div>\n<\/td>\n<td style=\"width: 33.3333%;text-align: center\">\n<div class=\"product-functional-symbols__image-container\"><img decoding=\"async\" class=\"product-functional-symbols__image aligncenter\" src=\"https:\/\/www.falke.com\/it_it\/9dd393d722265eb755772abd698b837041098075\/assets\/base\/staticImages\/functionalsymbols\/icon_schnellste_ruecktrocknung.svg\" \/><\/div>\n<div class=\"product-functional-symbols__name\" style=\"text-align: center\">S\u00e9chage plus rapide<\/div>\n<\/td>\n<td style=\"width: 33.3333%;text-align: center\"><img decoding=\"async\" class=\"product-functional-symbols__image\" src=\"https:\/\/www.falke.com\/it_it\/c5c163f4c436a6d5cac26cfd6ed02ad465473f2a\/assets\/base\/staticImages\/functionalsymbols\/icon_daempfende-wirkung.svg\" \/><\/p>\n<p>Effet amortissant<\/td>\n<\/tr>\n<\/tbody>\n<\/table>\n<p><strong>Mat\u00e9riau : <\/strong>43 % polypropyl\u00e8ne, 22 % polyamide, 19 % acrylique, 16 % laine<\/p>\n<p><strong>Longueur de la tige<\/strong> : mollet<\/p>\n<p><strong>Rembourrage<\/strong> : Moyen-\u00e9pais<\/p>\n<p><strong>Coupe<\/strong> :\u00a0Anatomique<\/p>\n<p><strong>Semelle<\/strong> : Normale<\/p>\n<p><strong>Look<\/strong> : Sportif<\/p>\n","protected":false},"excerpt":{"rendered":"<p>La chaussette TK2 Crest pour homme, avec rembourrage moyen et m\u00e9lange de laine m\u00e9rinos, garantit un confort maximal et une bonne isolation thermique lors des randonn\u00e9es sur terrains faciles et par tous les temps. L&#8217;\u00e9vacuation rapide de l&#8217;humidit\u00e9 et l&#8217;ajustement optimal garantissent une temp\u00e9rature parfaite et un confort \u00e9lev\u00e9 pour le pied. Cette chaussette de &hellip; <a href=\"https:\/\/www.miomiorun.com\/fr\/produit\/falke-tk2-crest-homme\/\">Continued<\/a><\/p>\n","protected":false},"featured_media":236335,"template":"","meta":{"_acf_changed":false,"inline_featured_image":false},"product_brand":[],"product_cat":[24256,24482],"product_tag":[23482,23606],"class_list":{"0":"post-282481","1":"product","2":"type-product","3":"status-publish","4":"has-post-thumbnail","6":"product_cat-chaussettes-fr","7":"product_cat-vetements-pour-hommes-fr","8":"product_tag-falke-fr","9":"product_tag-falke-homme","10":"pa_attivita-outdoor-fr","11":"pa_colore-tk2-crest-black-fr","12":"pa_marca-falke-fr","13":"pa_sesso-homme","14":"pa_size-39-41-fr","15":"pa_size-42-43-fr","16":"pa_size-44-45-fr","18":"first","19":"instock","20":"sale","21":"taxable","22":"shipping-taxable","23":"purchasable","24":"product-type-variable","25":"wvs-archive-product-wrapper"},"acf":[],"yoast_head":"<!-- This site is optimized with the Yoast SEO plugin v26.8 - https:\/\/yoast.com\/product\/yoast-seo-wordpress\/ -->\n<title>Falke Tk2 Crest homme - Chaussettes de course - MioMioRun.com<\/title>\n<meta name=\"description\" content=\"Le TK2 Crest pour homme, avec rembourrage moyen et m\u00e9lange de laine m\u00e9rinos, garantit un confort maximal et une bonne isolation thermique .\" \/>\n<meta name=\"robots\" content=\"index, follow, max-snippet:-1, max-image-preview:large, max-video-preview:-1\" \/>\n<link rel=\"canonical\" href=\"https:\/\/www.miomiorun.com\/fr\/produit\/falke-tk2-crest-homme\/\" \/>\n<meta property=\"og:locale\" content=\"fr_FR\" \/>\n<meta property=\"og:type\" content=\"article\" \/>\n<meta property=\"og:title\" content=\"Falke Tk2 Crest homme - Chaussettes de course - MioMioRun.com\" \/>\n<meta property=\"og:description\" content=\"Le TK2 Crest pour homme, avec rembourrage moyen et m\u00e9lange de laine m\u00e9rinos, garantit un confort maximal et une bonne isolation thermique .\" \/>\n<meta property=\"og:url\" content=\"https:\/\/www.miomiorun.com\/fr\/produit\/falke-tk2-crest-homme\/\" \/>\n<meta property=\"og:site_name\" content=\"MioMioRun\" \/>\n<meta property=\"article:publisher\" content=\"https:\/\/www.facebook.com\/miomiorun\/\" \/>\n<meta property=\"article:modified_time\" content=\"2025-09-25T17:36:32+00:00\" \/>\n<meta property=\"og:image\" content=\"https:\/\/www.miomiorun.com\/app\/uploads\/2022\/05\/falke-tk2-crest-merlot-16193-8117.jpg\" \/>\n\t<meta property=\"og:image:width\" content=\"600\" \/>\n\t<meta property=\"og:image:height\" content=\"600\" \/>\n\t<meta property=\"og:image:type\" content=\"image\/jpeg\" \/>\n<meta name=\"twitter:card\" content=\"summary_large_image\" \/>\n<meta name=\"twitter:label1\" content=\"Est. reading time\" \/>\n\t<meta name=\"twitter:data1\" content=\"1 minute\" \/>\n<script type=\"application\/ld+json\" class=\"yoast-schema-graph\">{\"@context\":\"https:\/\/schema.org\",\"@graph\":[{\"@type\":\"WebPage\",\"@id\":\"https:\/\/www.miomiorun.com\/fr\/produit\/falke-tk2-crest-homme\/\",\"url\":\"https:\/\/www.miomiorun.com\/fr\/produit\/falke-tk2-crest-homme\/\",\"name\":\"Falke Tk2 Crest homme - Chaussettes de course - MioMioRun.com\",\"isPartOf\":{\"@id\":\"https:\/\/www.miomiorun.com\/fr\/#website\"},\"primaryImageOfPage\":{\"@id\":\"https:\/\/www.miomiorun.com\/fr\/produit\/falke-tk2-crest-homme\/#primaryimage\"},\"image\":{\"@id\":\"https:\/\/www.miomiorun.com\/fr\/produit\/falke-tk2-crest-homme\/#primaryimage\"},\"thumbnailUrl\":\"https:\/\/www.miomiorun.com\/app\/uploads\/2022\/05\/falke-tk2-crest-merlot-16193-8117.jpg\",\"datePublished\":\"2022-04-26T15:10:21+00:00\",\"dateModified\":\"2025-09-25T17:36:32+00:00\",\"description\":\"Le TK2 Crest pour homme, avec rembourrage moyen et m\u00e9lange de laine m\u00e9rinos, garantit un confort maximal et une bonne isolation thermique .\",\"breadcrumb\":{\"@id\":\"https:\/\/www.miomiorun.com\/fr\/produit\/falke-tk2-crest-homme\/#breadcrumb\"},\"inLanguage\":\"fr-FR\",\"potentialAction\":[{\"@type\":\"ReadAction\",\"target\":[\"https:\/\/www.miomiorun.com\/fr\/produit\/falke-tk2-crest-homme\/\"]}]},{\"@type\":\"ImageObject\",\"inLanguage\":\"fr-FR\",\"@id\":\"https:\/\/www.miomiorun.com\/fr\/produit\/falke-tk2-crest-homme\/#primaryimage\",\"url\":\"https:\/\/www.miomiorun.com\/app\/uploads\/2022\/05\/falke-tk2-crest-merlot-16193-8117.jpg\",\"contentUrl\":\"https:\/\/www.miomiorun.com\/app\/uploads\/2022\/05\/falke-tk2-crest-merlot-16193-8117.jpg\",\"width\":600,\"height\":600,\"caption\":\"falke-tk2-crest-merlot-16193-8117\"},{\"@type\":\"BreadcrumbList\",\"@id\":\"https:\/\/www.miomiorun.com\/fr\/produit\/falke-tk2-crest-homme\/#breadcrumb\",\"itemListElement\":[{\"@type\":\"ListItem\",\"position\":1,\"name\":\"Home\",\"item\":\"https:\/\/www.miomiorun.com\/fr\/home-page\/\"},{\"@type\":\"ListItem\",\"position\":2,\"name\":\"Shop\",\"item\":\"https:\/\/www.miomiorun.com\/shop\/\"},{\"@type\":\"ListItem\",\"position\":3,\"name\":\"Tk2 Crest homme\"}]},{\"@type\":\"WebSite\",\"@id\":\"https:\/\/www.miomiorun.com\/fr\/#website\",\"url\":\"https:\/\/www.miomiorun.com\/fr\/\",\"name\":\"MioMioRun\",\"description\":\"Boutique 100% running et trail\",\"publisher\":{\"@id\":\"https:\/\/www.miomiorun.com\/fr\/#organization\"},\"potentialAction\":[{\"@type\":\"SearchAction\",\"target\":{\"@type\":\"EntryPoint\",\"urlTemplate\":\"https:\/\/www.miomiorun.com\/fr\/?s={search_term_string}\"},\"query-input\":{\"@type\":\"PropertyValueSpecification\",\"valueRequired\":true,\"valueName\":\"search_term_string\"}}],\"inLanguage\":\"fr-FR\"},{\"@type\":\"Organization\",\"@id\":\"https:\/\/www.miomiorun.com\/fr\/#organization\",\"name\":\"MioMio Run\",\"url\":\"https:\/\/www.miomiorun.com\/fr\/\",\"logo\":{\"@type\":\"ImageObject\",\"inLanguage\":\"fr-FR\",\"@id\":\"https:\/\/www.miomiorun.com\/fr\/#\/schema\/logo\/image\/\",\"url\":\"https:\/\/www.miomiorun.com\/app\/uploads\/2019\/12\/logomio.png\",\"contentUrl\":\"https:\/\/www.miomiorun.com\/app\/uploads\/2019\/12\/logomio.png\",\"width\":115,\"height\":82,\"caption\":\"MioMio Run\"},\"image\":{\"@id\":\"https:\/\/www.miomiorun.com\/fr\/#\/schema\/logo\/image\/\"},\"sameAs\":[\"https:\/\/www.facebook.com\/miomiorun\/\",\"https:\/\/www.instagram.com\/miomiorun\/\"]}]}<\/script>\n<!-- \/ Yoast SEO plugin. -->","yoast_head_json":{"title":"Falke Tk2 Crest homme - Chaussettes de course - MioMioRun.com","description":"Le TK2 Crest pour homme, avec rembourrage moyen et m\u00e9lange de laine m\u00e9rinos, garantit un confort maximal et une bonne isolation thermique .","robots":{"index":"index","follow":"follow","max-snippet":"max-snippet:-1","max-image-preview":"max-image-preview:large","max-video-preview":"max-video-preview:-1"},"canonical":"https:\/\/www.miomiorun.com\/fr\/produit\/falke-tk2-crest-homme\/","og_locale":"fr_FR","og_type":"article","og_title":"Falke Tk2 Crest homme - Chaussettes de course - MioMioRun.com","og_description":"Le TK2 Crest pour homme, avec rembourrage moyen et m\u00e9lange de laine m\u00e9rinos, garantit un confort maximal et une bonne isolation thermique .","og_url":"https:\/\/www.miomiorun.com\/fr\/produit\/falke-tk2-crest-homme\/","og_site_name":"MioMioRun","article_publisher":"https:\/\/www.facebook.com\/miomiorun\/","article_modified_time":"2025-09-25T17:36:32+00:00","og_image":[{"width":600,"height":600,"url":"https:\/\/www.miomiorun.com\/app\/uploads\/2022\/05\/falke-tk2-crest-merlot-16193-8117.jpg","type":"image\/jpeg"}],"twitter_card":"summary_large_image","twitter_misc":{"Est. reading time":"1 minute"},"schema":{"@context":"https:\/\/schema.org","@graph":[{"@type":"WebPage","@id":"https:\/\/www.miomiorun.com\/fr\/produit\/falke-tk2-crest-homme\/","url":"https:\/\/www.miomiorun.com\/fr\/produit\/falke-tk2-crest-homme\/","name":"Falke Tk2 Crest homme - Chaussettes de course - MioMioRun.com","isPartOf":{"@id":"https:\/\/www.miomiorun.com\/fr\/#website"},"primaryImageOfPage":{"@id":"https:\/\/www.miomiorun.com\/fr\/produit\/falke-tk2-crest-homme\/#primaryimage"},"image":{"@id":"https:\/\/www.miomiorun.com\/fr\/produit\/falke-tk2-crest-homme\/#primaryimage"},"thumbnailUrl":"https:\/\/www.miomiorun.com\/app\/uploads\/2022\/05\/falke-tk2-crest-merlot-16193-8117.jpg","datePublished":"2022-04-26T15:10:21+00:00","dateModified":"2025-09-25T17:36:32+00:00","description":"Le TK2 Crest pour homme, avec rembourrage moyen et m\u00e9lange de laine m\u00e9rinos, garantit un confort maximal et une bonne isolation thermique .","breadcrumb":{"@id":"https:\/\/www.miomiorun.com\/fr\/produit\/falke-tk2-crest-homme\/#breadcrumb"},"inLanguage":"fr-FR","potentialAction":[{"@type":"ReadAction","target":["https:\/\/www.miomiorun.com\/fr\/produit\/falke-tk2-crest-homme\/"]}]},{"@type":"ImageObject","inLanguage":"fr-FR","@id":"https:\/\/www.miomiorun.com\/fr\/produit\/falke-tk2-crest-homme\/#primaryimage","url":"https:\/\/www.miomiorun.com\/app\/uploads\/2022\/05\/falke-tk2-crest-merlot-16193-8117.jpg","contentUrl":"https:\/\/www.miomiorun.com\/app\/uploads\/2022\/05\/falke-tk2-crest-merlot-16193-8117.jpg","width":600,"height":600,"caption":"falke-tk2-crest-merlot-16193-8117"},{"@type":"BreadcrumbList","@id":"https:\/\/www.miomiorun.com\/fr\/produit\/falke-tk2-crest-homme\/#breadcrumb","itemListElement":[{"@type":"ListItem","position":1,"name":"Home","item":"https:\/\/www.miomiorun.com\/fr\/home-page\/"},{"@type":"ListItem","position":2,"name":"Shop","item":"https:\/\/www.miomiorun.com\/shop\/"},{"@type":"ListItem","position":3,"name":"Tk2 Crest homme"}]},{"@type":"WebSite","@id":"https:\/\/www.miomiorun.com\/fr\/#website","url":"https:\/\/www.miomiorun.com\/fr\/","name":"MioMioRun","description":"Boutique 100% running et trail","publisher":{"@id":"https:\/\/www.miomiorun.com\/fr\/#organization"},"potentialAction":[{"@type":"SearchAction","target":{"@type":"EntryPoint","urlTemplate":"https:\/\/www.miomiorun.com\/fr\/?s={search_term_string}"},"query-input":{"@type":"PropertyValueSpecification","valueRequired":true,"valueName":"search_term_string"}}],"inLanguage":"fr-FR"},{"@type":"Organization","@id":"https:\/\/www.miomiorun.com\/fr\/#organization","name":"MioMio Run","url":"https:\/\/www.miomiorun.com\/fr\/","logo":{"@type":"ImageObject","inLanguage":"fr-FR","@id":"https:\/\/www.miomiorun.com\/fr\/#\/schema\/logo\/image\/","url":"https:\/\/www.miomiorun.com\/app\/uploads\/2019\/12\/logomio.png","contentUrl":"https:\/\/www.miomiorun.com\/app\/uploads\/2019\/12\/logomio.png","width":115,"height":82,"caption":"MioMio Run"},"image":{"@id":"https:\/\/www.miomiorun.com\/fr\/#\/schema\/logo\/image\/"},"sameAs":["https:\/\/www.facebook.com\/miomiorun\/","https:\/\/www.instagram.com\/miomiorun\/"]}]}},"_links":{"self":[{"href":"https:\/\/www.miomiorun.com\/fr\/wp-json\/wp\/v2\/product\/282481","targetHints":{"allow":["GET"]}}],"collection":[{"href":"https:\/\/www.miomiorun.com\/fr\/wp-json\/wp\/v2\/product"}],"about":[{"href":"https:\/\/www.miomiorun.com\/fr\/wp-json\/wp\/v2\/types\/product"}],"wp:featuredmedia":[{"embeddable":true,"href":"https:\/\/www.miomiorun.com\/fr\/wp-json\/wp\/v2\/media\/236335"}],"wp:attachment":[{"href":"https:\/\/www.miomiorun.com\/fr\/wp-json\/wp\/v2\/media?parent=282481"}],"wp:term":[{"taxonomy":"product_brand","embeddable":true,"href":"https:\/\/www.miomiorun.com\/fr\/wp-json\/wp\/v2\/product_brand?post=282481"},{"taxonomy":"product_cat","embeddable":true,"href":"https:\/\/www.miomiorun.com\/fr\/wp-json\/wp\/v2\/product_cat?post=282481"},{"taxonomy":"product_tag","embeddable":true,"href":"https:\/\/www.miomiorun.com\/fr\/wp-json\/wp\/v2\/product_tag?post=282481"}],"curies":[{"name":"wp","href":"https:\/\/api.w.org\/{rel}","templated":true}]}}