{"id":282312,"date":"2022-04-26T18:17:05","date_gmt":"2022-04-26T16:17:05","guid":{"rendered":"https:\/\/miomiorun.com\/prodotto\/falke-ru4-light-short-uomo\/"},"modified":"2026-04-12T21:47:15","modified_gmt":"2026-04-12T19:47:15","slug":"falke-ru4-light-short-homme","status":"publish","type":"product","link":"https:\/\/www.miomiorun.com\/fr\/produit\/falke-ru4-light-short-homme\/","title":{"rendered":"RU4 Light Short homme"},"content":{"rendered":"<p><div class=\"vc-row container\"><div class=\"vc-column\"><div class=\"vc-column-text\"><strong>RU4 Light Short<\/strong> pour homme&nbsp; est une chaussette qui arrive \u00e0 la cheville et qui, gr\u00e2ce \u00e0 sa semelle fine, est parfaite pour les coureurs qui accordent une grande importance \u00e0 la transmission directe de la force et au contact direct avec la chaussure. Le rembourrage l\u00e9ger r\u00e9duit les points de pression et prot\u00e8ge contre les ampoules. Le transport rapide de l&#8217;humidit\u00e9 et la coupe FALKE garantissent un confort \u00e9lev\u00e9 et un ajustement parfait. Les meilleures conditions pour une course r\u00e9ussie !<\/p>\n<p><strong>Caract\u00e9ristiques :<\/strong><\/p>\n<div class=\"product-section product-detailed-page__section product-detailed-page__section--details\">\n<div>\n<div>\n<div class=\"product-section__content\">\n<div class=\"product-features\">\n<ul class=\"product-features__list\">\n<li class=\"product-features__item\">Rembourrage l\u00e9ger pour une transmission imm\u00e9diate de la force et un contact direct avec la chaussure<\/li>\n<li class=\"product-features__item\">Transport \u00e9lev\u00e9 de l&#8217;humidit\u00e9 et s\u00e9chage rapide gr\u00e2ce au mat\u00e9riau \u00e0 trois couches<\/li>\n<li class=\"product-features__item\">Prot\u00e8ge contre les ampoules gr\u00e2ce \u00e0 la r\u00e9duction des points de pression<\/li>\n<li class=\"product-features__item\">Ajustement optimal gr\u00e2ce \u00e0 la semelle anatomique et \u00e0 la pointe pr\u00e9form\u00e9e<\/li>\n<\/ul>\n<\/div>\n<\/div>\n<\/div>\n<\/div>\n<\/div>\n<div class=\"product-section product-detailed-page__section product-detailed-page__section--description\">\n<div>\n<div>\n<div class=\"product-section__content\">\n<div class=\"product-description\">\n<div class=\"product-description__content\"><\/div>\n<\/div>\n<\/div>\n<\/div>\n<\/div>\n<\/div>\n<p><\/div><\/div><\/div><div class=\"vc-row container\"><div class=\"vc-column\"><div class=\"vc-column-text\"><\/p>\n<div class=\"product-functional-symbols__image-container\"><img decoding=\"async\" class=\"product-functional-symbols__image aligncenter\" src=\"https:\/\/www.falke.com\/it_it\/9dd393d722265eb755772abd698b837041098075\/assets\/base\/staticImages\/functionalsymbols\/icon_feuchtigkeitsregulierend.svg\"><\/div>\n<div class=\"product-functional-symbols__name\" style=\"text-align: center\">R\u00e9gule l&#8217;humidit\u00e9<\/div>\n<p><\/div><\/div><div class=\"vc-column\"><div class=\"vc-column-text\"><\/p>\n<div class=\"product-functional-symbols__image-container\"><img decoding=\"async\" class=\"product-functional-symbols__image aligncenter\" src=\"https:\/\/www.falke.com\/it_it\/9dd393d722265eb755772abd698b837041098075\/assets\/base\/staticImages\/functionalsymbols\/icon_schnellste_ruecktrocknung.svg\"><\/div>\n<div class=\"product-functional-symbols__name\" style=\"text-align: center\">S\u00e9chage plus rapide<\/div>\n<p><\/div><\/div><\/div><div class=\"vc-row container\"><div class=\"vc-column\"><div class=\"vc-column-text\"><strong>Mat\u00e9riau<\/strong> :62 % polyamide, 35 % lyocell, 3 % \u00e9lasthanne<\/p>\n<p><strong>Longueur de la tige :&nbsp;<\/strong>\u00c0 la cheville<\/p>\n<p><strong>Rembourrage<\/strong> :L\u00e9ger<\/p>\n<p><strong>Coupe :<\/strong> Anatomique<\/p>\n<p><strong>Semelle<\/strong> : Normale.<\/div><\/div><\/div><\/p>\n","protected":false},"excerpt":{"rendered":"","protected":false},"featured_media":236281,"template":"","meta":{"_acf_changed":false,"inline_featured_image":false},"product_brand":[],"product_cat":[24256,24482,24484],"product_tag":[23482,23606],"class_list":{"0":"post-282312","1":"product","2":"type-product","3":"status-publish","4":"has-post-thumbnail","6":"product_cat-chaussettes-fr","7":"product_cat-vetements-pour-hommes-fr","8":"product_cat-homme","9":"product_tag-falke-fr","10":"product_tag-falke-homme","11":"pa_attivita-fitness-fr","12":"pa_attivita-marcher","13":"pa_attivita-running-fr","14":"pa_colore-ru4-light-short-black-mix-fr","15":"pa_colore-ru4-light-short-m-athletic-blue","16":"pa_colore-ru4-light-short-matrix-fr","17":"pa_colore-ru4-light-short-osiris-fr","18":"pa_colore-ru4-light-short-sulfur-fr","19":"pa_marca-falke-fr","20":"pa_sesso-homme","21":"pa_size-39-41-fr","22":"pa_size-42-43-fr","23":"pa_size-44-45-fr","24":"pa_size-46-48-fr","26":"first","27":"instock","28":"sale","29":"taxable","30":"shipping-taxable","31":"purchasable","32":"product-type-variable","33":"wvs-archive-product-wrapper"},"acf":[],"yoast_head":"<!-- This site is optimized with the Yoast SEO plugin v26.8 - https:\/\/yoast.com\/product\/yoast-seo-wordpress\/ -->\n<title>Falke RU4 Light Short homme - Chaussettes de course - MioMioRun.com<\/title>\n<meta name=\"description\" content=\"RU4 Light Short pour homme est une chaussette qui arrive \u00e0 la cheville et qui, gr\u00e2ce \u00e0 sa semelle fine, est parfaite pour ceux qui recherchent un contact \u00e9troit avec la chaussure.\" \/>\n<meta name=\"robots\" content=\"index, follow, max-snippet:-1, max-image-preview:large, max-video-preview:-1\" \/>\n<link rel=\"canonical\" href=\"https:\/\/www.miomiorun.com\/fr\/produit\/falke-ru4-light-short-homme\/\" \/>\n<meta property=\"og:locale\" content=\"fr_FR\" \/>\n<meta property=\"og:type\" content=\"article\" \/>\n<meta property=\"og:title\" content=\"Falke RU4 Light Short homme - Chaussettes de course - MioMioRun.com\" \/>\n<meta property=\"og:description\" content=\"RU4 Light Short pour homme est une chaussette qui arrive \u00e0 la cheville et qui, gr\u00e2ce \u00e0 sa semelle fine, est parfaite pour ceux qui recherchent un contact \u00e9troit avec la chaussure.\" \/>\n<meta property=\"og:url\" content=\"https:\/\/www.miomiorun.com\/fr\/produit\/falke-ru4-light-short-homme\/\" \/>\n<meta property=\"og:site_name\" content=\"MioMioRun\" \/>\n<meta property=\"article:publisher\" content=\"https:\/\/www.facebook.com\/miomiorun\/\" \/>\n<meta property=\"article:modified_time\" content=\"2026-04-12T19:47:15+00:00\" \/>\n<meta property=\"og:image\" content=\"https:\/\/www.miomiorun.com\/app\/uploads\/2022\/04\/falke-ru4-light-short-sulfur-16760-1084.jpg\" \/>\n\t<meta property=\"og:image:width\" content=\"600\" \/>\n\t<meta property=\"og:image:height\" content=\"600\" \/>\n\t<meta property=\"og:image:type\" content=\"image\/jpeg\" \/>\n<meta name=\"twitter:card\" content=\"summary_large_image\" \/>\n<meta name=\"twitter:label1\" content=\"Est. reading time\" \/>\n\t<meta name=\"twitter:data1\" content=\"1 minute\" \/>\n<script type=\"application\/ld+json\" class=\"yoast-schema-graph\">{\"@context\":\"https:\/\/schema.org\",\"@graph\":[{\"@type\":\"WebPage\",\"@id\":\"https:\/\/www.miomiorun.com\/fr\/produit\/falke-ru4-light-short-homme\/\",\"url\":\"https:\/\/www.miomiorun.com\/fr\/produit\/falke-ru4-light-short-homme\/\",\"name\":\"Falke RU4 Light Short homme - Chaussettes de course - MioMioRun.com\",\"isPartOf\":{\"@id\":\"https:\/\/www.miomiorun.com\/fr\/#website\"},\"primaryImageOfPage\":{\"@id\":\"https:\/\/www.miomiorun.com\/fr\/produit\/falke-ru4-light-short-homme\/#primaryimage\"},\"image\":{\"@id\":\"https:\/\/www.miomiorun.com\/fr\/produit\/falke-ru4-light-short-homme\/#primaryimage\"},\"thumbnailUrl\":\"https:\/\/www.miomiorun.com\/app\/uploads\/2022\/04\/falke-ru4-light-short-sulfur-16760-1084.jpg\",\"datePublished\":\"2022-04-26T16:17:05+00:00\",\"dateModified\":\"2026-04-12T19:47:15+00:00\",\"description\":\"RU4 Light Short pour homme est une chaussette qui arrive \u00e0 la cheville et qui, gr\u00e2ce \u00e0 sa semelle fine, est parfaite pour ceux qui recherchent un contact \u00e9troit avec la chaussure.\",\"breadcrumb\":{\"@id\":\"https:\/\/www.miomiorun.com\/fr\/produit\/falke-ru4-light-short-homme\/#breadcrumb\"},\"inLanguage\":\"fr-FR\",\"potentialAction\":[{\"@type\":\"ReadAction\",\"target\":[\"https:\/\/www.miomiorun.com\/fr\/produit\/falke-ru4-light-short-homme\/\"]}]},{\"@type\":\"ImageObject\",\"inLanguage\":\"fr-FR\",\"@id\":\"https:\/\/www.miomiorun.com\/fr\/produit\/falke-ru4-light-short-homme\/#primaryimage\",\"url\":\"https:\/\/www.miomiorun.com\/app\/uploads\/2022\/04\/falke-ru4-light-short-sulfur-16760-1084.jpg\",\"contentUrl\":\"https:\/\/www.miomiorun.com\/app\/uploads\/2022\/04\/falke-ru4-light-short-sulfur-16760-1084.jpg\",\"width\":600,\"height\":600,\"caption\":\"falke-ru4-light-short-sulfur-16760-1084\"},{\"@type\":\"BreadcrumbList\",\"@id\":\"https:\/\/www.miomiorun.com\/fr\/produit\/falke-ru4-light-short-homme\/#breadcrumb\",\"itemListElement\":[{\"@type\":\"ListItem\",\"position\":1,\"name\":\"Home\",\"item\":\"https:\/\/www.miomiorun.com\/fr\/home-page\/\"},{\"@type\":\"ListItem\",\"position\":2,\"name\":\"Shop\",\"item\":\"https:\/\/www.miomiorun.com\/shop\/\"},{\"@type\":\"ListItem\",\"position\":3,\"name\":\"RU4 Light Short homme\"}]},{\"@type\":\"WebSite\",\"@id\":\"https:\/\/www.miomiorun.com\/fr\/#website\",\"url\":\"https:\/\/www.miomiorun.com\/fr\/\",\"name\":\"MioMioRun\",\"description\":\"Boutique 100% running et trail\",\"publisher\":{\"@id\":\"https:\/\/www.miomiorun.com\/fr\/#organization\"},\"potentialAction\":[{\"@type\":\"SearchAction\",\"target\":{\"@type\":\"EntryPoint\",\"urlTemplate\":\"https:\/\/www.miomiorun.com\/fr\/?s={search_term_string}\"},\"query-input\":{\"@type\":\"PropertyValueSpecification\",\"valueRequired\":true,\"valueName\":\"search_term_string\"}}],\"inLanguage\":\"fr-FR\"},{\"@type\":\"Organization\",\"@id\":\"https:\/\/www.miomiorun.com\/fr\/#organization\",\"name\":\"MioMio Run\",\"url\":\"https:\/\/www.miomiorun.com\/fr\/\",\"logo\":{\"@type\":\"ImageObject\",\"inLanguage\":\"fr-FR\",\"@id\":\"https:\/\/www.miomiorun.com\/fr\/#\/schema\/logo\/image\/\",\"url\":\"https:\/\/www.miomiorun.com\/app\/uploads\/2019\/12\/logomio.png\",\"contentUrl\":\"https:\/\/www.miomiorun.com\/app\/uploads\/2019\/12\/logomio.png\",\"width\":115,\"height\":82,\"caption\":\"MioMio Run\"},\"image\":{\"@id\":\"https:\/\/www.miomiorun.com\/fr\/#\/schema\/logo\/image\/\"},\"sameAs\":[\"https:\/\/www.facebook.com\/miomiorun\/\",\"https:\/\/www.instagram.com\/miomiorun\/\"]}]}<\/script>\n<!-- \/ Yoast SEO plugin. -->","yoast_head_json":{"title":"Falke RU4 Light Short homme - Chaussettes de course - MioMioRun.com","description":"RU4 Light Short pour homme est une chaussette qui arrive \u00e0 la cheville et qui, gr\u00e2ce \u00e0 sa semelle fine, est parfaite pour ceux qui recherchent un contact \u00e9troit avec la chaussure.","robots":{"index":"index","follow":"follow","max-snippet":"max-snippet:-1","max-image-preview":"max-image-preview:large","max-video-preview":"max-video-preview:-1"},"canonical":"https:\/\/www.miomiorun.com\/fr\/produit\/falke-ru4-light-short-homme\/","og_locale":"fr_FR","og_type":"article","og_title":"Falke RU4 Light Short homme - Chaussettes de course - MioMioRun.com","og_description":"RU4 Light Short pour homme est une chaussette qui arrive \u00e0 la cheville et qui, gr\u00e2ce \u00e0 sa semelle fine, est parfaite pour ceux qui recherchent un contact \u00e9troit avec la chaussure.","og_url":"https:\/\/www.miomiorun.com\/fr\/produit\/falke-ru4-light-short-homme\/","og_site_name":"MioMioRun","article_publisher":"https:\/\/www.facebook.com\/miomiorun\/","article_modified_time":"2026-04-12T19:47:15+00:00","og_image":[{"width":600,"height":600,"url":"https:\/\/www.miomiorun.com\/app\/uploads\/2022\/04\/falke-ru4-light-short-sulfur-16760-1084.jpg","type":"image\/jpeg"}],"twitter_card":"summary_large_image","twitter_misc":{"Est. reading time":"1 minute"},"schema":{"@context":"https:\/\/schema.org","@graph":[{"@type":"WebPage","@id":"https:\/\/www.miomiorun.com\/fr\/produit\/falke-ru4-light-short-homme\/","url":"https:\/\/www.miomiorun.com\/fr\/produit\/falke-ru4-light-short-homme\/","name":"Falke RU4 Light Short homme - Chaussettes de course - MioMioRun.com","isPartOf":{"@id":"https:\/\/www.miomiorun.com\/fr\/#website"},"primaryImageOfPage":{"@id":"https:\/\/www.miomiorun.com\/fr\/produit\/falke-ru4-light-short-homme\/#primaryimage"},"image":{"@id":"https:\/\/www.miomiorun.com\/fr\/produit\/falke-ru4-light-short-homme\/#primaryimage"},"thumbnailUrl":"https:\/\/www.miomiorun.com\/app\/uploads\/2022\/04\/falke-ru4-light-short-sulfur-16760-1084.jpg","datePublished":"2022-04-26T16:17:05+00:00","dateModified":"2026-04-12T19:47:15+00:00","description":"RU4 Light Short pour homme est une chaussette qui arrive \u00e0 la cheville et qui, gr\u00e2ce \u00e0 sa semelle fine, est parfaite pour ceux qui recherchent un contact \u00e9troit avec la chaussure.","breadcrumb":{"@id":"https:\/\/www.miomiorun.com\/fr\/produit\/falke-ru4-light-short-homme\/#breadcrumb"},"inLanguage":"fr-FR","potentialAction":[{"@type":"ReadAction","target":["https:\/\/www.miomiorun.com\/fr\/produit\/falke-ru4-light-short-homme\/"]}]},{"@type":"ImageObject","inLanguage":"fr-FR","@id":"https:\/\/www.miomiorun.com\/fr\/produit\/falke-ru4-light-short-homme\/#primaryimage","url":"https:\/\/www.miomiorun.com\/app\/uploads\/2022\/04\/falke-ru4-light-short-sulfur-16760-1084.jpg","contentUrl":"https:\/\/www.miomiorun.com\/app\/uploads\/2022\/04\/falke-ru4-light-short-sulfur-16760-1084.jpg","width":600,"height":600,"caption":"falke-ru4-light-short-sulfur-16760-1084"},{"@type":"BreadcrumbList","@id":"https:\/\/www.miomiorun.com\/fr\/produit\/falke-ru4-light-short-homme\/#breadcrumb","itemListElement":[{"@type":"ListItem","position":1,"name":"Home","item":"https:\/\/www.miomiorun.com\/fr\/home-page\/"},{"@type":"ListItem","position":2,"name":"Shop","item":"https:\/\/www.miomiorun.com\/shop\/"},{"@type":"ListItem","position":3,"name":"RU4 Light Short homme"}]},{"@type":"WebSite","@id":"https:\/\/www.miomiorun.com\/fr\/#website","url":"https:\/\/www.miomiorun.com\/fr\/","name":"MioMioRun","description":"Boutique 100% running et trail","publisher":{"@id":"https:\/\/www.miomiorun.com\/fr\/#organization"},"potentialAction":[{"@type":"SearchAction","target":{"@type":"EntryPoint","urlTemplate":"https:\/\/www.miomiorun.com\/fr\/?s={search_term_string}"},"query-input":{"@type":"PropertyValueSpecification","valueRequired":true,"valueName":"search_term_string"}}],"inLanguage":"fr-FR"},{"@type":"Organization","@id":"https:\/\/www.miomiorun.com\/fr\/#organization","name":"MioMio Run","url":"https:\/\/www.miomiorun.com\/fr\/","logo":{"@type":"ImageObject","inLanguage":"fr-FR","@id":"https:\/\/www.miomiorun.com\/fr\/#\/schema\/logo\/image\/","url":"https:\/\/www.miomiorun.com\/app\/uploads\/2019\/12\/logomio.png","contentUrl":"https:\/\/www.miomiorun.com\/app\/uploads\/2019\/12\/logomio.png","width":115,"height":82,"caption":"MioMio Run"},"image":{"@id":"https:\/\/www.miomiorun.com\/fr\/#\/schema\/logo\/image\/"},"sameAs":["https:\/\/www.facebook.com\/miomiorun\/","https:\/\/www.instagram.com\/miomiorun\/"]}]}},"_links":{"self":[{"href":"https:\/\/www.miomiorun.com\/fr\/wp-json\/wp\/v2\/product\/282312","targetHints":{"allow":["GET"]}}],"collection":[{"href":"https:\/\/www.miomiorun.com\/fr\/wp-json\/wp\/v2\/product"}],"about":[{"href":"https:\/\/www.miomiorun.com\/fr\/wp-json\/wp\/v2\/types\/product"}],"wp:featuredmedia":[{"embeddable":true,"href":"https:\/\/www.miomiorun.com\/fr\/wp-json\/wp\/v2\/media\/236281"}],"wp:attachment":[{"href":"https:\/\/www.miomiorun.com\/fr\/wp-json\/wp\/v2\/media?parent=282312"}],"wp:term":[{"taxonomy":"product_brand","embeddable":true,"href":"https:\/\/www.miomiorun.com\/fr\/wp-json\/wp\/v2\/product_brand?post=282312"},{"taxonomy":"product_cat","embeddable":true,"href":"https:\/\/www.miomiorun.com\/fr\/wp-json\/wp\/v2\/product_cat?post=282312"},{"taxonomy":"product_tag","embeddable":true,"href":"https:\/\/www.miomiorun.com\/fr\/wp-json\/wp\/v2\/product_tag?post=282312"}],"curies":[{"name":"wp","href":"https:\/\/api.w.org\/{rel}","templated":true}]}}