{"id":282308,"date":"2022-04-27T10:22:24","date_gmt":"2022-04-27T08:22:24","guid":{"rendered":"https:\/\/miomiorun.com\/prodotto\/falke-tk2-trekking-donna\/"},"modified":"2025-09-19T19:27:04","modified_gmt":"2025-09-19T17:27:04","slug":"falke-tk2-trekking-femme","status":"publish","type":"product","link":"https:\/\/www.miomiorun.com\/fr\/produit\/falke-tk2-trekking-femme\/","title":{"rendered":"TK2 Trekking femme"},"content":{"rendered":"<p>&nbsp;<\/p>\n<div class=\"product-section product-detailed-page__section product-detailed-page__section--details\">\n<div>\n<div>\n<div class=\"product-section__content\">\n<div>\n<div class=\"product-section product-detailed-page__section product-detailed-page__section--description\">\n<div>\n<div>\n<div class=\"product-section__content\">\n<div class=\"product-description\">\n<div class=\"product-description__content\">Gr\u00e2ce \u00e0 son rembourrage moyen et \u00e0 la combinaison de laine m\u00e9rinos, la chaussette de randonn\u00e9e <strong>TK2<\/strong> pour femmes garantit un confort maximal et une bonne isolation thermique lors de randonn\u00e9es de faible difficult\u00e9, quelles que soient les conditions m\u00e9t\u00e9orologiques. L&#8217;\u00e9vacuation efficace de l&#8217;humidit\u00e9 et l&#8217;ajustement parfait garantissent une temp\u00e9rature id\u00e9ale et un confort maximal pour les pieds.<\/div>\n<\/div>\n<\/div>\n<\/div>\n<\/div>\n<\/div>\n<\/div>\n<div><\/div>\n<div><strong>Caract\u00e9ristiques :<\/strong><\/div>\n<div>\n<div class=\"product-section product-detailed-page__section product-detailed-page__section--details\">\n<div>\n<div>\n<div class=\"product-section__content\">\n<div class=\"product-features\">\n<ul class=\"product-features__list\">\n<li class=\"product-features__item\">Confort maximal lors de randonn\u00e9es faciles, quelles que soient les conditions m\u00e9t\u00e9orologiques<\/li>\n<li class=\"product-features__item\">Combinaison de laine m\u00e9rinos pour une bonne isolation thermique<\/li>\n<li class=\"product-features__item\">Rembourrage moyen pour une protection ad\u00e9quate et un bon contact avec la chaussure<\/li>\n<li class=\"product-features__item\">Temp\u00e9rature parfaite et \u00e9vacuation de l&#8217;humidit\u00e9 gr\u00e2ce \u00e0 la structure \u00e0 trois couches<\/li>\n<li class=\"product-features__item\">Ajustement parfait gr\u00e2ce au rembourrage des deux c\u00f4t\u00e9s et \u00e0 la forme des doigts<\/li>\n<\/ul>\n<\/div>\n<\/div>\n<\/div>\n<\/div>\n<\/div>\n<div class=\"product-section product-detailed-page__section product-detailed-page__section--description\">\n<div>\n<div>\n<div class=\"product-section__content\">\n<div class=\"product-description\">\n<div class=\"product-description__content\"><\/div>\n<\/div>\n<\/div>\n<\/div>\n<\/div>\n<\/div>\n<\/div>\n<div>\n<table style=\"border-collapse: collapse;width: 100%\">\n<tbody>\n<tr>\n<td style=\"width: 33.3333%;text-align: center\">\n<div class=\"product-functional-symbols__image-container\">\n<div class=\"product-functional-symbols__image-container\"><img decoding=\"async\" class=\"product-functional-symbols__image aligncenter\" src=\"https:\/\/www.falke.com\/it_it\/9dd393d722265eb755772abd698b837041098075\/assets\/base\/staticImages\/functionalsymbols\/icon_feuchtigkeitsregulierend.svg\" \/>R\u00e9gule l&#8217;humidit\u00e9<\/div>\n<\/div>\n<\/td>\n<td style=\"width: 33.3333%;text-align: center\">\n<div class=\"product-functional-symbols__image-container\"><img decoding=\"async\" class=\"product-functional-symbols__image\" src=\"https:\/\/www.falke.com\/it_it\/7ce8ae0e8382e27e767d55937b0805f5f19ef321\/assets\/base\/staticImages\/functionalsymbols\/icon_daempfende-wirkung.svg\" \/><\/div>\n<p>Effet amortissant<\/td>\n<td style=\"width: 33.3333%;text-align: center\">\n<div class=\"product-functional-symbols__image-container\">\n<div class=\"product-functional-symbols__image-container\"><img decoding=\"async\" class=\"product-functional-symbols__image aligncenter\" src=\"https:\/\/www.falke.com\/it_it\/9dd393d722265eb755772abd698b837041098075\/assets\/base\/staticImages\/functionalsymbols\/icon_schnellste_ruecktrocknung.svg\" \/><\/div>\n<p>S\u00e9chage plus rapide<\/p>\n<\/div>\n<\/td>\n<\/tr>\n<\/tbody>\n<\/table>\n<\/div>\n<\/div>\n<\/div>\n<\/div>\n<\/div>\n<div class=\"product-section product-detailed-page__section product-detailed-page__section--description\">\n<div>\n<div>\n<div class=\"product-section__content\"><\/div>\n<\/div>\n<\/div>\n<\/div>\n<p>&nbsp;<\/p>\n<div class=\"product-functional-symbols__image-container\"><strong>Mat\u00e9riau<\/strong> : 40 % polypropyl\u00e8ne, 28 % acrylique, 22 % laine, 9 % polyamide, 1 % \u00e9lasthanne<\/div>\n<p><strong>Longueur de la tige :\u00a0<\/strong>Mollet<\/p>\n<p><strong>Rembourrage<\/strong> : Moyen-\u00e9pais<\/p>\n<p><strong>Coupe :<\/strong> Anatomique<\/p>\n<p><strong>Semelle<\/strong> : Normale.<\/p>\n<p><strong>Look<\/strong> : Sportif<\/p>\n","protected":false},"excerpt":{"rendered":"<p>&nbsp; Gr\u00e2ce \u00e0 son rembourrage moyen et \u00e0 la combinaison de laine m\u00e9rinos, la chaussette de randonn\u00e9e TK2 pour femmes garantit un confort maximal et une bonne isolation thermique lors de randonn\u00e9es de faible difficult\u00e9, quelles que soient les conditions m\u00e9t\u00e9orologiques. L&#8217;\u00e9vacuation efficace de l&#8217;humidit\u00e9 et l&#8217;ajustement parfait garantissent une temp\u00e9rature id\u00e9ale et un confort &hellip; <a href=\"https:\/\/www.miomiorun.com\/fr\/produit\/falke-tk2-trekking-femme\/\">Continued<\/a><\/p>\n","protected":false},"featured_media":236721,"template":"","meta":{"_acf_changed":false,"inline_featured_image":false},"product_brand":[],"product_cat":[22597,22596,22595],"product_tag":[23482,23493],"class_list":{"0":"post-282308","1":"product","2":"type-product","3":"status-publish","4":"has-post-thumbnail","6":"product_cat-chaussettes","7":"product_cat-vetements-pour-femmes","8":"product_cat-femme","9":"product_tag-falke-fr","10":"product_tag-falke-femme","11":"pa_attivita-outdoor-fr","12":"pa_colore-tk2-w-black-mix-fr","13":"pa_colore-tk2-w-merlot-fr","14":"pa_colore-tk2-w-radiant-orchid-fr","15":"pa_colore-tk2-w-vendetta-fr","16":"pa_marca-falke-fr","17":"pa_sesso-femme","18":"pa_size-37-38-fr","19":"pa_size-39-40-fr","20":"pa_size-41-42-fr","22":"first","23":"instock","24":"sale","25":"taxable","26":"shipping-taxable","27":"purchasable","28":"product-type-variable","29":"wvs-archive-product-wrapper"},"acf":[],"yoast_head":"<!-- This site is optimized with the Yoast SEO plugin v26.8 - https:\/\/yoast.com\/product\/yoast-seo-wordpress\/ -->\n<title>Falke TK2 Trekking femme - Chaussettes de randonn\u00e9e - MioMioRun.com<\/title>\n<meta name=\"description\" content=\"Gr\u00e2ce \u00e0 leur rembourrage moyen et \u00e0 leur composition en laine m\u00e9rinos, les chaussettes de randonn\u00e9e TK2 pour femmes garantissent un confort maximal.\" \/>\n<meta name=\"robots\" content=\"index, follow, max-snippet:-1, max-image-preview:large, max-video-preview:-1\" \/>\n<link rel=\"canonical\" href=\"https:\/\/www.miomiorun.com\/fr\/produit\/falke-tk2-trekking-femme\/\" \/>\n<meta property=\"og:locale\" content=\"fr_FR\" \/>\n<meta property=\"og:type\" content=\"article\" \/>\n<meta property=\"og:title\" content=\"Falke TK2 Trekking femme - Chaussettes de randonn\u00e9e - MioMioRun.com\" \/>\n<meta property=\"og:description\" content=\"Gr\u00e2ce \u00e0 leur rembourrage moyen et \u00e0 leur composition en laine m\u00e9rinos, les chaussettes de randonn\u00e9e TK2 pour femmes garantissent un confort maximal.\" \/>\n<meta property=\"og:url\" content=\"https:\/\/www.miomiorun.com\/fr\/produit\/falke-tk2-trekking-femme\/\" \/>\n<meta property=\"og:site_name\" content=\"MioMioRun\" \/>\n<meta property=\"article:publisher\" content=\"https:\/\/www.facebook.com\/miomiorun\/\" \/>\n<meta property=\"article:modified_time\" content=\"2025-09-19T17:27:04+00:00\" \/>\n<meta property=\"og:image\" content=\"https:\/\/www.miomiorun.com\/app\/uploads\/2022\/05\/falke-tk2-W-black-mix-16445-3010.jpg\" \/>\n\t<meta property=\"og:image:width\" content=\"600\" \/>\n\t<meta property=\"og:image:height\" content=\"600\" \/>\n\t<meta property=\"og:image:type\" content=\"image\/jpeg\" \/>\n<meta name=\"twitter:card\" content=\"summary_large_image\" \/>\n<meta name=\"twitter:label1\" content=\"Est. reading time\" \/>\n\t<meta name=\"twitter:data1\" content=\"1 minute\" \/>\n<script type=\"application\/ld+json\" class=\"yoast-schema-graph\">{\"@context\":\"https:\/\/schema.org\",\"@graph\":[{\"@type\":\"WebPage\",\"@id\":\"https:\/\/www.miomiorun.com\/fr\/produit\/falke-tk2-trekking-femme\/\",\"url\":\"https:\/\/www.miomiorun.com\/fr\/produit\/falke-tk2-trekking-femme\/\",\"name\":\"Falke TK2 Trekking femme - Chaussettes de randonn\u00e9e - MioMioRun.com\",\"isPartOf\":{\"@id\":\"https:\/\/www.miomiorun.com\/fr\/#website\"},\"primaryImageOfPage\":{\"@id\":\"https:\/\/www.miomiorun.com\/fr\/produit\/falke-tk2-trekking-femme\/#primaryimage\"},\"image\":{\"@id\":\"https:\/\/www.miomiorun.com\/fr\/produit\/falke-tk2-trekking-femme\/#primaryimage\"},\"thumbnailUrl\":\"https:\/\/www.miomiorun.com\/app\/uploads\/2022\/05\/falke-tk2-W-black-mix-16445-3010.jpg\",\"datePublished\":\"2022-04-27T08:22:24+00:00\",\"dateModified\":\"2025-09-19T17:27:04+00:00\",\"description\":\"Gr\u00e2ce \u00e0 leur rembourrage moyen et \u00e0 leur composition en laine m\u00e9rinos, les chaussettes de randonn\u00e9e TK2 pour femmes garantissent un confort maximal.\",\"breadcrumb\":{\"@id\":\"https:\/\/www.miomiorun.com\/fr\/produit\/falke-tk2-trekking-femme\/#breadcrumb\"},\"inLanguage\":\"fr-FR\",\"potentialAction\":[{\"@type\":\"ReadAction\",\"target\":[\"https:\/\/www.miomiorun.com\/fr\/produit\/falke-tk2-trekking-femme\/\"]}]},{\"@type\":\"ImageObject\",\"inLanguage\":\"fr-FR\",\"@id\":\"https:\/\/www.miomiorun.com\/fr\/produit\/falke-tk2-trekking-femme\/#primaryimage\",\"url\":\"https:\/\/www.miomiorun.com\/app\/uploads\/2022\/05\/falke-tk2-W-black-mix-16445-3010.jpg\",\"contentUrl\":\"https:\/\/www.miomiorun.com\/app\/uploads\/2022\/05\/falke-tk2-W-black-mix-16445-3010.jpg\",\"width\":600,\"height\":600,\"caption\":\"falke-tk2-W-black-mix-16445-3010\"},{\"@type\":\"BreadcrumbList\",\"@id\":\"https:\/\/www.miomiorun.com\/fr\/produit\/falke-tk2-trekking-femme\/#breadcrumb\",\"itemListElement\":[{\"@type\":\"ListItem\",\"position\":1,\"name\":\"Home\",\"item\":\"https:\/\/www.miomiorun.com\/fr\/home-page\/\"},{\"@type\":\"ListItem\",\"position\":2,\"name\":\"Shop\",\"item\":\"https:\/\/www.miomiorun.com\/shop\/\"},{\"@type\":\"ListItem\",\"position\":3,\"name\":\"TK2 Trekking femme\"}]},{\"@type\":\"WebSite\",\"@id\":\"https:\/\/www.miomiorun.com\/fr\/#website\",\"url\":\"https:\/\/www.miomiorun.com\/fr\/\",\"name\":\"MioMioRun\",\"description\":\"Boutique 100% running et trail\",\"publisher\":{\"@id\":\"https:\/\/www.miomiorun.com\/fr\/#organization\"},\"potentialAction\":[{\"@type\":\"SearchAction\",\"target\":{\"@type\":\"EntryPoint\",\"urlTemplate\":\"https:\/\/www.miomiorun.com\/fr\/?s={search_term_string}\"},\"query-input\":{\"@type\":\"PropertyValueSpecification\",\"valueRequired\":true,\"valueName\":\"search_term_string\"}}],\"inLanguage\":\"fr-FR\"},{\"@type\":\"Organization\",\"@id\":\"https:\/\/www.miomiorun.com\/fr\/#organization\",\"name\":\"MioMio Run\",\"url\":\"https:\/\/www.miomiorun.com\/fr\/\",\"logo\":{\"@type\":\"ImageObject\",\"inLanguage\":\"fr-FR\",\"@id\":\"https:\/\/www.miomiorun.com\/fr\/#\/schema\/logo\/image\/\",\"url\":\"https:\/\/www.miomiorun.com\/app\/uploads\/2019\/12\/logomio.png\",\"contentUrl\":\"https:\/\/www.miomiorun.com\/app\/uploads\/2019\/12\/logomio.png\",\"width\":115,\"height\":82,\"caption\":\"MioMio Run\"},\"image\":{\"@id\":\"https:\/\/www.miomiorun.com\/fr\/#\/schema\/logo\/image\/\"},\"sameAs\":[\"https:\/\/www.facebook.com\/miomiorun\/\",\"https:\/\/www.instagram.com\/miomiorun\/\"]}]}<\/script>\n<!-- \/ Yoast SEO plugin. -->","yoast_head_json":{"title":"Falke TK2 Trekking femme - Chaussettes de randonn\u00e9e - MioMioRun.com","description":"Gr\u00e2ce \u00e0 leur rembourrage moyen et \u00e0 leur composition en laine m\u00e9rinos, les chaussettes de randonn\u00e9e TK2 pour femmes garantissent un confort maximal.","robots":{"index":"index","follow":"follow","max-snippet":"max-snippet:-1","max-image-preview":"max-image-preview:large","max-video-preview":"max-video-preview:-1"},"canonical":"https:\/\/www.miomiorun.com\/fr\/produit\/falke-tk2-trekking-femme\/","og_locale":"fr_FR","og_type":"article","og_title":"Falke TK2 Trekking femme - Chaussettes de randonn\u00e9e - MioMioRun.com","og_description":"Gr\u00e2ce \u00e0 leur rembourrage moyen et \u00e0 leur composition en laine m\u00e9rinos, les chaussettes de randonn\u00e9e TK2 pour femmes garantissent un confort maximal.","og_url":"https:\/\/www.miomiorun.com\/fr\/produit\/falke-tk2-trekking-femme\/","og_site_name":"MioMioRun","article_publisher":"https:\/\/www.facebook.com\/miomiorun\/","article_modified_time":"2025-09-19T17:27:04+00:00","og_image":[{"width":600,"height":600,"url":"https:\/\/www.miomiorun.com\/app\/uploads\/2022\/05\/falke-tk2-W-black-mix-16445-3010.jpg","type":"image\/jpeg"}],"twitter_card":"summary_large_image","twitter_misc":{"Est. reading time":"1 minute"},"schema":{"@context":"https:\/\/schema.org","@graph":[{"@type":"WebPage","@id":"https:\/\/www.miomiorun.com\/fr\/produit\/falke-tk2-trekking-femme\/","url":"https:\/\/www.miomiorun.com\/fr\/produit\/falke-tk2-trekking-femme\/","name":"Falke TK2 Trekking femme - Chaussettes de randonn\u00e9e - MioMioRun.com","isPartOf":{"@id":"https:\/\/www.miomiorun.com\/fr\/#website"},"primaryImageOfPage":{"@id":"https:\/\/www.miomiorun.com\/fr\/produit\/falke-tk2-trekking-femme\/#primaryimage"},"image":{"@id":"https:\/\/www.miomiorun.com\/fr\/produit\/falke-tk2-trekking-femme\/#primaryimage"},"thumbnailUrl":"https:\/\/www.miomiorun.com\/app\/uploads\/2022\/05\/falke-tk2-W-black-mix-16445-3010.jpg","datePublished":"2022-04-27T08:22:24+00:00","dateModified":"2025-09-19T17:27:04+00:00","description":"Gr\u00e2ce \u00e0 leur rembourrage moyen et \u00e0 leur composition en laine m\u00e9rinos, les chaussettes de randonn\u00e9e TK2 pour femmes garantissent un confort maximal.","breadcrumb":{"@id":"https:\/\/www.miomiorun.com\/fr\/produit\/falke-tk2-trekking-femme\/#breadcrumb"},"inLanguage":"fr-FR","potentialAction":[{"@type":"ReadAction","target":["https:\/\/www.miomiorun.com\/fr\/produit\/falke-tk2-trekking-femme\/"]}]},{"@type":"ImageObject","inLanguage":"fr-FR","@id":"https:\/\/www.miomiorun.com\/fr\/produit\/falke-tk2-trekking-femme\/#primaryimage","url":"https:\/\/www.miomiorun.com\/app\/uploads\/2022\/05\/falke-tk2-W-black-mix-16445-3010.jpg","contentUrl":"https:\/\/www.miomiorun.com\/app\/uploads\/2022\/05\/falke-tk2-W-black-mix-16445-3010.jpg","width":600,"height":600,"caption":"falke-tk2-W-black-mix-16445-3010"},{"@type":"BreadcrumbList","@id":"https:\/\/www.miomiorun.com\/fr\/produit\/falke-tk2-trekking-femme\/#breadcrumb","itemListElement":[{"@type":"ListItem","position":1,"name":"Home","item":"https:\/\/www.miomiorun.com\/fr\/home-page\/"},{"@type":"ListItem","position":2,"name":"Shop","item":"https:\/\/www.miomiorun.com\/shop\/"},{"@type":"ListItem","position":3,"name":"TK2 Trekking femme"}]},{"@type":"WebSite","@id":"https:\/\/www.miomiorun.com\/fr\/#website","url":"https:\/\/www.miomiorun.com\/fr\/","name":"MioMioRun","description":"Boutique 100% running et trail","publisher":{"@id":"https:\/\/www.miomiorun.com\/fr\/#organization"},"potentialAction":[{"@type":"SearchAction","target":{"@type":"EntryPoint","urlTemplate":"https:\/\/www.miomiorun.com\/fr\/?s={search_term_string}"},"query-input":{"@type":"PropertyValueSpecification","valueRequired":true,"valueName":"search_term_string"}}],"inLanguage":"fr-FR"},{"@type":"Organization","@id":"https:\/\/www.miomiorun.com\/fr\/#organization","name":"MioMio Run","url":"https:\/\/www.miomiorun.com\/fr\/","logo":{"@type":"ImageObject","inLanguage":"fr-FR","@id":"https:\/\/www.miomiorun.com\/fr\/#\/schema\/logo\/image\/","url":"https:\/\/www.miomiorun.com\/app\/uploads\/2019\/12\/logomio.png","contentUrl":"https:\/\/www.miomiorun.com\/app\/uploads\/2019\/12\/logomio.png","width":115,"height":82,"caption":"MioMio Run"},"image":{"@id":"https:\/\/www.miomiorun.com\/fr\/#\/schema\/logo\/image\/"},"sameAs":["https:\/\/www.facebook.com\/miomiorun\/","https:\/\/www.instagram.com\/miomiorun\/"]}]}},"_links":{"self":[{"href":"https:\/\/www.miomiorun.com\/fr\/wp-json\/wp\/v2\/product\/282308","targetHints":{"allow":["GET"]}}],"collection":[{"href":"https:\/\/www.miomiorun.com\/fr\/wp-json\/wp\/v2\/product"}],"about":[{"href":"https:\/\/www.miomiorun.com\/fr\/wp-json\/wp\/v2\/types\/product"}],"wp:featuredmedia":[{"embeddable":true,"href":"https:\/\/www.miomiorun.com\/fr\/wp-json\/wp\/v2\/media\/236721"}],"wp:attachment":[{"href":"https:\/\/www.miomiorun.com\/fr\/wp-json\/wp\/v2\/media?parent=282308"}],"wp:term":[{"taxonomy":"product_brand","embeddable":true,"href":"https:\/\/www.miomiorun.com\/fr\/wp-json\/wp\/v2\/product_brand?post=282308"},{"taxonomy":"product_cat","embeddable":true,"href":"https:\/\/www.miomiorun.com\/fr\/wp-json\/wp\/v2\/product_cat?post=282308"},{"taxonomy":"product_tag","embeddable":true,"href":"https:\/\/www.miomiorun.com\/fr\/wp-json\/wp\/v2\/product_tag?post=282308"}],"curies":[{"name":"wp","href":"https:\/\/api.w.org\/{rel}","templated":true}]}}