{"id":282235,"date":"2022-04-27T11:35:59","date_gmt":"2022-04-27T09:35:59","guid":{"rendered":"https:\/\/miomiorun.com\/prodotto\/falke-ru4-trail-uomo\/"},"modified":"2025-09-20T12:17:35","modified_gmt":"2025-09-20T10:17:35","slug":"falke-ru4-trail-homme","status":"publish","type":"product","link":"https:\/\/www.miomiorun.com\/fr\/produit\/falke-ru4-trail-homme\/","title":{"rendered":"RU4 trail homme"},"content":{"rendered":"<p>Les chaussettes <strong>RU4 Trail<\/strong> pour homme sont le choix id\u00e9al pour les parcours hors piste et les terrains accident\u00e9s. Elles stabilisent la cheville gr\u00e2ce \u00e0 une bande tricot\u00e9e, r\u00e9duisant ainsi au minimum le risque d&#8217;entorse. Le s\u00e9chage rapide garde le pied au sec m\u00eame sur les terrains humides. Le rembourrage moyen-fort assure protection et amorti, ainsi qu&#8217;un contact efficace avec la chaussure.<\/p>\n<p><strong>Caract\u00e9ristiques :<\/strong><\/p>\n<div class=\"product-section product-detailed-page__section product-detailed-page__section--details\">\n<div>\n<div>\n<div class=\"product-section__content\">\n<div class=\"product-features\">\n<ul class=\"product-features__list\">\n<li class=\"product-features__item\">La zone de compression stimule les r\u00e9cepteurs pour une r\u00e9action plus rapide en cas de mauvais positionnement<\/li>\n<li class=\"product-features__item\">Ajustement parfait gr\u00e2ce au rembourrage des deux c\u00f4t\u00e9s et \u00e0 la forme des orteils<\/li>\n<li class=\"product-features__item\">R\u00e9duit le risque d&#8217;entorse<\/li>\n<li class=\"product-features__item\">Protection contre les ampoules gr\u00e2ce \u00e0 la r\u00e9duction des zones de pression<\/li>\n<\/ul>\n<\/div>\n<\/div>\n<\/div>\n<\/div>\n<\/div>\n<div class=\"product-section product-detailed-page__section product-detailed-page__section--description\">\n<div>\n<div>\n<div class=\"product-section__content\">\n<div class=\"product-description\"><\/div>\n<\/div>\n<\/div>\n<\/div>\n<\/div>\n<p>&nbsp;<\/p>\n<table style=\"border-collapse: collapse;width: 100%\">\n<tbody>\n<tr>\n<td style=\"width: 25%;text-align: center\">\n<div class=\"product-functional-symbols__image-container\">\n<div class=\"product-functional-symbols__image-container\"><img decoding=\"async\" class=\"product-functional-symbols__image aligncenter\" src=\"https:\/\/www.falke.com\/it_it\/9dd393d722265eb755772abd698b837041098075\/assets\/base\/staticImages\/functionalsymbols\/icon_feuchtigkeitsregulierend.svg\" \/><\/div>\n<\/div>\n<div class=\"product-functional-symbols__name\">R\u00e9gule l&#8217;humidit\u00e9<\/div>\n<\/td>\n<td style=\"width: 25%;text-align: center\">\n<div class=\"product-functional-symbols__image-container\"><img decoding=\"async\" class=\"product-functional-symbols__image aligncenter\" src=\"https:\/\/www.falke.com\/it_it\/9dd393d722265eb755772abd698b837041098075\/assets\/base\/staticImages\/functionalsymbols\/icon_direkter-schuhkontakt.svg\" \/><\/div>\n<p>Contact direct avec la chaussure<\/td>\n<td style=\"width: 25%;text-align: center\">\n<div class=\"product-functional-symbols__image-container\"><img decoding=\"async\" class=\"product-functional-symbols__image aligncenter\" src=\"https:\/\/www.falke.com\/it_it\/9dd393d722265eb755772abd698b837041098075\/assets\/base\/staticImages\/functionalsymbols\/icon_schnellste_ruecktrocknung.svg\" \/><\/div>\n<p>S\u00e9chage plus rapide<\/td>\n<td style=\"width: 25%;text-align: center\"><img loading=\"lazy\" decoding=\"async\" class=\"product-functional-symbols__image\" src=\"https:\/\/www.falke.com\/it_it\/7ce8ae0e8382e27e767d55937b0805f5f19ef321\/assets\/base\/staticImages\/functionalsymbols\/icon_stabilisierend.svg\" width=\"82\" height=\"82\" \/><\/p>\n<p>Stabilisateur<\/td>\n<\/tr>\n<\/tbody>\n<\/table>\n<p>&nbsp;<\/p>\n<p><strong>Mat\u00e9riau<\/strong> 97 % polyamide, 3 % \u00e9lasthanne<\/p>\n<p><strong>Longueur de la tige<\/strong> \u00e0 la cheville<\/p>\n<p><strong>Rembourrage<\/strong> Moyen<\/p>\n<p><strong>Coupe<\/strong> Anatomique<\/p>\n<p><strong>Semelle<\/strong> En peluche<\/p>\n<p><strong>Look<\/strong> Sportif<\/div><\/div><\/p>\n","protected":false},"excerpt":{"rendered":"<p>Les chaussettes RU4 Trail pour homme sont le choix id\u00e9al pour les parcours hors piste et les terrains accident\u00e9s. Elles stabilisent la cheville gr\u00e2ce \u00e0 une bande tricot\u00e9e, r\u00e9duisant ainsi au minimum le risque d&#8217;entorse. Le s\u00e9chage rapide garde le pied au sec m\u00eame sur les terrains humides. Le rembourrage moyen-fort assure protection et amorti, &hellip; <a href=\"https:\/\/www.miomiorun.com\/fr\/produit\/falke-ru4-trail-homme\/\">Continued<\/a><\/p>\n","protected":false},"featured_media":236315,"template":"","meta":{"_acf_changed":false,"inline_featured_image":false},"product_brand":[],"product_cat":[24256,24482],"product_tag":[23482,23606],"class_list":{"0":"post-282235","1":"product","2":"type-product","3":"status-publish","4":"has-post-thumbnail","6":"product_cat-chaussettes-fr","7":"product_cat-vetements-pour-hommes-fr","8":"product_tag-falke-fr","9":"product_tag-falke-homme","10":"pa_attivita-trail-fr","11":"pa_colore-ru-trail-athletic-blue-fr","12":"pa_colore-ru-trail-m-black-mix","13":"pa_colore-ru-trail-matrix-fr","14":"pa_colore-ru-trail-scarlet-fr","15":"pa_marca-falke-fr","16":"pa_sesso-homme","17":"pa_size-39-41-fr","18":"pa_size-42-43-fr","19":"pa_size-44-45-fr","20":"pa_size-46-48-fr","22":"first","23":"instock","24":"sale","25":"taxable","26":"shipping-taxable","27":"purchasable","28":"product-type-variable","29":"wvs-archive-product-wrapper"},"acf":[],"yoast_head":"<!-- This site is optimized with the Yoast SEO plugin v26.8 - https:\/\/yoast.com\/product\/yoast-seo-wordpress\/ -->\n<title>Falke RU4 trail homme - Chaussettes de course- MioMioRun.com<\/title>\n<meta name=\"description\" content=\"Les chaussettes RU4 Trail pour homme sont le choix id\u00e9al pour les parcours hors piste et les terrains accident\u00e9s. Elles stabilisent la cheville.\" \/>\n<meta name=\"robots\" content=\"index, follow, max-snippet:-1, max-image-preview:large, max-video-preview:-1\" \/>\n<link rel=\"canonical\" href=\"https:\/\/www.miomiorun.com\/fr\/produit\/falke-ru4-trail-homme\/\" \/>\n<meta property=\"og:locale\" content=\"fr_FR\" \/>\n<meta property=\"og:type\" content=\"article\" \/>\n<meta property=\"og:title\" content=\"Falke RU4 trail homme - Chaussettes de course- MioMioRun.com\" \/>\n<meta property=\"og:description\" content=\"Les chaussettes RU4 Trail pour homme sont le choix id\u00e9al pour les parcours hors piste et les terrains accident\u00e9s. Elles stabilisent la cheville.\" \/>\n<meta property=\"og:url\" content=\"https:\/\/www.miomiorun.com\/fr\/produit\/falke-ru4-trail-homme\/\" \/>\n<meta property=\"og:site_name\" content=\"MioMioRun\" \/>\n<meta property=\"article:publisher\" content=\"https:\/\/www.facebook.com\/miomiorun\/\" \/>\n<meta property=\"article:modified_time\" content=\"2025-09-20T10:17:35+00:00\" \/>\n<meta property=\"og:image\" content=\"https:\/\/www.miomiorun.com\/app\/uploads\/2022\/05\/falke-ru-trail-dutch-orange-16793-8041.jpg\" \/>\n\t<meta property=\"og:image:width\" content=\"600\" \/>\n\t<meta property=\"og:image:height\" content=\"600\" \/>\n\t<meta property=\"og:image:type\" content=\"image\/jpeg\" \/>\n<meta name=\"twitter:card\" content=\"summary_large_image\" \/>\n<meta name=\"twitter:label1\" content=\"Est. reading time\" \/>\n\t<meta name=\"twitter:data1\" content=\"1 minute\" \/>\n<script type=\"application\/ld+json\" class=\"yoast-schema-graph\">{\"@context\":\"https:\/\/schema.org\",\"@graph\":[{\"@type\":\"WebPage\",\"@id\":\"https:\/\/www.miomiorun.com\/fr\/produit\/falke-ru4-trail-homme\/\",\"url\":\"https:\/\/www.miomiorun.com\/fr\/produit\/falke-ru4-trail-homme\/\",\"name\":\"Falke RU4 trail homme - Chaussettes de course- MioMioRun.com\",\"isPartOf\":{\"@id\":\"https:\/\/www.miomiorun.com\/fr\/#website\"},\"primaryImageOfPage\":{\"@id\":\"https:\/\/www.miomiorun.com\/fr\/produit\/falke-ru4-trail-homme\/#primaryimage\"},\"image\":{\"@id\":\"https:\/\/www.miomiorun.com\/fr\/produit\/falke-ru4-trail-homme\/#primaryimage\"},\"thumbnailUrl\":\"https:\/\/www.miomiorun.com\/app\/uploads\/2022\/05\/falke-ru-trail-dutch-orange-16793-8041.jpg\",\"datePublished\":\"2022-04-27T09:35:59+00:00\",\"dateModified\":\"2025-09-20T10:17:35+00:00\",\"description\":\"Les chaussettes RU4 Trail pour homme sont le choix id\u00e9al pour les parcours hors piste et les terrains accident\u00e9s. Elles stabilisent la cheville.\",\"breadcrumb\":{\"@id\":\"https:\/\/www.miomiorun.com\/fr\/produit\/falke-ru4-trail-homme\/#breadcrumb\"},\"inLanguage\":\"fr-FR\",\"potentialAction\":[{\"@type\":\"ReadAction\",\"target\":[\"https:\/\/www.miomiorun.com\/fr\/produit\/falke-ru4-trail-homme\/\"]}]},{\"@type\":\"ImageObject\",\"inLanguage\":\"fr-FR\",\"@id\":\"https:\/\/www.miomiorun.com\/fr\/produit\/falke-ru4-trail-homme\/#primaryimage\",\"url\":\"https:\/\/www.miomiorun.com\/app\/uploads\/2022\/05\/falke-ru-trail-dutch-orange-16793-8041.jpg\",\"contentUrl\":\"https:\/\/www.miomiorun.com\/app\/uploads\/2022\/05\/falke-ru-trail-dutch-orange-16793-8041.jpg\",\"width\":600,\"height\":600,\"caption\":\"falke-ru-trail-dutch-orange-16793-8041\"},{\"@type\":\"BreadcrumbList\",\"@id\":\"https:\/\/www.miomiorun.com\/fr\/produit\/falke-ru4-trail-homme\/#breadcrumb\",\"itemListElement\":[{\"@type\":\"ListItem\",\"position\":1,\"name\":\"Home\",\"item\":\"https:\/\/www.miomiorun.com\/fr\/home-page\/\"},{\"@type\":\"ListItem\",\"position\":2,\"name\":\"Shop\",\"item\":\"https:\/\/www.miomiorun.com\/shop\/\"},{\"@type\":\"ListItem\",\"position\":3,\"name\":\"RU4 trail homme\"}]},{\"@type\":\"WebSite\",\"@id\":\"https:\/\/www.miomiorun.com\/fr\/#website\",\"url\":\"https:\/\/www.miomiorun.com\/fr\/\",\"name\":\"MioMioRun\",\"description\":\"Boutique 100% running et trail\",\"publisher\":{\"@id\":\"https:\/\/www.miomiorun.com\/fr\/#organization\"},\"potentialAction\":[{\"@type\":\"SearchAction\",\"target\":{\"@type\":\"EntryPoint\",\"urlTemplate\":\"https:\/\/www.miomiorun.com\/fr\/?s={search_term_string}\"},\"query-input\":{\"@type\":\"PropertyValueSpecification\",\"valueRequired\":true,\"valueName\":\"search_term_string\"}}],\"inLanguage\":\"fr-FR\"},{\"@type\":\"Organization\",\"@id\":\"https:\/\/www.miomiorun.com\/fr\/#organization\",\"name\":\"MioMio Run\",\"url\":\"https:\/\/www.miomiorun.com\/fr\/\",\"logo\":{\"@type\":\"ImageObject\",\"inLanguage\":\"fr-FR\",\"@id\":\"https:\/\/www.miomiorun.com\/fr\/#\/schema\/logo\/image\/\",\"url\":\"https:\/\/www.miomiorun.com\/app\/uploads\/2019\/12\/logomio.png\",\"contentUrl\":\"https:\/\/www.miomiorun.com\/app\/uploads\/2019\/12\/logomio.png\",\"width\":115,\"height\":82,\"caption\":\"MioMio Run\"},\"image\":{\"@id\":\"https:\/\/www.miomiorun.com\/fr\/#\/schema\/logo\/image\/\"},\"sameAs\":[\"https:\/\/www.facebook.com\/miomiorun\/\",\"https:\/\/www.instagram.com\/miomiorun\/\"]}]}<\/script>\n<!-- \/ Yoast SEO plugin. -->","yoast_head_json":{"title":"Falke RU4 trail homme - Chaussettes de course- MioMioRun.com","description":"Les chaussettes RU4 Trail pour homme sont le choix id\u00e9al pour les parcours hors piste et les terrains accident\u00e9s. Elles stabilisent la cheville.","robots":{"index":"index","follow":"follow","max-snippet":"max-snippet:-1","max-image-preview":"max-image-preview:large","max-video-preview":"max-video-preview:-1"},"canonical":"https:\/\/www.miomiorun.com\/fr\/produit\/falke-ru4-trail-homme\/","og_locale":"fr_FR","og_type":"article","og_title":"Falke RU4 trail homme - Chaussettes de course- MioMioRun.com","og_description":"Les chaussettes RU4 Trail pour homme sont le choix id\u00e9al pour les parcours hors piste et les terrains accident\u00e9s. Elles stabilisent la cheville.","og_url":"https:\/\/www.miomiorun.com\/fr\/produit\/falke-ru4-trail-homme\/","og_site_name":"MioMioRun","article_publisher":"https:\/\/www.facebook.com\/miomiorun\/","article_modified_time":"2025-09-20T10:17:35+00:00","og_image":[{"width":600,"height":600,"url":"https:\/\/www.miomiorun.com\/app\/uploads\/2022\/05\/falke-ru-trail-dutch-orange-16793-8041.jpg","type":"image\/jpeg"}],"twitter_card":"summary_large_image","twitter_misc":{"Est. reading time":"1 minute"},"schema":{"@context":"https:\/\/schema.org","@graph":[{"@type":"WebPage","@id":"https:\/\/www.miomiorun.com\/fr\/produit\/falke-ru4-trail-homme\/","url":"https:\/\/www.miomiorun.com\/fr\/produit\/falke-ru4-trail-homme\/","name":"Falke RU4 trail homme - Chaussettes de course- MioMioRun.com","isPartOf":{"@id":"https:\/\/www.miomiorun.com\/fr\/#website"},"primaryImageOfPage":{"@id":"https:\/\/www.miomiorun.com\/fr\/produit\/falke-ru4-trail-homme\/#primaryimage"},"image":{"@id":"https:\/\/www.miomiorun.com\/fr\/produit\/falke-ru4-trail-homme\/#primaryimage"},"thumbnailUrl":"https:\/\/www.miomiorun.com\/app\/uploads\/2022\/05\/falke-ru-trail-dutch-orange-16793-8041.jpg","datePublished":"2022-04-27T09:35:59+00:00","dateModified":"2025-09-20T10:17:35+00:00","description":"Les chaussettes RU4 Trail pour homme sont le choix id\u00e9al pour les parcours hors piste et les terrains accident\u00e9s. Elles stabilisent la cheville.","breadcrumb":{"@id":"https:\/\/www.miomiorun.com\/fr\/produit\/falke-ru4-trail-homme\/#breadcrumb"},"inLanguage":"fr-FR","potentialAction":[{"@type":"ReadAction","target":["https:\/\/www.miomiorun.com\/fr\/produit\/falke-ru4-trail-homme\/"]}]},{"@type":"ImageObject","inLanguage":"fr-FR","@id":"https:\/\/www.miomiorun.com\/fr\/produit\/falke-ru4-trail-homme\/#primaryimage","url":"https:\/\/www.miomiorun.com\/app\/uploads\/2022\/05\/falke-ru-trail-dutch-orange-16793-8041.jpg","contentUrl":"https:\/\/www.miomiorun.com\/app\/uploads\/2022\/05\/falke-ru-trail-dutch-orange-16793-8041.jpg","width":600,"height":600,"caption":"falke-ru-trail-dutch-orange-16793-8041"},{"@type":"BreadcrumbList","@id":"https:\/\/www.miomiorun.com\/fr\/produit\/falke-ru4-trail-homme\/#breadcrumb","itemListElement":[{"@type":"ListItem","position":1,"name":"Home","item":"https:\/\/www.miomiorun.com\/fr\/home-page\/"},{"@type":"ListItem","position":2,"name":"Shop","item":"https:\/\/www.miomiorun.com\/shop\/"},{"@type":"ListItem","position":3,"name":"RU4 trail homme"}]},{"@type":"WebSite","@id":"https:\/\/www.miomiorun.com\/fr\/#website","url":"https:\/\/www.miomiorun.com\/fr\/","name":"MioMioRun","description":"Boutique 100% running et trail","publisher":{"@id":"https:\/\/www.miomiorun.com\/fr\/#organization"},"potentialAction":[{"@type":"SearchAction","target":{"@type":"EntryPoint","urlTemplate":"https:\/\/www.miomiorun.com\/fr\/?s={search_term_string}"},"query-input":{"@type":"PropertyValueSpecification","valueRequired":true,"valueName":"search_term_string"}}],"inLanguage":"fr-FR"},{"@type":"Organization","@id":"https:\/\/www.miomiorun.com\/fr\/#organization","name":"MioMio Run","url":"https:\/\/www.miomiorun.com\/fr\/","logo":{"@type":"ImageObject","inLanguage":"fr-FR","@id":"https:\/\/www.miomiorun.com\/fr\/#\/schema\/logo\/image\/","url":"https:\/\/www.miomiorun.com\/app\/uploads\/2019\/12\/logomio.png","contentUrl":"https:\/\/www.miomiorun.com\/app\/uploads\/2019\/12\/logomio.png","width":115,"height":82,"caption":"MioMio Run"},"image":{"@id":"https:\/\/www.miomiorun.com\/fr\/#\/schema\/logo\/image\/"},"sameAs":["https:\/\/www.facebook.com\/miomiorun\/","https:\/\/www.instagram.com\/miomiorun\/"]}]}},"_links":{"self":[{"href":"https:\/\/www.miomiorun.com\/fr\/wp-json\/wp\/v2\/product\/282235","targetHints":{"allow":["GET"]}}],"collection":[{"href":"https:\/\/www.miomiorun.com\/fr\/wp-json\/wp\/v2\/product"}],"about":[{"href":"https:\/\/www.miomiorun.com\/fr\/wp-json\/wp\/v2\/types\/product"}],"wp:featuredmedia":[{"embeddable":true,"href":"https:\/\/www.miomiorun.com\/fr\/wp-json\/wp\/v2\/media\/236315"}],"wp:attachment":[{"href":"https:\/\/www.miomiorun.com\/fr\/wp-json\/wp\/v2\/media?parent=282235"}],"wp:term":[{"taxonomy":"product_brand","embeddable":true,"href":"https:\/\/www.miomiorun.com\/fr\/wp-json\/wp\/v2\/product_brand?post=282235"},{"taxonomy":"product_cat","embeddable":true,"href":"https:\/\/www.miomiorun.com\/fr\/wp-json\/wp\/v2\/product_cat?post=282235"},{"taxonomy":"product_tag","embeddable":true,"href":"https:\/\/www.miomiorun.com\/fr\/wp-json\/wp\/v2\/product_tag?post=282235"}],"curies":[{"name":"wp","href":"https:\/\/api.w.org\/{rel}","templated":true}]}}