{"id":282218,"date":"2022-04-27T11:50:46","date_gmt":"2022-04-27T09:50:46","guid":{"rendered":"https:\/\/miomiorun.com\/prodotto\/falke-ru4-cool-short-donna\/"},"modified":"2025-09-20T17:53:21","modified_gmt":"2025-09-20T15:53:21","slug":"falke-ru4-cool-short-femme","status":"publish","type":"product","link":"https:\/\/www.miomiorun.com\/fr\/produit\/falke-ru4-cool-short-femme\/","title":{"rendered":"RU4 Cool Short femme"},"content":{"rendered":"<p>Les chaussettes <strong>RU4 Cool<\/strong> <strong>Short<\/strong> pour femmes, qui arrivent \u00e0 la cheville, sont nos chaussettes de course les plus polyvalentes. Leur rembourrage moyen prot\u00e8ge des ampoules en r\u00e9duisant les points de pression, tout en conservant un bon contact avec la chaussure. Des zones en mesh int\u00e9gr\u00e9es au niveau du cou-de-pied garantissent une agr\u00e9able sensation de fra\u00eecheur au niveau du pied. L&#8217;\u00e9vacuation rapide de l&#8217;humidit\u00e9 et l&#8217;ajustement parfait garantissent une sensation agr\u00e9able en permanence.<\/p>\n<p><strong>Caract\u00e9ristiques :<\/strong><\/p>\n<div class=\"product-section product-detailed-page__section product-detailed-page__section--details\">\n<div>\n<div>\n<div class=\"product-section__content\">\n<div class=\"product-features\">\n<ul class=\"product-features__list\">\n<li class=\"product-features__item\">Chaussettes de course polyvalentes avec rembourrage moyen pour une protection \u00e9quilibr\u00e9e et une transmission directe de la force<\/li>\n<li class=\"product-features__item\">100 % mati\u00e8re synth\u00e9tique, m\u00e9lange de Coolmax, polyester et polypropyl\u00e8ne<\/li>\n<li class=\"product-features__item\">Amorti moyen et bon contact avec la chaussure<\/li>\n<li class=\"product-features__item\">Transport \u00e9lev\u00e9 de l&#8217;humidit\u00e9 et s\u00e9chage rapide gr\u00e2ce \u00e0 la structure \u00e0 trois couches du mat\u00e9riau avec fibres techniques<\/li>\n<li class=\"product-features__item\">Zones en mesh sur le cou-de-pied pour un maximum de fra\u00eecheur<\/li>\n<li class=\"product-features__item\">Ajustement optimal gr\u00e2ce \u00e0 la semelle anatomique et \u00e0 la pointe pr\u00e9form\u00e9e<\/li>\n<\/ul>\n<\/div>\n<\/div>\n<\/div>\n<\/div>\n<\/div>\n<div class=\"product-section product-detailed-page__section product-detailed-page__section--description\">\n<div>\n<div>\n<div class=\"product-section__content\">\n<div class=\"product-description\">\n<div class=\"product-description__content\"><\/div>\n<\/div>\n<\/div>\n<\/div>\n<\/div>\n<\/div>\n<table style=\"border-collapse: collapse;width: 100%;height: 24px\">\n<tbody>\n<tr style=\"height: 24px\">\n<td style=\"width: 25%;height: 24px;text-align: center\">\n<div class=\"product-functional-symbols__image-container\"><img loading=\"lazy\" decoding=\"async\" class=\"product-functional-symbols__image aligncenter\" src=\"https:\/\/www.falke.com\/it_it\/9dd393d722265eb755772abd698b837041098075\/assets\/base\/staticImages\/functionalsymbols\/icon_feuchtigkeitsregulierend.svg\" width=\"106\" height=\"106\" \/><\/div>\n<p>R\u00e9gule l&#8217;humidit\u00e9<\/td>\n<td style=\"width: 25%;height: 24px;text-align: center\"><img loading=\"lazy\" decoding=\"async\" class=\"product-functional-symbols__image\" src=\"https:\/\/www.falke.com\/it_it\/7ce8ae0e8382e27e767d55937b0805f5f19ef321\/assets\/base\/staticImages\/functionalsymbols\/icon_cooling-effect.svg\" width=\"92\" height=\"92\" \/><\/p>\n<p>Effet rafra\u00eechissant<\/td>\n<td style=\"width: 25%;height: 24px;text-align: center\">\n<div class=\"product-functional-symbols__image-container\"><img loading=\"lazy\" decoding=\"async\" class=\"product-functional-symbols__image aligncenter\" src=\"https:\/\/www.falke.com\/it_it\/9dd393d722265eb755772abd698b837041098075\/assets\/base\/staticImages\/functionalsymbols\/icon_schnellste_ruecktrocknung.svg\" width=\"108\" height=\"108\" \/><\/div>\n<p>S\u00e9chage plus rapide<\/td>\n<td style=\"width: 25%;height: 24px;text-align: center\"><img loading=\"lazy\" decoding=\"async\" class=\"product-functional-symbols__image\" src=\"https:\/\/www.falke.com\/it_it\/c5c163f4c436a6d5cac26cfd6ed02ad465473f2a\/assets\/base\/staticImages\/functionalsymbols\/icon_daempfende-wirkung.svg\" width=\"91\" height=\"91\" \/><\/p>\n<p>Effet amortissant<\/td>\n<\/tr>\n<\/tbody>\n<\/table>\n<p>&nbsp;<\/p>\n<p><strong>Mat\u00e9riau<\/strong> 38 % polypropyl\u00e8ne, 35 % laine vierge, 27 % polyamide<\/p>\n<p><strong>Mat\u00e9riau<\/strong> 44 % polypropyl\u00e8ne, 33 % polyamide, 22 % polyester, 1 % \u00e9lasthanne<\/p>\n<p><strong>Longueur de la tige<\/strong> \u00c0 la cheville<\/p>\n<p><strong>Rembourrage<\/strong> Moyen \u00e0 \u00e9pais<\/p>\n<p><strong>Coupe<\/strong> Anatomique<\/p>\n<p><strong>Semelle<\/strong> Normale<\/p>\n<p>&nbsp;<\/p>\n","protected":false},"excerpt":{"rendered":"<p>Les chaussettes RU4 Cool Short pour femmes, qui arrivent \u00e0 la cheville, sont nos chaussettes de course les plus polyvalentes. Leur rembourrage moyen prot\u00e8ge des ampoules en r\u00e9duisant les points de pression, tout en conservant un bon contact avec la chaussure. Des zones en mesh int\u00e9gr\u00e9es au niveau du cou-de-pied garantissent une agr\u00e9able sensation de &hellip; <a href=\"https:\/\/www.miomiorun.com\/fr\/produit\/falke-ru4-cool-short-femme\/\">Continued<\/a><\/p>\n","protected":false},"featured_media":240341,"template":"","meta":{"_acf_changed":false,"inline_featured_image":false},"product_brand":[],"product_cat":[22597,22596,22595],"product_tag":[23482,23493],"class_list":{"0":"post-282218","1":"product","2":"type-product","3":"status-publish","4":"has-post-thumbnail","6":"product_cat-chaussettes","7":"product_cat-vetements-pour-femmes","8":"product_cat-femme","9":"product_tag-falke-fr","10":"product_tag-falke-femme","11":"pa_attivita-fitness-fr","12":"pa_attivita-marcher","13":"pa_attivita-running-fr","14":"pa_colore-ru4-cool-short-w-babouche-fr","15":"pa_colore-ru4-cool-short-w-black-fr","16":"pa_colore-ru4-cool-short-w-deep-sea-fr","17":"pa_colore-ru4-cool-short-w-neop-red-pool-fr","18":"pa_colore-ru4-cool-short-w-rose-fr","19":"pa_marca-falke-fr","20":"pa_sesso-femme","21":"pa_size-35-36-fr","22":"pa_size-37-38-fr","23":"pa_size-39-40-fr","24":"pa_size-41-42-fr","26":"first","27":"instock","28":"sale","29":"taxable","30":"shipping-taxable","31":"purchasable","32":"product-type-variable","33":"wvs-archive-product-wrapper"},"acf":[],"yoast_head":"<!-- This site is optimized with the Yoast SEO plugin v26.8 - https:\/\/yoast.com\/product\/yoast-seo-wordpress\/ -->\n<title>Falke RU4 Cool Short femme - Chaussettes de course- MioMioRun.com<\/title>\n<meta name=\"description\" content=\"La chaussette \u00ab RU4 Cool Short \u00bb \u00e0 la cheville est notre chaussette de course la plus polyvalente. Son rembourrage moyen prot\u00e8ge des ampoules .\" \/>\n<meta name=\"robots\" content=\"index, follow, max-snippet:-1, max-image-preview:large, max-video-preview:-1\" \/>\n<link rel=\"canonical\" href=\"https:\/\/www.miomiorun.com\/fr\/produit\/falke-ru4-cool-short-femme\/\" \/>\n<meta property=\"og:locale\" content=\"fr_FR\" \/>\n<meta property=\"og:type\" content=\"article\" \/>\n<meta property=\"og:title\" content=\"Falke RU4 Cool Short femme - Chaussettes de course- MioMioRun.com\" \/>\n<meta property=\"og:description\" content=\"La chaussette \u00ab RU4 Cool Short \u00bb \u00e0 la cheville est notre chaussette de course la plus polyvalente. Son rembourrage moyen prot\u00e8ge des ampoules .\" \/>\n<meta property=\"og:url\" content=\"https:\/\/www.miomiorun.com\/fr\/produit\/falke-ru4-cool-short-femme\/\" \/>\n<meta property=\"og:site_name\" content=\"MioMioRun\" \/>\n<meta property=\"article:publisher\" content=\"https:\/\/www.facebook.com\/miomiorun\/\" \/>\n<meta property=\"article:modified_time\" content=\"2025-09-20T15:53:21+00:00\" \/>\n<meta property=\"og:image\" content=\"https:\/\/www.miomiorun.com\/app\/uploads\/2023\/05\/falke-ru4-cool-short-W-neop-red-pool-16749-8567.jpg\" \/>\n\t<meta property=\"og:image:width\" content=\"600\" \/>\n\t<meta property=\"og:image:height\" content=\"600\" \/>\n\t<meta property=\"og:image:type\" content=\"image\/jpeg\" \/>\n<meta name=\"twitter:card\" content=\"summary_large_image\" \/>\n<meta name=\"twitter:label1\" content=\"Est. reading time\" \/>\n\t<meta name=\"twitter:data1\" content=\"1 minute\" \/>\n<script type=\"application\/ld+json\" class=\"yoast-schema-graph\">{\"@context\":\"https:\/\/schema.org\",\"@graph\":[{\"@type\":\"WebPage\",\"@id\":\"https:\/\/www.miomiorun.com\/fr\/produit\/falke-ru4-cool-short-femme\/\",\"url\":\"https:\/\/www.miomiorun.com\/fr\/produit\/falke-ru4-cool-short-femme\/\",\"name\":\"Falke RU4 Cool Short femme - Chaussettes de course- MioMioRun.com\",\"isPartOf\":{\"@id\":\"https:\/\/www.miomiorun.com\/fr\/#website\"},\"primaryImageOfPage\":{\"@id\":\"https:\/\/www.miomiorun.com\/fr\/produit\/falke-ru4-cool-short-femme\/#primaryimage\"},\"image\":{\"@id\":\"https:\/\/www.miomiorun.com\/fr\/produit\/falke-ru4-cool-short-femme\/#primaryimage\"},\"thumbnailUrl\":\"https:\/\/www.miomiorun.com\/app\/uploads\/2023\/05\/falke-ru4-cool-short-W-neop-red-pool-16749-8567.jpg\",\"datePublished\":\"2022-04-27T09:50:46+00:00\",\"dateModified\":\"2025-09-20T15:53:21+00:00\",\"description\":\"La chaussette \u00ab RU4 Cool Short \u00bb \u00e0 la cheville est notre chaussette de course la plus polyvalente. Son rembourrage moyen prot\u00e8ge des ampoules .\",\"breadcrumb\":{\"@id\":\"https:\/\/www.miomiorun.com\/fr\/produit\/falke-ru4-cool-short-femme\/#breadcrumb\"},\"inLanguage\":\"fr-FR\",\"potentialAction\":[{\"@type\":\"ReadAction\",\"target\":[\"https:\/\/www.miomiorun.com\/fr\/produit\/falke-ru4-cool-short-femme\/\"]}]},{\"@type\":\"ImageObject\",\"inLanguage\":\"fr-FR\",\"@id\":\"https:\/\/www.miomiorun.com\/fr\/produit\/falke-ru4-cool-short-femme\/#primaryimage\",\"url\":\"https:\/\/www.miomiorun.com\/app\/uploads\/2023\/05\/falke-ru4-cool-short-W-neop-red-pool-16749-8567.jpg\",\"contentUrl\":\"https:\/\/www.miomiorun.com\/app\/uploads\/2023\/05\/falke-ru4-cool-short-W-neop-red-pool-16749-8567.jpg\",\"width\":600,\"height\":600,\"caption\":\"falke-ru4-cool-short-W-neop-red-pool-16749-8567\"},{\"@type\":\"BreadcrumbList\",\"@id\":\"https:\/\/www.miomiorun.com\/fr\/produit\/falke-ru4-cool-short-femme\/#breadcrumb\",\"itemListElement\":[{\"@type\":\"ListItem\",\"position\":1,\"name\":\"Home\",\"item\":\"https:\/\/www.miomiorun.com\/fr\/home-page\/\"},{\"@type\":\"ListItem\",\"position\":2,\"name\":\"Shop\",\"item\":\"https:\/\/www.miomiorun.com\/shop\/\"},{\"@type\":\"ListItem\",\"position\":3,\"name\":\"RU4 Cool Short femme\"}]},{\"@type\":\"WebSite\",\"@id\":\"https:\/\/www.miomiorun.com\/fr\/#website\",\"url\":\"https:\/\/www.miomiorun.com\/fr\/\",\"name\":\"MioMioRun\",\"description\":\"Boutique 100% running et trail\",\"publisher\":{\"@id\":\"https:\/\/www.miomiorun.com\/fr\/#organization\"},\"potentialAction\":[{\"@type\":\"SearchAction\",\"target\":{\"@type\":\"EntryPoint\",\"urlTemplate\":\"https:\/\/www.miomiorun.com\/fr\/?s={search_term_string}\"},\"query-input\":{\"@type\":\"PropertyValueSpecification\",\"valueRequired\":true,\"valueName\":\"search_term_string\"}}],\"inLanguage\":\"fr-FR\"},{\"@type\":\"Organization\",\"@id\":\"https:\/\/www.miomiorun.com\/fr\/#organization\",\"name\":\"MioMio Run\",\"url\":\"https:\/\/www.miomiorun.com\/fr\/\",\"logo\":{\"@type\":\"ImageObject\",\"inLanguage\":\"fr-FR\",\"@id\":\"https:\/\/www.miomiorun.com\/fr\/#\/schema\/logo\/image\/\",\"url\":\"https:\/\/www.miomiorun.com\/app\/uploads\/2019\/12\/logomio.png\",\"contentUrl\":\"https:\/\/www.miomiorun.com\/app\/uploads\/2019\/12\/logomio.png\",\"width\":115,\"height\":82,\"caption\":\"MioMio Run\"},\"image\":{\"@id\":\"https:\/\/www.miomiorun.com\/fr\/#\/schema\/logo\/image\/\"},\"sameAs\":[\"https:\/\/www.facebook.com\/miomiorun\/\",\"https:\/\/www.instagram.com\/miomiorun\/\"]}]}<\/script>\n<!-- \/ Yoast SEO plugin. -->","yoast_head_json":{"title":"Falke RU4 Cool Short femme - Chaussettes de course- MioMioRun.com","description":"La chaussette \u00ab RU4 Cool Short \u00bb \u00e0 la cheville est notre chaussette de course la plus polyvalente. Son rembourrage moyen prot\u00e8ge des ampoules .","robots":{"index":"index","follow":"follow","max-snippet":"max-snippet:-1","max-image-preview":"max-image-preview:large","max-video-preview":"max-video-preview:-1"},"canonical":"https:\/\/www.miomiorun.com\/fr\/produit\/falke-ru4-cool-short-femme\/","og_locale":"fr_FR","og_type":"article","og_title":"Falke RU4 Cool Short femme - Chaussettes de course- MioMioRun.com","og_description":"La chaussette \u00ab RU4 Cool Short \u00bb \u00e0 la cheville est notre chaussette de course la plus polyvalente. Son rembourrage moyen prot\u00e8ge des ampoules .","og_url":"https:\/\/www.miomiorun.com\/fr\/produit\/falke-ru4-cool-short-femme\/","og_site_name":"MioMioRun","article_publisher":"https:\/\/www.facebook.com\/miomiorun\/","article_modified_time":"2025-09-20T15:53:21+00:00","og_image":[{"width":600,"height":600,"url":"https:\/\/www.miomiorun.com\/app\/uploads\/2023\/05\/falke-ru4-cool-short-W-neop-red-pool-16749-8567.jpg","type":"image\/jpeg"}],"twitter_card":"summary_large_image","twitter_misc":{"Est. reading time":"1 minute"},"schema":{"@context":"https:\/\/schema.org","@graph":[{"@type":"WebPage","@id":"https:\/\/www.miomiorun.com\/fr\/produit\/falke-ru4-cool-short-femme\/","url":"https:\/\/www.miomiorun.com\/fr\/produit\/falke-ru4-cool-short-femme\/","name":"Falke RU4 Cool Short femme - Chaussettes de course- MioMioRun.com","isPartOf":{"@id":"https:\/\/www.miomiorun.com\/fr\/#website"},"primaryImageOfPage":{"@id":"https:\/\/www.miomiorun.com\/fr\/produit\/falke-ru4-cool-short-femme\/#primaryimage"},"image":{"@id":"https:\/\/www.miomiorun.com\/fr\/produit\/falke-ru4-cool-short-femme\/#primaryimage"},"thumbnailUrl":"https:\/\/www.miomiorun.com\/app\/uploads\/2023\/05\/falke-ru4-cool-short-W-neop-red-pool-16749-8567.jpg","datePublished":"2022-04-27T09:50:46+00:00","dateModified":"2025-09-20T15:53:21+00:00","description":"La chaussette \u00ab RU4 Cool Short \u00bb \u00e0 la cheville est notre chaussette de course la plus polyvalente. Son rembourrage moyen prot\u00e8ge des ampoules .","breadcrumb":{"@id":"https:\/\/www.miomiorun.com\/fr\/produit\/falke-ru4-cool-short-femme\/#breadcrumb"},"inLanguage":"fr-FR","potentialAction":[{"@type":"ReadAction","target":["https:\/\/www.miomiorun.com\/fr\/produit\/falke-ru4-cool-short-femme\/"]}]},{"@type":"ImageObject","inLanguage":"fr-FR","@id":"https:\/\/www.miomiorun.com\/fr\/produit\/falke-ru4-cool-short-femme\/#primaryimage","url":"https:\/\/www.miomiorun.com\/app\/uploads\/2023\/05\/falke-ru4-cool-short-W-neop-red-pool-16749-8567.jpg","contentUrl":"https:\/\/www.miomiorun.com\/app\/uploads\/2023\/05\/falke-ru4-cool-short-W-neop-red-pool-16749-8567.jpg","width":600,"height":600,"caption":"falke-ru4-cool-short-W-neop-red-pool-16749-8567"},{"@type":"BreadcrumbList","@id":"https:\/\/www.miomiorun.com\/fr\/produit\/falke-ru4-cool-short-femme\/#breadcrumb","itemListElement":[{"@type":"ListItem","position":1,"name":"Home","item":"https:\/\/www.miomiorun.com\/fr\/home-page\/"},{"@type":"ListItem","position":2,"name":"Shop","item":"https:\/\/www.miomiorun.com\/shop\/"},{"@type":"ListItem","position":3,"name":"RU4 Cool Short femme"}]},{"@type":"WebSite","@id":"https:\/\/www.miomiorun.com\/fr\/#website","url":"https:\/\/www.miomiorun.com\/fr\/","name":"MioMioRun","description":"Boutique 100% running et trail","publisher":{"@id":"https:\/\/www.miomiorun.com\/fr\/#organization"},"potentialAction":[{"@type":"SearchAction","target":{"@type":"EntryPoint","urlTemplate":"https:\/\/www.miomiorun.com\/fr\/?s={search_term_string}"},"query-input":{"@type":"PropertyValueSpecification","valueRequired":true,"valueName":"search_term_string"}}],"inLanguage":"fr-FR"},{"@type":"Organization","@id":"https:\/\/www.miomiorun.com\/fr\/#organization","name":"MioMio Run","url":"https:\/\/www.miomiorun.com\/fr\/","logo":{"@type":"ImageObject","inLanguage":"fr-FR","@id":"https:\/\/www.miomiorun.com\/fr\/#\/schema\/logo\/image\/","url":"https:\/\/www.miomiorun.com\/app\/uploads\/2019\/12\/logomio.png","contentUrl":"https:\/\/www.miomiorun.com\/app\/uploads\/2019\/12\/logomio.png","width":115,"height":82,"caption":"MioMio Run"},"image":{"@id":"https:\/\/www.miomiorun.com\/fr\/#\/schema\/logo\/image\/"},"sameAs":["https:\/\/www.facebook.com\/miomiorun\/","https:\/\/www.instagram.com\/miomiorun\/"]}]}},"_links":{"self":[{"href":"https:\/\/www.miomiorun.com\/fr\/wp-json\/wp\/v2\/product\/282218","targetHints":{"allow":["GET"]}}],"collection":[{"href":"https:\/\/www.miomiorun.com\/fr\/wp-json\/wp\/v2\/product"}],"about":[{"href":"https:\/\/www.miomiorun.com\/fr\/wp-json\/wp\/v2\/types\/product"}],"wp:featuredmedia":[{"embeddable":true,"href":"https:\/\/www.miomiorun.com\/fr\/wp-json\/wp\/v2\/media\/240341"}],"wp:attachment":[{"href":"https:\/\/www.miomiorun.com\/fr\/wp-json\/wp\/v2\/media?parent=282218"}],"wp:term":[{"taxonomy":"product_brand","embeddable":true,"href":"https:\/\/www.miomiorun.com\/fr\/wp-json\/wp\/v2\/product_brand?post=282218"},{"taxonomy":"product_cat","embeddable":true,"href":"https:\/\/www.miomiorun.com\/fr\/wp-json\/wp\/v2\/product_cat?post=282218"},{"taxonomy":"product_tag","embeddable":true,"href":"https:\/\/www.miomiorun.com\/fr\/wp-json\/wp\/v2\/product_tag?post=282218"}],"curies":[{"name":"wp","href":"https:\/\/api.w.org\/{rel}","templated":true}]}}