{"id":282217,"date":"2022-04-27T11:52:31","date_gmt":"2022-04-27T09:52:31","guid":{"rendered":"https:\/\/miomiorun.com\/prodotto\/falke-ru4-cool-short-uomo\/"},"modified":"2025-09-20T15:52:06","modified_gmt":"2025-09-20T13:52:06","slug":"falke-ru4-cool-short-homme","status":"publish","type":"product","link":"https:\/\/www.miomiorun.com\/fr\/produit\/falke-ru4-cool-short-homme\/","title":{"rendered":"RU4 Cool Short homme"},"content":{"rendered":"<p>Les chaussettes <strong>RU4 Cool<\/strong> <strong>Short<\/strong> pour hommes, qui arrivent \u00e0 la cheville, sont nos chaussettes de course les plus polyvalentes. Le rembourrage moyen prot\u00e8ge contre les ampoules en r\u00e9duisant les points de pression, tout en maintenant un bon contact avec la chaussure. Des zones en mesh int\u00e9gr\u00e9es au niveau du cou-de-pied garantissent une agr\u00e9able sensation de fra\u00eecheur au pied. L&#8217;\u00e9vacuation rapide de l&#8217;humidit\u00e9 et l&#8217;ajustement parfait garantissent un confort optimal \u00e0 tout moment.<\/p>\n<p><strong>Caract\u00e9ristiques :<\/strong><\/p>\n<div class=\"product-section product-detailed-page__section product-detailed-page__section--details\">\n<div>\n<div>\n<div class=\"product-section__content\">\n<div class=\"product-features\">\n<ul class=\"product-features__list\">\n<li class=\"product-features__item\">Chaussettes de course polyvalentes avec rembourrage moyen pour une protection \u00e9quilibr\u00e9e et une transmission directe de la force<\/li>\n<li class=\"product-features__item\">100 % mati\u00e8re synth\u00e9tique, m\u00e9lange de Coolmax, polyester et polypropyl\u00e8ne<\/li>\n<li class=\"product-features__item\">Amorti moyen et bon contact avec la chaussure<\/li>\n<li class=\"product-features__item\">Transport \u00e9lev\u00e9 de l&#8217;humidit\u00e9 et s\u00e9chage rapide gr\u00e2ce \u00e0 la structure \u00e0 trois couches du mat\u00e9riau avec fibres techniques<\/li>\n<li class=\"product-features__item\">Zones en mesh sur le cou-de-pied pour un maximum de fra\u00eecheur<\/li>\n<li class=\"product-features__item\">Ajustement optimal gr\u00e2ce \u00e0 la semelle anatomique et \u00e0 la pointe pr\u00e9form\u00e9e<\/li>\n<\/ul>\n<\/div>\n<\/div>\n<\/div>\n<\/div>\n<\/div>\n<div class=\"product-section product-detailed-page__section product-detailed-page__section--description\">\n<div>\n<div>\n<div class=\"product-section__content\">\n<div class=\"product-description\">\n<div class=\"product-description__content\"><\/div>\n<\/div>\n<\/div>\n<\/div>\n<\/div>\n<\/div>\n<p>&nbsp;<\/p>\n<table style=\"border-collapse: collapse;width: 100%;height: 24px\">\n<tbody>\n<tr style=\"height: 24px\">\n<td style=\"width: 25%;height: 24px;text-align: center\">\n<div class=\"product-functional-symbols__image-container\"><img decoding=\"async\" class=\"product-functional-symbols__image aligncenter\" src=\"https:\/\/www.falke.com\/it_it\/9dd393d722265eb755772abd698b837041098075\/assets\/base\/staticImages\/functionalsymbols\/icon_feuchtigkeitsregulierend.svg\" \/><\/div>\n<p>R\u00e9gule l&#8217;humidit\u00e9<\/td>\n<td style=\"width: 25%;height: 24px;text-align: center\">\n<div class=\"product-functional-symbols__image-container\"><img decoding=\"async\" class=\"product-functional-symbols__image\" src=\"https:\/\/www.falke.com\/it_it\/7ce8ae0e8382e27e767d55937b0805f5f19ef321\/assets\/base\/staticImages\/functionalsymbols\/icon_daempfende-wirkung.svg\" \/><\/div>\n<p>Effet amortissant<\/td>\n<td style=\"width: 25%;height: 24px;text-align: center\">\n<div class=\"product-functional-symbols__image-container\"><img decoding=\"async\" class=\"product-functional-symbols__image aligncenter\" src=\"https:\/\/www.falke.com\/it_it\/9dd393d722265eb755772abd698b837041098075\/assets\/base\/staticImages\/functionalsymbols\/icon_schnellste_ruecktrocknung.svg\" \/><\/div>\n<p>S\u00e9chage plus rapide<\/td>\n<td style=\"width: 25%;height: 24px;text-align: center\">\n<div class=\"product-functional-symbols__image-container\"><img decoding=\"async\" class=\"product-functional-symbols__image aligncenter\" src=\"https:\/\/www.falke.com\/it_it\/9dd393d722265eb755772abd698b837041098075\/assets\/base\/staticImages\/functionalsymbols\/icon_cooling-effect.svg\" \/><\/div>\n<p>Effet rafra\u00eechissant<\/td>\n<\/tr>\n<\/tbody>\n<\/table>\n<p><strong>Mat\u00e9riau<\/strong> 44 % polypropyl\u00e8ne, 33 % polyamide, 22 % polyester, 1 % \u00e9lasthanne<\/p>\n<p><strong>Longueur de la tige<\/strong> \u00c0 la cheville<\/p>\n<p><strong>Rembourrage<\/strong> Moyen \u00e0 \u00e9pais<\/p>\n<p><strong>Coupe<\/strong> Anatomique<\/p>\n<p><strong>Semelle<\/strong> Normale<\/p>\n<p><strong>Look<\/strong> Sportif<\/p>\n","protected":false},"excerpt":{"rendered":"<p>Les chaussettes RU4 Cool Short pour hommes, qui arrivent \u00e0 la cheville, sont nos chaussettes de course les plus polyvalentes. Le rembourrage moyen prot\u00e8ge contre les ampoules en r\u00e9duisant les points de pression, tout en maintenant un bon contact avec la chaussure. Des zones en mesh int\u00e9gr\u00e9es au niveau du cou-de-pied garantissent une agr\u00e9able sensation &hellip; <a href=\"https:\/\/www.miomiorun.com\/fr\/produit\/falke-ru4-cool-short-homme\/\">Continued<\/a><\/p>\n","protected":false},"featured_media":236295,"template":"","meta":{"_acf_changed":false,"inline_featured_image":false},"product_brand":[],"product_cat":[24256,24482,24484],"product_tag":[23482,23606],"class_list":{"0":"post-282217","1":"product","2":"type-product","3":"status-publish","4":"has-post-thumbnail","6":"product_cat-chaussettes-fr","7":"product_cat-vetements-pour-hommes-fr","8":"product_cat-homme","9":"product_tag-falke-fr","10":"product_tag-falke-homme","11":"pa_attivita-fitness-fr","12":"pa_attivita-marcher","13":"pa_attivita-running-fr","14":"pa_colore-ru4-cool-short-black-fr","15":"pa_colore-ru4-cool-short-cobalt-fr","16":"pa_colore-ru4-cool-short-lightning-fr","17":"pa_marca-falke-fr","18":"pa_sesso-homme","19":"pa_size-39-41-fr","20":"pa_size-42-43-fr","21":"pa_size-44-45-fr","22":"pa_size-46-48-fr","24":"first","25":"instock","26":"sale","27":"taxable","28":"shipping-taxable","29":"purchasable","30":"product-type-variable","31":"wvs-archive-product-wrapper"},"acf":[],"yoast_head":"<!-- This site is optimized with the Yoast SEO plugin v26.8 - https:\/\/yoast.com\/product\/yoast-seo-wordpress\/ -->\n<title>Falke RU4 Cool Short homme - Calzini Running - MioMioRun.com<\/title>\n<meta name=\"description\" content=\"&quot;RU4 Cool Short\u201d alla caviglia \u00e8 la nostra calza da corsa pi\u00f9 versatile. L&#039;imbottitura media protegge dalle vesciche .\" \/>\n<meta name=\"robots\" content=\"index, follow, max-snippet:-1, max-image-preview:large, max-video-preview:-1\" \/>\n<link rel=\"canonical\" href=\"https:\/\/www.miomiorun.com\/fr\/produit\/falke-ru4-cool-short-homme\/\" \/>\n<meta property=\"og:locale\" content=\"fr_FR\" \/>\n<meta property=\"og:type\" content=\"article\" \/>\n<meta property=\"og:title\" content=\"Falke RU4 Cool Short homme - Calzini Running - MioMioRun.com\" \/>\n<meta property=\"og:description\" content=\"&quot;RU4 Cool Short\u201d alla caviglia \u00e8 la nostra calza da corsa pi\u00f9 versatile. L&#039;imbottitura media protegge dalle vesciche .\" \/>\n<meta property=\"og:url\" content=\"https:\/\/www.miomiorun.com\/fr\/produit\/falke-ru4-cool-short-homme\/\" \/>\n<meta property=\"og:site_name\" content=\"MioMioRun\" \/>\n<meta property=\"article:publisher\" content=\"https:\/\/www.facebook.com\/miomiorun\/\" \/>\n<meta property=\"article:modified_time\" content=\"2025-09-20T13:52:06+00:00\" \/>\n<meta property=\"og:image\" content=\"https:\/\/www.miomiorun.com\/app\/uploads\/2022\/04\/falke-ru4-cool-short-cobalt-16748-6712.jpg\" \/>\n\t<meta property=\"og:image:width\" content=\"600\" \/>\n\t<meta property=\"og:image:height\" content=\"600\" \/>\n\t<meta property=\"og:image:type\" content=\"image\/jpeg\" \/>\n<meta name=\"twitter:card\" content=\"summary_large_image\" \/>\n<meta name=\"twitter:label1\" content=\"Est. reading time\" \/>\n\t<meta name=\"twitter:data1\" content=\"1 minute\" \/>\n<script type=\"application\/ld+json\" class=\"yoast-schema-graph\">{\"@context\":\"https:\/\/schema.org\",\"@graph\":[{\"@type\":\"WebPage\",\"@id\":\"https:\/\/www.miomiorun.com\/fr\/produit\/falke-ru4-cool-short-homme\/\",\"url\":\"https:\/\/www.miomiorun.com\/fr\/produit\/falke-ru4-cool-short-homme\/\",\"name\":\"Falke RU4 Cool Short homme - Calzini Running - MioMioRun.com\",\"isPartOf\":{\"@id\":\"https:\/\/www.miomiorun.com\/fr\/#website\"},\"primaryImageOfPage\":{\"@id\":\"https:\/\/www.miomiorun.com\/fr\/produit\/falke-ru4-cool-short-homme\/#primaryimage\"},\"image\":{\"@id\":\"https:\/\/www.miomiorun.com\/fr\/produit\/falke-ru4-cool-short-homme\/#primaryimage\"},\"thumbnailUrl\":\"https:\/\/www.miomiorun.com\/app\/uploads\/2022\/04\/falke-ru4-cool-short-cobalt-16748-6712.jpg\",\"datePublished\":\"2022-04-27T09:52:31+00:00\",\"dateModified\":\"2025-09-20T13:52:06+00:00\",\"description\":\"\\\"RU4 Cool Short\u201d alla caviglia \u00e8 la nostra calza da corsa pi\u00f9 versatile. L'imbottitura media protegge dalle vesciche .\",\"breadcrumb\":{\"@id\":\"https:\/\/www.miomiorun.com\/fr\/produit\/falke-ru4-cool-short-homme\/#breadcrumb\"},\"inLanguage\":\"fr-FR\",\"potentialAction\":[{\"@type\":\"ReadAction\",\"target\":[\"https:\/\/www.miomiorun.com\/fr\/produit\/falke-ru4-cool-short-homme\/\"]}]},{\"@type\":\"ImageObject\",\"inLanguage\":\"fr-FR\",\"@id\":\"https:\/\/www.miomiorun.com\/fr\/produit\/falke-ru4-cool-short-homme\/#primaryimage\",\"url\":\"https:\/\/www.miomiorun.com\/app\/uploads\/2022\/04\/falke-ru4-cool-short-cobalt-16748-6712.jpg\",\"contentUrl\":\"https:\/\/www.miomiorun.com\/app\/uploads\/2022\/04\/falke-ru4-cool-short-cobalt-16748-6712.jpg\",\"width\":600,\"height\":600,\"caption\":\"falke-ru4-cool-short-cobalt-16748-6712\"},{\"@type\":\"BreadcrumbList\",\"@id\":\"https:\/\/www.miomiorun.com\/fr\/produit\/falke-ru4-cool-short-homme\/#breadcrumb\",\"itemListElement\":[{\"@type\":\"ListItem\",\"position\":1,\"name\":\"Home\",\"item\":\"https:\/\/www.miomiorun.com\/fr\/home-page\/\"},{\"@type\":\"ListItem\",\"position\":2,\"name\":\"Shop\",\"item\":\"https:\/\/www.miomiorun.com\/shop\/\"},{\"@type\":\"ListItem\",\"position\":3,\"name\":\"RU4 Cool Short homme\"}]},{\"@type\":\"WebSite\",\"@id\":\"https:\/\/www.miomiorun.com\/fr\/#website\",\"url\":\"https:\/\/www.miomiorun.com\/fr\/\",\"name\":\"MioMioRun\",\"description\":\"Boutique 100% running et trail\",\"publisher\":{\"@id\":\"https:\/\/www.miomiorun.com\/fr\/#organization\"},\"potentialAction\":[{\"@type\":\"SearchAction\",\"target\":{\"@type\":\"EntryPoint\",\"urlTemplate\":\"https:\/\/www.miomiorun.com\/fr\/?s={search_term_string}\"},\"query-input\":{\"@type\":\"PropertyValueSpecification\",\"valueRequired\":true,\"valueName\":\"search_term_string\"}}],\"inLanguage\":\"fr-FR\"},{\"@type\":\"Organization\",\"@id\":\"https:\/\/www.miomiorun.com\/fr\/#organization\",\"name\":\"MioMio Run\",\"url\":\"https:\/\/www.miomiorun.com\/fr\/\",\"logo\":{\"@type\":\"ImageObject\",\"inLanguage\":\"fr-FR\",\"@id\":\"https:\/\/www.miomiorun.com\/fr\/#\/schema\/logo\/image\/\",\"url\":\"https:\/\/www.miomiorun.com\/app\/uploads\/2019\/12\/logomio.png\",\"contentUrl\":\"https:\/\/www.miomiorun.com\/app\/uploads\/2019\/12\/logomio.png\",\"width\":115,\"height\":82,\"caption\":\"MioMio Run\"},\"image\":{\"@id\":\"https:\/\/www.miomiorun.com\/fr\/#\/schema\/logo\/image\/\"},\"sameAs\":[\"https:\/\/www.facebook.com\/miomiorun\/\",\"https:\/\/www.instagram.com\/miomiorun\/\"]}]}<\/script>\n<!-- \/ Yoast SEO plugin. -->","yoast_head_json":{"title":"Falke RU4 Cool Short homme - Calzini Running - MioMioRun.com","description":"\"RU4 Cool Short\u201d alla caviglia \u00e8 la nostra calza da corsa pi\u00f9 versatile. L'imbottitura media protegge dalle vesciche .","robots":{"index":"index","follow":"follow","max-snippet":"max-snippet:-1","max-image-preview":"max-image-preview:large","max-video-preview":"max-video-preview:-1"},"canonical":"https:\/\/www.miomiorun.com\/fr\/produit\/falke-ru4-cool-short-homme\/","og_locale":"fr_FR","og_type":"article","og_title":"Falke RU4 Cool Short homme - Calzini Running - MioMioRun.com","og_description":"\"RU4 Cool Short\u201d alla caviglia \u00e8 la nostra calza da corsa pi\u00f9 versatile. L'imbottitura media protegge dalle vesciche .","og_url":"https:\/\/www.miomiorun.com\/fr\/produit\/falke-ru4-cool-short-homme\/","og_site_name":"MioMioRun","article_publisher":"https:\/\/www.facebook.com\/miomiorun\/","article_modified_time":"2025-09-20T13:52:06+00:00","og_image":[{"width":600,"height":600,"url":"https:\/\/www.miomiorun.com\/app\/uploads\/2022\/04\/falke-ru4-cool-short-cobalt-16748-6712.jpg","type":"image\/jpeg"}],"twitter_card":"summary_large_image","twitter_misc":{"Est. reading time":"1 minute"},"schema":{"@context":"https:\/\/schema.org","@graph":[{"@type":"WebPage","@id":"https:\/\/www.miomiorun.com\/fr\/produit\/falke-ru4-cool-short-homme\/","url":"https:\/\/www.miomiorun.com\/fr\/produit\/falke-ru4-cool-short-homme\/","name":"Falke RU4 Cool Short homme - Calzini Running - MioMioRun.com","isPartOf":{"@id":"https:\/\/www.miomiorun.com\/fr\/#website"},"primaryImageOfPage":{"@id":"https:\/\/www.miomiorun.com\/fr\/produit\/falke-ru4-cool-short-homme\/#primaryimage"},"image":{"@id":"https:\/\/www.miomiorun.com\/fr\/produit\/falke-ru4-cool-short-homme\/#primaryimage"},"thumbnailUrl":"https:\/\/www.miomiorun.com\/app\/uploads\/2022\/04\/falke-ru4-cool-short-cobalt-16748-6712.jpg","datePublished":"2022-04-27T09:52:31+00:00","dateModified":"2025-09-20T13:52:06+00:00","description":"\"RU4 Cool Short\u201d alla caviglia \u00e8 la nostra calza da corsa pi\u00f9 versatile. L'imbottitura media protegge dalle vesciche .","breadcrumb":{"@id":"https:\/\/www.miomiorun.com\/fr\/produit\/falke-ru4-cool-short-homme\/#breadcrumb"},"inLanguage":"fr-FR","potentialAction":[{"@type":"ReadAction","target":["https:\/\/www.miomiorun.com\/fr\/produit\/falke-ru4-cool-short-homme\/"]}]},{"@type":"ImageObject","inLanguage":"fr-FR","@id":"https:\/\/www.miomiorun.com\/fr\/produit\/falke-ru4-cool-short-homme\/#primaryimage","url":"https:\/\/www.miomiorun.com\/app\/uploads\/2022\/04\/falke-ru4-cool-short-cobalt-16748-6712.jpg","contentUrl":"https:\/\/www.miomiorun.com\/app\/uploads\/2022\/04\/falke-ru4-cool-short-cobalt-16748-6712.jpg","width":600,"height":600,"caption":"falke-ru4-cool-short-cobalt-16748-6712"},{"@type":"BreadcrumbList","@id":"https:\/\/www.miomiorun.com\/fr\/produit\/falke-ru4-cool-short-homme\/#breadcrumb","itemListElement":[{"@type":"ListItem","position":1,"name":"Home","item":"https:\/\/www.miomiorun.com\/fr\/home-page\/"},{"@type":"ListItem","position":2,"name":"Shop","item":"https:\/\/www.miomiorun.com\/shop\/"},{"@type":"ListItem","position":3,"name":"RU4 Cool Short homme"}]},{"@type":"WebSite","@id":"https:\/\/www.miomiorun.com\/fr\/#website","url":"https:\/\/www.miomiorun.com\/fr\/","name":"MioMioRun","description":"Boutique 100% running et trail","publisher":{"@id":"https:\/\/www.miomiorun.com\/fr\/#organization"},"potentialAction":[{"@type":"SearchAction","target":{"@type":"EntryPoint","urlTemplate":"https:\/\/www.miomiorun.com\/fr\/?s={search_term_string}"},"query-input":{"@type":"PropertyValueSpecification","valueRequired":true,"valueName":"search_term_string"}}],"inLanguage":"fr-FR"},{"@type":"Organization","@id":"https:\/\/www.miomiorun.com\/fr\/#organization","name":"MioMio Run","url":"https:\/\/www.miomiorun.com\/fr\/","logo":{"@type":"ImageObject","inLanguage":"fr-FR","@id":"https:\/\/www.miomiorun.com\/fr\/#\/schema\/logo\/image\/","url":"https:\/\/www.miomiorun.com\/app\/uploads\/2019\/12\/logomio.png","contentUrl":"https:\/\/www.miomiorun.com\/app\/uploads\/2019\/12\/logomio.png","width":115,"height":82,"caption":"MioMio Run"},"image":{"@id":"https:\/\/www.miomiorun.com\/fr\/#\/schema\/logo\/image\/"},"sameAs":["https:\/\/www.facebook.com\/miomiorun\/","https:\/\/www.instagram.com\/miomiorun\/"]}]}},"_links":{"self":[{"href":"https:\/\/www.miomiorun.com\/fr\/wp-json\/wp\/v2\/product\/282217","targetHints":{"allow":["GET"]}}],"collection":[{"href":"https:\/\/www.miomiorun.com\/fr\/wp-json\/wp\/v2\/product"}],"about":[{"href":"https:\/\/www.miomiorun.com\/fr\/wp-json\/wp\/v2\/types\/product"}],"wp:featuredmedia":[{"embeddable":true,"href":"https:\/\/www.miomiorun.com\/fr\/wp-json\/wp\/v2\/media\/236295"}],"wp:attachment":[{"href":"https:\/\/www.miomiorun.com\/fr\/wp-json\/wp\/v2\/media?parent=282217"}],"wp:term":[{"taxonomy":"product_brand","embeddable":true,"href":"https:\/\/www.miomiorun.com\/fr\/wp-json\/wp\/v2\/product_brand?post=282217"},{"taxonomy":"product_cat","embeddable":true,"href":"https:\/\/www.miomiorun.com\/fr\/wp-json\/wp\/v2\/product_cat?post=282217"},{"taxonomy":"product_tag","embeddable":true,"href":"https:\/\/www.miomiorun.com\/fr\/wp-json\/wp\/v2\/product_tag?post=282217"}],"curies":[{"name":"wp","href":"https:\/\/api.w.org\/{rel}","templated":true}]}}