{"id":282215,"date":"2022-04-28T10:29:49","date_gmt":"2022-04-28T08:29:49","guid":{"rendered":"https:\/\/miomiorun.com\/prodotto\/falke-tk2-short-cool-uomo\/"},"modified":"2025-09-20T18:06:46","modified_gmt":"2025-09-20T16:06:46","slug":"falke-tk2-short-cool-homme","status":"publish","type":"product","link":"https:\/\/www.miomiorun.com\/fr\/produit\/falke-tk2-short-cool-homme\/","title":{"rendered":"TK2 Short Cool homme"},"content":{"rendered":"<p>Gr\u00e2ce \u00e0 son rembourrage moyen et \u00e0 sa combinaison de fibres avec du Lyocell, la chaussette courte pour homme <strong>TK2 Short Cool <\/strong>, id\u00e9ale pour les promenades et les randonn\u00e9es, garantit une protection maximale et un rafra\u00eechissement agr\u00e9able lors de randonn\u00e9es sur des terrains peu difficiles, en particulier par temps chaud. Le transport efficace de l&#8217;humidit\u00e9 et l&#8217;ajustement parfait garantissent une temp\u00e9rature id\u00e9ale et un confort maximal pour le pied.<\/p>\n<div class=\"product-section product-detailed-page__section product-detailed-page__section--details\">\n<div>\n<div>\n<div class=\"product-section__content\">\n<div><\/div>\n<div><strong>Caract\u00e9ristiques :<\/strong><\/div>\n<div>\n<div>\n<div>\n<div class=\"product-section__content\">\n<div class=\"product-features\">\n<ul class=\"product-features__list\">\n<li class=\"product-features__item\">Confort maximal lors de randonn\u00e9es sur des terrains peu difficiles dans des conditions m\u00e9t\u00e9orologiques chaudes<\/li>\n<li class=\"product-features__item\">Combinaison de fibres avec Lyocell pour un refroidissement agr\u00e9able<\/li>\n<li class=\"product-features__item\">Rembourrage moyen pour une protection ad\u00e9quate et un bon contact avec la chaussure<\/li>\n<li class=\"product-features__item\">Temp\u00e9rature parfaite et \u00e9vacuation de l&#8217;humidit\u00e9 gr\u00e2ce \u00e0 la structure \u00e0 trois couches<\/li>\n<li class=\"product-features__item\">Ajustement parfait gr\u00e2ce au rembourrage des deux c\u00f4t\u00e9s et \u00e0 la forme des orteils<\/li>\n<\/ul>\n<\/div>\n<\/div>\n<\/div>\n<\/div>\n<\/div>\n<\/div>\n<\/div>\n<\/div>\n<\/div>\n<div class=\"product-section product-detailed-page__section product-detailed-page__section--description\">\n<div>\n<div>\n<div class=\"product-section__content\"><\/div>\n<\/div>\n<\/div>\n<\/div>\n<div class=\"product-functional-symbols__image-container\">\n<table style=\"border-collapse: collapse;width: 100%\">\n<tbody>\n<tr>\n<td style=\"width: 25%;text-align: center\"><img decoding=\"async\" class=\"product-functional-symbols__image aligncenter\" src=\"https:\/\/www.falke.com\/it_it\/9dd393d722265eb755772abd698b837041098075\/assets\/base\/staticImages\/functionalsymbols\/icon_feuchtigkeitsregulierend.svg\" \/>R\u00e9gule l&#8217;humidit\u00e9<\/td>\n<td style=\"width: 25%\">\n<div class=\"product-functional-symbols__image-container\"><img decoding=\"async\" class=\"product-functional-symbols__image aligncenter\" src=\"https:\/\/www.falke.com\/it_it\/7ce8ae0e8382e27e767d55937b0805f5f19ef321\/assets\/base\/staticImages\/functionalsymbols\/icon_daempfende-wirkung.svg\" \/><\/div>\n<div class=\"product-functional-symbols__name\" style=\"text-align: center\">Amortissant<\/div>\n<\/td>\n<td style=\"width: 25%\">\n<div class=\"product-functional-symbols__image-container\"><img decoding=\"async\" class=\"product-functional-symbols__image aligncenter\" src=\"https:\/\/www.falke.com\/it_it\/9dd393d722265eb755772abd698b837041098075\/assets\/base\/staticImages\/functionalsymbols\/icon_schnellste_ruecktrocknung.svg\" \/><\/div>\n<div class=\"product-functional-symbols__name\" style=\"text-align: center\">S\u00e9chage plus rapide<\/div>\n<\/td>\n<td style=\"width: 25%\">\n<div class=\"product-functional-symbols__image-container\"><img decoding=\"async\" class=\"product-functional-symbols__image aligncenter\" src=\"https:\/\/www.falke.com\/it_it\/9dd393d722265eb755772abd698b837041098075\/assets\/base\/staticImages\/functionalsymbols\/icon_cooling-effect.svg\" \/><\/div>\n<div class=\"product-functional-symbols__name\" style=\"text-align: center\">Effet rafra\u00eechissant<\/div>\n<\/td>\n<\/tr>\n<\/tbody>\n<\/table>\n<\/div>\n<div class=\"product-functional-symbols__image-container\"><\/div>\n<p><strong>Mat\u00e9riau<\/strong> : 42 % polypropyl\u00e8ne, 30 % lyocell, 15 % polyamide, 12 % polyester, 1 % \u00e9lasthanne<\/p>\n<p><strong>Longueur de la tige<\/strong> : \u00c0 la cheville<\/p>\n<p><strong>Rembourrage<\/strong> : Moyen-\u00e9pais<\/p>\n<p><strong>Coupe :<\/strong> Anatomique .<\/p>\n<p><strong>Semelle<\/strong> : Normale .<\/p>\n<p><strong>Look<\/strong> : Sportif<\/p>\n","protected":false},"excerpt":{"rendered":"<p>Gr\u00e2ce \u00e0 son rembourrage moyen et \u00e0 sa combinaison de fibres avec du Lyocell, la chaussette courte pour homme TK2 Short Cool , id\u00e9ale pour les promenades et les randonn\u00e9es, garantit une protection maximale et un rafra\u00eechissement agr\u00e9able lors de randonn\u00e9es sur des terrains peu difficiles, en particulier par temps chaud. Le transport efficace de &hellip; <a href=\"https:\/\/www.miomiorun.com\/fr\/produit\/falke-tk2-short-cool-homme\/\">Continued<\/a><\/p>\n","protected":false},"featured_media":236713,"template":"","meta":{"_acf_changed":false,"inline_featured_image":false},"product_brand":[],"product_cat":[24256,24482,24484],"product_tag":[23482,23606],"class_list":{"0":"post-282215","1":"product","2":"type-product","3":"status-publish","4":"has-post-thumbnail","6":"product_cat-chaussettes-fr","7":"product_cat-vetements-pour-hommes-fr","8":"product_cat-homme","9":"product_tag-falke-fr","10":"product_tag-falke-homme","11":"pa_attivita-marcher","12":"pa_attivita-outdoor-fr","13":"pa_colore-tk2-short-cool-mustard-fr","14":"pa_colore-tk2-short-cool-steel-grey-fr","15":"pa_marca-falke-fr","16":"pa_sesso-homme","17":"pa_size-39-41-fr","18":"pa_size-44-45-fr","20":"first","21":"instock","22":"sale","23":"taxable","24":"shipping-taxable","25":"purchasable","26":"product-type-variable","27":"wvs-archive-product-wrapper"},"acf":[],"yoast_head":"<!-- This site is optimized with the Yoast SEO plugin v26.8 - https:\/\/yoast.com\/product\/yoast-seo-wordpress\/ -->\n<title>Falke TK2 Short Cool homme - Chaussettes de course - MioMioRun.com<\/title>\n<meta name=\"description\" content=\"Gr\u00e2ce \u00e0 son rembourrage, la chaussette courte TK2 Short Cool est id\u00e9ale pour les promenades et les randonn\u00e9es et garantit une protection maximale.\" \/>\n<meta name=\"robots\" content=\"index, follow, max-snippet:-1, max-image-preview:large, max-video-preview:-1\" \/>\n<link rel=\"canonical\" href=\"https:\/\/www.miomiorun.com\/fr\/produit\/falke-tk2-short-cool-homme\/\" \/>\n<meta property=\"og:locale\" content=\"fr_FR\" \/>\n<meta property=\"og:type\" content=\"article\" \/>\n<meta property=\"og:title\" content=\"Falke TK2 Short Cool homme - Chaussettes de course - MioMioRun.com\" \/>\n<meta property=\"og:description\" content=\"Gr\u00e2ce \u00e0 son rembourrage, la chaussette courte TK2 Short Cool est id\u00e9ale pour les promenades et les randonn\u00e9es et garantit une protection maximale.\" \/>\n<meta property=\"og:url\" content=\"https:\/\/www.miomiorun.com\/fr\/produit\/falke-tk2-short-cool-homme\/\" \/>\n<meta property=\"og:site_name\" content=\"MioMioRun\" \/>\n<meta property=\"article:publisher\" content=\"https:\/\/www.facebook.com\/miomiorun\/\" \/>\n<meta property=\"article:modified_time\" content=\"2025-09-20T16:06:46+00:00\" \/>\n<meta property=\"og:image\" content=\"https:\/\/www.miomiorun.com\/app\/uploads\/2022\/05\/falke-tk2-short-cool-steel-grey-16154-3583.jpg\" \/>\n\t<meta property=\"og:image:width\" content=\"600\" \/>\n\t<meta property=\"og:image:height\" content=\"600\" \/>\n\t<meta property=\"og:image:type\" content=\"image\/jpeg\" \/>\n<meta name=\"twitter:card\" content=\"summary_large_image\" \/>\n<meta name=\"twitter:label1\" content=\"Est. reading time\" \/>\n\t<meta name=\"twitter:data1\" content=\"1 minute\" \/>\n<script type=\"application\/ld+json\" class=\"yoast-schema-graph\">{\"@context\":\"https:\/\/schema.org\",\"@graph\":[{\"@type\":\"WebPage\",\"@id\":\"https:\/\/www.miomiorun.com\/fr\/produit\/falke-tk2-short-cool-homme\/\",\"url\":\"https:\/\/www.miomiorun.com\/fr\/produit\/falke-tk2-short-cool-homme\/\",\"name\":\"Falke TK2 Short Cool homme - Chaussettes de course - MioMioRun.com\",\"isPartOf\":{\"@id\":\"https:\/\/www.miomiorun.com\/fr\/#website\"},\"primaryImageOfPage\":{\"@id\":\"https:\/\/www.miomiorun.com\/fr\/produit\/falke-tk2-short-cool-homme\/#primaryimage\"},\"image\":{\"@id\":\"https:\/\/www.miomiorun.com\/fr\/produit\/falke-tk2-short-cool-homme\/#primaryimage\"},\"thumbnailUrl\":\"https:\/\/www.miomiorun.com\/app\/uploads\/2022\/05\/falke-tk2-short-cool-steel-grey-16154-3583.jpg\",\"datePublished\":\"2022-04-28T08:29:49+00:00\",\"dateModified\":\"2025-09-20T16:06:46+00:00\",\"description\":\"Gr\u00e2ce \u00e0 son rembourrage, la chaussette courte TK2 Short Cool est id\u00e9ale pour les promenades et les randonn\u00e9es et garantit une protection maximale.\",\"breadcrumb\":{\"@id\":\"https:\/\/www.miomiorun.com\/fr\/produit\/falke-tk2-short-cool-homme\/#breadcrumb\"},\"inLanguage\":\"fr-FR\",\"potentialAction\":[{\"@type\":\"ReadAction\",\"target\":[\"https:\/\/www.miomiorun.com\/fr\/produit\/falke-tk2-short-cool-homme\/\"]}]},{\"@type\":\"ImageObject\",\"inLanguage\":\"fr-FR\",\"@id\":\"https:\/\/www.miomiorun.com\/fr\/produit\/falke-tk2-short-cool-homme\/#primaryimage\",\"url\":\"https:\/\/www.miomiorun.com\/app\/uploads\/2022\/05\/falke-tk2-short-cool-steel-grey-16154-3583.jpg\",\"contentUrl\":\"https:\/\/www.miomiorun.com\/app\/uploads\/2022\/05\/falke-tk2-short-cool-steel-grey-16154-3583.jpg\",\"width\":600,\"height\":600,\"caption\":\"falke-tk2-short-cool-steel-grey-16154-3583\"},{\"@type\":\"BreadcrumbList\",\"@id\":\"https:\/\/www.miomiorun.com\/fr\/produit\/falke-tk2-short-cool-homme\/#breadcrumb\",\"itemListElement\":[{\"@type\":\"ListItem\",\"position\":1,\"name\":\"Home\",\"item\":\"https:\/\/www.miomiorun.com\/fr\/home-page\/\"},{\"@type\":\"ListItem\",\"position\":2,\"name\":\"Shop\",\"item\":\"https:\/\/www.miomiorun.com\/shop\/\"},{\"@type\":\"ListItem\",\"position\":3,\"name\":\"TK2 Short Cool homme\"}]},{\"@type\":\"WebSite\",\"@id\":\"https:\/\/www.miomiorun.com\/fr\/#website\",\"url\":\"https:\/\/www.miomiorun.com\/fr\/\",\"name\":\"MioMioRun\",\"description\":\"Boutique 100% running et trail\",\"publisher\":{\"@id\":\"https:\/\/www.miomiorun.com\/fr\/#organization\"},\"potentialAction\":[{\"@type\":\"SearchAction\",\"target\":{\"@type\":\"EntryPoint\",\"urlTemplate\":\"https:\/\/www.miomiorun.com\/fr\/?s={search_term_string}\"},\"query-input\":{\"@type\":\"PropertyValueSpecification\",\"valueRequired\":true,\"valueName\":\"search_term_string\"}}],\"inLanguage\":\"fr-FR\"},{\"@type\":\"Organization\",\"@id\":\"https:\/\/www.miomiorun.com\/fr\/#organization\",\"name\":\"MioMio Run\",\"url\":\"https:\/\/www.miomiorun.com\/fr\/\",\"logo\":{\"@type\":\"ImageObject\",\"inLanguage\":\"fr-FR\",\"@id\":\"https:\/\/www.miomiorun.com\/fr\/#\/schema\/logo\/image\/\",\"url\":\"https:\/\/www.miomiorun.com\/app\/uploads\/2019\/12\/logomio.png\",\"contentUrl\":\"https:\/\/www.miomiorun.com\/app\/uploads\/2019\/12\/logomio.png\",\"width\":115,\"height\":82,\"caption\":\"MioMio Run\"},\"image\":{\"@id\":\"https:\/\/www.miomiorun.com\/fr\/#\/schema\/logo\/image\/\"},\"sameAs\":[\"https:\/\/www.facebook.com\/miomiorun\/\",\"https:\/\/www.instagram.com\/miomiorun\/\"]}]}<\/script>\n<!-- \/ Yoast SEO plugin. -->","yoast_head_json":{"title":"Falke TK2 Short Cool homme - Chaussettes de course - MioMioRun.com","description":"Gr\u00e2ce \u00e0 son rembourrage, la chaussette courte TK2 Short Cool est id\u00e9ale pour les promenades et les randonn\u00e9es et garantit une protection maximale.","robots":{"index":"index","follow":"follow","max-snippet":"max-snippet:-1","max-image-preview":"max-image-preview:large","max-video-preview":"max-video-preview:-1"},"canonical":"https:\/\/www.miomiorun.com\/fr\/produit\/falke-tk2-short-cool-homme\/","og_locale":"fr_FR","og_type":"article","og_title":"Falke TK2 Short Cool homme - Chaussettes de course - MioMioRun.com","og_description":"Gr\u00e2ce \u00e0 son rembourrage, la chaussette courte TK2 Short Cool est id\u00e9ale pour les promenades et les randonn\u00e9es et garantit une protection maximale.","og_url":"https:\/\/www.miomiorun.com\/fr\/produit\/falke-tk2-short-cool-homme\/","og_site_name":"MioMioRun","article_publisher":"https:\/\/www.facebook.com\/miomiorun\/","article_modified_time":"2025-09-20T16:06:46+00:00","og_image":[{"width":600,"height":600,"url":"https:\/\/www.miomiorun.com\/app\/uploads\/2022\/05\/falke-tk2-short-cool-steel-grey-16154-3583.jpg","type":"image\/jpeg"}],"twitter_card":"summary_large_image","twitter_misc":{"Est. reading time":"1 minute"},"schema":{"@context":"https:\/\/schema.org","@graph":[{"@type":"WebPage","@id":"https:\/\/www.miomiorun.com\/fr\/produit\/falke-tk2-short-cool-homme\/","url":"https:\/\/www.miomiorun.com\/fr\/produit\/falke-tk2-short-cool-homme\/","name":"Falke TK2 Short Cool homme - Chaussettes de course - MioMioRun.com","isPartOf":{"@id":"https:\/\/www.miomiorun.com\/fr\/#website"},"primaryImageOfPage":{"@id":"https:\/\/www.miomiorun.com\/fr\/produit\/falke-tk2-short-cool-homme\/#primaryimage"},"image":{"@id":"https:\/\/www.miomiorun.com\/fr\/produit\/falke-tk2-short-cool-homme\/#primaryimage"},"thumbnailUrl":"https:\/\/www.miomiorun.com\/app\/uploads\/2022\/05\/falke-tk2-short-cool-steel-grey-16154-3583.jpg","datePublished":"2022-04-28T08:29:49+00:00","dateModified":"2025-09-20T16:06:46+00:00","description":"Gr\u00e2ce \u00e0 son rembourrage, la chaussette courte TK2 Short Cool est id\u00e9ale pour les promenades et les randonn\u00e9es et garantit une protection maximale.","breadcrumb":{"@id":"https:\/\/www.miomiorun.com\/fr\/produit\/falke-tk2-short-cool-homme\/#breadcrumb"},"inLanguage":"fr-FR","potentialAction":[{"@type":"ReadAction","target":["https:\/\/www.miomiorun.com\/fr\/produit\/falke-tk2-short-cool-homme\/"]}]},{"@type":"ImageObject","inLanguage":"fr-FR","@id":"https:\/\/www.miomiorun.com\/fr\/produit\/falke-tk2-short-cool-homme\/#primaryimage","url":"https:\/\/www.miomiorun.com\/app\/uploads\/2022\/05\/falke-tk2-short-cool-steel-grey-16154-3583.jpg","contentUrl":"https:\/\/www.miomiorun.com\/app\/uploads\/2022\/05\/falke-tk2-short-cool-steel-grey-16154-3583.jpg","width":600,"height":600,"caption":"falke-tk2-short-cool-steel-grey-16154-3583"},{"@type":"BreadcrumbList","@id":"https:\/\/www.miomiorun.com\/fr\/produit\/falke-tk2-short-cool-homme\/#breadcrumb","itemListElement":[{"@type":"ListItem","position":1,"name":"Home","item":"https:\/\/www.miomiorun.com\/fr\/home-page\/"},{"@type":"ListItem","position":2,"name":"Shop","item":"https:\/\/www.miomiorun.com\/shop\/"},{"@type":"ListItem","position":3,"name":"TK2 Short Cool homme"}]},{"@type":"WebSite","@id":"https:\/\/www.miomiorun.com\/fr\/#website","url":"https:\/\/www.miomiorun.com\/fr\/","name":"MioMioRun","description":"Boutique 100% running et trail","publisher":{"@id":"https:\/\/www.miomiorun.com\/fr\/#organization"},"potentialAction":[{"@type":"SearchAction","target":{"@type":"EntryPoint","urlTemplate":"https:\/\/www.miomiorun.com\/fr\/?s={search_term_string}"},"query-input":{"@type":"PropertyValueSpecification","valueRequired":true,"valueName":"search_term_string"}}],"inLanguage":"fr-FR"},{"@type":"Organization","@id":"https:\/\/www.miomiorun.com\/fr\/#organization","name":"MioMio Run","url":"https:\/\/www.miomiorun.com\/fr\/","logo":{"@type":"ImageObject","inLanguage":"fr-FR","@id":"https:\/\/www.miomiorun.com\/fr\/#\/schema\/logo\/image\/","url":"https:\/\/www.miomiorun.com\/app\/uploads\/2019\/12\/logomio.png","contentUrl":"https:\/\/www.miomiorun.com\/app\/uploads\/2019\/12\/logomio.png","width":115,"height":82,"caption":"MioMio Run"},"image":{"@id":"https:\/\/www.miomiorun.com\/fr\/#\/schema\/logo\/image\/"},"sameAs":["https:\/\/www.facebook.com\/miomiorun\/","https:\/\/www.instagram.com\/miomiorun\/"]}]}},"_links":{"self":[{"href":"https:\/\/www.miomiorun.com\/fr\/wp-json\/wp\/v2\/product\/282215","targetHints":{"allow":["GET"]}}],"collection":[{"href":"https:\/\/www.miomiorun.com\/fr\/wp-json\/wp\/v2\/product"}],"about":[{"href":"https:\/\/www.miomiorun.com\/fr\/wp-json\/wp\/v2\/types\/product"}],"wp:featuredmedia":[{"embeddable":true,"href":"https:\/\/www.miomiorun.com\/fr\/wp-json\/wp\/v2\/media\/236713"}],"wp:attachment":[{"href":"https:\/\/www.miomiorun.com\/fr\/wp-json\/wp\/v2\/media?parent=282215"}],"wp:term":[{"taxonomy":"product_brand","embeddable":true,"href":"https:\/\/www.miomiorun.com\/fr\/wp-json\/wp\/v2\/product_brand?post=282215"},{"taxonomy":"product_cat","embeddable":true,"href":"https:\/\/www.miomiorun.com\/fr\/wp-json\/wp\/v2\/product_cat?post=282215"},{"taxonomy":"product_tag","embeddable":true,"href":"https:\/\/www.miomiorun.com\/fr\/wp-json\/wp\/v2\/product_tag?post=282215"}],"curies":[{"name":"wp","href":"https:\/\/api.w.org\/{rel}","templated":true}]}}