{"id":282162,"date":"2022-03-05T10:21:11","date_gmt":"2022-03-05T09:21:11","guid":{"rendered":"https:\/\/miomiorun.com\/prodotto\/la-sportiva-briza-windbreaker-jkt-donna\/"},"modified":"2026-05-08T21:23:44","modified_gmt":"2026-05-08T19:23:44","slug":"la-sportiva-briza-windbreaker-jkt-femme","status":"publish","type":"product","link":"https:\/\/www.miomiorun.com\/fr\/produit\/la-sportiva-briza-windbreaker-jkt-femme\/","title":{"rendered":"Briza Windbreaker JKT femme"},"content":{"rendered":"<p>Couche protectrice l\u00e9g\u00e8re et compressible, la veste Briza Windbreaker Jacket est une solution contre la pluie et le vent qui ne p\u00e8se que 100 grammes au total. Encore plus respirante gr\u00e2ce \u00e0 l&#8217;insert en mesh dans le dos, et polyvalente gr\u00e2ce \u00e0 la poche centrale arri\u00e8re permettant de ranger la capuche lorsqu&#8217;elle n&#8217;est pas utilis\u00e9e, cette veste est id\u00e9ale \u00e0 emporter avec soi lors de chaque sortie.<\/p>\n<ul>\n<li>Poches en mesh<\/li>\n<li>Fermeture \u00e9clair sur le devant<\/li>\n<li>Coupe-vent<\/li>\n<li>Hydrofuge<\/li>\n<li>Empi\u00e8cements en mesh dans le dos pour une meilleure respirabilit\u00e9<\/li>\n<li>Compressible<\/li>\n<li>Capuche ergonomique int\u00e9gr\u00e9e<\/li>\n<li>Construction simplifi\u00e9e et \u00e9pur\u00e9e<\/li>\n<\/ul>\n<p><img decoding=\"async\" class=\"img-responsive margin-bottom-sm\" src=\"https:\/\/www.lasportiva.com\/media\/techinfo_icons\/Breathability_75x75.png\"><\/p>\n<p><strong>Respirabilit\u00e9 :<\/strong><br \/>\nProduits hautement respirants pour un excellent confort climatique.<\/p>\n<p><img loading=\"lazy\" decoding=\"async\" class=\" lazyloaded\" src=\"https:\/\/www.lasportiva.com\/media\/techinfo_icons\/slim-fit.png\" alt=\"La Sportiva\" width=\"75\" height=\"75\" data-src=\"https:\/\/www.lasportiva.com\/media\/techinfo_icons\/slim-fit.png\"><\/p>\n<p><strong>Coupe ajust\u00e9e :<\/strong><br \/>\nCoupe tr\u00e8s ajust\u00e9e pour des performances maximales en comp\u00e9tition<\/p>\n<p><img decoding=\"async\" class=\"img-responsive margin-bottom-sm\" src=\"https:\/\/www.lasportiva.com\/media\/techinfo_icons\/Lightweight_75x75.png\"><\/p>\n<p><strong>L\u00e9g\u00e8ret\u00e9 :<\/strong><br \/>\nProduits qui maintiennent le poids au minimum<\/p>\n<p><img decoding=\"async\" class=\"img-responsive margin-bottom-sm\" src=\"https:\/\/www.lasportiva.com\/media\/techinfo_icons\/Wind-stop_75x75.png\"><\/p>\n<p><strong>Wind-stop :<\/strong><br \/>\nV\u00eatements fabriqu\u00e9s dans des mat\u00e9riaux coupe-vent.<\/p>\n<p><img decoding=\"async\" class=\"img-responsive margin-bottom-sm\" src=\"https:\/\/www.lasportiva.com\/media\/techinfo_icons\/L5_75x75.png\"><\/p>\n<p><strong>L5 &#8211; HARD SHELL<\/strong><br \/>\nCoque ext\u00e9rieure de protection contre le vent, la pluie et la neige. Une v\u00e9ritable barri\u00e8re contre les agents atmosph\u00e9riques qui favorise en m\u00eame temps la transpiration gr\u00e2ce aux mat\u00e9riaux et aux membranes utilis\u00e9s.<\/p>\n<p><b>Coupe : <\/b>Slim<br \/>\n<b>Mat\u00e9riaux : <\/b>Principal : (SPL07) 100 % PA &#8211; Empi\u00e8cements : (MSH28) 75 % PL recycl\u00e9, 25 % PL<br \/>\n<b>Poids : <\/b>83 g (S)<\/p>\n<p>&nbsp;<\/p>\n","protected":false},"excerpt":{"rendered":"<p>Couche protectrice l\u00e9g\u00e8re et compressible, la veste Briza Windbreaker Jacket est une solution contre la pluie et le vent qui ne p\u00e8se que 100 grammes au total. Encore plus respirante gr\u00e2ce \u00e0 l&#8217;insert en mesh dans le dos, et polyvalente gr\u00e2ce \u00e0 la poche centrale arri\u00e8re permettant de ranger la capuche lorsqu&#8217;elle n&#8217;est pas utilis\u00e9e, &hellip; <a href=\"https:\/\/www.miomiorun.com\/fr\/produit\/la-sportiva-briza-windbreaker-jkt-femme\/\">Continued<\/a><\/p>\n","protected":false},"featured_media":235494,"template":"","meta":{"_acf_changed":false,"inline_featured_image":false},"product_brand":[],"product_cat":[22599,22596,22595],"product_tag":[23597,23601],"class_list":{"0":"post-282162","1":"product","2":"type-product","3":"status-publish","4":"has-post-thumbnail","6":"product_cat-vestes","7":"product_cat-vetements-pour-femmes","8":"product_cat-femme","9":"product_tag-la-sportiva-fr","10":"product_tag-la-sportiva-femme","11":"pa_attivita-outdoor-fr","12":"pa_attivita-trail-fr","13":"pa_colore-briza-windbreaker-jkt-w-malibu-blue-hibi-fr","14":"pa_marca-la-sportiva-fr","15":"pa_sesso-femme","16":"pa_size-extra-small-fr","18":"first","19":"instock","20":"sale","21":"taxable","22":"shipping-taxable","23":"purchasable","24":"product-type-variable","25":"wvs-archive-product-wrapper"},"acf":[],"yoast_head":"<!-- This site is optimized with the Yoast SEO plugin v26.8 - https:\/\/yoast.com\/product\/yoast-seo-wordpress\/ -->\n<title>La Sportiva Briza Windbreaker JKT femme - veste femme - MioMioRun.com<\/title>\n<meta name=\"description\" content=\"Couche protectrice l\u00e9g\u00e8re et compressible, la veste Briza Windbreaker Jacket offre une solution contre la pluie et le vent pour seulement 100 grammes.\" \/>\n<meta name=\"robots\" content=\"index, follow, max-snippet:-1, max-image-preview:large, max-video-preview:-1\" \/>\n<link rel=\"canonical\" href=\"https:\/\/www.miomiorun.com\/fr\/produit\/la-sportiva-briza-windbreaker-jkt-femme\/\" \/>\n<meta property=\"og:locale\" content=\"fr_FR\" \/>\n<meta property=\"og:type\" content=\"article\" \/>\n<meta property=\"og:title\" content=\"La Sportiva Briza Windbreaker JKT femme - veste femme - MioMioRun.com\" \/>\n<meta property=\"og:description\" content=\"Couche protectrice l\u00e9g\u00e8re et compressible, la veste Briza Windbreaker Jacket offre une solution contre la pluie et le vent pour seulement 100 grammes.\" \/>\n<meta property=\"og:url\" content=\"https:\/\/www.miomiorun.com\/fr\/produit\/la-sportiva-briza-windbreaker-jkt-femme\/\" \/>\n<meta property=\"og:site_name\" content=\"MioMioRun\" \/>\n<meta property=\"article:publisher\" content=\"https:\/\/www.facebook.com\/miomiorun\/\" \/>\n<meta property=\"article:modified_time\" content=\"2026-05-08T19:23:44+00:00\" \/>\n<meta property=\"og:image\" content=\"https:\/\/www.miomiorun.com\/app\/uploads\/2022\/03\/la-sportiva-Briza-windbreaker-jkt-Q09602402.jpg\" \/>\n\t<meta property=\"og:image:width\" content=\"600\" \/>\n\t<meta property=\"og:image:height\" content=\"600\" \/>\n\t<meta property=\"og:image:type\" content=\"image\/jpeg\" \/>\n<meta name=\"twitter:card\" content=\"summary_large_image\" \/>\n<meta name=\"twitter:label1\" content=\"Est. reading time\" \/>\n\t<meta name=\"twitter:data1\" content=\"1 minute\" \/>\n<script type=\"application\/ld+json\" class=\"yoast-schema-graph\">{\"@context\":\"https:\/\/schema.org\",\"@graph\":[{\"@type\":\"WebPage\",\"@id\":\"https:\/\/www.miomiorun.com\/fr\/produit\/la-sportiva-briza-windbreaker-jkt-femme\/\",\"url\":\"https:\/\/www.miomiorun.com\/fr\/produit\/la-sportiva-briza-windbreaker-jkt-femme\/\",\"name\":\"La Sportiva Briza Windbreaker JKT femme - veste femme - MioMioRun.com\",\"isPartOf\":{\"@id\":\"https:\/\/www.miomiorun.com\/fr\/#website\"},\"primaryImageOfPage\":{\"@id\":\"https:\/\/www.miomiorun.com\/fr\/produit\/la-sportiva-briza-windbreaker-jkt-femme\/#primaryimage\"},\"image\":{\"@id\":\"https:\/\/www.miomiorun.com\/fr\/produit\/la-sportiva-briza-windbreaker-jkt-femme\/#primaryimage\"},\"thumbnailUrl\":\"https:\/\/www.miomiorun.com\/app\/uploads\/2022\/03\/la-sportiva-Briza-windbreaker-jkt-Q09602402.jpg\",\"datePublished\":\"2022-03-05T09:21:11+00:00\",\"dateModified\":\"2026-05-08T19:23:44+00:00\",\"description\":\"Couche protectrice l\u00e9g\u00e8re et compressible, la veste Briza Windbreaker Jacket offre une solution contre la pluie et le vent pour seulement 100 grammes.\",\"breadcrumb\":{\"@id\":\"https:\/\/www.miomiorun.com\/fr\/produit\/la-sportiva-briza-windbreaker-jkt-femme\/#breadcrumb\"},\"inLanguage\":\"fr-FR\",\"potentialAction\":[{\"@type\":\"ReadAction\",\"target\":[\"https:\/\/www.miomiorun.com\/fr\/produit\/la-sportiva-briza-windbreaker-jkt-femme\/\"]}]},{\"@type\":\"ImageObject\",\"inLanguage\":\"fr-FR\",\"@id\":\"https:\/\/www.miomiorun.com\/fr\/produit\/la-sportiva-briza-windbreaker-jkt-femme\/#primaryimage\",\"url\":\"https:\/\/www.miomiorun.com\/app\/uploads\/2022\/03\/la-sportiva-Briza-windbreaker-jkt-Q09602402.jpg\",\"contentUrl\":\"https:\/\/www.miomiorun.com\/app\/uploads\/2022\/03\/la-sportiva-Briza-windbreaker-jkt-Q09602402.jpg\",\"width\":600,\"height\":600,\"caption\":\"la-sportiva-Briza-windbreaker-jkt-Q09602402\"},{\"@type\":\"BreadcrumbList\",\"@id\":\"https:\/\/www.miomiorun.com\/fr\/produit\/la-sportiva-briza-windbreaker-jkt-femme\/#breadcrumb\",\"itemListElement\":[{\"@type\":\"ListItem\",\"position\":1,\"name\":\"Home\",\"item\":\"https:\/\/www.miomiorun.com\/fr\/home-page\/\"},{\"@type\":\"ListItem\",\"position\":2,\"name\":\"Shop\",\"item\":\"https:\/\/www.miomiorun.com\/shop\/\"},{\"@type\":\"ListItem\",\"position\":3,\"name\":\"Briza Windbreaker JKT femme\"}]},{\"@type\":\"WebSite\",\"@id\":\"https:\/\/www.miomiorun.com\/fr\/#website\",\"url\":\"https:\/\/www.miomiorun.com\/fr\/\",\"name\":\"MioMioRun\",\"description\":\"Boutique 100% running et trail\",\"publisher\":{\"@id\":\"https:\/\/www.miomiorun.com\/fr\/#organization\"},\"potentialAction\":[{\"@type\":\"SearchAction\",\"target\":{\"@type\":\"EntryPoint\",\"urlTemplate\":\"https:\/\/www.miomiorun.com\/fr\/?s={search_term_string}\"},\"query-input\":{\"@type\":\"PropertyValueSpecification\",\"valueRequired\":true,\"valueName\":\"search_term_string\"}}],\"inLanguage\":\"fr-FR\"},{\"@type\":\"Organization\",\"@id\":\"https:\/\/www.miomiorun.com\/fr\/#organization\",\"name\":\"MioMio Run\",\"url\":\"https:\/\/www.miomiorun.com\/fr\/\",\"logo\":{\"@type\":\"ImageObject\",\"inLanguage\":\"fr-FR\",\"@id\":\"https:\/\/www.miomiorun.com\/fr\/#\/schema\/logo\/image\/\",\"url\":\"https:\/\/www.miomiorun.com\/app\/uploads\/2019\/12\/logomio.png\",\"contentUrl\":\"https:\/\/www.miomiorun.com\/app\/uploads\/2019\/12\/logomio.png\",\"width\":115,\"height\":82,\"caption\":\"MioMio Run\"},\"image\":{\"@id\":\"https:\/\/www.miomiorun.com\/fr\/#\/schema\/logo\/image\/\"},\"sameAs\":[\"https:\/\/www.facebook.com\/miomiorun\/\",\"https:\/\/www.instagram.com\/miomiorun\/\"]}]}<\/script>\n<!-- \/ Yoast SEO plugin. -->","yoast_head_json":{"title":"La Sportiva Briza Windbreaker JKT femme - veste femme - MioMioRun.com","description":"Couche protectrice l\u00e9g\u00e8re et compressible, la veste Briza Windbreaker Jacket offre une solution contre la pluie et le vent pour seulement 100 grammes.","robots":{"index":"index","follow":"follow","max-snippet":"max-snippet:-1","max-image-preview":"max-image-preview:large","max-video-preview":"max-video-preview:-1"},"canonical":"https:\/\/www.miomiorun.com\/fr\/produit\/la-sportiva-briza-windbreaker-jkt-femme\/","og_locale":"fr_FR","og_type":"article","og_title":"La Sportiva Briza Windbreaker JKT femme - veste femme - MioMioRun.com","og_description":"Couche protectrice l\u00e9g\u00e8re et compressible, la veste Briza Windbreaker Jacket offre une solution contre la pluie et le vent pour seulement 100 grammes.","og_url":"https:\/\/www.miomiorun.com\/fr\/produit\/la-sportiva-briza-windbreaker-jkt-femme\/","og_site_name":"MioMioRun","article_publisher":"https:\/\/www.facebook.com\/miomiorun\/","article_modified_time":"2026-05-08T19:23:44+00:00","og_image":[{"width":600,"height":600,"url":"https:\/\/www.miomiorun.com\/app\/uploads\/2022\/03\/la-sportiva-Briza-windbreaker-jkt-Q09602402.jpg","type":"image\/jpeg"}],"twitter_card":"summary_large_image","twitter_misc":{"Est. reading time":"1 minute"},"schema":{"@context":"https:\/\/schema.org","@graph":[{"@type":"WebPage","@id":"https:\/\/www.miomiorun.com\/fr\/produit\/la-sportiva-briza-windbreaker-jkt-femme\/","url":"https:\/\/www.miomiorun.com\/fr\/produit\/la-sportiva-briza-windbreaker-jkt-femme\/","name":"La Sportiva Briza Windbreaker JKT femme - veste femme - MioMioRun.com","isPartOf":{"@id":"https:\/\/www.miomiorun.com\/fr\/#website"},"primaryImageOfPage":{"@id":"https:\/\/www.miomiorun.com\/fr\/produit\/la-sportiva-briza-windbreaker-jkt-femme\/#primaryimage"},"image":{"@id":"https:\/\/www.miomiorun.com\/fr\/produit\/la-sportiva-briza-windbreaker-jkt-femme\/#primaryimage"},"thumbnailUrl":"https:\/\/www.miomiorun.com\/app\/uploads\/2022\/03\/la-sportiva-Briza-windbreaker-jkt-Q09602402.jpg","datePublished":"2022-03-05T09:21:11+00:00","dateModified":"2026-05-08T19:23:44+00:00","description":"Couche protectrice l\u00e9g\u00e8re et compressible, la veste Briza Windbreaker Jacket offre une solution contre la pluie et le vent pour seulement 100 grammes.","breadcrumb":{"@id":"https:\/\/www.miomiorun.com\/fr\/produit\/la-sportiva-briza-windbreaker-jkt-femme\/#breadcrumb"},"inLanguage":"fr-FR","potentialAction":[{"@type":"ReadAction","target":["https:\/\/www.miomiorun.com\/fr\/produit\/la-sportiva-briza-windbreaker-jkt-femme\/"]}]},{"@type":"ImageObject","inLanguage":"fr-FR","@id":"https:\/\/www.miomiorun.com\/fr\/produit\/la-sportiva-briza-windbreaker-jkt-femme\/#primaryimage","url":"https:\/\/www.miomiorun.com\/app\/uploads\/2022\/03\/la-sportiva-Briza-windbreaker-jkt-Q09602402.jpg","contentUrl":"https:\/\/www.miomiorun.com\/app\/uploads\/2022\/03\/la-sportiva-Briza-windbreaker-jkt-Q09602402.jpg","width":600,"height":600,"caption":"la-sportiva-Briza-windbreaker-jkt-Q09602402"},{"@type":"BreadcrumbList","@id":"https:\/\/www.miomiorun.com\/fr\/produit\/la-sportiva-briza-windbreaker-jkt-femme\/#breadcrumb","itemListElement":[{"@type":"ListItem","position":1,"name":"Home","item":"https:\/\/www.miomiorun.com\/fr\/home-page\/"},{"@type":"ListItem","position":2,"name":"Shop","item":"https:\/\/www.miomiorun.com\/shop\/"},{"@type":"ListItem","position":3,"name":"Briza Windbreaker JKT femme"}]},{"@type":"WebSite","@id":"https:\/\/www.miomiorun.com\/fr\/#website","url":"https:\/\/www.miomiorun.com\/fr\/","name":"MioMioRun","description":"Boutique 100% running et trail","publisher":{"@id":"https:\/\/www.miomiorun.com\/fr\/#organization"},"potentialAction":[{"@type":"SearchAction","target":{"@type":"EntryPoint","urlTemplate":"https:\/\/www.miomiorun.com\/fr\/?s={search_term_string}"},"query-input":{"@type":"PropertyValueSpecification","valueRequired":true,"valueName":"search_term_string"}}],"inLanguage":"fr-FR"},{"@type":"Organization","@id":"https:\/\/www.miomiorun.com\/fr\/#organization","name":"MioMio Run","url":"https:\/\/www.miomiorun.com\/fr\/","logo":{"@type":"ImageObject","inLanguage":"fr-FR","@id":"https:\/\/www.miomiorun.com\/fr\/#\/schema\/logo\/image\/","url":"https:\/\/www.miomiorun.com\/app\/uploads\/2019\/12\/logomio.png","contentUrl":"https:\/\/www.miomiorun.com\/app\/uploads\/2019\/12\/logomio.png","width":115,"height":82,"caption":"MioMio Run"},"image":{"@id":"https:\/\/www.miomiorun.com\/fr\/#\/schema\/logo\/image\/"},"sameAs":["https:\/\/www.facebook.com\/miomiorun\/","https:\/\/www.instagram.com\/miomiorun\/"]}]}},"_links":{"self":[{"href":"https:\/\/www.miomiorun.com\/fr\/wp-json\/wp\/v2\/product\/282162","targetHints":{"allow":["GET"]}}],"collection":[{"href":"https:\/\/www.miomiorun.com\/fr\/wp-json\/wp\/v2\/product"}],"about":[{"href":"https:\/\/www.miomiorun.com\/fr\/wp-json\/wp\/v2\/types\/product"}],"wp:featuredmedia":[{"embeddable":true,"href":"https:\/\/www.miomiorun.com\/fr\/wp-json\/wp\/v2\/media\/235494"}],"wp:attachment":[{"href":"https:\/\/www.miomiorun.com\/fr\/wp-json\/wp\/v2\/media?parent=282162"}],"wp:term":[{"taxonomy":"product_brand","embeddable":true,"href":"https:\/\/www.miomiorun.com\/fr\/wp-json\/wp\/v2\/product_brand?post=282162"},{"taxonomy":"product_cat","embeddable":true,"href":"https:\/\/www.miomiorun.com\/fr\/wp-json\/wp\/v2\/product_cat?post=282162"},{"taxonomy":"product_tag","embeddable":true,"href":"https:\/\/www.miomiorun.com\/fr\/wp-json\/wp\/v2\/product_tag?post=282162"}],"curies":[{"name":"wp","href":"https:\/\/api.w.org\/{rel}","templated":true}]}}