{"id":282134,"date":"2022-03-05T16:39:03","date_gmt":"2022-03-05T15:39:03","guid":{"rendered":"https:\/\/miomiorun.com\/prodotto\/brooks-dare-crossback-run-bra-2-donna\/"},"modified":"2025-12-19T12:15:39","modified_gmt":"2025-12-19T11:15:39","slug":"brooks-dare-crossback-run-bra-2-femme","status":"publish","type":"product","link":"https:\/\/www.miomiorun.com\/fr\/produit\/brooks-dare-crossback-run-bra-2-femme\/","title":{"rendered":"Dare crossback Run bra 2 femme"},"content":{"rendered":"<div class=\"single-product-description\">Renouvelez votre soutien-gorge de sport avec dos crois\u00e9. Ce soutien-gorge au style simple et \u00e9pur\u00e9 offre un maintien optimal pour la course \u00e0 pied ; apr\u00e8s tout, on court mieux quand la poitrine ne bouge pas. Les bonnets pr\u00e9form\u00e9s soul\u00e8vent et soutiennent la poitrine, tandis que la conception \u00e0 enfiler minimise les distractions.<\/div>\n<div><\/div>\n<div>\n<h3 class=\"a-type-h4 m-long-description__label\">Id\u00e9al pour :<\/h3>\n<div class=\"m-long-description__best-for-icon\" aria-hidden=\"true\"><img loading=\"lazy\" decoding=\"async\" class=\"a-responsive-image__img alignleft\" src=\"https:\/\/www.brooksrunning.com\/on\/demandware.static\/-\/Sites-brooks-master-catalog\/default\/dw3b544e99\/specs\/PDP-BestFor-BRA-Run-Ready-Molded-Support.svg\" alt=\"\" width=\"100\" height=\"100\"><\/div>\n<p>&nbsp;<\/p>\n<p>Soutien<\/p>\n<\/div>\n<p>&nbsp;<\/p>\n<p>&nbsp;<\/p>\n<p>&nbsp;<\/p>\n<div>\n<div class=\"m-long-description__best-for-icon\" aria-hidden=\"true\"><img loading=\"lazy\" decoding=\"async\" class=\"a-responsive-image__img alignleft\" src=\"https:\/\/www.brooksrunning.com\/on\/demandware.static\/-\/Sites-brooks-master-catalog\/default\/dw84afb706\/specs\/PDP-BestFor-BRA-Nearly-Seamless-Design.svg\" alt=\"\" width=\"115\" height=\"115\"><\/div>\n<p>&nbsp;<\/p>\n<p>Sensation de douceur<\/p>\n<\/div>\n<p>&nbsp;<\/p>\n<p>&nbsp;<\/p>\n<div>\n<div class=\"m-long-description__best-for-icon\" aria-hidden=\"true\"><img loading=\"lazy\" decoding=\"async\" class=\"a-responsive-image__img alignleft\" src=\"https:\/\/www.brooksrunning.com\/on\/demandware.static\/-\/Sites-brooks-master-catalog\/default\/dw4fc42e57\/specs\/PDP-BestFor-FTW-APP-BRA-Breathability.svg\" alt=\"\" width=\"115\" height=\"115\"><\/div>\n<p>&nbsp;<\/p>\n<p>Respirabilit\u00e9<\/p>\n<\/div>\n<p>&nbsp;<\/p>\n<p>&nbsp;<\/p>\n<div>\n<div class=\"m-long-description__best-for-icon\" aria-hidden=\"true\"><img loading=\"lazy\" decoding=\"async\" class=\"a-responsive-image__img alignleft\" src=\"https:\/\/www.brooksrunning.com\/on\/demandware.static\/-\/Sites-brooks-master-catalog\/default\/dw90e0d184\/specs\/PDP-BestFor-APP-BRA-New-Fit.svg\" alt=\"\" width=\"115\" height=\"115\"><\/div>\n<p>&nbsp;<\/p>\n<p>Course \u00e0 fort impact<\/p>\n<\/div>\n<p>&nbsp;<\/p>\n<p>&nbsp;<\/p>\n<div class=\"m-features-widget m-features-widget--accent-circle\">\n<div class=\"m-info-label\">\n<h3 class=\"m-info-label__headline a-type-h4\">Praticit\u00e9<\/h3>\n<\/div>\n<ul>\n<li>Me soutient<\/li>\n<li>Type d&#8217;ajustement &#8211; Bande et bonnet &#8211; Double<\/li>\n<\/ul>\n<\/div>\n<p>&nbsp;<\/p>\n<div class=\"o-feature-callout__feature-copy\">\n<h3 class=\"a-type-h4 o-feature-callout__feature-eyebrow\">Courez plus. Rebondissez moins.<\/h3>\n<p class=\"a-type-h3--big o-feature-callout__feature-header\">Fort impact, soutien pr\u00e9form\u00e9<\/p>\n<p class=\"a-type-p o-feature-callout__feature-body\">Courez plus. Rebonds minimaux<\/p>\n<ul class=\"o-feature-callout__feature-list\">\n<li class=\"a-type-p o-feature-callout__feature-list-item\"><span class=\"a-type-p o-feature-callout__feature-list-item-text\">Con\u00e7u en collaboration avec nos partenaires de recherche de l&#8217;Institute for Breast Health de l&#8217;universit\u00e9 de Portsmouth.<\/span><\/li>\n<li class=\"a-type-p o-feature-callout__feature-list-item\"><span class=\"a-type-p o-feature-callout__feature-list-item-text\">Des tests biom\u00e9caniques d\u00e9montrent que nos soutiens-gorge offrent un soutien sp\u00e9cifique pour la course \u00e0 pied.<\/span><\/li>\n<li class=\"a-type-p o-feature-callout__feature-list-item\"><span class=\"a-type-p o-feature-callout__feature-list-item-text\">Nous testons nos soutiens-gorge sur des femmes comme vous, car les donn\u00e9es de laboratoire ne sont valables que lorsqu&#8217;elles s&#8217;appliquent dans le monde r\u00e9el. <\/span><\/li>\n<\/ul>\n<div class=\"o-feature-callout__feature-copy\">\n<h3 class=\"a-type-h4 o-feature-callout__feature-eyebrow\">Il est de retour, et il est encore meilleur. <\/h3>\n<p class=\"a-type-h3--big o-feature-callout__feature-header\">Conception am\u00e9lior\u00e9e pour un impact \u00e9lev\u00e9<\/p>\n<p class=\"a-type-p o-feature-callout__feature-body\">Nous avons allong\u00e9 la bande int\u00e9gr\u00e9e dans la partie inf\u00e9rieure pour augmenter la s\u00e9curit\u00e9 et le soutien. De plus, les renforts en tissu dans les zones les plus sollicit\u00e9es, telles que les bretelles et la bande, offrent une plus grande s\u00e9curit\u00e9. <\/p>\n<div class=\"o-feature-callout__feature-copy\">\n<h3 class=\"a-type-h4 o-feature-callout__feature-eyebrow\">Il s&#8217;enfile en un clin d&#8217;\u0153il. Il s&#8217;enl\u00e8ve en un clin d&#8217;\u0153il. <\/h3>\n<p class=\"a-type-h3--big o-feature-callout__feature-header\">Doux et s\u00fbr<\/p>\n<p class=\"a-type-p o-feature-callout__feature-body\">Les coutures essentielles et le tissu respirant assurent une sensation de douceur confortable qui r\u00e9duit les irritations et les frottements. <\/p>\n<\/div>\n<\/div>\n<\/div>\n","protected":false},"excerpt":{"rendered":"<p>Renouvelez votre soutien-gorge de sport avec dos crois\u00e9. Ce soutien-gorge au style simple et \u00e9pur\u00e9 offre un maintien optimal pour la course \u00e0 pied ; apr\u00e8s tout, on court mieux quand la poitrine ne bouge pas. Les bonnets pr\u00e9form\u00e9s soul\u00e8vent et soutiennent la poitrine, tandis que la conception \u00e0 enfiler minimise les distractions. Id\u00e9al pour &hellip; <a href=\"https:\/\/www.miomiorun.com\/fr\/produit\/brooks-dare-crossback-run-bra-2-femme\/\">Continued<\/a><\/p>\n","protected":false},"featured_media":235539,"template":"","meta":{"_acf_changed":false,"inline_featured_image":false},"product_brand":[],"product_cat":[22600,22596,22595],"product_tag":[23462,23656],"class_list":{"0":"post-282134","1":"product","2":"type-product","3":"status-publish","4":"has-post-thumbnail","6":"product_cat-sous-vetements","7":"product_cat-vetements-pour-femmes","8":"product_cat-femme","9":"product_tag-brooks-fr","10":"product_tag-brooks-femme","11":"pa_attivita-fitness-fr","12":"pa_attivita-marcher","13":"pa_attivita-running-fr","14":"pa_colore-dare-crossback-run-bra-2-0-black-fr","15":"pa_colore-dare-crossback-run-bra-2-0-lt-lavender-fr","16":"pa_colore-dare-crossback-run-bra-2-0-nightlife-asphalt-fr","17":"pa_colore-dare-crossback-run-bra-violet-dash-fr","18":"pa_marca-brooks-fr","19":"pa_sesso-femme","20":"pa_size-32ab-fr","21":"pa_size-32cd-fr","22":"pa_size-34cd-fr","23":"pa_size-36cd-fr","25":"first","26":"instock","27":"sale","28":"taxable","29":"shipping-taxable","30":"purchasable","31":"product-type-variable","32":"wvs-archive-product-wrapper"},"acf":[],"yoast_head":"<!-- This site is optimized with the Yoast SEO plugin v26.8 - https:\/\/yoast.com\/product\/yoast-seo-wordpress\/ -->\n<title>Brooks Dare crossback Run bra 2 femme - Soutiens-gorge - MioMioRun<\/title>\n<meta name=\"description\" content=\"Avec son style simple et \u00e9pur\u00e9, il offre un soutien efficace pour la course \u00e0 pied, tandis que les bonnets pr\u00e9form\u00e9s soul\u00e8vent et maintiennent la poitrine.\" \/>\n<meta name=\"robots\" content=\"index, follow, max-snippet:-1, max-image-preview:large, max-video-preview:-1\" \/>\n<link rel=\"canonical\" href=\"https:\/\/www.miomiorun.com\/fr\/produit\/brooks-dare-crossback-run-bra-2-femme\/\" \/>\n<meta property=\"og:locale\" content=\"fr_FR\" \/>\n<meta property=\"og:type\" content=\"article\" \/>\n<meta property=\"og:title\" content=\"Brooks Dare crossback Run bra 2 femme - Soutiens-gorge - MioMioRun\" \/>\n<meta property=\"og:description\" content=\"Avec son style simple et \u00e9pur\u00e9, il offre un soutien efficace pour la course \u00e0 pied, tandis que les bonnets pr\u00e9form\u00e9s soul\u00e8vent et maintiennent la poitrine.\" \/>\n<meta property=\"og:url\" content=\"https:\/\/www.miomiorun.com\/fr\/produit\/brooks-dare-crossback-run-bra-2-femme\/\" \/>\n<meta property=\"og:site_name\" content=\"MioMioRun\" \/>\n<meta property=\"article:publisher\" content=\"https:\/\/www.facebook.com\/miomiorun\/\" \/>\n<meta property=\"article:modified_time\" content=\"2025-12-19T11:15:39+00:00\" \/>\n<meta property=\"og:image\" content=\"https:\/\/www.miomiorun.com\/app\/uploads\/2022\/03\/brooks-dare-crossback-2-350084554.jpg\" \/>\n\t<meta property=\"og:image:width\" content=\"600\" \/>\n\t<meta property=\"og:image:height\" content=\"600\" \/>\n\t<meta property=\"og:image:type\" content=\"image\/jpeg\" \/>\n<meta name=\"twitter:card\" content=\"summary_large_image\" \/>\n<meta name=\"twitter:label1\" content=\"Est. reading time\" \/>\n\t<meta name=\"twitter:data1\" content=\"1 minute\" \/>\n<script type=\"application\/ld+json\" class=\"yoast-schema-graph\">{\"@context\":\"https:\/\/schema.org\",\"@graph\":[{\"@type\":\"WebPage\",\"@id\":\"https:\/\/www.miomiorun.com\/fr\/produit\/brooks-dare-crossback-run-bra-2-femme\/\",\"url\":\"https:\/\/www.miomiorun.com\/fr\/produit\/brooks-dare-crossback-run-bra-2-femme\/\",\"name\":\"Brooks Dare crossback Run bra 2 femme - Soutiens-gorge - MioMioRun\",\"isPartOf\":{\"@id\":\"https:\/\/www.miomiorun.com\/fr\/#website\"},\"primaryImageOfPage\":{\"@id\":\"https:\/\/www.miomiorun.com\/fr\/produit\/brooks-dare-crossback-run-bra-2-femme\/#primaryimage\"},\"image\":{\"@id\":\"https:\/\/www.miomiorun.com\/fr\/produit\/brooks-dare-crossback-run-bra-2-femme\/#primaryimage\"},\"thumbnailUrl\":\"https:\/\/www.miomiorun.com\/app\/uploads\/2022\/03\/brooks-dare-crossback-2-350084554.jpg\",\"datePublished\":\"2022-03-05T15:39:03+00:00\",\"dateModified\":\"2025-12-19T11:15:39+00:00\",\"description\":\"Avec son style simple et \u00e9pur\u00e9, il offre un soutien efficace pour la course \u00e0 pied, tandis que les bonnets pr\u00e9form\u00e9s soul\u00e8vent et maintiennent la poitrine.\",\"breadcrumb\":{\"@id\":\"https:\/\/www.miomiorun.com\/fr\/produit\/brooks-dare-crossback-run-bra-2-femme\/#breadcrumb\"},\"inLanguage\":\"fr-FR\",\"potentialAction\":[{\"@type\":\"ReadAction\",\"target\":[\"https:\/\/www.miomiorun.com\/fr\/produit\/brooks-dare-crossback-run-bra-2-femme\/\"]}]},{\"@type\":\"ImageObject\",\"inLanguage\":\"fr-FR\",\"@id\":\"https:\/\/www.miomiorun.com\/fr\/produit\/brooks-dare-crossback-run-bra-2-femme\/#primaryimage\",\"url\":\"https:\/\/www.miomiorun.com\/app\/uploads\/2022\/03\/brooks-dare-crossback-2-350084554.jpg\",\"contentUrl\":\"https:\/\/www.miomiorun.com\/app\/uploads\/2022\/03\/brooks-dare-crossback-2-350084554.jpg\",\"width\":600,\"height\":600,\"caption\":\"brooks-dare-crossback-2-350084554\"},{\"@type\":\"BreadcrumbList\",\"@id\":\"https:\/\/www.miomiorun.com\/fr\/produit\/brooks-dare-crossback-run-bra-2-femme\/#breadcrumb\",\"itemListElement\":[{\"@type\":\"ListItem\",\"position\":1,\"name\":\"Home\",\"item\":\"https:\/\/www.miomiorun.com\/fr\/home-page\/\"},{\"@type\":\"ListItem\",\"position\":2,\"name\":\"Shop\",\"item\":\"https:\/\/www.miomiorun.com\/shop\/\"},{\"@type\":\"ListItem\",\"position\":3,\"name\":\"Dare crossback Run bra 2 femme\"}]},{\"@type\":\"WebSite\",\"@id\":\"https:\/\/www.miomiorun.com\/fr\/#website\",\"url\":\"https:\/\/www.miomiorun.com\/fr\/\",\"name\":\"MioMioRun\",\"description\":\"Boutique 100% running et trail\",\"publisher\":{\"@id\":\"https:\/\/www.miomiorun.com\/fr\/#organization\"},\"potentialAction\":[{\"@type\":\"SearchAction\",\"target\":{\"@type\":\"EntryPoint\",\"urlTemplate\":\"https:\/\/www.miomiorun.com\/fr\/?s={search_term_string}\"},\"query-input\":{\"@type\":\"PropertyValueSpecification\",\"valueRequired\":true,\"valueName\":\"search_term_string\"}}],\"inLanguage\":\"fr-FR\"},{\"@type\":\"Organization\",\"@id\":\"https:\/\/www.miomiorun.com\/fr\/#organization\",\"name\":\"MioMio Run\",\"url\":\"https:\/\/www.miomiorun.com\/fr\/\",\"logo\":{\"@type\":\"ImageObject\",\"inLanguage\":\"fr-FR\",\"@id\":\"https:\/\/www.miomiorun.com\/fr\/#\/schema\/logo\/image\/\",\"url\":\"https:\/\/www.miomiorun.com\/app\/uploads\/2019\/12\/logomio.png\",\"contentUrl\":\"https:\/\/www.miomiorun.com\/app\/uploads\/2019\/12\/logomio.png\",\"width\":115,\"height\":82,\"caption\":\"MioMio Run\"},\"image\":{\"@id\":\"https:\/\/www.miomiorun.com\/fr\/#\/schema\/logo\/image\/\"},\"sameAs\":[\"https:\/\/www.facebook.com\/miomiorun\/\",\"https:\/\/www.instagram.com\/miomiorun\/\"]}]}<\/script>\n<!-- \/ Yoast SEO plugin. -->","yoast_head_json":{"title":"Brooks Dare crossback Run bra 2 femme - Soutiens-gorge - MioMioRun","description":"Avec son style simple et \u00e9pur\u00e9, il offre un soutien efficace pour la course \u00e0 pied, tandis que les bonnets pr\u00e9form\u00e9s soul\u00e8vent et maintiennent la poitrine.","robots":{"index":"index","follow":"follow","max-snippet":"max-snippet:-1","max-image-preview":"max-image-preview:large","max-video-preview":"max-video-preview:-1"},"canonical":"https:\/\/www.miomiorun.com\/fr\/produit\/brooks-dare-crossback-run-bra-2-femme\/","og_locale":"fr_FR","og_type":"article","og_title":"Brooks Dare crossback Run bra 2 femme - Soutiens-gorge - MioMioRun","og_description":"Avec son style simple et \u00e9pur\u00e9, il offre un soutien efficace pour la course \u00e0 pied, tandis que les bonnets pr\u00e9form\u00e9s soul\u00e8vent et maintiennent la poitrine.","og_url":"https:\/\/www.miomiorun.com\/fr\/produit\/brooks-dare-crossback-run-bra-2-femme\/","og_site_name":"MioMioRun","article_publisher":"https:\/\/www.facebook.com\/miomiorun\/","article_modified_time":"2025-12-19T11:15:39+00:00","og_image":[{"width":600,"height":600,"url":"https:\/\/www.miomiorun.com\/app\/uploads\/2022\/03\/brooks-dare-crossback-2-350084554.jpg","type":"image\/jpeg"}],"twitter_card":"summary_large_image","twitter_misc":{"Est. reading time":"1 minute"},"schema":{"@context":"https:\/\/schema.org","@graph":[{"@type":"WebPage","@id":"https:\/\/www.miomiorun.com\/fr\/produit\/brooks-dare-crossback-run-bra-2-femme\/","url":"https:\/\/www.miomiorun.com\/fr\/produit\/brooks-dare-crossback-run-bra-2-femme\/","name":"Brooks Dare crossback Run bra 2 femme - Soutiens-gorge - MioMioRun","isPartOf":{"@id":"https:\/\/www.miomiorun.com\/fr\/#website"},"primaryImageOfPage":{"@id":"https:\/\/www.miomiorun.com\/fr\/produit\/brooks-dare-crossback-run-bra-2-femme\/#primaryimage"},"image":{"@id":"https:\/\/www.miomiorun.com\/fr\/produit\/brooks-dare-crossback-run-bra-2-femme\/#primaryimage"},"thumbnailUrl":"https:\/\/www.miomiorun.com\/app\/uploads\/2022\/03\/brooks-dare-crossback-2-350084554.jpg","datePublished":"2022-03-05T15:39:03+00:00","dateModified":"2025-12-19T11:15:39+00:00","description":"Avec son style simple et \u00e9pur\u00e9, il offre un soutien efficace pour la course \u00e0 pied, tandis que les bonnets pr\u00e9form\u00e9s soul\u00e8vent et maintiennent la poitrine.","breadcrumb":{"@id":"https:\/\/www.miomiorun.com\/fr\/produit\/brooks-dare-crossback-run-bra-2-femme\/#breadcrumb"},"inLanguage":"fr-FR","potentialAction":[{"@type":"ReadAction","target":["https:\/\/www.miomiorun.com\/fr\/produit\/brooks-dare-crossback-run-bra-2-femme\/"]}]},{"@type":"ImageObject","inLanguage":"fr-FR","@id":"https:\/\/www.miomiorun.com\/fr\/produit\/brooks-dare-crossback-run-bra-2-femme\/#primaryimage","url":"https:\/\/www.miomiorun.com\/app\/uploads\/2022\/03\/brooks-dare-crossback-2-350084554.jpg","contentUrl":"https:\/\/www.miomiorun.com\/app\/uploads\/2022\/03\/brooks-dare-crossback-2-350084554.jpg","width":600,"height":600,"caption":"brooks-dare-crossback-2-350084554"},{"@type":"BreadcrumbList","@id":"https:\/\/www.miomiorun.com\/fr\/produit\/brooks-dare-crossback-run-bra-2-femme\/#breadcrumb","itemListElement":[{"@type":"ListItem","position":1,"name":"Home","item":"https:\/\/www.miomiorun.com\/fr\/home-page\/"},{"@type":"ListItem","position":2,"name":"Shop","item":"https:\/\/www.miomiorun.com\/shop\/"},{"@type":"ListItem","position":3,"name":"Dare crossback Run bra 2 femme"}]},{"@type":"WebSite","@id":"https:\/\/www.miomiorun.com\/fr\/#website","url":"https:\/\/www.miomiorun.com\/fr\/","name":"MioMioRun","description":"Boutique 100% running et trail","publisher":{"@id":"https:\/\/www.miomiorun.com\/fr\/#organization"},"potentialAction":[{"@type":"SearchAction","target":{"@type":"EntryPoint","urlTemplate":"https:\/\/www.miomiorun.com\/fr\/?s={search_term_string}"},"query-input":{"@type":"PropertyValueSpecification","valueRequired":true,"valueName":"search_term_string"}}],"inLanguage":"fr-FR"},{"@type":"Organization","@id":"https:\/\/www.miomiorun.com\/fr\/#organization","name":"MioMio Run","url":"https:\/\/www.miomiorun.com\/fr\/","logo":{"@type":"ImageObject","inLanguage":"fr-FR","@id":"https:\/\/www.miomiorun.com\/fr\/#\/schema\/logo\/image\/","url":"https:\/\/www.miomiorun.com\/app\/uploads\/2019\/12\/logomio.png","contentUrl":"https:\/\/www.miomiorun.com\/app\/uploads\/2019\/12\/logomio.png","width":115,"height":82,"caption":"MioMio Run"},"image":{"@id":"https:\/\/www.miomiorun.com\/fr\/#\/schema\/logo\/image\/"},"sameAs":["https:\/\/www.facebook.com\/miomiorun\/","https:\/\/www.instagram.com\/miomiorun\/"]}]}},"_links":{"self":[{"href":"https:\/\/www.miomiorun.com\/fr\/wp-json\/wp\/v2\/product\/282134","targetHints":{"allow":["GET"]}}],"collection":[{"href":"https:\/\/www.miomiorun.com\/fr\/wp-json\/wp\/v2\/product"}],"about":[{"href":"https:\/\/www.miomiorun.com\/fr\/wp-json\/wp\/v2\/types\/product"}],"wp:featuredmedia":[{"embeddable":true,"href":"https:\/\/www.miomiorun.com\/fr\/wp-json\/wp\/v2\/media\/235539"}],"wp:attachment":[{"href":"https:\/\/www.miomiorun.com\/fr\/wp-json\/wp\/v2\/media?parent=282134"}],"wp:term":[{"taxonomy":"product_brand","embeddable":true,"href":"https:\/\/www.miomiorun.com\/fr\/wp-json\/wp\/v2\/product_brand?post=282134"},{"taxonomy":"product_cat","embeddable":true,"href":"https:\/\/www.miomiorun.com\/fr\/wp-json\/wp\/v2\/product_cat?post=282134"},{"taxonomy":"product_tag","embeddable":true,"href":"https:\/\/www.miomiorun.com\/fr\/wp-json\/wp\/v2\/product_tag?post=282134"}],"curies":[{"name":"wp","href":"https:\/\/api.w.org\/{rel}","templated":true}]}}