{"id":282082,"date":"2022-03-05T17:45:01","date_gmt":"2022-03-05T16:45:01","guid":{"rendered":"https:\/\/miomiorun.com\/prodotto\/brooks-drive-plunge-run-bra\/"},"modified":"2026-05-08T21:23:18","modified_gmt":"2026-05-08T19:23:18","slug":"brooks-drive-plunge-run-bra","status":"publish","type":"product","link":"https:\/\/www.miomiorun.com\/fr\/produit\/brooks-drive-plunge-run-bra\/","title":{"rendered":"Drive Plunge Run Bra"},"content":{"rendered":"<div class=\"single-product-description\">D\u00e9couvrez un m\u00e9lange parfait entre maintien pour les courses \u00e0 fort impact et respirabilit\u00e9 gr\u00e2ce \u00e0 la combinaison d&#8217;une compression confortable, d&#8217;empi\u00e8cements en mesh strat\u00e9giquement plac\u00e9s \u00e0 l&#8217;avant et d&#8217;un croisement \u00e0 l&#8217;arri\u00e8re.<\/div>\n<div><\/div>\n<div>\n<h3 class=\"a-type-h4 m-long-description__label\">Id\u00e9al pour :<\/h3>\n<p><img loading=\"lazy\" decoding=\"async\" class=\"a-responsive-image__img\" src=\"https:\/\/www.brooksrunning.com\/on\/demandware.static\/-\/Sites-brooks-master-catalog\/default\/dwc4f791c6\/specs\/PDP-BestFor-BRA-Run-Ready-Compression-Support.svg\" alt=\"\" width=\"40\" height=\"40\"> Maintien.<\/p>\n<p><img loading=\"lazy\" decoding=\"async\" class=\"a-responsive-image__img\" src=\"https:\/\/www.brooksrunning.com\/on\/demandware.static\/-\/Sites-brooks-master-catalog\/default\/dw3df01096\/specs\/PDP-BestFor-BRA-Removeable-Cups.svg\" alt=\"\" width=\"40\" height=\"40\"> Large gamme de bonnets.<\/p>\n<p><img loading=\"lazy\" decoding=\"async\" class=\"a-responsive-image__img\" src=\"https:\/\/www.brooksrunning.com\/on\/demandware.static\/-\/Sites-brooks-master-catalog\/default\/dwa6ab674a\/specs\/PDP-BestFor-FTW-Outdoor-Training.svg\" alt=\"\" width=\"40\" height=\"40\">Course quotidienne.<\/p>\n<p><img loading=\"lazy\" decoding=\"async\" class=\"a-responsive-image__img\" src=\"https:\/\/www.brooksrunning.com\/on\/demandware.static\/-\/Sites-brooks-master-catalog\/default\/dw76b37672\/specs\/PDP-BestFor-APP-BRA-Confident-Style-&amp;-Fit.svg\" alt=\"\" width=\"40\" height=\"40\">Look audacieux.<\/p>\n<\/div>\n<div class=\"m-features-widget m-features-widget--accent-circle\">\n<div class=\"m-info-label\"><\/div>\n<h3>Caract\u00e9ristiques :<\/h3>\n<ul class=\"m-long-description__features\">\n<li class=\"m-long-description__feature\">Soutien pour les courses \u00e0 fort impact.<\/li>\n<li class=\"m-long-description__feature\">Bonnet amovible.<\/li>\n<li class=\"m-long-description__feature\">Respirant.<\/li>\n<\/ul>\n<\/div>\n","protected":false},"excerpt":{"rendered":"<p>D\u00e9couvrez un m\u00e9lange parfait entre maintien pour les courses \u00e0 fort impact et respirabilit\u00e9 gr\u00e2ce \u00e0 la combinaison d&#8217;une compression confortable, d&#8217;empi\u00e8cements en mesh strat\u00e9giquement plac\u00e9s \u00e0 l&#8217;avant et d&#8217;un croisement \u00e0 l&#8217;arri\u00e8re. Id\u00e9al pour : Maintien. Large gamme de bonnets. Course quotidienne. Look audacieux. Caract\u00e9ristiques : Soutien pour les courses \u00e0 fort impact. Bonnet &hellip; <a href=\"https:\/\/www.miomiorun.com\/fr\/produit\/brooks-drive-plunge-run-bra\/\">Continued<\/a><\/p>\n","protected":false},"featured_media":235561,"template":"","meta":{"_acf_changed":false,"inline_featured_image":false},"product_brand":[],"product_cat":[22600,22596,22595],"product_tag":[23462,23656],"class_list":{"0":"post-282082","1":"product","2":"type-product","3":"status-publish","4":"has-post-thumbnail","6":"product_cat-sous-vetements","7":"product_cat-vetements-pour-femmes","8":"product_cat-femme","9":"product_tag-brooks-fr","10":"product_tag-brooks-femme","11":"pa_attivita-fitness-fr","12":"pa_attivita-marcher","13":"pa_attivita-running-fr","14":"pa_marca-brooks-fr","15":"pa_sesso-femme","16":"pa_size-small-fr","17":"pa_size-medium-fr","18":"pa_size-large-fr","20":"first","21":"instock","22":"sale","23":"taxable","24":"shipping-taxable","25":"purchasable","26":"product-type-variable","27":"wvs-archive-product-wrapper"},"acf":[],"yoast_head":"<!-- This site is optimized with the Yoast SEO plugin v26.8 - https:\/\/yoast.com\/product\/yoast-seo-wordpress\/ -->\n<title>Brooks Drive Plunge Run Bra - Soutiens-gorge - MioMioRun<\/title>\n<meta name=\"description\" content=\"D\u00e9couvrez un m\u00e9lange parfait entre maintien pour les courses \u00e0 fort impact et respirabilit\u00e9 gr\u00e2ce \u00e0 la combinaison d&#039;une compression confortable.\" \/>\n<meta name=\"robots\" content=\"index, follow, max-snippet:-1, max-image-preview:large, max-video-preview:-1\" \/>\n<link rel=\"canonical\" href=\"https:\/\/www.miomiorun.com\/fr\/produit\/brooks-drive-plunge-run-bra\/\" \/>\n<meta property=\"og:locale\" content=\"fr_FR\" \/>\n<meta property=\"og:type\" content=\"article\" \/>\n<meta property=\"og:title\" content=\"Brooks Drive Plunge Run Bra - Soutiens-gorge - MioMioRun\" \/>\n<meta property=\"og:description\" content=\"D\u00e9couvrez un m\u00e9lange parfait entre maintien pour les courses \u00e0 fort impact et respirabilit\u00e9 gr\u00e2ce \u00e0 la combinaison d&#039;une compression confortable.\" \/>\n<meta property=\"og:url\" content=\"https:\/\/www.miomiorun.com\/fr\/produit\/brooks-drive-plunge-run-bra\/\" \/>\n<meta property=\"og:site_name\" content=\"MioMioRun\" \/>\n<meta property=\"article:publisher\" content=\"https:\/\/www.facebook.com\/miomiorun\/\" \/>\n<meta property=\"article:modified_time\" content=\"2026-05-08T19:23:18+00:00\" \/>\n<meta property=\"og:image\" content=\"https:\/\/www.miomiorun.com\/app\/uploads\/2022\/03\/brooks-drive-plunge-run-bra-300642001.jpg\" \/>\n\t<meta property=\"og:image:width\" content=\"600\" \/>\n\t<meta property=\"og:image:height\" content=\"600\" \/>\n\t<meta property=\"og:image:type\" content=\"image\/jpeg\" \/>\n<meta name=\"twitter:card\" content=\"summary_large_image\" \/>\n<script type=\"application\/ld+json\" class=\"yoast-schema-graph\">{\"@context\":\"https:\/\/schema.org\",\"@graph\":[{\"@type\":\"WebPage\",\"@id\":\"https:\/\/www.miomiorun.com\/fr\/produit\/brooks-drive-plunge-run-bra\/\",\"url\":\"https:\/\/www.miomiorun.com\/fr\/produit\/brooks-drive-plunge-run-bra\/\",\"name\":\"Brooks Drive Plunge Run Bra - Soutiens-gorge - MioMioRun\",\"isPartOf\":{\"@id\":\"https:\/\/www.miomiorun.com\/fr\/#website\"},\"primaryImageOfPage\":{\"@id\":\"https:\/\/www.miomiorun.com\/fr\/produit\/brooks-drive-plunge-run-bra\/#primaryimage\"},\"image\":{\"@id\":\"https:\/\/www.miomiorun.com\/fr\/produit\/brooks-drive-plunge-run-bra\/#primaryimage\"},\"thumbnailUrl\":\"https:\/\/www.miomiorun.com\/app\/uploads\/2022\/03\/brooks-drive-plunge-run-bra-300642001.jpg\",\"datePublished\":\"2022-03-05T16:45:01+00:00\",\"dateModified\":\"2026-05-08T19:23:18+00:00\",\"description\":\"D\u00e9couvrez un m\u00e9lange parfait entre maintien pour les courses \u00e0 fort impact et respirabilit\u00e9 gr\u00e2ce \u00e0 la combinaison d'une compression confortable.\",\"breadcrumb\":{\"@id\":\"https:\/\/www.miomiorun.com\/fr\/produit\/brooks-drive-plunge-run-bra\/#breadcrumb\"},\"inLanguage\":\"fr-FR\",\"potentialAction\":[{\"@type\":\"ReadAction\",\"target\":[\"https:\/\/www.miomiorun.com\/fr\/produit\/brooks-drive-plunge-run-bra\/\"]}]},{\"@type\":\"ImageObject\",\"inLanguage\":\"fr-FR\",\"@id\":\"https:\/\/www.miomiorun.com\/fr\/produit\/brooks-drive-plunge-run-bra\/#primaryimage\",\"url\":\"https:\/\/www.miomiorun.com\/app\/uploads\/2022\/03\/brooks-drive-plunge-run-bra-300642001.jpg\",\"contentUrl\":\"https:\/\/www.miomiorun.com\/app\/uploads\/2022\/03\/brooks-drive-plunge-run-bra-300642001.jpg\",\"width\":600,\"height\":600,\"caption\":\"brooks-drive-plunge-run-bra-300642001\"},{\"@type\":\"BreadcrumbList\",\"@id\":\"https:\/\/www.miomiorun.com\/fr\/produit\/brooks-drive-plunge-run-bra\/#breadcrumb\",\"itemListElement\":[{\"@type\":\"ListItem\",\"position\":1,\"name\":\"Home\",\"item\":\"https:\/\/www.miomiorun.com\/fr\/home-page\/\"},{\"@type\":\"ListItem\",\"position\":2,\"name\":\"Shop\",\"item\":\"https:\/\/www.miomiorun.com\/shop\/\"},{\"@type\":\"ListItem\",\"position\":3,\"name\":\"Drive Plunge Run Bra\"}]},{\"@type\":\"WebSite\",\"@id\":\"https:\/\/www.miomiorun.com\/fr\/#website\",\"url\":\"https:\/\/www.miomiorun.com\/fr\/\",\"name\":\"MioMioRun\",\"description\":\"Boutique 100% running et trail\",\"publisher\":{\"@id\":\"https:\/\/www.miomiorun.com\/fr\/#organization\"},\"potentialAction\":[{\"@type\":\"SearchAction\",\"target\":{\"@type\":\"EntryPoint\",\"urlTemplate\":\"https:\/\/www.miomiorun.com\/fr\/?s={search_term_string}\"},\"query-input\":{\"@type\":\"PropertyValueSpecification\",\"valueRequired\":true,\"valueName\":\"search_term_string\"}}],\"inLanguage\":\"fr-FR\"},{\"@type\":\"Organization\",\"@id\":\"https:\/\/www.miomiorun.com\/fr\/#organization\",\"name\":\"MioMio Run\",\"url\":\"https:\/\/www.miomiorun.com\/fr\/\",\"logo\":{\"@type\":\"ImageObject\",\"inLanguage\":\"fr-FR\",\"@id\":\"https:\/\/www.miomiorun.com\/fr\/#\/schema\/logo\/image\/\",\"url\":\"https:\/\/www.miomiorun.com\/app\/uploads\/2019\/12\/logomio.png\",\"contentUrl\":\"https:\/\/www.miomiorun.com\/app\/uploads\/2019\/12\/logomio.png\",\"width\":115,\"height\":82,\"caption\":\"MioMio Run\"},\"image\":{\"@id\":\"https:\/\/www.miomiorun.com\/fr\/#\/schema\/logo\/image\/\"},\"sameAs\":[\"https:\/\/www.facebook.com\/miomiorun\/\",\"https:\/\/www.instagram.com\/miomiorun\/\"]}]}<\/script>\n<!-- \/ Yoast SEO plugin. -->","yoast_head_json":{"title":"Brooks Drive Plunge Run Bra - Soutiens-gorge - MioMioRun","description":"D\u00e9couvrez un m\u00e9lange parfait entre maintien pour les courses \u00e0 fort impact et respirabilit\u00e9 gr\u00e2ce \u00e0 la combinaison d'une compression confortable.","robots":{"index":"index","follow":"follow","max-snippet":"max-snippet:-1","max-image-preview":"max-image-preview:large","max-video-preview":"max-video-preview:-1"},"canonical":"https:\/\/www.miomiorun.com\/fr\/produit\/brooks-drive-plunge-run-bra\/","og_locale":"fr_FR","og_type":"article","og_title":"Brooks Drive Plunge Run Bra - Soutiens-gorge - MioMioRun","og_description":"D\u00e9couvrez un m\u00e9lange parfait entre maintien pour les courses \u00e0 fort impact et respirabilit\u00e9 gr\u00e2ce \u00e0 la combinaison d'une compression confortable.","og_url":"https:\/\/www.miomiorun.com\/fr\/produit\/brooks-drive-plunge-run-bra\/","og_site_name":"MioMioRun","article_publisher":"https:\/\/www.facebook.com\/miomiorun\/","article_modified_time":"2026-05-08T19:23:18+00:00","og_image":[{"width":600,"height":600,"url":"https:\/\/www.miomiorun.com\/app\/uploads\/2022\/03\/brooks-drive-plunge-run-bra-300642001.jpg","type":"image\/jpeg"}],"twitter_card":"summary_large_image","schema":{"@context":"https:\/\/schema.org","@graph":[{"@type":"WebPage","@id":"https:\/\/www.miomiorun.com\/fr\/produit\/brooks-drive-plunge-run-bra\/","url":"https:\/\/www.miomiorun.com\/fr\/produit\/brooks-drive-plunge-run-bra\/","name":"Brooks Drive Plunge Run Bra - Soutiens-gorge - MioMioRun","isPartOf":{"@id":"https:\/\/www.miomiorun.com\/fr\/#website"},"primaryImageOfPage":{"@id":"https:\/\/www.miomiorun.com\/fr\/produit\/brooks-drive-plunge-run-bra\/#primaryimage"},"image":{"@id":"https:\/\/www.miomiorun.com\/fr\/produit\/brooks-drive-plunge-run-bra\/#primaryimage"},"thumbnailUrl":"https:\/\/www.miomiorun.com\/app\/uploads\/2022\/03\/brooks-drive-plunge-run-bra-300642001.jpg","datePublished":"2022-03-05T16:45:01+00:00","dateModified":"2026-05-08T19:23:18+00:00","description":"D\u00e9couvrez un m\u00e9lange parfait entre maintien pour les courses \u00e0 fort impact et respirabilit\u00e9 gr\u00e2ce \u00e0 la combinaison d'une compression confortable.","breadcrumb":{"@id":"https:\/\/www.miomiorun.com\/fr\/produit\/brooks-drive-plunge-run-bra\/#breadcrumb"},"inLanguage":"fr-FR","potentialAction":[{"@type":"ReadAction","target":["https:\/\/www.miomiorun.com\/fr\/produit\/brooks-drive-plunge-run-bra\/"]}]},{"@type":"ImageObject","inLanguage":"fr-FR","@id":"https:\/\/www.miomiorun.com\/fr\/produit\/brooks-drive-plunge-run-bra\/#primaryimage","url":"https:\/\/www.miomiorun.com\/app\/uploads\/2022\/03\/brooks-drive-plunge-run-bra-300642001.jpg","contentUrl":"https:\/\/www.miomiorun.com\/app\/uploads\/2022\/03\/brooks-drive-plunge-run-bra-300642001.jpg","width":600,"height":600,"caption":"brooks-drive-plunge-run-bra-300642001"},{"@type":"BreadcrumbList","@id":"https:\/\/www.miomiorun.com\/fr\/produit\/brooks-drive-plunge-run-bra\/#breadcrumb","itemListElement":[{"@type":"ListItem","position":1,"name":"Home","item":"https:\/\/www.miomiorun.com\/fr\/home-page\/"},{"@type":"ListItem","position":2,"name":"Shop","item":"https:\/\/www.miomiorun.com\/shop\/"},{"@type":"ListItem","position":3,"name":"Drive Plunge Run Bra"}]},{"@type":"WebSite","@id":"https:\/\/www.miomiorun.com\/fr\/#website","url":"https:\/\/www.miomiorun.com\/fr\/","name":"MioMioRun","description":"Boutique 100% running et trail","publisher":{"@id":"https:\/\/www.miomiorun.com\/fr\/#organization"},"potentialAction":[{"@type":"SearchAction","target":{"@type":"EntryPoint","urlTemplate":"https:\/\/www.miomiorun.com\/fr\/?s={search_term_string}"},"query-input":{"@type":"PropertyValueSpecification","valueRequired":true,"valueName":"search_term_string"}}],"inLanguage":"fr-FR"},{"@type":"Organization","@id":"https:\/\/www.miomiorun.com\/fr\/#organization","name":"MioMio Run","url":"https:\/\/www.miomiorun.com\/fr\/","logo":{"@type":"ImageObject","inLanguage":"fr-FR","@id":"https:\/\/www.miomiorun.com\/fr\/#\/schema\/logo\/image\/","url":"https:\/\/www.miomiorun.com\/app\/uploads\/2019\/12\/logomio.png","contentUrl":"https:\/\/www.miomiorun.com\/app\/uploads\/2019\/12\/logomio.png","width":115,"height":82,"caption":"MioMio Run"},"image":{"@id":"https:\/\/www.miomiorun.com\/fr\/#\/schema\/logo\/image\/"},"sameAs":["https:\/\/www.facebook.com\/miomiorun\/","https:\/\/www.instagram.com\/miomiorun\/"]}]}},"_links":{"self":[{"href":"https:\/\/www.miomiorun.com\/fr\/wp-json\/wp\/v2\/product\/282082","targetHints":{"allow":["GET"]}}],"collection":[{"href":"https:\/\/www.miomiorun.com\/fr\/wp-json\/wp\/v2\/product"}],"about":[{"href":"https:\/\/www.miomiorun.com\/fr\/wp-json\/wp\/v2\/types\/product"}],"wp:featuredmedia":[{"embeddable":true,"href":"https:\/\/www.miomiorun.com\/fr\/wp-json\/wp\/v2\/media\/235561"}],"wp:attachment":[{"href":"https:\/\/www.miomiorun.com\/fr\/wp-json\/wp\/v2\/media?parent=282082"}],"wp:term":[{"taxonomy":"product_brand","embeddable":true,"href":"https:\/\/www.miomiorun.com\/fr\/wp-json\/wp\/v2\/product_brand?post=282082"},{"taxonomy":"product_cat","embeddable":true,"href":"https:\/\/www.miomiorun.com\/fr\/wp-json\/wp\/v2\/product_cat?post=282082"},{"taxonomy":"product_tag","embeddable":true,"href":"https:\/\/www.miomiorun.com\/fr\/wp-json\/wp\/v2\/product_tag?post=282082"}],"curies":[{"name":"wp","href":"https:\/\/api.w.org\/{rel}","templated":true}]}}